{"id":82027,"date":"2025-05-24T07:58:42","date_gmt":"2025-05-24T07:58:42","guid":{"rendered":"https:\/\/aral2.cetrexmarketing.com\/producto\/clot-dencis-negre\/"},"modified":"2025-05-24T07:58:43","modified_gmt":"2025-05-24T07:58:43","slug":"clot-dencis-negre","status":"publish","type":"product","link":"https:\/\/aral2.cetrexmarketing.com\/ca\/producto\/clot-dencis-negre\/","title":{"rendered":"Clot d&#8217;Enc\u00eds Negre"},"content":{"rendered":"<div class=\"flex-1 overflow-hidden @container\/thread\">\n<div class=\"h-full\">\n<div class=\"react-scroll-to-bottom--css-ktoyw-79elbk h-full\">\n<div class=\"react-scroll-to-bottom--css-ktoyw-1n7m0yu\">\n<div class=\"flex flex-col text-sm md:pb-9\">\n<article class=\"w-full scroll-mb-[var(--thread-trailing-height,150px)] text-token-text-primary focus-visible:outline-2 focus-visible:outline-offset-[-4px]\" dir=\"auto\" data-testid=\"conversation-turn-3\" data-scroll-anchor=\"true\">\n<div class=\"m-auto text-base py-[18px] px-3 md:px-4 w-full md:px-5 lg:px-4 xl:px-5\">\n<div class=\"mx-auto flex flex-1 gap-4 text-base md:gap-5 lg:gap-6 md:max-w-3xl lg:max-w-[40rem] xl:max-w-[48rem]\">\n<div class=\"group\/conversation-turn relative flex w-full min-w-0 flex-col agent-turn\">\n<div class=\"flex-col gap-1 md:gap-3\">\n<div class=\"flex max-w-full flex-col flex-grow\">\n<div class=\"min-h-8 text-message flex w-full flex-col items-end gap-2 whitespace-normal break-words text-start [.text-message+&amp;]:mt-5\" dir=\"auto\" data-message-author-role=\"assistant\" data-message-id=\"c176a0c7-3614-463f-93a8-c74e23c37272\" data-message-model-slug=\"gpt-4o\">\n<div class=\"flex w-full flex-col gap-1 empty:hidden first:pt-[3px]\">\n<div class=\"markdown prose w-full break-words dark:prose-invert light\">\n<div class=\"flex-1 overflow-hidden @container\/thread\">\n<div class=\"h-full\">\n<div class=\"react-scroll-to-bottom--css-ktoyw-79elbk h-full\">\n<div class=\"react-scroll-to-bottom--css-ktoyw-1n7m0yu\">\n<div class=\"flex flex-col text-sm md:pb-9\">\n<article class=\"w-full scroll-mb-[var(--thread-trailing-height,150px)] text-token-text-primary focus-visible:outline-2 focus-visible:outline-offset-[-4px]\" dir=\"auto\" data-testid=\"conversation-turn-3\" data-scroll-anchor=\"true\">\n<div class=\"m-auto text-base py-[18px] px-3 md:px-4 w-full md:px-5 lg:px-4 xl:px-5\">\n<div class=\"mx-auto flex flex-1 gap-4 text-base md:gap-5 lg:gap-6 md:max-w-3xl lg:max-w-[40rem] xl:max-w-[48rem]\">\n<div class=\"group\/conversation-turn relative flex w-full min-w-0 flex-col agent-turn\">\n<div class=\"flex-col gap-1 md:gap-3\">\n<div class=\"flex max-w-full flex-col flex-grow\">\n<div class=\"min-h-8 text-message flex w-full flex-col items-end gap-2 whitespace-normal break-words text-start [.text-message+&amp;]:mt-5\" dir=\"auto\" data-message-author-role=\"assistant\" data-message-id=\"60465857-6b4a-41fd-848a-033910df6382\" data-message-model-slug=\"gpt-4o-mini\">\n<div class=\"flex w-full flex-col gap-1 empty:hidden first:pt-[3px]\">\n<div class=\"markdown prose w-full break-words dark:prose-invert light\">\n<p><strong>Clot d&#8217;Enc\u00eds Negre<\/strong> \u00e9s un vi negre produ\u00eft per la bodega Sant Josep Vins, ubicada a Bot, dins de la Denominaci\u00f3 d&#8217;Origen Terra Alta, a Catalunya, Espanya.<\/p>\n<p>Varietats de ra\u00efm: Aquest vi s&#8217;elabora a partir d&#8217;una acurada selecci\u00f3 de ra\u00efms, predominantment Garnatxa, complementats amb Syrah, Cari\u00f1ena i Morenillo.<\/p>\n<p><strong>Notes de tast<\/strong>:<\/p>\n<p>Color: Presenta un to vermell d&#8217;intensitat mitjana amb reflexos magenta. Aroma: Destacen notes intenses de fruits vermells i herbes arom\u00e0tiques del sotabosc. Sabor: En boca \u00e9s ampli, de tacte sed\u00f3s i amb un final persistent. Maridatge i recomanacions: Clot d&#8217;Enc\u00eds Negre \u00e9s un acompanyant ideal per a plats tradicionals com pasta amb salsa de tom\u00e0quet, arrossos a la cassola, especialment amb bolets, i carns a la planxa. Es recomana consumir durant els primers dos anys posteriors a la collita i servir-lo fresc, a una temperatura de 14\u00b0C.<\/p>\n<p><strong>Premis i reconeixements<\/strong>: Aquest vi ha estat guardonat amb la medalla d&#8217;or al certamen Grenaches du Monde 2024, destacant la seva qualitat i excel\u00b7l\u00e8ncia enol\u00f2gica.<\/p>\n<p>Presentaci\u00f3 i conservaci\u00f3: Disponible en ampolles de 75 cl amb una graduaci\u00f3 alcoh\u00f2lica del 14%. Per apreciar plenament les seves qualitats, \u00e9s aconsellable emmagatzemar-lo en un lloc fresc i allunyat de la llum solar directa.<\/p>\n<p>Clot d&#8217;Enc\u00eds Negre reflecteix la tradici\u00f3 vitivin\u00edcola de la Terra Alta, oferint una experi\u00e8ncia sensorial que combina autenticitat i sofisticaci\u00f3.<\/p>\n<\/div>\n<\/div>\n<\/div>\n<\/div>\n<\/div>\n<\/div>\n<\/div>\n<\/div>\n<\/article>\n<\/div>\n<\/div>\n<\/div>\n<\/div>\n<\/div>\n<\/div>\n<\/div>\n<\/div>\n<\/div>\n<\/div>\n<\/div>\n<\/div>\n<\/div>\n<\/article>\n<\/div>\n<\/div>\n<\/div>\n<\/div>\n<\/div>\n","protected":false},"excerpt":{"rendered":"<p><strong>Clot d&#8217;Enc\u00eds Negre<\/strong> \u00e9s un vi negre de la bodega Sant Josep Vins, situada a la D.O. Terra Alta, elaborat principalment amb Garnatxa, complementada amb Syrah, Cari\u00f1ena i Morenillo. De color vermell d&#8217;intensitat mitjana i reflexos magenta, presenta aromes de fruits vermells i herbes del sotabosc. En boca \u00e9s ampli, sed\u00f3s i amb un final persistent. Ideal per maridar amb plats com pastes, arrossos i carns a la planxa. Aquest vi ha rebut una medalla d&#8217;or al certamen <strong>Grenaches du Monde 2024<\/strong> i es recomana consumir-lo dins dels dos anys posteriors a la verema.<\/p>\n","protected":false},"featured_media":82024,"comment_status":"closed","ping_status":"closed","template":"","meta":{"_acf_changed":false},"pwb-brand":[44972,32913],"product_brand":[],"product_cat":[51670,51671],"product_tag":[15015,15014],"class_list":{"0":"post-82027","1":"product","2":"type-product","3":"status-publish","4":"has-post-thumbnail","6":"pwb-brand-agricola-sant-josep","7":"pwb-brand-terra-alta-d-o","8":"product_cat-vi","9":"product_cat-vi-negre","10":"product_tag-do-terra-alta-ca","11":"product_tag-terra-alta-ca","12":"pa_anada-36214","13":"pa_bodega-agricola-sant-josep","14":"pa_do-terra-alta-d-o-ca","15":"pa_envejecimiento-jove","16":"pa_floral-negre-floral","17":"pa_formatoenml-38306","18":"pa_graduacion-13_0","19":"pa_maridaje-carn-blanca","20":"pa_maridaje-embotits","21":"pa_maridaje-midons","22":"pa_maridaje-verdures","23":"pa_pueblociudad-bottarragona","24":"pa_tipodevino-vi-tranquil","25":"entry","26":"has-media","28":"first","29":"instock","30":"taxable","31":"shipping-taxable","32":"purchasable","33":"product-type-simple"},"acf":[],"yoast_head":"<!-- This site is optimized with the Yoast SEO Premium plugin v23.1 (Yoast SEO v23.5) - https:\/\/yoast.com\/wordpress\/plugins\/seo\/ -->\n<title>Clot d&#039;Enc\u00eds Negre de la DO Terra Alta a M\u00f3n La Cata<\/title>\n<meta name=\"description\" content=\"Comprar online al millor preuClot d&#039;Enc\u00eds Negre de la DO Terra Alta. A M\u00f3n La Cata botiga especialista en vins, licors, destil\u00b7lats i gourmet.\" \/>\n<meta name=\"robots\" content=\"noindex, follow, max-snippet:-1, max-image-preview:large, max-video-preview:-1\" \/>\n<meta property=\"og:locale\" content=\"ca_ES\" \/>\n<meta property=\"og:type\" content=\"article\" \/>\n<meta property=\"og:title\" content=\"Clot d&#039;Enc\u00eds Negre\" \/>\n<meta property=\"og:description\" content=\"Comprar online al millor preuClot d&#039;Enc\u00eds Negre de la DO Terra Alta. A M\u00f3n La Cata botiga especialista en vins, licors, destil\u00b7lats i gourmet.\" \/>\n<meta property=\"og:url\" content=\"https:\/\/aral2.cetrexmarketing.com\/ca\/producto\/clot-dencis-negre\/\" \/>\n<meta property=\"og:site_name\" content=\"M\u00f3n La Cata\" \/>\n<meta property=\"article:modified_time\" content=\"2025-05-24T07:58:43+00:00\" \/>\n<meta property=\"og:image\" content=\"https:\/\/aral2.cetrexmarketing.com\/wp-content\/uploads\/2025\/05\/Clot-dEncis-Tinto.jpg.png\" \/>\n\t<meta property=\"og:image:width\" content=\"765\" \/>\n\t<meta property=\"og:image:height\" content=\"1024\" \/>\n\t<meta property=\"og:image:type\" content=\"image\/png\" \/>\n<meta name=\"twitter:card\" content=\"summary_large_image\" \/>\n<meta name=\"twitter:label1\" content=\"Temps estimat de lectura\" \/>\n\t<meta name=\"twitter:data1\" content=\"2 minuts\" \/>\n<script type=\"application\/ld+json\" class=\"yoast-schema-graph\">{\"@context\":\"https:\/\/schema.org\",\"@graph\":[{\"@type\":\"WebPage\",\"@id\":\"https:\/\/aral2.cetrexmarketing.com\/ca\/producto\/clot-dencis-negre\/\",\"url\":\"https:\/\/aral2.cetrexmarketing.com\/ca\/producto\/clot-dencis-negre\/\",\"name\":\"Clot d'Enc\u00eds Negre de la DO Terra Alta a M\u00f3n La Cata\",\"isPartOf\":{\"@id\":\"https:\/\/aral2.cetrexmarketing.com\/#website\"},\"primaryImageOfPage\":{\"@id\":\"https:\/\/aral2.cetrexmarketing.com\/ca\/producto\/clot-dencis-negre\/#primaryimage\"},\"image\":{\"@id\":\"https:\/\/aral2.cetrexmarketing.com\/ca\/producto\/clot-dencis-negre\/#primaryimage\"},\"thumbnailUrl\":\"https:\/\/aral2.cetrexmarketing.com\/wp-content\/uploads\/2025\/05\/Clot-dEncis-Tinto.jpg.png\",\"datePublished\":\"2025-05-24T07:58:42+00:00\",\"dateModified\":\"2025-05-24T07:58:43+00:00\",\"description\":\"Comprar online al millor preuClot d'Enc\u00eds Negre de la DO Terra Alta. A M\u00f3n La Cata botiga especialista en vins, licors, destil\u00b7lats i gourmet.\",\"breadcrumb\":{\"@id\":\"https:\/\/aral2.cetrexmarketing.com\/ca\/producto\/clot-dencis-negre\/#breadcrumb\"},\"inLanguage\":\"ca\",\"potentialAction\":[{\"@type\":\"ReadAction\",\"target\":[\"https:\/\/aral2.cetrexmarketing.com\/ca\/producto\/clot-dencis-negre\/\"]}]},{\"@type\":\"ImageObject\",\"inLanguage\":\"ca\",\"@id\":\"https:\/\/aral2.cetrexmarketing.com\/ca\/producto\/clot-dencis-negre\/#primaryimage\",\"url\":\"https:\/\/aral2.cetrexmarketing.com\/wp-content\/uploads\/2025\/05\/Clot-dEncis-Tinto.jpg.png\",\"contentUrl\":\"https:\/\/aral2.cetrexmarketing.com\/wp-content\/uploads\/2025\/05\/Clot-dEncis-Tinto.jpg.png\",\"width\":765,\"height\":1024},{\"@type\":\"BreadcrumbList\",\"@id\":\"https:\/\/aral2.cetrexmarketing.com\/ca\/producto\/clot-dencis-negre\/#breadcrumb\",\"itemListElement\":[{\"@type\":\"ListItem\",\"position\":1,\"name\":\"Home\",\"item\":\"https:\/\/aral2.cetrexmarketing.com\/ca\/\"},{\"@type\":\"ListItem\",\"position\":2,\"name\":\"Tienda\",\"item\":\"https:\/\/aral2.cetrexmarketing.com\/ca\/tienda-2\/\"},{\"@type\":\"ListItem\",\"position\":3,\"name\":\"Vi\",\"item\":\"https:\/\/aral2.cetrexmarketing.com\/categoria-producto\/vi\/\"},{\"@type\":\"ListItem\",\"position\":4,\"name\":\"Vi Negre\",\"item\":\"https:\/\/aral2.cetrexmarketing.com\/categoria-producto\/vi\/vi-negre\/\"},{\"@type\":\"ListItem\",\"position\":5,\"name\":\"Clot d&#8217;Enc\u00eds Negre\"}]},{\"@type\":\"WebSite\",\"@id\":\"https:\/\/aral2.cetrexmarketing.com\/#website\",\"url\":\"https:\/\/aral2.cetrexmarketing.com\/\",\"name\":\"M\u00f3n La Cata\",\"description\":\"Tienda de vinos, licores, cervezas y gourmet\",\"publisher\":{\"@id\":\"https:\/\/aral2.cetrexmarketing.com\/#organization\"},\"potentialAction\":[{\"@type\":\"SearchAction\",\"target\":{\"@type\":\"EntryPoint\",\"urlTemplate\":\"https:\/\/aral2.cetrexmarketing.com\/?s={search_term_string}\"},\"query-input\":{\"@type\":\"PropertyValueSpecification\",\"valueRequired\":true,\"valueName\":\"search_term_string\"}}],\"inLanguage\":\"ca\"},{\"@type\":\"Organization\",\"@id\":\"https:\/\/aral2.cetrexmarketing.com\/#organization\",\"name\":\"M\u00f3n La Cata\",\"url\":\"https:\/\/aral2.cetrexmarketing.com\/\",\"logo\":{\"@type\":\"ImageObject\",\"inLanguage\":\"ca\",\"@id\":\"https:\/\/aral2.cetrexmarketing.com\/#\/schema\/logo\/image\/\",\"url\":\"https:\/\/aral2.cetrexmarketing.com\/wp-content\/uploads\/2024\/10\/aral-logo-neg-1024x409-1.png\",\"contentUrl\":\"https:\/\/aral2.cetrexmarketing.com\/wp-content\/uploads\/2024\/10\/aral-logo-neg-1024x409-1.png\",\"width\":1024,\"height\":409,\"caption\":\"M\u00f3n La Cata\"},\"image\":{\"@id\":\"https:\/\/aral2.cetrexmarketing.com\/#\/schema\/logo\/image\/\"}}]}<\/script>\n<!-- \/ Yoast SEO Premium plugin. -->","yoast_head_json":{"title":"Clot d'Enc\u00eds Negre de la DO Terra Alta a M\u00f3n La Cata","description":"Comprar online al millor preuClot d'Enc\u00eds Negre de la DO Terra Alta. A M\u00f3n La Cata botiga especialista en vins, licors, destil\u00b7lats i gourmet.","robots":{"index":"noindex","follow":"follow","max-snippet":"max-snippet:-1","max-image-preview":"max-image-preview:large","max-video-preview":"max-video-preview:-1"},"og_locale":"ca_ES","og_type":"article","og_title":"Clot d'Enc\u00eds Negre","og_description":"Comprar online al millor preuClot d'Enc\u00eds Negre de la DO Terra Alta. A M\u00f3n La Cata botiga especialista en vins, licors, destil\u00b7lats i gourmet.","og_url":"https:\/\/aral2.cetrexmarketing.com\/ca\/producto\/clot-dencis-negre\/","og_site_name":"M\u00f3n La Cata","article_modified_time":"2025-05-24T07:58:43+00:00","og_image":[{"width":765,"height":1024,"url":"https:\/\/aral2.cetrexmarketing.com\/wp-content\/uploads\/2025\/05\/Clot-dEncis-Tinto.jpg.png","type":"image\/png"}],"twitter_card":"summary_large_image","twitter_misc":{"Temps estimat de lectura":"2 minuts"},"schema":{"@context":"https:\/\/schema.org","@graph":[{"@type":"WebPage","@id":"https:\/\/aral2.cetrexmarketing.com\/ca\/producto\/clot-dencis-negre\/","url":"https:\/\/aral2.cetrexmarketing.com\/ca\/producto\/clot-dencis-negre\/","name":"Clot d'Enc\u00eds Negre de la DO Terra Alta a M\u00f3n La Cata","isPartOf":{"@id":"https:\/\/aral2.cetrexmarketing.com\/#website"},"primaryImageOfPage":{"@id":"https:\/\/aral2.cetrexmarketing.com\/ca\/producto\/clot-dencis-negre\/#primaryimage"},"image":{"@id":"https:\/\/aral2.cetrexmarketing.com\/ca\/producto\/clot-dencis-negre\/#primaryimage"},"thumbnailUrl":"https:\/\/aral2.cetrexmarketing.com\/wp-content\/uploads\/2025\/05\/Clot-dEncis-Tinto.jpg.png","datePublished":"2025-05-24T07:58:42+00:00","dateModified":"2025-05-24T07:58:43+00:00","description":"Comprar online al millor preuClot d'Enc\u00eds Negre de la DO Terra Alta. A M\u00f3n La Cata botiga especialista en vins, licors, destil\u00b7lats i gourmet.","breadcrumb":{"@id":"https:\/\/aral2.cetrexmarketing.com\/ca\/producto\/clot-dencis-negre\/#breadcrumb"},"inLanguage":"ca","potentialAction":[{"@type":"ReadAction","target":["https:\/\/aral2.cetrexmarketing.com\/ca\/producto\/clot-dencis-negre\/"]}]},{"@type":"ImageObject","inLanguage":"ca","@id":"https:\/\/aral2.cetrexmarketing.com\/ca\/producto\/clot-dencis-negre\/#primaryimage","url":"https:\/\/aral2.cetrexmarketing.com\/wp-content\/uploads\/2025\/05\/Clot-dEncis-Tinto.jpg.png","contentUrl":"https:\/\/aral2.cetrexmarketing.com\/wp-content\/uploads\/2025\/05\/Clot-dEncis-Tinto.jpg.png","width":765,"height":1024},{"@type":"BreadcrumbList","@id":"https:\/\/aral2.cetrexmarketing.com\/ca\/producto\/clot-dencis-negre\/#breadcrumb","itemListElement":[{"@type":"ListItem","position":1,"name":"Home","item":"https:\/\/aral2.cetrexmarketing.com\/ca\/"},{"@type":"ListItem","position":2,"name":"Tienda","item":"https:\/\/aral2.cetrexmarketing.com\/ca\/tienda-2\/"},{"@type":"ListItem","position":3,"name":"Vi","item":"https:\/\/aral2.cetrexmarketing.com\/categoria-producto\/vi\/"},{"@type":"ListItem","position":4,"name":"Vi Negre","item":"https:\/\/aral2.cetrexmarketing.com\/categoria-producto\/vi\/vi-negre\/"},{"@type":"ListItem","position":5,"name":"Clot d&#8217;Enc\u00eds Negre"}]},{"@type":"WebSite","@id":"https:\/\/aral2.cetrexmarketing.com\/#website","url":"https:\/\/aral2.cetrexmarketing.com\/","name":"M\u00f3n La Cata","description":"Tienda de vinos, licores, cervezas y gourmet","publisher":{"@id":"https:\/\/aral2.cetrexmarketing.com\/#organization"},"potentialAction":[{"@type":"SearchAction","target":{"@type":"EntryPoint","urlTemplate":"https:\/\/aral2.cetrexmarketing.com\/?s={search_term_string}"},"query-input":{"@type":"PropertyValueSpecification","valueRequired":true,"valueName":"search_term_string"}}],"inLanguage":"ca"},{"@type":"Organization","@id":"https:\/\/aral2.cetrexmarketing.com\/#organization","name":"M\u00f3n La Cata","url":"https:\/\/aral2.cetrexmarketing.com\/","logo":{"@type":"ImageObject","inLanguage":"ca","@id":"https:\/\/aral2.cetrexmarketing.com\/#\/schema\/logo\/image\/","url":"https:\/\/aral2.cetrexmarketing.com\/wp-content\/uploads\/2024\/10\/aral-logo-neg-1024x409-1.png","contentUrl":"https:\/\/aral2.cetrexmarketing.com\/wp-content\/uploads\/2024\/10\/aral-logo-neg-1024x409-1.png","width":1024,"height":409,"caption":"M\u00f3n La Cata"},"image":{"@id":"https:\/\/aral2.cetrexmarketing.com\/#\/schema\/logo\/image\/"}}]}},"brands":[{"id":44972,"name":"Agr\u00edcola Sant Josep","slug":"agricola-sant-josep"},{"id":32913,"name":"Terra Alta D.O.","slug":"terra-alta-d-o"}],"_links":{"self":[{"href":"https:\/\/aral2.cetrexmarketing.com\/ca\/wp-json\/wp\/v2\/product\/82027","targetHints":{"allow":["GET"]}}],"collection":[{"href":"https:\/\/aral2.cetrexmarketing.com\/ca\/wp-json\/wp\/v2\/product"}],"about":[{"href":"https:\/\/aral2.cetrexmarketing.com\/ca\/wp-json\/wp\/v2\/types\/product"}],"replies":[{"embeddable":true,"href":"https:\/\/aral2.cetrexmarketing.com\/ca\/wp-json\/wp\/v2\/comments?post=82027"}],"wp:featuredmedia":[{"embeddable":true,"href":"https:\/\/aral2.cetrexmarketing.com\/ca\/wp-json\/wp\/v2\/media\/82024"}],"wp:attachment":[{"href":"https:\/\/aral2.cetrexmarketing.com\/ca\/wp-json\/wp\/v2\/media?parent=82027"}],"wp:term":[{"taxonomy":"pwb-brand","embeddable":true,"href":"https:\/\/aral2.cetrexmarketing.com\/ca\/wp-json\/wp\/v2\/pwb-brand?post=82027"},{"taxonomy":"product_brand","embeddable":true,"href":"https:\/\/aral2.cetrexmarketing.com\/ca\/wp-json\/wp\/v2\/product_brand?post=82027"},{"taxonomy":"product_cat","embeddable":true,"href":"https:\/\/aral2.cetrexmarketing.com\/ca\/wp-json\/wp\/v2\/product_cat?post=82027"},{"taxonomy":"product_tag","embeddable":true,"href":"https:\/\/aral2.cetrexmarketing.com\/ca\/wp-json\/wp\/v2\/product_tag?post=82027"}],"curies":[{"name":"wp","href":"https:\/\/api.w.org\/{rel}","templated":true}]}}