{"id":81997,"date":"2025-05-24T07:56:34","date_gmt":"2025-05-24T07:56:34","guid":{"rendered":"https:\/\/aral2.cetrexmarketing.com\/producto\/torres-celeste-crianca\/"},"modified":"2025-05-24T07:56:36","modified_gmt":"2025-05-24T07:56:36","slug":"torres-celeste-crianca","status":"publish","type":"product","link":"https:\/\/aral2.cetrexmarketing.com\/ca\/producto\/torres-celeste-crianca\/","title":{"rendered":"Torres Celeste Crian\u00e7a"},"content":{"rendered":"<h3 class=\"\" data-start=\"117\" data-end=\"149\"><strong data-start=\"121\" data-end=\"147\">Torres Celeste Crianza<\/strong><\/h3>\n<p class=\"\" data-start=\"150\" data-end=\"455\">\u00c9s un <strong data-start=\"156\" data-end=\"179\">vi negre emblem\u00e0tic<\/strong> de la <strong data-start=\"186\" data-end=\"227\">Denominaci\u00f3 d&#8217;Origen Ribera del Duero<\/strong>, elaborat per la reconeguda <strong data-start=\"256\" data-end=\"281\">bodega Fam\u00edlia Torres<\/strong>. Aquest vi destaca per la seva <strong data-start=\"313\" data-end=\"337\">intensitat arom\u00e0tica<\/strong>, <strong data-start=\"339\" data-end=\"365\">estructura equilibrada<\/strong> i <strong data-start=\"368\" data-end=\"381\">eleg\u00e0ncia<\/strong>, i representa de manera excel\u00b7lent el <strong data-start=\"420\" data-end=\"435\">Tempranillo<\/strong> conreat en altitud.<\/p>\n<h3 class=\"\" data-start=\"462\" data-end=\"484\"><strong data-start=\"466\" data-end=\"484\">Fitxa t\u00e8cnica:<\/strong><\/h3>\n<ul data-start=\"485\" data-end=\"752\">\n<li class=\"\" data-start=\"485\" data-end=\"516\">\n<p class=\"\" data-start=\"487\" data-end=\"516\"><strong data-start=\"487\" data-end=\"497\">Tipus:<\/strong> Vi negre crian\u00e7a<\/p>\n<\/li>\n<li class=\"\" data-start=\"517\" data-end=\"558\">\n<p class=\"\" data-start=\"519\" data-end=\"558\"><strong data-start=\"519\" data-end=\"530\">Origen:<\/strong> Ribera del Duero, Espanya<\/p>\n<\/li>\n<li class=\"\" data-start=\"559\" data-end=\"589\">\n<p class=\"\" data-start=\"561\" data-end=\"589\"><strong data-start=\"561\" data-end=\"572\">Bodega:<\/strong> Fam\u00edlia Torres<\/p>\n<\/li>\n<li class=\"\" data-start=\"590\" data-end=\"649\">\n<p class=\"\" data-start=\"592\" data-end=\"649\"><strong data-start=\"592\" data-end=\"613\">Varietat de ra\u00efm:<\/strong> 100% <strong data-start=\"619\" data-end=\"634\">Tempranillo<\/strong> (Tinto Fino)<\/p>\n<\/li>\n<li class=\"\" data-start=\"650\" data-end=\"688\">\n<p class=\"\" data-start=\"652\" data-end=\"688\"><strong data-start=\"652\" data-end=\"677\">Graduaci\u00f3 alcoh\u00f2lica:<\/strong> 14% vol.<\/p>\n<\/li>\n<li class=\"\" data-start=\"689\" data-end=\"752\">\n<p class=\"\" data-start=\"691\" data-end=\"752\"><strong data-start=\"691\" data-end=\"703\">Crian\u00e7a:<\/strong> 12 mesos en b\u00f3tes de <strong data-start=\"725\" data-end=\"752\">roure franc\u00e8s i americ\u00e0<\/strong><\/p>\n<\/li>\n<\/ul>\n<p>&nbsp;<\/p>\n<h3 class=\"\" data-start=\"759\" data-end=\"781\"><strong data-start=\"763\" data-end=\"781\">Notes de tast:<\/strong><\/h3>\n<ul data-start=\"782\" data-end=\"1325\">\n<li class=\"\" data-start=\"782\" data-end=\"848\">\n<p class=\"\" data-start=\"784\" data-end=\"848\"><strong data-start=\"784\" data-end=\"794\">Color:<\/strong> Vermell <strong data-start=\"803\" data-end=\"820\">cirera picota<\/strong> amb reflexos <strong data-start=\"834\" data-end=\"845\">granats<\/strong>.<\/p>\n<\/li>\n<li class=\"\" data-start=\"849\" data-end=\"1032\">\n<p class=\"\" data-start=\"851\" data-end=\"1032\"><strong data-start=\"851\" data-end=\"861\">Aroma:<\/strong> Intens i complex, amb notes de <strong data-start=\"893\" data-end=\"919\">fruites negres madures<\/strong> (nabiu, pruna), combinades amb tocs de <strong data-start=\"959\" data-end=\"974\">caf\u00e8 torrat<\/strong>, <strong data-start=\"976\" data-end=\"995\">esp\u00e8cies dolces<\/strong> i <strong data-start=\"998\" data-end=\"1029\">herbes mediterr\u00e0nies seques<\/strong>.<\/p>\n<\/li>\n<li class=\"\" data-start=\"1033\" data-end=\"1325\">\n<p class=\"\" data-start=\"1035\" data-end=\"1325\"><strong data-start=\"1035\" data-end=\"1045\">Sabor:<\/strong> En boca \u00e9s <strong data-start=\"1057\" data-end=\"1080\">suc\u00f3s i estructurat<\/strong>, amb <strong data-start=\"1086\" data-end=\"1115\">t\u00e0nins ferms per\u00f2 sedosos<\/strong>. Presenta sabors de <strong data-start=\"1136\" data-end=\"1166\">fruites vermelles i negres<\/strong>, acompanyats de matisos de <strong data-start=\"1194\" data-end=\"1206\">vainilla<\/strong>, <strong data-start=\"1208\" data-end=\"1217\">tabac<\/strong> i <strong data-start=\"1220\" data-end=\"1232\">esp\u00e8cies<\/strong>. El <strong data-start=\"1237\" data-end=\"1246\">final<\/strong> \u00e9s <strong data-start=\"1250\" data-end=\"1272\">llarg i persistent<\/strong>, amb una <strong data-start=\"1282\" data-end=\"1305\">acidesa equilibrada<\/strong> que aporta frescor.<\/p>\n<\/li>\n<\/ul>\n<p>&nbsp;<\/p>\n<h3 class=\"\" data-start=\"1332\" data-end=\"1360\"><strong data-start=\"1336\" data-end=\"1360\">Maridatge recomanat:<\/strong><\/h3>\n<p class=\"\" data-start=\"1361\" data-end=\"1535\">Ideal per acompanyar:<br data-start=\"1382\" data-end=\"1385\" \/><strong data-start=\"1388\" data-end=\"1407\">Carns vermelles<\/strong> a la graella o al forn<br data-start=\"1430\" data-end=\"1433\" \/>\u00a0<strong data-start=\"1436\" data-end=\"1453\">Plats de ca\u00e7a<\/strong><br data-start=\"1453\" data-end=\"1456\" \/>\u00a0<strong data-start=\"1459\" data-end=\"1479\">Embotits ib\u00e8rics<\/strong><br data-start=\"1479\" data-end=\"1482\" \/>\u00a0<strong data-start=\"1485\" data-end=\"1505\">Formatges curats<\/strong><br data-start=\"1505\" data-end=\"1508\" \/>\u00a0<strong data-start=\"1511\" data-end=\"1535\">Guisats tradicionals<\/strong><\/p>\n<p class=\"\" data-start=\"1542\" data-end=\"1748\"><strong data-start=\"1542\" data-end=\"1568\">Torres Celeste Crianza<\/strong> \u00e9s un vi amb car\u00e0cter, ideal per gaudir en <strong data-start=\"1612\" data-end=\"1631\">\u00e0pats especials<\/strong> o per <strong data-start=\"1638\" data-end=\"1668\">brillar en qualsevol taula<\/strong> on es valori la qualitat i l\u2019autenticitat dels vins de la <strong data-start=\"1727\" data-end=\"1747\">Ribera del Duero<\/strong>.<\/p>\n<p data-start=\"1542\" data-end=\"1748\">\n","protected":false},"excerpt":{"rendered":"<p>Una estrella a Ribera del Duero<\/p>\n<p>Celeste \u00e9s un vi opulent amb molta fruita, cos i color. I per aix\u00f2 Celeste \u00e9s \u00fanic. Com un instant de cel.<\/p>\n","protected":false},"featured_media":81994,"comment_status":"closed","ping_status":"closed","template":"","meta":{"_acf_changed":false},"pwb-brand":[32905],"product_brand":[],"product_cat":[51670,51671],"product_tag":[15787,15008,15354],"class_list":{"0":"post-81997","1":"product","2":"type-product","3":"status-publish","4":"has-post-thumbnail","6":"pwb-brand-ribera-del-duero-d-o","7":"product_cat-vi","8":"product_cat-vi-negre","9":"product_tag-celeste-ca","10":"product_tag-ribera-del-duero-ca","11":"product_tag-torres-ca","12":"pa_anada-36211","13":"pa_bodega-bodega-miguel-torres","14":"pa_do-riberadelduerodo-ca","15":"pa_formatoenml-38306","16":"pa_gastronomico-negre-gastronomic","17":"pa_graduacion-14_0","18":"pa_maridaje-carn-roja","19":"pa_variedad-principal-tempranillo-ca","20":"entry","21":"has-media","23":"first","24":"onbackorder","25":"taxable","26":"shipping-taxable","27":"purchasable","28":"product-type-simple"},"acf":[],"yoast_head":"<!-- This site is optimized with the Yoast SEO Premium plugin v23.1 (Yoast SEO v23.5) - https:\/\/yoast.com\/wordpress\/plugins\/seo\/ -->\n<title>Celeste Crian\u00e7a Torres vi negre DO Ribera del Duero<\/title>\n<meta name=\"description\" content=\"Comprar online al millor preu vi negre de la DO Ribera del Duero.\" \/>\n<meta name=\"robots\" content=\"noindex, follow, max-snippet:-1, max-image-preview:large, max-video-preview:-1\" \/>\n<meta property=\"og:locale\" content=\"ca_ES\" \/>\n<meta property=\"og:type\" content=\"article\" \/>\n<meta property=\"og:title\" content=\"Torres Celeste Crian\u00e7a\" \/>\n<meta property=\"og:description\" content=\"Comprar online al millor preu vi negre de la DO Ribera del Duero.\" \/>\n<meta property=\"og:url\" content=\"https:\/\/aral2.cetrexmarketing.com\/ca\/producto\/torres-celeste-crianca\/\" \/>\n<meta property=\"og:site_name\" content=\"M\u00f3n La Cata\" \/>\n<meta property=\"article:modified_time\" content=\"2025-05-24T07:56:36+00:00\" \/>\n<meta property=\"og:image\" content=\"https:\/\/aral2.cetrexmarketing.com\/wp-content\/uploads\/2025\/05\/Torres-Celeste-Crianza.jpg.png\" \/>\n\t<meta property=\"og:image:width\" content=\"765\" \/>\n\t<meta property=\"og:image:height\" content=\"1024\" \/>\n\t<meta property=\"og:image:type\" content=\"image\/png\" \/>\n<meta name=\"twitter:card\" content=\"summary_large_image\" \/>\n<meta name=\"twitter:label1\" content=\"Temps estimat de lectura\" \/>\n\t<meta name=\"twitter:data1\" content=\"2 minuts\" \/>\n<script type=\"application\/ld+json\" class=\"yoast-schema-graph\">{\"@context\":\"https:\/\/schema.org\",\"@graph\":[{\"@type\":\"WebPage\",\"@id\":\"https:\/\/aral2.cetrexmarketing.com\/ca\/producto\/torres-celeste-crianca\/\",\"url\":\"https:\/\/aral2.cetrexmarketing.com\/ca\/producto\/torres-celeste-crianca\/\",\"name\":\"Celeste Crian\u00e7a Torres vi negre DO Ribera del Duero\",\"isPartOf\":{\"@id\":\"https:\/\/aral2.cetrexmarketing.com\/#website\"},\"primaryImageOfPage\":{\"@id\":\"https:\/\/aral2.cetrexmarketing.com\/ca\/producto\/torres-celeste-crianca\/#primaryimage\"},\"image\":{\"@id\":\"https:\/\/aral2.cetrexmarketing.com\/ca\/producto\/torres-celeste-crianca\/#primaryimage\"},\"thumbnailUrl\":\"https:\/\/aral2.cetrexmarketing.com\/wp-content\/uploads\/2025\/05\/Torres-Celeste-Crianza.jpg.png\",\"datePublished\":\"2025-05-24T07:56:34+00:00\",\"dateModified\":\"2025-05-24T07:56:36+00:00\",\"description\":\"Comprar online al millor preu vi negre de la DO Ribera del Duero.\",\"breadcrumb\":{\"@id\":\"https:\/\/aral2.cetrexmarketing.com\/ca\/producto\/torres-celeste-crianca\/#breadcrumb\"},\"inLanguage\":\"ca\",\"potentialAction\":[{\"@type\":\"ReadAction\",\"target\":[\"https:\/\/aral2.cetrexmarketing.com\/ca\/producto\/torres-celeste-crianca\/\"]}]},{\"@type\":\"ImageObject\",\"inLanguage\":\"ca\",\"@id\":\"https:\/\/aral2.cetrexmarketing.com\/ca\/producto\/torres-celeste-crianca\/#primaryimage\",\"url\":\"https:\/\/aral2.cetrexmarketing.com\/wp-content\/uploads\/2025\/05\/Torres-Celeste-Crianza.jpg.png\",\"contentUrl\":\"https:\/\/aral2.cetrexmarketing.com\/wp-content\/uploads\/2025\/05\/Torres-Celeste-Crianza.jpg.png\",\"width\":765,\"height\":1024},{\"@type\":\"BreadcrumbList\",\"@id\":\"https:\/\/aral2.cetrexmarketing.com\/ca\/producto\/torres-celeste-crianca\/#breadcrumb\",\"itemListElement\":[{\"@type\":\"ListItem\",\"position\":1,\"name\":\"Home\",\"item\":\"https:\/\/aral2.cetrexmarketing.com\/ca\/\"},{\"@type\":\"ListItem\",\"position\":2,\"name\":\"Tienda\",\"item\":\"https:\/\/aral2.cetrexmarketing.com\/ca\/tienda-2\/\"},{\"@type\":\"ListItem\",\"position\":3,\"name\":\"Vi\",\"item\":\"https:\/\/aral2.cetrexmarketing.com\/categoria-producto\/vi\/\"},{\"@type\":\"ListItem\",\"position\":4,\"name\":\"Vi Negre\",\"item\":\"https:\/\/aral2.cetrexmarketing.com\/categoria-producto\/vi\/vi-negre\/\"},{\"@type\":\"ListItem\",\"position\":5,\"name\":\"Torres Celeste Crian\u00e7a\"}]},{\"@type\":\"WebSite\",\"@id\":\"https:\/\/aral2.cetrexmarketing.com\/#website\",\"url\":\"https:\/\/aral2.cetrexmarketing.com\/\",\"name\":\"M\u00f3n La Cata\",\"description\":\"Tienda de vinos, licores, cervezas y gourmet\",\"publisher\":{\"@id\":\"https:\/\/aral2.cetrexmarketing.com\/#organization\"},\"potentialAction\":[{\"@type\":\"SearchAction\",\"target\":{\"@type\":\"EntryPoint\",\"urlTemplate\":\"https:\/\/aral2.cetrexmarketing.com\/?s={search_term_string}\"},\"query-input\":{\"@type\":\"PropertyValueSpecification\",\"valueRequired\":true,\"valueName\":\"search_term_string\"}}],\"inLanguage\":\"ca\"},{\"@type\":\"Organization\",\"@id\":\"https:\/\/aral2.cetrexmarketing.com\/#organization\",\"name\":\"M\u00f3n La Cata\",\"url\":\"https:\/\/aral2.cetrexmarketing.com\/\",\"logo\":{\"@type\":\"ImageObject\",\"inLanguage\":\"ca\",\"@id\":\"https:\/\/aral2.cetrexmarketing.com\/#\/schema\/logo\/image\/\",\"url\":\"https:\/\/aral2.cetrexmarketing.com\/wp-content\/uploads\/2024\/10\/aral-logo-neg-1024x409-1.png\",\"contentUrl\":\"https:\/\/aral2.cetrexmarketing.com\/wp-content\/uploads\/2024\/10\/aral-logo-neg-1024x409-1.png\",\"width\":1024,\"height\":409,\"caption\":\"M\u00f3n La Cata\"},\"image\":{\"@id\":\"https:\/\/aral2.cetrexmarketing.com\/#\/schema\/logo\/image\/\"}}]}<\/script>\n<!-- \/ Yoast SEO Premium plugin. -->","yoast_head_json":{"title":"Celeste Crian\u00e7a Torres vi negre DO Ribera del Duero","description":"Comprar online al millor preu vi negre de la DO Ribera del Duero.","robots":{"index":"noindex","follow":"follow","max-snippet":"max-snippet:-1","max-image-preview":"max-image-preview:large","max-video-preview":"max-video-preview:-1"},"og_locale":"ca_ES","og_type":"article","og_title":"Torres Celeste Crian\u00e7a","og_description":"Comprar online al millor preu vi negre de la DO Ribera del Duero.","og_url":"https:\/\/aral2.cetrexmarketing.com\/ca\/producto\/torres-celeste-crianca\/","og_site_name":"M\u00f3n La Cata","article_modified_time":"2025-05-24T07:56:36+00:00","og_image":[{"width":765,"height":1024,"url":"https:\/\/aral2.cetrexmarketing.com\/wp-content\/uploads\/2025\/05\/Torres-Celeste-Crianza.jpg.png","type":"image\/png"}],"twitter_card":"summary_large_image","twitter_misc":{"Temps estimat de lectura":"2 minuts"},"schema":{"@context":"https:\/\/schema.org","@graph":[{"@type":"WebPage","@id":"https:\/\/aral2.cetrexmarketing.com\/ca\/producto\/torres-celeste-crianca\/","url":"https:\/\/aral2.cetrexmarketing.com\/ca\/producto\/torres-celeste-crianca\/","name":"Celeste Crian\u00e7a Torres vi negre DO Ribera del Duero","isPartOf":{"@id":"https:\/\/aral2.cetrexmarketing.com\/#website"},"primaryImageOfPage":{"@id":"https:\/\/aral2.cetrexmarketing.com\/ca\/producto\/torres-celeste-crianca\/#primaryimage"},"image":{"@id":"https:\/\/aral2.cetrexmarketing.com\/ca\/producto\/torres-celeste-crianca\/#primaryimage"},"thumbnailUrl":"https:\/\/aral2.cetrexmarketing.com\/wp-content\/uploads\/2025\/05\/Torres-Celeste-Crianza.jpg.png","datePublished":"2025-05-24T07:56:34+00:00","dateModified":"2025-05-24T07:56:36+00:00","description":"Comprar online al millor preu vi negre de la DO Ribera del Duero.","breadcrumb":{"@id":"https:\/\/aral2.cetrexmarketing.com\/ca\/producto\/torres-celeste-crianca\/#breadcrumb"},"inLanguage":"ca","potentialAction":[{"@type":"ReadAction","target":["https:\/\/aral2.cetrexmarketing.com\/ca\/producto\/torres-celeste-crianca\/"]}]},{"@type":"ImageObject","inLanguage":"ca","@id":"https:\/\/aral2.cetrexmarketing.com\/ca\/producto\/torres-celeste-crianca\/#primaryimage","url":"https:\/\/aral2.cetrexmarketing.com\/wp-content\/uploads\/2025\/05\/Torres-Celeste-Crianza.jpg.png","contentUrl":"https:\/\/aral2.cetrexmarketing.com\/wp-content\/uploads\/2025\/05\/Torres-Celeste-Crianza.jpg.png","width":765,"height":1024},{"@type":"BreadcrumbList","@id":"https:\/\/aral2.cetrexmarketing.com\/ca\/producto\/torres-celeste-crianca\/#breadcrumb","itemListElement":[{"@type":"ListItem","position":1,"name":"Home","item":"https:\/\/aral2.cetrexmarketing.com\/ca\/"},{"@type":"ListItem","position":2,"name":"Tienda","item":"https:\/\/aral2.cetrexmarketing.com\/ca\/tienda-2\/"},{"@type":"ListItem","position":3,"name":"Vi","item":"https:\/\/aral2.cetrexmarketing.com\/categoria-producto\/vi\/"},{"@type":"ListItem","position":4,"name":"Vi Negre","item":"https:\/\/aral2.cetrexmarketing.com\/categoria-producto\/vi\/vi-negre\/"},{"@type":"ListItem","position":5,"name":"Torres Celeste Crian\u00e7a"}]},{"@type":"WebSite","@id":"https:\/\/aral2.cetrexmarketing.com\/#website","url":"https:\/\/aral2.cetrexmarketing.com\/","name":"M\u00f3n La Cata","description":"Tienda de vinos, licores, cervezas y gourmet","publisher":{"@id":"https:\/\/aral2.cetrexmarketing.com\/#organization"},"potentialAction":[{"@type":"SearchAction","target":{"@type":"EntryPoint","urlTemplate":"https:\/\/aral2.cetrexmarketing.com\/?s={search_term_string}"},"query-input":{"@type":"PropertyValueSpecification","valueRequired":true,"valueName":"search_term_string"}}],"inLanguage":"ca"},{"@type":"Organization","@id":"https:\/\/aral2.cetrexmarketing.com\/#organization","name":"M\u00f3n La Cata","url":"https:\/\/aral2.cetrexmarketing.com\/","logo":{"@type":"ImageObject","inLanguage":"ca","@id":"https:\/\/aral2.cetrexmarketing.com\/#\/schema\/logo\/image\/","url":"https:\/\/aral2.cetrexmarketing.com\/wp-content\/uploads\/2024\/10\/aral-logo-neg-1024x409-1.png","contentUrl":"https:\/\/aral2.cetrexmarketing.com\/wp-content\/uploads\/2024\/10\/aral-logo-neg-1024x409-1.png","width":1024,"height":409,"caption":"M\u00f3n La Cata"},"image":{"@id":"https:\/\/aral2.cetrexmarketing.com\/#\/schema\/logo\/image\/"}}]}},"brands":[{"id":32905,"name":"Ribera del Duero D.O.","slug":"ribera-del-duero-d-o"}],"_links":{"self":[{"href":"https:\/\/aral2.cetrexmarketing.com\/ca\/wp-json\/wp\/v2\/product\/81997","targetHints":{"allow":["GET"]}}],"collection":[{"href":"https:\/\/aral2.cetrexmarketing.com\/ca\/wp-json\/wp\/v2\/product"}],"about":[{"href":"https:\/\/aral2.cetrexmarketing.com\/ca\/wp-json\/wp\/v2\/types\/product"}],"replies":[{"embeddable":true,"href":"https:\/\/aral2.cetrexmarketing.com\/ca\/wp-json\/wp\/v2\/comments?post=81997"}],"wp:featuredmedia":[{"embeddable":true,"href":"https:\/\/aral2.cetrexmarketing.com\/ca\/wp-json\/wp\/v2\/media\/81994"}],"wp:attachment":[{"href":"https:\/\/aral2.cetrexmarketing.com\/ca\/wp-json\/wp\/v2\/media?parent=81997"}],"wp:term":[{"taxonomy":"pwb-brand","embeddable":true,"href":"https:\/\/aral2.cetrexmarketing.com\/ca\/wp-json\/wp\/v2\/pwb-brand?post=81997"},{"taxonomy":"product_brand","embeddable":true,"href":"https:\/\/aral2.cetrexmarketing.com\/ca\/wp-json\/wp\/v2\/product_brand?post=81997"},{"taxonomy":"product_cat","embeddable":true,"href":"https:\/\/aral2.cetrexmarketing.com\/ca\/wp-json\/wp\/v2\/product_cat?post=81997"},{"taxonomy":"product_tag","embeddable":true,"href":"https:\/\/aral2.cetrexmarketing.com\/ca\/wp-json\/wp\/v2\/product_tag?post=81997"}],"curies":[{"name":"wp","href":"https:\/\/api.w.org\/{rel}","templated":true}]}}