{"id":81965,"date":"2025-05-24T07:55:52","date_gmt":"2025-05-24T07:55:52","guid":{"rendered":"https:\/\/aral2.cetrexmarketing.com\/producto\/bruberry-negre\/"},"modified":"2025-05-24T07:55:54","modified_gmt":"2025-05-24T07:55:54","slug":"bruberry-negre","status":"publish","type":"product","link":"https:\/\/aral2.cetrexmarketing.com\/ca\/producto\/bruberry-negre\/","title":{"rendered":"Bruberry Negre"},"content":{"rendered":"<p dir=\"ltr\"><strong>Bruberry Negre<\/strong> \u00e9s un monovarietal de Garnatxa fet al poble de La Figuera on les seves particularitats d&#8217;al\u00e7ada i sols d&#8217;argiles rics en cal\u00e7 fan que la garnatxa mostri el seu car\u00e0cter m\u00e9s floral, subtil i c\u00edtric.<\/p>\n<p dir=\"ltr\">Color carmes\u00ed brillant.<\/p>\n<p dir=\"ltr\">En nas \u00e9s molt arom\u00e0tic, records florals i fruites vermelles silvestres.<\/p>\n<p dir=\"ltr\">En boca \u00e9s sed\u00f3s i fresc, amb notes de fruites vermelles, m\u00f3res i nabius.<\/p>\n<p dir=\"ltr\">Maridar amb pasta.<\/p>\n","protected":false},"excerpt":{"rendered":"<p dir=\"ltr\">Bruberry \u00e9s un\u00a0monovarietal\u00a0de Garnatxa fet al poble de La Figuera on les seves particularitats d&#8217;al\u00e7ada i sols d&#8217;argiles rics en cal\u00e7 fan que la garnatxa mostri el seu car\u00e0cter m\u00e9s floral, subtil i c\u00edtric.<\/p>\n<p dir=\"ltr\">Color carmes\u00ed brillant.<\/p>\n<p dir=\"ltr\">En nas \u00e9s molt arom\u00e0tic, records florals i fruites vermelles silvestres.<\/p>\n<p dir=\"ltr\">En boca \u00e9s sed\u00f3s i fresc, amb notes de fruites vermelles, m\u00f3res i nabius.<\/p>\n<p dir=\"ltr\">Maridar amb pasta.<\/p>\n","protected":false},"featured_media":81962,"comment_status":"closed","ping_status":"closed","template":"","meta":{"_acf_changed":false},"pwb-brand":[45159,32891],"product_brand":[],"product_cat":[51670,51671],"product_tag":[15770,14969,14968,15769],"class_list":{"0":"post-81965","1":"product","2":"type-product","3":"status-publish","4":"has-post-thumbnail","6":"pwb-brand-bruberry","7":"pwb-brand-montsant-d-o","8":"product_cat-vi","9":"product_cat-vi-negre","10":"product_tag-bruberry-ca","11":"product_tag-do-montsant-ca","12":"product_tag-montsant-ca","13":"product_tag-portal-del-montsant-ca","14":"pa_anada-45483","15":"pa_bodega-portal-del-montsant","16":"pa_do-montsant-d-o-ca","17":"pa_envejecimiento-jove","18":"pa_formatoenml-38306","19":"pa_gastronomico-negre-gastronomic","20":"pa_graduacion-14_0","21":"pa_maridaje-carn-blanca","22":"pa_maridaje-carn-roja","23":"pa_maridaje-embotits","24":"pa_pueblociudad-marcatarragona","25":"pa_tipodevino-vi-tranquil","26":"pa_variedad-principal-garnacha-tinta-ca","27":"entry","28":"has-media","30":"first","31":"instock","32":"taxable","33":"shipping-taxable","34":"purchasable","35":"product-type-simple"},"acf":[],"yoast_head":"<!-- This site is optimized with the Yoast SEO Premium plugin v23.1 (Yoast SEO v23.5) - https:\/\/yoast.com\/wordpress\/plugins\/seo\/ -->\n<title>Bruberry Negre<\/title>\n<meta name=\"description\" content=\"Comprar online al millor preu el vi Bruberry Negre de Portal del Montsant a la DO Montsant. Enviament Expr\u00e9s. Descompte per compra de 6 ampolles. Viniteca.\" \/>\n<meta name=\"robots\" content=\"noindex, follow, max-snippet:-1, max-image-preview:large, max-video-preview:-1\" \/>\n<meta property=\"og:locale\" content=\"ca_ES\" \/>\n<meta property=\"og:type\" content=\"article\" \/>\n<meta property=\"og:title\" content=\"Bruberry Negre\" \/>\n<meta property=\"og:description\" content=\"Comprar online al millor preu el vi Bruberry Negre de Portal del Montsant a la DO Montsant. Enviament Expr\u00e9s. Descompte per compra de 6 ampolles. Viniteca.\" \/>\n<meta property=\"og:url\" content=\"https:\/\/aral2.cetrexmarketing.com\/ca\/producto\/bruberry-negre\/\" \/>\n<meta property=\"og:site_name\" content=\"M\u00f3n La Cata\" \/>\n<meta property=\"article:modified_time\" content=\"2025-05-24T07:55:54+00:00\" \/>\n<meta property=\"og:image\" content=\"https:\/\/aral2.cetrexmarketing.com\/wp-content\/uploads\/2025\/05\/vino-tinto-bruberry-do-montsant.jpg.png\" \/>\n\t<meta property=\"og:image:width\" content=\"765\" \/>\n\t<meta property=\"og:image:height\" content=\"1024\" \/>\n\t<meta property=\"og:image:type\" content=\"image\/png\" \/>\n<meta name=\"twitter:card\" content=\"summary_large_image\" \/>\n<meta name=\"twitter:label1\" content=\"Temps estimat de lectura\" \/>\n\t<meta name=\"twitter:data1\" content=\"1 minut\" \/>\n<script type=\"application\/ld+json\" class=\"yoast-schema-graph\">{\"@context\":\"https:\/\/schema.org\",\"@graph\":[{\"@type\":\"WebPage\",\"@id\":\"https:\/\/aral2.cetrexmarketing.com\/ca\/producto\/bruberry-negre\/\",\"url\":\"https:\/\/aral2.cetrexmarketing.com\/ca\/producto\/bruberry-negre\/\",\"name\":\"Bruberry Negre\",\"isPartOf\":{\"@id\":\"https:\/\/aral2.cetrexmarketing.com\/#website\"},\"primaryImageOfPage\":{\"@id\":\"https:\/\/aral2.cetrexmarketing.com\/ca\/producto\/bruberry-negre\/#primaryimage\"},\"image\":{\"@id\":\"https:\/\/aral2.cetrexmarketing.com\/ca\/producto\/bruberry-negre\/#primaryimage\"},\"thumbnailUrl\":\"https:\/\/aral2.cetrexmarketing.com\/wp-content\/uploads\/2025\/05\/vino-tinto-bruberry-do-montsant.jpg.png\",\"datePublished\":\"2025-05-24T07:55:52+00:00\",\"dateModified\":\"2025-05-24T07:55:54+00:00\",\"description\":\"Comprar online al millor preu el vi Bruberry Negre de Portal del Montsant a la DO Montsant. Enviament Expr\u00e9s. Descompte per compra de 6 ampolles. Viniteca.\",\"breadcrumb\":{\"@id\":\"https:\/\/aral2.cetrexmarketing.com\/ca\/producto\/bruberry-negre\/#breadcrumb\"},\"inLanguage\":\"ca\",\"potentialAction\":[{\"@type\":\"ReadAction\",\"target\":[\"https:\/\/aral2.cetrexmarketing.com\/ca\/producto\/bruberry-negre\/\"]}]},{\"@type\":\"ImageObject\",\"inLanguage\":\"ca\",\"@id\":\"https:\/\/aral2.cetrexmarketing.com\/ca\/producto\/bruberry-negre\/#primaryimage\",\"url\":\"https:\/\/aral2.cetrexmarketing.com\/wp-content\/uploads\/2025\/05\/vino-tinto-bruberry-do-montsant.jpg.png\",\"contentUrl\":\"https:\/\/aral2.cetrexmarketing.com\/wp-content\/uploads\/2025\/05\/vino-tinto-bruberry-do-montsant.jpg.png\",\"width\":765,\"height\":1024},{\"@type\":\"BreadcrumbList\",\"@id\":\"https:\/\/aral2.cetrexmarketing.com\/ca\/producto\/bruberry-negre\/#breadcrumb\",\"itemListElement\":[{\"@type\":\"ListItem\",\"position\":1,\"name\":\"Home\",\"item\":\"https:\/\/aral2.cetrexmarketing.com\/ca\/\"},{\"@type\":\"ListItem\",\"position\":2,\"name\":\"Tienda\",\"item\":\"https:\/\/aral2.cetrexmarketing.com\/ca\/tienda-2\/\"},{\"@type\":\"ListItem\",\"position\":3,\"name\":\"Vi\",\"item\":\"https:\/\/aral2.cetrexmarketing.com\/categoria-producto\/vi\/\"},{\"@type\":\"ListItem\",\"position\":4,\"name\":\"Vi Negre\",\"item\":\"https:\/\/aral2.cetrexmarketing.com\/categoria-producto\/vi\/vi-negre\/\"},{\"@type\":\"ListItem\",\"position\":5,\"name\":\"Bruberry Negre\"}]},{\"@type\":\"WebSite\",\"@id\":\"https:\/\/aral2.cetrexmarketing.com\/#website\",\"url\":\"https:\/\/aral2.cetrexmarketing.com\/\",\"name\":\"M\u00f3n La Cata\",\"description\":\"Tienda de vinos, licores, cervezas y gourmet\",\"publisher\":{\"@id\":\"https:\/\/aral2.cetrexmarketing.com\/#organization\"},\"potentialAction\":[{\"@type\":\"SearchAction\",\"target\":{\"@type\":\"EntryPoint\",\"urlTemplate\":\"https:\/\/aral2.cetrexmarketing.com\/?s={search_term_string}\"},\"query-input\":{\"@type\":\"PropertyValueSpecification\",\"valueRequired\":true,\"valueName\":\"search_term_string\"}}],\"inLanguage\":\"ca\"},{\"@type\":\"Organization\",\"@id\":\"https:\/\/aral2.cetrexmarketing.com\/#organization\",\"name\":\"M\u00f3n La Cata\",\"url\":\"https:\/\/aral2.cetrexmarketing.com\/\",\"logo\":{\"@type\":\"ImageObject\",\"inLanguage\":\"ca\",\"@id\":\"https:\/\/aral2.cetrexmarketing.com\/#\/schema\/logo\/image\/\",\"url\":\"https:\/\/aral2.cetrexmarketing.com\/wp-content\/uploads\/2024\/10\/aral-logo-neg-1024x409-1.png\",\"contentUrl\":\"https:\/\/aral2.cetrexmarketing.com\/wp-content\/uploads\/2024\/10\/aral-logo-neg-1024x409-1.png\",\"width\":1024,\"height\":409,\"caption\":\"M\u00f3n La Cata\"},\"image\":{\"@id\":\"https:\/\/aral2.cetrexmarketing.com\/#\/schema\/logo\/image\/\"}}]}<\/script>\n<!-- \/ Yoast SEO Premium plugin. -->","yoast_head_json":{"title":"Bruberry Negre","description":"Comprar online al millor preu el vi Bruberry Negre de Portal del Montsant a la DO Montsant. Enviament Expr\u00e9s. Descompte per compra de 6 ampolles. Viniteca.","robots":{"index":"noindex","follow":"follow","max-snippet":"max-snippet:-1","max-image-preview":"max-image-preview:large","max-video-preview":"max-video-preview:-1"},"og_locale":"ca_ES","og_type":"article","og_title":"Bruberry Negre","og_description":"Comprar online al millor preu el vi Bruberry Negre de Portal del Montsant a la DO Montsant. Enviament Expr\u00e9s. Descompte per compra de 6 ampolles. Viniteca.","og_url":"https:\/\/aral2.cetrexmarketing.com\/ca\/producto\/bruberry-negre\/","og_site_name":"M\u00f3n La Cata","article_modified_time":"2025-05-24T07:55:54+00:00","og_image":[{"width":765,"height":1024,"url":"https:\/\/aral2.cetrexmarketing.com\/wp-content\/uploads\/2025\/05\/vino-tinto-bruberry-do-montsant.jpg.png","type":"image\/png"}],"twitter_card":"summary_large_image","twitter_misc":{"Temps estimat de lectura":"1 minut"},"schema":{"@context":"https:\/\/schema.org","@graph":[{"@type":"WebPage","@id":"https:\/\/aral2.cetrexmarketing.com\/ca\/producto\/bruberry-negre\/","url":"https:\/\/aral2.cetrexmarketing.com\/ca\/producto\/bruberry-negre\/","name":"Bruberry Negre","isPartOf":{"@id":"https:\/\/aral2.cetrexmarketing.com\/#website"},"primaryImageOfPage":{"@id":"https:\/\/aral2.cetrexmarketing.com\/ca\/producto\/bruberry-negre\/#primaryimage"},"image":{"@id":"https:\/\/aral2.cetrexmarketing.com\/ca\/producto\/bruberry-negre\/#primaryimage"},"thumbnailUrl":"https:\/\/aral2.cetrexmarketing.com\/wp-content\/uploads\/2025\/05\/vino-tinto-bruberry-do-montsant.jpg.png","datePublished":"2025-05-24T07:55:52+00:00","dateModified":"2025-05-24T07:55:54+00:00","description":"Comprar online al millor preu el vi Bruberry Negre de Portal del Montsant a la DO Montsant. Enviament Expr\u00e9s. Descompte per compra de 6 ampolles. Viniteca.","breadcrumb":{"@id":"https:\/\/aral2.cetrexmarketing.com\/ca\/producto\/bruberry-negre\/#breadcrumb"},"inLanguage":"ca","potentialAction":[{"@type":"ReadAction","target":["https:\/\/aral2.cetrexmarketing.com\/ca\/producto\/bruberry-negre\/"]}]},{"@type":"ImageObject","inLanguage":"ca","@id":"https:\/\/aral2.cetrexmarketing.com\/ca\/producto\/bruberry-negre\/#primaryimage","url":"https:\/\/aral2.cetrexmarketing.com\/wp-content\/uploads\/2025\/05\/vino-tinto-bruberry-do-montsant.jpg.png","contentUrl":"https:\/\/aral2.cetrexmarketing.com\/wp-content\/uploads\/2025\/05\/vino-tinto-bruberry-do-montsant.jpg.png","width":765,"height":1024},{"@type":"BreadcrumbList","@id":"https:\/\/aral2.cetrexmarketing.com\/ca\/producto\/bruberry-negre\/#breadcrumb","itemListElement":[{"@type":"ListItem","position":1,"name":"Home","item":"https:\/\/aral2.cetrexmarketing.com\/ca\/"},{"@type":"ListItem","position":2,"name":"Tienda","item":"https:\/\/aral2.cetrexmarketing.com\/ca\/tienda-2\/"},{"@type":"ListItem","position":3,"name":"Vi","item":"https:\/\/aral2.cetrexmarketing.com\/categoria-producto\/vi\/"},{"@type":"ListItem","position":4,"name":"Vi Negre","item":"https:\/\/aral2.cetrexmarketing.com\/categoria-producto\/vi\/vi-negre\/"},{"@type":"ListItem","position":5,"name":"Bruberry Negre"}]},{"@type":"WebSite","@id":"https:\/\/aral2.cetrexmarketing.com\/#website","url":"https:\/\/aral2.cetrexmarketing.com\/","name":"M\u00f3n La Cata","description":"Tienda de vinos, licores, cervezas y gourmet","publisher":{"@id":"https:\/\/aral2.cetrexmarketing.com\/#organization"},"potentialAction":[{"@type":"SearchAction","target":{"@type":"EntryPoint","urlTemplate":"https:\/\/aral2.cetrexmarketing.com\/?s={search_term_string}"},"query-input":{"@type":"PropertyValueSpecification","valueRequired":true,"valueName":"search_term_string"}}],"inLanguage":"ca"},{"@type":"Organization","@id":"https:\/\/aral2.cetrexmarketing.com\/#organization","name":"M\u00f3n La Cata","url":"https:\/\/aral2.cetrexmarketing.com\/","logo":{"@type":"ImageObject","inLanguage":"ca","@id":"https:\/\/aral2.cetrexmarketing.com\/#\/schema\/logo\/image\/","url":"https:\/\/aral2.cetrexmarketing.com\/wp-content\/uploads\/2024\/10\/aral-logo-neg-1024x409-1.png","contentUrl":"https:\/\/aral2.cetrexmarketing.com\/wp-content\/uploads\/2024\/10\/aral-logo-neg-1024x409-1.png","width":1024,"height":409,"caption":"M\u00f3n La Cata"},"image":{"@id":"https:\/\/aral2.cetrexmarketing.com\/#\/schema\/logo\/image\/"}}]}},"brands":[{"id":45159,"name":"Bruberry","slug":"bruberry"},{"id":32891,"name":"Montsant D.O.","slug":"montsant-d-o"}],"_links":{"self":[{"href":"https:\/\/aral2.cetrexmarketing.com\/ca\/wp-json\/wp\/v2\/product\/81965","targetHints":{"allow":["GET"]}}],"collection":[{"href":"https:\/\/aral2.cetrexmarketing.com\/ca\/wp-json\/wp\/v2\/product"}],"about":[{"href":"https:\/\/aral2.cetrexmarketing.com\/ca\/wp-json\/wp\/v2\/types\/product"}],"replies":[{"embeddable":true,"href":"https:\/\/aral2.cetrexmarketing.com\/ca\/wp-json\/wp\/v2\/comments?post=81965"}],"wp:featuredmedia":[{"embeddable":true,"href":"https:\/\/aral2.cetrexmarketing.com\/ca\/wp-json\/wp\/v2\/media\/81962"}],"wp:attachment":[{"href":"https:\/\/aral2.cetrexmarketing.com\/ca\/wp-json\/wp\/v2\/media?parent=81965"}],"wp:term":[{"taxonomy":"pwb-brand","embeddable":true,"href":"https:\/\/aral2.cetrexmarketing.com\/ca\/wp-json\/wp\/v2\/pwb-brand?post=81965"},{"taxonomy":"product_brand","embeddable":true,"href":"https:\/\/aral2.cetrexmarketing.com\/ca\/wp-json\/wp\/v2\/product_brand?post=81965"},{"taxonomy":"product_cat","embeddable":true,"href":"https:\/\/aral2.cetrexmarketing.com\/ca\/wp-json\/wp\/v2\/product_cat?post=81965"},{"taxonomy":"product_tag","embeddable":true,"href":"https:\/\/aral2.cetrexmarketing.com\/ca\/wp-json\/wp\/v2\/product_tag?post=81965"}],"curies":[{"name":"wp","href":"https:\/\/api.w.org\/{rel}","templated":true}]}}