{"id":81957,"date":"2025-05-24T07:55:45","date_gmt":"2025-05-24T07:55:45","guid":{"rendered":"https:\/\/aral2.cetrexmarketing.com\/producto\/torello-blanc-tranquille-2\/"},"modified":"2025-05-24T07:55:46","modified_gmt":"2025-05-24T07:55:46","slug":"torello-blanc-tranquille-2","status":"publish","type":"product","link":"https:\/\/aral2.cetrexmarketing.com\/ca\/producto\/torello-blanc-tranquille-2\/","title":{"rendered":"Torell\u00f3 Blanc Tranquille"},"content":{"rendered":"<div class=\"flex-1 overflow-hidden @container\/thread\">\n<div class=\"h-full\">\n<div class=\"react-scroll-to-bottom--css-irptz-79elbk h-full\">\n<div class=\"react-scroll-to-bottom--css-irptz-1n7m0yu\">\n<div class=\"flex flex-col text-sm md:pb-9\">\n<article class=\"w-full scroll-mb-[var(--thread-trailing-height,150px)] text-token-text-primary focus-visible:outline-2 focus-visible:outline-offset-[-4px]\" dir=\"auto\" data-testid=\"conversation-turn-3\" data-scroll-anchor=\"true\">\n<div class=\"m-auto text-base py-[18px] px-3 md:px-4 w-full md:px-5 lg:px-4 xl:px-5\">\n<div class=\"mx-auto flex flex-1 gap-4 text-base md:gap-5 lg:gap-6 md:max-w-3xl lg:max-w-[40rem] xl:max-w-[48rem]\">\n<div class=\"group\/conversation-turn relative flex w-full min-w-0 flex-col agent-turn\">\n<div class=\"flex-col gap-1 md:gap-3\">\n<div class=\"flex max-w-full flex-col flex-grow\">\n<div class=\"min-h-8 text-message flex w-full flex-col items-end gap-2 whitespace-normal break-words text-start [.text-message+&amp;]:mt-5\" dir=\"auto\" data-message-author-role=\"assistant\" data-message-id=\"7a512ad8-0b44-44d0-b77a-cc493e3e8f53\" data-message-model-slug=\"gpt-4o-mini\">\n<div class=\"flex w-full flex-col gap-1 empty:hidden first:pt-[3px]\">\n<div class=\"markdown prose w-full break-words dark:prose-invert light\">\n<p>El <strong>Torell\u00f3 Blanc Tranquille <\/strong>\u00e9s un vi blanc tranquil d&#8217;origen espanyol, espec\u00edficament de la regi\u00f3 del Pened\u00e8s, coneguda per la seva tradici\u00f3 vitivin\u00edcola. Aquest vi \u00e9s una creaci\u00f3 del celler <strong>Torell\u00f3<\/strong>, un celler familiar amb una llarga hist\u00f2ria en l&#8217;elaboraci\u00f3 de vins i caves de qualitat superior.<\/p>\n<p>El <strong>Torell\u00f3 Blanc Tranquille<\/strong> s&#8217;elabora a partir d&#8217;una selecci\u00f3 de <strong>ra\u00efms aut\u00f2ctons<\/strong> i varietats de ra\u00efms internacionals que creixen als vinyes del celler. La mescla de ra\u00efms emprada generalment inclou <strong>Xarel\u00b7lo<\/strong>, <strong>Macabeu<\/strong> i altres varietats locals, tot i que la composici\u00f3 exacta pot variar d&#8217;un any a l&#8217;altre, depenent de la collita.<\/p>\n<h3>Caracter\u00edstiques destacades:<\/h3>\n<ul>\n<li><strong>Color<\/strong>: Groc p\u00e0l\u00b7lid amb reflexos verdosos.<\/li>\n<li><strong>Aroma<\/strong>: Fresc i afruitat, amb notes de c\u00edtrics, flors blanques i una lleu mineralitat.<\/li>\n<li><strong>Sabor<\/strong>: El seu sabor \u00e9s suau, equilibrat, amb una bona acidesa i una lleugera cremositat en boca. T\u00e9 una textura fresca i lleugera que el fa molt agradable per al consum en una varietat d&#8217;ocasions.<\/li>\n<li><strong>Final<\/strong>: De persist\u00e8ncia mitjana, amb un retrogust net i afruitat.<\/li>\n<\/ul>\n<\/div>\n<\/div>\n<\/div>\n<\/div>\n<\/div>\n<\/div>\n<\/div>\n<\/div>\n<\/article>\n<\/div>\n<\/div>\n<\/div>\n<\/div>\n<\/div>\n<div class=\"md:pt-0 dark:border-white\/20 md:border-transparent md:dark:border-transparent w-full\">\n<div>\n<div class=\"m-auto text-base px-3 md:px-4 w-full md:px-5 lg:px-4 xl:px-5\"><\/div>\n<\/div>\n<\/div>\n","protected":false},"excerpt":{"rendered":"<p>El <strong data-start=\"3\" data-end=\"31\">Torell\u00f3 Blanc Tranquille<\/strong> \u00e9s un vi blanc tranquil de la regi\u00f3 del <strong data-start=\"72\" data-end=\"83\">Pened\u00e8s<\/strong>, elaborat per la bodega familiar <strong data-start=\"117\" data-end=\"128\">Torell\u00f3<\/strong>. S&#8217;elabora amb una mescla de ra\u00efms aut\u00f2ctons com <strong data-start=\"178\" data-end=\"190\">Xarel\u00b7lo<\/strong> i <strong data-start=\"193\" data-end=\"204\">Macabeo<\/strong>, juntament amb altres varietats internacionals, la qual cosa li atorga una gran frescor. De color <strong data-start=\"303\" data-end=\"319\">groc p\u00e0l\u00b7lid<\/strong> amb reflexos verdosos, presenta un aroma afruitat amb notes de <strong data-start=\"383\" data-end=\"394\">c\u00edtrics<\/strong>, <strong data-start=\"396\" data-end=\"414\">flors blanques<\/strong> i una subtil <strong data-start=\"428\" data-end=\"443\">mineralitat<\/strong>. En boca, \u00e9s <strong data-start=\"457\" data-end=\"477\">suau, equilibrat<\/strong> i amb bona <strong data-start=\"489\" data-end=\"500\">acidesa<\/strong>, amb una textura <strong data-start=\"518\" data-end=\"528\">fresca<\/strong> i lleugera, que es prolonga en un <strong data-start=\"563\" data-end=\"587\">final net i afruitat<\/strong>. Ideal per a una \u00e0mplia gamma d&#8217;ocasions, t\u00e9 una persist\u00e8ncia mitjana.<\/p>\n","protected":false},"featured_media":81954,"comment_status":"closed","ping_status":"closed","template":"","meta":{"_acf_changed":false},"pwb-brand":[32895],"product_brand":[],"product_cat":[51670,51672],"product_tag":[52225],"class_list":{"0":"post-81957","1":"product","2":"type-product","3":"status-publish","4":"has-post-thumbnail","6":"pwb-brand-penedes-d-o","7":"product_cat-vi","8":"product_cat-vi-blanc","9":"product_tag-torello-blanc-tranquille-2","10":"pa_anada-45483","11":"pa_bodega-torello","12":"pa_do-penedes-d-o-ca","13":"pa_ecologico-vegano-natural-ecologic","14":"pa_envejecimiento-jove","15":"pa_formatoenml-38306","16":"pa_graduacion-10_5","17":"pa_pais-espanya-ca","18":"pa_region-cataluna","19":"pa_variedades-xarello_parellada_macabeo-ca","20":"entry","21":"has-media","23":"first","24":"instock","25":"taxable","26":"shipping-taxable","27":"purchasable","28":"product-type-simple"},"acf":[],"yoast_head":"<!-- This site is optimized with the Yoast SEO Premium plugin v23.1 (Yoast SEO v23.5) - https:\/\/yoast.com\/wordpress\/plugins\/seo\/ -->\n<title>Torell\u00f3 Blanc Tranquille<\/title>\n<meta name=\"description\" content=\"Comprar al millor preu el vi blanc Torell\u00f3 Blanc Tranquille a Mon la Cata. Botiga online especialitzada en vins, destil\u00b7lats i alimentaci\u00f3.\" \/>\n<meta name=\"robots\" content=\"noindex, follow, max-snippet:-1, max-image-preview:large, max-video-preview:-1\" \/>\n<meta property=\"og:locale\" content=\"ca_ES\" \/>\n<meta property=\"og:type\" content=\"article\" \/>\n<meta property=\"og:title\" content=\"Torell\u00f3 Blanc Tranquille\" \/>\n<meta property=\"og:description\" content=\"Comprar al millor preu el vi blanc Torell\u00f3 Blanc Tranquille a Mon la Cata. Botiga online especialitzada en vins, destil\u00b7lats i alimentaci\u00f3.\" \/>\n<meta property=\"og:url\" content=\"https:\/\/aral2.cetrexmarketing.com\/ca\/producto\/torello-blanc-tranquille-2\/\" \/>\n<meta property=\"og:site_name\" content=\"M\u00f3n La Cata\" \/>\n<meta property=\"article:modified_time\" content=\"2025-05-24T07:55:46+00:00\" \/>\n<meta property=\"og:image\" content=\"https:\/\/aral2.cetrexmarketing.com\/wp-content\/uploads\/2025\/05\/Torello-Blanc-Tranquille.jpg-1-2.png\" \/>\n\t<meta property=\"og:image:width\" content=\"765\" \/>\n\t<meta property=\"og:image:height\" content=\"1024\" \/>\n\t<meta property=\"og:image:type\" content=\"image\/png\" \/>\n<meta name=\"twitter:card\" content=\"summary_large_image\" \/>\n<meta name=\"twitter:label1\" content=\"Temps estimat de lectura\" \/>\n\t<meta name=\"twitter:data1\" content=\"2 minuts\" \/>\n<script type=\"application\/ld+json\" class=\"yoast-schema-graph\">{\"@context\":\"https:\/\/schema.org\",\"@graph\":[{\"@type\":\"WebPage\",\"@id\":\"https:\/\/aral2.cetrexmarketing.com\/ca\/producto\/torello-blanc-tranquille-2\/\",\"url\":\"https:\/\/aral2.cetrexmarketing.com\/ca\/producto\/torello-blanc-tranquille-2\/\",\"name\":\"Torell\u00f3 Blanc Tranquille\",\"isPartOf\":{\"@id\":\"https:\/\/aral2.cetrexmarketing.com\/#website\"},\"primaryImageOfPage\":{\"@id\":\"https:\/\/aral2.cetrexmarketing.com\/ca\/producto\/torello-blanc-tranquille-2\/#primaryimage\"},\"image\":{\"@id\":\"https:\/\/aral2.cetrexmarketing.com\/ca\/producto\/torello-blanc-tranquille-2\/#primaryimage\"},\"thumbnailUrl\":\"https:\/\/aral2.cetrexmarketing.com\/wp-content\/uploads\/2025\/05\/Torello-Blanc-Tranquille.jpg-1-2.png\",\"datePublished\":\"2025-05-24T07:55:45+00:00\",\"dateModified\":\"2025-05-24T07:55:46+00:00\",\"description\":\"Comprar al millor preu el vi blanc Torell\u00f3 Blanc Tranquille a Mon la Cata. Botiga online especialitzada en vins, destil\u00b7lats i alimentaci\u00f3.\",\"breadcrumb\":{\"@id\":\"https:\/\/aral2.cetrexmarketing.com\/ca\/producto\/torello-blanc-tranquille-2\/#breadcrumb\"},\"inLanguage\":\"ca\",\"potentialAction\":[{\"@type\":\"ReadAction\",\"target\":[\"https:\/\/aral2.cetrexmarketing.com\/ca\/producto\/torello-blanc-tranquille-2\/\"]}]},{\"@type\":\"ImageObject\",\"inLanguage\":\"ca\",\"@id\":\"https:\/\/aral2.cetrexmarketing.com\/ca\/producto\/torello-blanc-tranquille-2\/#primaryimage\",\"url\":\"https:\/\/aral2.cetrexmarketing.com\/wp-content\/uploads\/2025\/05\/Torello-Blanc-Tranquille.jpg-1-2.png\",\"contentUrl\":\"https:\/\/aral2.cetrexmarketing.com\/wp-content\/uploads\/2025\/05\/Torello-Blanc-Tranquille.jpg-1-2.png\",\"width\":765,\"height\":1024},{\"@type\":\"BreadcrumbList\",\"@id\":\"https:\/\/aral2.cetrexmarketing.com\/ca\/producto\/torello-blanc-tranquille-2\/#breadcrumb\",\"itemListElement\":[{\"@type\":\"ListItem\",\"position\":1,\"name\":\"Home\",\"item\":\"https:\/\/aral2.cetrexmarketing.com\/ca\/\"},{\"@type\":\"ListItem\",\"position\":2,\"name\":\"Tienda\",\"item\":\"https:\/\/aral2.cetrexmarketing.com\/ca\/tienda-2\/\"},{\"@type\":\"ListItem\",\"position\":3,\"name\":\"Vi\",\"item\":\"https:\/\/aral2.cetrexmarketing.com\/categoria-producto\/vi\/\"},{\"@type\":\"ListItem\",\"position\":4,\"name\":\"Vi Blanc\",\"item\":\"https:\/\/aral2.cetrexmarketing.com\/categoria-producto\/vi\/vi-blanc\/\"},{\"@type\":\"ListItem\",\"position\":5,\"name\":\"Torell\u00f3 Blanc Tranquille\"}]},{\"@type\":\"WebSite\",\"@id\":\"https:\/\/aral2.cetrexmarketing.com\/#website\",\"url\":\"https:\/\/aral2.cetrexmarketing.com\/\",\"name\":\"M\u00f3n La Cata\",\"description\":\"Tienda de vinos, licores, cervezas y gourmet\",\"publisher\":{\"@id\":\"https:\/\/aral2.cetrexmarketing.com\/#organization\"},\"potentialAction\":[{\"@type\":\"SearchAction\",\"target\":{\"@type\":\"EntryPoint\",\"urlTemplate\":\"https:\/\/aral2.cetrexmarketing.com\/?s={search_term_string}\"},\"query-input\":{\"@type\":\"PropertyValueSpecification\",\"valueRequired\":true,\"valueName\":\"search_term_string\"}}],\"inLanguage\":\"ca\"},{\"@type\":\"Organization\",\"@id\":\"https:\/\/aral2.cetrexmarketing.com\/#organization\",\"name\":\"M\u00f3n La Cata\",\"url\":\"https:\/\/aral2.cetrexmarketing.com\/\",\"logo\":{\"@type\":\"ImageObject\",\"inLanguage\":\"ca\",\"@id\":\"https:\/\/aral2.cetrexmarketing.com\/#\/schema\/logo\/image\/\",\"url\":\"https:\/\/aral2.cetrexmarketing.com\/wp-content\/uploads\/2024\/10\/aral-logo-neg-1024x409-1.png\",\"contentUrl\":\"https:\/\/aral2.cetrexmarketing.com\/wp-content\/uploads\/2024\/10\/aral-logo-neg-1024x409-1.png\",\"width\":1024,\"height\":409,\"caption\":\"M\u00f3n La Cata\"},\"image\":{\"@id\":\"https:\/\/aral2.cetrexmarketing.com\/#\/schema\/logo\/image\/\"}}]}<\/script>\n<!-- \/ Yoast SEO Premium plugin. -->","yoast_head_json":{"title":"Torell\u00f3 Blanc Tranquille","description":"Comprar al millor preu el vi blanc Torell\u00f3 Blanc Tranquille a Mon la Cata. Botiga online especialitzada en vins, destil\u00b7lats i alimentaci\u00f3.","robots":{"index":"noindex","follow":"follow","max-snippet":"max-snippet:-1","max-image-preview":"max-image-preview:large","max-video-preview":"max-video-preview:-1"},"og_locale":"ca_ES","og_type":"article","og_title":"Torell\u00f3 Blanc Tranquille","og_description":"Comprar al millor preu el vi blanc Torell\u00f3 Blanc Tranquille a Mon la Cata. Botiga online especialitzada en vins, destil\u00b7lats i alimentaci\u00f3.","og_url":"https:\/\/aral2.cetrexmarketing.com\/ca\/producto\/torello-blanc-tranquille-2\/","og_site_name":"M\u00f3n La Cata","article_modified_time":"2025-05-24T07:55:46+00:00","og_image":[{"width":765,"height":1024,"url":"https:\/\/aral2.cetrexmarketing.com\/wp-content\/uploads\/2025\/05\/Torello-Blanc-Tranquille.jpg-1-2.png","type":"image\/png"}],"twitter_card":"summary_large_image","twitter_misc":{"Temps estimat de lectura":"2 minuts"},"schema":{"@context":"https:\/\/schema.org","@graph":[{"@type":"WebPage","@id":"https:\/\/aral2.cetrexmarketing.com\/ca\/producto\/torello-blanc-tranquille-2\/","url":"https:\/\/aral2.cetrexmarketing.com\/ca\/producto\/torello-blanc-tranquille-2\/","name":"Torell\u00f3 Blanc Tranquille","isPartOf":{"@id":"https:\/\/aral2.cetrexmarketing.com\/#website"},"primaryImageOfPage":{"@id":"https:\/\/aral2.cetrexmarketing.com\/ca\/producto\/torello-blanc-tranquille-2\/#primaryimage"},"image":{"@id":"https:\/\/aral2.cetrexmarketing.com\/ca\/producto\/torello-blanc-tranquille-2\/#primaryimage"},"thumbnailUrl":"https:\/\/aral2.cetrexmarketing.com\/wp-content\/uploads\/2025\/05\/Torello-Blanc-Tranquille.jpg-1-2.png","datePublished":"2025-05-24T07:55:45+00:00","dateModified":"2025-05-24T07:55:46+00:00","description":"Comprar al millor preu el vi blanc Torell\u00f3 Blanc Tranquille a Mon la Cata. Botiga online especialitzada en vins, destil\u00b7lats i alimentaci\u00f3.","breadcrumb":{"@id":"https:\/\/aral2.cetrexmarketing.com\/ca\/producto\/torello-blanc-tranquille-2\/#breadcrumb"},"inLanguage":"ca","potentialAction":[{"@type":"ReadAction","target":["https:\/\/aral2.cetrexmarketing.com\/ca\/producto\/torello-blanc-tranquille-2\/"]}]},{"@type":"ImageObject","inLanguage":"ca","@id":"https:\/\/aral2.cetrexmarketing.com\/ca\/producto\/torello-blanc-tranquille-2\/#primaryimage","url":"https:\/\/aral2.cetrexmarketing.com\/wp-content\/uploads\/2025\/05\/Torello-Blanc-Tranquille.jpg-1-2.png","contentUrl":"https:\/\/aral2.cetrexmarketing.com\/wp-content\/uploads\/2025\/05\/Torello-Blanc-Tranquille.jpg-1-2.png","width":765,"height":1024},{"@type":"BreadcrumbList","@id":"https:\/\/aral2.cetrexmarketing.com\/ca\/producto\/torello-blanc-tranquille-2\/#breadcrumb","itemListElement":[{"@type":"ListItem","position":1,"name":"Home","item":"https:\/\/aral2.cetrexmarketing.com\/ca\/"},{"@type":"ListItem","position":2,"name":"Tienda","item":"https:\/\/aral2.cetrexmarketing.com\/ca\/tienda-2\/"},{"@type":"ListItem","position":3,"name":"Vi","item":"https:\/\/aral2.cetrexmarketing.com\/categoria-producto\/vi\/"},{"@type":"ListItem","position":4,"name":"Vi Blanc","item":"https:\/\/aral2.cetrexmarketing.com\/categoria-producto\/vi\/vi-blanc\/"},{"@type":"ListItem","position":5,"name":"Torell\u00f3 Blanc Tranquille"}]},{"@type":"WebSite","@id":"https:\/\/aral2.cetrexmarketing.com\/#website","url":"https:\/\/aral2.cetrexmarketing.com\/","name":"M\u00f3n La Cata","description":"Tienda de vinos, licores, cervezas y gourmet","publisher":{"@id":"https:\/\/aral2.cetrexmarketing.com\/#organization"},"potentialAction":[{"@type":"SearchAction","target":{"@type":"EntryPoint","urlTemplate":"https:\/\/aral2.cetrexmarketing.com\/?s={search_term_string}"},"query-input":{"@type":"PropertyValueSpecification","valueRequired":true,"valueName":"search_term_string"}}],"inLanguage":"ca"},{"@type":"Organization","@id":"https:\/\/aral2.cetrexmarketing.com\/#organization","name":"M\u00f3n La Cata","url":"https:\/\/aral2.cetrexmarketing.com\/","logo":{"@type":"ImageObject","inLanguage":"ca","@id":"https:\/\/aral2.cetrexmarketing.com\/#\/schema\/logo\/image\/","url":"https:\/\/aral2.cetrexmarketing.com\/wp-content\/uploads\/2024\/10\/aral-logo-neg-1024x409-1.png","contentUrl":"https:\/\/aral2.cetrexmarketing.com\/wp-content\/uploads\/2024\/10\/aral-logo-neg-1024x409-1.png","width":1024,"height":409,"caption":"M\u00f3n La Cata"},"image":{"@id":"https:\/\/aral2.cetrexmarketing.com\/#\/schema\/logo\/image\/"}}]}},"brands":[{"id":32895,"name":"Pened\u00e8s D.O.","slug":"penedes-d-o"}],"_links":{"self":[{"href":"https:\/\/aral2.cetrexmarketing.com\/ca\/wp-json\/wp\/v2\/product\/81957","targetHints":{"allow":["GET"]}}],"collection":[{"href":"https:\/\/aral2.cetrexmarketing.com\/ca\/wp-json\/wp\/v2\/product"}],"about":[{"href":"https:\/\/aral2.cetrexmarketing.com\/ca\/wp-json\/wp\/v2\/types\/product"}],"replies":[{"embeddable":true,"href":"https:\/\/aral2.cetrexmarketing.com\/ca\/wp-json\/wp\/v2\/comments?post=81957"}],"wp:featuredmedia":[{"embeddable":true,"href":"https:\/\/aral2.cetrexmarketing.com\/ca\/wp-json\/wp\/v2\/media\/81954"}],"wp:attachment":[{"href":"https:\/\/aral2.cetrexmarketing.com\/ca\/wp-json\/wp\/v2\/media?parent=81957"}],"wp:term":[{"taxonomy":"pwb-brand","embeddable":true,"href":"https:\/\/aral2.cetrexmarketing.com\/ca\/wp-json\/wp\/v2\/pwb-brand?post=81957"},{"taxonomy":"product_brand","embeddable":true,"href":"https:\/\/aral2.cetrexmarketing.com\/ca\/wp-json\/wp\/v2\/product_brand?post=81957"},{"taxonomy":"product_cat","embeddable":true,"href":"https:\/\/aral2.cetrexmarketing.com\/ca\/wp-json\/wp\/v2\/product_cat?post=81957"},{"taxonomy":"product_tag","embeddable":true,"href":"https:\/\/aral2.cetrexmarketing.com\/ca\/wp-json\/wp\/v2\/product_tag?post=81957"}],"curies":[{"name":"wp","href":"https:\/\/api.w.org\/{rel}","templated":true}]}}