{"id":81933,"date":"2025-05-24T07:55:24","date_gmt":"2025-05-24T07:55:24","guid":{"rendered":"https:\/\/aral2.cetrexmarketing.com\/producto\/barbara-fores-blanc\/"},"modified":"2025-05-24T07:55:25","modified_gmt":"2025-05-24T07:55:25","slug":"barbara-fores-blanc","status":"publish","type":"product","link":"https:\/\/aral2.cetrexmarketing.com\/ca\/producto\/barbara-fores-blanc\/","title":{"rendered":"B\u00e0rbara For\u00e9s Blanc"},"content":{"rendered":"<p><P Dir = \"LTR\"> B\u00e0rbara For\u00e9s Blanco \u00e9s un vi de Garnacha Blanca, la gran varietat de Terra Alta.<br \/>\n n <\/p>\n<p dir = \"ltr\"> \u00e9s fresc i cos, que al seu torn \u00e9s afruitat i sec.<br \/>\n n <P DIR = \"LTR\"> t\u00e9 aromes de fonoll, anisados, fruita blanca (pera), flors blanques (cirera o ametlla), aix\u00ed com una herba fresca acabada de tallar.<br \/>\n n <P DIR = \"LTR\"> Molt recomanable acompanyat d&#8217;arr\u00f2s, ocells, peixos i marisc cru.<\/p>\n","protected":false},"excerpt":{"rendered":"<p dir=\"ltr\"><span>B\u00e0rbara For\u00e9s Blanc \u00e9s un vi de Garnatxa Blanca, la varietat reina de la DO Terra Alta.<\/span><\/p>\n<p dir=\"ltr\"><span>\u00c9s fresc i amb cos, alhora \u00e9s afruitat per\u00f2 sec.<\/span><\/p>\n<p dir=\"ltr\"><span>En nas te notes de fonoll, anisats,\u00a0fruita blanca (pera), flors blanques (cirerer o ametller), aix\u00ed com herba fresca recent tallada.<\/span><\/p>\n<p dir=\"ltr\"><span>Molt recomanable acompanyar amb arrossos,\u00a0<\/span>aus, peix i marisc cru.<\/p>\n","protected":false},"featured_media":81930,"comment_status":"closed","ping_status":"closed","template":"","meta":{"_acf_changed":false},"pwb-brand":[44873,32913],"product_brand":[],"product_cat":[51670,51672],"product_tag":[15765,38816,15015,50549],"class_list":{"0":"post-81933","1":"product","2":"type-product","3":"status-publish","4":"has-post-thumbnail","6":"pwb-brand-barbara-fores","7":"pwb-brand-terra-alta-d-o","8":"product_cat-vi","9":"product_cat-vi-blanc","10":"product_tag-barbara-fores-ca","11":"product_tag-blanc-terra-alta","12":"product_tag-do-terra-alta-ca","13":"product_tag-garnatxa-blanca-terra-alta","14":"pa_anada-45483","15":"pa_bodega-celler-barbara-fores","16":"pa_do-terra-alta-d-o-ca","17":"pa_elaborador-ferrerescoda-ca","18":"pa_formatoenml-38306","19":"pa_gastronomico-blanc-gastronomic","20":"pa_graduacion-14_5","21":"pa_maridaje-marisc","22":"pa_maridaje-midons","23":"pa_maridaje-peix","24":"pa_pueblociudad-gandesatarragona","25":"pa_tipodevino-vi-tranquil","26":"pa_variedad-principal-garnatxa-blanca","27":"entry","28":"has-media","30":"first","31":"instock","32":"taxable","33":"shipping-taxable","34":"purchasable","35":"product-type-simple"},"acf":[],"yoast_head":"<!-- This site is optimized with the Yoast SEO Premium plugin v23.1 (Yoast SEO v23.5) - https:\/\/yoast.com\/wordpress\/plugins\/seo\/ -->\n<title>B\u00e0rbara For\u00e9s Blanc<\/title>\n<meta name=\"description\" content=\"Comprar el vi B\u00e0rbara For\u00e9s Blanc, de la DO Terra Alta. Enviament Expr\u00e9s. Viniteca online de confian\u00e7a. Enviament gratu\u00eft per compres superiors a 120\u20ac.\" \/>\n<meta name=\"robots\" content=\"noindex, follow, max-snippet:-1, max-image-preview:large, max-video-preview:-1\" \/>\n<meta property=\"og:locale\" content=\"ca_ES\" \/>\n<meta property=\"og:type\" content=\"article\" \/>\n<meta property=\"og:title\" content=\"B\u00e0rbara For\u00e9s Blanc\" \/>\n<meta property=\"og:description\" content=\"Comprar el vi B\u00e0rbara For\u00e9s Blanc, de la DO Terra Alta. Enviament Expr\u00e9s. Viniteca online de confian\u00e7a. Enviament gratu\u00eft per compres superiors a 120\u20ac.\" \/>\n<meta property=\"og:url\" content=\"https:\/\/aral2.cetrexmarketing.com\/ca\/producto\/barbara-fores-blanc\/\" \/>\n<meta property=\"og:site_name\" content=\"M\u00f3n La Cata\" \/>\n<meta property=\"article:modified_time\" content=\"2025-05-24T07:55:25+00:00\" \/>\n<meta property=\"og:image\" content=\"https:\/\/aral2.cetrexmarketing.com\/wp-content\/uploads\/2025\/05\/Barbara-Fores-Blanco.jpg.png\" \/>\n\t<meta property=\"og:image:width\" content=\"765\" \/>\n\t<meta property=\"og:image:height\" content=\"1024\" \/>\n\t<meta property=\"og:image:type\" content=\"image\/png\" \/>\n<meta name=\"twitter:card\" content=\"summary_large_image\" \/>\n<script type=\"application\/ld+json\" class=\"yoast-schema-graph\">{\"@context\":\"https:\/\/schema.org\",\"@graph\":[{\"@type\":\"WebPage\",\"@id\":\"https:\/\/aral2.cetrexmarketing.com\/ca\/producto\/barbara-fores-blanc\/\",\"url\":\"https:\/\/aral2.cetrexmarketing.com\/ca\/producto\/barbara-fores-blanc\/\",\"name\":\"B\u00e0rbara For\u00e9s Blanc\",\"isPartOf\":{\"@id\":\"https:\/\/aral2.cetrexmarketing.com\/#website\"},\"primaryImageOfPage\":{\"@id\":\"https:\/\/aral2.cetrexmarketing.com\/ca\/producto\/barbara-fores-blanc\/#primaryimage\"},\"image\":{\"@id\":\"https:\/\/aral2.cetrexmarketing.com\/ca\/producto\/barbara-fores-blanc\/#primaryimage\"},\"thumbnailUrl\":\"https:\/\/aral2.cetrexmarketing.com\/wp-content\/uploads\/2025\/05\/Barbara-Fores-Blanco.jpg.png\",\"datePublished\":\"2025-05-24T07:55:24+00:00\",\"dateModified\":\"2025-05-24T07:55:25+00:00\",\"description\":\"Comprar el vi B\u00e0rbara For\u00e9s Blanc, de la DO Terra Alta. Enviament Expr\u00e9s. Viniteca online de confian\u00e7a. Enviament gratu\u00eft per compres superiors a 120\u20ac.\",\"breadcrumb\":{\"@id\":\"https:\/\/aral2.cetrexmarketing.com\/ca\/producto\/barbara-fores-blanc\/#breadcrumb\"},\"inLanguage\":\"ca\",\"potentialAction\":[{\"@type\":\"ReadAction\",\"target\":[\"https:\/\/aral2.cetrexmarketing.com\/ca\/producto\/barbara-fores-blanc\/\"]}]},{\"@type\":\"ImageObject\",\"inLanguage\":\"ca\",\"@id\":\"https:\/\/aral2.cetrexmarketing.com\/ca\/producto\/barbara-fores-blanc\/#primaryimage\",\"url\":\"https:\/\/aral2.cetrexmarketing.com\/wp-content\/uploads\/2025\/05\/Barbara-Fores-Blanco.jpg.png\",\"contentUrl\":\"https:\/\/aral2.cetrexmarketing.com\/wp-content\/uploads\/2025\/05\/Barbara-Fores-Blanco.jpg.png\",\"width\":765,\"height\":1024},{\"@type\":\"BreadcrumbList\",\"@id\":\"https:\/\/aral2.cetrexmarketing.com\/ca\/producto\/barbara-fores-blanc\/#breadcrumb\",\"itemListElement\":[{\"@type\":\"ListItem\",\"position\":1,\"name\":\"Home\",\"item\":\"https:\/\/aral2.cetrexmarketing.com\/ca\/\"},{\"@type\":\"ListItem\",\"position\":2,\"name\":\"Tienda\",\"item\":\"https:\/\/aral2.cetrexmarketing.com\/ca\/tienda-2\/\"},{\"@type\":\"ListItem\",\"position\":3,\"name\":\"Vi\",\"item\":\"https:\/\/aral2.cetrexmarketing.com\/categoria-producto\/vi\/\"},{\"@type\":\"ListItem\",\"position\":4,\"name\":\"Vi Blanc\",\"item\":\"https:\/\/aral2.cetrexmarketing.com\/categoria-producto\/vi\/vi-blanc\/\"},{\"@type\":\"ListItem\",\"position\":5,\"name\":\"B\u00e0rbara For\u00e9s Blanc\"}]},{\"@type\":\"WebSite\",\"@id\":\"https:\/\/aral2.cetrexmarketing.com\/#website\",\"url\":\"https:\/\/aral2.cetrexmarketing.com\/\",\"name\":\"M\u00f3n La Cata\",\"description\":\"Tienda de vinos, licores, cervezas y gourmet\",\"publisher\":{\"@id\":\"https:\/\/aral2.cetrexmarketing.com\/#organization\"},\"potentialAction\":[{\"@type\":\"SearchAction\",\"target\":{\"@type\":\"EntryPoint\",\"urlTemplate\":\"https:\/\/aral2.cetrexmarketing.com\/?s={search_term_string}\"},\"query-input\":{\"@type\":\"PropertyValueSpecification\",\"valueRequired\":true,\"valueName\":\"search_term_string\"}}],\"inLanguage\":\"ca\"},{\"@type\":\"Organization\",\"@id\":\"https:\/\/aral2.cetrexmarketing.com\/#organization\",\"name\":\"M\u00f3n La Cata\",\"url\":\"https:\/\/aral2.cetrexmarketing.com\/\",\"logo\":{\"@type\":\"ImageObject\",\"inLanguage\":\"ca\",\"@id\":\"https:\/\/aral2.cetrexmarketing.com\/#\/schema\/logo\/image\/\",\"url\":\"https:\/\/aral2.cetrexmarketing.com\/wp-content\/uploads\/2024\/10\/aral-logo-neg-1024x409-1.png\",\"contentUrl\":\"https:\/\/aral2.cetrexmarketing.com\/wp-content\/uploads\/2024\/10\/aral-logo-neg-1024x409-1.png\",\"width\":1024,\"height\":409,\"caption\":\"M\u00f3n La Cata\"},\"image\":{\"@id\":\"https:\/\/aral2.cetrexmarketing.com\/#\/schema\/logo\/image\/\"}}]}<\/script>\n<!-- \/ Yoast SEO Premium plugin. -->","yoast_head_json":{"title":"B\u00e0rbara For\u00e9s Blanc","description":"Comprar el vi B\u00e0rbara For\u00e9s Blanc, de la DO Terra Alta. Enviament Expr\u00e9s. Viniteca online de confian\u00e7a. Enviament gratu\u00eft per compres superiors a 120\u20ac.","robots":{"index":"noindex","follow":"follow","max-snippet":"max-snippet:-1","max-image-preview":"max-image-preview:large","max-video-preview":"max-video-preview:-1"},"og_locale":"ca_ES","og_type":"article","og_title":"B\u00e0rbara For\u00e9s Blanc","og_description":"Comprar el vi B\u00e0rbara For\u00e9s Blanc, de la DO Terra Alta. Enviament Expr\u00e9s. Viniteca online de confian\u00e7a. Enviament gratu\u00eft per compres superiors a 120\u20ac.","og_url":"https:\/\/aral2.cetrexmarketing.com\/ca\/producto\/barbara-fores-blanc\/","og_site_name":"M\u00f3n La Cata","article_modified_time":"2025-05-24T07:55:25+00:00","og_image":[{"width":765,"height":1024,"url":"https:\/\/aral2.cetrexmarketing.com\/wp-content\/uploads\/2025\/05\/Barbara-Fores-Blanco.jpg.png","type":"image\/png"}],"twitter_card":"summary_large_image","schema":{"@context":"https:\/\/schema.org","@graph":[{"@type":"WebPage","@id":"https:\/\/aral2.cetrexmarketing.com\/ca\/producto\/barbara-fores-blanc\/","url":"https:\/\/aral2.cetrexmarketing.com\/ca\/producto\/barbara-fores-blanc\/","name":"B\u00e0rbara For\u00e9s Blanc","isPartOf":{"@id":"https:\/\/aral2.cetrexmarketing.com\/#website"},"primaryImageOfPage":{"@id":"https:\/\/aral2.cetrexmarketing.com\/ca\/producto\/barbara-fores-blanc\/#primaryimage"},"image":{"@id":"https:\/\/aral2.cetrexmarketing.com\/ca\/producto\/barbara-fores-blanc\/#primaryimage"},"thumbnailUrl":"https:\/\/aral2.cetrexmarketing.com\/wp-content\/uploads\/2025\/05\/Barbara-Fores-Blanco.jpg.png","datePublished":"2025-05-24T07:55:24+00:00","dateModified":"2025-05-24T07:55:25+00:00","description":"Comprar el vi B\u00e0rbara For\u00e9s Blanc, de la DO Terra Alta. Enviament Expr\u00e9s. Viniteca online de confian\u00e7a. Enviament gratu\u00eft per compres superiors a 120\u20ac.","breadcrumb":{"@id":"https:\/\/aral2.cetrexmarketing.com\/ca\/producto\/barbara-fores-blanc\/#breadcrumb"},"inLanguage":"ca","potentialAction":[{"@type":"ReadAction","target":["https:\/\/aral2.cetrexmarketing.com\/ca\/producto\/barbara-fores-blanc\/"]}]},{"@type":"ImageObject","inLanguage":"ca","@id":"https:\/\/aral2.cetrexmarketing.com\/ca\/producto\/barbara-fores-blanc\/#primaryimage","url":"https:\/\/aral2.cetrexmarketing.com\/wp-content\/uploads\/2025\/05\/Barbara-Fores-Blanco.jpg.png","contentUrl":"https:\/\/aral2.cetrexmarketing.com\/wp-content\/uploads\/2025\/05\/Barbara-Fores-Blanco.jpg.png","width":765,"height":1024},{"@type":"BreadcrumbList","@id":"https:\/\/aral2.cetrexmarketing.com\/ca\/producto\/barbara-fores-blanc\/#breadcrumb","itemListElement":[{"@type":"ListItem","position":1,"name":"Home","item":"https:\/\/aral2.cetrexmarketing.com\/ca\/"},{"@type":"ListItem","position":2,"name":"Tienda","item":"https:\/\/aral2.cetrexmarketing.com\/ca\/tienda-2\/"},{"@type":"ListItem","position":3,"name":"Vi","item":"https:\/\/aral2.cetrexmarketing.com\/categoria-producto\/vi\/"},{"@type":"ListItem","position":4,"name":"Vi Blanc","item":"https:\/\/aral2.cetrexmarketing.com\/categoria-producto\/vi\/vi-blanc\/"},{"@type":"ListItem","position":5,"name":"B\u00e0rbara For\u00e9s Blanc"}]},{"@type":"WebSite","@id":"https:\/\/aral2.cetrexmarketing.com\/#website","url":"https:\/\/aral2.cetrexmarketing.com\/","name":"M\u00f3n La Cata","description":"Tienda de vinos, licores, cervezas y gourmet","publisher":{"@id":"https:\/\/aral2.cetrexmarketing.com\/#organization"},"potentialAction":[{"@type":"SearchAction","target":{"@type":"EntryPoint","urlTemplate":"https:\/\/aral2.cetrexmarketing.com\/?s={search_term_string}"},"query-input":{"@type":"PropertyValueSpecification","valueRequired":true,"valueName":"search_term_string"}}],"inLanguage":"ca"},{"@type":"Organization","@id":"https:\/\/aral2.cetrexmarketing.com\/#organization","name":"M\u00f3n La Cata","url":"https:\/\/aral2.cetrexmarketing.com\/","logo":{"@type":"ImageObject","inLanguage":"ca","@id":"https:\/\/aral2.cetrexmarketing.com\/#\/schema\/logo\/image\/","url":"https:\/\/aral2.cetrexmarketing.com\/wp-content\/uploads\/2024\/10\/aral-logo-neg-1024x409-1.png","contentUrl":"https:\/\/aral2.cetrexmarketing.com\/wp-content\/uploads\/2024\/10\/aral-logo-neg-1024x409-1.png","width":1024,"height":409,"caption":"M\u00f3n La Cata"},"image":{"@id":"https:\/\/aral2.cetrexmarketing.com\/#\/schema\/logo\/image\/"}}]}},"brands":[{"id":44873,"name":"B\u00e0rbara For\u00e9s","slug":"barbara-fores"},{"id":32913,"name":"Terra Alta D.O.","slug":"terra-alta-d-o"}],"_links":{"self":[{"href":"https:\/\/aral2.cetrexmarketing.com\/ca\/wp-json\/wp\/v2\/product\/81933","targetHints":{"allow":["GET"]}}],"collection":[{"href":"https:\/\/aral2.cetrexmarketing.com\/ca\/wp-json\/wp\/v2\/product"}],"about":[{"href":"https:\/\/aral2.cetrexmarketing.com\/ca\/wp-json\/wp\/v2\/types\/product"}],"replies":[{"embeddable":true,"href":"https:\/\/aral2.cetrexmarketing.com\/ca\/wp-json\/wp\/v2\/comments?post=81933"}],"wp:featuredmedia":[{"embeddable":true,"href":"https:\/\/aral2.cetrexmarketing.com\/ca\/wp-json\/wp\/v2\/media\/81930"}],"wp:attachment":[{"href":"https:\/\/aral2.cetrexmarketing.com\/ca\/wp-json\/wp\/v2\/media?parent=81933"}],"wp:term":[{"taxonomy":"pwb-brand","embeddable":true,"href":"https:\/\/aral2.cetrexmarketing.com\/ca\/wp-json\/wp\/v2\/pwb-brand?post=81933"},{"taxonomy":"product_brand","embeddable":true,"href":"https:\/\/aral2.cetrexmarketing.com\/ca\/wp-json\/wp\/v2\/product_brand?post=81933"},{"taxonomy":"product_cat","embeddable":true,"href":"https:\/\/aral2.cetrexmarketing.com\/ca\/wp-json\/wp\/v2\/product_cat?post=81933"},{"taxonomy":"product_tag","embeddable":true,"href":"https:\/\/aral2.cetrexmarketing.com\/ca\/wp-json\/wp\/v2\/product_tag?post=81933"}],"curies":[{"name":"wp","href":"https:\/\/api.w.org\/{rel}","templated":true}]}}