{"id":81929,"date":"2025-05-24T07:55:20","date_gmt":"2025-05-24T07:55:20","guid":{"rendered":"https:\/\/aral2.cetrexmarketing.com\/producto\/aurora-despiells-2\/"},"modified":"2025-05-24T07:55:22","modified_gmt":"2025-05-24T07:55:22","slug":"aurora-despiells-2","status":"publish","type":"product","link":"https:\/\/aral2.cetrexmarketing.com\/ca\/producto\/aurora-despiells-2\/","title":{"rendered":"Aurora d&#8217;Espiells"},"content":{"rendered":"<p><P Dir = \"LTR\"> Aurora \u00e9s un rosa amb un color rosa i rosat molt clar. <\/p>\n<p> n <\/p>\n<p dir = \"ltr\"> en el nas destaquen aromes de fruita vermella i negra amb un toc floral com a tel\u00f3 de fons. <\/p>\n<p> n <\/p>\n<p dir = \"ltr\"> a la boca \u00e9s fresc i dol\u00e7.<br \/>\n n <P DIR = \"LTR\"> Es recomana combinar -lo amb un plat de menjar t\u00edpic japon\u00e8s, el yakisoba ebi. <\/p>\n","protected":false},"excerpt":{"rendered":"<p dir=\"ltr\"><span>Aurora \u00e9s un rosat amb un color rosa viu i claret molt actual. <\/span><\/p>\n<p dir=\"ltr\"><span>En nas destaquen aromes de fruita vermella i negre amb un toc floral com a tel\u00f3 de fons.<\/span><\/p>\n<p dir=\"ltr\"><span>En boca \u00e9s fi fresc i llaminer.<\/span><\/p>\n<p dir=\"ltr\"><span>Es recomana maridar-lo amb un plat t\u00edpic de menjar japon\u00e8s, el yakisoba ebi.<\/span><\/p><\/p>\n","protected":false},"featured_media":81926,"comment_status":"closed","ping_status":"closed","template":"","meta":{"_acf_changed":false},"pwb-brand":[44771,32895],"product_brand":[],"product_cat":[51669,51670,51682],"product_tag":[15084,15763,14981,15762,15761,14982,38594,38583],"class_list":{"0":"post-81929","1":"product","2":"type-product","3":"status-publish","4":"has-post-thumbnail","6":"pwb-brand-juve-camps","7":"pwb-brand-penedes-d-o","8":"product_cat-ecologic","9":"product_cat-vi","10":"product_cat-vi-rosat","11":"product_tag-agricultura-ecologica-ca","12":"product_tag-aurora-ca","13":"product_tag-do-penedes-ca","14":"product_tag-espiells-ca","15":"product_tag-juve-y-camps-ca","16":"product_tag-penedes-ca","17":"product_tag-rosat","18":"product_tag-vi-rosat","19":"pa_anada-45483","20":"pa_bodega-juvecamps","21":"pa_do-penedes-d-o-ca","22":"pa_ecologico-vegano-natural-ecologic","23":"pa_floral-rosat-floral","24":"pa_formatoenml-38306","25":"pa_graduacion-12_5","26":"pa_maridaje-dolcos","27":"pa_maridaje-embotits","28":"pa_maridaje-verdures","29":"pa_pais-espanya-ca","30":"pa_pueblociudad-sant-sadurni-danoia-barcelona","31":"pa_region-cataluna","32":"pa_variedad-principal-pinot-noir-ca","33":"pa_variedad-principal-xarello","34":"entry","35":"has-media","37":"first","38":"instock","39":"taxable","40":"shipping-taxable","41":"purchasable","42":"product-type-simple"},"acf":[],"yoast_head":"<!-- This site is optimized with the Yoast SEO Premium plugin v23.1 (Yoast SEO v23.5) - https:\/\/yoast.com\/wordpress\/plugins\/seo\/ -->\n<title>Aurora d&#039;Espiells Rosat Juv\u00e9 &amp; Camps vi rosat<\/title>\n<meta name=\"description\" content=\"Comprar online al millor preu el vi rosat Aurora d&#039;Espiells de Juv\u00e9 &amp; Camps a la DO Pened\u00e8s. Seguretat i rapidesa defineixen la web i la viniteca. Descomptes.\" \/>\n<meta name=\"robots\" content=\"noindex, follow, max-snippet:-1, max-image-preview:large, max-video-preview:-1\" \/>\n<meta property=\"og:locale\" content=\"ca_ES\" \/>\n<meta property=\"og:type\" content=\"article\" \/>\n<meta property=\"og:title\" content=\"Aurora d&#039;Espiells\" \/>\n<meta property=\"og:description\" content=\"Comprar online al millor preu el vi rosat Aurora d&#039;Espiells de Juv\u00e9 &amp; Camps a la DO Pened\u00e8s. Seguretat i rapidesa defineixen la web i la viniteca. Descomptes.\" \/>\n<meta property=\"og:url\" content=\"https:\/\/aral2.cetrexmarketing.com\/ca\/producto\/aurora-despiells-2\/\" \/>\n<meta property=\"og:site_name\" content=\"M\u00f3n La Cata\" \/>\n<meta property=\"article:modified_time\" content=\"2025-05-24T07:55:22+00:00\" \/>\n<meta property=\"og:image\" content=\"https:\/\/aral2.cetrexmarketing.com\/wp-content\/uploads\/2025\/05\/aurora-espiells.jpg.png\" \/>\n\t<meta property=\"og:image:width\" content=\"765\" \/>\n\t<meta property=\"og:image:height\" content=\"1024\" \/>\n\t<meta property=\"og:image:type\" content=\"image\/png\" \/>\n<meta name=\"twitter:card\" content=\"summary_large_image\" \/>\n<script type=\"application\/ld+json\" class=\"yoast-schema-graph\">{\"@context\":\"https:\/\/schema.org\",\"@graph\":[{\"@type\":\"WebPage\",\"@id\":\"https:\/\/aral2.cetrexmarketing.com\/ca\/producto\/aurora-despiells-2\/\",\"url\":\"https:\/\/aral2.cetrexmarketing.com\/ca\/producto\/aurora-despiells-2\/\",\"name\":\"Aurora d'Espiells Rosat Juv\u00e9 &amp; Camps vi rosat\",\"isPartOf\":{\"@id\":\"https:\/\/aral2.cetrexmarketing.com\/#website\"},\"primaryImageOfPage\":{\"@id\":\"https:\/\/aral2.cetrexmarketing.com\/ca\/producto\/aurora-despiells-2\/#primaryimage\"},\"image\":{\"@id\":\"https:\/\/aral2.cetrexmarketing.com\/ca\/producto\/aurora-despiells-2\/#primaryimage\"},\"thumbnailUrl\":\"https:\/\/aral2.cetrexmarketing.com\/wp-content\/uploads\/2025\/05\/aurora-espiells.jpg.png\",\"datePublished\":\"2025-05-24T07:55:20+00:00\",\"dateModified\":\"2025-05-24T07:55:22+00:00\",\"description\":\"Comprar online al millor preu el vi rosat Aurora d'Espiells de Juv\u00e9 &amp; Camps a la DO Pened\u00e8s. Seguretat i rapidesa defineixen la web i la viniteca. Descomptes.\",\"breadcrumb\":{\"@id\":\"https:\/\/aral2.cetrexmarketing.com\/ca\/producto\/aurora-despiells-2\/#breadcrumb\"},\"inLanguage\":\"ca\",\"potentialAction\":[{\"@type\":\"ReadAction\",\"target\":[\"https:\/\/aral2.cetrexmarketing.com\/ca\/producto\/aurora-despiells-2\/\"]}]},{\"@type\":\"ImageObject\",\"inLanguage\":\"ca\",\"@id\":\"https:\/\/aral2.cetrexmarketing.com\/ca\/producto\/aurora-despiells-2\/#primaryimage\",\"url\":\"https:\/\/aral2.cetrexmarketing.com\/wp-content\/uploads\/2025\/05\/aurora-espiells.jpg.png\",\"contentUrl\":\"https:\/\/aral2.cetrexmarketing.com\/wp-content\/uploads\/2025\/05\/aurora-espiells.jpg.png\",\"width\":765,\"height\":1024},{\"@type\":\"BreadcrumbList\",\"@id\":\"https:\/\/aral2.cetrexmarketing.com\/ca\/producto\/aurora-despiells-2\/#breadcrumb\",\"itemListElement\":[{\"@type\":\"ListItem\",\"position\":1,\"name\":\"Home\",\"item\":\"https:\/\/aral2.cetrexmarketing.com\/ca\/\"},{\"@type\":\"ListItem\",\"position\":2,\"name\":\"Tienda\",\"item\":\"https:\/\/aral2.cetrexmarketing.com\/ca\/tienda-2\/\"},{\"@type\":\"ListItem\",\"position\":3,\"name\":\"Vi\",\"item\":\"https:\/\/aral2.cetrexmarketing.com\/categoria-producto\/vi\/\"},{\"@type\":\"ListItem\",\"position\":4,\"name\":\"Vi Rosat\",\"item\":\"https:\/\/aral2.cetrexmarketing.com\/categoria-producto\/vi\/vi-rosat\/\"},{\"@type\":\"ListItem\",\"position\":5,\"name\":\"Aurora d&#8217;Espiells\"}]},{\"@type\":\"WebSite\",\"@id\":\"https:\/\/aral2.cetrexmarketing.com\/#website\",\"url\":\"https:\/\/aral2.cetrexmarketing.com\/\",\"name\":\"M\u00f3n La Cata\",\"description\":\"Tienda de vinos, licores, cervezas y gourmet\",\"publisher\":{\"@id\":\"https:\/\/aral2.cetrexmarketing.com\/#organization\"},\"potentialAction\":[{\"@type\":\"SearchAction\",\"target\":{\"@type\":\"EntryPoint\",\"urlTemplate\":\"https:\/\/aral2.cetrexmarketing.com\/?s={search_term_string}\"},\"query-input\":{\"@type\":\"PropertyValueSpecification\",\"valueRequired\":true,\"valueName\":\"search_term_string\"}}],\"inLanguage\":\"ca\"},{\"@type\":\"Organization\",\"@id\":\"https:\/\/aral2.cetrexmarketing.com\/#organization\",\"name\":\"M\u00f3n La Cata\",\"url\":\"https:\/\/aral2.cetrexmarketing.com\/\",\"logo\":{\"@type\":\"ImageObject\",\"inLanguage\":\"ca\",\"@id\":\"https:\/\/aral2.cetrexmarketing.com\/#\/schema\/logo\/image\/\",\"url\":\"https:\/\/aral2.cetrexmarketing.com\/wp-content\/uploads\/2024\/10\/aral-logo-neg-1024x409-1.png\",\"contentUrl\":\"https:\/\/aral2.cetrexmarketing.com\/wp-content\/uploads\/2024\/10\/aral-logo-neg-1024x409-1.png\",\"width\":1024,\"height\":409,\"caption\":\"M\u00f3n La Cata\"},\"image\":{\"@id\":\"https:\/\/aral2.cetrexmarketing.com\/#\/schema\/logo\/image\/\"}}]}<\/script>\n<!-- \/ Yoast SEO Premium plugin. -->","yoast_head_json":{"title":"Aurora d'Espiells Rosat Juv\u00e9 &amp; Camps vi rosat","description":"Comprar online al millor preu el vi rosat Aurora d'Espiells de Juv\u00e9 &amp; Camps a la DO Pened\u00e8s. Seguretat i rapidesa defineixen la web i la viniteca. Descomptes.","robots":{"index":"noindex","follow":"follow","max-snippet":"max-snippet:-1","max-image-preview":"max-image-preview:large","max-video-preview":"max-video-preview:-1"},"og_locale":"ca_ES","og_type":"article","og_title":"Aurora d'Espiells","og_description":"Comprar online al millor preu el vi rosat Aurora d'Espiells de Juv\u00e9 &amp; Camps a la DO Pened\u00e8s. Seguretat i rapidesa defineixen la web i la viniteca. Descomptes.","og_url":"https:\/\/aral2.cetrexmarketing.com\/ca\/producto\/aurora-despiells-2\/","og_site_name":"M\u00f3n La Cata","article_modified_time":"2025-05-24T07:55:22+00:00","og_image":[{"width":765,"height":1024,"url":"https:\/\/aral2.cetrexmarketing.com\/wp-content\/uploads\/2025\/05\/aurora-espiells.jpg.png","type":"image\/png"}],"twitter_card":"summary_large_image","schema":{"@context":"https:\/\/schema.org","@graph":[{"@type":"WebPage","@id":"https:\/\/aral2.cetrexmarketing.com\/ca\/producto\/aurora-despiells-2\/","url":"https:\/\/aral2.cetrexmarketing.com\/ca\/producto\/aurora-despiells-2\/","name":"Aurora d'Espiells Rosat Juv\u00e9 &amp; Camps vi rosat","isPartOf":{"@id":"https:\/\/aral2.cetrexmarketing.com\/#website"},"primaryImageOfPage":{"@id":"https:\/\/aral2.cetrexmarketing.com\/ca\/producto\/aurora-despiells-2\/#primaryimage"},"image":{"@id":"https:\/\/aral2.cetrexmarketing.com\/ca\/producto\/aurora-despiells-2\/#primaryimage"},"thumbnailUrl":"https:\/\/aral2.cetrexmarketing.com\/wp-content\/uploads\/2025\/05\/aurora-espiells.jpg.png","datePublished":"2025-05-24T07:55:20+00:00","dateModified":"2025-05-24T07:55:22+00:00","description":"Comprar online al millor preu el vi rosat Aurora d'Espiells de Juv\u00e9 &amp; Camps a la DO Pened\u00e8s. Seguretat i rapidesa defineixen la web i la viniteca. Descomptes.","breadcrumb":{"@id":"https:\/\/aral2.cetrexmarketing.com\/ca\/producto\/aurora-despiells-2\/#breadcrumb"},"inLanguage":"ca","potentialAction":[{"@type":"ReadAction","target":["https:\/\/aral2.cetrexmarketing.com\/ca\/producto\/aurora-despiells-2\/"]}]},{"@type":"ImageObject","inLanguage":"ca","@id":"https:\/\/aral2.cetrexmarketing.com\/ca\/producto\/aurora-despiells-2\/#primaryimage","url":"https:\/\/aral2.cetrexmarketing.com\/wp-content\/uploads\/2025\/05\/aurora-espiells.jpg.png","contentUrl":"https:\/\/aral2.cetrexmarketing.com\/wp-content\/uploads\/2025\/05\/aurora-espiells.jpg.png","width":765,"height":1024},{"@type":"BreadcrumbList","@id":"https:\/\/aral2.cetrexmarketing.com\/ca\/producto\/aurora-despiells-2\/#breadcrumb","itemListElement":[{"@type":"ListItem","position":1,"name":"Home","item":"https:\/\/aral2.cetrexmarketing.com\/ca\/"},{"@type":"ListItem","position":2,"name":"Tienda","item":"https:\/\/aral2.cetrexmarketing.com\/ca\/tienda-2\/"},{"@type":"ListItem","position":3,"name":"Vi","item":"https:\/\/aral2.cetrexmarketing.com\/categoria-producto\/vi\/"},{"@type":"ListItem","position":4,"name":"Vi Rosat","item":"https:\/\/aral2.cetrexmarketing.com\/categoria-producto\/vi\/vi-rosat\/"},{"@type":"ListItem","position":5,"name":"Aurora d&#8217;Espiells"}]},{"@type":"WebSite","@id":"https:\/\/aral2.cetrexmarketing.com\/#website","url":"https:\/\/aral2.cetrexmarketing.com\/","name":"M\u00f3n La Cata","description":"Tienda de vinos, licores, cervezas y gourmet","publisher":{"@id":"https:\/\/aral2.cetrexmarketing.com\/#organization"},"potentialAction":[{"@type":"SearchAction","target":{"@type":"EntryPoint","urlTemplate":"https:\/\/aral2.cetrexmarketing.com\/?s={search_term_string}"},"query-input":{"@type":"PropertyValueSpecification","valueRequired":true,"valueName":"search_term_string"}}],"inLanguage":"ca"},{"@type":"Organization","@id":"https:\/\/aral2.cetrexmarketing.com\/#organization","name":"M\u00f3n La Cata","url":"https:\/\/aral2.cetrexmarketing.com\/","logo":{"@type":"ImageObject","inLanguage":"ca","@id":"https:\/\/aral2.cetrexmarketing.com\/#\/schema\/logo\/image\/","url":"https:\/\/aral2.cetrexmarketing.com\/wp-content\/uploads\/2024\/10\/aral-logo-neg-1024x409-1.png","contentUrl":"https:\/\/aral2.cetrexmarketing.com\/wp-content\/uploads\/2024\/10\/aral-logo-neg-1024x409-1.png","width":1024,"height":409,"caption":"M\u00f3n La Cata"},"image":{"@id":"https:\/\/aral2.cetrexmarketing.com\/#\/schema\/logo\/image\/"}}]}},"brands":[{"id":44771,"name":"Juv\u00e9 &amp; Camps","slug":"juve-camps"},{"id":32895,"name":"Pened\u00e8s D.O.","slug":"penedes-d-o"}],"_links":{"self":[{"href":"https:\/\/aral2.cetrexmarketing.com\/ca\/wp-json\/wp\/v2\/product\/81929","targetHints":{"allow":["GET"]}}],"collection":[{"href":"https:\/\/aral2.cetrexmarketing.com\/ca\/wp-json\/wp\/v2\/product"}],"about":[{"href":"https:\/\/aral2.cetrexmarketing.com\/ca\/wp-json\/wp\/v2\/types\/product"}],"replies":[{"embeddable":true,"href":"https:\/\/aral2.cetrexmarketing.com\/ca\/wp-json\/wp\/v2\/comments?post=81929"}],"wp:featuredmedia":[{"embeddable":true,"href":"https:\/\/aral2.cetrexmarketing.com\/ca\/wp-json\/wp\/v2\/media\/81926"}],"wp:attachment":[{"href":"https:\/\/aral2.cetrexmarketing.com\/ca\/wp-json\/wp\/v2\/media?parent=81929"}],"wp:term":[{"taxonomy":"pwb-brand","embeddable":true,"href":"https:\/\/aral2.cetrexmarketing.com\/ca\/wp-json\/wp\/v2\/pwb-brand?post=81929"},{"taxonomy":"product_brand","embeddable":true,"href":"https:\/\/aral2.cetrexmarketing.com\/ca\/wp-json\/wp\/v2\/product_brand?post=81929"},{"taxonomy":"product_cat","embeddable":true,"href":"https:\/\/aral2.cetrexmarketing.com\/ca\/wp-json\/wp\/v2\/product_cat?post=81929"},{"taxonomy":"product_tag","embeddable":true,"href":"https:\/\/aral2.cetrexmarketing.com\/ca\/wp-json\/wp\/v2\/product_tag?post=81929"}],"curies":[{"name":"wp","href":"https:\/\/api.w.org\/{rel}","templated":true}]}}