{"id":81889,"date":"2025-05-24T07:54:42","date_gmt":"2025-05-24T07:54:42","guid":{"rendered":"https:\/\/aral2.cetrexmarketing.com\/producto\/perelada-aires-de-garbet-2\/"},"modified":"2025-05-24T07:54:43","modified_gmt":"2025-05-24T07:54:43","slug":"perelada-aires-de-garbet-2","status":"publish","type":"product","link":"https:\/\/aral2.cetrexmarketing.com\/ca\/producto\/perelada-aires-de-garbet-2\/","title":{"rendered":"Perelada Aires de Garbet"},"content":{"rendered":"<p><strong>Perelada Aires de Garbet<\/strong><\/p>\n<p>\u00c9s un vi amb un gran ventilador arom\u00e0tic que recorda la granja de la que ve: fruites mediterr\u00e0nies, vermelles, bals\u00e0miques, rostides i minerals. A la boca est\u00e0 fresc i especialment molt equilibrat. Tanins madurs i sentiment sed\u00f3s.<\/p>\n","protected":false},"excerpt":{"rendered":"<p>\u00c9s un vi amb un gran ventall arom\u00e0tic que recorda la finca de qu\u00e8 prov\u00e9: herbes mediterr\u00e0nies, fruits vermells, bals\u00e0mics, torrats i minerals. A la boca \u00e9s fresc i sobretot molt equilibrat. Tanins madurs i sensaci\u00f3 sedosa.  <\/p>\n","protected":false},"featured_media":81886,"comment_status":"closed","ping_status":"closed","template":"","meta":{"_acf_changed":false},"pwb-brand":[32879,48844],"product_brand":[],"product_cat":[51677,51701,51670,51671],"product_tag":[14938,14937,52314],"class_list":{"0":"post-81889","1":"product","2":"type-product","3":"status-publish","4":"has-post-thumbnail","6":"pwb-brand-emporda-d-o","7":"pwb-brand-perelada","8":"product_cat-lots-i-estoigs","9":"product_cat-lots-nadal","10":"product_cat-vi","11":"product_cat-vi-negre","12":"product_tag-do-emporda-ca","13":"product_tag-emporda-ca","14":"product_tag-perelada-aires-de-garbet-2","15":"pa_anada-36209","16":"pa_anada-36208","17":"pa_bodega-cavasdelcastillodeperelada","18":"pa_do-emporda-d-o-ca","19":"pa_formatoenml-38306","20":"pa_gastronomico-negre-gastronomic","21":"pa_graduacion-14_5","22":"pa_maridaje-carn-roja","23":"pa_pueblociudad-peraladagirona","24":"pa_variedad-principal-garnacha-tinta-ca","25":"entry","26":"has-media","28":"first","29":"instock","30":"taxable","31":"shipping-taxable","32":"purchasable","33":"product-type-simple"},"acf":[],"yoast_head":"<!-- This site is optimized with the Yoast SEO Premium plugin v23.1 (Yoast SEO v23.5) - https:\/\/yoast.com\/wordpress\/plugins\/seo\/ -->\n<title>Perelada Aires de Garbet<\/title>\n<meta name=\"description\" content=\"Comprar en l\u00ednia vi negre Peralada Aires de Garbet de la DO Empord\u00e0 al millor preu. Botiga de vins de confian\u00e7a i segura. Productes gurmet.\" \/>\n<meta name=\"robots\" content=\"noindex, follow, max-snippet:-1, max-image-preview:large, max-video-preview:-1\" \/>\n<meta property=\"og:locale\" content=\"ca_ES\" \/>\n<meta property=\"og:type\" content=\"article\" \/>\n<meta property=\"og:title\" content=\"Perelada Aires de Garbet\" \/>\n<meta property=\"og:description\" content=\"Comprar en l\u00ednia vi negre Peralada Aires de Garbet de la DO Empord\u00e0 al millor preu. Botiga de vins de confian\u00e7a i segura. Productes gurmet.\" \/>\n<meta property=\"og:url\" content=\"https:\/\/aral2.cetrexmarketing.com\/ca\/producto\/perelada-aires-de-garbet-2\/\" \/>\n<meta property=\"og:site_name\" content=\"M\u00f3n La Cata\" \/>\n<meta property=\"article:modified_time\" content=\"2025-05-24T07:54:43+00:00\" \/>\n<meta property=\"og:image\" content=\"https:\/\/aral2.cetrexmarketing.com\/wp-content\/uploads\/2025\/05\/Perelada-Aires-de-Garbet.jpg.png\" \/>\n\t<meta property=\"og:image:width\" content=\"765\" \/>\n\t<meta property=\"og:image:height\" content=\"1024\" \/>\n\t<meta property=\"og:image:type\" content=\"image\/png\" \/>\n<meta name=\"twitter:card\" content=\"summary_large_image\" \/>\n<script type=\"application\/ld+json\" class=\"yoast-schema-graph\">{\"@context\":\"https:\/\/schema.org\",\"@graph\":[{\"@type\":\"WebPage\",\"@id\":\"https:\/\/aral2.cetrexmarketing.com\/ca\/producto\/perelada-aires-de-garbet-2\/\",\"url\":\"https:\/\/aral2.cetrexmarketing.com\/ca\/producto\/perelada-aires-de-garbet-2\/\",\"name\":\"Perelada Aires de Garbet\",\"isPartOf\":{\"@id\":\"https:\/\/aral2.cetrexmarketing.com\/#website\"},\"primaryImageOfPage\":{\"@id\":\"https:\/\/aral2.cetrexmarketing.com\/ca\/producto\/perelada-aires-de-garbet-2\/#primaryimage\"},\"image\":{\"@id\":\"https:\/\/aral2.cetrexmarketing.com\/ca\/producto\/perelada-aires-de-garbet-2\/#primaryimage\"},\"thumbnailUrl\":\"https:\/\/aral2.cetrexmarketing.com\/wp-content\/uploads\/2025\/05\/Perelada-Aires-de-Garbet.jpg.png\",\"datePublished\":\"2025-05-24T07:54:42+00:00\",\"dateModified\":\"2025-05-24T07:54:43+00:00\",\"description\":\"Comprar en l\u00ednia vi negre Peralada Aires de Garbet de la DO Empord\u00e0 al millor preu. Botiga de vins de confian\u00e7a i segura. Productes gurmet.\",\"breadcrumb\":{\"@id\":\"https:\/\/aral2.cetrexmarketing.com\/ca\/producto\/perelada-aires-de-garbet-2\/#breadcrumb\"},\"inLanguage\":\"ca\",\"potentialAction\":[{\"@type\":\"ReadAction\",\"target\":[\"https:\/\/aral2.cetrexmarketing.com\/ca\/producto\/perelada-aires-de-garbet-2\/\"]}]},{\"@type\":\"ImageObject\",\"inLanguage\":\"ca\",\"@id\":\"https:\/\/aral2.cetrexmarketing.com\/ca\/producto\/perelada-aires-de-garbet-2\/#primaryimage\",\"url\":\"https:\/\/aral2.cetrexmarketing.com\/wp-content\/uploads\/2025\/05\/Perelada-Aires-de-Garbet.jpg.png\",\"contentUrl\":\"https:\/\/aral2.cetrexmarketing.com\/wp-content\/uploads\/2025\/05\/Perelada-Aires-de-Garbet.jpg.png\",\"width\":765,\"height\":1024},{\"@type\":\"BreadcrumbList\",\"@id\":\"https:\/\/aral2.cetrexmarketing.com\/ca\/producto\/perelada-aires-de-garbet-2\/#breadcrumb\",\"itemListElement\":[{\"@type\":\"ListItem\",\"position\":1,\"name\":\"Home\",\"item\":\"https:\/\/aral2.cetrexmarketing.com\/ca\/\"},{\"@type\":\"ListItem\",\"position\":2,\"name\":\"Tienda\",\"item\":\"https:\/\/aral2.cetrexmarketing.com\/ca\/tienda-2\/\"},{\"@type\":\"ListItem\",\"position\":3,\"name\":\"Vino\",\"item\":\"https:\/\/aral2.cetrexmarketing.com\/categoria-producto\/inicio\/vino\/\"},{\"@type\":\"ListItem\",\"position\":4,\"name\":\"Perelada Aires de Garbet\"}]},{\"@type\":\"WebSite\",\"@id\":\"https:\/\/aral2.cetrexmarketing.com\/#website\",\"url\":\"https:\/\/aral2.cetrexmarketing.com\/\",\"name\":\"M\u00f3n La Cata\",\"description\":\"Tienda de vinos, licores, cervezas y gourmet\",\"publisher\":{\"@id\":\"https:\/\/aral2.cetrexmarketing.com\/#organization\"},\"potentialAction\":[{\"@type\":\"SearchAction\",\"target\":{\"@type\":\"EntryPoint\",\"urlTemplate\":\"https:\/\/aral2.cetrexmarketing.com\/?s={search_term_string}\"},\"query-input\":{\"@type\":\"PropertyValueSpecification\",\"valueRequired\":true,\"valueName\":\"search_term_string\"}}],\"inLanguage\":\"ca\"},{\"@type\":\"Organization\",\"@id\":\"https:\/\/aral2.cetrexmarketing.com\/#organization\",\"name\":\"M\u00f3n La Cata\",\"url\":\"https:\/\/aral2.cetrexmarketing.com\/\",\"logo\":{\"@type\":\"ImageObject\",\"inLanguage\":\"ca\",\"@id\":\"https:\/\/aral2.cetrexmarketing.com\/#\/schema\/logo\/image\/\",\"url\":\"https:\/\/aral2.cetrexmarketing.com\/wp-content\/uploads\/2024\/10\/aral-logo-neg-1024x409-1.png\",\"contentUrl\":\"https:\/\/aral2.cetrexmarketing.com\/wp-content\/uploads\/2024\/10\/aral-logo-neg-1024x409-1.png\",\"width\":1024,\"height\":409,\"caption\":\"M\u00f3n La Cata\"},\"image\":{\"@id\":\"https:\/\/aral2.cetrexmarketing.com\/#\/schema\/logo\/image\/\"}}]}<\/script>\n<!-- \/ Yoast SEO Premium plugin. -->","yoast_head_json":{"title":"Perelada Aires de Garbet","description":"Comprar en l\u00ednia vi negre Peralada Aires de Garbet de la DO Empord\u00e0 al millor preu. Botiga de vins de confian\u00e7a i segura. Productes gurmet.","robots":{"index":"noindex","follow":"follow","max-snippet":"max-snippet:-1","max-image-preview":"max-image-preview:large","max-video-preview":"max-video-preview:-1"},"og_locale":"ca_ES","og_type":"article","og_title":"Perelada Aires de Garbet","og_description":"Comprar en l\u00ednia vi negre Peralada Aires de Garbet de la DO Empord\u00e0 al millor preu. Botiga de vins de confian\u00e7a i segura. Productes gurmet.","og_url":"https:\/\/aral2.cetrexmarketing.com\/ca\/producto\/perelada-aires-de-garbet-2\/","og_site_name":"M\u00f3n La Cata","article_modified_time":"2025-05-24T07:54:43+00:00","og_image":[{"width":765,"height":1024,"url":"https:\/\/aral2.cetrexmarketing.com\/wp-content\/uploads\/2025\/05\/Perelada-Aires-de-Garbet.jpg.png","type":"image\/png"}],"twitter_card":"summary_large_image","schema":{"@context":"https:\/\/schema.org","@graph":[{"@type":"WebPage","@id":"https:\/\/aral2.cetrexmarketing.com\/ca\/producto\/perelada-aires-de-garbet-2\/","url":"https:\/\/aral2.cetrexmarketing.com\/ca\/producto\/perelada-aires-de-garbet-2\/","name":"Perelada Aires de Garbet","isPartOf":{"@id":"https:\/\/aral2.cetrexmarketing.com\/#website"},"primaryImageOfPage":{"@id":"https:\/\/aral2.cetrexmarketing.com\/ca\/producto\/perelada-aires-de-garbet-2\/#primaryimage"},"image":{"@id":"https:\/\/aral2.cetrexmarketing.com\/ca\/producto\/perelada-aires-de-garbet-2\/#primaryimage"},"thumbnailUrl":"https:\/\/aral2.cetrexmarketing.com\/wp-content\/uploads\/2025\/05\/Perelada-Aires-de-Garbet.jpg.png","datePublished":"2025-05-24T07:54:42+00:00","dateModified":"2025-05-24T07:54:43+00:00","description":"Comprar en l\u00ednia vi negre Peralada Aires de Garbet de la DO Empord\u00e0 al millor preu. Botiga de vins de confian\u00e7a i segura. Productes gurmet.","breadcrumb":{"@id":"https:\/\/aral2.cetrexmarketing.com\/ca\/producto\/perelada-aires-de-garbet-2\/#breadcrumb"},"inLanguage":"ca","potentialAction":[{"@type":"ReadAction","target":["https:\/\/aral2.cetrexmarketing.com\/ca\/producto\/perelada-aires-de-garbet-2\/"]}]},{"@type":"ImageObject","inLanguage":"ca","@id":"https:\/\/aral2.cetrexmarketing.com\/ca\/producto\/perelada-aires-de-garbet-2\/#primaryimage","url":"https:\/\/aral2.cetrexmarketing.com\/wp-content\/uploads\/2025\/05\/Perelada-Aires-de-Garbet.jpg.png","contentUrl":"https:\/\/aral2.cetrexmarketing.com\/wp-content\/uploads\/2025\/05\/Perelada-Aires-de-Garbet.jpg.png","width":765,"height":1024},{"@type":"BreadcrumbList","@id":"https:\/\/aral2.cetrexmarketing.com\/ca\/producto\/perelada-aires-de-garbet-2\/#breadcrumb","itemListElement":[{"@type":"ListItem","position":1,"name":"Home","item":"https:\/\/aral2.cetrexmarketing.com\/ca\/"},{"@type":"ListItem","position":2,"name":"Tienda","item":"https:\/\/aral2.cetrexmarketing.com\/ca\/tienda-2\/"},{"@type":"ListItem","position":3,"name":"Vino","item":"https:\/\/aral2.cetrexmarketing.com\/categoria-producto\/inicio\/vino\/"},{"@type":"ListItem","position":4,"name":"Perelada Aires de Garbet"}]},{"@type":"WebSite","@id":"https:\/\/aral2.cetrexmarketing.com\/#website","url":"https:\/\/aral2.cetrexmarketing.com\/","name":"M\u00f3n La Cata","description":"Tienda de vinos, licores, cervezas y gourmet","publisher":{"@id":"https:\/\/aral2.cetrexmarketing.com\/#organization"},"potentialAction":[{"@type":"SearchAction","target":{"@type":"EntryPoint","urlTemplate":"https:\/\/aral2.cetrexmarketing.com\/?s={search_term_string}"},"query-input":{"@type":"PropertyValueSpecification","valueRequired":true,"valueName":"search_term_string"}}],"inLanguage":"ca"},{"@type":"Organization","@id":"https:\/\/aral2.cetrexmarketing.com\/#organization","name":"M\u00f3n La Cata","url":"https:\/\/aral2.cetrexmarketing.com\/","logo":{"@type":"ImageObject","inLanguage":"ca","@id":"https:\/\/aral2.cetrexmarketing.com\/#\/schema\/logo\/image\/","url":"https:\/\/aral2.cetrexmarketing.com\/wp-content\/uploads\/2024\/10\/aral-logo-neg-1024x409-1.png","contentUrl":"https:\/\/aral2.cetrexmarketing.com\/wp-content\/uploads\/2024\/10\/aral-logo-neg-1024x409-1.png","width":1024,"height":409,"caption":"M\u00f3n La Cata"},"image":{"@id":"https:\/\/aral2.cetrexmarketing.com\/#\/schema\/logo\/image\/"}}]}},"brands":[{"id":32879,"name":"Empord\u00e0 D.O.","slug":"emporda-d-o"},{"id":48844,"name":"Perelada","slug":"perelada"}],"_links":{"self":[{"href":"https:\/\/aral2.cetrexmarketing.com\/ca\/wp-json\/wp\/v2\/product\/81889","targetHints":{"allow":["GET"]}}],"collection":[{"href":"https:\/\/aral2.cetrexmarketing.com\/ca\/wp-json\/wp\/v2\/product"}],"about":[{"href":"https:\/\/aral2.cetrexmarketing.com\/ca\/wp-json\/wp\/v2\/types\/product"}],"replies":[{"embeddable":true,"href":"https:\/\/aral2.cetrexmarketing.com\/ca\/wp-json\/wp\/v2\/comments?post=81889"}],"wp:featuredmedia":[{"embeddable":true,"href":"https:\/\/aral2.cetrexmarketing.com\/ca\/wp-json\/wp\/v2\/media\/81886"}],"wp:attachment":[{"href":"https:\/\/aral2.cetrexmarketing.com\/ca\/wp-json\/wp\/v2\/media?parent=81889"}],"wp:term":[{"taxonomy":"pwb-brand","embeddable":true,"href":"https:\/\/aral2.cetrexmarketing.com\/ca\/wp-json\/wp\/v2\/pwb-brand?post=81889"},{"taxonomy":"product_brand","embeddable":true,"href":"https:\/\/aral2.cetrexmarketing.com\/ca\/wp-json\/wp\/v2\/product_brand?post=81889"},{"taxonomy":"product_cat","embeddable":true,"href":"https:\/\/aral2.cetrexmarketing.com\/ca\/wp-json\/wp\/v2\/product_cat?post=81889"},{"taxonomy":"product_tag","embeddable":true,"href":"https:\/\/aral2.cetrexmarketing.com\/ca\/wp-json\/wp\/v2\/product_tag?post=81889"}],"curies":[{"name":"wp","href":"https:\/\/api.w.org\/{rel}","templated":true}]}}