{"id":81885,"date":"2025-05-24T07:54:38","date_gmt":"2025-05-24T07:54:38","guid":{"rendered":"https:\/\/aral2.cetrexmarketing.com\/producto\/kripta-trepat-2\/"},"modified":"2025-05-24T07:54:39","modified_gmt":"2025-05-24T07:54:39","slug":"kripta-trepat-2","status":"publish","type":"product","link":"https:\/\/aral2.cetrexmarketing.com\/ca\/producto\/kripta-trepat-2\/","title":{"rendered":"Kripta Trepat"},"content":{"rendered":"<p><strong>Kripta Trepat<\/strong><\/p>\n<p>Cava Rosat elaborat exclusivament amb la varietat de ra\u00efm Trepat i sota la categoria de reserva. Aquest cava \u00e9s produ\u00eft seguint pr\u00e0ctiques de viticultura ecol\u00f2gica, on el ra\u00efm \u00e9s recol\u00b7lectat manualment i porta amb si una certificaci\u00f3 vegana. Prov\u00e9 de la finca Ubac a Sant Joan de Mediona, situada a 500 metres d&#8217;al\u00e7ada.<\/p>\n<p>Les vinyes es cultiven en terrenys de pissarra en parcel\u00b7les escalonades, aprofitant les condicions de la viticultura de muntanya. Aquest cava Kripta Trepat es caracteritza pel seu perfil amb matisos de maduixes silvestres i cireres. \u00c9s un vi escum\u00f3s amb aromes atractives, frescor mineral i una agilitat destacada. Es recomana com a acompanyament perfecte per a aperitius, entrants, seleccions de fruites, formatges frescos i postres elaborades amb pasta de full.<\/p>\n<p>&nbsp;<\/p>\n","protected":false},"excerpt":{"rendered":"<p><strong>Kripta Trepat<\/strong><\/p>\n<p>Crian\u00e7a m\u00ednima de 18 mesos.<\/p>\n<p>Franco i fresc, on dominen les fruites silvestres i destaca especialment la maduixa sobre un fons de menta.<\/p>\n<p>B\u00e9 equilibrat, bona estructura i carb\u00f2nic ben integrat.<\/p>\n<p>Car\u00e0cter varietal, fresc i complex.<\/p>\n","protected":false},"featured_media":81882,"comment_status":"closed","ping_status":"closed","template":"","meta":{"_acf_changed":false},"pwb-brand":[44791,32909,49238],"product_brand":[],"product_cat":[51695,51702,51694],"product_tag":[15084,38464,15119,15159,38826,38866,50401,50404,38843,50377,14923,38463,14931,15740],"class_list":{"0":"post-81885","1":"product","2":"type-product","3":"status-publish","4":"has-post-thumbnail","6":"pwb-brand-agusti-torello-mata","7":"pwb-brand-cava-d-o","8":"pwb-brand-kripta","9":"product_cat-cava-vi-escumos","10":"product_cat-cava-rosat","11":"product_cat-vi-escumos","12":"product_tag-agricultura-ecologica-ca","13":"product_tag-apte-per-a-vegans","14":"product_tag-cava-ca","15":"product_tag-cava-rosado-ca","16":"product_tag-escumos","17":"product_tag-escumos-rosat","18":"product_tag-kripta-rosat","19":"product_tag-kripta-trepat-ca","20":"product_tag-producte-ecologic","21":"product_tag-sant-sadurni-danoia-ca","22":"product_tag-trepat-ca","23":"product_tag-vega","24":"product_tag-vegano-ca","25":"product_tag-viticultura-ecologica-ca","26":"pa_anada-36212","27":"pa_bodega-agustitorellomata","28":"pa_cantidaddeazucar-brut","29":"pa_do-cava-d-o-ca-2","30":"pa_ecologico-vegano-natural-ecologic","31":"pa_ecologico-vegano-natural-vega","32":"pa_envejecimiento-reserva-ca","33":"pa_formatoenml-38306","34":"pa_graduacion-11_5","35":"pa_pais-espanya-ca","36":"pa_region-cataluna","37":"pa_tipodevino-vinoespumoso","38":"pa_variedad-principal-trepat-ca","39":"entry","40":"has-media","42":"first","43":"instock","44":"taxable","45":"shipping-taxable","46":"purchasable","47":"product-type-simple"},"acf":[],"yoast_head":"<!-- This site is optimized with the Yoast SEO Premium plugin v23.1 (Yoast SEO v23.5) - https:\/\/yoast.com\/wordpress\/plugins\/seo\/ -->\n<title>Kripta Trepat<\/title>\n<meta name=\"description\" content=\"Comprar Kripta Trepat en l\u00ednia al millor preu el cava de la DO Cava. Trepat. Confian\u00e7a, rapidesa i seguretat defineixen la web i la nostra viniteca.\" \/>\n<meta name=\"robots\" content=\"noindex, follow, max-snippet:-1, max-image-preview:large, max-video-preview:-1\" \/>\n<meta property=\"og:locale\" content=\"ca_ES\" \/>\n<meta property=\"og:type\" content=\"article\" \/>\n<meta property=\"og:title\" content=\"Kripta Trepat\" \/>\n<meta property=\"og:description\" content=\"Comprar Kripta Trepat en l\u00ednia al millor preu el cava de la DO Cava. Trepat. Confian\u00e7a, rapidesa i seguretat defineixen la web i la nostra viniteca.\" \/>\n<meta property=\"og:url\" content=\"https:\/\/aral2.cetrexmarketing.com\/ca\/producto\/kripta-trepat-2\/\" \/>\n<meta property=\"og:site_name\" content=\"M\u00f3n La Cata\" \/>\n<meta property=\"article:modified_time\" content=\"2025-05-24T07:54:39+00:00\" \/>\n<meta property=\"og:image\" content=\"https:\/\/aral2.cetrexmarketing.com\/wp-content\/uploads\/2025\/05\/Kripta-Trepat.png\" \/>\n\t<meta property=\"og:image:width\" content=\"765\" \/>\n\t<meta property=\"og:image:height\" content=\"1024\" \/>\n\t<meta property=\"og:image:type\" content=\"image\/png\" \/>\n<meta name=\"twitter:card\" content=\"summary_large_image\" \/>\n<meta name=\"twitter:label1\" content=\"Temps estimat de lectura\" \/>\n\t<meta name=\"twitter:data1\" content=\"1 minut\" \/>\n<script type=\"application\/ld+json\" class=\"yoast-schema-graph\">{\"@context\":\"https:\/\/schema.org\",\"@graph\":[{\"@type\":\"WebPage\",\"@id\":\"https:\/\/aral2.cetrexmarketing.com\/ca\/producto\/kripta-trepat-2\/\",\"url\":\"https:\/\/aral2.cetrexmarketing.com\/ca\/producto\/kripta-trepat-2\/\",\"name\":\"Kripta Trepat\",\"isPartOf\":{\"@id\":\"https:\/\/aral2.cetrexmarketing.com\/#website\"},\"primaryImageOfPage\":{\"@id\":\"https:\/\/aral2.cetrexmarketing.com\/ca\/producto\/kripta-trepat-2\/#primaryimage\"},\"image\":{\"@id\":\"https:\/\/aral2.cetrexmarketing.com\/ca\/producto\/kripta-trepat-2\/#primaryimage\"},\"thumbnailUrl\":\"https:\/\/aral2.cetrexmarketing.com\/wp-content\/uploads\/2025\/05\/Kripta-Trepat.png\",\"datePublished\":\"2025-05-24T07:54:38+00:00\",\"dateModified\":\"2025-05-24T07:54:39+00:00\",\"description\":\"Comprar Kripta Trepat en l\u00ednia al millor preu el cava de la DO Cava. Trepat. Confian\u00e7a, rapidesa i seguretat defineixen la web i la nostra viniteca.\",\"breadcrumb\":{\"@id\":\"https:\/\/aral2.cetrexmarketing.com\/ca\/producto\/kripta-trepat-2\/#breadcrumb\"},\"inLanguage\":\"ca\",\"potentialAction\":[{\"@type\":\"ReadAction\",\"target\":[\"https:\/\/aral2.cetrexmarketing.com\/ca\/producto\/kripta-trepat-2\/\"]}]},{\"@type\":\"ImageObject\",\"inLanguage\":\"ca\",\"@id\":\"https:\/\/aral2.cetrexmarketing.com\/ca\/producto\/kripta-trepat-2\/#primaryimage\",\"url\":\"https:\/\/aral2.cetrexmarketing.com\/wp-content\/uploads\/2025\/05\/Kripta-Trepat.png\",\"contentUrl\":\"https:\/\/aral2.cetrexmarketing.com\/wp-content\/uploads\/2025\/05\/Kripta-Trepat.png\",\"width\":765,\"height\":1024},{\"@type\":\"BreadcrumbList\",\"@id\":\"https:\/\/aral2.cetrexmarketing.com\/ca\/producto\/kripta-trepat-2\/#breadcrumb\",\"itemListElement\":[{\"@type\":\"ListItem\",\"position\":1,\"name\":\"Home\",\"item\":\"https:\/\/aral2.cetrexmarketing.com\/ca\/\"},{\"@type\":\"ListItem\",\"position\":2,\"name\":\"Tienda\",\"item\":\"https:\/\/aral2.cetrexmarketing.com\/ca\/tienda-2\/\"},{\"@type\":\"ListItem\",\"position\":3,\"name\":\"Vi Escum\u00f3s\",\"item\":\"https:\/\/aral2.cetrexmarketing.com\/categoria-producto\/home-ca\/vi-escumos-ca\/\"},{\"@type\":\"ListItem\",\"position\":4,\"name\":\"Cava\",\"item\":\"https:\/\/aral2.cetrexmarketing.com\/ca\/categoria-producto\/home-ca\/vi-escumos-ca\/cava-ca\/\"},{\"@type\":\"ListItem\",\"position\":5,\"name\":\"Cava Rosado\",\"item\":\"https:\/\/aral2.cetrexmarketing.com\/categoria-producto\/inicio\/vino-espumoso\/cava\/cava-rosado\/\"},{\"@type\":\"ListItem\",\"position\":6,\"name\":\"Kripta Trepat\"}]},{\"@type\":\"WebSite\",\"@id\":\"https:\/\/aral2.cetrexmarketing.com\/#website\",\"url\":\"https:\/\/aral2.cetrexmarketing.com\/\",\"name\":\"M\u00f3n La Cata\",\"description\":\"Tienda de vinos, licores, cervezas y gourmet\",\"publisher\":{\"@id\":\"https:\/\/aral2.cetrexmarketing.com\/#organization\"},\"potentialAction\":[{\"@type\":\"SearchAction\",\"target\":{\"@type\":\"EntryPoint\",\"urlTemplate\":\"https:\/\/aral2.cetrexmarketing.com\/?s={search_term_string}\"},\"query-input\":{\"@type\":\"PropertyValueSpecification\",\"valueRequired\":true,\"valueName\":\"search_term_string\"}}],\"inLanguage\":\"ca\"},{\"@type\":\"Organization\",\"@id\":\"https:\/\/aral2.cetrexmarketing.com\/#organization\",\"name\":\"M\u00f3n La Cata\",\"url\":\"https:\/\/aral2.cetrexmarketing.com\/\",\"logo\":{\"@type\":\"ImageObject\",\"inLanguage\":\"ca\",\"@id\":\"https:\/\/aral2.cetrexmarketing.com\/#\/schema\/logo\/image\/\",\"url\":\"https:\/\/aral2.cetrexmarketing.com\/wp-content\/uploads\/2024\/10\/aral-logo-neg-1024x409-1.png\",\"contentUrl\":\"https:\/\/aral2.cetrexmarketing.com\/wp-content\/uploads\/2024\/10\/aral-logo-neg-1024x409-1.png\",\"width\":1024,\"height\":409,\"caption\":\"M\u00f3n La Cata\"},\"image\":{\"@id\":\"https:\/\/aral2.cetrexmarketing.com\/#\/schema\/logo\/image\/\"}}]}<\/script>\n<!-- \/ Yoast SEO Premium plugin. -->","yoast_head_json":{"title":"Kripta Trepat","description":"Comprar Kripta Trepat en l\u00ednia al millor preu el cava de la DO Cava. Trepat. Confian\u00e7a, rapidesa i seguretat defineixen la web i la nostra viniteca.","robots":{"index":"noindex","follow":"follow","max-snippet":"max-snippet:-1","max-image-preview":"max-image-preview:large","max-video-preview":"max-video-preview:-1"},"og_locale":"ca_ES","og_type":"article","og_title":"Kripta Trepat","og_description":"Comprar Kripta Trepat en l\u00ednia al millor preu el cava de la DO Cava. Trepat. Confian\u00e7a, rapidesa i seguretat defineixen la web i la nostra viniteca.","og_url":"https:\/\/aral2.cetrexmarketing.com\/ca\/producto\/kripta-trepat-2\/","og_site_name":"M\u00f3n La Cata","article_modified_time":"2025-05-24T07:54:39+00:00","og_image":[{"width":765,"height":1024,"url":"https:\/\/aral2.cetrexmarketing.com\/wp-content\/uploads\/2025\/05\/Kripta-Trepat.png","type":"image\/png"}],"twitter_card":"summary_large_image","twitter_misc":{"Temps estimat de lectura":"1 minut"},"schema":{"@context":"https:\/\/schema.org","@graph":[{"@type":"WebPage","@id":"https:\/\/aral2.cetrexmarketing.com\/ca\/producto\/kripta-trepat-2\/","url":"https:\/\/aral2.cetrexmarketing.com\/ca\/producto\/kripta-trepat-2\/","name":"Kripta Trepat","isPartOf":{"@id":"https:\/\/aral2.cetrexmarketing.com\/#website"},"primaryImageOfPage":{"@id":"https:\/\/aral2.cetrexmarketing.com\/ca\/producto\/kripta-trepat-2\/#primaryimage"},"image":{"@id":"https:\/\/aral2.cetrexmarketing.com\/ca\/producto\/kripta-trepat-2\/#primaryimage"},"thumbnailUrl":"https:\/\/aral2.cetrexmarketing.com\/wp-content\/uploads\/2025\/05\/Kripta-Trepat.png","datePublished":"2025-05-24T07:54:38+00:00","dateModified":"2025-05-24T07:54:39+00:00","description":"Comprar Kripta Trepat en l\u00ednia al millor preu el cava de la DO Cava. Trepat. Confian\u00e7a, rapidesa i seguretat defineixen la web i la nostra viniteca.","breadcrumb":{"@id":"https:\/\/aral2.cetrexmarketing.com\/ca\/producto\/kripta-trepat-2\/#breadcrumb"},"inLanguage":"ca","potentialAction":[{"@type":"ReadAction","target":["https:\/\/aral2.cetrexmarketing.com\/ca\/producto\/kripta-trepat-2\/"]}]},{"@type":"ImageObject","inLanguage":"ca","@id":"https:\/\/aral2.cetrexmarketing.com\/ca\/producto\/kripta-trepat-2\/#primaryimage","url":"https:\/\/aral2.cetrexmarketing.com\/wp-content\/uploads\/2025\/05\/Kripta-Trepat.png","contentUrl":"https:\/\/aral2.cetrexmarketing.com\/wp-content\/uploads\/2025\/05\/Kripta-Trepat.png","width":765,"height":1024},{"@type":"BreadcrumbList","@id":"https:\/\/aral2.cetrexmarketing.com\/ca\/producto\/kripta-trepat-2\/#breadcrumb","itemListElement":[{"@type":"ListItem","position":1,"name":"Home","item":"https:\/\/aral2.cetrexmarketing.com\/ca\/"},{"@type":"ListItem","position":2,"name":"Tienda","item":"https:\/\/aral2.cetrexmarketing.com\/ca\/tienda-2\/"},{"@type":"ListItem","position":3,"name":"Vi Escum\u00f3s","item":"https:\/\/aral2.cetrexmarketing.com\/categoria-producto\/home-ca\/vi-escumos-ca\/"},{"@type":"ListItem","position":4,"name":"Cava","item":"https:\/\/aral2.cetrexmarketing.com\/ca\/categoria-producto\/home-ca\/vi-escumos-ca\/cava-ca\/"},{"@type":"ListItem","position":5,"name":"Cava Rosado","item":"https:\/\/aral2.cetrexmarketing.com\/categoria-producto\/inicio\/vino-espumoso\/cava\/cava-rosado\/"},{"@type":"ListItem","position":6,"name":"Kripta Trepat"}]},{"@type":"WebSite","@id":"https:\/\/aral2.cetrexmarketing.com\/#website","url":"https:\/\/aral2.cetrexmarketing.com\/","name":"M\u00f3n La Cata","description":"Tienda de vinos, licores, cervezas y gourmet","publisher":{"@id":"https:\/\/aral2.cetrexmarketing.com\/#organization"},"potentialAction":[{"@type":"SearchAction","target":{"@type":"EntryPoint","urlTemplate":"https:\/\/aral2.cetrexmarketing.com\/?s={search_term_string}"},"query-input":{"@type":"PropertyValueSpecification","valueRequired":true,"valueName":"search_term_string"}}],"inLanguage":"ca"},{"@type":"Organization","@id":"https:\/\/aral2.cetrexmarketing.com\/#organization","name":"M\u00f3n La Cata","url":"https:\/\/aral2.cetrexmarketing.com\/","logo":{"@type":"ImageObject","inLanguage":"ca","@id":"https:\/\/aral2.cetrexmarketing.com\/#\/schema\/logo\/image\/","url":"https:\/\/aral2.cetrexmarketing.com\/wp-content\/uploads\/2024\/10\/aral-logo-neg-1024x409-1.png","contentUrl":"https:\/\/aral2.cetrexmarketing.com\/wp-content\/uploads\/2024\/10\/aral-logo-neg-1024x409-1.png","width":1024,"height":409,"caption":"M\u00f3n La Cata"},"image":{"@id":"https:\/\/aral2.cetrexmarketing.com\/#\/schema\/logo\/image\/"}}]}},"brands":[{"id":44791,"name":"Agust\u00ed Torell\u00f3 Mata","slug":"agusti-torello-mata"},{"id":32909,"name":"Cava D.O.","slug":"cava-d-o"},{"id":49238,"name":"Kripta","slug":"kripta"}],"_links":{"self":[{"href":"https:\/\/aral2.cetrexmarketing.com\/ca\/wp-json\/wp\/v2\/product\/81885","targetHints":{"allow":["GET"]}}],"collection":[{"href":"https:\/\/aral2.cetrexmarketing.com\/ca\/wp-json\/wp\/v2\/product"}],"about":[{"href":"https:\/\/aral2.cetrexmarketing.com\/ca\/wp-json\/wp\/v2\/types\/product"}],"replies":[{"embeddable":true,"href":"https:\/\/aral2.cetrexmarketing.com\/ca\/wp-json\/wp\/v2\/comments?post=81885"}],"wp:featuredmedia":[{"embeddable":true,"href":"https:\/\/aral2.cetrexmarketing.com\/ca\/wp-json\/wp\/v2\/media\/81882"}],"wp:attachment":[{"href":"https:\/\/aral2.cetrexmarketing.com\/ca\/wp-json\/wp\/v2\/media?parent=81885"}],"wp:term":[{"taxonomy":"pwb-brand","embeddable":true,"href":"https:\/\/aral2.cetrexmarketing.com\/ca\/wp-json\/wp\/v2\/pwb-brand?post=81885"},{"taxonomy":"product_brand","embeddable":true,"href":"https:\/\/aral2.cetrexmarketing.com\/ca\/wp-json\/wp\/v2\/product_brand?post=81885"},{"taxonomy":"product_cat","embeddable":true,"href":"https:\/\/aral2.cetrexmarketing.com\/ca\/wp-json\/wp\/v2\/product_cat?post=81885"},{"taxonomy":"product_tag","embeddable":true,"href":"https:\/\/aral2.cetrexmarketing.com\/ca\/wp-json\/wp\/v2\/product_tag?post=81885"}],"curies":[{"name":"wp","href":"https:\/\/api.w.org\/{rel}","templated":true}]}}