{"id":81874,"date":"2025-05-24T07:54:26","date_gmt":"2025-05-24T07:54:26","guid":{"rendered":"https:\/\/aral2.cetrexmarketing.com\/producto\/kripta-franc-2\/"},"modified":"2025-05-24T07:54:27","modified_gmt":"2025-05-24T07:54:27","slug":"kripta-franc-2","status":"publish","type":"product","link":"https:\/\/aral2.cetrexmarketing.com\/ca\/producto\/kripta-franc-2\/","title":{"rendered":"Kripta Franc"},"content":{"rendered":"<p><strong>Kripta Franc<\/strong><\/p>\n<p><strong>Kripta Franc Brut Reserva<\/strong> \u00e9s un cava excepcional produ\u00eft per <strong>Agust\u00ed Torell\u00f3 Mata<\/strong> a la regi\u00f3 del Pened\u00e8s, Catalunya.<\/p>\n<p>Elaborat amb els ra\u00efms tradicionals <strong>Macabeu<\/strong> , <strong>Xarel\u00b7lo<\/strong> i <strong>Parellada<\/strong> , que se seleccionen manualment per assegurar la m\u00e0xima qualitat. La fermentaci\u00f3 prim\u00e0ria es duu a terme en <strong>dip\u00f2sits d&#8217;acer inoxidable<\/strong> , preservant la frescor i les aromes fruiteres del ra\u00efm.<\/p>\n<p>La segona fermentaci\u00f3 t\u00e9 lloc a l&#8217;ampolla seguint el m\u00e8tode tradicional del cava. Aquest proc\u00e9s us permet desenvolupar una bombolla fina i persistent. Envelleix en contacte amb les mares durant un per\u00edode m\u00ednim de <strong>30 mesos<\/strong> , cosa que li confereix una major complexitat i profunditat.<\/p>\n<p>El degollament es realitza manualment sense addici\u00f3 de licor d&#8217;expedici\u00f3, resultant en un cava <strong>brut nature<\/strong> , \u00e9s a dir, sense sucres afegits.<\/p>\n<p><strong>Kripta Franc Brut Reserva<\/strong> \u00e9s ideal per maridar amb mariscs frescos com ostres, gambes i llagosta. Tamb\u00e9 combina perfectament amb peix blanc a la graella o al forn. Acompanya b\u00e9 a formatges suaus i cremosos com el brie i el camembert. \u00c9s excel\u00b7lent amb carns blanques com pollastre i gall dindi, especialment si estan cuinades amb salses lleugeres. A m\u00e9s, \u00e9s perfecte per a aperitius i tapes, com pernil ib\u00e8ric, ametlles torrades i olives. Tamb\u00e9 podeu complementar postres lleugeres a base de fruites.<\/p>\n<p>Aquest cava destaca per la seva eleg\u00e0ncia, complexitat i versatilitat en el maridatge, essent un reflex clar de la meticulosa elaboraci\u00f3 i la qualitat superior d&#8217; <strong>Agust\u00ed Torell\u00f3 Mata<\/strong> .<\/p>\n","protected":false},"excerpt":{"rendered":"<p><strong>Kripta Franc<\/strong><\/p>\n<p>Cava Brut Reserva, elaborat sota principis de viticultura ecol\u00f2gica a partir de vinyes ubicades a la regi\u00f3 del Pened\u00e8s. La collita es realitza de forma manual i compta amb certificaci\u00f3 vegana. La composici\u00f3 del ra\u00efm \u00e9s un 35% de Macabeu, un 28% de Xarel\u00b7lo i un 37% de Parellada.<\/p>\n<p>Es presenta com un vi escum\u00f3s fresc i viva\u00e7, amb centelleigs de fruites de pinyol, com poma verda, pr\u00e9ssec i nectarina.<\/p>\n<p>\u00c9s especialment adequat per acompanyar aperitius, amanides, primers plats i postres.<\/p>\n","protected":false},"featured_media":81871,"comment_status":"closed","ping_status":"closed","template":"","meta":{"_acf_changed":false},"pwb-brand":[44791,32909,49238],"product_brand":[],"product_cat":[51695,51696,51669,51676,51694],"product_tag":[50405,50406,15119,15123,50396,50408,50407],"class_list":{"0":"post-81874","1":"product","2":"type-product","3":"status-publish","4":"has-post-thumbnail","6":"pwb-brand-agusti-torello-mata","7":"pwb-brand-cava-d-o","8":"pwb-brand-kripta","9":"product_cat-cava-vi-escumos","10":"product_cat-cava-blanc","11":"product_cat-ecologic","12":"product_cat-vega","13":"product_cat-vi-escumos","14":"product_tag-agusti-torell-mata","15":"product_tag-agusti-torello-mata-reserva-brut-ca","16":"product_tag-cava-ca","17":"product_tag-do-cava-ca","18":"product_tag-kripta-ca","19":"product_tag-kripta-franc-ca","20":"product_tag-kripta-reserva-brut-ca","21":"pa_anada-36210","22":"pa_bodega-agustitorellomata","23":"pa_cantidaddeazucar-brut","24":"pa_do-cava-d-o-ca-2","25":"pa_ecologico-vegano-natural-ecologic","26":"pa_ecologico-vegano-natural-vega","27":"pa_envejecimiento-reserva-ca","28":"pa_formatoenml-38306","29":"pa_graduacion-11_5","30":"pa_maridaje-dolcos","31":"pa_pueblociudad-sant-sadurni-danoia-barcelona","32":"pa_region-cataluna","33":"pa_tipodevino-vinoespumoso","34":"entry","35":"has-media","37":"first","38":"instock","39":"taxable","40":"shipping-taxable","41":"purchasable","42":"product-type-simple"},"acf":[],"yoast_head":"<!-- This site is optimized with the Yoast SEO Premium plugin v23.1 (Yoast SEO v23.5) - https:\/\/yoast.com\/wordpress\/plugins\/seo\/ -->\n<title>Kripta Franc<\/title>\n<meta name=\"description\" content=\"Comprar en l\u00ednia al millor preu el vi escum\u00f3s d\u00b4Agust\u00ed Torell\u00f3 Mata Kripta Franc de la DO Cava. Web especialitzada en vins, destil\u00b7lats i alimentaci\u00f3.\" \/>\n<meta name=\"robots\" content=\"noindex, follow, max-snippet:-1, max-image-preview:large, max-video-preview:-1\" \/>\n<meta property=\"og:locale\" content=\"ca_ES\" \/>\n<meta property=\"og:type\" content=\"article\" \/>\n<meta property=\"og:title\" content=\"Kripta Franc\" \/>\n<meta property=\"og:description\" content=\"Comprar en l\u00ednia al millor preu el vi escum\u00f3s d\u00b4Agust\u00ed Torell\u00f3 Mata Kripta Franc de la DO Cava. Web especialitzada en vins, destil\u00b7lats i alimentaci\u00f3.\" \/>\n<meta property=\"og:url\" content=\"https:\/\/aral2.cetrexmarketing.com\/ca\/producto\/kripta-franc-2\/\" \/>\n<meta property=\"og:site_name\" content=\"M\u00f3n La Cata\" \/>\n<meta property=\"article:modified_time\" content=\"2025-05-24T07:54:27+00:00\" \/>\n<meta property=\"og:image\" content=\"https:\/\/aral2.cetrexmarketing.com\/wp-content\/uploads\/2025\/05\/CAVA-CELLER-KRIPTA-FRANC-BRUT-RESERVA.jpg.png\" \/>\n\t<meta property=\"og:image:width\" content=\"765\" \/>\n\t<meta property=\"og:image:height\" content=\"1024\" \/>\n\t<meta property=\"og:image:type\" content=\"image\/png\" \/>\n<meta name=\"twitter:card\" content=\"summary_large_image\" \/>\n<meta name=\"twitter:label1\" content=\"Temps estimat de lectura\" \/>\n\t<meta name=\"twitter:data1\" content=\"1 minut\" \/>\n<script type=\"application\/ld+json\" class=\"yoast-schema-graph\">{\"@context\":\"https:\/\/schema.org\",\"@graph\":[{\"@type\":\"WebPage\",\"@id\":\"https:\/\/aral2.cetrexmarketing.com\/ca\/producto\/kripta-franc-2\/\",\"url\":\"https:\/\/aral2.cetrexmarketing.com\/ca\/producto\/kripta-franc-2\/\",\"name\":\"Kripta Franc\",\"isPartOf\":{\"@id\":\"https:\/\/aral2.cetrexmarketing.com\/#website\"},\"primaryImageOfPage\":{\"@id\":\"https:\/\/aral2.cetrexmarketing.com\/ca\/producto\/kripta-franc-2\/#primaryimage\"},\"image\":{\"@id\":\"https:\/\/aral2.cetrexmarketing.com\/ca\/producto\/kripta-franc-2\/#primaryimage\"},\"thumbnailUrl\":\"https:\/\/aral2.cetrexmarketing.com\/wp-content\/uploads\/2025\/05\/CAVA-CELLER-KRIPTA-FRANC-BRUT-RESERVA.jpg.png\",\"datePublished\":\"2025-05-24T07:54:26+00:00\",\"dateModified\":\"2025-05-24T07:54:27+00:00\",\"description\":\"Comprar en l\u00ednia al millor preu el vi escum\u00f3s d\u00b4Agust\u00ed Torell\u00f3 Mata Kripta Franc de la DO Cava. Web especialitzada en vins, destil\u00b7lats i alimentaci\u00f3.\",\"breadcrumb\":{\"@id\":\"https:\/\/aral2.cetrexmarketing.com\/ca\/producto\/kripta-franc-2\/#breadcrumb\"},\"inLanguage\":\"ca\",\"potentialAction\":[{\"@type\":\"ReadAction\",\"target\":[\"https:\/\/aral2.cetrexmarketing.com\/ca\/producto\/kripta-franc-2\/\"]}]},{\"@type\":\"ImageObject\",\"inLanguage\":\"ca\",\"@id\":\"https:\/\/aral2.cetrexmarketing.com\/ca\/producto\/kripta-franc-2\/#primaryimage\",\"url\":\"https:\/\/aral2.cetrexmarketing.com\/wp-content\/uploads\/2025\/05\/CAVA-CELLER-KRIPTA-FRANC-BRUT-RESERVA.jpg.png\",\"contentUrl\":\"https:\/\/aral2.cetrexmarketing.com\/wp-content\/uploads\/2025\/05\/CAVA-CELLER-KRIPTA-FRANC-BRUT-RESERVA.jpg.png\",\"width\":765,\"height\":1024},{\"@type\":\"BreadcrumbList\",\"@id\":\"https:\/\/aral2.cetrexmarketing.com\/ca\/producto\/kripta-franc-2\/#breadcrumb\",\"itemListElement\":[{\"@type\":\"ListItem\",\"position\":1,\"name\":\"Home\",\"item\":\"https:\/\/aral2.cetrexmarketing.com\/ca\/\"},{\"@type\":\"ListItem\",\"position\":2,\"name\":\"Tienda\",\"item\":\"https:\/\/aral2.cetrexmarketing.com\/ca\/tienda-2\/\"},{\"@type\":\"ListItem\",\"position\":3,\"name\":\"Vi Escum\u00f3s\",\"item\":\"https:\/\/aral2.cetrexmarketing.com\/categoria-producto\/home-ca\/vi-escumos-ca\/\"},{\"@type\":\"ListItem\",\"position\":4,\"name\":\"Cava\",\"item\":\"https:\/\/aral2.cetrexmarketing.com\/ca\/categoria-producto\/home-ca\/vi-escumos-ca\/cava-ca\/\"},{\"@type\":\"ListItem\",\"position\":5,\"name\":\"Cava Blanco\",\"item\":\"https:\/\/aral2.cetrexmarketing.com\/categoria-producto\/inicio\/vino-espumoso\/cava\/cava-blanco\/\"},{\"@type\":\"ListItem\",\"position\":6,\"name\":\"Kripta Franc\"}]},{\"@type\":\"WebSite\",\"@id\":\"https:\/\/aral2.cetrexmarketing.com\/#website\",\"url\":\"https:\/\/aral2.cetrexmarketing.com\/\",\"name\":\"M\u00f3n La Cata\",\"description\":\"Tienda de vinos, licores, cervezas y gourmet\",\"publisher\":{\"@id\":\"https:\/\/aral2.cetrexmarketing.com\/#organization\"},\"potentialAction\":[{\"@type\":\"SearchAction\",\"target\":{\"@type\":\"EntryPoint\",\"urlTemplate\":\"https:\/\/aral2.cetrexmarketing.com\/?s={search_term_string}\"},\"query-input\":{\"@type\":\"PropertyValueSpecification\",\"valueRequired\":true,\"valueName\":\"search_term_string\"}}],\"inLanguage\":\"ca\"},{\"@type\":\"Organization\",\"@id\":\"https:\/\/aral2.cetrexmarketing.com\/#organization\",\"name\":\"M\u00f3n La Cata\",\"url\":\"https:\/\/aral2.cetrexmarketing.com\/\",\"logo\":{\"@type\":\"ImageObject\",\"inLanguage\":\"ca\",\"@id\":\"https:\/\/aral2.cetrexmarketing.com\/#\/schema\/logo\/image\/\",\"url\":\"https:\/\/aral2.cetrexmarketing.com\/wp-content\/uploads\/2024\/10\/aral-logo-neg-1024x409-1.png\",\"contentUrl\":\"https:\/\/aral2.cetrexmarketing.com\/wp-content\/uploads\/2024\/10\/aral-logo-neg-1024x409-1.png\",\"width\":1024,\"height\":409,\"caption\":\"M\u00f3n La Cata\"},\"image\":{\"@id\":\"https:\/\/aral2.cetrexmarketing.com\/#\/schema\/logo\/image\/\"}}]}<\/script>\n<!-- \/ Yoast SEO Premium plugin. -->","yoast_head_json":{"title":"Kripta Franc","description":"Comprar en l\u00ednia al millor preu el vi escum\u00f3s d\u00b4Agust\u00ed Torell\u00f3 Mata Kripta Franc de la DO Cava. Web especialitzada en vins, destil\u00b7lats i alimentaci\u00f3.","robots":{"index":"noindex","follow":"follow","max-snippet":"max-snippet:-1","max-image-preview":"max-image-preview:large","max-video-preview":"max-video-preview:-1"},"og_locale":"ca_ES","og_type":"article","og_title":"Kripta Franc","og_description":"Comprar en l\u00ednia al millor preu el vi escum\u00f3s d\u00b4Agust\u00ed Torell\u00f3 Mata Kripta Franc de la DO Cava. Web especialitzada en vins, destil\u00b7lats i alimentaci\u00f3.","og_url":"https:\/\/aral2.cetrexmarketing.com\/ca\/producto\/kripta-franc-2\/","og_site_name":"M\u00f3n La Cata","article_modified_time":"2025-05-24T07:54:27+00:00","og_image":[{"width":765,"height":1024,"url":"https:\/\/aral2.cetrexmarketing.com\/wp-content\/uploads\/2025\/05\/CAVA-CELLER-KRIPTA-FRANC-BRUT-RESERVA.jpg.png","type":"image\/png"}],"twitter_card":"summary_large_image","twitter_misc":{"Temps estimat de lectura":"1 minut"},"schema":{"@context":"https:\/\/schema.org","@graph":[{"@type":"WebPage","@id":"https:\/\/aral2.cetrexmarketing.com\/ca\/producto\/kripta-franc-2\/","url":"https:\/\/aral2.cetrexmarketing.com\/ca\/producto\/kripta-franc-2\/","name":"Kripta Franc","isPartOf":{"@id":"https:\/\/aral2.cetrexmarketing.com\/#website"},"primaryImageOfPage":{"@id":"https:\/\/aral2.cetrexmarketing.com\/ca\/producto\/kripta-franc-2\/#primaryimage"},"image":{"@id":"https:\/\/aral2.cetrexmarketing.com\/ca\/producto\/kripta-franc-2\/#primaryimage"},"thumbnailUrl":"https:\/\/aral2.cetrexmarketing.com\/wp-content\/uploads\/2025\/05\/CAVA-CELLER-KRIPTA-FRANC-BRUT-RESERVA.jpg.png","datePublished":"2025-05-24T07:54:26+00:00","dateModified":"2025-05-24T07:54:27+00:00","description":"Comprar en l\u00ednia al millor preu el vi escum\u00f3s d\u00b4Agust\u00ed Torell\u00f3 Mata Kripta Franc de la DO Cava. Web especialitzada en vins, destil\u00b7lats i alimentaci\u00f3.","breadcrumb":{"@id":"https:\/\/aral2.cetrexmarketing.com\/ca\/producto\/kripta-franc-2\/#breadcrumb"},"inLanguage":"ca","potentialAction":[{"@type":"ReadAction","target":["https:\/\/aral2.cetrexmarketing.com\/ca\/producto\/kripta-franc-2\/"]}]},{"@type":"ImageObject","inLanguage":"ca","@id":"https:\/\/aral2.cetrexmarketing.com\/ca\/producto\/kripta-franc-2\/#primaryimage","url":"https:\/\/aral2.cetrexmarketing.com\/wp-content\/uploads\/2025\/05\/CAVA-CELLER-KRIPTA-FRANC-BRUT-RESERVA.jpg.png","contentUrl":"https:\/\/aral2.cetrexmarketing.com\/wp-content\/uploads\/2025\/05\/CAVA-CELLER-KRIPTA-FRANC-BRUT-RESERVA.jpg.png","width":765,"height":1024},{"@type":"BreadcrumbList","@id":"https:\/\/aral2.cetrexmarketing.com\/ca\/producto\/kripta-franc-2\/#breadcrumb","itemListElement":[{"@type":"ListItem","position":1,"name":"Home","item":"https:\/\/aral2.cetrexmarketing.com\/ca\/"},{"@type":"ListItem","position":2,"name":"Tienda","item":"https:\/\/aral2.cetrexmarketing.com\/ca\/tienda-2\/"},{"@type":"ListItem","position":3,"name":"Vi Escum\u00f3s","item":"https:\/\/aral2.cetrexmarketing.com\/categoria-producto\/home-ca\/vi-escumos-ca\/"},{"@type":"ListItem","position":4,"name":"Cava","item":"https:\/\/aral2.cetrexmarketing.com\/ca\/categoria-producto\/home-ca\/vi-escumos-ca\/cava-ca\/"},{"@type":"ListItem","position":5,"name":"Cava Blanco","item":"https:\/\/aral2.cetrexmarketing.com\/categoria-producto\/inicio\/vino-espumoso\/cava\/cava-blanco\/"},{"@type":"ListItem","position":6,"name":"Kripta Franc"}]},{"@type":"WebSite","@id":"https:\/\/aral2.cetrexmarketing.com\/#website","url":"https:\/\/aral2.cetrexmarketing.com\/","name":"M\u00f3n La Cata","description":"Tienda de vinos, licores, cervezas y gourmet","publisher":{"@id":"https:\/\/aral2.cetrexmarketing.com\/#organization"},"potentialAction":[{"@type":"SearchAction","target":{"@type":"EntryPoint","urlTemplate":"https:\/\/aral2.cetrexmarketing.com\/?s={search_term_string}"},"query-input":{"@type":"PropertyValueSpecification","valueRequired":true,"valueName":"search_term_string"}}],"inLanguage":"ca"},{"@type":"Organization","@id":"https:\/\/aral2.cetrexmarketing.com\/#organization","name":"M\u00f3n La Cata","url":"https:\/\/aral2.cetrexmarketing.com\/","logo":{"@type":"ImageObject","inLanguage":"ca","@id":"https:\/\/aral2.cetrexmarketing.com\/#\/schema\/logo\/image\/","url":"https:\/\/aral2.cetrexmarketing.com\/wp-content\/uploads\/2024\/10\/aral-logo-neg-1024x409-1.png","contentUrl":"https:\/\/aral2.cetrexmarketing.com\/wp-content\/uploads\/2024\/10\/aral-logo-neg-1024x409-1.png","width":1024,"height":409,"caption":"M\u00f3n La Cata"},"image":{"@id":"https:\/\/aral2.cetrexmarketing.com\/#\/schema\/logo\/image\/"}}]}},"brands":[{"id":44791,"name":"Agust\u00ed Torell\u00f3 Mata","slug":"agusti-torello-mata"},{"id":32909,"name":"Cava D.O.","slug":"cava-d-o"},{"id":49238,"name":"Kripta","slug":"kripta"}],"_links":{"self":[{"href":"https:\/\/aral2.cetrexmarketing.com\/ca\/wp-json\/wp\/v2\/product\/81874","targetHints":{"allow":["GET"]}}],"collection":[{"href":"https:\/\/aral2.cetrexmarketing.com\/ca\/wp-json\/wp\/v2\/product"}],"about":[{"href":"https:\/\/aral2.cetrexmarketing.com\/ca\/wp-json\/wp\/v2\/types\/product"}],"replies":[{"embeddable":true,"href":"https:\/\/aral2.cetrexmarketing.com\/ca\/wp-json\/wp\/v2\/comments?post=81874"}],"wp:featuredmedia":[{"embeddable":true,"href":"https:\/\/aral2.cetrexmarketing.com\/ca\/wp-json\/wp\/v2\/media\/81871"}],"wp:attachment":[{"href":"https:\/\/aral2.cetrexmarketing.com\/ca\/wp-json\/wp\/v2\/media?parent=81874"}],"wp:term":[{"taxonomy":"pwb-brand","embeddable":true,"href":"https:\/\/aral2.cetrexmarketing.com\/ca\/wp-json\/wp\/v2\/pwb-brand?post=81874"},{"taxonomy":"product_brand","embeddable":true,"href":"https:\/\/aral2.cetrexmarketing.com\/ca\/wp-json\/wp\/v2\/product_brand?post=81874"},{"taxonomy":"product_cat","embeddable":true,"href":"https:\/\/aral2.cetrexmarketing.com\/ca\/wp-json\/wp\/v2\/product_cat?post=81874"},{"taxonomy":"product_tag","embeddable":true,"href":"https:\/\/aral2.cetrexmarketing.com\/ca\/wp-json\/wp\/v2\/product_tag?post=81874"}],"curies":[{"name":"wp","href":"https:\/\/api.w.org\/{rel}","templated":true}]}}