{"id":81866,"date":"2025-05-24T07:54:19","date_gmt":"2025-05-24T07:54:19","guid":{"rendered":"https:\/\/aral2.cetrexmarketing.com\/producto\/kripta-ubac-2\/"},"modified":"2025-05-24T07:54:20","modified_gmt":"2025-05-24T07:54:20","slug":"kripta-ubac-2","status":"publish","type":"product","link":"https:\/\/aral2.cetrexmarketing.com\/ca\/producto\/kripta-ubac-2\/","title":{"rendered":"Kripta Ubac"},"content":{"rendered":"<p><strong>Kripta Ubac Gran Reserva Brut  <\/strong><\/p>\n<p><strong>UBA<\/strong> <strong>C<\/strong> es refereix a una finca ubicada a la part m\u00e9s alta del Pened\u00e8s, on es cultiva ra\u00efm Parellada que s&#8217;utilitza per produir un cava \u00fanic.<\/p>\n<p>Aquest cava, conegut com a Cava Brut Gran Reserva, es destaca per ser ecol\u00f2gic i veg\u00e0, elaborat a partir d&#8217;un 48% de Macabeu, un 19% de Xarel\u00b7lo i un 33% de Parellada. T\u00e9 una altitud de 500 metres i \u00e9s collit a m\u00e0.<\/p>\n<p><strong>Kripta Gran Reserva Brut Ubac<\/strong> en si \u00e9s fresc, amb bombolles que persisteixen i un postgust amable. Ofereix notes de fruites blanques i tocs de poma Golden. \u00c9s suau al paladar i es caracteritza per un equilibri perfecte.<\/p>\n<p>Crian\u00e7a m\u00ednima de 24 mesos. Elegant i equilibrat, afruitat i fresc, amb notes de poma madura i alm\u00edvar. Carb\u00f2nic molt ben integrat, amb excel\u00b7lent equilibri sucre-acidesa.<\/p>\n<p>Ideal per a aperitius, peixos, carns blanques, formatges i postres.<\/p>\n","protected":false},"excerpt":{"rendered":"<p>Kripta Ubac<\/p>\n<p>Crian\u00e7a m\u00ednima de 24 mesos.<\/p>\n<p>Elegant i equilibrat, afruitat i fresc, amb notes de poma madura i alm\u00edvar.<\/p>\n<p>Carb\u00f2nic molt ben integrat, amb excel\u00b7lent equilibri sucre-acidesa.<\/p>\n<p>Ideal per a aperitius, peixos, carns blanques, formatges i postres.<\/p>\n","protected":false},"featured_media":81863,"comment_status":"closed","ping_status":"closed","template":"","meta":{"_acf_changed":false},"pwb-brand":[44791,32909,49238],"product_brand":[],"product_cat":[51695,51696,51669,51676,51694],"product_tag":[50405,50409,50410,15120,15119,15123,15147,50396,50411,50413,50412],"class_list":{"0":"post-81866","1":"product","2":"type-product","3":"status-publish","4":"has-post-thumbnail","6":"pwb-brand-agusti-torello-mata","7":"pwb-brand-cava-d-o","8":"pwb-brand-kripta","9":"product_cat-cava-vi-escumos","10":"product_cat-cava-blanc","11":"product_cat-ecologic","12":"product_cat-vega","13":"product_cat-vi-escumos","14":"product_tag-agusti-torell-mata","15":"product_tag-agusti-torello-ca","16":"product_tag-agusti-torello-mata-gran-reserva-brut-ca","17":"product_tag-brut-ca","18":"product_tag-cava-ca","19":"product_tag-do-cava-ca","20":"product_tag-gran-reserva-ca","21":"product_tag-kripta-ca","22":"product_tag-kripta-gran-reserva-brut-ubac-ca","23":"product_tag-kripta-ubac-ca","24":"product_tag-ubac-ca","25":"pa_anada-36210","26":"pa_bodega-agustitorellomata","27":"pa_cantidaddeazucar-brut","28":"pa_do-cava-d-o-ca-2","29":"pa_ecologico-vegano-natural-ecologic","30":"pa_ecologico-vegano-natural-vega","31":"pa_envejecimiento-granreserva-ca","32":"pa_formatoenml-38306","33":"pa_graduacion-11_5","34":"pa_pais-espanya-ca","35":"pa_pueblociudad-sant-sadurni-danoia-barcelona","36":"pa_region-cataluna","37":"pa_tipodevino-vinoespumoso","38":"pa_variedad-principal-macabeu","39":"pa_variedad-principal-parellada-ca","40":"pa_variedad-principal-xarello","41":"entry","42":"has-media","44":"first","45":"instock","46":"taxable","47":"shipping-taxable","48":"purchasable","49":"product-type-simple"},"acf":[],"yoast_head":"<!-- This site is optimized with the Yoast SEO Premium plugin v23.1 (Yoast SEO v23.5) - https:\/\/yoast.com\/wordpress\/plugins\/seo\/ -->\n<title>Kripta Ubac<\/title>\n<meta name=\"description\" content=\"Comprar en l\u00ednia al millor preu Kripta Ubac de la DO Cava. Elaborat per Agust\u00ed Torell\u00f3 Mata a Sant Sadurn\u00ed d&#039;Anoia. Web especialitzada en vins i destil\u00b7lats\" \/>\n<meta name=\"robots\" content=\"noindex, follow, max-snippet:-1, max-image-preview:large, max-video-preview:-1\" \/>\n<meta property=\"og:locale\" content=\"ca_ES\" \/>\n<meta property=\"og:type\" content=\"article\" \/>\n<meta property=\"og:title\" content=\"Kripta Ubac\" \/>\n<meta property=\"og:description\" content=\"Comprar en l\u00ednia al millor preu Kripta Ubac de la DO Cava. Elaborat per Agust\u00ed Torell\u00f3 Mata a Sant Sadurn\u00ed d&#039;Anoia. Web especialitzada en vins i destil\u00b7lats\" \/>\n<meta property=\"og:url\" content=\"https:\/\/aral2.cetrexmarketing.com\/ca\/producto\/kripta-ubac-2\/\" \/>\n<meta property=\"og:site_name\" content=\"M\u00f3n La Cata\" \/>\n<meta property=\"article:modified_time\" content=\"2025-05-24T07:54:20+00:00\" \/>\n<meta property=\"og:image\" content=\"https:\/\/aral2.cetrexmarketing.com\/wp-content\/uploads\/2025\/05\/Kripta-Ubac.png\" \/>\n\t<meta property=\"og:image:width\" content=\"765\" \/>\n\t<meta property=\"og:image:height\" content=\"1024\" \/>\n\t<meta property=\"og:image:type\" content=\"image\/png\" \/>\n<meta name=\"twitter:card\" content=\"summary_large_image\" \/>\n<meta name=\"twitter:label1\" content=\"Temps estimat de lectura\" \/>\n\t<meta name=\"twitter:data1\" content=\"1 minut\" \/>\n<script type=\"application\/ld+json\" class=\"yoast-schema-graph\">{\"@context\":\"https:\/\/schema.org\",\"@graph\":[{\"@type\":\"WebPage\",\"@id\":\"https:\/\/aral2.cetrexmarketing.com\/ca\/producto\/kripta-ubac-2\/\",\"url\":\"https:\/\/aral2.cetrexmarketing.com\/ca\/producto\/kripta-ubac-2\/\",\"name\":\"Kripta Ubac\",\"isPartOf\":{\"@id\":\"https:\/\/aral2.cetrexmarketing.com\/#website\"},\"primaryImageOfPage\":{\"@id\":\"https:\/\/aral2.cetrexmarketing.com\/ca\/producto\/kripta-ubac-2\/#primaryimage\"},\"image\":{\"@id\":\"https:\/\/aral2.cetrexmarketing.com\/ca\/producto\/kripta-ubac-2\/#primaryimage\"},\"thumbnailUrl\":\"https:\/\/aral2.cetrexmarketing.com\/wp-content\/uploads\/2025\/05\/Kripta-Ubac.png\",\"datePublished\":\"2025-05-24T07:54:19+00:00\",\"dateModified\":\"2025-05-24T07:54:20+00:00\",\"description\":\"Comprar en l\u00ednia al millor preu Kripta Ubac de la DO Cava. Elaborat per Agust\u00ed Torell\u00f3 Mata a Sant Sadurn\u00ed d'Anoia. Web especialitzada en vins i destil\u00b7lats\",\"breadcrumb\":{\"@id\":\"https:\/\/aral2.cetrexmarketing.com\/ca\/producto\/kripta-ubac-2\/#breadcrumb\"},\"inLanguage\":\"ca\",\"potentialAction\":[{\"@type\":\"ReadAction\",\"target\":[\"https:\/\/aral2.cetrexmarketing.com\/ca\/producto\/kripta-ubac-2\/\"]}]},{\"@type\":\"ImageObject\",\"inLanguage\":\"ca\",\"@id\":\"https:\/\/aral2.cetrexmarketing.com\/ca\/producto\/kripta-ubac-2\/#primaryimage\",\"url\":\"https:\/\/aral2.cetrexmarketing.com\/wp-content\/uploads\/2025\/05\/Kripta-Ubac.png\",\"contentUrl\":\"https:\/\/aral2.cetrexmarketing.com\/wp-content\/uploads\/2025\/05\/Kripta-Ubac.png\",\"width\":765,\"height\":1024},{\"@type\":\"BreadcrumbList\",\"@id\":\"https:\/\/aral2.cetrexmarketing.com\/ca\/producto\/kripta-ubac-2\/#breadcrumb\",\"itemListElement\":[{\"@type\":\"ListItem\",\"position\":1,\"name\":\"Home\",\"item\":\"https:\/\/aral2.cetrexmarketing.com\/ca\/\"},{\"@type\":\"ListItem\",\"position\":2,\"name\":\"Tienda\",\"item\":\"https:\/\/aral2.cetrexmarketing.com\/ca\/tienda-2\/\"},{\"@type\":\"ListItem\",\"position\":3,\"name\":\"Vi Escum\u00f3s\",\"item\":\"https:\/\/aral2.cetrexmarketing.com\/categoria-producto\/home-ca\/vi-escumos-ca\/\"},{\"@type\":\"ListItem\",\"position\":4,\"name\":\"Cava\",\"item\":\"https:\/\/aral2.cetrexmarketing.com\/ca\/categoria-producto\/home-ca\/vi-escumos-ca\/cava-ca\/\"},{\"@type\":\"ListItem\",\"position\":5,\"name\":\"Cava Blanco\",\"item\":\"https:\/\/aral2.cetrexmarketing.com\/categoria-producto\/inicio\/vino-espumoso\/cava\/cava-blanco\/\"},{\"@type\":\"ListItem\",\"position\":6,\"name\":\"Kripta Ubac\"}]},{\"@type\":\"WebSite\",\"@id\":\"https:\/\/aral2.cetrexmarketing.com\/#website\",\"url\":\"https:\/\/aral2.cetrexmarketing.com\/\",\"name\":\"M\u00f3n La Cata\",\"description\":\"Tienda de vinos, licores, cervezas y gourmet\",\"publisher\":{\"@id\":\"https:\/\/aral2.cetrexmarketing.com\/#organization\"},\"potentialAction\":[{\"@type\":\"SearchAction\",\"target\":{\"@type\":\"EntryPoint\",\"urlTemplate\":\"https:\/\/aral2.cetrexmarketing.com\/?s={search_term_string}\"},\"query-input\":{\"@type\":\"PropertyValueSpecification\",\"valueRequired\":true,\"valueName\":\"search_term_string\"}}],\"inLanguage\":\"ca\"},{\"@type\":\"Organization\",\"@id\":\"https:\/\/aral2.cetrexmarketing.com\/#organization\",\"name\":\"M\u00f3n La Cata\",\"url\":\"https:\/\/aral2.cetrexmarketing.com\/\",\"logo\":{\"@type\":\"ImageObject\",\"inLanguage\":\"ca\",\"@id\":\"https:\/\/aral2.cetrexmarketing.com\/#\/schema\/logo\/image\/\",\"url\":\"https:\/\/aral2.cetrexmarketing.com\/wp-content\/uploads\/2024\/10\/aral-logo-neg-1024x409-1.png\",\"contentUrl\":\"https:\/\/aral2.cetrexmarketing.com\/wp-content\/uploads\/2024\/10\/aral-logo-neg-1024x409-1.png\",\"width\":1024,\"height\":409,\"caption\":\"M\u00f3n La Cata\"},\"image\":{\"@id\":\"https:\/\/aral2.cetrexmarketing.com\/#\/schema\/logo\/image\/\"}}]}<\/script>\n<!-- \/ Yoast SEO Premium plugin. -->","yoast_head_json":{"title":"Kripta Ubac","description":"Comprar en l\u00ednia al millor preu Kripta Ubac de la DO Cava. Elaborat per Agust\u00ed Torell\u00f3 Mata a Sant Sadurn\u00ed d'Anoia. Web especialitzada en vins i destil\u00b7lats","robots":{"index":"noindex","follow":"follow","max-snippet":"max-snippet:-1","max-image-preview":"max-image-preview:large","max-video-preview":"max-video-preview:-1"},"og_locale":"ca_ES","og_type":"article","og_title":"Kripta Ubac","og_description":"Comprar en l\u00ednia al millor preu Kripta Ubac de la DO Cava. Elaborat per Agust\u00ed Torell\u00f3 Mata a Sant Sadurn\u00ed d'Anoia. Web especialitzada en vins i destil\u00b7lats","og_url":"https:\/\/aral2.cetrexmarketing.com\/ca\/producto\/kripta-ubac-2\/","og_site_name":"M\u00f3n La Cata","article_modified_time":"2025-05-24T07:54:20+00:00","og_image":[{"width":765,"height":1024,"url":"https:\/\/aral2.cetrexmarketing.com\/wp-content\/uploads\/2025\/05\/Kripta-Ubac.png","type":"image\/png"}],"twitter_card":"summary_large_image","twitter_misc":{"Temps estimat de lectura":"1 minut"},"schema":{"@context":"https:\/\/schema.org","@graph":[{"@type":"WebPage","@id":"https:\/\/aral2.cetrexmarketing.com\/ca\/producto\/kripta-ubac-2\/","url":"https:\/\/aral2.cetrexmarketing.com\/ca\/producto\/kripta-ubac-2\/","name":"Kripta Ubac","isPartOf":{"@id":"https:\/\/aral2.cetrexmarketing.com\/#website"},"primaryImageOfPage":{"@id":"https:\/\/aral2.cetrexmarketing.com\/ca\/producto\/kripta-ubac-2\/#primaryimage"},"image":{"@id":"https:\/\/aral2.cetrexmarketing.com\/ca\/producto\/kripta-ubac-2\/#primaryimage"},"thumbnailUrl":"https:\/\/aral2.cetrexmarketing.com\/wp-content\/uploads\/2025\/05\/Kripta-Ubac.png","datePublished":"2025-05-24T07:54:19+00:00","dateModified":"2025-05-24T07:54:20+00:00","description":"Comprar en l\u00ednia al millor preu Kripta Ubac de la DO Cava. Elaborat per Agust\u00ed Torell\u00f3 Mata a Sant Sadurn\u00ed d'Anoia. Web especialitzada en vins i destil\u00b7lats","breadcrumb":{"@id":"https:\/\/aral2.cetrexmarketing.com\/ca\/producto\/kripta-ubac-2\/#breadcrumb"},"inLanguage":"ca","potentialAction":[{"@type":"ReadAction","target":["https:\/\/aral2.cetrexmarketing.com\/ca\/producto\/kripta-ubac-2\/"]}]},{"@type":"ImageObject","inLanguage":"ca","@id":"https:\/\/aral2.cetrexmarketing.com\/ca\/producto\/kripta-ubac-2\/#primaryimage","url":"https:\/\/aral2.cetrexmarketing.com\/wp-content\/uploads\/2025\/05\/Kripta-Ubac.png","contentUrl":"https:\/\/aral2.cetrexmarketing.com\/wp-content\/uploads\/2025\/05\/Kripta-Ubac.png","width":765,"height":1024},{"@type":"BreadcrumbList","@id":"https:\/\/aral2.cetrexmarketing.com\/ca\/producto\/kripta-ubac-2\/#breadcrumb","itemListElement":[{"@type":"ListItem","position":1,"name":"Home","item":"https:\/\/aral2.cetrexmarketing.com\/ca\/"},{"@type":"ListItem","position":2,"name":"Tienda","item":"https:\/\/aral2.cetrexmarketing.com\/ca\/tienda-2\/"},{"@type":"ListItem","position":3,"name":"Vi Escum\u00f3s","item":"https:\/\/aral2.cetrexmarketing.com\/categoria-producto\/home-ca\/vi-escumos-ca\/"},{"@type":"ListItem","position":4,"name":"Cava","item":"https:\/\/aral2.cetrexmarketing.com\/ca\/categoria-producto\/home-ca\/vi-escumos-ca\/cava-ca\/"},{"@type":"ListItem","position":5,"name":"Cava Blanco","item":"https:\/\/aral2.cetrexmarketing.com\/categoria-producto\/inicio\/vino-espumoso\/cava\/cava-blanco\/"},{"@type":"ListItem","position":6,"name":"Kripta Ubac"}]},{"@type":"WebSite","@id":"https:\/\/aral2.cetrexmarketing.com\/#website","url":"https:\/\/aral2.cetrexmarketing.com\/","name":"M\u00f3n La Cata","description":"Tienda de vinos, licores, cervezas y gourmet","publisher":{"@id":"https:\/\/aral2.cetrexmarketing.com\/#organization"},"potentialAction":[{"@type":"SearchAction","target":{"@type":"EntryPoint","urlTemplate":"https:\/\/aral2.cetrexmarketing.com\/?s={search_term_string}"},"query-input":{"@type":"PropertyValueSpecification","valueRequired":true,"valueName":"search_term_string"}}],"inLanguage":"ca"},{"@type":"Organization","@id":"https:\/\/aral2.cetrexmarketing.com\/#organization","name":"M\u00f3n La Cata","url":"https:\/\/aral2.cetrexmarketing.com\/","logo":{"@type":"ImageObject","inLanguage":"ca","@id":"https:\/\/aral2.cetrexmarketing.com\/#\/schema\/logo\/image\/","url":"https:\/\/aral2.cetrexmarketing.com\/wp-content\/uploads\/2024\/10\/aral-logo-neg-1024x409-1.png","contentUrl":"https:\/\/aral2.cetrexmarketing.com\/wp-content\/uploads\/2024\/10\/aral-logo-neg-1024x409-1.png","width":1024,"height":409,"caption":"M\u00f3n La Cata"},"image":{"@id":"https:\/\/aral2.cetrexmarketing.com\/#\/schema\/logo\/image\/"}}]}},"brands":[{"id":44791,"name":"Agust\u00ed Torell\u00f3 Mata","slug":"agusti-torello-mata"},{"id":32909,"name":"Cava D.O.","slug":"cava-d-o"},{"id":49238,"name":"Kripta","slug":"kripta"}],"_links":{"self":[{"href":"https:\/\/aral2.cetrexmarketing.com\/ca\/wp-json\/wp\/v2\/product\/81866","targetHints":{"allow":["GET"]}}],"collection":[{"href":"https:\/\/aral2.cetrexmarketing.com\/ca\/wp-json\/wp\/v2\/product"}],"about":[{"href":"https:\/\/aral2.cetrexmarketing.com\/ca\/wp-json\/wp\/v2\/types\/product"}],"replies":[{"embeddable":true,"href":"https:\/\/aral2.cetrexmarketing.com\/ca\/wp-json\/wp\/v2\/comments?post=81866"}],"wp:featuredmedia":[{"embeddable":true,"href":"https:\/\/aral2.cetrexmarketing.com\/ca\/wp-json\/wp\/v2\/media\/81863"}],"wp:attachment":[{"href":"https:\/\/aral2.cetrexmarketing.com\/ca\/wp-json\/wp\/v2\/media?parent=81866"}],"wp:term":[{"taxonomy":"pwb-brand","embeddable":true,"href":"https:\/\/aral2.cetrexmarketing.com\/ca\/wp-json\/wp\/v2\/pwb-brand?post=81866"},{"taxonomy":"product_brand","embeddable":true,"href":"https:\/\/aral2.cetrexmarketing.com\/ca\/wp-json\/wp\/v2\/product_brand?post=81866"},{"taxonomy":"product_cat","embeddable":true,"href":"https:\/\/aral2.cetrexmarketing.com\/ca\/wp-json\/wp\/v2\/product_cat?post=81866"},{"taxonomy":"product_tag","embeddable":true,"href":"https:\/\/aral2.cetrexmarketing.com\/ca\/wp-json\/wp\/v2\/product_tag?post=81866"}],"curies":[{"name":"wp","href":"https:\/\/api.w.org\/{rel}","templated":true}]}}