{"id":81862,"date":"2025-05-24T07:54:15","date_gmt":"2025-05-24T07:54:15","guid":{"rendered":"https:\/\/aral2.cetrexmarketing.com\/producto\/kripta-barrica-2\/"},"modified":"2025-05-24T07:54:17","modified_gmt":"2025-05-24T07:54:17","slug":"kripta-barrica-2","status":"publish","type":"product","link":"https:\/\/aral2.cetrexmarketing.com\/ca\/producto\/kripta-barrica-2\/","title":{"rendered":"Kripta Barrica"},"content":{"rendered":"<p><strong>Kripta Barrica<\/strong><\/p>\n<p>Per a la seva elaboraci\u00f3, es fan servir les varietats tradicionals de cava: Macabeu, Xarel\u00b7lo i Parellada. La verema es realitza de forma manual, seleccionant els millors ra\u00efms. La fermentaci\u00f3 es porta a terme en b\u00f3tes de roure franc\u00e8s, cosa que aporta una major complexitat i estructura al vi. Despr\u00e9s de la fermentaci\u00f3 en b\u00f3ta, el cava se sotmet a una segona fermentaci\u00f3 en ampolla segons el m\u00e8tode tradicional. Posteriorment, s&#8217;envelleix sobre les mares durant un m\u00ednim de 30 mesos. El degollament es realitza de forma manual sense addici\u00f3 de licor d&#8217;expedici\u00f3, cosa que resulta en un cava brut nature.<\/p>\n<p>Pel que fa al maridatge, \u00e9s ideal per acompanyar mariscs frescos com ostres, gambes i llagosta. Tamb\u00e9 \u00e9s perfecte amb peix blanc a la graella o al forn. Combina b\u00e9 amb formatges suaus i cremosos, com el brie o el camembert. A m\u00e9s, \u00e9s excel\u00b7lent amb carns blanques com pollastre o gall dindi, especialment si estan cuinades amb salses lleugeres. Acompanya b\u00e9 aperitius i tapes, com pernil ib\u00e8ric, ametlles torrades i olives. Pot maridar amb postres lleugeres, especialment les a base de fruites.<\/p>\n<p>Cava Kripta Barrica \u00e9s un cava complex i elegant, que destaca tant per la seva elaboraci\u00f3 meticulosa com per la seva versatilitat en maridatge.<\/p>\n","protected":false},"excerpt":{"rendered":"<p>Cava Kripta Barrica \u00e9s un cava complex i elegant, que destaca tant per la seva elaboraci\u00f3 meticulosa com per la seva versatilitat en maridatge.<\/p>\n","protected":false},"featured_media":81859,"comment_status":"closed","ping_status":"closed","template":"","meta":{"_acf_changed":false},"pwb-brand":[32909,49238],"product_brand":[],"product_cat":[51695,51696,51669,51700,51701,51676,51694],"product_tag":[50405,50397,15119,15123,50396,50395],"class_list":{"0":"post-81862","1":"product","2":"type-product","3":"status-publish","4":"has-post-thumbnail","6":"pwb-brand-cava-d-o","7":"pwb-brand-kripta","8":"product_cat-cava-vi-escumos","9":"product_cat-cava-blanc","10":"product_cat-ecologic","11":"product_cat-estoigs-i-lots","12":"product_cat-lots-nadal","13":"product_cat-vega","14":"product_cat-vi-escumos","15":"product_tag-agusti-torell-mata","16":"product_tag-barrica-ca","17":"product_tag-cava-ca","18":"product_tag-do-cava-ca","19":"product_tag-kripta-ca","20":"product_tag-kripta-barrica-ca","21":"pa_anada-36208","22":"pa_bodega-agustitorellomata","23":"pa_cantidaddeazucar-brutnature","24":"pa_do-cava-d-o-ca-2","25":"pa_ecologico-vegano-natural-ecologic","26":"pa_ecologico-vegano-natural-vega","27":"pa_formatoenml-38306","28":"pa_graduacion-12_0","29":"pa_pais-espanya-ca","30":"pa_pueblociudad-sant-sadurni-danoia-barcelona","31":"pa_region-cataluna","32":"pa_tipodevino-vinoespumoso","33":"entry","34":"has-media","36":"first","37":"instock","38":"taxable","39":"shipping-taxable","40":"purchasable","41":"product-type-simple"},"acf":[],"yoast_head":"<!-- This site is optimized with the Yoast SEO Premium plugin v23.1 (Yoast SEO v23.5) - https:\/\/yoast.com\/wordpress\/plugins\/seo\/ -->\n<title>Kripta Barrica<\/title>\n<meta name=\"description\" content=\"Comprar online al millor preu el cava Kripta Barrica d&#039;Agust\u00ed Torell\u00f3 Mata. Web especialitzada en vins, destil\u00b7lats i alimentaci\u00f3 gourmet.\" \/>\n<meta name=\"robots\" content=\"noindex, follow, max-snippet:-1, max-image-preview:large, max-video-preview:-1\" \/>\n<meta property=\"og:locale\" content=\"ca_ES\" \/>\n<meta property=\"og:type\" content=\"article\" \/>\n<meta property=\"og:title\" content=\"Kripta Barrica\" \/>\n<meta property=\"og:description\" content=\"Comprar online al millor preu el cava Kripta Barrica d&#039;Agust\u00ed Torell\u00f3 Mata. Web especialitzada en vins, destil\u00b7lats i alimentaci\u00f3 gourmet.\" \/>\n<meta property=\"og:url\" content=\"https:\/\/aral2.cetrexmarketing.com\/ca\/producto\/kripta-barrica-2\/\" \/>\n<meta property=\"og:site_name\" content=\"M\u00f3n La Cata\" \/>\n<meta property=\"article:modified_time\" content=\"2025-05-24T07:54:17+00:00\" \/>\n<meta property=\"og:image\" content=\"https:\/\/aral2.cetrexmarketing.com\/wp-content\/uploads\/2025\/05\/Kripta-Barrica.png\" \/>\n\t<meta property=\"og:image:width\" content=\"765\" \/>\n\t<meta property=\"og:image:height\" content=\"1024\" \/>\n\t<meta property=\"og:image:type\" content=\"image\/png\" \/>\n<meta name=\"twitter:card\" content=\"summary_large_image\" \/>\n<meta name=\"twitter:label1\" content=\"Temps estimat de lectura\" \/>\n\t<meta name=\"twitter:data1\" content=\"2 minuts\" \/>\n<script type=\"application\/ld+json\" class=\"yoast-schema-graph\">{\"@context\":\"https:\/\/schema.org\",\"@graph\":[{\"@type\":\"WebPage\",\"@id\":\"https:\/\/aral2.cetrexmarketing.com\/ca\/producto\/kripta-barrica-2\/\",\"url\":\"https:\/\/aral2.cetrexmarketing.com\/ca\/producto\/kripta-barrica-2\/\",\"name\":\"Kripta Barrica\",\"isPartOf\":{\"@id\":\"https:\/\/aral2.cetrexmarketing.com\/#website\"},\"primaryImageOfPage\":{\"@id\":\"https:\/\/aral2.cetrexmarketing.com\/ca\/producto\/kripta-barrica-2\/#primaryimage\"},\"image\":{\"@id\":\"https:\/\/aral2.cetrexmarketing.com\/ca\/producto\/kripta-barrica-2\/#primaryimage\"},\"thumbnailUrl\":\"https:\/\/aral2.cetrexmarketing.com\/wp-content\/uploads\/2025\/05\/Kripta-Barrica.png\",\"datePublished\":\"2025-05-24T07:54:15+00:00\",\"dateModified\":\"2025-05-24T07:54:17+00:00\",\"description\":\"Comprar online al millor preu el cava Kripta Barrica d'Agust\u00ed Torell\u00f3 Mata. Web especialitzada en vins, destil\u00b7lats i alimentaci\u00f3 gourmet.\",\"breadcrumb\":{\"@id\":\"https:\/\/aral2.cetrexmarketing.com\/ca\/producto\/kripta-barrica-2\/#breadcrumb\"},\"inLanguage\":\"ca\",\"potentialAction\":[{\"@type\":\"ReadAction\",\"target\":[\"https:\/\/aral2.cetrexmarketing.com\/ca\/producto\/kripta-barrica-2\/\"]}]},{\"@type\":\"ImageObject\",\"inLanguage\":\"ca\",\"@id\":\"https:\/\/aral2.cetrexmarketing.com\/ca\/producto\/kripta-barrica-2\/#primaryimage\",\"url\":\"https:\/\/aral2.cetrexmarketing.com\/wp-content\/uploads\/2025\/05\/Kripta-Barrica.png\",\"contentUrl\":\"https:\/\/aral2.cetrexmarketing.com\/wp-content\/uploads\/2025\/05\/Kripta-Barrica.png\",\"width\":765,\"height\":1024},{\"@type\":\"BreadcrumbList\",\"@id\":\"https:\/\/aral2.cetrexmarketing.com\/ca\/producto\/kripta-barrica-2\/#breadcrumb\",\"itemListElement\":[{\"@type\":\"ListItem\",\"position\":1,\"name\":\"Home\",\"item\":\"https:\/\/aral2.cetrexmarketing.com\/ca\/\"},{\"@type\":\"ListItem\",\"position\":2,\"name\":\"Tienda\",\"item\":\"https:\/\/aral2.cetrexmarketing.com\/ca\/tienda-2\/\"},{\"@type\":\"ListItem\",\"position\":3,\"name\":\"Vi Escum\u00f3s\",\"item\":\"https:\/\/aral2.cetrexmarketing.com\/categoria-producto\/home-ca\/vi-escumos-ca\/\"},{\"@type\":\"ListItem\",\"position\":4,\"name\":\"Cava\",\"item\":\"https:\/\/aral2.cetrexmarketing.com\/ca\/categoria-producto\/home-ca\/vi-escumos-ca\/cava-ca\/\"},{\"@type\":\"ListItem\",\"position\":5,\"name\":\"Cava Blanco\",\"item\":\"https:\/\/aral2.cetrexmarketing.com\/categoria-producto\/inicio\/vino-espumoso\/cava\/cava-blanco\/\"},{\"@type\":\"ListItem\",\"position\":6,\"name\":\"Kripta Barrica\"}]},{\"@type\":\"WebSite\",\"@id\":\"https:\/\/aral2.cetrexmarketing.com\/#website\",\"url\":\"https:\/\/aral2.cetrexmarketing.com\/\",\"name\":\"M\u00f3n La Cata\",\"description\":\"Tienda de vinos, licores, cervezas y gourmet\",\"publisher\":{\"@id\":\"https:\/\/aral2.cetrexmarketing.com\/#organization\"},\"potentialAction\":[{\"@type\":\"SearchAction\",\"target\":{\"@type\":\"EntryPoint\",\"urlTemplate\":\"https:\/\/aral2.cetrexmarketing.com\/?s={search_term_string}\"},\"query-input\":{\"@type\":\"PropertyValueSpecification\",\"valueRequired\":true,\"valueName\":\"search_term_string\"}}],\"inLanguage\":\"ca\"},{\"@type\":\"Organization\",\"@id\":\"https:\/\/aral2.cetrexmarketing.com\/#organization\",\"name\":\"M\u00f3n La Cata\",\"url\":\"https:\/\/aral2.cetrexmarketing.com\/\",\"logo\":{\"@type\":\"ImageObject\",\"inLanguage\":\"ca\",\"@id\":\"https:\/\/aral2.cetrexmarketing.com\/#\/schema\/logo\/image\/\",\"url\":\"https:\/\/aral2.cetrexmarketing.com\/wp-content\/uploads\/2024\/10\/aral-logo-neg-1024x409-1.png\",\"contentUrl\":\"https:\/\/aral2.cetrexmarketing.com\/wp-content\/uploads\/2024\/10\/aral-logo-neg-1024x409-1.png\",\"width\":1024,\"height\":409,\"caption\":\"M\u00f3n La Cata\"},\"image\":{\"@id\":\"https:\/\/aral2.cetrexmarketing.com\/#\/schema\/logo\/image\/\"}}]}<\/script>\n<!-- \/ Yoast SEO Premium plugin. -->","yoast_head_json":{"title":"Kripta Barrica","description":"Comprar online al millor preu el cava Kripta Barrica d'Agust\u00ed Torell\u00f3 Mata. Web especialitzada en vins, destil\u00b7lats i alimentaci\u00f3 gourmet.","robots":{"index":"noindex","follow":"follow","max-snippet":"max-snippet:-1","max-image-preview":"max-image-preview:large","max-video-preview":"max-video-preview:-1"},"og_locale":"ca_ES","og_type":"article","og_title":"Kripta Barrica","og_description":"Comprar online al millor preu el cava Kripta Barrica d'Agust\u00ed Torell\u00f3 Mata. Web especialitzada en vins, destil\u00b7lats i alimentaci\u00f3 gourmet.","og_url":"https:\/\/aral2.cetrexmarketing.com\/ca\/producto\/kripta-barrica-2\/","og_site_name":"M\u00f3n La Cata","article_modified_time":"2025-05-24T07:54:17+00:00","og_image":[{"width":765,"height":1024,"url":"https:\/\/aral2.cetrexmarketing.com\/wp-content\/uploads\/2025\/05\/Kripta-Barrica.png","type":"image\/png"}],"twitter_card":"summary_large_image","twitter_misc":{"Temps estimat de lectura":"2 minuts"},"schema":{"@context":"https:\/\/schema.org","@graph":[{"@type":"WebPage","@id":"https:\/\/aral2.cetrexmarketing.com\/ca\/producto\/kripta-barrica-2\/","url":"https:\/\/aral2.cetrexmarketing.com\/ca\/producto\/kripta-barrica-2\/","name":"Kripta Barrica","isPartOf":{"@id":"https:\/\/aral2.cetrexmarketing.com\/#website"},"primaryImageOfPage":{"@id":"https:\/\/aral2.cetrexmarketing.com\/ca\/producto\/kripta-barrica-2\/#primaryimage"},"image":{"@id":"https:\/\/aral2.cetrexmarketing.com\/ca\/producto\/kripta-barrica-2\/#primaryimage"},"thumbnailUrl":"https:\/\/aral2.cetrexmarketing.com\/wp-content\/uploads\/2025\/05\/Kripta-Barrica.png","datePublished":"2025-05-24T07:54:15+00:00","dateModified":"2025-05-24T07:54:17+00:00","description":"Comprar online al millor preu el cava Kripta Barrica d'Agust\u00ed Torell\u00f3 Mata. Web especialitzada en vins, destil\u00b7lats i alimentaci\u00f3 gourmet.","breadcrumb":{"@id":"https:\/\/aral2.cetrexmarketing.com\/ca\/producto\/kripta-barrica-2\/#breadcrumb"},"inLanguage":"ca","potentialAction":[{"@type":"ReadAction","target":["https:\/\/aral2.cetrexmarketing.com\/ca\/producto\/kripta-barrica-2\/"]}]},{"@type":"ImageObject","inLanguage":"ca","@id":"https:\/\/aral2.cetrexmarketing.com\/ca\/producto\/kripta-barrica-2\/#primaryimage","url":"https:\/\/aral2.cetrexmarketing.com\/wp-content\/uploads\/2025\/05\/Kripta-Barrica.png","contentUrl":"https:\/\/aral2.cetrexmarketing.com\/wp-content\/uploads\/2025\/05\/Kripta-Barrica.png","width":765,"height":1024},{"@type":"BreadcrumbList","@id":"https:\/\/aral2.cetrexmarketing.com\/ca\/producto\/kripta-barrica-2\/#breadcrumb","itemListElement":[{"@type":"ListItem","position":1,"name":"Home","item":"https:\/\/aral2.cetrexmarketing.com\/ca\/"},{"@type":"ListItem","position":2,"name":"Tienda","item":"https:\/\/aral2.cetrexmarketing.com\/ca\/tienda-2\/"},{"@type":"ListItem","position":3,"name":"Vi Escum\u00f3s","item":"https:\/\/aral2.cetrexmarketing.com\/categoria-producto\/home-ca\/vi-escumos-ca\/"},{"@type":"ListItem","position":4,"name":"Cava","item":"https:\/\/aral2.cetrexmarketing.com\/ca\/categoria-producto\/home-ca\/vi-escumos-ca\/cava-ca\/"},{"@type":"ListItem","position":5,"name":"Cava Blanco","item":"https:\/\/aral2.cetrexmarketing.com\/categoria-producto\/inicio\/vino-espumoso\/cava\/cava-blanco\/"},{"@type":"ListItem","position":6,"name":"Kripta Barrica"}]},{"@type":"WebSite","@id":"https:\/\/aral2.cetrexmarketing.com\/#website","url":"https:\/\/aral2.cetrexmarketing.com\/","name":"M\u00f3n La Cata","description":"Tienda de vinos, licores, cervezas y gourmet","publisher":{"@id":"https:\/\/aral2.cetrexmarketing.com\/#organization"},"potentialAction":[{"@type":"SearchAction","target":{"@type":"EntryPoint","urlTemplate":"https:\/\/aral2.cetrexmarketing.com\/?s={search_term_string}"},"query-input":{"@type":"PropertyValueSpecification","valueRequired":true,"valueName":"search_term_string"}}],"inLanguage":"ca"},{"@type":"Organization","@id":"https:\/\/aral2.cetrexmarketing.com\/#organization","name":"M\u00f3n La Cata","url":"https:\/\/aral2.cetrexmarketing.com\/","logo":{"@type":"ImageObject","inLanguage":"ca","@id":"https:\/\/aral2.cetrexmarketing.com\/#\/schema\/logo\/image\/","url":"https:\/\/aral2.cetrexmarketing.com\/wp-content\/uploads\/2024\/10\/aral-logo-neg-1024x409-1.png","contentUrl":"https:\/\/aral2.cetrexmarketing.com\/wp-content\/uploads\/2024\/10\/aral-logo-neg-1024x409-1.png","width":1024,"height":409,"caption":"M\u00f3n La Cata"},"image":{"@id":"https:\/\/aral2.cetrexmarketing.com\/#\/schema\/logo\/image\/"}}]}},"brands":[{"id":32909,"name":"Cava D.O.","slug":"cava-d-o"},{"id":49238,"name":"Kripta","slug":"kripta"}],"_links":{"self":[{"href":"https:\/\/aral2.cetrexmarketing.com\/ca\/wp-json\/wp\/v2\/product\/81862","targetHints":{"allow":["GET"]}}],"collection":[{"href":"https:\/\/aral2.cetrexmarketing.com\/ca\/wp-json\/wp\/v2\/product"}],"about":[{"href":"https:\/\/aral2.cetrexmarketing.com\/ca\/wp-json\/wp\/v2\/types\/product"}],"replies":[{"embeddable":true,"href":"https:\/\/aral2.cetrexmarketing.com\/ca\/wp-json\/wp\/v2\/comments?post=81862"}],"wp:featuredmedia":[{"embeddable":true,"href":"https:\/\/aral2.cetrexmarketing.com\/ca\/wp-json\/wp\/v2\/media\/81859"}],"wp:attachment":[{"href":"https:\/\/aral2.cetrexmarketing.com\/ca\/wp-json\/wp\/v2\/media?parent=81862"}],"wp:term":[{"taxonomy":"pwb-brand","embeddable":true,"href":"https:\/\/aral2.cetrexmarketing.com\/ca\/wp-json\/wp\/v2\/pwb-brand?post=81862"},{"taxonomy":"product_brand","embeddable":true,"href":"https:\/\/aral2.cetrexmarketing.com\/ca\/wp-json\/wp\/v2\/product_brand?post=81862"},{"taxonomy":"product_cat","embeddable":true,"href":"https:\/\/aral2.cetrexmarketing.com\/ca\/wp-json\/wp\/v2\/product_cat?post=81862"},{"taxonomy":"product_tag","embeddable":true,"href":"https:\/\/aral2.cetrexmarketing.com\/ca\/wp-json\/wp\/v2\/product_tag?post=81862"}],"curies":[{"name":"wp","href":"https:\/\/api.w.org\/{rel}","templated":true}]}}