{"id":81772,"date":"2025-05-24T07:52:59","date_gmt":"2025-05-24T07:52:59","guid":{"rendered":"https:\/\/aral2.cetrexmarketing.com\/producto\/ferreira-tawny-2\/"},"modified":"2025-05-24T07:53:01","modified_gmt":"2025-05-24T07:53:01","slug":"ferreira-tawny-2","status":"publish","type":"product","link":"https:\/\/aral2.cetrexmarketing.com\/ca\/producto\/ferreira-tawny-2\/","title":{"rendered":"Ferreira Tawny"},"content":{"rendered":"<p class=\"\" data-start=\"1700\" data-end=\"1945\">Ferreira Tawny \u00e9s un vi de Porto cl\u00e0ssic i elegant, elaborat pel celler hist\u00f2ric portugu\u00e8s Ferreira, fundat el 1751. Aquest vi reflecteix la tradici\u00f3 i excel\u00b7l\u00e8ncia de la regi\u00f3 del Douro, oferint una experi\u00e8ncia sensorial equilibrada i refinada.<\/p>\n<p class=\"\" data-start=\"1947\" data-end=\"1968\"><strong data-start=\"1947\" data-end=\"1968\">Caracter\u00edstiques:<\/strong><\/p>\n<ul data-start=\"1970\" data-end=\"2327\">\n<li class=\"\" data-start=\"1970\" data-end=\"2006\">\n<p class=\"\" data-start=\"1972\" data-end=\"2006\"><strong data-start=\"1972\" data-end=\"1983\">Origen:<\/strong> D.O.C. Douro, Portugal<\/p>\n<\/li>\n<li class=\"\" data-start=\"2007\" data-end=\"2050\">\n<p class=\"\" data-start=\"2009\" data-end=\"2050\"><strong data-start=\"2009\" data-end=\"2019\">Tipus:<\/strong> Vi de Porto Tawny (fortificat)<\/p>\n<\/li>\n<li class=\"\" data-start=\"2051\" data-end=\"2163\">\n<p class=\"\" data-start=\"2053\" data-end=\"2163\"><strong data-start=\"2053\" data-end=\"2075\">Varietats de ra\u00efm:<\/strong> Touriga Franca, Touriga Nacional, Tinta Barroca, Tinto C\u00e3o, Tinta Roriz i Tinta Amarela<\/p>\n<\/li>\n<li class=\"\" data-start=\"2164\" data-end=\"2239\">\n<p class=\"\" data-start=\"2166\" data-end=\"2239\"><strong data-start=\"2166\" data-end=\"2178\">Crian\u00e7a:<\/strong> Envellit en b\u00f3tes de roure, adquirint complexitat i suavitat<\/p>\n<\/li>\n<li class=\"\" data-start=\"2240\" data-end=\"2278\">\n<p class=\"\" data-start=\"2242\" data-end=\"2278\"><strong data-start=\"2242\" data-end=\"2267\">Graduaci\u00f3 alcoh\u00f2lica:<\/strong> 19,5% vol.<\/p>\n<\/li>\n<li class=\"\" data-start=\"2279\" data-end=\"2327\">\n<p class=\"\" data-start=\"2281\" data-end=\"2327\"><strong data-start=\"2281\" data-end=\"2318\">Temperatura de servei recomanada:<\/strong> 14\u201316\u202f\u00b0C<\/p>\n<\/li>\n<\/ul>\n<p class=\"\" data-start=\"2329\" data-end=\"2347\"><strong data-start=\"2329\" data-end=\"2347\">Notes de tast:<\/strong><\/p>\n<ul data-start=\"2349\" data-end=\"2648\">\n<li class=\"\" data-start=\"2349\" data-end=\"2402\">\n<p class=\"\" data-start=\"2351\" data-end=\"2402\"><strong data-start=\"2351\" data-end=\"2361\">Vista:<\/strong> Color vermell daurat amb reflexos ambre.<\/p>\n<\/li>\n<li class=\"\" data-start=\"2403\" data-end=\"2526\">\n<p class=\"\" data-start=\"2405\" data-end=\"2526\"><strong data-start=\"2405\" data-end=\"2413\">Nas:<\/strong> Aromes frescos i delicats, amb notes d&#8217;esp\u00e8cies i fruits secs, adquirits durant l&#8217;envelliment en fusta de roure.<\/p>\n<\/li>\n<li class=\"\" data-start=\"2527\" data-end=\"2648\">\n<p class=\"\" data-start=\"2529\" data-end=\"2648\"><strong data-start=\"2529\" data-end=\"2538\">Boca:<\/strong> Vi elegant que mostra un equilibri entre tanins madurs i dol\u00e7or, proporcionant un final atractiu i prolongat.<\/p>\n<\/li>\n<\/ul>\n<p class=\"\" data-start=\"2650\" data-end=\"2674\"><strong data-start=\"2650\" data-end=\"2674\">Maridatge recomanat:<\/strong><\/p>\n<ul data-start=\"2676\" data-end=\"2940\">\n<li class=\"\" data-start=\"2676\" data-end=\"2776\">\n<p class=\"\" data-start=\"2678\" data-end=\"2776\"><strong data-start=\"2678\" data-end=\"2690\">Postres:<\/strong> Ideal per acompanyar postres amb caramel, caf\u00e8, past\u00eds de poma i cremes tradicionals.<\/p>\n<\/li>\n<li class=\"\" data-start=\"2777\" data-end=\"2850\">\n<p class=\"\" data-start=\"2779\" data-end=\"2850\"><strong data-start=\"2779\" data-end=\"2793\">Formatges:<\/strong> Combina b\u00e9 amb formatges forts o blaus com el Roquefort.<\/p>\n<\/li>\n<li class=\"\" data-start=\"2851\" data-end=\"2940\">\n<p class=\"\" data-start=\"2853\" data-end=\"2940\"><strong data-start=\"2853\" data-end=\"2866\">Aperitiu:<\/strong> Tamb\u00e9 \u00e9s un aperitiu molt agradable quan se serveix fred amb fruits secs.<\/p>\n<\/li>\n<\/ul>\n<p class=\"\" data-start=\"2942\" data-end=\"2956\"><strong data-start=\"2942\" data-end=\"2956\">Conclusi\u00f3:<\/strong><\/p>\n<p class=\"\" data-start=\"2958\" data-end=\"3222\">Ferreira Tawny \u00e9s una opci\u00f3 excel\u00b7lent per a aquells que busquen un Porto vers\u00e0til i accessible, perfecte tant per a ocasions especials com per gaudir en moments quotidians. El seu equilibri entre dol\u00e7or i frescor el converteix en un vi atractiu i f\u00e0cil de gaudir.<\/p>\n","protected":false},"excerpt":{"rendered":"<p>Edici\u00f3 Tawny del porto del celler Ferreira.<\/p>\n","protected":false},"featured_media":81769,"comment_status":"closed","ping_status":"closed","template":"","meta":{"_acf_changed":false},"pwb-brand":[32999],"product_brand":[],"product_cat":[51670,51686],"product_tag":[],"class_list":{"0":"post-81772","1":"product","2":"type-product","3":"status-publish","4":"has-post-thumbnail","6":"pwb-brand-oporto-d-o-portugal","7":"product_cat-vi","8":"product_cat-vi-generos","9":"pa_bodega-sograpevinhos","10":"pa_do-porto-douro-d-o-c-2","11":"pa_formatoenl-36158","12":"pa_formatoenml-38306","13":"pa_graduacion-19_5","14":"pa_pais-portugal-ca","15":"pa_pesoengramos-38342","16":"pa_pesoenkg-10-ca","17":"entry","18":"has-media","20":"first","21":"outofstock","22":"taxable","23":"shipping-taxable","24":"purchasable","25":"product-type-simple"},"acf":[],"yoast_head":"<!-- This site is optimized with the Yoast SEO Premium plugin v23.1 (Yoast SEO v23.5) - https:\/\/yoast.com\/wordpress\/plugins\/seo\/ -->\n<title>Ferreira Tawny - M\u00f3n La Cata<\/title>\n<meta name=\"description\" content=\"Comprar Ferreira Tawny en M\u00f3n La Cata . Tienda online especilizada en vino y alimentaci\u00f3n. Env\u00edos puntuales y promociones\" \/>\n<meta name=\"robots\" content=\"noindex, follow, max-snippet:-1, max-image-preview:large, max-video-preview:-1\" \/>\n<meta property=\"og:locale\" content=\"ca_ES\" \/>\n<meta property=\"og:type\" content=\"article\" \/>\n<meta property=\"og:title\" content=\"Ferreira Tawny\" \/>\n<meta property=\"og:description\" content=\"Comprar Ferreira Tawny en M\u00f3n La Cata . Tienda online especilizada en vino y alimentaci\u00f3n. Env\u00edos puntuales y promociones\" \/>\n<meta property=\"og:url\" content=\"https:\/\/aral2.cetrexmarketing.com\/ca\/producto\/ferreira-tawny-2\/\" \/>\n<meta property=\"og:site_name\" content=\"M\u00f3n La Cata\" \/>\n<meta property=\"article:modified_time\" content=\"2025-05-24T07:53:01+00:00\" \/>\n<meta property=\"og:image\" content=\"https:\/\/aral2.cetrexmarketing.com\/wp-content\/uploads\/2025\/05\/ferreira-tawny.jpeg.png\" \/>\n\t<meta property=\"og:image:width\" content=\"765\" \/>\n\t<meta property=\"og:image:height\" content=\"1024\" \/>\n\t<meta property=\"og:image:type\" content=\"image\/png\" \/>\n<meta name=\"twitter:card\" content=\"summary_large_image\" \/>\n<meta name=\"twitter:label1\" content=\"Temps estimat de lectura\" \/>\n\t<meta name=\"twitter:data1\" content=\"2 minuts\" \/>\n<script type=\"application\/ld+json\" class=\"yoast-schema-graph\">{\"@context\":\"https:\/\/schema.org\",\"@graph\":[{\"@type\":\"WebPage\",\"@id\":\"https:\/\/aral2.cetrexmarketing.com\/ca\/producto\/ferreira-tawny-2\/\",\"url\":\"https:\/\/aral2.cetrexmarketing.com\/ca\/producto\/ferreira-tawny-2\/\",\"name\":\"Ferreira Tawny - M\u00f3n La Cata\",\"isPartOf\":{\"@id\":\"https:\/\/aral2.cetrexmarketing.com\/#website\"},\"primaryImageOfPage\":{\"@id\":\"https:\/\/aral2.cetrexmarketing.com\/ca\/producto\/ferreira-tawny-2\/#primaryimage\"},\"image\":{\"@id\":\"https:\/\/aral2.cetrexmarketing.com\/ca\/producto\/ferreira-tawny-2\/#primaryimage\"},\"thumbnailUrl\":\"https:\/\/aral2.cetrexmarketing.com\/wp-content\/uploads\/2025\/05\/ferreira-tawny.jpeg.png\",\"datePublished\":\"2025-05-24T07:52:59+00:00\",\"dateModified\":\"2025-05-24T07:53:01+00:00\",\"description\":\"Comprar Ferreira Tawny en M\u00f3n La Cata . Tienda online especilizada en vino y alimentaci\u00f3n. Env\u00edos puntuales y promociones\",\"breadcrumb\":{\"@id\":\"https:\/\/aral2.cetrexmarketing.com\/ca\/producto\/ferreira-tawny-2\/#breadcrumb\"},\"inLanguage\":\"ca\",\"potentialAction\":[{\"@type\":\"ReadAction\",\"target\":[\"https:\/\/aral2.cetrexmarketing.com\/ca\/producto\/ferreira-tawny-2\/\"]}]},{\"@type\":\"ImageObject\",\"inLanguage\":\"ca\",\"@id\":\"https:\/\/aral2.cetrexmarketing.com\/ca\/producto\/ferreira-tawny-2\/#primaryimage\",\"url\":\"https:\/\/aral2.cetrexmarketing.com\/wp-content\/uploads\/2025\/05\/ferreira-tawny.jpeg.png\",\"contentUrl\":\"https:\/\/aral2.cetrexmarketing.com\/wp-content\/uploads\/2025\/05\/ferreira-tawny.jpeg.png\",\"width\":765,\"height\":1024},{\"@type\":\"BreadcrumbList\",\"@id\":\"https:\/\/aral2.cetrexmarketing.com\/ca\/producto\/ferreira-tawny-2\/#breadcrumb\",\"itemListElement\":[{\"@type\":\"ListItem\",\"position\":1,\"name\":\"Home\",\"item\":\"https:\/\/aral2.cetrexmarketing.com\/ca\/\"},{\"@type\":\"ListItem\",\"position\":2,\"name\":\"Tienda\",\"item\":\"https:\/\/aral2.cetrexmarketing.com\/ca\/tienda-2\/\"},{\"@type\":\"ListItem\",\"position\":3,\"name\":\"Vi\",\"item\":\"https:\/\/aral2.cetrexmarketing.com\/categoria-producto\/vi\/\"},{\"@type\":\"ListItem\",\"position\":4,\"name\":\"Vi Gener\u00f3s\",\"item\":\"https:\/\/aral2.cetrexmarketing.com\/categoria-producto\/vi\/vi-generos\/\"},{\"@type\":\"ListItem\",\"position\":5,\"name\":\"Ferreira Tawny\"}]},{\"@type\":\"WebSite\",\"@id\":\"https:\/\/aral2.cetrexmarketing.com\/#website\",\"url\":\"https:\/\/aral2.cetrexmarketing.com\/\",\"name\":\"M\u00f3n La Cata\",\"description\":\"Tienda de vinos, licores, cervezas y gourmet\",\"publisher\":{\"@id\":\"https:\/\/aral2.cetrexmarketing.com\/#organization\"},\"potentialAction\":[{\"@type\":\"SearchAction\",\"target\":{\"@type\":\"EntryPoint\",\"urlTemplate\":\"https:\/\/aral2.cetrexmarketing.com\/?s={search_term_string}\"},\"query-input\":{\"@type\":\"PropertyValueSpecification\",\"valueRequired\":true,\"valueName\":\"search_term_string\"}}],\"inLanguage\":\"ca\"},{\"@type\":\"Organization\",\"@id\":\"https:\/\/aral2.cetrexmarketing.com\/#organization\",\"name\":\"M\u00f3n La Cata\",\"url\":\"https:\/\/aral2.cetrexmarketing.com\/\",\"logo\":{\"@type\":\"ImageObject\",\"inLanguage\":\"ca\",\"@id\":\"https:\/\/aral2.cetrexmarketing.com\/#\/schema\/logo\/image\/\",\"url\":\"https:\/\/aral2.cetrexmarketing.com\/wp-content\/uploads\/2024\/10\/aral-logo-neg-1024x409-1.png\",\"contentUrl\":\"https:\/\/aral2.cetrexmarketing.com\/wp-content\/uploads\/2024\/10\/aral-logo-neg-1024x409-1.png\",\"width\":1024,\"height\":409,\"caption\":\"M\u00f3n La Cata\"},\"image\":{\"@id\":\"https:\/\/aral2.cetrexmarketing.com\/#\/schema\/logo\/image\/\"}}]}<\/script>\n<!-- \/ Yoast SEO Premium plugin. -->","yoast_head_json":{"title":"Ferreira Tawny - M\u00f3n La Cata","description":"Comprar Ferreira Tawny en M\u00f3n La Cata . Tienda online especilizada en vino y alimentaci\u00f3n. Env\u00edos puntuales y promociones","robots":{"index":"noindex","follow":"follow","max-snippet":"max-snippet:-1","max-image-preview":"max-image-preview:large","max-video-preview":"max-video-preview:-1"},"og_locale":"ca_ES","og_type":"article","og_title":"Ferreira Tawny","og_description":"Comprar Ferreira Tawny en M\u00f3n La Cata . Tienda online especilizada en vino y alimentaci\u00f3n. Env\u00edos puntuales y promociones","og_url":"https:\/\/aral2.cetrexmarketing.com\/ca\/producto\/ferreira-tawny-2\/","og_site_name":"M\u00f3n La Cata","article_modified_time":"2025-05-24T07:53:01+00:00","og_image":[{"width":765,"height":1024,"url":"https:\/\/aral2.cetrexmarketing.com\/wp-content\/uploads\/2025\/05\/ferreira-tawny.jpeg.png","type":"image\/png"}],"twitter_card":"summary_large_image","twitter_misc":{"Temps estimat de lectura":"2 minuts"},"schema":{"@context":"https:\/\/schema.org","@graph":[{"@type":"WebPage","@id":"https:\/\/aral2.cetrexmarketing.com\/ca\/producto\/ferreira-tawny-2\/","url":"https:\/\/aral2.cetrexmarketing.com\/ca\/producto\/ferreira-tawny-2\/","name":"Ferreira Tawny - M\u00f3n La Cata","isPartOf":{"@id":"https:\/\/aral2.cetrexmarketing.com\/#website"},"primaryImageOfPage":{"@id":"https:\/\/aral2.cetrexmarketing.com\/ca\/producto\/ferreira-tawny-2\/#primaryimage"},"image":{"@id":"https:\/\/aral2.cetrexmarketing.com\/ca\/producto\/ferreira-tawny-2\/#primaryimage"},"thumbnailUrl":"https:\/\/aral2.cetrexmarketing.com\/wp-content\/uploads\/2025\/05\/ferreira-tawny.jpeg.png","datePublished":"2025-05-24T07:52:59+00:00","dateModified":"2025-05-24T07:53:01+00:00","description":"Comprar Ferreira Tawny en M\u00f3n La Cata . Tienda online especilizada en vino y alimentaci\u00f3n. Env\u00edos puntuales y promociones","breadcrumb":{"@id":"https:\/\/aral2.cetrexmarketing.com\/ca\/producto\/ferreira-tawny-2\/#breadcrumb"},"inLanguage":"ca","potentialAction":[{"@type":"ReadAction","target":["https:\/\/aral2.cetrexmarketing.com\/ca\/producto\/ferreira-tawny-2\/"]}]},{"@type":"ImageObject","inLanguage":"ca","@id":"https:\/\/aral2.cetrexmarketing.com\/ca\/producto\/ferreira-tawny-2\/#primaryimage","url":"https:\/\/aral2.cetrexmarketing.com\/wp-content\/uploads\/2025\/05\/ferreira-tawny.jpeg.png","contentUrl":"https:\/\/aral2.cetrexmarketing.com\/wp-content\/uploads\/2025\/05\/ferreira-tawny.jpeg.png","width":765,"height":1024},{"@type":"BreadcrumbList","@id":"https:\/\/aral2.cetrexmarketing.com\/ca\/producto\/ferreira-tawny-2\/#breadcrumb","itemListElement":[{"@type":"ListItem","position":1,"name":"Home","item":"https:\/\/aral2.cetrexmarketing.com\/ca\/"},{"@type":"ListItem","position":2,"name":"Tienda","item":"https:\/\/aral2.cetrexmarketing.com\/ca\/tienda-2\/"},{"@type":"ListItem","position":3,"name":"Vi","item":"https:\/\/aral2.cetrexmarketing.com\/categoria-producto\/vi\/"},{"@type":"ListItem","position":4,"name":"Vi Gener\u00f3s","item":"https:\/\/aral2.cetrexmarketing.com\/categoria-producto\/vi\/vi-generos\/"},{"@type":"ListItem","position":5,"name":"Ferreira Tawny"}]},{"@type":"WebSite","@id":"https:\/\/aral2.cetrexmarketing.com\/#website","url":"https:\/\/aral2.cetrexmarketing.com\/","name":"M\u00f3n La Cata","description":"Tienda de vinos, licores, cervezas y gourmet","publisher":{"@id":"https:\/\/aral2.cetrexmarketing.com\/#organization"},"potentialAction":[{"@type":"SearchAction","target":{"@type":"EntryPoint","urlTemplate":"https:\/\/aral2.cetrexmarketing.com\/?s={search_term_string}"},"query-input":{"@type":"PropertyValueSpecification","valueRequired":true,"valueName":"search_term_string"}}],"inLanguage":"ca"},{"@type":"Organization","@id":"https:\/\/aral2.cetrexmarketing.com\/#organization","name":"M\u00f3n La Cata","url":"https:\/\/aral2.cetrexmarketing.com\/","logo":{"@type":"ImageObject","inLanguage":"ca","@id":"https:\/\/aral2.cetrexmarketing.com\/#\/schema\/logo\/image\/","url":"https:\/\/aral2.cetrexmarketing.com\/wp-content\/uploads\/2024\/10\/aral-logo-neg-1024x409-1.png","contentUrl":"https:\/\/aral2.cetrexmarketing.com\/wp-content\/uploads\/2024\/10\/aral-logo-neg-1024x409-1.png","width":1024,"height":409,"caption":"M\u00f3n La Cata"},"image":{"@id":"https:\/\/aral2.cetrexmarketing.com\/#\/schema\/logo\/image\/"}}]}},"brands":[{"id":32999,"name":"Oporto D.O. (Portugal)","slug":"oporto-d-o-portugal"}],"_links":{"self":[{"href":"https:\/\/aral2.cetrexmarketing.com\/ca\/wp-json\/wp\/v2\/product\/81772","targetHints":{"allow":["GET"]}}],"collection":[{"href":"https:\/\/aral2.cetrexmarketing.com\/ca\/wp-json\/wp\/v2\/product"}],"about":[{"href":"https:\/\/aral2.cetrexmarketing.com\/ca\/wp-json\/wp\/v2\/types\/product"}],"replies":[{"embeddable":true,"href":"https:\/\/aral2.cetrexmarketing.com\/ca\/wp-json\/wp\/v2\/comments?post=81772"}],"wp:featuredmedia":[{"embeddable":true,"href":"https:\/\/aral2.cetrexmarketing.com\/ca\/wp-json\/wp\/v2\/media\/81769"}],"wp:attachment":[{"href":"https:\/\/aral2.cetrexmarketing.com\/ca\/wp-json\/wp\/v2\/media?parent=81772"}],"wp:term":[{"taxonomy":"pwb-brand","embeddable":true,"href":"https:\/\/aral2.cetrexmarketing.com\/ca\/wp-json\/wp\/v2\/pwb-brand?post=81772"},{"taxonomy":"product_brand","embeddable":true,"href":"https:\/\/aral2.cetrexmarketing.com\/ca\/wp-json\/wp\/v2\/product_brand?post=81772"},{"taxonomy":"product_cat","embeddable":true,"href":"https:\/\/aral2.cetrexmarketing.com\/ca\/wp-json\/wp\/v2\/product_cat?post=81772"},{"taxonomy":"product_tag","embeddable":true,"href":"https:\/\/aral2.cetrexmarketing.com\/ca\/wp-json\/wp\/v2\/product_tag?post=81772"}],"curies":[{"name":"wp","href":"https:\/\/api.w.org\/{rel}","templated":true}]}}