{"id":81691,"date":"2025-05-24T07:51:40","date_gmt":"2025-05-24T07:51:40","guid":{"rendered":"https:\/\/aral2.cetrexmarketing.com\/producto\/ardmore-triple-wood\/"},"modified":"2025-05-24T07:51:42","modified_gmt":"2025-05-24T07:51:42","slug":"ardmore-triple-wood","status":"publish","type":"product","link":"https:\/\/aral2.cetrexmarketing.com\/ca\/producto\/ardmore-triple-wood\/","title":{"rendered":"Ardmore Triple Wood"},"content":{"rendered":"<p class=\"normal\">Propietari d\u00b4una cadena de bars a finals del segle XIX, el propietari de Teacher\u00b4s, i de l\u00b4actual destileria que fa el blend amb aquest nom, tenia la necessitat d\u00b4expandir-se i tenir el seu propi malta sempre a ma. Per aix\u00f2 va obrir Ardmore, una destileria tradicional, gran i ben equipada, on fa un Single Malt dels d\u00b4abans, amb bona carrega de turba i pesat.<\/p>\n<p class=\"normal\">En aquest whisky, tenim un triple envelliment, que es fa en bota de roure americ\u00e0, barril (un octau mes petit que una bota-m\u00e9s concentraci\u00f3 de fusta) i amb puncheon (un ter\u00e7 d\u00b4una bota).<\/p>\n<p class=\"normal\">NOTA DE CATA: Color daurat brillant, olor amb notes a xocolata, mel i un punt de turba. <span lang=\"en-us\" xml:lang=\"en-us\">Gust a vainilla, panses i pebres. Final fumat i sec. Simple i complex, el classic Highland.<\/span><\/p>\n","protected":false},"excerpt":{"rendered":"<p>Propietari d&#8217;una cadena de bars a finals del segle XIX i propietari de Teacher&#8217;s, va obrir Ardmore, on fa un Single Malt dels d&#8217;abans, amb bona c\u00e0rrega de torba i pesat.<\/p>\n<p>Triple envelliment que es fa en bota de roure americ\u00e0, barril i puncheon.<\/p>\n<p>Color daurat brillant, olor amb notes a xocolata, mel i un punt de turba. Gust a vainilla, panses i pebres. Final fumat i sec.<\/p>\n","protected":false},"featured_media":81688,"comment_status":"closed","ping_status":"closed","template":"","meta":{"_acf_changed":false},"pwb-brand":[],"product_brand":[],"product_cat":[51692,51776,51722,51723],"product_tag":[15697,15672,15274,15260,15273,15261],"class_list":{"0":"post-81691","1":"product","2":"type-product","3":"status-publish","4":"has-post-thumbnail","6":"product_cat-destillats","7":"product_cat-highland-single-malt-scotch-whisky-whisky-escocia-whisky-destillats","8":"product_cat-whisky-destillats","9":"product_cat-whisky-escocia-whisky-destillats","10":"product_tag-ardmore-ca","11":"product_tag-malt-ca","12":"product_tag-malta-ca","13":"product_tag-scotch-whisky-ca","14":"product_tag-single-malt-ca","15":"product_tag-whisky-ca","16":"pa_ahumado-mitja","17":"pa_bodega-theardmoredistillery","18":"pa_cereal-malta-100","19":"pa_destileria-ardmoredistilleryco-ca","20":"pa_do-highland-i-g-p-escocia","21":"pa_estilo-triplewood-ca","22":"pa_formatoenl-36160","23":"pa_formatoenml-38308","24":"pa_graduacion-46_0","25":"pa_pais-escocia-ca-2","26":"pa_pesoengramos-38354","27":"pa_pesoenkg-14-2","28":"pa_propietario-suntoryco-ca","29":"pa_pueblociudad-kennethmont","30":"pa_region-highland","31":"pa_subregion-aberdeen","32":"pa_tipodewhisky-scotchwhiskysinglemalt-ca","33":"entry","34":"has-media","36":"first","37":"onbackorder","38":"taxable","39":"shipping-taxable","40":"purchasable","41":"product-type-simple"},"acf":[],"yoast_head":"<!-- This site is optimized with the Yoast SEO Premium plugin v23.1 (Yoast SEO v23.5) - https:\/\/yoast.com\/wordpress\/plugins\/seo\/ -->\n<title>Ardmore Triple Wood<\/title>\n<meta name=\"description\" content=\"Propietari d&#039;una cadena de bars a finals del segle XIX i propietari de Teacher&#039;s, va obrir Ardmore, on fa un whiksy Single Malt dels d&#039;abans, torbat i pesat.\" \/>\n<meta name=\"robots\" content=\"noindex, follow, max-snippet:-1, max-image-preview:large, max-video-preview:-1\" \/>\n<meta property=\"og:locale\" content=\"ca_ES\" \/>\n<meta property=\"og:type\" content=\"article\" \/>\n<meta property=\"og:title\" content=\"Ardmore Triple Wood\" \/>\n<meta property=\"og:description\" content=\"Propietari d&#039;una cadena de bars a finals del segle XIX i propietari de Teacher&#039;s, va obrir Ardmore, on fa un whiksy Single Malt dels d&#039;abans, torbat i pesat.\" \/>\n<meta property=\"og:url\" content=\"https:\/\/aral2.cetrexmarketing.com\/ca\/producto\/ardmore-triple-wood\/\" \/>\n<meta property=\"og:site_name\" content=\"M\u00f3n La Cata\" \/>\n<meta property=\"article:modified_time\" content=\"2025-05-24T07:51:42+00:00\" \/>\n<meta property=\"og:image\" content=\"https:\/\/aral2.cetrexmarketing.com\/wp-content\/uploads\/2025\/05\/THE-ARDMORE-TRIPLE-WOOD.jpg.png\" \/>\n\t<meta property=\"og:image:width\" content=\"765\" \/>\n\t<meta property=\"og:image:height\" content=\"1024\" \/>\n\t<meta property=\"og:image:type\" content=\"image\/png\" \/>\n<meta name=\"twitter:card\" content=\"summary_large_image\" \/>\n<meta name=\"twitter:label1\" content=\"Temps estimat de lectura\" \/>\n\t<meta name=\"twitter:data1\" content=\"1 minut\" \/>\n<script type=\"application\/ld+json\" class=\"yoast-schema-graph\">{\"@context\":\"https:\/\/schema.org\",\"@graph\":[{\"@type\":\"WebPage\",\"@id\":\"https:\/\/aral2.cetrexmarketing.com\/ca\/producto\/ardmore-triple-wood\/\",\"url\":\"https:\/\/aral2.cetrexmarketing.com\/ca\/producto\/ardmore-triple-wood\/\",\"name\":\"Ardmore Triple Wood\",\"isPartOf\":{\"@id\":\"https:\/\/aral2.cetrexmarketing.com\/#website\"},\"primaryImageOfPage\":{\"@id\":\"https:\/\/aral2.cetrexmarketing.com\/ca\/producto\/ardmore-triple-wood\/#primaryimage\"},\"image\":{\"@id\":\"https:\/\/aral2.cetrexmarketing.com\/ca\/producto\/ardmore-triple-wood\/#primaryimage\"},\"thumbnailUrl\":\"https:\/\/aral2.cetrexmarketing.com\/wp-content\/uploads\/2025\/05\/THE-ARDMORE-TRIPLE-WOOD.jpg.png\",\"datePublished\":\"2025-05-24T07:51:40+00:00\",\"dateModified\":\"2025-05-24T07:51:42+00:00\",\"description\":\"Propietari d'una cadena de bars a finals del segle XIX i propietari de Teacher's, va obrir Ardmore, on fa un whiksy Single Malt dels d'abans, torbat i pesat.\",\"breadcrumb\":{\"@id\":\"https:\/\/aral2.cetrexmarketing.com\/ca\/producto\/ardmore-triple-wood\/#breadcrumb\"},\"inLanguage\":\"ca\",\"potentialAction\":[{\"@type\":\"ReadAction\",\"target\":[\"https:\/\/aral2.cetrexmarketing.com\/ca\/producto\/ardmore-triple-wood\/\"]}]},{\"@type\":\"ImageObject\",\"inLanguage\":\"ca\",\"@id\":\"https:\/\/aral2.cetrexmarketing.com\/ca\/producto\/ardmore-triple-wood\/#primaryimage\",\"url\":\"https:\/\/aral2.cetrexmarketing.com\/wp-content\/uploads\/2025\/05\/THE-ARDMORE-TRIPLE-WOOD.jpg.png\",\"contentUrl\":\"https:\/\/aral2.cetrexmarketing.com\/wp-content\/uploads\/2025\/05\/THE-ARDMORE-TRIPLE-WOOD.jpg.png\",\"width\":765,\"height\":1024},{\"@type\":\"BreadcrumbList\",\"@id\":\"https:\/\/aral2.cetrexmarketing.com\/ca\/producto\/ardmore-triple-wood\/#breadcrumb\",\"itemListElement\":[{\"@type\":\"ListItem\",\"position\":1,\"name\":\"Home\",\"item\":\"https:\/\/aral2.cetrexmarketing.com\/ca\/\"},{\"@type\":\"ListItem\",\"position\":2,\"name\":\"Tienda\",\"item\":\"https:\/\/aral2.cetrexmarketing.com\/ca\/tienda-2\/\"},{\"@type\":\"ListItem\",\"position\":3,\"name\":\"Destil\u00b7lats\",\"item\":\"https:\/\/aral2.cetrexmarketing.com\/categoria-producto\/destil%c2%b7lats\/\"},{\"@type\":\"ListItem\",\"position\":4,\"name\":\"Whisky\",\"item\":\"https:\/\/aral2.cetrexmarketing.com\/categoria-producto\/destil%c2%b7lats\/whisky-destil%c2%b7lats\/\"},{\"@type\":\"ListItem\",\"position\":5,\"name\":\"Whisky Esc\u00f2cia\",\"item\":\"https:\/\/aral2.cetrexmarketing.com\/categoria-producto\/destil%c2%b7lats\/whisky-destil%c2%b7lats\/whisky-escocia-whisky-destil%c2%b7lats\/\"},{\"@type\":\"ListItem\",\"position\":6,\"name\":\"Highland Single Malt Scotch Whisky\",\"item\":\"https:\/\/aral2.cetrexmarketing.com\/categoria-producto\/destil%c2%b7lats\/whisky-destil%c2%b7lats\/whisky-escocia-whisky-destil%c2%b7lats\/highland-single-malt-scotch-whisky-whisky-escocia-whisky-destil%c2%b7lats\/\"},{\"@type\":\"ListItem\",\"position\":7,\"name\":\"Ardmore Triple Wood\"}]},{\"@type\":\"WebSite\",\"@id\":\"https:\/\/aral2.cetrexmarketing.com\/#website\",\"url\":\"https:\/\/aral2.cetrexmarketing.com\/\",\"name\":\"M\u00f3n La Cata\",\"description\":\"Tienda de vinos, licores, cervezas y gourmet\",\"publisher\":{\"@id\":\"https:\/\/aral2.cetrexmarketing.com\/#organization\"},\"potentialAction\":[{\"@type\":\"SearchAction\",\"target\":{\"@type\":\"EntryPoint\",\"urlTemplate\":\"https:\/\/aral2.cetrexmarketing.com\/?s={search_term_string}\"},\"query-input\":{\"@type\":\"PropertyValueSpecification\",\"valueRequired\":true,\"valueName\":\"search_term_string\"}}],\"inLanguage\":\"ca\"},{\"@type\":\"Organization\",\"@id\":\"https:\/\/aral2.cetrexmarketing.com\/#organization\",\"name\":\"M\u00f3n La Cata\",\"url\":\"https:\/\/aral2.cetrexmarketing.com\/\",\"logo\":{\"@type\":\"ImageObject\",\"inLanguage\":\"ca\",\"@id\":\"https:\/\/aral2.cetrexmarketing.com\/#\/schema\/logo\/image\/\",\"url\":\"https:\/\/aral2.cetrexmarketing.com\/wp-content\/uploads\/2024\/10\/aral-logo-neg-1024x409-1.png\",\"contentUrl\":\"https:\/\/aral2.cetrexmarketing.com\/wp-content\/uploads\/2024\/10\/aral-logo-neg-1024x409-1.png\",\"width\":1024,\"height\":409,\"caption\":\"M\u00f3n La Cata\"},\"image\":{\"@id\":\"https:\/\/aral2.cetrexmarketing.com\/#\/schema\/logo\/image\/\"}}]}<\/script>\n<!-- \/ Yoast SEO Premium plugin. -->","yoast_head_json":{"title":"Ardmore Triple Wood","description":"Propietari d'una cadena de bars a finals del segle XIX i propietari de Teacher's, va obrir Ardmore, on fa un whiksy Single Malt dels d'abans, torbat i pesat.","robots":{"index":"noindex","follow":"follow","max-snippet":"max-snippet:-1","max-image-preview":"max-image-preview:large","max-video-preview":"max-video-preview:-1"},"og_locale":"ca_ES","og_type":"article","og_title":"Ardmore Triple Wood","og_description":"Propietari d'una cadena de bars a finals del segle XIX i propietari de Teacher's, va obrir Ardmore, on fa un whiksy Single Malt dels d'abans, torbat i pesat.","og_url":"https:\/\/aral2.cetrexmarketing.com\/ca\/producto\/ardmore-triple-wood\/","og_site_name":"M\u00f3n La Cata","article_modified_time":"2025-05-24T07:51:42+00:00","og_image":[{"width":765,"height":1024,"url":"https:\/\/aral2.cetrexmarketing.com\/wp-content\/uploads\/2025\/05\/THE-ARDMORE-TRIPLE-WOOD.jpg.png","type":"image\/png"}],"twitter_card":"summary_large_image","twitter_misc":{"Temps estimat de lectura":"1 minut"},"schema":{"@context":"https:\/\/schema.org","@graph":[{"@type":"WebPage","@id":"https:\/\/aral2.cetrexmarketing.com\/ca\/producto\/ardmore-triple-wood\/","url":"https:\/\/aral2.cetrexmarketing.com\/ca\/producto\/ardmore-triple-wood\/","name":"Ardmore Triple Wood","isPartOf":{"@id":"https:\/\/aral2.cetrexmarketing.com\/#website"},"primaryImageOfPage":{"@id":"https:\/\/aral2.cetrexmarketing.com\/ca\/producto\/ardmore-triple-wood\/#primaryimage"},"image":{"@id":"https:\/\/aral2.cetrexmarketing.com\/ca\/producto\/ardmore-triple-wood\/#primaryimage"},"thumbnailUrl":"https:\/\/aral2.cetrexmarketing.com\/wp-content\/uploads\/2025\/05\/THE-ARDMORE-TRIPLE-WOOD.jpg.png","datePublished":"2025-05-24T07:51:40+00:00","dateModified":"2025-05-24T07:51:42+00:00","description":"Propietari d'una cadena de bars a finals del segle XIX i propietari de Teacher's, va obrir Ardmore, on fa un whiksy Single Malt dels d'abans, torbat i pesat.","breadcrumb":{"@id":"https:\/\/aral2.cetrexmarketing.com\/ca\/producto\/ardmore-triple-wood\/#breadcrumb"},"inLanguage":"ca","potentialAction":[{"@type":"ReadAction","target":["https:\/\/aral2.cetrexmarketing.com\/ca\/producto\/ardmore-triple-wood\/"]}]},{"@type":"ImageObject","inLanguage":"ca","@id":"https:\/\/aral2.cetrexmarketing.com\/ca\/producto\/ardmore-triple-wood\/#primaryimage","url":"https:\/\/aral2.cetrexmarketing.com\/wp-content\/uploads\/2025\/05\/THE-ARDMORE-TRIPLE-WOOD.jpg.png","contentUrl":"https:\/\/aral2.cetrexmarketing.com\/wp-content\/uploads\/2025\/05\/THE-ARDMORE-TRIPLE-WOOD.jpg.png","width":765,"height":1024},{"@type":"BreadcrumbList","@id":"https:\/\/aral2.cetrexmarketing.com\/ca\/producto\/ardmore-triple-wood\/#breadcrumb","itemListElement":[{"@type":"ListItem","position":1,"name":"Home","item":"https:\/\/aral2.cetrexmarketing.com\/ca\/"},{"@type":"ListItem","position":2,"name":"Tienda","item":"https:\/\/aral2.cetrexmarketing.com\/ca\/tienda-2\/"},{"@type":"ListItem","position":3,"name":"Destil\u00b7lats","item":"https:\/\/aral2.cetrexmarketing.com\/categoria-producto\/destil%c2%b7lats\/"},{"@type":"ListItem","position":4,"name":"Whisky","item":"https:\/\/aral2.cetrexmarketing.com\/categoria-producto\/destil%c2%b7lats\/whisky-destil%c2%b7lats\/"},{"@type":"ListItem","position":5,"name":"Whisky Esc\u00f2cia","item":"https:\/\/aral2.cetrexmarketing.com\/categoria-producto\/destil%c2%b7lats\/whisky-destil%c2%b7lats\/whisky-escocia-whisky-destil%c2%b7lats\/"},{"@type":"ListItem","position":6,"name":"Highland Single Malt Scotch Whisky","item":"https:\/\/aral2.cetrexmarketing.com\/categoria-producto\/destil%c2%b7lats\/whisky-destil%c2%b7lats\/whisky-escocia-whisky-destil%c2%b7lats\/highland-single-malt-scotch-whisky-whisky-escocia-whisky-destil%c2%b7lats\/"},{"@type":"ListItem","position":7,"name":"Ardmore Triple Wood"}]},{"@type":"WebSite","@id":"https:\/\/aral2.cetrexmarketing.com\/#website","url":"https:\/\/aral2.cetrexmarketing.com\/","name":"M\u00f3n La Cata","description":"Tienda de vinos, licores, cervezas y gourmet","publisher":{"@id":"https:\/\/aral2.cetrexmarketing.com\/#organization"},"potentialAction":[{"@type":"SearchAction","target":{"@type":"EntryPoint","urlTemplate":"https:\/\/aral2.cetrexmarketing.com\/?s={search_term_string}"},"query-input":{"@type":"PropertyValueSpecification","valueRequired":true,"valueName":"search_term_string"}}],"inLanguage":"ca"},{"@type":"Organization","@id":"https:\/\/aral2.cetrexmarketing.com\/#organization","name":"M\u00f3n La Cata","url":"https:\/\/aral2.cetrexmarketing.com\/","logo":{"@type":"ImageObject","inLanguage":"ca","@id":"https:\/\/aral2.cetrexmarketing.com\/#\/schema\/logo\/image\/","url":"https:\/\/aral2.cetrexmarketing.com\/wp-content\/uploads\/2024\/10\/aral-logo-neg-1024x409-1.png","contentUrl":"https:\/\/aral2.cetrexmarketing.com\/wp-content\/uploads\/2024\/10\/aral-logo-neg-1024x409-1.png","width":1024,"height":409,"caption":"M\u00f3n La Cata"},"image":{"@id":"https:\/\/aral2.cetrexmarketing.com\/#\/schema\/logo\/image\/"}}]}},"brands":[],"_links":{"self":[{"href":"https:\/\/aral2.cetrexmarketing.com\/ca\/wp-json\/wp\/v2\/product\/81691","targetHints":{"allow":["GET"]}}],"collection":[{"href":"https:\/\/aral2.cetrexmarketing.com\/ca\/wp-json\/wp\/v2\/product"}],"about":[{"href":"https:\/\/aral2.cetrexmarketing.com\/ca\/wp-json\/wp\/v2\/types\/product"}],"replies":[{"embeddable":true,"href":"https:\/\/aral2.cetrexmarketing.com\/ca\/wp-json\/wp\/v2\/comments?post=81691"}],"wp:featuredmedia":[{"embeddable":true,"href":"https:\/\/aral2.cetrexmarketing.com\/ca\/wp-json\/wp\/v2\/media\/81688"}],"wp:attachment":[{"href":"https:\/\/aral2.cetrexmarketing.com\/ca\/wp-json\/wp\/v2\/media?parent=81691"}],"wp:term":[{"taxonomy":"pwb-brand","embeddable":true,"href":"https:\/\/aral2.cetrexmarketing.com\/ca\/wp-json\/wp\/v2\/pwb-brand?post=81691"},{"taxonomy":"product_brand","embeddable":true,"href":"https:\/\/aral2.cetrexmarketing.com\/ca\/wp-json\/wp\/v2\/product_brand?post=81691"},{"taxonomy":"product_cat","embeddable":true,"href":"https:\/\/aral2.cetrexmarketing.com\/ca\/wp-json\/wp\/v2\/product_cat?post=81691"},{"taxonomy":"product_tag","embeddable":true,"href":"https:\/\/aral2.cetrexmarketing.com\/ca\/wp-json\/wp\/v2\/product_tag?post=81691"}],"curies":[{"name":"wp","href":"https:\/\/api.w.org\/{rel}","templated":true}]}}