{"id":81473,"date":"2025-05-24T07:48:32","date_gmt":"2025-05-24T07:48:32","guid":{"rendered":"https:\/\/aral2.cetrexmarketing.com\/producto\/glen-grant-12-anys\/"},"modified":"2025-05-24T07:48:34","modified_gmt":"2025-05-24T07:48:34","slug":"glen-grant-12-anys","status":"publish","type":"product","link":"https:\/\/aral2.cetrexmarketing.com\/ca\/producto\/glen-grant-12-anys\/","title":{"rendered":"Glen Grant 12 Anys"},"content":{"rendered":"<p><strong>Glen Grant 12 Anys<\/strong> \u00e9s un whisky escoc\u00e8s single malt elegant i suau, destil\u00b7lat a la regi\u00f3 de Speyside. Conegut per la seva puresa i claredat, aquest whisky es caracteritza per les seves notes de poma, pera i un toc de vainilla, resultat de la maduraci\u00f3 en b\u00f3tes de roure durant 12 anys. Amb una textura sedosa i un final lleugerament especiat, Glen Grant 12 Anys \u00e9s perfecte per gaudir sol o amb una mica d\u2019aigua per destacar els seus matisos. \u00c9s un whisky que equilibra la frescor de la fruita amb la dol\u00e7or del roure, oferint una experi\u00e8ncia de degustaci\u00f3 refinada.<\/p>\n<p>&nbsp;<\/p>\n","protected":false},"excerpt":{"rendered":"<p>Glen Grant 12 Anys \u00e9s un whisky escoc\u00e8s single malt elegant i suau, destil\u00b7lat a la regi\u00f3 de Speyside. Conegut per la seva puresa i claredat, aquest whisky es caracteritza per les seves notes de poma, pera i un toc de vainilla, resultat de la maduraci\u00f3 en b\u00f3tes de roure durant 12 anys. Amb una&hellip;<\/p>\n","protected":false},"featured_media":81470,"comment_status":"closed","ping_status":"closed","template":"","meta":{"_acf_changed":false},"pwb-brand":[],"product_brand":[],"product_cat":[51733,51692,51722,51723],"product_tag":[],"class_list":{"0":"post-81473","1":"product","2":"type-product","3":"status-publish","4":"has-post-thumbnail","6":"product_cat-blended-scotch-whisky-whisky-escocia-whisky-destillats","7":"product_cat-destillats","8":"product_cat-whisky-destillats","9":"product_cat-whisky-escocia-whisky-destillats","10":"pa_bodega-glengrant","11":"pa_formatoenl-36160","12":"pa_formatoenml-38308","13":"pa_graduacion-48_0","14":"pa_pais-escocia-ca-2","15":"pa_pesoengramos-38337","16":"pa_pesoenkg-125-ca","17":"entry","18":"has-media","20":"first","21":"onbackorder","22":"taxable","23":"shipping-taxable","24":"purchasable","25":"product-type-simple"},"acf":[],"yoast_head":"<!-- This site is optimized with the Yoast SEO Premium plugin v23.1 (Yoast SEO v23.5) - https:\/\/yoast.com\/wordpress\/plugins\/seo\/ -->\n<title>Glen Grant 12 Anys - M\u00f3n La Cata<\/title>\n<meta name=\"description\" content=\"Comprar Glen Grant 12 Anys en M\u00f3n La Cata . Tienda online especilizada en vino y alimentaci\u00f3n. Env\u00edos puntuales y promociones\" \/>\n<meta name=\"robots\" content=\"noindex, follow, max-snippet:-1, max-image-preview:large, max-video-preview:-1\" \/>\n<meta property=\"og:locale\" content=\"ca_ES\" \/>\n<meta property=\"og:type\" content=\"article\" \/>\n<meta property=\"og:title\" content=\"Glen Grant 12 Anys\" \/>\n<meta property=\"og:description\" content=\"Comprar Glen Grant 12 Anys en M\u00f3n La Cata . Tienda online especilizada en vino y alimentaci\u00f3n. Env\u00edos puntuales y promociones\" \/>\n<meta property=\"og:url\" content=\"https:\/\/aral2.cetrexmarketing.com\/ca\/producto\/glen-grant-12-anys\/\" \/>\n<meta property=\"og:site_name\" content=\"M\u00f3n La Cata\" \/>\n<meta property=\"article:modified_time\" content=\"2025-05-24T07:48:34+00:00\" \/>\n<meta property=\"og:image\" content=\"https:\/\/aral2.cetrexmarketing.com\/wp-content\/uploads\/2025\/05\/GLEN-GRANT-12-ANOS.jpg.png\" \/>\n\t<meta property=\"og:image:width\" content=\"765\" \/>\n\t<meta property=\"og:image:height\" content=\"1024\" \/>\n\t<meta property=\"og:image:type\" content=\"image\/png\" \/>\n<meta name=\"twitter:card\" content=\"summary_large_image\" \/>\n<meta name=\"twitter:label1\" content=\"Temps estimat de lectura\" \/>\n\t<meta name=\"twitter:data1\" content=\"1 minut\" \/>\n<script type=\"application\/ld+json\" class=\"yoast-schema-graph\">{\"@context\":\"https:\/\/schema.org\",\"@graph\":[{\"@type\":\"WebPage\",\"@id\":\"https:\/\/aral2.cetrexmarketing.com\/ca\/producto\/glen-grant-12-anys\/\",\"url\":\"https:\/\/aral2.cetrexmarketing.com\/ca\/producto\/glen-grant-12-anys\/\",\"name\":\"Glen Grant 12 Anys - M\u00f3n La Cata\",\"isPartOf\":{\"@id\":\"https:\/\/aral2.cetrexmarketing.com\/#website\"},\"primaryImageOfPage\":{\"@id\":\"https:\/\/aral2.cetrexmarketing.com\/ca\/producto\/glen-grant-12-anys\/#primaryimage\"},\"image\":{\"@id\":\"https:\/\/aral2.cetrexmarketing.com\/ca\/producto\/glen-grant-12-anys\/#primaryimage\"},\"thumbnailUrl\":\"https:\/\/aral2.cetrexmarketing.com\/wp-content\/uploads\/2025\/05\/GLEN-GRANT-12-ANOS.jpg.png\",\"datePublished\":\"2025-05-24T07:48:32+00:00\",\"dateModified\":\"2025-05-24T07:48:34+00:00\",\"description\":\"Comprar Glen Grant 12 Anys en M\u00f3n La Cata . Tienda online especilizada en vino y alimentaci\u00f3n. Env\u00edos puntuales y promociones\",\"breadcrumb\":{\"@id\":\"https:\/\/aral2.cetrexmarketing.com\/ca\/producto\/glen-grant-12-anys\/#breadcrumb\"},\"inLanguage\":\"ca\",\"potentialAction\":[{\"@type\":\"ReadAction\",\"target\":[\"https:\/\/aral2.cetrexmarketing.com\/ca\/producto\/glen-grant-12-anys\/\"]}]},{\"@type\":\"ImageObject\",\"inLanguage\":\"ca\",\"@id\":\"https:\/\/aral2.cetrexmarketing.com\/ca\/producto\/glen-grant-12-anys\/#primaryimage\",\"url\":\"https:\/\/aral2.cetrexmarketing.com\/wp-content\/uploads\/2025\/05\/GLEN-GRANT-12-ANOS.jpg.png\",\"contentUrl\":\"https:\/\/aral2.cetrexmarketing.com\/wp-content\/uploads\/2025\/05\/GLEN-GRANT-12-ANOS.jpg.png\",\"width\":765,\"height\":1024},{\"@type\":\"BreadcrumbList\",\"@id\":\"https:\/\/aral2.cetrexmarketing.com\/ca\/producto\/glen-grant-12-anys\/#breadcrumb\",\"itemListElement\":[{\"@type\":\"ListItem\",\"position\":1,\"name\":\"Home\",\"item\":\"https:\/\/aral2.cetrexmarketing.com\/ca\/\"},{\"@type\":\"ListItem\",\"position\":2,\"name\":\"Tienda\",\"item\":\"https:\/\/aral2.cetrexmarketing.com\/ca\/tienda-2\/\"},{\"@type\":\"ListItem\",\"position\":3,\"name\":\"Destil\u00b7lats\",\"item\":\"https:\/\/aral2.cetrexmarketing.com\/categoria-producto\/home-ca\/destil-lats-ca\/\"},{\"@type\":\"ListItem\",\"position\":4,\"name\":\"Whisky\",\"item\":\"https:\/\/aral2.cetrexmarketing.com\/ca\/categoria-producto\/destil-lats-ca\/whisky-ca\/\"},{\"@type\":\"ListItem\",\"position\":5,\"name\":\"Whisky Esc\u00f2cia\",\"item\":\"https:\/\/aral2.cetrexmarketing.com\/ca\/categoria-producto\/destil-lats-ca\/whisky-ca\/whisky-escocia-ca\/\"},{\"@type\":\"ListItem\",\"position\":6,\"name\":\"Blended Scotch Whisky\",\"item\":\"https:\/\/aral2.cetrexmarketing.com\/categoria-producto\/inicio\/destilados\/whisky\/whisky-escocia\/blended-scotch-whisky\/\"},{\"@type\":\"ListItem\",\"position\":7,\"name\":\"Glen Grant 12 Anys\"}]},{\"@type\":\"WebSite\",\"@id\":\"https:\/\/aral2.cetrexmarketing.com\/#website\",\"url\":\"https:\/\/aral2.cetrexmarketing.com\/\",\"name\":\"M\u00f3n La Cata\",\"description\":\"Tienda de vinos, licores, cervezas y gourmet\",\"publisher\":{\"@id\":\"https:\/\/aral2.cetrexmarketing.com\/#organization\"},\"potentialAction\":[{\"@type\":\"SearchAction\",\"target\":{\"@type\":\"EntryPoint\",\"urlTemplate\":\"https:\/\/aral2.cetrexmarketing.com\/?s={search_term_string}\"},\"query-input\":{\"@type\":\"PropertyValueSpecification\",\"valueRequired\":true,\"valueName\":\"search_term_string\"}}],\"inLanguage\":\"ca\"},{\"@type\":\"Organization\",\"@id\":\"https:\/\/aral2.cetrexmarketing.com\/#organization\",\"name\":\"M\u00f3n La Cata\",\"url\":\"https:\/\/aral2.cetrexmarketing.com\/\",\"logo\":{\"@type\":\"ImageObject\",\"inLanguage\":\"ca\",\"@id\":\"https:\/\/aral2.cetrexmarketing.com\/#\/schema\/logo\/image\/\",\"url\":\"https:\/\/aral2.cetrexmarketing.com\/wp-content\/uploads\/2024\/10\/aral-logo-neg-1024x409-1.png\",\"contentUrl\":\"https:\/\/aral2.cetrexmarketing.com\/wp-content\/uploads\/2024\/10\/aral-logo-neg-1024x409-1.png\",\"width\":1024,\"height\":409,\"caption\":\"M\u00f3n La Cata\"},\"image\":{\"@id\":\"https:\/\/aral2.cetrexmarketing.com\/#\/schema\/logo\/image\/\"}}]}<\/script>\n<!-- \/ Yoast SEO Premium plugin. -->","yoast_head_json":{"title":"Glen Grant 12 Anys - M\u00f3n La Cata","description":"Comprar Glen Grant 12 Anys en M\u00f3n La Cata . Tienda online especilizada en vino y alimentaci\u00f3n. Env\u00edos puntuales y promociones","robots":{"index":"noindex","follow":"follow","max-snippet":"max-snippet:-1","max-image-preview":"max-image-preview:large","max-video-preview":"max-video-preview:-1"},"og_locale":"ca_ES","og_type":"article","og_title":"Glen Grant 12 Anys","og_description":"Comprar Glen Grant 12 Anys en M\u00f3n La Cata . Tienda online especilizada en vino y alimentaci\u00f3n. Env\u00edos puntuales y promociones","og_url":"https:\/\/aral2.cetrexmarketing.com\/ca\/producto\/glen-grant-12-anys\/","og_site_name":"M\u00f3n La Cata","article_modified_time":"2025-05-24T07:48:34+00:00","og_image":[{"width":765,"height":1024,"url":"https:\/\/aral2.cetrexmarketing.com\/wp-content\/uploads\/2025\/05\/GLEN-GRANT-12-ANOS.jpg.png","type":"image\/png"}],"twitter_card":"summary_large_image","twitter_misc":{"Temps estimat de lectura":"1 minut"},"schema":{"@context":"https:\/\/schema.org","@graph":[{"@type":"WebPage","@id":"https:\/\/aral2.cetrexmarketing.com\/ca\/producto\/glen-grant-12-anys\/","url":"https:\/\/aral2.cetrexmarketing.com\/ca\/producto\/glen-grant-12-anys\/","name":"Glen Grant 12 Anys - M\u00f3n La Cata","isPartOf":{"@id":"https:\/\/aral2.cetrexmarketing.com\/#website"},"primaryImageOfPage":{"@id":"https:\/\/aral2.cetrexmarketing.com\/ca\/producto\/glen-grant-12-anys\/#primaryimage"},"image":{"@id":"https:\/\/aral2.cetrexmarketing.com\/ca\/producto\/glen-grant-12-anys\/#primaryimage"},"thumbnailUrl":"https:\/\/aral2.cetrexmarketing.com\/wp-content\/uploads\/2025\/05\/GLEN-GRANT-12-ANOS.jpg.png","datePublished":"2025-05-24T07:48:32+00:00","dateModified":"2025-05-24T07:48:34+00:00","description":"Comprar Glen Grant 12 Anys en M\u00f3n La Cata . Tienda online especilizada en vino y alimentaci\u00f3n. Env\u00edos puntuales y promociones","breadcrumb":{"@id":"https:\/\/aral2.cetrexmarketing.com\/ca\/producto\/glen-grant-12-anys\/#breadcrumb"},"inLanguage":"ca","potentialAction":[{"@type":"ReadAction","target":["https:\/\/aral2.cetrexmarketing.com\/ca\/producto\/glen-grant-12-anys\/"]}]},{"@type":"ImageObject","inLanguage":"ca","@id":"https:\/\/aral2.cetrexmarketing.com\/ca\/producto\/glen-grant-12-anys\/#primaryimage","url":"https:\/\/aral2.cetrexmarketing.com\/wp-content\/uploads\/2025\/05\/GLEN-GRANT-12-ANOS.jpg.png","contentUrl":"https:\/\/aral2.cetrexmarketing.com\/wp-content\/uploads\/2025\/05\/GLEN-GRANT-12-ANOS.jpg.png","width":765,"height":1024},{"@type":"BreadcrumbList","@id":"https:\/\/aral2.cetrexmarketing.com\/ca\/producto\/glen-grant-12-anys\/#breadcrumb","itemListElement":[{"@type":"ListItem","position":1,"name":"Home","item":"https:\/\/aral2.cetrexmarketing.com\/ca\/"},{"@type":"ListItem","position":2,"name":"Tienda","item":"https:\/\/aral2.cetrexmarketing.com\/ca\/tienda-2\/"},{"@type":"ListItem","position":3,"name":"Destil\u00b7lats","item":"https:\/\/aral2.cetrexmarketing.com\/categoria-producto\/home-ca\/destil-lats-ca\/"},{"@type":"ListItem","position":4,"name":"Whisky","item":"https:\/\/aral2.cetrexmarketing.com\/ca\/categoria-producto\/destil-lats-ca\/whisky-ca\/"},{"@type":"ListItem","position":5,"name":"Whisky Esc\u00f2cia","item":"https:\/\/aral2.cetrexmarketing.com\/ca\/categoria-producto\/destil-lats-ca\/whisky-ca\/whisky-escocia-ca\/"},{"@type":"ListItem","position":6,"name":"Blended Scotch Whisky","item":"https:\/\/aral2.cetrexmarketing.com\/categoria-producto\/inicio\/destilados\/whisky\/whisky-escocia\/blended-scotch-whisky\/"},{"@type":"ListItem","position":7,"name":"Glen Grant 12 Anys"}]},{"@type":"WebSite","@id":"https:\/\/aral2.cetrexmarketing.com\/#website","url":"https:\/\/aral2.cetrexmarketing.com\/","name":"M\u00f3n La Cata","description":"Tienda de vinos, licores, cervezas y gourmet","publisher":{"@id":"https:\/\/aral2.cetrexmarketing.com\/#organization"},"potentialAction":[{"@type":"SearchAction","target":{"@type":"EntryPoint","urlTemplate":"https:\/\/aral2.cetrexmarketing.com\/?s={search_term_string}"},"query-input":{"@type":"PropertyValueSpecification","valueRequired":true,"valueName":"search_term_string"}}],"inLanguage":"ca"},{"@type":"Organization","@id":"https:\/\/aral2.cetrexmarketing.com\/#organization","name":"M\u00f3n La Cata","url":"https:\/\/aral2.cetrexmarketing.com\/","logo":{"@type":"ImageObject","inLanguage":"ca","@id":"https:\/\/aral2.cetrexmarketing.com\/#\/schema\/logo\/image\/","url":"https:\/\/aral2.cetrexmarketing.com\/wp-content\/uploads\/2024\/10\/aral-logo-neg-1024x409-1.png","contentUrl":"https:\/\/aral2.cetrexmarketing.com\/wp-content\/uploads\/2024\/10\/aral-logo-neg-1024x409-1.png","width":1024,"height":409,"caption":"M\u00f3n La Cata"},"image":{"@id":"https:\/\/aral2.cetrexmarketing.com\/#\/schema\/logo\/image\/"}}]}},"brands":[],"_links":{"self":[{"href":"https:\/\/aral2.cetrexmarketing.com\/ca\/wp-json\/wp\/v2\/product\/81473","targetHints":{"allow":["GET"]}}],"collection":[{"href":"https:\/\/aral2.cetrexmarketing.com\/ca\/wp-json\/wp\/v2\/product"}],"about":[{"href":"https:\/\/aral2.cetrexmarketing.com\/ca\/wp-json\/wp\/v2\/types\/product"}],"replies":[{"embeddable":true,"href":"https:\/\/aral2.cetrexmarketing.com\/ca\/wp-json\/wp\/v2\/comments?post=81473"}],"wp:featuredmedia":[{"embeddable":true,"href":"https:\/\/aral2.cetrexmarketing.com\/ca\/wp-json\/wp\/v2\/media\/81470"}],"wp:attachment":[{"href":"https:\/\/aral2.cetrexmarketing.com\/ca\/wp-json\/wp\/v2\/media?parent=81473"}],"wp:term":[{"taxonomy":"pwb-brand","embeddable":true,"href":"https:\/\/aral2.cetrexmarketing.com\/ca\/wp-json\/wp\/v2\/pwb-brand?post=81473"},{"taxonomy":"product_brand","embeddable":true,"href":"https:\/\/aral2.cetrexmarketing.com\/ca\/wp-json\/wp\/v2\/product_brand?post=81473"},{"taxonomy":"product_cat","embeddable":true,"href":"https:\/\/aral2.cetrexmarketing.com\/ca\/wp-json\/wp\/v2\/product_cat?post=81473"},{"taxonomy":"product_tag","embeddable":true,"href":"https:\/\/aral2.cetrexmarketing.com\/ca\/wp-json\/wp\/v2\/product_tag?post=81473"}],"curies":[{"name":"wp","href":"https:\/\/api.w.org\/{rel}","templated":true}]}}