{"id":81405,"date":"2025-05-24T07:47:34","date_gmt":"2025-05-24T07:47:34","guid":{"rendered":"https:\/\/aral2.cetrexmarketing.com\/producto\/cardhu-gold-reserve-2\/"},"modified":"2025-05-24T07:47:36","modified_gmt":"2025-05-24T07:47:36","slug":"cardhu-gold-reserve-2","status":"publish","type":"product","link":"https:\/\/aral2.cetrexmarketing.com\/ca\/producto\/cardhu-gold-reserve-2\/","title":{"rendered":"Cardhu Gold Reserve"},"content":{"rendered":"<p class=\"normal\">A principis del segle XIX, Helen i John Cumming eren destiladors ilegals, que venien el seu whisky a traves d\u00b4una finestra, i utilitzaven banderes per avisar als seus compradors quan podien o no venir a comprar. Anys despres, la destileria tenia un gran exit ja que va formar part del grup John Walker, sent el malta predominant.<\/p>\n<p class=\"normal\">Actualment, el seu single malt \u00e9s el mes vengut a Gran Bretanya, i la seva demanda es tant alta en alguns paisos que van haver de recorre a metodes comercials per a solventar aquest problema.<\/p>\n<p class=\"normal\">El Gold Reserve \u00e9s el single malt en qu\u00e8 Cardhu utilitza les seves barriques m\u00e9s torrades de tota la destil\u00b7leria, per donar m\u00e9s car\u00e0cter a aquest whisky, i oferir al seu p\u00fablic un gran producte fruit d&#8217;anys i anys d&#8217;experi\u00e8ncia. <\/p>\n<p>De color or clar t\u00e9 una olor dol\u00e7a i floral amb c\u00edtrics i compota. En boca \u00e9s dol\u00e7 recordant a toffe i de final sec i picant, amb record a fusta.<\/p>\n","protected":false},"excerpt":{"rendered":"<p>El Gold Reserve \u00e9s el single malt en qu\u00e8 Cardhu utilitza les seves barriques m\u00e9s torrades de tota la destil\u00b7leria, per donar m\u00e9s car\u00e0cter a aquest whisky, i oferir al seu p\u00fablic un gran producte fruit d&#8217;anys i anys d&#8217;experi\u00e8ncia. <\/p>\n<p>De color or clar t\u00e9 una olor dol\u00e7a i floral amb c\u00edtrics i compota. En boca \u00e9s dol\u00e7 recordant a toffe i de final sec i picant, amb record a fusta.<\/p>\n","protected":false},"featured_media":81402,"comment_status":"closed","ping_status":"closed","template":"","meta":{"_acf_changed":false},"pwb-brand":[],"product_brand":[],"product_cat":[51692,51776,51722,51723],"product_tag":[15664,51454,15261],"class_list":{"0":"post-81405","1":"product","2":"type-product","3":"status-publish","4":"has-post-thumbnail","6":"product_cat-destillats","7":"product_cat-highland-single-malt-scotch-whisky-whisky-escocia-whisky-destillats","8":"product_cat-whisky-destillats","9":"product_cat-whisky-escocia-whisky-destillats","10":"product_tag-cardhu-ca","11":"product_tag-escocia-ca","12":"product_tag-whisky-ca","13":"pa_ahumado-baix-mitja","14":"pa_destileria-cardhudistilleryltd-ca","15":"pa_do-highland-i-g-p-escocia","16":"pa_envejecimiento-10-anys","17":"pa_formatoenl-36167","18":"pa_formatoenml-38307","19":"pa_graduacion-40_0","20":"pa_pais-escocia-ca-2","21":"pa_pesoengramos-38337","22":"pa_pesoenkg-125-ca","23":"pa_propietario-diageoco-ca","24":"pa_pueblociudad-knock_aberdeenshire","25":"pa_region-highland","26":"pa_subregion-speyside","27":"pa_tipodewhisky-singlemaltscotchwhisky-ca","28":"entry","29":"has-media","31":"first","32":"instock","33":"taxable","34":"shipping-taxable","35":"purchasable","36":"product-type-simple"},"acf":[],"yoast_head":"<!-- This site is optimized with the Yoast SEO Premium plugin v23.1 (Yoast SEO v23.5) - https:\/\/yoast.com\/wordpress\/plugins\/seo\/ -->\n<title>Cardhu Gold Reserve Whisky<\/title>\n<meta name=\"description\" content=\"Comprar online al millor preu entre una extensa gamma de destil.lats.\" \/>\n<meta name=\"robots\" content=\"noindex, follow, max-snippet:-1, max-image-preview:large, max-video-preview:-1\" \/>\n<meta property=\"og:locale\" content=\"ca_ES\" \/>\n<meta property=\"og:type\" content=\"article\" \/>\n<meta property=\"og:title\" content=\"Cardhu Gold Reserve\" \/>\n<meta property=\"og:description\" content=\"Comprar online al millor preu entre una extensa gamma de destil.lats.\" \/>\n<meta property=\"og:url\" content=\"https:\/\/aral2.cetrexmarketing.com\/ca\/producto\/cardhu-gold-reserve-2\/\" \/>\n<meta property=\"og:site_name\" content=\"M\u00f3n La Cata\" \/>\n<meta property=\"article:modified_time\" content=\"2025-05-24T07:47:36+00:00\" \/>\n<meta property=\"og:image\" content=\"https:\/\/aral2.cetrexmarketing.com\/wp-content\/uploads\/2025\/05\/CARDHU-GOLD-RESERVE.jpg.png\" \/>\n\t<meta property=\"og:image:width\" content=\"765\" \/>\n\t<meta property=\"og:image:height\" content=\"1024\" \/>\n\t<meta property=\"og:image:type\" content=\"image\/png\" \/>\n<meta name=\"twitter:card\" content=\"summary_large_image\" \/>\n<meta name=\"twitter:label1\" content=\"Temps estimat de lectura\" \/>\n\t<meta name=\"twitter:data1\" content=\"1 minut\" \/>\n<script type=\"application\/ld+json\" class=\"yoast-schema-graph\">{\"@context\":\"https:\/\/schema.org\",\"@graph\":[{\"@type\":\"WebPage\",\"@id\":\"https:\/\/aral2.cetrexmarketing.com\/ca\/producto\/cardhu-gold-reserve-2\/\",\"url\":\"https:\/\/aral2.cetrexmarketing.com\/ca\/producto\/cardhu-gold-reserve-2\/\",\"name\":\"Cardhu Gold Reserve Whisky\",\"isPartOf\":{\"@id\":\"https:\/\/aral2.cetrexmarketing.com\/#website\"},\"primaryImageOfPage\":{\"@id\":\"https:\/\/aral2.cetrexmarketing.com\/ca\/producto\/cardhu-gold-reserve-2\/#primaryimage\"},\"image\":{\"@id\":\"https:\/\/aral2.cetrexmarketing.com\/ca\/producto\/cardhu-gold-reserve-2\/#primaryimage\"},\"thumbnailUrl\":\"https:\/\/aral2.cetrexmarketing.com\/wp-content\/uploads\/2025\/05\/CARDHU-GOLD-RESERVE.jpg.png\",\"datePublished\":\"2025-05-24T07:47:34+00:00\",\"dateModified\":\"2025-05-24T07:47:36+00:00\",\"description\":\"Comprar online al millor preu entre una extensa gamma de destil.lats.\",\"breadcrumb\":{\"@id\":\"https:\/\/aral2.cetrexmarketing.com\/ca\/producto\/cardhu-gold-reserve-2\/#breadcrumb\"},\"inLanguage\":\"ca\",\"potentialAction\":[{\"@type\":\"ReadAction\",\"target\":[\"https:\/\/aral2.cetrexmarketing.com\/ca\/producto\/cardhu-gold-reserve-2\/\"]}]},{\"@type\":\"ImageObject\",\"inLanguage\":\"ca\",\"@id\":\"https:\/\/aral2.cetrexmarketing.com\/ca\/producto\/cardhu-gold-reserve-2\/#primaryimage\",\"url\":\"https:\/\/aral2.cetrexmarketing.com\/wp-content\/uploads\/2025\/05\/CARDHU-GOLD-RESERVE.jpg.png\",\"contentUrl\":\"https:\/\/aral2.cetrexmarketing.com\/wp-content\/uploads\/2025\/05\/CARDHU-GOLD-RESERVE.jpg.png\",\"width\":765,\"height\":1024},{\"@type\":\"BreadcrumbList\",\"@id\":\"https:\/\/aral2.cetrexmarketing.com\/ca\/producto\/cardhu-gold-reserve-2\/#breadcrumb\",\"itemListElement\":[{\"@type\":\"ListItem\",\"position\":1,\"name\":\"Home\",\"item\":\"https:\/\/aral2.cetrexmarketing.com\/ca\/\"},{\"@type\":\"ListItem\",\"position\":2,\"name\":\"Tienda\",\"item\":\"https:\/\/aral2.cetrexmarketing.com\/ca\/tienda-2\/\"},{\"@type\":\"ListItem\",\"position\":3,\"name\":\"Destil\u00b7lats\",\"item\":\"https:\/\/aral2.cetrexmarketing.com\/categoria-producto\/home-ca\/destil-lats-ca\/\"},{\"@type\":\"ListItem\",\"position\":4,\"name\":\"Whisky\",\"item\":\"https:\/\/aral2.cetrexmarketing.com\/ca\/categoria-producto\/destil-lats-ca\/whisky-ca\/\"},{\"@type\":\"ListItem\",\"position\":5,\"name\":\"Whisky Esc\u00f2cia\",\"item\":\"https:\/\/aral2.cetrexmarketing.com\/ca\/categoria-producto\/destil-lats-ca\/whisky-ca\/whisky-escocia-ca\/\"},{\"@type\":\"ListItem\",\"position\":6,\"name\":\"Highland Single Malt Scotch Whisky\",\"item\":\"https:\/\/aral2.cetrexmarketing.com\/categoria-producto\/inicio\/destilados\/whisky\/whisky-escocia\/highland-single-malt-scotch-whisky\/\"},{\"@type\":\"ListItem\",\"position\":7,\"name\":\"Cardhu Gold Reserve\"}]},{\"@type\":\"WebSite\",\"@id\":\"https:\/\/aral2.cetrexmarketing.com\/#website\",\"url\":\"https:\/\/aral2.cetrexmarketing.com\/\",\"name\":\"M\u00f3n La Cata\",\"description\":\"Tienda de vinos, licores, cervezas y gourmet\",\"publisher\":{\"@id\":\"https:\/\/aral2.cetrexmarketing.com\/#organization\"},\"potentialAction\":[{\"@type\":\"SearchAction\",\"target\":{\"@type\":\"EntryPoint\",\"urlTemplate\":\"https:\/\/aral2.cetrexmarketing.com\/?s={search_term_string}\"},\"query-input\":{\"@type\":\"PropertyValueSpecification\",\"valueRequired\":true,\"valueName\":\"search_term_string\"}}],\"inLanguage\":\"ca\"},{\"@type\":\"Organization\",\"@id\":\"https:\/\/aral2.cetrexmarketing.com\/#organization\",\"name\":\"M\u00f3n La Cata\",\"url\":\"https:\/\/aral2.cetrexmarketing.com\/\",\"logo\":{\"@type\":\"ImageObject\",\"inLanguage\":\"ca\",\"@id\":\"https:\/\/aral2.cetrexmarketing.com\/#\/schema\/logo\/image\/\",\"url\":\"https:\/\/aral2.cetrexmarketing.com\/wp-content\/uploads\/2024\/10\/aral-logo-neg-1024x409-1.png\",\"contentUrl\":\"https:\/\/aral2.cetrexmarketing.com\/wp-content\/uploads\/2024\/10\/aral-logo-neg-1024x409-1.png\",\"width\":1024,\"height\":409,\"caption\":\"M\u00f3n La Cata\"},\"image\":{\"@id\":\"https:\/\/aral2.cetrexmarketing.com\/#\/schema\/logo\/image\/\"}}]}<\/script>\n<!-- \/ Yoast SEO Premium plugin. -->","yoast_head_json":{"title":"Cardhu Gold Reserve Whisky","description":"Comprar online al millor preu entre una extensa gamma de destil.lats.","robots":{"index":"noindex","follow":"follow","max-snippet":"max-snippet:-1","max-image-preview":"max-image-preview:large","max-video-preview":"max-video-preview:-1"},"og_locale":"ca_ES","og_type":"article","og_title":"Cardhu Gold Reserve","og_description":"Comprar online al millor preu entre una extensa gamma de destil.lats.","og_url":"https:\/\/aral2.cetrexmarketing.com\/ca\/producto\/cardhu-gold-reserve-2\/","og_site_name":"M\u00f3n La Cata","article_modified_time":"2025-05-24T07:47:36+00:00","og_image":[{"width":765,"height":1024,"url":"https:\/\/aral2.cetrexmarketing.com\/wp-content\/uploads\/2025\/05\/CARDHU-GOLD-RESERVE.jpg.png","type":"image\/png"}],"twitter_card":"summary_large_image","twitter_misc":{"Temps estimat de lectura":"1 minut"},"schema":{"@context":"https:\/\/schema.org","@graph":[{"@type":"WebPage","@id":"https:\/\/aral2.cetrexmarketing.com\/ca\/producto\/cardhu-gold-reserve-2\/","url":"https:\/\/aral2.cetrexmarketing.com\/ca\/producto\/cardhu-gold-reserve-2\/","name":"Cardhu Gold Reserve Whisky","isPartOf":{"@id":"https:\/\/aral2.cetrexmarketing.com\/#website"},"primaryImageOfPage":{"@id":"https:\/\/aral2.cetrexmarketing.com\/ca\/producto\/cardhu-gold-reserve-2\/#primaryimage"},"image":{"@id":"https:\/\/aral2.cetrexmarketing.com\/ca\/producto\/cardhu-gold-reserve-2\/#primaryimage"},"thumbnailUrl":"https:\/\/aral2.cetrexmarketing.com\/wp-content\/uploads\/2025\/05\/CARDHU-GOLD-RESERVE.jpg.png","datePublished":"2025-05-24T07:47:34+00:00","dateModified":"2025-05-24T07:47:36+00:00","description":"Comprar online al millor preu entre una extensa gamma de destil.lats.","breadcrumb":{"@id":"https:\/\/aral2.cetrexmarketing.com\/ca\/producto\/cardhu-gold-reserve-2\/#breadcrumb"},"inLanguage":"ca","potentialAction":[{"@type":"ReadAction","target":["https:\/\/aral2.cetrexmarketing.com\/ca\/producto\/cardhu-gold-reserve-2\/"]}]},{"@type":"ImageObject","inLanguage":"ca","@id":"https:\/\/aral2.cetrexmarketing.com\/ca\/producto\/cardhu-gold-reserve-2\/#primaryimage","url":"https:\/\/aral2.cetrexmarketing.com\/wp-content\/uploads\/2025\/05\/CARDHU-GOLD-RESERVE.jpg.png","contentUrl":"https:\/\/aral2.cetrexmarketing.com\/wp-content\/uploads\/2025\/05\/CARDHU-GOLD-RESERVE.jpg.png","width":765,"height":1024},{"@type":"BreadcrumbList","@id":"https:\/\/aral2.cetrexmarketing.com\/ca\/producto\/cardhu-gold-reserve-2\/#breadcrumb","itemListElement":[{"@type":"ListItem","position":1,"name":"Home","item":"https:\/\/aral2.cetrexmarketing.com\/ca\/"},{"@type":"ListItem","position":2,"name":"Tienda","item":"https:\/\/aral2.cetrexmarketing.com\/ca\/tienda-2\/"},{"@type":"ListItem","position":3,"name":"Destil\u00b7lats","item":"https:\/\/aral2.cetrexmarketing.com\/categoria-producto\/home-ca\/destil-lats-ca\/"},{"@type":"ListItem","position":4,"name":"Whisky","item":"https:\/\/aral2.cetrexmarketing.com\/ca\/categoria-producto\/destil-lats-ca\/whisky-ca\/"},{"@type":"ListItem","position":5,"name":"Whisky Esc\u00f2cia","item":"https:\/\/aral2.cetrexmarketing.com\/ca\/categoria-producto\/destil-lats-ca\/whisky-ca\/whisky-escocia-ca\/"},{"@type":"ListItem","position":6,"name":"Highland Single Malt Scotch Whisky","item":"https:\/\/aral2.cetrexmarketing.com\/categoria-producto\/inicio\/destilados\/whisky\/whisky-escocia\/highland-single-malt-scotch-whisky\/"},{"@type":"ListItem","position":7,"name":"Cardhu Gold Reserve"}]},{"@type":"WebSite","@id":"https:\/\/aral2.cetrexmarketing.com\/#website","url":"https:\/\/aral2.cetrexmarketing.com\/","name":"M\u00f3n La Cata","description":"Tienda de vinos, licores, cervezas y gourmet","publisher":{"@id":"https:\/\/aral2.cetrexmarketing.com\/#organization"},"potentialAction":[{"@type":"SearchAction","target":{"@type":"EntryPoint","urlTemplate":"https:\/\/aral2.cetrexmarketing.com\/?s={search_term_string}"},"query-input":{"@type":"PropertyValueSpecification","valueRequired":true,"valueName":"search_term_string"}}],"inLanguage":"ca"},{"@type":"Organization","@id":"https:\/\/aral2.cetrexmarketing.com\/#organization","name":"M\u00f3n La Cata","url":"https:\/\/aral2.cetrexmarketing.com\/","logo":{"@type":"ImageObject","inLanguage":"ca","@id":"https:\/\/aral2.cetrexmarketing.com\/#\/schema\/logo\/image\/","url":"https:\/\/aral2.cetrexmarketing.com\/wp-content\/uploads\/2024\/10\/aral-logo-neg-1024x409-1.png","contentUrl":"https:\/\/aral2.cetrexmarketing.com\/wp-content\/uploads\/2024\/10\/aral-logo-neg-1024x409-1.png","width":1024,"height":409,"caption":"M\u00f3n La Cata"},"image":{"@id":"https:\/\/aral2.cetrexmarketing.com\/#\/schema\/logo\/image\/"}}]}},"brands":[],"_links":{"self":[{"href":"https:\/\/aral2.cetrexmarketing.com\/ca\/wp-json\/wp\/v2\/product\/81405","targetHints":{"allow":["GET"]}}],"collection":[{"href":"https:\/\/aral2.cetrexmarketing.com\/ca\/wp-json\/wp\/v2\/product"}],"about":[{"href":"https:\/\/aral2.cetrexmarketing.com\/ca\/wp-json\/wp\/v2\/types\/product"}],"replies":[{"embeddable":true,"href":"https:\/\/aral2.cetrexmarketing.com\/ca\/wp-json\/wp\/v2\/comments?post=81405"}],"wp:featuredmedia":[{"embeddable":true,"href":"https:\/\/aral2.cetrexmarketing.com\/ca\/wp-json\/wp\/v2\/media\/81402"}],"wp:attachment":[{"href":"https:\/\/aral2.cetrexmarketing.com\/ca\/wp-json\/wp\/v2\/media?parent=81405"}],"wp:term":[{"taxonomy":"pwb-brand","embeddable":true,"href":"https:\/\/aral2.cetrexmarketing.com\/ca\/wp-json\/wp\/v2\/pwb-brand?post=81405"},{"taxonomy":"product_brand","embeddable":true,"href":"https:\/\/aral2.cetrexmarketing.com\/ca\/wp-json\/wp\/v2\/product_brand?post=81405"},{"taxonomy":"product_cat","embeddable":true,"href":"https:\/\/aral2.cetrexmarketing.com\/ca\/wp-json\/wp\/v2\/product_cat?post=81405"},{"taxonomy":"product_tag","embeddable":true,"href":"https:\/\/aral2.cetrexmarketing.com\/ca\/wp-json\/wp\/v2\/product_tag?post=81405"}],"curies":[{"name":"wp","href":"https:\/\/api.w.org\/{rel}","templated":true}]}}