{"id":81365,"date":"2025-05-24T07:46:46","date_gmt":"2025-05-24T07:46:46","guid":{"rendered":"https:\/\/aral2.cetrexmarketing.com\/producto\/amrut-indian-single-malt-2\/"},"modified":"2025-05-24T07:46:48","modified_gmt":"2025-05-24T07:46:48","slug":"amrut-indian-single-malt-2","status":"publish","type":"product","link":"https:\/\/aral2.cetrexmarketing.com\/ca\/producto\/amrut-indian-single-malt-2\/","title":{"rendered":"Amrut Indian Single Malt"},"content":{"rendered":"<p class=\"normal\">Donant-se a coneixer en el mercat britanic a traves dels restaurants indus, el Amrut \u00e9s un whisky de cibada india de la base del Himalaya, i cultivada de forma tradicional.<\/p>\n<p class=\"normal\">Una de les caracteristiques uniques d\u00b4aquest whisky es la seva puresa d\u00b4aigua, ja que prove del mateix Himalaya, cosa que es fa de notar en la seva delicadesa. La seva maduraci\u00f3 es fa a mes de 1000 metres sobre el nivell mar, en unes condicions tropicals uniques.<\/p>\n<p class=\"normal\">NOTA DE CATA: En nas es floral i afruitat, amb notes a gingebre i anis. De gust suau, es molt especiat i maltejat, donant pas al final curt i dol\u00e7.<\/p>\n","protected":false},"excerpt":{"rendered":"<p dir=\"ltr\"><span>Una de les\u00a0<\/span><span>caracter\u00edstiques<\/span><span>\u00a0<\/span><span>\u00faniques<\/span><span>\u00a0d&#8217;aquest whisky\u00a0<\/span><span>\u00e9s<\/span><span>\u00a0la puresa de la seva aigua, ja que\u00a0<\/span><span class=\"hiddenGreenError\">prove<\/span><span>\u00a0del mateix\u00a0<\/span><span>Him\u00e0laia<\/span><span>, cosa que es fa de notar en la seva delicadesa. La seva maduraci\u00f3 es fa a\u00a0<\/span><span>m\u00e9s<\/span><span>\u00a0de 1000 metres sobre el nivell mar, en unes condicions tropicals\u00a0<\/span><span>\u00faniques<\/span><span>.<\/span><\/p>\n<p><span>En nas\u00a0<\/span><span>\u00e9s<\/span><span>\u00a0floral i afruitat, amb notes a gingebre i\u00a0<\/span><span>an\u00eds<\/span><span>.<\/span><\/p>\n<p><span>De gust suau,\u00a0<\/span><span>\u00e9s<\/span><span>\u00a0molt especiat i\u00a0<\/span><span class=\"hiddenSpellError\">maltejat<\/span><span>, donant pas al final curt i dol\u00e7.<\/span><\/p>\n","protected":false},"featured_media":81362,"comment_status":"closed","ping_status":"closed","template":"","meta":{"_acf_changed":false},"pwb-brand":[],"product_brand":[],"product_cat":[51692,51722],"product_tag":[15651,15653,15652],"class_list":{"0":"post-81365","1":"product","2":"type-product","3":"status-publish","4":"has-post-thumbnail","6":"product_cat-destillats","7":"product_cat-whisky-destillats","8":"product_tag-amrut-ca","9":"product_tag-india-ca","10":"product_tag-whisky-de-la-india-ca","11":"pa_ahumado-baix","12":"pa_destileria-amrutdistilleryco-ca","13":"pa_envejecimiento-3-anys-minim","14":"pa_estilo-d5-doublecaskdebarricasdebour-ca","15":"pa_formatoenl-36167","16":"pa_formatoenml-38307","17":"pa_graduacion-40_0","18":"pa_pais-india-ca-2","19":"pa_pesoengramos-38337","20":"pa_pesoenkg-125-ca","21":"pa_propietario-rakshitjagdale-ca","22":"pa_pueblociudad-karnataka_bangalore","23":"pa_tipodewhisky-whiskysinglemaltindio-ca","24":"entry","25":"has-media","27":"first","28":"instock","29":"taxable","30":"shipping-taxable","31":"purchasable","32":"product-type-simple"},"acf":[],"yoast_head":"<!-- This site is optimized with the Yoast SEO Premium plugin v23.1 (Yoast SEO v23.5) - https:\/\/yoast.com\/wordpress\/plugins\/seo\/ -->\n<title>Amrut Indian Single Malt Whisky<\/title>\n<meta name=\"description\" content=\"Una de les caracter\u00edstiques d&#039;aquest whisky indi \u00e9s la puresa de la seva aigua, ja que prove del mateix Him\u00e0laia, cosa que es fa de notar en la seva delicadesa.\" \/>\n<meta name=\"robots\" content=\"noindex, follow, max-snippet:-1, max-image-preview:large, max-video-preview:-1\" \/>\n<meta property=\"og:locale\" content=\"ca_ES\" \/>\n<meta property=\"og:type\" content=\"article\" \/>\n<meta property=\"og:title\" content=\"Amrut Indian Single Malt\" \/>\n<meta property=\"og:description\" content=\"Una de les caracter\u00edstiques d&#039;aquest whisky indi \u00e9s la puresa de la seva aigua, ja que prove del mateix Him\u00e0laia, cosa que es fa de notar en la seva delicadesa.\" \/>\n<meta property=\"og:url\" content=\"https:\/\/aral2.cetrexmarketing.com\/ca\/producto\/amrut-indian-single-malt-2\/\" \/>\n<meta property=\"og:site_name\" content=\"M\u00f3n La Cata\" \/>\n<meta property=\"article:modified_time\" content=\"2025-05-24T07:46:48+00:00\" \/>\n<meta property=\"og:image\" content=\"https:\/\/aral2.cetrexmarketing.com\/wp-content\/uploads\/2025\/05\/amrut-indian-single-malt.jpeg-1.png\" \/>\n\t<meta property=\"og:image:width\" content=\"765\" \/>\n\t<meta property=\"og:image:height\" content=\"1024\" \/>\n\t<meta property=\"og:image:type\" content=\"image\/png\" \/>\n<meta name=\"twitter:card\" content=\"summary_large_image\" \/>\n<meta name=\"twitter:label1\" content=\"Temps estimat de lectura\" \/>\n\t<meta name=\"twitter:data1\" content=\"1 minut\" \/>\n<script type=\"application\/ld+json\" class=\"yoast-schema-graph\">{\"@context\":\"https:\/\/schema.org\",\"@graph\":[{\"@type\":\"WebPage\",\"@id\":\"https:\/\/aral2.cetrexmarketing.com\/ca\/producto\/amrut-indian-single-malt-2\/\",\"url\":\"https:\/\/aral2.cetrexmarketing.com\/ca\/producto\/amrut-indian-single-malt-2\/\",\"name\":\"Amrut Indian Single Malt Whisky\",\"isPartOf\":{\"@id\":\"https:\/\/aral2.cetrexmarketing.com\/#website\"},\"primaryImageOfPage\":{\"@id\":\"https:\/\/aral2.cetrexmarketing.com\/ca\/producto\/amrut-indian-single-malt-2\/#primaryimage\"},\"image\":{\"@id\":\"https:\/\/aral2.cetrexmarketing.com\/ca\/producto\/amrut-indian-single-malt-2\/#primaryimage\"},\"thumbnailUrl\":\"https:\/\/aral2.cetrexmarketing.com\/wp-content\/uploads\/2025\/05\/amrut-indian-single-malt.jpeg-1.png\",\"datePublished\":\"2025-05-24T07:46:46+00:00\",\"dateModified\":\"2025-05-24T07:46:48+00:00\",\"description\":\"Una de les caracter\u00edstiques d'aquest whisky indi \u00e9s la puresa de la seva aigua, ja que prove del mateix Him\u00e0laia, cosa que es fa de notar en la seva delicadesa.\",\"breadcrumb\":{\"@id\":\"https:\/\/aral2.cetrexmarketing.com\/ca\/producto\/amrut-indian-single-malt-2\/#breadcrumb\"},\"inLanguage\":\"ca\",\"potentialAction\":[{\"@type\":\"ReadAction\",\"target\":[\"https:\/\/aral2.cetrexmarketing.com\/ca\/producto\/amrut-indian-single-malt-2\/\"]}]},{\"@type\":\"ImageObject\",\"inLanguage\":\"ca\",\"@id\":\"https:\/\/aral2.cetrexmarketing.com\/ca\/producto\/amrut-indian-single-malt-2\/#primaryimage\",\"url\":\"https:\/\/aral2.cetrexmarketing.com\/wp-content\/uploads\/2025\/05\/amrut-indian-single-malt.jpeg-1.png\",\"contentUrl\":\"https:\/\/aral2.cetrexmarketing.com\/wp-content\/uploads\/2025\/05\/amrut-indian-single-malt.jpeg-1.png\",\"width\":765,\"height\":1024},{\"@type\":\"BreadcrumbList\",\"@id\":\"https:\/\/aral2.cetrexmarketing.com\/ca\/producto\/amrut-indian-single-malt-2\/#breadcrumb\",\"itemListElement\":[{\"@type\":\"ListItem\",\"position\":1,\"name\":\"Home\",\"item\":\"https:\/\/aral2.cetrexmarketing.com\/ca\/\"},{\"@type\":\"ListItem\",\"position\":2,\"name\":\"Tienda\",\"item\":\"https:\/\/aral2.cetrexmarketing.com\/ca\/tienda-2\/\"},{\"@type\":\"ListItem\",\"position\":3,\"name\":\"Destil\u00b7lats\",\"item\":\"https:\/\/aral2.cetrexmarketing.com\/categoria-producto\/destil%c2%b7lats\/\"},{\"@type\":\"ListItem\",\"position\":4,\"name\":\"Whisky\",\"item\":\"https:\/\/aral2.cetrexmarketing.com\/categoria-producto\/destil%c2%b7lats\/whisky-destil%c2%b7lats\/\"},{\"@type\":\"ListItem\",\"position\":5,\"name\":\"Amrut Indian Single Malt\"}]},{\"@type\":\"WebSite\",\"@id\":\"https:\/\/aral2.cetrexmarketing.com\/#website\",\"url\":\"https:\/\/aral2.cetrexmarketing.com\/\",\"name\":\"M\u00f3n La Cata\",\"description\":\"Tienda de vinos, licores, cervezas y gourmet\",\"publisher\":{\"@id\":\"https:\/\/aral2.cetrexmarketing.com\/#organization\"},\"potentialAction\":[{\"@type\":\"SearchAction\",\"target\":{\"@type\":\"EntryPoint\",\"urlTemplate\":\"https:\/\/aral2.cetrexmarketing.com\/?s={search_term_string}\"},\"query-input\":{\"@type\":\"PropertyValueSpecification\",\"valueRequired\":true,\"valueName\":\"search_term_string\"}}],\"inLanguage\":\"ca\"},{\"@type\":\"Organization\",\"@id\":\"https:\/\/aral2.cetrexmarketing.com\/#organization\",\"name\":\"M\u00f3n La Cata\",\"url\":\"https:\/\/aral2.cetrexmarketing.com\/\",\"logo\":{\"@type\":\"ImageObject\",\"inLanguage\":\"ca\",\"@id\":\"https:\/\/aral2.cetrexmarketing.com\/#\/schema\/logo\/image\/\",\"url\":\"https:\/\/aral2.cetrexmarketing.com\/wp-content\/uploads\/2024\/10\/aral-logo-neg-1024x409-1.png\",\"contentUrl\":\"https:\/\/aral2.cetrexmarketing.com\/wp-content\/uploads\/2024\/10\/aral-logo-neg-1024x409-1.png\",\"width\":1024,\"height\":409,\"caption\":\"M\u00f3n La Cata\"},\"image\":{\"@id\":\"https:\/\/aral2.cetrexmarketing.com\/#\/schema\/logo\/image\/\"}}]}<\/script>\n<!-- \/ Yoast SEO Premium plugin. -->","yoast_head_json":{"title":"Amrut Indian Single Malt Whisky","description":"Una de les caracter\u00edstiques d'aquest whisky indi \u00e9s la puresa de la seva aigua, ja que prove del mateix Him\u00e0laia, cosa que es fa de notar en la seva delicadesa.","robots":{"index":"noindex","follow":"follow","max-snippet":"max-snippet:-1","max-image-preview":"max-image-preview:large","max-video-preview":"max-video-preview:-1"},"og_locale":"ca_ES","og_type":"article","og_title":"Amrut Indian Single Malt","og_description":"Una de les caracter\u00edstiques d'aquest whisky indi \u00e9s la puresa de la seva aigua, ja que prove del mateix Him\u00e0laia, cosa que es fa de notar en la seva delicadesa.","og_url":"https:\/\/aral2.cetrexmarketing.com\/ca\/producto\/amrut-indian-single-malt-2\/","og_site_name":"M\u00f3n La Cata","article_modified_time":"2025-05-24T07:46:48+00:00","og_image":[{"width":765,"height":1024,"url":"https:\/\/aral2.cetrexmarketing.com\/wp-content\/uploads\/2025\/05\/amrut-indian-single-malt.jpeg-1.png","type":"image\/png"}],"twitter_card":"summary_large_image","twitter_misc":{"Temps estimat de lectura":"1 minut"},"schema":{"@context":"https:\/\/schema.org","@graph":[{"@type":"WebPage","@id":"https:\/\/aral2.cetrexmarketing.com\/ca\/producto\/amrut-indian-single-malt-2\/","url":"https:\/\/aral2.cetrexmarketing.com\/ca\/producto\/amrut-indian-single-malt-2\/","name":"Amrut Indian Single Malt Whisky","isPartOf":{"@id":"https:\/\/aral2.cetrexmarketing.com\/#website"},"primaryImageOfPage":{"@id":"https:\/\/aral2.cetrexmarketing.com\/ca\/producto\/amrut-indian-single-malt-2\/#primaryimage"},"image":{"@id":"https:\/\/aral2.cetrexmarketing.com\/ca\/producto\/amrut-indian-single-malt-2\/#primaryimage"},"thumbnailUrl":"https:\/\/aral2.cetrexmarketing.com\/wp-content\/uploads\/2025\/05\/amrut-indian-single-malt.jpeg-1.png","datePublished":"2025-05-24T07:46:46+00:00","dateModified":"2025-05-24T07:46:48+00:00","description":"Una de les caracter\u00edstiques d'aquest whisky indi \u00e9s la puresa de la seva aigua, ja que prove del mateix Him\u00e0laia, cosa que es fa de notar en la seva delicadesa.","breadcrumb":{"@id":"https:\/\/aral2.cetrexmarketing.com\/ca\/producto\/amrut-indian-single-malt-2\/#breadcrumb"},"inLanguage":"ca","potentialAction":[{"@type":"ReadAction","target":["https:\/\/aral2.cetrexmarketing.com\/ca\/producto\/amrut-indian-single-malt-2\/"]}]},{"@type":"ImageObject","inLanguage":"ca","@id":"https:\/\/aral2.cetrexmarketing.com\/ca\/producto\/amrut-indian-single-malt-2\/#primaryimage","url":"https:\/\/aral2.cetrexmarketing.com\/wp-content\/uploads\/2025\/05\/amrut-indian-single-malt.jpeg-1.png","contentUrl":"https:\/\/aral2.cetrexmarketing.com\/wp-content\/uploads\/2025\/05\/amrut-indian-single-malt.jpeg-1.png","width":765,"height":1024},{"@type":"BreadcrumbList","@id":"https:\/\/aral2.cetrexmarketing.com\/ca\/producto\/amrut-indian-single-malt-2\/#breadcrumb","itemListElement":[{"@type":"ListItem","position":1,"name":"Home","item":"https:\/\/aral2.cetrexmarketing.com\/ca\/"},{"@type":"ListItem","position":2,"name":"Tienda","item":"https:\/\/aral2.cetrexmarketing.com\/ca\/tienda-2\/"},{"@type":"ListItem","position":3,"name":"Destil\u00b7lats","item":"https:\/\/aral2.cetrexmarketing.com\/categoria-producto\/destil%c2%b7lats\/"},{"@type":"ListItem","position":4,"name":"Whisky","item":"https:\/\/aral2.cetrexmarketing.com\/categoria-producto\/destil%c2%b7lats\/whisky-destil%c2%b7lats\/"},{"@type":"ListItem","position":5,"name":"Amrut Indian Single Malt"}]},{"@type":"WebSite","@id":"https:\/\/aral2.cetrexmarketing.com\/#website","url":"https:\/\/aral2.cetrexmarketing.com\/","name":"M\u00f3n La Cata","description":"Tienda de vinos, licores, cervezas y gourmet","publisher":{"@id":"https:\/\/aral2.cetrexmarketing.com\/#organization"},"potentialAction":[{"@type":"SearchAction","target":{"@type":"EntryPoint","urlTemplate":"https:\/\/aral2.cetrexmarketing.com\/?s={search_term_string}"},"query-input":{"@type":"PropertyValueSpecification","valueRequired":true,"valueName":"search_term_string"}}],"inLanguage":"ca"},{"@type":"Organization","@id":"https:\/\/aral2.cetrexmarketing.com\/#organization","name":"M\u00f3n La Cata","url":"https:\/\/aral2.cetrexmarketing.com\/","logo":{"@type":"ImageObject","inLanguage":"ca","@id":"https:\/\/aral2.cetrexmarketing.com\/#\/schema\/logo\/image\/","url":"https:\/\/aral2.cetrexmarketing.com\/wp-content\/uploads\/2024\/10\/aral-logo-neg-1024x409-1.png","contentUrl":"https:\/\/aral2.cetrexmarketing.com\/wp-content\/uploads\/2024\/10\/aral-logo-neg-1024x409-1.png","width":1024,"height":409,"caption":"M\u00f3n La Cata"},"image":{"@id":"https:\/\/aral2.cetrexmarketing.com\/#\/schema\/logo\/image\/"}}]}},"brands":[],"_links":{"self":[{"href":"https:\/\/aral2.cetrexmarketing.com\/ca\/wp-json\/wp\/v2\/product\/81365","targetHints":{"allow":["GET"]}}],"collection":[{"href":"https:\/\/aral2.cetrexmarketing.com\/ca\/wp-json\/wp\/v2\/product"}],"about":[{"href":"https:\/\/aral2.cetrexmarketing.com\/ca\/wp-json\/wp\/v2\/types\/product"}],"replies":[{"embeddable":true,"href":"https:\/\/aral2.cetrexmarketing.com\/ca\/wp-json\/wp\/v2\/comments?post=81365"}],"wp:featuredmedia":[{"embeddable":true,"href":"https:\/\/aral2.cetrexmarketing.com\/ca\/wp-json\/wp\/v2\/media\/81362"}],"wp:attachment":[{"href":"https:\/\/aral2.cetrexmarketing.com\/ca\/wp-json\/wp\/v2\/media?parent=81365"}],"wp:term":[{"taxonomy":"pwb-brand","embeddable":true,"href":"https:\/\/aral2.cetrexmarketing.com\/ca\/wp-json\/wp\/v2\/pwb-brand?post=81365"},{"taxonomy":"product_brand","embeddable":true,"href":"https:\/\/aral2.cetrexmarketing.com\/ca\/wp-json\/wp\/v2\/product_brand?post=81365"},{"taxonomy":"product_cat","embeddable":true,"href":"https:\/\/aral2.cetrexmarketing.com\/ca\/wp-json\/wp\/v2\/product_cat?post=81365"},{"taxonomy":"product_tag","embeddable":true,"href":"https:\/\/aral2.cetrexmarketing.com\/ca\/wp-json\/wp\/v2\/product_tag?post=81365"}],"curies":[{"name":"wp","href":"https:\/\/api.w.org\/{rel}","templated":true}]}}