{"id":81357,"date":"2025-05-24T07:46:38","date_gmt":"2025-05-24T07:46:38","guid":{"rendered":"https:\/\/aral2.cetrexmarketing.com\/producto\/aberfeldy-12-anys\/"},"modified":"2025-05-24T07:46:40","modified_gmt":"2025-05-24T07:46:40","slug":"aberfeldy-12-anys","status":"publish","type":"product","link":"https:\/\/aral2.cetrexmarketing.com\/ca\/producto\/aberfeldy-12-anys\/","title":{"rendered":"Aberfeldy 12 Anys"},"content":{"rendered":"<p class=\"normal\">Aquest whisky escoc\u00e8s situat a la zona de Highland, al poble comercial de Perthershire, \u00e9s un la gran proveidora del blend que mes es ven als EEUU, el famos Dewar. La destil.leria \u00e9s un museu dedicat a la figura de Tommy Dewar, ja que van construir aquesta destileria amb el clar i unic proposit de subministrar whisky pur de malta al colos Deward. Va ser a partir dels 70 que el seu single malt va despertar l\u2019interes dels entesos, fent normalment whiskys robustos i seriosos. El seu single malt de 12 anys \u00e9s complicat de trovar i apreciat pels experts per la seva robustesa i serietat.<\/p>\n<p class=\"normal\">NOTA DE CATA: Color or, en nas a mandarina, malta fresca i presec. Un toc a nou moscada. En boca ple i fresc, amb mandarina, nectarina. Vigoros i sedos. Final sec.<\/p>\n","protected":false},"excerpt":{"rendered":"<p><span class=\"VIiyi\" lang=\"ca\" xml:lang=\"ca\"><span class=\"JLqJ4b ChMk0b\"><span>Situat a la zona<\/span><\/span> <span class=\"JLqJ4b ChMk0b\"><span>de<\/span><\/span> <span class=\"JLqJ4b ChMk0b\"><span>Highland<\/span><\/span><span class=\"JLqJ4b ChMk0b\"><span>, en<\/span><\/span>\u00a0<span class=\"JLqJ4b ChMk0b\"><span>Perthershire<\/span><\/span><span class=\"JLqJ4b ChMk0b\"><span>,<\/span><\/span> <span class=\"JLqJ4b ChMk0b\"><span>d&#8217;un dels<\/span><\/span> <span class=\"JLqJ4b ChMk0b\"><span>productors de<\/span><\/span> <span class=\"JLqJ4b ChMk0b\"><span>l&#8217;<\/span><\/span><span class=\"JLqJ4b ChMk0b\"><span>blended<\/span><\/span> <span class=\"JLqJ4b ChMk0b\"><span>per\u00f2<\/span><\/span> <span class=\"JLqJ4b ChMk0b\"><span>Venut<\/span><\/span> <span class=\"JLqJ4b ChMk0b\"><span>als EUA.<\/span><\/span> <span class=\"JLqJ4b ChMk0b\"><span>La destil\u00b7leria<\/span><\/span> <span class=\"JLqJ4b ChMk0b\"><span>Dewar<\/span><\/span> <span class=\"JLqJ4b ChMk0b\"><span>\u00e9s<\/span><\/span> <span class=\"JLqJ4b ChMk0b\"><span>un museu dedicat a<\/span><\/span> <span class=\"JLqJ4b ChMk0b\"><span>Tommy<\/span><\/span> <span class=\"JLqJ4b ChMk0b\"><span>Dewar<\/span><\/span><span class=\"JLqJ4b ChMk0b\"><span>.<\/span><\/span> <span class=\"JLqJ4b ChMk0b\"><span>El seu single<\/span><\/span> <span class=\"JLqJ4b ChMk0b\"><span>malt<\/span><\/span> <span class=\"JLqJ4b ChMk0b\"><span>de 12<\/span><\/span> <span class=\"JLqJ4b ChMk0b\"><span>anys<\/span><\/span> <span class=\"JLqJ4b ChMk0b\"><span>\u00e9s<\/span><\/span> <span class=\"JLqJ4b ChMk0b\"><span>dif\u00edcil d&#8217;<\/span><\/span><span class=\"JLqJ4b ChMk0b\"><span>Trobar i<\/span><\/span> <span class=\"JLqJ4b ChMk0b\"><span>molt<\/span><\/span> <span class=\"JLqJ4b ChMk0b\"><span>apreciaci\u00f3<\/span><\/span> <span class=\"JLqJ4b ChMk0b\"><span>por<\/span><\/span> <span class=\"JLqJ4b ChMk0b\"><span>dels Experts<\/span><\/span><span class=\"JLqJ4b ChMk0b\"><span>.<\/span><\/span><span class=\"JLqJ4b\"><span> <\/p>\n<p><\/span><\/span><span class=\"JLqJ4b ChMk0b\"><span>NOTA DE CATA: Color<\/span><\/span> <span class=\"JLqJ4b ChMk0b\"><span>or,<\/span><\/span> <span class=\"JLqJ4b ChMk0b\"><span>en nas a<\/span><\/span> <span class=\"JLqJ4b ChMk0b\"><span>mandarina,<\/span><\/span> <span class=\"JLqJ4b ChMk0b\"><span>malta<\/span><\/span> <span class=\"JLqJ4b ChMk0b\"><span>fresca i<\/span><\/span> <span class=\"JLqJ4b ChMk0b\"><span>pr\u00e9ssec<\/span><\/span><span class=\"JLqJ4b ChMk0b\"><span>.<\/span><\/span> <span class=\"JLqJ4b ChMk0b\"><span>Un toc<\/span><\/span> <span class=\"JLqJ4b ChMk0b\"><span>a<\/span><\/span> <span class=\"JLqJ4b ChMk0b\"><span>nou moscada.<\/span><\/span> <span class=\"JLqJ4b ChMk0b\"><span>En boca<\/span><\/span> <span class=\"JLqJ4b ChMk0b\"><span>ple i<\/span><\/span> <span class=\"JLqJ4b ChMk0b\"><span>fresc,<\/span><\/span> <span class=\"JLqJ4b ChMk0b\"><span>amb<\/span><\/span> <span class=\"JLqJ4b ChMk0b\"><span>mandarina<\/span><\/span><span class=\"JLqJ4b ChMk0b\"><span>, nectarina<\/span><\/span><span class=\"JLqJ4b ChMk0b\"><span>.<\/span><\/span><\/span><span> <\/span><\/p>\n","protected":false},"featured_media":81354,"comment_status":"closed","ping_status":"closed","template":"","meta":{"_acf_changed":false},"pwb-brand":[],"product_brand":[],"product_cat":[51692,51776,51722,51723],"product_tag":[15274,15260,15273,15645],"class_list":{"0":"post-81357","1":"product","2":"type-product","3":"status-publish","4":"has-post-thumbnail","6":"product_cat-destillats","7":"product_cat-highland-single-malt-scotch-whisky-whisky-escocia-whisky-destillats","8":"product_cat-whisky-destillats","9":"product_cat-whisky-escocia-whisky-destillats","10":"product_tag-malta-ca","11":"product_tag-scotch-whisky-ca","12":"product_tag-single-malt-ca","13":"product_tag-whisky-de-malta-ca","14":"pa_ahumado-mitja","15":"pa_cereal-malta-100","16":"pa_destileria-aberfeldy-destillery-dewar-sons","17":"pa_do-highland-i-g-p-escocia","18":"pa_envejecimiento-12-anys","19":"pa_formatoenl-36167","20":"pa_formatoenml-38307","21":"pa_graduacion-40_0","22":"pa_pais-escocia-ca-2","23":"pa_pesoengramos-38337","24":"pa_pesoenkg-125-ca","25":"pa_pueblociudad-perthshire","26":"pa_region-highland","27":"pa_tipodewhisky-scotchwhiskysinglemalt-ca","28":"entry","29":"has-media","31":"first","32":"onbackorder","33":"taxable","34":"shipping-taxable","35":"purchasable","36":"product-type-simple"},"acf":[],"yoast_head":"<!-- This site is optimized with the Yoast SEO Premium plugin v23.1 (Yoast SEO v23.5) - https:\/\/yoast.com\/wordpress\/plugins\/seo\/ -->\n<title>Aberfeldy 12 anys whisky<\/title>\n<meta name=\"description\" content=\"De Highland, \u00e9s un dels principals assortidors del blend que m\u00e9s es ven als EEUU, el fam\u00f3s Dewar. \u00c9s complicat de trobar i molt apreciat pels experts.\" \/>\n<meta name=\"robots\" content=\"noindex, follow, max-snippet:-1, max-image-preview:large, max-video-preview:-1\" \/>\n<meta property=\"og:locale\" content=\"ca_ES\" \/>\n<meta property=\"og:type\" content=\"article\" \/>\n<meta property=\"og:title\" content=\"Aberfeldy 12 Anys\" \/>\n<meta property=\"og:description\" content=\"De Highland, \u00e9s un dels principals assortidors del blend que m\u00e9s es ven als EEUU, el fam\u00f3s Dewar. \u00c9s complicat de trobar i molt apreciat pels experts.\" \/>\n<meta property=\"og:url\" content=\"https:\/\/aral2.cetrexmarketing.com\/ca\/producto\/aberfeldy-12-anys\/\" \/>\n<meta property=\"og:site_name\" content=\"M\u00f3n La Cata\" \/>\n<meta property=\"article:modified_time\" content=\"2025-05-24T07:46:40+00:00\" \/>\n<meta property=\"og:image\" content=\"https:\/\/aral2.cetrexmarketing.com\/wp-content\/uploads\/2025\/05\/ABERFELDY-12-ANOS.jpg.png\" \/>\n\t<meta property=\"og:image:width\" content=\"765\" \/>\n\t<meta property=\"og:image:height\" content=\"1024\" \/>\n\t<meta property=\"og:image:type\" content=\"image\/png\" \/>\n<meta name=\"twitter:card\" content=\"summary_large_image\" \/>\n<meta name=\"twitter:label1\" content=\"Temps estimat de lectura\" \/>\n\t<meta name=\"twitter:data1\" content=\"1 minut\" \/>\n<script type=\"application\/ld+json\" class=\"yoast-schema-graph\">{\"@context\":\"https:\/\/schema.org\",\"@graph\":[{\"@type\":\"WebPage\",\"@id\":\"https:\/\/aral2.cetrexmarketing.com\/ca\/producto\/aberfeldy-12-anys\/\",\"url\":\"https:\/\/aral2.cetrexmarketing.com\/ca\/producto\/aberfeldy-12-anys\/\",\"name\":\"Aberfeldy 12 anys whisky\",\"isPartOf\":{\"@id\":\"https:\/\/aral2.cetrexmarketing.com\/#website\"},\"primaryImageOfPage\":{\"@id\":\"https:\/\/aral2.cetrexmarketing.com\/ca\/producto\/aberfeldy-12-anys\/#primaryimage\"},\"image\":{\"@id\":\"https:\/\/aral2.cetrexmarketing.com\/ca\/producto\/aberfeldy-12-anys\/#primaryimage\"},\"thumbnailUrl\":\"https:\/\/aral2.cetrexmarketing.com\/wp-content\/uploads\/2025\/05\/ABERFELDY-12-ANOS.jpg.png\",\"datePublished\":\"2025-05-24T07:46:38+00:00\",\"dateModified\":\"2025-05-24T07:46:40+00:00\",\"description\":\"De Highland, \u00e9s un dels principals assortidors del blend que m\u00e9s es ven als EEUU, el fam\u00f3s Dewar. \u00c9s complicat de trobar i molt apreciat pels experts.\",\"breadcrumb\":{\"@id\":\"https:\/\/aral2.cetrexmarketing.com\/ca\/producto\/aberfeldy-12-anys\/#breadcrumb\"},\"inLanguage\":\"ca\",\"potentialAction\":[{\"@type\":\"ReadAction\",\"target\":[\"https:\/\/aral2.cetrexmarketing.com\/ca\/producto\/aberfeldy-12-anys\/\"]}]},{\"@type\":\"ImageObject\",\"inLanguage\":\"ca\",\"@id\":\"https:\/\/aral2.cetrexmarketing.com\/ca\/producto\/aberfeldy-12-anys\/#primaryimage\",\"url\":\"https:\/\/aral2.cetrexmarketing.com\/wp-content\/uploads\/2025\/05\/ABERFELDY-12-ANOS.jpg.png\",\"contentUrl\":\"https:\/\/aral2.cetrexmarketing.com\/wp-content\/uploads\/2025\/05\/ABERFELDY-12-ANOS.jpg.png\",\"width\":765,\"height\":1024},{\"@type\":\"BreadcrumbList\",\"@id\":\"https:\/\/aral2.cetrexmarketing.com\/ca\/producto\/aberfeldy-12-anys\/#breadcrumb\",\"itemListElement\":[{\"@type\":\"ListItem\",\"position\":1,\"name\":\"Home\",\"item\":\"https:\/\/aral2.cetrexmarketing.com\/ca\/\"},{\"@type\":\"ListItem\",\"position\":2,\"name\":\"Tienda\",\"item\":\"https:\/\/aral2.cetrexmarketing.com\/ca\/tienda-2\/\"},{\"@type\":\"ListItem\",\"position\":3,\"name\":\"Destil\u00b7lats\",\"item\":\"https:\/\/aral2.cetrexmarketing.com\/categoria-producto\/home-ca\/destil-lats-ca\/\"},{\"@type\":\"ListItem\",\"position\":4,\"name\":\"Whisky\",\"item\":\"https:\/\/aral2.cetrexmarketing.com\/ca\/categoria-producto\/destil-lats-ca\/whisky-ca\/\"},{\"@type\":\"ListItem\",\"position\":5,\"name\":\"Whisky Esc\u00f2cia\",\"item\":\"https:\/\/aral2.cetrexmarketing.com\/ca\/categoria-producto\/destil-lats-ca\/whisky-ca\/whisky-escocia-ca\/\"},{\"@type\":\"ListItem\",\"position\":6,\"name\":\"Highland Single Malt Scotch Whisky\",\"item\":\"https:\/\/aral2.cetrexmarketing.com\/categoria-producto\/inicio\/destilados\/whisky\/whisky-escocia\/highland-single-malt-scotch-whisky\/\"},{\"@type\":\"ListItem\",\"position\":7,\"name\":\"Aberfeldy 12 Anys\"}]},{\"@type\":\"WebSite\",\"@id\":\"https:\/\/aral2.cetrexmarketing.com\/#website\",\"url\":\"https:\/\/aral2.cetrexmarketing.com\/\",\"name\":\"M\u00f3n La Cata\",\"description\":\"Tienda de vinos, licores, cervezas y gourmet\",\"publisher\":{\"@id\":\"https:\/\/aral2.cetrexmarketing.com\/#organization\"},\"potentialAction\":[{\"@type\":\"SearchAction\",\"target\":{\"@type\":\"EntryPoint\",\"urlTemplate\":\"https:\/\/aral2.cetrexmarketing.com\/?s={search_term_string}\"},\"query-input\":{\"@type\":\"PropertyValueSpecification\",\"valueRequired\":true,\"valueName\":\"search_term_string\"}}],\"inLanguage\":\"ca\"},{\"@type\":\"Organization\",\"@id\":\"https:\/\/aral2.cetrexmarketing.com\/#organization\",\"name\":\"M\u00f3n La Cata\",\"url\":\"https:\/\/aral2.cetrexmarketing.com\/\",\"logo\":{\"@type\":\"ImageObject\",\"inLanguage\":\"ca\",\"@id\":\"https:\/\/aral2.cetrexmarketing.com\/#\/schema\/logo\/image\/\",\"url\":\"https:\/\/aral2.cetrexmarketing.com\/wp-content\/uploads\/2024\/10\/aral-logo-neg-1024x409-1.png\",\"contentUrl\":\"https:\/\/aral2.cetrexmarketing.com\/wp-content\/uploads\/2024\/10\/aral-logo-neg-1024x409-1.png\",\"width\":1024,\"height\":409,\"caption\":\"M\u00f3n La Cata\"},\"image\":{\"@id\":\"https:\/\/aral2.cetrexmarketing.com\/#\/schema\/logo\/image\/\"}}]}<\/script>\n<!-- \/ Yoast SEO Premium plugin. -->","yoast_head_json":{"title":"Aberfeldy 12 anys whisky","description":"De Highland, \u00e9s un dels principals assortidors del blend que m\u00e9s es ven als EEUU, el fam\u00f3s Dewar. \u00c9s complicat de trobar i molt apreciat pels experts.","robots":{"index":"noindex","follow":"follow","max-snippet":"max-snippet:-1","max-image-preview":"max-image-preview:large","max-video-preview":"max-video-preview:-1"},"og_locale":"ca_ES","og_type":"article","og_title":"Aberfeldy 12 Anys","og_description":"De Highland, \u00e9s un dels principals assortidors del blend que m\u00e9s es ven als EEUU, el fam\u00f3s Dewar. \u00c9s complicat de trobar i molt apreciat pels experts.","og_url":"https:\/\/aral2.cetrexmarketing.com\/ca\/producto\/aberfeldy-12-anys\/","og_site_name":"M\u00f3n La Cata","article_modified_time":"2025-05-24T07:46:40+00:00","og_image":[{"width":765,"height":1024,"url":"https:\/\/aral2.cetrexmarketing.com\/wp-content\/uploads\/2025\/05\/ABERFELDY-12-ANOS.jpg.png","type":"image\/png"}],"twitter_card":"summary_large_image","twitter_misc":{"Temps estimat de lectura":"1 minut"},"schema":{"@context":"https:\/\/schema.org","@graph":[{"@type":"WebPage","@id":"https:\/\/aral2.cetrexmarketing.com\/ca\/producto\/aberfeldy-12-anys\/","url":"https:\/\/aral2.cetrexmarketing.com\/ca\/producto\/aberfeldy-12-anys\/","name":"Aberfeldy 12 anys whisky","isPartOf":{"@id":"https:\/\/aral2.cetrexmarketing.com\/#website"},"primaryImageOfPage":{"@id":"https:\/\/aral2.cetrexmarketing.com\/ca\/producto\/aberfeldy-12-anys\/#primaryimage"},"image":{"@id":"https:\/\/aral2.cetrexmarketing.com\/ca\/producto\/aberfeldy-12-anys\/#primaryimage"},"thumbnailUrl":"https:\/\/aral2.cetrexmarketing.com\/wp-content\/uploads\/2025\/05\/ABERFELDY-12-ANOS.jpg.png","datePublished":"2025-05-24T07:46:38+00:00","dateModified":"2025-05-24T07:46:40+00:00","description":"De Highland, \u00e9s un dels principals assortidors del blend que m\u00e9s es ven als EEUU, el fam\u00f3s Dewar. \u00c9s complicat de trobar i molt apreciat pels experts.","breadcrumb":{"@id":"https:\/\/aral2.cetrexmarketing.com\/ca\/producto\/aberfeldy-12-anys\/#breadcrumb"},"inLanguage":"ca","potentialAction":[{"@type":"ReadAction","target":["https:\/\/aral2.cetrexmarketing.com\/ca\/producto\/aberfeldy-12-anys\/"]}]},{"@type":"ImageObject","inLanguage":"ca","@id":"https:\/\/aral2.cetrexmarketing.com\/ca\/producto\/aberfeldy-12-anys\/#primaryimage","url":"https:\/\/aral2.cetrexmarketing.com\/wp-content\/uploads\/2025\/05\/ABERFELDY-12-ANOS.jpg.png","contentUrl":"https:\/\/aral2.cetrexmarketing.com\/wp-content\/uploads\/2025\/05\/ABERFELDY-12-ANOS.jpg.png","width":765,"height":1024},{"@type":"BreadcrumbList","@id":"https:\/\/aral2.cetrexmarketing.com\/ca\/producto\/aberfeldy-12-anys\/#breadcrumb","itemListElement":[{"@type":"ListItem","position":1,"name":"Home","item":"https:\/\/aral2.cetrexmarketing.com\/ca\/"},{"@type":"ListItem","position":2,"name":"Tienda","item":"https:\/\/aral2.cetrexmarketing.com\/ca\/tienda-2\/"},{"@type":"ListItem","position":3,"name":"Destil\u00b7lats","item":"https:\/\/aral2.cetrexmarketing.com\/categoria-producto\/home-ca\/destil-lats-ca\/"},{"@type":"ListItem","position":4,"name":"Whisky","item":"https:\/\/aral2.cetrexmarketing.com\/ca\/categoria-producto\/destil-lats-ca\/whisky-ca\/"},{"@type":"ListItem","position":5,"name":"Whisky Esc\u00f2cia","item":"https:\/\/aral2.cetrexmarketing.com\/ca\/categoria-producto\/destil-lats-ca\/whisky-ca\/whisky-escocia-ca\/"},{"@type":"ListItem","position":6,"name":"Highland Single Malt Scotch Whisky","item":"https:\/\/aral2.cetrexmarketing.com\/categoria-producto\/inicio\/destilados\/whisky\/whisky-escocia\/highland-single-malt-scotch-whisky\/"},{"@type":"ListItem","position":7,"name":"Aberfeldy 12 Anys"}]},{"@type":"WebSite","@id":"https:\/\/aral2.cetrexmarketing.com\/#website","url":"https:\/\/aral2.cetrexmarketing.com\/","name":"M\u00f3n La Cata","description":"Tienda de vinos, licores, cervezas y gourmet","publisher":{"@id":"https:\/\/aral2.cetrexmarketing.com\/#organization"},"potentialAction":[{"@type":"SearchAction","target":{"@type":"EntryPoint","urlTemplate":"https:\/\/aral2.cetrexmarketing.com\/?s={search_term_string}"},"query-input":{"@type":"PropertyValueSpecification","valueRequired":true,"valueName":"search_term_string"}}],"inLanguage":"ca"},{"@type":"Organization","@id":"https:\/\/aral2.cetrexmarketing.com\/#organization","name":"M\u00f3n La Cata","url":"https:\/\/aral2.cetrexmarketing.com\/","logo":{"@type":"ImageObject","inLanguage":"ca","@id":"https:\/\/aral2.cetrexmarketing.com\/#\/schema\/logo\/image\/","url":"https:\/\/aral2.cetrexmarketing.com\/wp-content\/uploads\/2024\/10\/aral-logo-neg-1024x409-1.png","contentUrl":"https:\/\/aral2.cetrexmarketing.com\/wp-content\/uploads\/2024\/10\/aral-logo-neg-1024x409-1.png","width":1024,"height":409,"caption":"M\u00f3n La Cata"},"image":{"@id":"https:\/\/aral2.cetrexmarketing.com\/#\/schema\/logo\/image\/"}}]}},"brands":[],"_links":{"self":[{"href":"https:\/\/aral2.cetrexmarketing.com\/ca\/wp-json\/wp\/v2\/product\/81357","targetHints":{"allow":["GET"]}}],"collection":[{"href":"https:\/\/aral2.cetrexmarketing.com\/ca\/wp-json\/wp\/v2\/product"}],"about":[{"href":"https:\/\/aral2.cetrexmarketing.com\/ca\/wp-json\/wp\/v2\/types\/product"}],"replies":[{"embeddable":true,"href":"https:\/\/aral2.cetrexmarketing.com\/ca\/wp-json\/wp\/v2\/comments?post=81357"}],"wp:featuredmedia":[{"embeddable":true,"href":"https:\/\/aral2.cetrexmarketing.com\/ca\/wp-json\/wp\/v2\/media\/81354"}],"wp:attachment":[{"href":"https:\/\/aral2.cetrexmarketing.com\/ca\/wp-json\/wp\/v2\/media?parent=81357"}],"wp:term":[{"taxonomy":"pwb-brand","embeddable":true,"href":"https:\/\/aral2.cetrexmarketing.com\/ca\/wp-json\/wp\/v2\/pwb-brand?post=81357"},{"taxonomy":"product_brand","embeddable":true,"href":"https:\/\/aral2.cetrexmarketing.com\/ca\/wp-json\/wp\/v2\/product_brand?post=81357"},{"taxonomy":"product_cat","embeddable":true,"href":"https:\/\/aral2.cetrexmarketing.com\/ca\/wp-json\/wp\/v2\/product_cat?post=81357"},{"taxonomy":"product_tag","embeddable":true,"href":"https:\/\/aral2.cetrexmarketing.com\/ca\/wp-json\/wp\/v2\/product_tag?post=81357"}],"curies":[{"name":"wp","href":"https:\/\/api.w.org\/{rel}","templated":true}]}}