{"id":81325,"date":"2025-05-24T07:46:08","date_gmt":"2025-05-24T07:46:08","guid":{"rendered":"https:\/\/aral2.cetrexmarketing.com\/producto\/zubrowka-the-original-special-edition-2\/"},"modified":"2025-05-24T07:46:10","modified_gmt":"2025-05-24T07:46:10","slug":"zubrowka-the-original-special-edition-2","status":"publish","type":"product","link":"https:\/\/aral2.cetrexmarketing.com\/ca\/producto\/zubrowka-the-original-special-edition-2\/","title":{"rendered":"Zubrowka The Original Special Edition"},"content":{"rendered":"<p dir=\"ltr\">Zubrowka The Original Special Edition \u00e9s un vodka distintiu, elaborat amb herba de bis\u00f3, un ingredient \u00fanic que li atorga un sabor herbaci i delicat. Procedent de Pol\u00f2nia, aquesta edici\u00f3 especial destaca per la seva alta qualitat i el seu aroma inconfusible, resultat d&#8217;un proc\u00e9s de destil\u00b7laci\u00f3 tradicional. Ideal per gaudir en c\u00f2ctels sofisticats o servit sol amb gel, Zubrowka The Original \u00e9s una opci\u00f3 excel\u00b7lent per als amants del vodka que busquen una experi\u00e8ncia aut\u00e8ntica<\/p>\n","protected":false},"excerpt":{"rendered":"<p>Vodka polac aromatitzat amb herba de bis\u00f3.<\/p>\n<p>Es destil\u00b7la en una destil\u00b7leria enclavada al bosc de Bialowiesa.<\/p>\n<p>Una reserva natural que es troba en un dels \u00faltims boscos verges d&#8217;Europa, situat entre Pol\u00f2nia i Bielorr\u00fassia, on viuen els pocs bisons que sobreviuen a Europa.<\/p>\n<p>Antigament la producci\u00f3 i el control el feia l&#8217;estat polon\u00e8s.<\/p>\n<p>Edici\u00f3 especial.<\/p>\n","protected":false},"featured_media":81322,"comment_status":"closed","ping_status":"closed","template":"","meta":{"_acf_changed":false},"pwb-brand":[],"product_brand":[],"product_cat":[51692,51732],"product_tag":[15569,51420,15643],"class_list":{"0":"post-81325","1":"product","2":"type-product","3":"status-publish","4":"has-post-thumbnail","6":"product_cat-destillats","7":"product_cat-vodka-destillats","8":"product_tag-polonia-ca","9":"product_tag-vodka-polaco-ca","10":"product_tag-zubrowka-the-original-special-ed-ca","11":"pa_bodega-cedcinternational","12":"pa_formatoenl-36167","13":"pa_formatoenml-38307","14":"pa_graduacion-40_0","15":"pa_pais-polonia-ca-2","16":"pa_pesoengramos-38337","17":"pa_pesoenkg-125-ca","18":"entry","19":"has-media","21":"first","22":"instock","23":"taxable","24":"shipping-taxable","25":"purchasable","26":"product-type-simple"},"acf":[],"yoast_head":"<!-- This site is optimized with the Yoast SEO Premium plugin v23.1 (Yoast SEO v23.5) - https:\/\/yoast.com\/wordpress\/plugins\/seo\/ -->\n<title>Zubrowka The Original Especial Edition<\/title>\n<meta name=\"description\" content=\"Comprar online al millor preu el vodka Zubrowka The Original Especial Edition. Descomptes per caixa. Ofertes especials. Web r\u00e0pida i segura. Viniteca. Licoreria\" \/>\n<meta name=\"robots\" content=\"noindex, follow, max-snippet:-1, max-image-preview:large, max-video-preview:-1\" \/>\n<meta property=\"og:locale\" content=\"ca_ES\" \/>\n<meta property=\"og:type\" content=\"article\" \/>\n<meta property=\"og:title\" content=\"Zubrowka The Original Special Edition\" \/>\n<meta property=\"og:description\" content=\"Comprar online al millor preu el vodka Zubrowka The Original Especial Edition. Descomptes per caixa. Ofertes especials. Web r\u00e0pida i segura. Viniteca. Licoreria\" \/>\n<meta property=\"og:url\" content=\"https:\/\/aral2.cetrexmarketing.com\/ca\/producto\/zubrowka-the-original-special-edition-2\/\" \/>\n<meta property=\"og:site_name\" content=\"M\u00f3n La Cata\" \/>\n<meta property=\"article:modified_time\" content=\"2025-05-24T07:46:10+00:00\" \/>\n<meta property=\"og:image\" content=\"https:\/\/aral2.cetrexmarketing.com\/wp-content\/uploads\/2025\/05\/ZUBROWKA-THE-ORIGINAL-SPECIAL-EDITION.jpg.png\" \/>\n\t<meta property=\"og:image:width\" content=\"765\" \/>\n\t<meta property=\"og:image:height\" content=\"1024\" \/>\n\t<meta property=\"og:image:type\" content=\"image\/png\" \/>\n<meta name=\"twitter:card\" content=\"summary_large_image\" \/>\n<meta name=\"twitter:label1\" content=\"Temps estimat de lectura\" \/>\n\t<meta name=\"twitter:data1\" content=\"1 minut\" \/>\n<script type=\"application\/ld+json\" class=\"yoast-schema-graph\">{\"@context\":\"https:\/\/schema.org\",\"@graph\":[{\"@type\":\"WebPage\",\"@id\":\"https:\/\/aral2.cetrexmarketing.com\/ca\/producto\/zubrowka-the-original-special-edition-2\/\",\"url\":\"https:\/\/aral2.cetrexmarketing.com\/ca\/producto\/zubrowka-the-original-special-edition-2\/\",\"name\":\"Zubrowka The Original Especial Edition\",\"isPartOf\":{\"@id\":\"https:\/\/aral2.cetrexmarketing.com\/#website\"},\"primaryImageOfPage\":{\"@id\":\"https:\/\/aral2.cetrexmarketing.com\/ca\/producto\/zubrowka-the-original-special-edition-2\/#primaryimage\"},\"image\":{\"@id\":\"https:\/\/aral2.cetrexmarketing.com\/ca\/producto\/zubrowka-the-original-special-edition-2\/#primaryimage\"},\"thumbnailUrl\":\"https:\/\/aral2.cetrexmarketing.com\/wp-content\/uploads\/2025\/05\/ZUBROWKA-THE-ORIGINAL-SPECIAL-EDITION.jpg.png\",\"datePublished\":\"2025-05-24T07:46:08+00:00\",\"dateModified\":\"2025-05-24T07:46:10+00:00\",\"description\":\"Comprar online al millor preu el vodka Zubrowka The Original Especial Edition. Descomptes per caixa. Ofertes especials. Web r\u00e0pida i segura. Viniteca. Licoreria\",\"breadcrumb\":{\"@id\":\"https:\/\/aral2.cetrexmarketing.com\/ca\/producto\/zubrowka-the-original-special-edition-2\/#breadcrumb\"},\"inLanguage\":\"ca\",\"potentialAction\":[{\"@type\":\"ReadAction\",\"target\":[\"https:\/\/aral2.cetrexmarketing.com\/ca\/producto\/zubrowka-the-original-special-edition-2\/\"]}]},{\"@type\":\"ImageObject\",\"inLanguage\":\"ca\",\"@id\":\"https:\/\/aral2.cetrexmarketing.com\/ca\/producto\/zubrowka-the-original-special-edition-2\/#primaryimage\",\"url\":\"https:\/\/aral2.cetrexmarketing.com\/wp-content\/uploads\/2025\/05\/ZUBROWKA-THE-ORIGINAL-SPECIAL-EDITION.jpg.png\",\"contentUrl\":\"https:\/\/aral2.cetrexmarketing.com\/wp-content\/uploads\/2025\/05\/ZUBROWKA-THE-ORIGINAL-SPECIAL-EDITION.jpg.png\",\"width\":765,\"height\":1024},{\"@type\":\"BreadcrumbList\",\"@id\":\"https:\/\/aral2.cetrexmarketing.com\/ca\/producto\/zubrowka-the-original-special-edition-2\/#breadcrumb\",\"itemListElement\":[{\"@type\":\"ListItem\",\"position\":1,\"name\":\"Home\",\"item\":\"https:\/\/aral2.cetrexmarketing.com\/ca\/\"},{\"@type\":\"ListItem\",\"position\":2,\"name\":\"Tienda\",\"item\":\"https:\/\/aral2.cetrexmarketing.com\/ca\/tienda-2\/\"},{\"@type\":\"ListItem\",\"position\":3,\"name\":\"Destil\u00b7lats\",\"item\":\"https:\/\/aral2.cetrexmarketing.com\/categoria-producto\/destil%c2%b7lats\/\"},{\"@type\":\"ListItem\",\"position\":4,\"name\":\"Vodka\",\"item\":\"https:\/\/aral2.cetrexmarketing.com\/categoria-producto\/destil%c2%b7lats\/vodka-destil%c2%b7lats\/\"},{\"@type\":\"ListItem\",\"position\":5,\"name\":\"Zubrowka The Original Special Edition\"}]},{\"@type\":\"WebSite\",\"@id\":\"https:\/\/aral2.cetrexmarketing.com\/#website\",\"url\":\"https:\/\/aral2.cetrexmarketing.com\/\",\"name\":\"M\u00f3n La Cata\",\"description\":\"Tienda de vinos, licores, cervezas y gourmet\",\"publisher\":{\"@id\":\"https:\/\/aral2.cetrexmarketing.com\/#organization\"},\"potentialAction\":[{\"@type\":\"SearchAction\",\"target\":{\"@type\":\"EntryPoint\",\"urlTemplate\":\"https:\/\/aral2.cetrexmarketing.com\/?s={search_term_string}\"},\"query-input\":{\"@type\":\"PropertyValueSpecification\",\"valueRequired\":true,\"valueName\":\"search_term_string\"}}],\"inLanguage\":\"ca\"},{\"@type\":\"Organization\",\"@id\":\"https:\/\/aral2.cetrexmarketing.com\/#organization\",\"name\":\"M\u00f3n La Cata\",\"url\":\"https:\/\/aral2.cetrexmarketing.com\/\",\"logo\":{\"@type\":\"ImageObject\",\"inLanguage\":\"ca\",\"@id\":\"https:\/\/aral2.cetrexmarketing.com\/#\/schema\/logo\/image\/\",\"url\":\"https:\/\/aral2.cetrexmarketing.com\/wp-content\/uploads\/2024\/10\/aral-logo-neg-1024x409-1.png\",\"contentUrl\":\"https:\/\/aral2.cetrexmarketing.com\/wp-content\/uploads\/2024\/10\/aral-logo-neg-1024x409-1.png\",\"width\":1024,\"height\":409,\"caption\":\"M\u00f3n La Cata\"},\"image\":{\"@id\":\"https:\/\/aral2.cetrexmarketing.com\/#\/schema\/logo\/image\/\"}}]}<\/script>\n<!-- \/ Yoast SEO Premium plugin. -->","yoast_head_json":{"title":"Zubrowka The Original Especial Edition","description":"Comprar online al millor preu el vodka Zubrowka The Original Especial Edition. Descomptes per caixa. Ofertes especials. Web r\u00e0pida i segura. Viniteca. Licoreria","robots":{"index":"noindex","follow":"follow","max-snippet":"max-snippet:-1","max-image-preview":"max-image-preview:large","max-video-preview":"max-video-preview:-1"},"og_locale":"ca_ES","og_type":"article","og_title":"Zubrowka The Original Special Edition","og_description":"Comprar online al millor preu el vodka Zubrowka The Original Especial Edition. Descomptes per caixa. Ofertes especials. Web r\u00e0pida i segura. Viniteca. Licoreria","og_url":"https:\/\/aral2.cetrexmarketing.com\/ca\/producto\/zubrowka-the-original-special-edition-2\/","og_site_name":"M\u00f3n La Cata","article_modified_time":"2025-05-24T07:46:10+00:00","og_image":[{"width":765,"height":1024,"url":"https:\/\/aral2.cetrexmarketing.com\/wp-content\/uploads\/2025\/05\/ZUBROWKA-THE-ORIGINAL-SPECIAL-EDITION.jpg.png","type":"image\/png"}],"twitter_card":"summary_large_image","twitter_misc":{"Temps estimat de lectura":"1 minut"},"schema":{"@context":"https:\/\/schema.org","@graph":[{"@type":"WebPage","@id":"https:\/\/aral2.cetrexmarketing.com\/ca\/producto\/zubrowka-the-original-special-edition-2\/","url":"https:\/\/aral2.cetrexmarketing.com\/ca\/producto\/zubrowka-the-original-special-edition-2\/","name":"Zubrowka The Original Especial Edition","isPartOf":{"@id":"https:\/\/aral2.cetrexmarketing.com\/#website"},"primaryImageOfPage":{"@id":"https:\/\/aral2.cetrexmarketing.com\/ca\/producto\/zubrowka-the-original-special-edition-2\/#primaryimage"},"image":{"@id":"https:\/\/aral2.cetrexmarketing.com\/ca\/producto\/zubrowka-the-original-special-edition-2\/#primaryimage"},"thumbnailUrl":"https:\/\/aral2.cetrexmarketing.com\/wp-content\/uploads\/2025\/05\/ZUBROWKA-THE-ORIGINAL-SPECIAL-EDITION.jpg.png","datePublished":"2025-05-24T07:46:08+00:00","dateModified":"2025-05-24T07:46:10+00:00","description":"Comprar online al millor preu el vodka Zubrowka The Original Especial Edition. Descomptes per caixa. Ofertes especials. Web r\u00e0pida i segura. Viniteca. Licoreria","breadcrumb":{"@id":"https:\/\/aral2.cetrexmarketing.com\/ca\/producto\/zubrowka-the-original-special-edition-2\/#breadcrumb"},"inLanguage":"ca","potentialAction":[{"@type":"ReadAction","target":["https:\/\/aral2.cetrexmarketing.com\/ca\/producto\/zubrowka-the-original-special-edition-2\/"]}]},{"@type":"ImageObject","inLanguage":"ca","@id":"https:\/\/aral2.cetrexmarketing.com\/ca\/producto\/zubrowka-the-original-special-edition-2\/#primaryimage","url":"https:\/\/aral2.cetrexmarketing.com\/wp-content\/uploads\/2025\/05\/ZUBROWKA-THE-ORIGINAL-SPECIAL-EDITION.jpg.png","contentUrl":"https:\/\/aral2.cetrexmarketing.com\/wp-content\/uploads\/2025\/05\/ZUBROWKA-THE-ORIGINAL-SPECIAL-EDITION.jpg.png","width":765,"height":1024},{"@type":"BreadcrumbList","@id":"https:\/\/aral2.cetrexmarketing.com\/ca\/producto\/zubrowka-the-original-special-edition-2\/#breadcrumb","itemListElement":[{"@type":"ListItem","position":1,"name":"Home","item":"https:\/\/aral2.cetrexmarketing.com\/ca\/"},{"@type":"ListItem","position":2,"name":"Tienda","item":"https:\/\/aral2.cetrexmarketing.com\/ca\/tienda-2\/"},{"@type":"ListItem","position":3,"name":"Destil\u00b7lats","item":"https:\/\/aral2.cetrexmarketing.com\/categoria-producto\/destil%c2%b7lats\/"},{"@type":"ListItem","position":4,"name":"Vodka","item":"https:\/\/aral2.cetrexmarketing.com\/categoria-producto\/destil%c2%b7lats\/vodka-destil%c2%b7lats\/"},{"@type":"ListItem","position":5,"name":"Zubrowka The Original Special Edition"}]},{"@type":"WebSite","@id":"https:\/\/aral2.cetrexmarketing.com\/#website","url":"https:\/\/aral2.cetrexmarketing.com\/","name":"M\u00f3n La Cata","description":"Tienda de vinos, licores, cervezas y gourmet","publisher":{"@id":"https:\/\/aral2.cetrexmarketing.com\/#organization"},"potentialAction":[{"@type":"SearchAction","target":{"@type":"EntryPoint","urlTemplate":"https:\/\/aral2.cetrexmarketing.com\/?s={search_term_string}"},"query-input":{"@type":"PropertyValueSpecification","valueRequired":true,"valueName":"search_term_string"}}],"inLanguage":"ca"},{"@type":"Organization","@id":"https:\/\/aral2.cetrexmarketing.com\/#organization","name":"M\u00f3n La Cata","url":"https:\/\/aral2.cetrexmarketing.com\/","logo":{"@type":"ImageObject","inLanguage":"ca","@id":"https:\/\/aral2.cetrexmarketing.com\/#\/schema\/logo\/image\/","url":"https:\/\/aral2.cetrexmarketing.com\/wp-content\/uploads\/2024\/10\/aral-logo-neg-1024x409-1.png","contentUrl":"https:\/\/aral2.cetrexmarketing.com\/wp-content\/uploads\/2024\/10\/aral-logo-neg-1024x409-1.png","width":1024,"height":409,"caption":"M\u00f3n La Cata"},"image":{"@id":"https:\/\/aral2.cetrexmarketing.com\/#\/schema\/logo\/image\/"}}]}},"brands":[],"_links":{"self":[{"href":"https:\/\/aral2.cetrexmarketing.com\/ca\/wp-json\/wp\/v2\/product\/81325","targetHints":{"allow":["GET"]}}],"collection":[{"href":"https:\/\/aral2.cetrexmarketing.com\/ca\/wp-json\/wp\/v2\/product"}],"about":[{"href":"https:\/\/aral2.cetrexmarketing.com\/ca\/wp-json\/wp\/v2\/types\/product"}],"replies":[{"embeddable":true,"href":"https:\/\/aral2.cetrexmarketing.com\/ca\/wp-json\/wp\/v2\/comments?post=81325"}],"wp:featuredmedia":[{"embeddable":true,"href":"https:\/\/aral2.cetrexmarketing.com\/ca\/wp-json\/wp\/v2\/media\/81322"}],"wp:attachment":[{"href":"https:\/\/aral2.cetrexmarketing.com\/ca\/wp-json\/wp\/v2\/media?parent=81325"}],"wp:term":[{"taxonomy":"pwb-brand","embeddable":true,"href":"https:\/\/aral2.cetrexmarketing.com\/ca\/wp-json\/wp\/v2\/pwb-brand?post=81325"},{"taxonomy":"product_brand","embeddable":true,"href":"https:\/\/aral2.cetrexmarketing.com\/ca\/wp-json\/wp\/v2\/product_brand?post=81325"},{"taxonomy":"product_cat","embeddable":true,"href":"https:\/\/aral2.cetrexmarketing.com\/ca\/wp-json\/wp\/v2\/product_cat?post=81325"},{"taxonomy":"product_tag","embeddable":true,"href":"https:\/\/aral2.cetrexmarketing.com\/ca\/wp-json\/wp\/v2\/product_tag?post=81325"}],"curies":[{"name":"wp","href":"https:\/\/api.w.org\/{rel}","templated":true}]}}