{"id":81287,"date":"2025-05-24T07:45:41","date_gmt":"2025-05-24T07:45:41","guid":{"rendered":"https:\/\/aral2.cetrexmarketing.com\/producto\/stolichnaya-elit-2\/"},"modified":"2025-05-24T07:45:43","modified_gmt":"2025-05-24T07:45:43","slug":"stolichnaya-elit-2","status":"publish","type":"product","link":"https:\/\/aral2.cetrexmarketing.com\/ca\/producto\/stolichnaya-elit-2\/","title":{"rendered":"Stolichnaya Elit"},"content":{"rendered":"<p>Stolichnaya Elit \u00e9s un vodka premium d&#8217;origen rus, conegut per la seva excepcional puresa i suavitat. Elaborat mitjan\u00e7ant un proc\u00e9s de destil\u00b7laci\u00f3 m\u00faltiple i filtratge a trav\u00e9s de carboni i cristall, ofereix un perfil de sabor net amb lleugeres notes de vainilla i un toc d&#8217;esp\u00e8cies. Ideal per gaudir sol, ben fred, o com a base per a c\u00f2ctels d&#8217;alta gamma, Stolichnaya Elit \u00e9s sin\u00f2nim de luxe i sofisticaci\u00f3.<\/p>\n","protected":false},"excerpt":{"rendered":"<p><span id=\"docs-internal-guid-9743d211-7fff-b5d5-341b-535024017c2b\">L&#8217;Stolichnaya Elit \u00e9s un vodka d&#8217;origen rus, de les f\u00e8rtils regions de les terres negres de Tambov, on creix un dels millors cereals de gra de tota R\u00fassia.<\/span><\/p>\n<p>En aquest cas, s&#8217;utilitza la ultracongelaci\u00f3 (-18\u00baC), m\u00e8tode tradicional per a separar les impureses del vodka, i fer del vodka el producte m\u00e9s purque es pugui aconseguir.<\/p>\n","protected":false},"featured_media":81284,"comment_status":"closed","ping_status":"closed","template":"","meta":{"_acf_changed":false},"pwb-brand":[],"product_brand":[],"product_cat":[51692,51732],"product_tag":[15630,15628,15626,15629,15627,15631,15613,15632],"class_list":{"0":"post-81287","1":"product","2":"type-product","3":"status-publish","4":"has-post-thumbnail","6":"product_cat-destillats","7":"product_cat-vodka-destillats","8":"product_tag-elit-ca","9":"product_tag-stoli-ca","10":"product_tag-stolichnaya-ca","11":"product_tag-stolichnaya-elit-ca","12":"product_tag-stoly-ca","13":"product_tag-vodka-elit-ca","14":"product_tag-vodka-rusia-ca","15":"product_tag-vodka-stolichnaya-elit-ca","16":"pa_bodega-latvijasbalzams","17":"pa_formatoenl-36167","18":"pa_formatoenml-38307","19":"pa_graduacion-40_0","20":"pa_pais-letonia-ca-2","21":"pa_pesoengramos-38337","22":"pa_pesoenkg-125-ca","23":"entry","24":"has-media","26":"first","27":"instock","28":"taxable","29":"shipping-taxable","30":"purchasable","31":"product-type-simple"},"acf":[],"yoast_head":"<!-- This site is optimized with the Yoast SEO Premium plugin v23.1 (Yoast SEO v23.5) - https:\/\/yoast.com\/wordpress\/plugins\/seo\/ -->\n<title>Stolichnaya Elit Vodka 70cl de Letonia<\/title>\n<meta name=\"description\" content=\"Comprar online al millor preu el vodka premium Stolichnaya Elit. Descomptes per caixa. Ofertes especials. Web r\u00e0pida i segura. Viniteca. Licoreria. Destil\u00b7lats\" \/>\n<meta name=\"robots\" content=\"noindex, follow, max-snippet:-1, max-image-preview:large, max-video-preview:-1\" \/>\n<meta property=\"og:locale\" content=\"ca_ES\" \/>\n<meta property=\"og:type\" content=\"article\" \/>\n<meta property=\"og:title\" content=\"Stolichnaya Elit\" \/>\n<meta property=\"og:description\" content=\"Comprar online al millor preu el vodka premium Stolichnaya Elit. Descomptes per caixa. Ofertes especials. Web r\u00e0pida i segura. Viniteca. Licoreria. Destil\u00b7lats\" \/>\n<meta property=\"og:url\" content=\"https:\/\/aral2.cetrexmarketing.com\/ca\/producto\/stolichnaya-elit-2\/\" \/>\n<meta property=\"og:site_name\" content=\"M\u00f3n La Cata\" \/>\n<meta property=\"article:modified_time\" content=\"2025-05-24T07:45:43+00:00\" \/>\n<meta property=\"og:image\" content=\"https:\/\/aral2.cetrexmarketing.com\/wp-content\/uploads\/2025\/05\/STOLICHNAYA-ELIT.jpg-1.png\" \/>\n\t<meta property=\"og:image:width\" content=\"765\" \/>\n\t<meta property=\"og:image:height\" content=\"1024\" \/>\n\t<meta property=\"og:image:type\" content=\"image\/png\" \/>\n<meta name=\"twitter:card\" content=\"summary_large_image\" \/>\n<meta name=\"twitter:label1\" content=\"Temps estimat de lectura\" \/>\n\t<meta name=\"twitter:data1\" content=\"1 minut\" \/>\n<script type=\"application\/ld+json\" class=\"yoast-schema-graph\">{\"@context\":\"https:\/\/schema.org\",\"@graph\":[{\"@type\":\"WebPage\",\"@id\":\"https:\/\/aral2.cetrexmarketing.com\/ca\/producto\/stolichnaya-elit-2\/\",\"url\":\"https:\/\/aral2.cetrexmarketing.com\/ca\/producto\/stolichnaya-elit-2\/\",\"name\":\"Stolichnaya Elit Vodka 70cl de Letonia\",\"isPartOf\":{\"@id\":\"https:\/\/aral2.cetrexmarketing.com\/#website\"},\"primaryImageOfPage\":{\"@id\":\"https:\/\/aral2.cetrexmarketing.com\/ca\/producto\/stolichnaya-elit-2\/#primaryimage\"},\"image\":{\"@id\":\"https:\/\/aral2.cetrexmarketing.com\/ca\/producto\/stolichnaya-elit-2\/#primaryimage\"},\"thumbnailUrl\":\"https:\/\/aral2.cetrexmarketing.com\/wp-content\/uploads\/2025\/05\/STOLICHNAYA-ELIT.jpg-1.png\",\"datePublished\":\"2025-05-24T07:45:41+00:00\",\"dateModified\":\"2025-05-24T07:45:43+00:00\",\"description\":\"Comprar online al millor preu el vodka premium Stolichnaya Elit. Descomptes per caixa. Ofertes especials. Web r\u00e0pida i segura. Viniteca. Licoreria. Destil\u00b7lats\",\"breadcrumb\":{\"@id\":\"https:\/\/aral2.cetrexmarketing.com\/ca\/producto\/stolichnaya-elit-2\/#breadcrumb\"},\"inLanguage\":\"ca\",\"potentialAction\":[{\"@type\":\"ReadAction\",\"target\":[\"https:\/\/aral2.cetrexmarketing.com\/ca\/producto\/stolichnaya-elit-2\/\"]}]},{\"@type\":\"ImageObject\",\"inLanguage\":\"ca\",\"@id\":\"https:\/\/aral2.cetrexmarketing.com\/ca\/producto\/stolichnaya-elit-2\/#primaryimage\",\"url\":\"https:\/\/aral2.cetrexmarketing.com\/wp-content\/uploads\/2025\/05\/STOLICHNAYA-ELIT.jpg-1.png\",\"contentUrl\":\"https:\/\/aral2.cetrexmarketing.com\/wp-content\/uploads\/2025\/05\/STOLICHNAYA-ELIT.jpg-1.png\",\"width\":765,\"height\":1024},{\"@type\":\"BreadcrumbList\",\"@id\":\"https:\/\/aral2.cetrexmarketing.com\/ca\/producto\/stolichnaya-elit-2\/#breadcrumb\",\"itemListElement\":[{\"@type\":\"ListItem\",\"position\":1,\"name\":\"Home\",\"item\":\"https:\/\/aral2.cetrexmarketing.com\/ca\/\"},{\"@type\":\"ListItem\",\"position\":2,\"name\":\"Tienda\",\"item\":\"https:\/\/aral2.cetrexmarketing.com\/ca\/tienda-2\/\"},{\"@type\":\"ListItem\",\"position\":3,\"name\":\"Destil\u00b7lats\",\"item\":\"https:\/\/aral2.cetrexmarketing.com\/categoria-producto\/destil%c2%b7lats\/\"},{\"@type\":\"ListItem\",\"position\":4,\"name\":\"Vodka\",\"item\":\"https:\/\/aral2.cetrexmarketing.com\/categoria-producto\/destil%c2%b7lats\/vodka-destil%c2%b7lats\/\"},{\"@type\":\"ListItem\",\"position\":5,\"name\":\"Stolichnaya Elit\"}]},{\"@type\":\"WebSite\",\"@id\":\"https:\/\/aral2.cetrexmarketing.com\/#website\",\"url\":\"https:\/\/aral2.cetrexmarketing.com\/\",\"name\":\"M\u00f3n La Cata\",\"description\":\"Tienda de vinos, licores, cervezas y gourmet\",\"publisher\":{\"@id\":\"https:\/\/aral2.cetrexmarketing.com\/#organization\"},\"potentialAction\":[{\"@type\":\"SearchAction\",\"target\":{\"@type\":\"EntryPoint\",\"urlTemplate\":\"https:\/\/aral2.cetrexmarketing.com\/?s={search_term_string}\"},\"query-input\":{\"@type\":\"PropertyValueSpecification\",\"valueRequired\":true,\"valueName\":\"search_term_string\"}}],\"inLanguage\":\"ca\"},{\"@type\":\"Organization\",\"@id\":\"https:\/\/aral2.cetrexmarketing.com\/#organization\",\"name\":\"M\u00f3n La Cata\",\"url\":\"https:\/\/aral2.cetrexmarketing.com\/\",\"logo\":{\"@type\":\"ImageObject\",\"inLanguage\":\"ca\",\"@id\":\"https:\/\/aral2.cetrexmarketing.com\/#\/schema\/logo\/image\/\",\"url\":\"https:\/\/aral2.cetrexmarketing.com\/wp-content\/uploads\/2024\/10\/aral-logo-neg-1024x409-1.png\",\"contentUrl\":\"https:\/\/aral2.cetrexmarketing.com\/wp-content\/uploads\/2024\/10\/aral-logo-neg-1024x409-1.png\",\"width\":1024,\"height\":409,\"caption\":\"M\u00f3n La Cata\"},\"image\":{\"@id\":\"https:\/\/aral2.cetrexmarketing.com\/#\/schema\/logo\/image\/\"}}]}<\/script>\n<!-- \/ Yoast SEO Premium plugin. -->","yoast_head_json":{"title":"Stolichnaya Elit Vodka 70cl de Letonia","description":"Comprar online al millor preu el vodka premium Stolichnaya Elit. Descomptes per caixa. Ofertes especials. Web r\u00e0pida i segura. Viniteca. Licoreria. Destil\u00b7lats","robots":{"index":"noindex","follow":"follow","max-snippet":"max-snippet:-1","max-image-preview":"max-image-preview:large","max-video-preview":"max-video-preview:-1"},"og_locale":"ca_ES","og_type":"article","og_title":"Stolichnaya Elit","og_description":"Comprar online al millor preu el vodka premium Stolichnaya Elit. Descomptes per caixa. Ofertes especials. Web r\u00e0pida i segura. Viniteca. Licoreria. Destil\u00b7lats","og_url":"https:\/\/aral2.cetrexmarketing.com\/ca\/producto\/stolichnaya-elit-2\/","og_site_name":"M\u00f3n La Cata","article_modified_time":"2025-05-24T07:45:43+00:00","og_image":[{"width":765,"height":1024,"url":"https:\/\/aral2.cetrexmarketing.com\/wp-content\/uploads\/2025\/05\/STOLICHNAYA-ELIT.jpg-1.png","type":"image\/png"}],"twitter_card":"summary_large_image","twitter_misc":{"Temps estimat de lectura":"1 minut"},"schema":{"@context":"https:\/\/schema.org","@graph":[{"@type":"WebPage","@id":"https:\/\/aral2.cetrexmarketing.com\/ca\/producto\/stolichnaya-elit-2\/","url":"https:\/\/aral2.cetrexmarketing.com\/ca\/producto\/stolichnaya-elit-2\/","name":"Stolichnaya Elit Vodka 70cl de Letonia","isPartOf":{"@id":"https:\/\/aral2.cetrexmarketing.com\/#website"},"primaryImageOfPage":{"@id":"https:\/\/aral2.cetrexmarketing.com\/ca\/producto\/stolichnaya-elit-2\/#primaryimage"},"image":{"@id":"https:\/\/aral2.cetrexmarketing.com\/ca\/producto\/stolichnaya-elit-2\/#primaryimage"},"thumbnailUrl":"https:\/\/aral2.cetrexmarketing.com\/wp-content\/uploads\/2025\/05\/STOLICHNAYA-ELIT.jpg-1.png","datePublished":"2025-05-24T07:45:41+00:00","dateModified":"2025-05-24T07:45:43+00:00","description":"Comprar online al millor preu el vodka premium Stolichnaya Elit. Descomptes per caixa. Ofertes especials. Web r\u00e0pida i segura. Viniteca. Licoreria. Destil\u00b7lats","breadcrumb":{"@id":"https:\/\/aral2.cetrexmarketing.com\/ca\/producto\/stolichnaya-elit-2\/#breadcrumb"},"inLanguage":"ca","potentialAction":[{"@type":"ReadAction","target":["https:\/\/aral2.cetrexmarketing.com\/ca\/producto\/stolichnaya-elit-2\/"]}]},{"@type":"ImageObject","inLanguage":"ca","@id":"https:\/\/aral2.cetrexmarketing.com\/ca\/producto\/stolichnaya-elit-2\/#primaryimage","url":"https:\/\/aral2.cetrexmarketing.com\/wp-content\/uploads\/2025\/05\/STOLICHNAYA-ELIT.jpg-1.png","contentUrl":"https:\/\/aral2.cetrexmarketing.com\/wp-content\/uploads\/2025\/05\/STOLICHNAYA-ELIT.jpg-1.png","width":765,"height":1024},{"@type":"BreadcrumbList","@id":"https:\/\/aral2.cetrexmarketing.com\/ca\/producto\/stolichnaya-elit-2\/#breadcrumb","itemListElement":[{"@type":"ListItem","position":1,"name":"Home","item":"https:\/\/aral2.cetrexmarketing.com\/ca\/"},{"@type":"ListItem","position":2,"name":"Tienda","item":"https:\/\/aral2.cetrexmarketing.com\/ca\/tienda-2\/"},{"@type":"ListItem","position":3,"name":"Destil\u00b7lats","item":"https:\/\/aral2.cetrexmarketing.com\/categoria-producto\/destil%c2%b7lats\/"},{"@type":"ListItem","position":4,"name":"Vodka","item":"https:\/\/aral2.cetrexmarketing.com\/categoria-producto\/destil%c2%b7lats\/vodka-destil%c2%b7lats\/"},{"@type":"ListItem","position":5,"name":"Stolichnaya Elit"}]},{"@type":"WebSite","@id":"https:\/\/aral2.cetrexmarketing.com\/#website","url":"https:\/\/aral2.cetrexmarketing.com\/","name":"M\u00f3n La Cata","description":"Tienda de vinos, licores, cervezas y gourmet","publisher":{"@id":"https:\/\/aral2.cetrexmarketing.com\/#organization"},"potentialAction":[{"@type":"SearchAction","target":{"@type":"EntryPoint","urlTemplate":"https:\/\/aral2.cetrexmarketing.com\/?s={search_term_string}"},"query-input":{"@type":"PropertyValueSpecification","valueRequired":true,"valueName":"search_term_string"}}],"inLanguage":"ca"},{"@type":"Organization","@id":"https:\/\/aral2.cetrexmarketing.com\/#organization","name":"M\u00f3n La Cata","url":"https:\/\/aral2.cetrexmarketing.com\/","logo":{"@type":"ImageObject","inLanguage":"ca","@id":"https:\/\/aral2.cetrexmarketing.com\/#\/schema\/logo\/image\/","url":"https:\/\/aral2.cetrexmarketing.com\/wp-content\/uploads\/2024\/10\/aral-logo-neg-1024x409-1.png","contentUrl":"https:\/\/aral2.cetrexmarketing.com\/wp-content\/uploads\/2024\/10\/aral-logo-neg-1024x409-1.png","width":1024,"height":409,"caption":"M\u00f3n La Cata"},"image":{"@id":"https:\/\/aral2.cetrexmarketing.com\/#\/schema\/logo\/image\/"}}]}},"brands":[],"_links":{"self":[{"href":"https:\/\/aral2.cetrexmarketing.com\/ca\/wp-json\/wp\/v2\/product\/81287","targetHints":{"allow":["GET"]}}],"collection":[{"href":"https:\/\/aral2.cetrexmarketing.com\/ca\/wp-json\/wp\/v2\/product"}],"about":[{"href":"https:\/\/aral2.cetrexmarketing.com\/ca\/wp-json\/wp\/v2\/types\/product"}],"replies":[{"embeddable":true,"href":"https:\/\/aral2.cetrexmarketing.com\/ca\/wp-json\/wp\/v2\/comments?post=81287"}],"wp:featuredmedia":[{"embeddable":true,"href":"https:\/\/aral2.cetrexmarketing.com\/ca\/wp-json\/wp\/v2\/media\/81284"}],"wp:attachment":[{"href":"https:\/\/aral2.cetrexmarketing.com\/ca\/wp-json\/wp\/v2\/media?parent=81287"}],"wp:term":[{"taxonomy":"pwb-brand","embeddable":true,"href":"https:\/\/aral2.cetrexmarketing.com\/ca\/wp-json\/wp\/v2\/pwb-brand?post=81287"},{"taxonomy":"product_brand","embeddable":true,"href":"https:\/\/aral2.cetrexmarketing.com\/ca\/wp-json\/wp\/v2\/product_brand?post=81287"},{"taxonomy":"product_cat","embeddable":true,"href":"https:\/\/aral2.cetrexmarketing.com\/ca\/wp-json\/wp\/v2\/product_cat?post=81287"},{"taxonomy":"product_tag","embeddable":true,"href":"https:\/\/aral2.cetrexmarketing.com\/ca\/wp-json\/wp\/v2\/product_tag?post=81287"}],"curies":[{"name":"wp","href":"https:\/\/api.w.org\/{rel}","templated":true}]}}