{"id":81148,"date":"2025-05-24T07:43:30","date_gmt":"2025-05-24T07:43:30","guid":{"rendered":"https:\/\/aral2.cetrexmarketing.com\/producto\/espinaler-vermut-vintage-2\/"},"modified":"2025-05-24T07:43:31","modified_gmt":"2025-05-24T07:43:31","slug":"espinaler-vermut-vintage-2","status":"publish","type":"product","link":"https:\/\/aral2.cetrexmarketing.com\/ca\/producto\/espinaler-vermut-vintage-2\/","title":{"rendered":"Espinaler Vermut Vintage"},"content":{"rendered":"<p data-start=\"36\" data-end=\"475\">L\u2019<strong data-start=\"38\" data-end=\"66\">Espinaler Vermut Vintage<\/strong> \u00e9s una creaci\u00f3 de la hist\u00f2rica marca <strong data-start=\"104\" data-end=\"117\">Espinaler<\/strong>, fundada el <strong data-start=\"130\" data-end=\"138\">1896<\/strong> a <strong data-start=\"141\" data-end=\"160\">Vilassar de Mar<\/strong>(Barcelona). Aquest vermut recupera una <strong data-start=\"201\" data-end=\"224\">recepta tradicional<\/strong> transmesa de generaci\u00f3 en generaci\u00f3, elaborada amb una acurada selecci\u00f3 d\u2019<strong data-start=\"299\" data-end=\"309\">herbes<\/strong>, <strong data-start=\"311\" data-end=\"323\">bot\u00e0nics<\/strong> i <strong data-start=\"326\" data-end=\"351\">vins de gran qualitat<\/strong>. El resultat \u00e9s un vermut amb una <strong data-start=\"386\" data-end=\"408\">personalitat \u00fanica<\/strong>, que combina l\u2019eleg\u00e0ncia dels sabors cl\u00e0ssics amb un toc modern.<\/p>\n<h3 data-start=\"477\" data-end=\"517\"><strong data-start=\"481\" data-end=\"515\">Caracter\u00edstiques del Producte:<\/strong><\/h3>\n<ul data-start=\"518\" data-end=\"988\">\n<li data-start=\"518\" data-end=\"545\"><strong data-start=\"520\" data-end=\"530\">Tipus:<\/strong> Vermut negre<\/li>\n<li data-start=\"546\" data-end=\"588\"><strong data-start=\"548\" data-end=\"573\">Graduaci\u00f3 alcoh\u00f2lica:<\/strong> <strong data-start=\"574\" data-end=\"586\">15% vol.<\/strong><\/li>\n<li data-start=\"589\" data-end=\"639\"><strong data-start=\"591\" data-end=\"601\">Color:<\/strong> <strong data-start=\"602\" data-end=\"616\">Caoba fosc<\/strong>, brillant i atractiu<\/li>\n<li data-start=\"640\" data-end=\"792\"><strong data-start=\"642\" data-end=\"652\">Aroma:<\/strong> Complex i equilibrat, amb notes d&#8217;<strong data-start=\"687\" data-end=\"709\">herbes arom\u00e0tiques<\/strong>, <strong data-start=\"711\" data-end=\"726\">fruita seca<\/strong>, tocs de <strong data-start=\"736\" data-end=\"747\">c\u00edtrics<\/strong> i un fons d\u2019<strong data-start=\"760\" data-end=\"772\">esp\u00e8cies<\/strong>(clau i canyella)<\/li>\n<li data-start=\"793\" data-end=\"988\"><strong data-start=\"795\" data-end=\"805\">Sabor:<\/strong> Suau i equilibrat, amb una combinaci\u00f3 de <strong data-start=\"847\" data-end=\"857\">dol\u00e7or<\/strong> i <strong data-start=\"860\" data-end=\"871\">amargor<\/strong>. Notes de <strong data-start=\"882\" data-end=\"893\">caramel<\/strong>, <strong data-start=\"895\" data-end=\"906\">c\u00edtrics<\/strong> i <strong data-start=\"909\" data-end=\"921\">esp\u00e8cies<\/strong> al paladar, amb un final <strong data-start=\"947\" data-end=\"961\">persistent<\/strong> i lleugerament <strong data-start=\"977\" data-end=\"986\" data-is-only-node=\"\">amarg<\/strong><\/li>\n<\/ul>\n<h3 data-start=\"990\" data-end=\"1023\"><strong data-start=\"994\" data-end=\"1021\">Ingredients Principals:<\/strong><\/h3>\n<p data-start=\"1024\" data-end=\"1165\">\u2714 <strong data-start=\"1026\" data-end=\"1038\">Vi blanc<\/strong> de gran qualitat<br data-start=\"1055\" data-end=\"1058\" \/>\u2714 <strong data-start=\"1060\" data-end=\"1070\">Ajenjo<\/strong><br data-start=\"1070\" data-end=\"1073\" \/>\u2714 <strong data-start=\"1075\" data-end=\"1083\">Clau<\/strong><br data-start=\"1083\" data-end=\"1086\" \/>\u2714 <strong data-start=\"1088\" data-end=\"1100\" data-is-only-node=\"\">Canyella<\/strong><br data-start=\"1100\" data-end=\"1103\" \/>\u2714 <strong data-start=\"1105\" data-end=\"1124\">Pell de taronja<\/strong><br data-start=\"1124\" data-end=\"1127\" \/>\u2714 <strong data-start=\"1129\" data-end=\"1163\">Herbes i bot\u00e0nics seleccionats<\/strong><\/p>\n","protected":false},"excerpt":{"rendered":"<p>L\u2019Espinaler Vermut Vintage \u00e9s una creaci\u00f3 de la hist\u00f2rica marca Espinaler, fundada el 1896 a Vilassar de Mar(Barcelona). Aquest vermut recupera una recepta tradicional transmesa de generaci\u00f3 en generaci\u00f3, elaborada amb una acurada selecci\u00f3 d\u2019herbes, bot\u00e0nics i vins de gran qualitat. El resultat \u00e9s un vermut amb una personalitat \u00fanica, que combina l\u2019eleg\u00e0ncia dels sabors&hellip;<\/p>\n","protected":false},"featured_media":81145,"comment_status":"closed","ping_status":"closed","template":"","meta":{"_acf_changed":false},"pwb-brand":[],"product_brand":[],"product_cat":[51692,51729],"product_tag":[],"class_list":{"0":"post-81148","1":"product","2":"type-product","3":"status-publish","4":"has-post-thumbnail","6":"product_cat-destillats","7":"product_cat-vermut-negre","8":"pa_bodega-espinaler","9":"pa_formatoenl-36162","10":"pa_formatoenml-38311","11":"pa_graduacion-15_0","12":"pa_pais-espanya-ca","13":"pa_pesoengramos-38374","14":"pa_pesoenkg-075-ca","15":"pa_region-cataluna","16":"entry","17":"has-media","19":"first","20":"outofstock","21":"taxable","22":"shipping-taxable","23":"purchasable","24":"product-type-simple"},"acf":[],"yoast_head":"<!-- This site is optimized with the Yoast SEO Premium plugin v23.1 (Yoast SEO v23.5) - https:\/\/yoast.com\/wordpress\/plugins\/seo\/ -->\n<title>vermut espinaler vintage<\/title>\n<meta name=\"description\" content=\"Comprar Espinaler Vermut Vintage en M\u00f3n La Cata . Tienda online especilizada en vino y alimentaci\u00f3n. Env\u00edos puntuales y promociones\" \/>\n<meta name=\"robots\" content=\"noindex, follow, max-snippet:-1, max-image-preview:large, max-video-preview:-1\" \/>\n<meta property=\"og:locale\" content=\"ca_ES\" \/>\n<meta property=\"og:type\" content=\"article\" \/>\n<meta property=\"og:title\" content=\"Espinaler Vermut Vintage\" \/>\n<meta property=\"og:description\" content=\"Comprar Espinaler Vermut Vintage en M\u00f3n La Cata . Tienda online especilizada en vino y alimentaci\u00f3n. Env\u00edos puntuales y promociones\" \/>\n<meta property=\"og:url\" content=\"https:\/\/aral2.cetrexmarketing.com\/ca\/producto\/espinaler-vermut-vintage-2\/\" \/>\n<meta property=\"og:site_name\" content=\"M\u00f3n La Cata\" \/>\n<meta property=\"article:modified_time\" content=\"2025-05-24T07:43:31+00:00\" \/>\n<meta property=\"og:image\" content=\"https:\/\/aral2.cetrexmarketing.com\/wp-content\/uploads\/2025\/05\/ESPINALER-VERMUT-VINTAGE.jpg.png\" \/>\n\t<meta property=\"og:image:width\" content=\"765\" \/>\n\t<meta property=\"og:image:height\" content=\"1024\" \/>\n\t<meta property=\"og:image:type\" content=\"image\/png\" \/>\n<meta name=\"twitter:card\" content=\"summary_large_image\" \/>\n<meta name=\"twitter:label1\" content=\"Temps estimat de lectura\" \/>\n\t<meta name=\"twitter:data1\" content=\"2 minuts\" \/>\n<script type=\"application\/ld+json\" class=\"yoast-schema-graph\">{\"@context\":\"https:\/\/schema.org\",\"@graph\":[{\"@type\":\"WebPage\",\"@id\":\"https:\/\/aral2.cetrexmarketing.com\/ca\/producto\/espinaler-vermut-vintage-2\/\",\"url\":\"https:\/\/aral2.cetrexmarketing.com\/ca\/producto\/espinaler-vermut-vintage-2\/\",\"name\":\"vermut espinaler vintage\",\"isPartOf\":{\"@id\":\"https:\/\/aral2.cetrexmarketing.com\/#website\"},\"primaryImageOfPage\":{\"@id\":\"https:\/\/aral2.cetrexmarketing.com\/ca\/producto\/espinaler-vermut-vintage-2\/#primaryimage\"},\"image\":{\"@id\":\"https:\/\/aral2.cetrexmarketing.com\/ca\/producto\/espinaler-vermut-vintage-2\/#primaryimage\"},\"thumbnailUrl\":\"https:\/\/aral2.cetrexmarketing.com\/wp-content\/uploads\/2025\/05\/ESPINALER-VERMUT-VINTAGE.jpg.png\",\"datePublished\":\"2025-05-24T07:43:30+00:00\",\"dateModified\":\"2025-05-24T07:43:31+00:00\",\"description\":\"Comprar Espinaler Vermut Vintage en M\u00f3n La Cata . Tienda online especilizada en vino y alimentaci\u00f3n. Env\u00edos puntuales y promociones\",\"breadcrumb\":{\"@id\":\"https:\/\/aral2.cetrexmarketing.com\/ca\/producto\/espinaler-vermut-vintage-2\/#breadcrumb\"},\"inLanguage\":\"ca\",\"potentialAction\":[{\"@type\":\"ReadAction\",\"target\":[\"https:\/\/aral2.cetrexmarketing.com\/ca\/producto\/espinaler-vermut-vintage-2\/\"]}]},{\"@type\":\"ImageObject\",\"inLanguage\":\"ca\",\"@id\":\"https:\/\/aral2.cetrexmarketing.com\/ca\/producto\/espinaler-vermut-vintage-2\/#primaryimage\",\"url\":\"https:\/\/aral2.cetrexmarketing.com\/wp-content\/uploads\/2025\/05\/ESPINALER-VERMUT-VINTAGE.jpg.png\",\"contentUrl\":\"https:\/\/aral2.cetrexmarketing.com\/wp-content\/uploads\/2025\/05\/ESPINALER-VERMUT-VINTAGE.jpg.png\",\"width\":765,\"height\":1024},{\"@type\":\"BreadcrumbList\",\"@id\":\"https:\/\/aral2.cetrexmarketing.com\/ca\/producto\/espinaler-vermut-vintage-2\/#breadcrumb\",\"itemListElement\":[{\"@type\":\"ListItem\",\"position\":1,\"name\":\"Home\",\"item\":\"https:\/\/aral2.cetrexmarketing.com\/ca\/\"},{\"@type\":\"ListItem\",\"position\":2,\"name\":\"Tienda\",\"item\":\"https:\/\/aral2.cetrexmarketing.com\/ca\/tienda-2\/\"},{\"@type\":\"ListItem\",\"position\":3,\"name\":\"Destil\u00b7lats\",\"item\":\"https:\/\/aral2.cetrexmarketing.com\/categoria-producto\/home-ca\/destil-lats-ca\/\"},{\"@type\":\"ListItem\",\"position\":4,\"name\":\"Vermut Rojo\",\"item\":\"https:\/\/aral2.cetrexmarketing.com\/categoria-producto\/inicio\/destilados\/vermut-rojo\/\"},{\"@type\":\"ListItem\",\"position\":5,\"name\":\"Espinaler Vermut Vintage\"}]},{\"@type\":\"WebSite\",\"@id\":\"https:\/\/aral2.cetrexmarketing.com\/#website\",\"url\":\"https:\/\/aral2.cetrexmarketing.com\/\",\"name\":\"M\u00f3n La Cata\",\"description\":\"Tienda de vinos, licores, cervezas y gourmet\",\"publisher\":{\"@id\":\"https:\/\/aral2.cetrexmarketing.com\/#organization\"},\"potentialAction\":[{\"@type\":\"SearchAction\",\"target\":{\"@type\":\"EntryPoint\",\"urlTemplate\":\"https:\/\/aral2.cetrexmarketing.com\/?s={search_term_string}\"},\"query-input\":{\"@type\":\"PropertyValueSpecification\",\"valueRequired\":true,\"valueName\":\"search_term_string\"}}],\"inLanguage\":\"ca\"},{\"@type\":\"Organization\",\"@id\":\"https:\/\/aral2.cetrexmarketing.com\/#organization\",\"name\":\"M\u00f3n La Cata\",\"url\":\"https:\/\/aral2.cetrexmarketing.com\/\",\"logo\":{\"@type\":\"ImageObject\",\"inLanguage\":\"ca\",\"@id\":\"https:\/\/aral2.cetrexmarketing.com\/#\/schema\/logo\/image\/\",\"url\":\"https:\/\/aral2.cetrexmarketing.com\/wp-content\/uploads\/2024\/10\/aral-logo-neg-1024x409-1.png\",\"contentUrl\":\"https:\/\/aral2.cetrexmarketing.com\/wp-content\/uploads\/2024\/10\/aral-logo-neg-1024x409-1.png\",\"width\":1024,\"height\":409,\"caption\":\"M\u00f3n La Cata\"},\"image\":{\"@id\":\"https:\/\/aral2.cetrexmarketing.com\/#\/schema\/logo\/image\/\"}}]}<\/script>\n<!-- \/ Yoast SEO Premium plugin. -->","yoast_head_json":{"title":"vermut espinaler vintage","description":"Comprar Espinaler Vermut Vintage en M\u00f3n La Cata . Tienda online especilizada en vino y alimentaci\u00f3n. Env\u00edos puntuales y promociones","robots":{"index":"noindex","follow":"follow","max-snippet":"max-snippet:-1","max-image-preview":"max-image-preview:large","max-video-preview":"max-video-preview:-1"},"og_locale":"ca_ES","og_type":"article","og_title":"Espinaler Vermut Vintage","og_description":"Comprar Espinaler Vermut Vintage en M\u00f3n La Cata . Tienda online especilizada en vino y alimentaci\u00f3n. Env\u00edos puntuales y promociones","og_url":"https:\/\/aral2.cetrexmarketing.com\/ca\/producto\/espinaler-vermut-vintage-2\/","og_site_name":"M\u00f3n La Cata","article_modified_time":"2025-05-24T07:43:31+00:00","og_image":[{"width":765,"height":1024,"url":"https:\/\/aral2.cetrexmarketing.com\/wp-content\/uploads\/2025\/05\/ESPINALER-VERMUT-VINTAGE.jpg.png","type":"image\/png"}],"twitter_card":"summary_large_image","twitter_misc":{"Temps estimat de lectura":"2 minuts"},"schema":{"@context":"https:\/\/schema.org","@graph":[{"@type":"WebPage","@id":"https:\/\/aral2.cetrexmarketing.com\/ca\/producto\/espinaler-vermut-vintage-2\/","url":"https:\/\/aral2.cetrexmarketing.com\/ca\/producto\/espinaler-vermut-vintage-2\/","name":"vermut espinaler vintage","isPartOf":{"@id":"https:\/\/aral2.cetrexmarketing.com\/#website"},"primaryImageOfPage":{"@id":"https:\/\/aral2.cetrexmarketing.com\/ca\/producto\/espinaler-vermut-vintage-2\/#primaryimage"},"image":{"@id":"https:\/\/aral2.cetrexmarketing.com\/ca\/producto\/espinaler-vermut-vintage-2\/#primaryimage"},"thumbnailUrl":"https:\/\/aral2.cetrexmarketing.com\/wp-content\/uploads\/2025\/05\/ESPINALER-VERMUT-VINTAGE.jpg.png","datePublished":"2025-05-24T07:43:30+00:00","dateModified":"2025-05-24T07:43:31+00:00","description":"Comprar Espinaler Vermut Vintage en M\u00f3n La Cata . Tienda online especilizada en vino y alimentaci\u00f3n. Env\u00edos puntuales y promociones","breadcrumb":{"@id":"https:\/\/aral2.cetrexmarketing.com\/ca\/producto\/espinaler-vermut-vintage-2\/#breadcrumb"},"inLanguage":"ca","potentialAction":[{"@type":"ReadAction","target":["https:\/\/aral2.cetrexmarketing.com\/ca\/producto\/espinaler-vermut-vintage-2\/"]}]},{"@type":"ImageObject","inLanguage":"ca","@id":"https:\/\/aral2.cetrexmarketing.com\/ca\/producto\/espinaler-vermut-vintage-2\/#primaryimage","url":"https:\/\/aral2.cetrexmarketing.com\/wp-content\/uploads\/2025\/05\/ESPINALER-VERMUT-VINTAGE.jpg.png","contentUrl":"https:\/\/aral2.cetrexmarketing.com\/wp-content\/uploads\/2025\/05\/ESPINALER-VERMUT-VINTAGE.jpg.png","width":765,"height":1024},{"@type":"BreadcrumbList","@id":"https:\/\/aral2.cetrexmarketing.com\/ca\/producto\/espinaler-vermut-vintage-2\/#breadcrumb","itemListElement":[{"@type":"ListItem","position":1,"name":"Home","item":"https:\/\/aral2.cetrexmarketing.com\/ca\/"},{"@type":"ListItem","position":2,"name":"Tienda","item":"https:\/\/aral2.cetrexmarketing.com\/ca\/tienda-2\/"},{"@type":"ListItem","position":3,"name":"Destil\u00b7lats","item":"https:\/\/aral2.cetrexmarketing.com\/categoria-producto\/home-ca\/destil-lats-ca\/"},{"@type":"ListItem","position":4,"name":"Vermut Rojo","item":"https:\/\/aral2.cetrexmarketing.com\/categoria-producto\/inicio\/destilados\/vermut-rojo\/"},{"@type":"ListItem","position":5,"name":"Espinaler Vermut Vintage"}]},{"@type":"WebSite","@id":"https:\/\/aral2.cetrexmarketing.com\/#website","url":"https:\/\/aral2.cetrexmarketing.com\/","name":"M\u00f3n La Cata","description":"Tienda de vinos, licores, cervezas y gourmet","publisher":{"@id":"https:\/\/aral2.cetrexmarketing.com\/#organization"},"potentialAction":[{"@type":"SearchAction","target":{"@type":"EntryPoint","urlTemplate":"https:\/\/aral2.cetrexmarketing.com\/?s={search_term_string}"},"query-input":{"@type":"PropertyValueSpecification","valueRequired":true,"valueName":"search_term_string"}}],"inLanguage":"ca"},{"@type":"Organization","@id":"https:\/\/aral2.cetrexmarketing.com\/#organization","name":"M\u00f3n La Cata","url":"https:\/\/aral2.cetrexmarketing.com\/","logo":{"@type":"ImageObject","inLanguage":"ca","@id":"https:\/\/aral2.cetrexmarketing.com\/#\/schema\/logo\/image\/","url":"https:\/\/aral2.cetrexmarketing.com\/wp-content\/uploads\/2024\/10\/aral-logo-neg-1024x409-1.png","contentUrl":"https:\/\/aral2.cetrexmarketing.com\/wp-content\/uploads\/2024\/10\/aral-logo-neg-1024x409-1.png","width":1024,"height":409,"caption":"M\u00f3n La Cata"},"image":{"@id":"https:\/\/aral2.cetrexmarketing.com\/#\/schema\/logo\/image\/"}}]}},"brands":[],"_links":{"self":[{"href":"https:\/\/aral2.cetrexmarketing.com\/ca\/wp-json\/wp\/v2\/product\/81148","targetHints":{"allow":["GET"]}}],"collection":[{"href":"https:\/\/aral2.cetrexmarketing.com\/ca\/wp-json\/wp\/v2\/product"}],"about":[{"href":"https:\/\/aral2.cetrexmarketing.com\/ca\/wp-json\/wp\/v2\/types\/product"}],"replies":[{"embeddable":true,"href":"https:\/\/aral2.cetrexmarketing.com\/ca\/wp-json\/wp\/v2\/comments?post=81148"}],"wp:featuredmedia":[{"embeddable":true,"href":"https:\/\/aral2.cetrexmarketing.com\/ca\/wp-json\/wp\/v2\/media\/81145"}],"wp:attachment":[{"href":"https:\/\/aral2.cetrexmarketing.com\/ca\/wp-json\/wp\/v2\/media?parent=81148"}],"wp:term":[{"taxonomy":"pwb-brand","embeddable":true,"href":"https:\/\/aral2.cetrexmarketing.com\/ca\/wp-json\/wp\/v2\/pwb-brand?post=81148"},{"taxonomy":"product_brand","embeddable":true,"href":"https:\/\/aral2.cetrexmarketing.com\/ca\/wp-json\/wp\/v2\/product_brand?post=81148"},{"taxonomy":"product_cat","embeddable":true,"href":"https:\/\/aral2.cetrexmarketing.com\/ca\/wp-json\/wp\/v2\/product_cat?post=81148"},{"taxonomy":"product_tag","embeddable":true,"href":"https:\/\/aral2.cetrexmarketing.com\/ca\/wp-json\/wp\/v2\/product_tag?post=81148"}],"curies":[{"name":"wp","href":"https:\/\/api.w.org\/{rel}","templated":true}]}}