{"id":81068,"date":"2025-05-24T07:42:34","date_gmt":"2025-05-24T07:42:34","guid":{"rendered":"https:\/\/aral2.cetrexmarketing.com\/producto\/martini-rosado\/"},"modified":"2025-05-24T07:42:35","modified_gmt":"2025-05-24T07:42:35","slug":"martini-rosado","status":"publish","type":"product","link":"https:\/\/aral2.cetrexmarketing.com\/ca\/producto\/martini-rosado\/","title":{"rendered":"Martini Rosado"},"content":{"rendered":"<p class=\"\" data-start=\"1224\" data-end=\"1472\"><strong data-start=\"1224\" data-end=\"1241\">Martini Negre<\/strong> \u00e9s un vermut itali\u00e0 d\u2019estil cl\u00e0ssic i sabor intens, que combina vins seleccionats amb una acurada mescla d\u2019herbes arom\u00e0tiques, esp\u00e8cies i caramel fosc. \u00c9s ideal per a qui gaudeix de begudes amb cos i un perfil m\u00e9s profund i amarg.<\/p>\n<p class=\"\" data-start=\"1474\" data-end=\"1510\"><strong data-start=\"1474\" data-end=\"1508\">Caracter\u00edstiques del producte:<\/strong><\/p>\n<ul data-start=\"1511\" data-end=\"1838\">\n<li class=\"\" data-start=\"1511\" data-end=\"1547\">\n<p class=\"\" data-start=\"1513\" data-end=\"1547\"><strong data-start=\"1513\" data-end=\"1523\">Tipus:<\/strong> Vermut vermell (fosc)<\/p>\n<\/li>\n<li class=\"\" data-start=\"1548\" data-end=\"1570\">\n<p class=\"\" data-start=\"1550\" data-end=\"1570\"><strong data-start=\"1550\" data-end=\"1561\">Origen:<\/strong> It\u00e0lia<\/p>\n<\/li>\n<li class=\"\" data-start=\"1571\" data-end=\"1611\">\n<p class=\"\" data-start=\"1573\" data-end=\"1611\"><strong data-start=\"1573\" data-end=\"1598\">Graduaci\u00f3 alcoh\u00f2lica:<\/strong> 14,4% vol.<\/p>\n<\/li>\n<li class=\"\" data-start=\"1612\" data-end=\"1662\">\n<p class=\"\" data-start=\"1614\" data-end=\"1662\"><strong data-start=\"1614\" data-end=\"1624\">Color:<\/strong> Marr\u00f3 fosc amb reflexos vermellosos<\/p>\n<\/li>\n<li class=\"\" data-start=\"1663\" data-end=\"1735\">\n<p class=\"\" data-start=\"1665\" data-end=\"1735\"><strong data-start=\"1665\" data-end=\"1675\">Aroma:<\/strong> Notes intenses d\u2019herbes, vainilla, clau i caramel torrat.<\/p>\n<\/li>\n<li class=\"\" data-start=\"1736\" data-end=\"1838\">\n<p class=\"\" data-start=\"1738\" data-end=\"1838\"><strong data-start=\"1738\" data-end=\"1747\">Gust:<\/strong> Equilibri entre dol\u00e7or i amargor, amb matisos especiats i un toc final lleugerament fumat.<\/p>\n<\/li>\n<\/ul>\n<p class=\"\" data-start=\"1840\" data-end=\"2076\"><strong data-start=\"1840\" data-end=\"1854\">Maridatge:<\/strong><br data-start=\"1854\" data-end=\"1857\" \/>Perfecte per prendre sol amb gel i una rodanxa de taronja o llimona. Tamb\u00e9 es pot utilitzar com a base en c\u00f2ctels cl\u00e0ssics com el Manhattan o el Negroni. Marida molt b\u00e9 amb fruits secs, formatges curats i tapes salades.<\/p>\n<p class=\"\" data-start=\"2078\" data-end=\"2254\"><strong data-start=\"2078\" data-end=\"2092\">Conclusi\u00f3:<\/strong><br data-start=\"2092\" data-end=\"2095\" \/>Martini Negre \u00e9s una opci\u00f3 sofisticada per a qui cerca un vermut m\u00e9s complex i amb m\u00e9s car\u00e0cter, ideal tant per a aperitius com per a c\u00f2ctels amb personalitat.<\/p>\n","protected":false},"excerpt":{"rendered":"<p>Martini Negre \u00e9s un vermut itali\u00e0 d\u2019estil cl\u00e0ssic i sabor intens, que combina vins seleccionats amb una acurada mescla d\u2019herbes arom\u00e0tiques, esp\u00e8cies i caramel fosc. \u00c9s ideal per a qui gaudeix de begudes amb cos i un perfil m\u00e9s profund i amarg. Caracter\u00edstiques del producte: Tipus: Vermut vermell (fosc) Origen: It\u00e0lia Graduaci\u00f3 alcoh\u00f2lica: 14,4% vol.&hellip;<\/p>\n","protected":false},"featured_media":81065,"comment_status":"closed","ping_status":"closed","template":"","meta":{"_acf_changed":false},"pwb-brand":[],"product_brand":[],"product_cat":[51692,51729],"product_tag":[],"class_list":{"0":"post-81068","1":"product","2":"type-product","3":"status-publish","4":"has-post-thumbnail","6":"product_cat-destillats","7":"product_cat-vermut-negre","8":"pa_bodega-martinirossi","9":"pa_formatoenl-36160","10":"pa_formatoenml-38308","11":"pa_graduacion-14_4","12":"pa_pais-italia-ca-2","13":"pa_pesoengramos-38354","14":"pa_pesoenkg-14-2","15":"entry","16":"has-media","18":"first","19":"instock","20":"taxable","21":"shipping-taxable","22":"purchasable","23":"product-type-simple"},"acf":[],"yoast_head":"<!-- This site is optimized with the Yoast SEO Premium plugin v23.1 (Yoast SEO v23.5) - https:\/\/yoast.com\/wordpress\/plugins\/seo\/ -->\n<title>Martini Rosado - M\u00f3n La Cata<\/title>\n<meta name=\"description\" content=\"Comprar Martini Rosado en M\u00f3n La Cata . Tienda online especilizada en vino y alimentaci\u00f3n. Env\u00edos puntuales y promociones\" \/>\n<meta name=\"robots\" content=\"noindex, follow, max-snippet:-1, max-image-preview:large, max-video-preview:-1\" \/>\n<meta property=\"og:locale\" content=\"ca_ES\" \/>\n<meta property=\"og:type\" content=\"article\" \/>\n<meta property=\"og:title\" content=\"Martini Rosado\" \/>\n<meta property=\"og:description\" content=\"Comprar Martini Rosado en M\u00f3n La Cata . Tienda online especilizada en vino y alimentaci\u00f3n. Env\u00edos puntuales y promociones\" \/>\n<meta property=\"og:url\" content=\"https:\/\/aral2.cetrexmarketing.com\/ca\/producto\/martini-rosado\/\" \/>\n<meta property=\"og:site_name\" content=\"M\u00f3n La Cata\" \/>\n<meta property=\"article:modified_time\" content=\"2025-05-24T07:42:35+00:00\" \/>\n<meta property=\"og:image\" content=\"https:\/\/aral2.cetrexmarketing.com\/wp-content\/uploads\/2025\/05\/MARTINI-ROSSO.jpg-1.png\" \/>\n\t<meta property=\"og:image:width\" content=\"765\" \/>\n\t<meta property=\"og:image:height\" content=\"1024\" \/>\n\t<meta property=\"og:image:type\" content=\"image\/png\" \/>\n<meta name=\"twitter:card\" content=\"summary_large_image\" \/>\n<meta name=\"twitter:label1\" content=\"Temps estimat de lectura\" \/>\n\t<meta name=\"twitter:data1\" content=\"2 minuts\" \/>\n<script type=\"application\/ld+json\" class=\"yoast-schema-graph\">{\"@context\":\"https:\/\/schema.org\",\"@graph\":[{\"@type\":\"WebPage\",\"@id\":\"https:\/\/aral2.cetrexmarketing.com\/ca\/producto\/martini-rosado\/\",\"url\":\"https:\/\/aral2.cetrexmarketing.com\/ca\/producto\/martini-rosado\/\",\"name\":\"Martini Rosado - M\u00f3n La Cata\",\"isPartOf\":{\"@id\":\"https:\/\/aral2.cetrexmarketing.com\/#website\"},\"primaryImageOfPage\":{\"@id\":\"https:\/\/aral2.cetrexmarketing.com\/ca\/producto\/martini-rosado\/#primaryimage\"},\"image\":{\"@id\":\"https:\/\/aral2.cetrexmarketing.com\/ca\/producto\/martini-rosado\/#primaryimage\"},\"thumbnailUrl\":\"https:\/\/aral2.cetrexmarketing.com\/wp-content\/uploads\/2025\/05\/MARTINI-ROSSO.jpg-1.png\",\"datePublished\":\"2025-05-24T07:42:34+00:00\",\"dateModified\":\"2025-05-24T07:42:35+00:00\",\"description\":\"Comprar Martini Rosado en M\u00f3n La Cata . Tienda online especilizada en vino y alimentaci\u00f3n. Env\u00edos puntuales y promociones\",\"breadcrumb\":{\"@id\":\"https:\/\/aral2.cetrexmarketing.com\/ca\/producto\/martini-rosado\/#breadcrumb\"},\"inLanguage\":\"ca\",\"potentialAction\":[{\"@type\":\"ReadAction\",\"target\":[\"https:\/\/aral2.cetrexmarketing.com\/ca\/producto\/martini-rosado\/\"]}]},{\"@type\":\"ImageObject\",\"inLanguage\":\"ca\",\"@id\":\"https:\/\/aral2.cetrexmarketing.com\/ca\/producto\/martini-rosado\/#primaryimage\",\"url\":\"https:\/\/aral2.cetrexmarketing.com\/wp-content\/uploads\/2025\/05\/MARTINI-ROSSO.jpg-1.png\",\"contentUrl\":\"https:\/\/aral2.cetrexmarketing.com\/wp-content\/uploads\/2025\/05\/MARTINI-ROSSO.jpg-1.png\",\"width\":765,\"height\":1024},{\"@type\":\"BreadcrumbList\",\"@id\":\"https:\/\/aral2.cetrexmarketing.com\/ca\/producto\/martini-rosado\/#breadcrumb\",\"itemListElement\":[{\"@type\":\"ListItem\",\"position\":1,\"name\":\"Home\",\"item\":\"https:\/\/aral2.cetrexmarketing.com\/ca\/\"},{\"@type\":\"ListItem\",\"position\":2,\"name\":\"Tienda\",\"item\":\"https:\/\/aral2.cetrexmarketing.com\/ca\/tienda-2\/\"},{\"@type\":\"ListItem\",\"position\":3,\"name\":\"Destil\u00b7lats\",\"item\":\"https:\/\/aral2.cetrexmarketing.com\/categoria-producto\/home-ca\/destil-lats-ca\/\"},{\"@type\":\"ListItem\",\"position\":4,\"name\":\"Vermut Rojo\",\"item\":\"https:\/\/aral2.cetrexmarketing.com\/categoria-producto\/inicio\/destilados\/vermut-rojo\/\"},{\"@type\":\"ListItem\",\"position\":5,\"name\":\"Martini Rosado\"}]},{\"@type\":\"WebSite\",\"@id\":\"https:\/\/aral2.cetrexmarketing.com\/#website\",\"url\":\"https:\/\/aral2.cetrexmarketing.com\/\",\"name\":\"M\u00f3n La Cata\",\"description\":\"Tienda de vinos, licores, cervezas y gourmet\",\"publisher\":{\"@id\":\"https:\/\/aral2.cetrexmarketing.com\/#organization\"},\"potentialAction\":[{\"@type\":\"SearchAction\",\"target\":{\"@type\":\"EntryPoint\",\"urlTemplate\":\"https:\/\/aral2.cetrexmarketing.com\/?s={search_term_string}\"},\"query-input\":{\"@type\":\"PropertyValueSpecification\",\"valueRequired\":true,\"valueName\":\"search_term_string\"}}],\"inLanguage\":\"ca\"},{\"@type\":\"Organization\",\"@id\":\"https:\/\/aral2.cetrexmarketing.com\/#organization\",\"name\":\"M\u00f3n La Cata\",\"url\":\"https:\/\/aral2.cetrexmarketing.com\/\",\"logo\":{\"@type\":\"ImageObject\",\"inLanguage\":\"ca\",\"@id\":\"https:\/\/aral2.cetrexmarketing.com\/#\/schema\/logo\/image\/\",\"url\":\"https:\/\/aral2.cetrexmarketing.com\/wp-content\/uploads\/2024\/10\/aral-logo-neg-1024x409-1.png\",\"contentUrl\":\"https:\/\/aral2.cetrexmarketing.com\/wp-content\/uploads\/2024\/10\/aral-logo-neg-1024x409-1.png\",\"width\":1024,\"height\":409,\"caption\":\"M\u00f3n La Cata\"},\"image\":{\"@id\":\"https:\/\/aral2.cetrexmarketing.com\/#\/schema\/logo\/image\/\"}}]}<\/script>\n<!-- \/ Yoast SEO Premium plugin. -->","yoast_head_json":{"title":"Martini Rosado - M\u00f3n La Cata","description":"Comprar Martini Rosado en M\u00f3n La Cata . Tienda online especilizada en vino y alimentaci\u00f3n. Env\u00edos puntuales y promociones","robots":{"index":"noindex","follow":"follow","max-snippet":"max-snippet:-1","max-image-preview":"max-image-preview:large","max-video-preview":"max-video-preview:-1"},"og_locale":"ca_ES","og_type":"article","og_title":"Martini Rosado","og_description":"Comprar Martini Rosado en M\u00f3n La Cata . Tienda online especilizada en vino y alimentaci\u00f3n. Env\u00edos puntuales y promociones","og_url":"https:\/\/aral2.cetrexmarketing.com\/ca\/producto\/martini-rosado\/","og_site_name":"M\u00f3n La Cata","article_modified_time":"2025-05-24T07:42:35+00:00","og_image":[{"width":765,"height":1024,"url":"https:\/\/aral2.cetrexmarketing.com\/wp-content\/uploads\/2025\/05\/MARTINI-ROSSO.jpg-1.png","type":"image\/png"}],"twitter_card":"summary_large_image","twitter_misc":{"Temps estimat de lectura":"2 minuts"},"schema":{"@context":"https:\/\/schema.org","@graph":[{"@type":"WebPage","@id":"https:\/\/aral2.cetrexmarketing.com\/ca\/producto\/martini-rosado\/","url":"https:\/\/aral2.cetrexmarketing.com\/ca\/producto\/martini-rosado\/","name":"Martini Rosado - M\u00f3n La Cata","isPartOf":{"@id":"https:\/\/aral2.cetrexmarketing.com\/#website"},"primaryImageOfPage":{"@id":"https:\/\/aral2.cetrexmarketing.com\/ca\/producto\/martini-rosado\/#primaryimage"},"image":{"@id":"https:\/\/aral2.cetrexmarketing.com\/ca\/producto\/martini-rosado\/#primaryimage"},"thumbnailUrl":"https:\/\/aral2.cetrexmarketing.com\/wp-content\/uploads\/2025\/05\/MARTINI-ROSSO.jpg-1.png","datePublished":"2025-05-24T07:42:34+00:00","dateModified":"2025-05-24T07:42:35+00:00","description":"Comprar Martini Rosado en M\u00f3n La Cata . Tienda online especilizada en vino y alimentaci\u00f3n. Env\u00edos puntuales y promociones","breadcrumb":{"@id":"https:\/\/aral2.cetrexmarketing.com\/ca\/producto\/martini-rosado\/#breadcrumb"},"inLanguage":"ca","potentialAction":[{"@type":"ReadAction","target":["https:\/\/aral2.cetrexmarketing.com\/ca\/producto\/martini-rosado\/"]}]},{"@type":"ImageObject","inLanguage":"ca","@id":"https:\/\/aral2.cetrexmarketing.com\/ca\/producto\/martini-rosado\/#primaryimage","url":"https:\/\/aral2.cetrexmarketing.com\/wp-content\/uploads\/2025\/05\/MARTINI-ROSSO.jpg-1.png","contentUrl":"https:\/\/aral2.cetrexmarketing.com\/wp-content\/uploads\/2025\/05\/MARTINI-ROSSO.jpg-1.png","width":765,"height":1024},{"@type":"BreadcrumbList","@id":"https:\/\/aral2.cetrexmarketing.com\/ca\/producto\/martini-rosado\/#breadcrumb","itemListElement":[{"@type":"ListItem","position":1,"name":"Home","item":"https:\/\/aral2.cetrexmarketing.com\/ca\/"},{"@type":"ListItem","position":2,"name":"Tienda","item":"https:\/\/aral2.cetrexmarketing.com\/ca\/tienda-2\/"},{"@type":"ListItem","position":3,"name":"Destil\u00b7lats","item":"https:\/\/aral2.cetrexmarketing.com\/categoria-producto\/home-ca\/destil-lats-ca\/"},{"@type":"ListItem","position":4,"name":"Vermut Rojo","item":"https:\/\/aral2.cetrexmarketing.com\/categoria-producto\/inicio\/destilados\/vermut-rojo\/"},{"@type":"ListItem","position":5,"name":"Martini Rosado"}]},{"@type":"WebSite","@id":"https:\/\/aral2.cetrexmarketing.com\/#website","url":"https:\/\/aral2.cetrexmarketing.com\/","name":"M\u00f3n La Cata","description":"Tienda de vinos, licores, cervezas y gourmet","publisher":{"@id":"https:\/\/aral2.cetrexmarketing.com\/#organization"},"potentialAction":[{"@type":"SearchAction","target":{"@type":"EntryPoint","urlTemplate":"https:\/\/aral2.cetrexmarketing.com\/?s={search_term_string}"},"query-input":{"@type":"PropertyValueSpecification","valueRequired":true,"valueName":"search_term_string"}}],"inLanguage":"ca"},{"@type":"Organization","@id":"https:\/\/aral2.cetrexmarketing.com\/#organization","name":"M\u00f3n La Cata","url":"https:\/\/aral2.cetrexmarketing.com\/","logo":{"@type":"ImageObject","inLanguage":"ca","@id":"https:\/\/aral2.cetrexmarketing.com\/#\/schema\/logo\/image\/","url":"https:\/\/aral2.cetrexmarketing.com\/wp-content\/uploads\/2024\/10\/aral-logo-neg-1024x409-1.png","contentUrl":"https:\/\/aral2.cetrexmarketing.com\/wp-content\/uploads\/2024\/10\/aral-logo-neg-1024x409-1.png","width":1024,"height":409,"caption":"M\u00f3n La Cata"},"image":{"@id":"https:\/\/aral2.cetrexmarketing.com\/#\/schema\/logo\/image\/"}}]}},"brands":[],"_links":{"self":[{"href":"https:\/\/aral2.cetrexmarketing.com\/ca\/wp-json\/wp\/v2\/product\/81068","targetHints":{"allow":["GET"]}}],"collection":[{"href":"https:\/\/aral2.cetrexmarketing.com\/ca\/wp-json\/wp\/v2\/product"}],"about":[{"href":"https:\/\/aral2.cetrexmarketing.com\/ca\/wp-json\/wp\/v2\/types\/product"}],"replies":[{"embeddable":true,"href":"https:\/\/aral2.cetrexmarketing.com\/ca\/wp-json\/wp\/v2\/comments?post=81068"}],"wp:featuredmedia":[{"embeddable":true,"href":"https:\/\/aral2.cetrexmarketing.com\/ca\/wp-json\/wp\/v2\/media\/81065"}],"wp:attachment":[{"href":"https:\/\/aral2.cetrexmarketing.com\/ca\/wp-json\/wp\/v2\/media?parent=81068"}],"wp:term":[{"taxonomy":"pwb-brand","embeddable":true,"href":"https:\/\/aral2.cetrexmarketing.com\/ca\/wp-json\/wp\/v2\/pwb-brand?post=81068"},{"taxonomy":"product_brand","embeddable":true,"href":"https:\/\/aral2.cetrexmarketing.com\/ca\/wp-json\/wp\/v2\/product_brand?post=81068"},{"taxonomy":"product_cat","embeddable":true,"href":"https:\/\/aral2.cetrexmarketing.com\/ca\/wp-json\/wp\/v2\/product_cat?post=81068"},{"taxonomy":"product_tag","embeddable":true,"href":"https:\/\/aral2.cetrexmarketing.com\/ca\/wp-json\/wp\/v2\/product_tag?post=81068"}],"curies":[{"name":"wp","href":"https:\/\/api.w.org\/{rel}","templated":true}]}}