{"id":81033,"date":"2025-05-24T07:42:07","date_gmt":"2025-05-24T07:42:07","guid":{"rendered":"https:\/\/aral2.cetrexmarketing.com\/producto\/la-copa-gonzalez-byass-2\/"},"modified":"2025-05-24T07:42:08","modified_gmt":"2025-05-24T07:42:08","slug":"la-copa-gonzalez-byass-2","status":"publish","type":"product","link":"https:\/\/aral2.cetrexmarketing.com\/ca\/producto\/la-copa-gonzalez-byass-2\/","title":{"rendered":"La Copa Gonz\u00e1lez Byass"},"content":{"rendered":"<p data-start=\"0\" data-end=\"322\"><strong data-start=\"0\" data-end=\"28\">El Vermouth La Copa Rojo<\/strong> \u00e9s una beguda elaborada per la prestigiosa bodega <strong data-start=\"79\" data-end=\"97\">Gonz\u00e1lez Byass<\/strong>, amb una tradici\u00f3 que es remunta al <strong data-start=\"134\" data-end=\"147\">segle XIX<\/strong>. Aquest vermut es basa en una recepta hist\u00f2rica de la bodega, utilitzant <strong data-start=\"221\" data-end=\"238\">vins de Xer\u00e8s<\/strong> com a base i una selecci\u00f3 de <strong data-start=\"268\" data-end=\"280\">bot\u00e0nics<\/strong> que li atorguen el seu sabor distintiu.<\/p>\n<h3 data-start=\"329\" data-end=\"367\"><strong data-start=\"333\" data-end=\"365\">Caracter\u00edstiques Principals:<\/strong><\/h3>\n<p data-start=\"369\" data-end=\"535\"><strong data-start=\"372\" data-end=\"387\">Base de vi:<\/strong> S&#8217;elabora a partir d&#8217;una mescla de <strong data-start=\"423\" data-end=\"440\">vins de Xer\u00e8s<\/strong>, incloent <strong data-start=\"451\" data-end=\"462\">Oloroso<\/strong> i <strong data-start=\"465\" data-end=\"482\">Pedro Xim\u00e9nez<\/strong>, envellits en <strong data-start=\"497\" data-end=\"508\">soleres<\/strong>de m\u00e9s de <strong data-start=\"519\" data-end=\"532\">vuit anys<\/strong>.<\/p>\n<p data-start=\"537\" data-end=\"745\"><strong data-start=\"540\" data-end=\"564\">Bot\u00e0nics utilitzats:<\/strong> La recepta inclou una acurada selecci\u00f3 de bot\u00e0nics com ara <strong data-start=\"624\" data-end=\"635\">donzell<\/strong>, <strong data-start=\"637\" data-end=\"648\">ajedrea<\/strong>, <strong data-start=\"650\" data-end=\"658\">clau<\/strong>, <strong data-start=\"660\" data-end=\"672\">canyella<\/strong>, <strong data-start=\"674\" data-end=\"689\">nou moscada<\/strong>, <strong data-start=\"691\" data-end=\"703\">ang\u00e9lica<\/strong> i <strong data-start=\"706\" data-end=\"726\">escor\u00e7a de quina<\/strong>, entre d&#8217;altres.<\/p>\n<h3 data-start=\"752\" data-end=\"782\"><strong data-start=\"756\" data-end=\"780\">Perfil Organol\u00e8ptic:<\/strong><\/h3>\n<p data-start=\"784\" data-end=\"927\"><strong data-start=\"787\" data-end=\"797\">Aroma:<\/strong> Intens i especiat, amb notes de <strong data-start=\"830\" data-end=\"845\">fruits secs<\/strong> caracter\u00edstiques del Xer\u00e8s, a m\u00e9s de matisos de <strong data-start=\"894\" data-end=\"903\">quina<\/strong> i <strong data-start=\"906\" data-end=\"924\">taronja amarga<\/strong>.<\/p>\n<p data-start=\"929\" data-end=\"1029\" data-is-last-node=\"\" data-is-only-node=\"\"><strong data-start=\"932\" data-end=\"942\">Sabor:<\/strong> Dol\u00e7 i equilibrat, amb un final <strong data-start=\"975\" data-end=\"984\">llarg<\/strong> que combina notes <strong data-start=\"1003\" data-end=\"1013\">dolces<\/strong> i <strong data-start=\"1016\" data-end=\"1028\">amargues<\/strong>.<\/p>\n","protected":false},"excerpt":{"rendered":"<p>El Vermouth La Copa Rojo \u00e9s una beguda elaborada per la prestigiosa bodega Gonz\u00e1lez Byass, amb una tradici\u00f3 que es remunta al segle XIX. Aquest vermut es basa en una recepta hist\u00f2rica de la bodega, utilitzant vins de Xer\u00e8s com a base i una selecci\u00f3 de bot\u00e0nics que li atorguen el seu sabor distintiu. Caracter\u00edstiques&hellip;<\/p>\n","protected":false},"featured_media":81030,"comment_status":"closed","ping_status":"closed","template":"","meta":{"_acf_changed":false},"pwb-brand":[],"product_brand":[],"product_cat":[51692,51729],"product_tag":[15543,15173],"class_list":{"0":"post-81033","1":"product","2":"type-product","3":"status-publish","4":"has-post-thumbnail","6":"product_cat-destillats","7":"product_cat-vermut-negre","8":"product_tag-gonzalez-byass-ca","9":"product_tag-jerez-ca","10":"pa_bodega-bodegagonzalezbyass-ca","11":"pa_formatoenl-36158","12":"pa_formatoenml-38306","13":"pa_graduacion-15_0","14":"pa_pais-espanya-ca","15":"pa_pesoengramos-38342","16":"pa_pesoenkg-10-ca","17":"entry","18":"has-media","20":"first","21":"instock","22":"taxable","23":"shipping-taxable","24":"purchasable","25":"product-type-simple"},"acf":[],"yoast_head":"<!-- This site is optimized with the Yoast SEO Premium plugin v23.1 (Yoast SEO v23.5) - https:\/\/yoast.com\/wordpress\/plugins\/seo\/ -->\n<title>La Copa Vermut Negre Gonzalez Byass<\/title>\n<meta name=\"description\" content=\"Comprar online al millor preu\" \/>\n<meta name=\"robots\" content=\"noindex, follow, max-snippet:-1, max-image-preview:large, max-video-preview:-1\" \/>\n<meta property=\"og:locale\" content=\"ca_ES\" \/>\n<meta property=\"og:type\" content=\"article\" \/>\n<meta property=\"og:title\" content=\"La Copa Gonz\u00e1lez Byass\" \/>\n<meta property=\"og:description\" content=\"Comprar online al millor preu\" \/>\n<meta property=\"og:url\" content=\"https:\/\/aral2.cetrexmarketing.com\/ca\/producto\/la-copa-gonzalez-byass-2\/\" \/>\n<meta property=\"og:site_name\" content=\"M\u00f3n La Cata\" \/>\n<meta property=\"article:modified_time\" content=\"2025-05-24T07:42:08+00:00\" \/>\n<meta property=\"og:image\" content=\"https:\/\/aral2.cetrexmarketing.com\/wp-content\/uploads\/2025\/05\/LA-COPA-GONZALEZ-BYASS.jpg-1.png\" \/>\n\t<meta property=\"og:image:width\" content=\"765\" \/>\n\t<meta property=\"og:image:height\" content=\"1024\" \/>\n\t<meta property=\"og:image:type\" content=\"image\/png\" \/>\n<meta name=\"twitter:card\" content=\"summary_large_image\" \/>\n<meta name=\"twitter:label1\" content=\"Temps estimat de lectura\" \/>\n\t<meta name=\"twitter:data1\" content=\"1 minut\" \/>\n<script type=\"application\/ld+json\" class=\"yoast-schema-graph\">{\"@context\":\"https:\/\/schema.org\",\"@graph\":[{\"@type\":\"WebPage\",\"@id\":\"https:\/\/aral2.cetrexmarketing.com\/ca\/producto\/la-copa-gonzalez-byass-2\/\",\"url\":\"https:\/\/aral2.cetrexmarketing.com\/ca\/producto\/la-copa-gonzalez-byass-2\/\",\"name\":\"La Copa Vermut Negre Gonzalez Byass\",\"isPartOf\":{\"@id\":\"https:\/\/aral2.cetrexmarketing.com\/#website\"},\"primaryImageOfPage\":{\"@id\":\"https:\/\/aral2.cetrexmarketing.com\/ca\/producto\/la-copa-gonzalez-byass-2\/#primaryimage\"},\"image\":{\"@id\":\"https:\/\/aral2.cetrexmarketing.com\/ca\/producto\/la-copa-gonzalez-byass-2\/#primaryimage\"},\"thumbnailUrl\":\"https:\/\/aral2.cetrexmarketing.com\/wp-content\/uploads\/2025\/05\/LA-COPA-GONZALEZ-BYASS.jpg-1.png\",\"datePublished\":\"2025-05-24T07:42:07+00:00\",\"dateModified\":\"2025-05-24T07:42:08+00:00\",\"description\":\"Comprar online al millor preu\",\"breadcrumb\":{\"@id\":\"https:\/\/aral2.cetrexmarketing.com\/ca\/producto\/la-copa-gonzalez-byass-2\/#breadcrumb\"},\"inLanguage\":\"ca\",\"potentialAction\":[{\"@type\":\"ReadAction\",\"target\":[\"https:\/\/aral2.cetrexmarketing.com\/ca\/producto\/la-copa-gonzalez-byass-2\/\"]}]},{\"@type\":\"ImageObject\",\"inLanguage\":\"ca\",\"@id\":\"https:\/\/aral2.cetrexmarketing.com\/ca\/producto\/la-copa-gonzalez-byass-2\/#primaryimage\",\"url\":\"https:\/\/aral2.cetrexmarketing.com\/wp-content\/uploads\/2025\/05\/LA-COPA-GONZALEZ-BYASS.jpg-1.png\",\"contentUrl\":\"https:\/\/aral2.cetrexmarketing.com\/wp-content\/uploads\/2025\/05\/LA-COPA-GONZALEZ-BYASS.jpg-1.png\",\"width\":765,\"height\":1024},{\"@type\":\"BreadcrumbList\",\"@id\":\"https:\/\/aral2.cetrexmarketing.com\/ca\/producto\/la-copa-gonzalez-byass-2\/#breadcrumb\",\"itemListElement\":[{\"@type\":\"ListItem\",\"position\":1,\"name\":\"Home\",\"item\":\"https:\/\/aral2.cetrexmarketing.com\/ca\/\"},{\"@type\":\"ListItem\",\"position\":2,\"name\":\"Tienda\",\"item\":\"https:\/\/aral2.cetrexmarketing.com\/ca\/tienda-2\/\"},{\"@type\":\"ListItem\",\"position\":3,\"name\":\"Destil\u00b7lats\",\"item\":\"https:\/\/aral2.cetrexmarketing.com\/categoria-producto\/destil%c2%b7lats\/\"},{\"@type\":\"ListItem\",\"position\":4,\"name\":\"Vermut Negre\",\"item\":\"https:\/\/aral2.cetrexmarketing.com\/categoria-producto\/destil%c2%b7lats\/vermut-negre\/\"},{\"@type\":\"ListItem\",\"position\":5,\"name\":\"La Copa Gonz\u00e1lez Byass\"}]},{\"@type\":\"WebSite\",\"@id\":\"https:\/\/aral2.cetrexmarketing.com\/#website\",\"url\":\"https:\/\/aral2.cetrexmarketing.com\/\",\"name\":\"M\u00f3n La Cata\",\"description\":\"Tienda de vinos, licores, cervezas y gourmet\",\"publisher\":{\"@id\":\"https:\/\/aral2.cetrexmarketing.com\/#organization\"},\"potentialAction\":[{\"@type\":\"SearchAction\",\"target\":{\"@type\":\"EntryPoint\",\"urlTemplate\":\"https:\/\/aral2.cetrexmarketing.com\/?s={search_term_string}\"},\"query-input\":{\"@type\":\"PropertyValueSpecification\",\"valueRequired\":true,\"valueName\":\"search_term_string\"}}],\"inLanguage\":\"ca\"},{\"@type\":\"Organization\",\"@id\":\"https:\/\/aral2.cetrexmarketing.com\/#organization\",\"name\":\"M\u00f3n La Cata\",\"url\":\"https:\/\/aral2.cetrexmarketing.com\/\",\"logo\":{\"@type\":\"ImageObject\",\"inLanguage\":\"ca\",\"@id\":\"https:\/\/aral2.cetrexmarketing.com\/#\/schema\/logo\/image\/\",\"url\":\"https:\/\/aral2.cetrexmarketing.com\/wp-content\/uploads\/2024\/10\/aral-logo-neg-1024x409-1.png\",\"contentUrl\":\"https:\/\/aral2.cetrexmarketing.com\/wp-content\/uploads\/2024\/10\/aral-logo-neg-1024x409-1.png\",\"width\":1024,\"height\":409,\"caption\":\"M\u00f3n La Cata\"},\"image\":{\"@id\":\"https:\/\/aral2.cetrexmarketing.com\/#\/schema\/logo\/image\/\"}}]}<\/script>\n<!-- \/ Yoast SEO Premium plugin. -->","yoast_head_json":{"title":"La Copa Vermut Negre Gonzalez Byass","description":"Comprar online al millor preu","robots":{"index":"noindex","follow":"follow","max-snippet":"max-snippet:-1","max-image-preview":"max-image-preview:large","max-video-preview":"max-video-preview:-1"},"og_locale":"ca_ES","og_type":"article","og_title":"La Copa Gonz\u00e1lez Byass","og_description":"Comprar online al millor preu","og_url":"https:\/\/aral2.cetrexmarketing.com\/ca\/producto\/la-copa-gonzalez-byass-2\/","og_site_name":"M\u00f3n La Cata","article_modified_time":"2025-05-24T07:42:08+00:00","og_image":[{"width":765,"height":1024,"url":"https:\/\/aral2.cetrexmarketing.com\/wp-content\/uploads\/2025\/05\/LA-COPA-GONZALEZ-BYASS.jpg-1.png","type":"image\/png"}],"twitter_card":"summary_large_image","twitter_misc":{"Temps estimat de lectura":"1 minut"},"schema":{"@context":"https:\/\/schema.org","@graph":[{"@type":"WebPage","@id":"https:\/\/aral2.cetrexmarketing.com\/ca\/producto\/la-copa-gonzalez-byass-2\/","url":"https:\/\/aral2.cetrexmarketing.com\/ca\/producto\/la-copa-gonzalez-byass-2\/","name":"La Copa Vermut Negre Gonzalez Byass","isPartOf":{"@id":"https:\/\/aral2.cetrexmarketing.com\/#website"},"primaryImageOfPage":{"@id":"https:\/\/aral2.cetrexmarketing.com\/ca\/producto\/la-copa-gonzalez-byass-2\/#primaryimage"},"image":{"@id":"https:\/\/aral2.cetrexmarketing.com\/ca\/producto\/la-copa-gonzalez-byass-2\/#primaryimage"},"thumbnailUrl":"https:\/\/aral2.cetrexmarketing.com\/wp-content\/uploads\/2025\/05\/LA-COPA-GONZALEZ-BYASS.jpg-1.png","datePublished":"2025-05-24T07:42:07+00:00","dateModified":"2025-05-24T07:42:08+00:00","description":"Comprar online al millor preu","breadcrumb":{"@id":"https:\/\/aral2.cetrexmarketing.com\/ca\/producto\/la-copa-gonzalez-byass-2\/#breadcrumb"},"inLanguage":"ca","potentialAction":[{"@type":"ReadAction","target":["https:\/\/aral2.cetrexmarketing.com\/ca\/producto\/la-copa-gonzalez-byass-2\/"]}]},{"@type":"ImageObject","inLanguage":"ca","@id":"https:\/\/aral2.cetrexmarketing.com\/ca\/producto\/la-copa-gonzalez-byass-2\/#primaryimage","url":"https:\/\/aral2.cetrexmarketing.com\/wp-content\/uploads\/2025\/05\/LA-COPA-GONZALEZ-BYASS.jpg-1.png","contentUrl":"https:\/\/aral2.cetrexmarketing.com\/wp-content\/uploads\/2025\/05\/LA-COPA-GONZALEZ-BYASS.jpg-1.png","width":765,"height":1024},{"@type":"BreadcrumbList","@id":"https:\/\/aral2.cetrexmarketing.com\/ca\/producto\/la-copa-gonzalez-byass-2\/#breadcrumb","itemListElement":[{"@type":"ListItem","position":1,"name":"Home","item":"https:\/\/aral2.cetrexmarketing.com\/ca\/"},{"@type":"ListItem","position":2,"name":"Tienda","item":"https:\/\/aral2.cetrexmarketing.com\/ca\/tienda-2\/"},{"@type":"ListItem","position":3,"name":"Destil\u00b7lats","item":"https:\/\/aral2.cetrexmarketing.com\/categoria-producto\/destil%c2%b7lats\/"},{"@type":"ListItem","position":4,"name":"Vermut Negre","item":"https:\/\/aral2.cetrexmarketing.com\/categoria-producto\/destil%c2%b7lats\/vermut-negre\/"},{"@type":"ListItem","position":5,"name":"La Copa Gonz\u00e1lez Byass"}]},{"@type":"WebSite","@id":"https:\/\/aral2.cetrexmarketing.com\/#website","url":"https:\/\/aral2.cetrexmarketing.com\/","name":"M\u00f3n La Cata","description":"Tienda de vinos, licores, cervezas y gourmet","publisher":{"@id":"https:\/\/aral2.cetrexmarketing.com\/#organization"},"potentialAction":[{"@type":"SearchAction","target":{"@type":"EntryPoint","urlTemplate":"https:\/\/aral2.cetrexmarketing.com\/?s={search_term_string}"},"query-input":{"@type":"PropertyValueSpecification","valueRequired":true,"valueName":"search_term_string"}}],"inLanguage":"ca"},{"@type":"Organization","@id":"https:\/\/aral2.cetrexmarketing.com\/#organization","name":"M\u00f3n La Cata","url":"https:\/\/aral2.cetrexmarketing.com\/","logo":{"@type":"ImageObject","inLanguage":"ca","@id":"https:\/\/aral2.cetrexmarketing.com\/#\/schema\/logo\/image\/","url":"https:\/\/aral2.cetrexmarketing.com\/wp-content\/uploads\/2024\/10\/aral-logo-neg-1024x409-1.png","contentUrl":"https:\/\/aral2.cetrexmarketing.com\/wp-content\/uploads\/2024\/10\/aral-logo-neg-1024x409-1.png","width":1024,"height":409,"caption":"M\u00f3n La Cata"},"image":{"@id":"https:\/\/aral2.cetrexmarketing.com\/#\/schema\/logo\/image\/"}}]}},"brands":[],"_links":{"self":[{"href":"https:\/\/aral2.cetrexmarketing.com\/ca\/wp-json\/wp\/v2\/product\/81033","targetHints":{"allow":["GET"]}}],"collection":[{"href":"https:\/\/aral2.cetrexmarketing.com\/ca\/wp-json\/wp\/v2\/product"}],"about":[{"href":"https:\/\/aral2.cetrexmarketing.com\/ca\/wp-json\/wp\/v2\/types\/product"}],"replies":[{"embeddable":true,"href":"https:\/\/aral2.cetrexmarketing.com\/ca\/wp-json\/wp\/v2\/comments?post=81033"}],"wp:featuredmedia":[{"embeddable":true,"href":"https:\/\/aral2.cetrexmarketing.com\/ca\/wp-json\/wp\/v2\/media\/81030"}],"wp:attachment":[{"href":"https:\/\/aral2.cetrexmarketing.com\/ca\/wp-json\/wp\/v2\/media?parent=81033"}],"wp:term":[{"taxonomy":"pwb-brand","embeddable":true,"href":"https:\/\/aral2.cetrexmarketing.com\/ca\/wp-json\/wp\/v2\/pwb-brand?post=81033"},{"taxonomy":"product_brand","embeddable":true,"href":"https:\/\/aral2.cetrexmarketing.com\/ca\/wp-json\/wp\/v2\/product_brand?post=81033"},{"taxonomy":"product_cat","embeddable":true,"href":"https:\/\/aral2.cetrexmarketing.com\/ca\/wp-json\/wp\/v2\/product_cat?post=81033"},{"taxonomy":"product_tag","embeddable":true,"href":"https:\/\/aral2.cetrexmarketing.com\/ca\/wp-json\/wp\/v2\/product_tag?post=81033"}],"curies":[{"name":"wp","href":"https:\/\/api.w.org\/{rel}","templated":true}]}}