{"id":80816,"date":"2025-05-24T07:38:43","date_gmt":"2025-05-24T07:38:43","guid":{"rendered":"https:\/\/aral2.cetrexmarketing.com\/producto\/pampero-anejo-especial-2\/"},"modified":"2025-05-24T07:38:44","modified_gmt":"2025-05-24T07:38:44","slug":"pampero-anejo-especial-2","status":"publish","type":"product","link":"https:\/\/aral2.cetrexmarketing.com\/ca\/producto\/pampero-anejo-especial-2\/","title":{"rendered":"Pampero A\u00f1ejo Especial"},"content":{"rendered":"<div class=\"flex-1 overflow-hidden @container\/thread translate-y-[1.5rem] -mt-[1.5rem] pb-[1.5rem]\">\n<div class=\"h-full\">\n<div class=\"react-scroll-to-bottom--css-senoy-79elbk h-full\">\n<div class=\"react-scroll-to-bottom--css-senoy-1n7m0yu\">\n<div class=\"flex flex-col text-sm\">\n<article class=\"w-full text-token-text-primary focus-visible:outline-2 focus-visible:outline-offset-[-4px]\" dir=\"auto\" data-testid=\"conversation-turn-3\" data-scroll-anchor=\"true\">\n<div class=\"m-auto text-base py-[18px] px-6\">\n<div class=\"mx-auto flex flex-1 gap-4 text-base md:gap-5 lg:gap-6 md:max-w-3xl lg:max-w-[40rem] xl:max-w-[48rem]\">\n<div class=\"group\/conversation-turn relative flex w-full min-w-0 flex-col agent-turn @xs\/thread:px-0 @sm\/thread:px-1.5 @md\/thread:px-4\">\n<div class=\"flex-col gap-1 md:gap-3\">\n<div class=\"flex max-w-full flex-col flex-grow\">\n<div class=\"min-h-8 text-message flex w-full flex-col items-end gap-2 whitespace-normal break-words text-start [.text-message+&amp;]:mt-5\" dir=\"auto\" data-message-author-role=\"assistant\" data-message-id=\"a7559c65-7d86-489a-a425-4075c9a683e6\" data-message-model-slug=\"gpt-4o\">\n<div class=\"flex w-full flex-col gap-1 empty:hidden first:pt-[3px]\">\n<div class=\"markdown prose w-full break-words dark:prose-invert light\">\n<p>Pampero A\u00f1ejo Especial \u00e9s un ron vene\u00e7ol\u00e0 d&#8217;alta qualitat, elaborat per Industrias Pampero des de 1938. Aquest ron destaca per ser el primer ron vene\u00e7ol\u00e0 a rebre la designaci\u00f3 d'&#8221;a\u00f1ejo&#8221;, establint un est\u00e0ndard en la ind\u00fastria del ron a Vene\u00e7uela.<\/p>\n<p><strong>Proc\u00e9s d\u2019elaboraci\u00f3:<\/p>\n<p><\/strong><\/p>\n<ol>\n<li><strong>Mat\u00e8ria Prima<\/strong>: S&#8217;utilitza melassa obtinguda de canya de sucre cultivada en un microclima \u00fanic, influenciat per la conflu\u00e8ncia del Carib, els Andes i l&#8217;Amazones.<\/li>\n<li><strong>Fermentaci\u00f3 i Destil\u00b7laci\u00f3<\/strong>: La melassa es fermenta amb aigua i llevat per produir alcohol, que despr\u00e9s es destil\u00b7la tres vegades per obtenir un licor excepcionalment lleuger.\n<\/li>\n<li><strong>Envelleixement<\/strong>: El ron s&#8217;envellix exclusivament en barrils de roure blanc americ\u00e0 que pr\u00e8viament van contenir bourbon. El clima c\u00e0lid de Vene\u00e7uela accelera el proc\u00e9s d&#8217;envelliment, permetent que el ron adquireixi sabors profunds i complexos en menys temps.\n<\/li>\n<\/ol>\n<p><strong>Reconeguts:<\/p>\n<p><\/strong><\/p>\n<p>Al llarg dels anys, Pampero A\u00f1ejo Especial ha estat guardonat en diverses competicions internacionals, consolidant la seva reputaci\u00f3 com un dels rones m\u00e9s fins del m\u00f3n.<\/p>\n<p>En resum, Pampero A\u00f1ejo Especial \u00e9s un ron que combina tradici\u00f3 i qualitat, oferint una experi\u00e8ncia sensorial rica i equilibrada per als amants del bon ron<\/p>\n<div class=\"absolute h-[60px]\"><\/div>\n<\/div>\n<\/div>\n<\/div>\n<\/div>\n<\/div>\n<\/div>\n<\/div>\n<\/div>\n<\/article>\n<\/div>\n<\/div>\n<\/div>\n<\/div>\n<\/div>\n<div class=\"md:pt-0 dark:border-white\/20 md:border-transparent md:dark:border-transparent w-full isolate has-[[data-has-thread-error]]:[box-shadow:var(--sharp-edge-bottom-shadow)] has-[[data-has-thread-error]]:pt-2\">\n<div>\n<div class=\"m-auto text-base px-3 md:px-4 w-full md:px-5 lg:px-4 xl:px-5\">\n<div class=\"mx-auto flex flex-1 gap-4 text-base md:gap-5 lg:gap-6 md:max-w-3xl lg:max-w-[40rem] xl:max-w-[48rem]\">\n<form class=\"w-full\" aria-haspopup=\"dialog\" aria-expanded=\"false\" aria-controls=\"radix-:rr6:\" data-state=\"closed\">\n<div class=\"relative z-[1] flex h-full max-w-full flex-1 flex-col\">\n<div class=\"absolute bottom-full left-0 right-0 z-20\">\n<div class=\"relative h-full w-full\">\n<div class=\"mb-2 flex flex-col gap-3.5 pt-2\">\n<div>\n<div class=\"flex w-full items-start gap-4 rounded-3xl border py-4 pl-5 pr-3 text-sm [text-wrap:pretty] dark:border-transparent lg:mx-auto shadow-xxs md:items-center border-token-border-light bg-token-main-surface-primary text-token-text-primary dark:bg-token-main-surface-secondary\">\n<div class=\"flex h-full w-full items-start gap-4 md:items-center\">\n<div class=\"mt-1.5 flex grow items-start gap-4 md:mt-0 md:flex-row md:items-center md:justify-between md:gap-8 flex-col\"><\/div>\n<\/div>\n<\/div>\n<\/div>\n<\/div>\n<\/div>\n<\/div>\n<\/div>\n<\/form>\n<\/div>\n<\/div>\n<\/div>\n<\/div>\n","protected":false},"excerpt":{"rendered":"<p>Pampero A\u00f1ejo Especial \u00e9s un ron vene\u00e7ol\u00e0 d&#8217;alta qualitat, elaborat per Industrias Pampero des de 1938. Aquest ron destaca per ser el primer ron vene\u00e7ol\u00e0 a rebre la designaci\u00f3 d&#8217;&#8221;a\u00f1ejo&#8221;, establint un est\u00e0ndard en la ind\u00fastria del ron a Vene\u00e7uela. Proc\u00e9s d\u2019elaboraci\u00f3: Mat\u00e8ria Prima: S&#8217;utilitza melassa obtinguda de canya de sucre cultivada en un microclima&hellip;<\/p>\n","protected":false},"featured_media":80813,"comment_status":"closed","ping_status":"closed","template":"","meta":{"_acf_changed":false},"pwb-brand":[],"product_brand":[],"product_cat":[51692,51720],"product_tag":[],"class_list":{"0":"post-80816","1":"product","2":"type-product","3":"status-publish","4":"has-post-thumbnail","6":"product_cat-destillats","7":"product_cat-rom","8":"pa_destileria-industriaspampero-ca","9":"pa_formatoenl-36167","10":"pa_formatoenml-38307","11":"pa_graduacion-40_0","12":"pa_pais-venecuela","13":"pa_pesoengramos-38337","14":"pa_pesoenkg-125-ca","15":"entry","16":"has-media","18":"first","19":"instock","20":"taxable","21":"shipping-taxable","22":"purchasable","23":"product-type-simple"},"acf":[],"yoast_head":"<!-- This site is optimized with the Yoast SEO Premium plugin v23.1 (Yoast SEO v23.5) - https:\/\/yoast.com\/wordpress\/plugins\/seo\/ -->\n<title>Pampero A\u00f1ejo Especial - M\u00f3n La Cata<\/title>\n<meta name=\"description\" content=\"Comprar Pampero A\u00f1ejo Especial en M\u00f3n La Cata . Tienda online especilizada en vino y alimentaci\u00f3n. Env\u00edos puntuales y promociones\" \/>\n<meta name=\"robots\" content=\"noindex, follow, max-snippet:-1, max-image-preview:large, max-video-preview:-1\" \/>\n<meta property=\"og:locale\" content=\"ca_ES\" \/>\n<meta property=\"og:type\" content=\"article\" \/>\n<meta property=\"og:title\" content=\"Pampero A\u00f1ejo Especial\" \/>\n<meta property=\"og:description\" content=\"Comprar Pampero A\u00f1ejo Especial en M\u00f3n La Cata . Tienda online especilizada en vino y alimentaci\u00f3n. Env\u00edos puntuales y promociones\" \/>\n<meta property=\"og:url\" content=\"https:\/\/aral2.cetrexmarketing.com\/ca\/producto\/pampero-anejo-especial-2\/\" \/>\n<meta property=\"og:site_name\" content=\"M\u00f3n La Cata\" \/>\n<meta property=\"article:modified_time\" content=\"2025-05-24T07:38:44+00:00\" \/>\n<meta property=\"og:image\" content=\"https:\/\/aral2.cetrexmarketing.com\/wp-content\/uploads\/2025\/05\/RON-PAMPERO-ANEJO-ESPECIAL.jpg.png\" \/>\n\t<meta property=\"og:image:width\" content=\"765\" \/>\n\t<meta property=\"og:image:height\" content=\"1024\" \/>\n\t<meta property=\"og:image:type\" content=\"image\/png\" \/>\n<meta name=\"twitter:card\" content=\"summary_large_image\" \/>\n<meta name=\"twitter:label1\" content=\"Temps estimat de lectura\" \/>\n\t<meta name=\"twitter:data1\" content=\"1 minut\" \/>\n<script type=\"application\/ld+json\" class=\"yoast-schema-graph\">{\"@context\":\"https:\/\/schema.org\",\"@graph\":[{\"@type\":\"WebPage\",\"@id\":\"https:\/\/aral2.cetrexmarketing.com\/ca\/producto\/pampero-anejo-especial-2\/\",\"url\":\"https:\/\/aral2.cetrexmarketing.com\/ca\/producto\/pampero-anejo-especial-2\/\",\"name\":\"Pampero A\u00f1ejo Especial - M\u00f3n La Cata\",\"isPartOf\":{\"@id\":\"https:\/\/aral2.cetrexmarketing.com\/#website\"},\"primaryImageOfPage\":{\"@id\":\"https:\/\/aral2.cetrexmarketing.com\/ca\/producto\/pampero-anejo-especial-2\/#primaryimage\"},\"image\":{\"@id\":\"https:\/\/aral2.cetrexmarketing.com\/ca\/producto\/pampero-anejo-especial-2\/#primaryimage\"},\"thumbnailUrl\":\"https:\/\/aral2.cetrexmarketing.com\/wp-content\/uploads\/2025\/05\/RON-PAMPERO-ANEJO-ESPECIAL.jpg.png\",\"datePublished\":\"2025-05-24T07:38:43+00:00\",\"dateModified\":\"2025-05-24T07:38:44+00:00\",\"description\":\"Comprar Pampero A\u00f1ejo Especial en M\u00f3n La Cata . Tienda online especilizada en vino y alimentaci\u00f3n. Env\u00edos puntuales y promociones\",\"breadcrumb\":{\"@id\":\"https:\/\/aral2.cetrexmarketing.com\/ca\/producto\/pampero-anejo-especial-2\/#breadcrumb\"},\"inLanguage\":\"ca\",\"potentialAction\":[{\"@type\":\"ReadAction\",\"target\":[\"https:\/\/aral2.cetrexmarketing.com\/ca\/producto\/pampero-anejo-especial-2\/\"]}]},{\"@type\":\"ImageObject\",\"inLanguage\":\"ca\",\"@id\":\"https:\/\/aral2.cetrexmarketing.com\/ca\/producto\/pampero-anejo-especial-2\/#primaryimage\",\"url\":\"https:\/\/aral2.cetrexmarketing.com\/wp-content\/uploads\/2025\/05\/RON-PAMPERO-ANEJO-ESPECIAL.jpg.png\",\"contentUrl\":\"https:\/\/aral2.cetrexmarketing.com\/wp-content\/uploads\/2025\/05\/RON-PAMPERO-ANEJO-ESPECIAL.jpg.png\",\"width\":765,\"height\":1024},{\"@type\":\"BreadcrumbList\",\"@id\":\"https:\/\/aral2.cetrexmarketing.com\/ca\/producto\/pampero-anejo-especial-2\/#breadcrumb\",\"itemListElement\":[{\"@type\":\"ListItem\",\"position\":1,\"name\":\"Home\",\"item\":\"https:\/\/aral2.cetrexmarketing.com\/ca\/\"},{\"@type\":\"ListItem\",\"position\":2,\"name\":\"Tienda\",\"item\":\"https:\/\/aral2.cetrexmarketing.com\/ca\/tienda-2\/\"},{\"@type\":\"ListItem\",\"position\":3,\"name\":\"Destil\u00b7lats\",\"item\":\"https:\/\/aral2.cetrexmarketing.com\/categoria-producto\/destil%c2%b7lats\/\"},{\"@type\":\"ListItem\",\"position\":4,\"name\":\"Rom\",\"item\":\"https:\/\/aral2.cetrexmarketing.com\/categoria-producto\/destil%c2%b7lats\/rom\/\"},{\"@type\":\"ListItem\",\"position\":5,\"name\":\"Pampero A\u00f1ejo Especial\"}]},{\"@type\":\"WebSite\",\"@id\":\"https:\/\/aral2.cetrexmarketing.com\/#website\",\"url\":\"https:\/\/aral2.cetrexmarketing.com\/\",\"name\":\"M\u00f3n La Cata\",\"description\":\"Tienda de vinos, licores, cervezas y gourmet\",\"publisher\":{\"@id\":\"https:\/\/aral2.cetrexmarketing.com\/#organization\"},\"potentialAction\":[{\"@type\":\"SearchAction\",\"target\":{\"@type\":\"EntryPoint\",\"urlTemplate\":\"https:\/\/aral2.cetrexmarketing.com\/?s={search_term_string}\"},\"query-input\":{\"@type\":\"PropertyValueSpecification\",\"valueRequired\":true,\"valueName\":\"search_term_string\"}}],\"inLanguage\":\"ca\"},{\"@type\":\"Organization\",\"@id\":\"https:\/\/aral2.cetrexmarketing.com\/#organization\",\"name\":\"M\u00f3n La Cata\",\"url\":\"https:\/\/aral2.cetrexmarketing.com\/\",\"logo\":{\"@type\":\"ImageObject\",\"inLanguage\":\"ca\",\"@id\":\"https:\/\/aral2.cetrexmarketing.com\/#\/schema\/logo\/image\/\",\"url\":\"https:\/\/aral2.cetrexmarketing.com\/wp-content\/uploads\/2024\/10\/aral-logo-neg-1024x409-1.png\",\"contentUrl\":\"https:\/\/aral2.cetrexmarketing.com\/wp-content\/uploads\/2024\/10\/aral-logo-neg-1024x409-1.png\",\"width\":1024,\"height\":409,\"caption\":\"M\u00f3n La Cata\"},\"image\":{\"@id\":\"https:\/\/aral2.cetrexmarketing.com\/#\/schema\/logo\/image\/\"}}]}<\/script>\n<!-- \/ Yoast SEO Premium plugin. -->","yoast_head_json":{"title":"Pampero A\u00f1ejo Especial - M\u00f3n La Cata","description":"Comprar Pampero A\u00f1ejo Especial en M\u00f3n La Cata . Tienda online especilizada en vino y alimentaci\u00f3n. Env\u00edos puntuales y promociones","robots":{"index":"noindex","follow":"follow","max-snippet":"max-snippet:-1","max-image-preview":"max-image-preview:large","max-video-preview":"max-video-preview:-1"},"og_locale":"ca_ES","og_type":"article","og_title":"Pampero A\u00f1ejo Especial","og_description":"Comprar Pampero A\u00f1ejo Especial en M\u00f3n La Cata . Tienda online especilizada en vino y alimentaci\u00f3n. Env\u00edos puntuales y promociones","og_url":"https:\/\/aral2.cetrexmarketing.com\/ca\/producto\/pampero-anejo-especial-2\/","og_site_name":"M\u00f3n La Cata","article_modified_time":"2025-05-24T07:38:44+00:00","og_image":[{"width":765,"height":1024,"url":"https:\/\/aral2.cetrexmarketing.com\/wp-content\/uploads\/2025\/05\/RON-PAMPERO-ANEJO-ESPECIAL.jpg.png","type":"image\/png"}],"twitter_card":"summary_large_image","twitter_misc":{"Temps estimat de lectura":"1 minut"},"schema":{"@context":"https:\/\/schema.org","@graph":[{"@type":"WebPage","@id":"https:\/\/aral2.cetrexmarketing.com\/ca\/producto\/pampero-anejo-especial-2\/","url":"https:\/\/aral2.cetrexmarketing.com\/ca\/producto\/pampero-anejo-especial-2\/","name":"Pampero A\u00f1ejo Especial - M\u00f3n La Cata","isPartOf":{"@id":"https:\/\/aral2.cetrexmarketing.com\/#website"},"primaryImageOfPage":{"@id":"https:\/\/aral2.cetrexmarketing.com\/ca\/producto\/pampero-anejo-especial-2\/#primaryimage"},"image":{"@id":"https:\/\/aral2.cetrexmarketing.com\/ca\/producto\/pampero-anejo-especial-2\/#primaryimage"},"thumbnailUrl":"https:\/\/aral2.cetrexmarketing.com\/wp-content\/uploads\/2025\/05\/RON-PAMPERO-ANEJO-ESPECIAL.jpg.png","datePublished":"2025-05-24T07:38:43+00:00","dateModified":"2025-05-24T07:38:44+00:00","description":"Comprar Pampero A\u00f1ejo Especial en M\u00f3n La Cata . Tienda online especilizada en vino y alimentaci\u00f3n. Env\u00edos puntuales y promociones","breadcrumb":{"@id":"https:\/\/aral2.cetrexmarketing.com\/ca\/producto\/pampero-anejo-especial-2\/#breadcrumb"},"inLanguage":"ca","potentialAction":[{"@type":"ReadAction","target":["https:\/\/aral2.cetrexmarketing.com\/ca\/producto\/pampero-anejo-especial-2\/"]}]},{"@type":"ImageObject","inLanguage":"ca","@id":"https:\/\/aral2.cetrexmarketing.com\/ca\/producto\/pampero-anejo-especial-2\/#primaryimage","url":"https:\/\/aral2.cetrexmarketing.com\/wp-content\/uploads\/2025\/05\/RON-PAMPERO-ANEJO-ESPECIAL.jpg.png","contentUrl":"https:\/\/aral2.cetrexmarketing.com\/wp-content\/uploads\/2025\/05\/RON-PAMPERO-ANEJO-ESPECIAL.jpg.png","width":765,"height":1024},{"@type":"BreadcrumbList","@id":"https:\/\/aral2.cetrexmarketing.com\/ca\/producto\/pampero-anejo-especial-2\/#breadcrumb","itemListElement":[{"@type":"ListItem","position":1,"name":"Home","item":"https:\/\/aral2.cetrexmarketing.com\/ca\/"},{"@type":"ListItem","position":2,"name":"Tienda","item":"https:\/\/aral2.cetrexmarketing.com\/ca\/tienda-2\/"},{"@type":"ListItem","position":3,"name":"Destil\u00b7lats","item":"https:\/\/aral2.cetrexmarketing.com\/categoria-producto\/destil%c2%b7lats\/"},{"@type":"ListItem","position":4,"name":"Rom","item":"https:\/\/aral2.cetrexmarketing.com\/categoria-producto\/destil%c2%b7lats\/rom\/"},{"@type":"ListItem","position":5,"name":"Pampero A\u00f1ejo Especial"}]},{"@type":"WebSite","@id":"https:\/\/aral2.cetrexmarketing.com\/#website","url":"https:\/\/aral2.cetrexmarketing.com\/","name":"M\u00f3n La Cata","description":"Tienda de vinos, licores, cervezas y gourmet","publisher":{"@id":"https:\/\/aral2.cetrexmarketing.com\/#organization"},"potentialAction":[{"@type":"SearchAction","target":{"@type":"EntryPoint","urlTemplate":"https:\/\/aral2.cetrexmarketing.com\/?s={search_term_string}"},"query-input":{"@type":"PropertyValueSpecification","valueRequired":true,"valueName":"search_term_string"}}],"inLanguage":"ca"},{"@type":"Organization","@id":"https:\/\/aral2.cetrexmarketing.com\/#organization","name":"M\u00f3n La Cata","url":"https:\/\/aral2.cetrexmarketing.com\/","logo":{"@type":"ImageObject","inLanguage":"ca","@id":"https:\/\/aral2.cetrexmarketing.com\/#\/schema\/logo\/image\/","url":"https:\/\/aral2.cetrexmarketing.com\/wp-content\/uploads\/2024\/10\/aral-logo-neg-1024x409-1.png","contentUrl":"https:\/\/aral2.cetrexmarketing.com\/wp-content\/uploads\/2024\/10\/aral-logo-neg-1024x409-1.png","width":1024,"height":409,"caption":"M\u00f3n La Cata"},"image":{"@id":"https:\/\/aral2.cetrexmarketing.com\/#\/schema\/logo\/image\/"}}]}},"brands":[],"_links":{"self":[{"href":"https:\/\/aral2.cetrexmarketing.com\/ca\/wp-json\/wp\/v2\/product\/80816","targetHints":{"allow":["GET"]}}],"collection":[{"href":"https:\/\/aral2.cetrexmarketing.com\/ca\/wp-json\/wp\/v2\/product"}],"about":[{"href":"https:\/\/aral2.cetrexmarketing.com\/ca\/wp-json\/wp\/v2\/types\/product"}],"replies":[{"embeddable":true,"href":"https:\/\/aral2.cetrexmarketing.com\/ca\/wp-json\/wp\/v2\/comments?post=80816"}],"wp:featuredmedia":[{"embeddable":true,"href":"https:\/\/aral2.cetrexmarketing.com\/ca\/wp-json\/wp\/v2\/media\/80813"}],"wp:attachment":[{"href":"https:\/\/aral2.cetrexmarketing.com\/ca\/wp-json\/wp\/v2\/media?parent=80816"}],"wp:term":[{"taxonomy":"pwb-brand","embeddable":true,"href":"https:\/\/aral2.cetrexmarketing.com\/ca\/wp-json\/wp\/v2\/pwb-brand?post=80816"},{"taxonomy":"product_brand","embeddable":true,"href":"https:\/\/aral2.cetrexmarketing.com\/ca\/wp-json\/wp\/v2\/product_brand?post=80816"},{"taxonomy":"product_cat","embeddable":true,"href":"https:\/\/aral2.cetrexmarketing.com\/ca\/wp-json\/wp\/v2\/product_cat?post=80816"},{"taxonomy":"product_tag","embeddable":true,"href":"https:\/\/aral2.cetrexmarketing.com\/ca\/wp-json\/wp\/v2\/product_tag?post=80816"}],"curies":[{"name":"wp","href":"https:\/\/api.w.org\/{rel}","templated":true}]}}