{"id":80742,"date":"2025-05-24T07:37:40","date_gmt":"2025-05-24T07:37:40","guid":{"rendered":"https:\/\/aral2.cetrexmarketing.com\/producto\/havana-club-anejo-7-anys\/"},"modified":"2025-05-24T07:37:41","modified_gmt":"2025-05-24T07:37:41","slug":"havana-club-anejo-7-anys","status":"publish","type":"product","link":"https:\/\/aral2.cetrexmarketing.com\/ca\/producto\/havana-club-anejo-7-anys\/","title":{"rendered":"Havana Club A\u00f1ejo 7 Anys"},"content":{"rendered":"<p class=\"\" data-start=\"0\" data-end=\"332\"><strong data-start=\"0\" data-end=\"28\">Havana Club A\u00f1ejo 7 A\u00f1os<\/strong> \u00e9s un <strong data-start=\"35\" data-end=\"64\">rom cub\u00e0 de gran qualitat<\/strong>, reconegut per la seva <strong data-start=\"88\" data-end=\"136\">profunditat de sabor i complexitat arom\u00e0tica<\/strong>. Envellit en <strong data-start=\"150\" data-end=\"176\">barrils de roure blanc<\/strong> durant <strong data-start=\"184\" data-end=\"200\">m\u00ednim 7 anys<\/strong>, destaca per un <strong data-start=\"217\" data-end=\"270\">equilibri perfecte entre dol\u00e7or, fusta i esp\u00e8cies<\/strong>, reflectint la <strong data-start=\"286\" data-end=\"329\">rica tradici\u00f3 de la destil\u00b7leria cubana<\/strong>.<\/p>\n<h3 class=\"\" data-start=\"339\" data-end=\"377\"><strong data-start=\"343\" data-end=\"375\">Caracter\u00edstiques principals:<\/strong><\/h3>\n<ul data-start=\"378\" data-end=\"866\">\n<li class=\"\" data-start=\"378\" data-end=\"398\">\n<p class=\"\" data-start=\"380\" data-end=\"398\"><strong data-start=\"380\" data-end=\"391\">Origen:<\/strong> Cuba<\/p>\n<\/li>\n<li class=\"\" data-start=\"399\" data-end=\"423\">\n<p class=\"\" data-start=\"401\" data-end=\"423\"><strong data-start=\"401\" data-end=\"411\">Tipus:<\/strong> Rom a\u00f1ejo<\/p>\n<\/li>\n<li class=\"\" data-start=\"424\" data-end=\"494\">\n<p class=\"\" data-start=\"426\" data-end=\"494\"><strong data-start=\"426\" data-end=\"442\">Envelliment:<\/strong> <strong data-start=\"443\" data-end=\"462\">M\u00ednim de 7 anys<\/strong> en <strong data-start=\"466\" data-end=\"492\">barrils de roure blanc<\/strong><\/p>\n<\/li>\n<li class=\"\" data-start=\"495\" data-end=\"533\">\n<p class=\"\" data-start=\"497\" data-end=\"533\"><strong data-start=\"497\" data-end=\"522\">Graduaci\u00f3 alcoh\u00f2lica:<\/strong> 40% vol.<\/p>\n<\/li>\n<li class=\"\" data-start=\"534\" data-end=\"586\">\n<p class=\"\" data-start=\"536\" data-end=\"586\"><strong data-start=\"536\" data-end=\"546\">Color:<\/strong> <strong data-start=\"547\" data-end=\"561\">Ambre fosc<\/strong> amb reflexos <strong data-start=\"575\" data-end=\"584\">caoba<\/strong><\/p>\n<\/li>\n<li class=\"\" data-start=\"587\" data-end=\"687\">\n<p class=\"\" data-start=\"589\" data-end=\"687\"><strong data-start=\"589\" data-end=\"599\">Aroma:<\/strong> <strong data-start=\"600\" data-end=\"621\">Complex i elegant<\/strong>, amb notes de <strong data-start=\"636\" data-end=\"685\">cacau, vainilla, tabac, fruits secs i melassa<\/strong><\/p>\n<\/li>\n<li class=\"\" data-start=\"688\" data-end=\"789\">\n<p class=\"\" data-start=\"690\" data-end=\"789\"><strong data-start=\"690\" data-end=\"700\">Sabor:<\/strong> <strong data-start=\"701\" data-end=\"725\">Equilibrat i profund<\/strong>, amb matisos de <strong data-start=\"742\" data-end=\"787\">caramel, fusta, esp\u00e8cies i xocolata negra<\/strong><\/p>\n<\/li>\n<li class=\"\" data-start=\"790\" data-end=\"866\">\n<p class=\"\" data-start=\"792\" data-end=\"866\"><strong data-start=\"792\" data-end=\"802\">Final:<\/strong> <strong data-start=\"803\" data-end=\"825\">Llarg i persistent<\/strong>, amb un <strong data-start=\"834\" data-end=\"864\">retrogust c\u00e0lid i vellutat<\/strong><\/p>\n<\/li>\n<\/ul>\n<h3 class=\"\" data-start=\"873\" data-end=\"899\"><strong data-start=\"877\" data-end=\"897\">Usos recomanats:<\/strong><\/h3>\n<p class=\"\" data-start=\"900\" data-end=\"1066\"><strong data-start=\"902\" data-end=\"927\">Ideal per prendre sol<\/strong>, apreciant la seva <strong data-start=\"947\" data-end=\"969\">riquesa de matisos<\/strong>.<br data-start=\"970\" data-end=\"973\" \/>\u00a0<strong data-start=\"975\" data-end=\"1001\">Perfecte per a c\u00f2ctels<\/strong> com <strong data-start=\"1006\" data-end=\"1038\">Old Fashioned, Ron Manhattan<\/strong> o simplement <strong data-start=\"1052\" data-end=\"1063\">amb gel<\/strong>.<\/p>\n<h3 class=\"\" data-start=\"1073\" data-end=\"1095\"><strong data-start=\"1077\" data-end=\"1093\">Conservaci\u00f3:<\/strong><\/h3>\n<ul data-start=\"1096\" data-end=\"1190\">\n<li class=\"\" data-start=\"1096\" data-end=\"1190\">\n<p class=\"\" data-start=\"1098\" data-end=\"1190\"><strong data-start=\"1098\" data-end=\"1133\">Mantenir en un lloc fresc i sec<\/strong>, allunyat de la <strong data-start=\"1150\" data-end=\"1166\">llum directa<\/strong> i <strong data-start=\"1169\" data-end=\"1187\">fonts de calor<\/strong>.<\/p>\n<\/li>\n<\/ul>\n<p class=\"\" data-start=\"1197\" data-end=\"1392\">\ud83e\udd43 <strong data-start=\"1200\" data-end=\"1228\">Havana Club A\u00f1ejo 7 A\u00f1os<\/strong> \u00e9s una <strong data-start=\"1236\" data-end=\"1268\">refer\u00e8ncia en el m\u00f3n del rom<\/strong>, ideal per a qui busca una <strong data-start=\"1296\" data-end=\"1335\">experi\u00e8ncia aut\u00e8ntica i sofisticada<\/strong>, amb <strong data-start=\"1341\" data-end=\"1369\">l\u2019ess\u00e8ncia i la qualitat<\/strong> de la tradici\u00f3 cubana.<\/p>\n<p>&nbsp;<\/p>\n","protected":false},"excerpt":{"rendered":"<p>Havana Club A\u00f1ejo 7 A\u00f1os \u00e9s un rom cub\u00e0 de gran qualitat, reconegut per la seva profunditat de sabor i complexitat arom\u00e0tica. Envellit en barrils de roure blanc durant m\u00ednim 7 anys, destaca per un equilibri perfecte entre dol\u00e7or, fusta i esp\u00e8cies, reflectint la rica tradici\u00f3 de la destil\u00b7leria cubana. Caracter\u00edstiques principals: Origen: Cuba Tipus:&hellip;<\/p>\n","protected":false},"featured_media":80739,"comment_status":"closed","ping_status":"closed","template":"","meta":{"_acf_changed":false},"pwb-brand":[48858],"product_brand":[],"product_cat":[51692,51720],"product_tag":[15509,38940,51486],"class_list":{"0":"post-80742","1":"product","2":"type-product","3":"status-publish","4":"has-post-thumbnail","6":"pwb-brand-havana-club","7":"product_cat-destillats","8":"product_cat-rom","9":"product_tag-cuba-ca","10":"product_tag-rom","11":"product_tag-ron-de-cuba-ca","12":"pa_bodega-pernodricard","13":"pa_formatoenml-38307","14":"pa_graduacion-40_0","15":"pa_pais-cuba-ca","16":"entry","17":"has-media","19":"first","20":"instock","21":"taxable","22":"shipping-taxable","23":"purchasable","24":"product-type-simple"},"acf":[],"yoast_head":"<!-- This site is optimized with the Yoast SEO Premium plugin v23.1 (Yoast SEO v23.5) - https:\/\/yoast.com\/wordpress\/plugins\/seo\/ -->\n<title>Havana Club A\u00f1ejo 7 Anys - M\u00f3n La Cata<\/title>\n<meta name=\"description\" content=\"Comprar Havana Club A\u00f1ejo 7 Anys en M\u00f3n La Cata . Tienda online especilizada en vino y alimentaci\u00f3n. Env\u00edos puntuales y promociones\" \/>\n<meta name=\"robots\" content=\"noindex, follow, max-snippet:-1, max-image-preview:large, max-video-preview:-1\" \/>\n<meta property=\"og:locale\" content=\"ca_ES\" \/>\n<meta property=\"og:type\" content=\"article\" \/>\n<meta property=\"og:title\" content=\"Havana Club A\u00f1ejo 7 Anys\" \/>\n<meta property=\"og:description\" content=\"Comprar Havana Club A\u00f1ejo 7 Anys en M\u00f3n La Cata . Tienda online especilizada en vino y alimentaci\u00f3n. Env\u00edos puntuales y promociones\" \/>\n<meta property=\"og:url\" content=\"https:\/\/aral2.cetrexmarketing.com\/ca\/producto\/havana-club-anejo-7-anys\/\" \/>\n<meta property=\"og:site_name\" content=\"M\u00f3n La Cata\" \/>\n<meta property=\"article:modified_time\" content=\"2025-05-24T07:37:41+00:00\" \/>\n<meta property=\"og:image\" content=\"https:\/\/aral2.cetrexmarketing.com\/wp-content\/uploads\/2025\/05\/HAVANA-CLUB-ANEJO-7-ANOS.jpg.png\" \/>\n\t<meta property=\"og:image:width\" content=\"765\" \/>\n\t<meta property=\"og:image:height\" content=\"1024\" \/>\n\t<meta property=\"og:image:type\" content=\"image\/png\" \/>\n<meta name=\"twitter:card\" content=\"summary_large_image\" \/>\n<meta name=\"twitter:label1\" content=\"Temps estimat de lectura\" \/>\n\t<meta name=\"twitter:data1\" content=\"2 minuts\" \/>\n<script type=\"application\/ld+json\" class=\"yoast-schema-graph\">{\"@context\":\"https:\/\/schema.org\",\"@graph\":[{\"@type\":\"WebPage\",\"@id\":\"https:\/\/aral2.cetrexmarketing.com\/ca\/producto\/havana-club-anejo-7-anys\/\",\"url\":\"https:\/\/aral2.cetrexmarketing.com\/ca\/producto\/havana-club-anejo-7-anys\/\",\"name\":\"Havana Club A\u00f1ejo 7 Anys - M\u00f3n La Cata\",\"isPartOf\":{\"@id\":\"https:\/\/aral2.cetrexmarketing.com\/#website\"},\"primaryImageOfPage\":{\"@id\":\"https:\/\/aral2.cetrexmarketing.com\/ca\/producto\/havana-club-anejo-7-anys\/#primaryimage\"},\"image\":{\"@id\":\"https:\/\/aral2.cetrexmarketing.com\/ca\/producto\/havana-club-anejo-7-anys\/#primaryimage\"},\"thumbnailUrl\":\"https:\/\/aral2.cetrexmarketing.com\/wp-content\/uploads\/2025\/05\/HAVANA-CLUB-ANEJO-7-ANOS.jpg.png\",\"datePublished\":\"2025-05-24T07:37:40+00:00\",\"dateModified\":\"2025-05-24T07:37:41+00:00\",\"description\":\"Comprar Havana Club A\u00f1ejo 7 Anys en M\u00f3n La Cata . Tienda online especilizada en vino y alimentaci\u00f3n. Env\u00edos puntuales y promociones\",\"breadcrumb\":{\"@id\":\"https:\/\/aral2.cetrexmarketing.com\/ca\/producto\/havana-club-anejo-7-anys\/#breadcrumb\"},\"inLanguage\":\"ca\",\"potentialAction\":[{\"@type\":\"ReadAction\",\"target\":[\"https:\/\/aral2.cetrexmarketing.com\/ca\/producto\/havana-club-anejo-7-anys\/\"]}]},{\"@type\":\"ImageObject\",\"inLanguage\":\"ca\",\"@id\":\"https:\/\/aral2.cetrexmarketing.com\/ca\/producto\/havana-club-anejo-7-anys\/#primaryimage\",\"url\":\"https:\/\/aral2.cetrexmarketing.com\/wp-content\/uploads\/2025\/05\/HAVANA-CLUB-ANEJO-7-ANOS.jpg.png\",\"contentUrl\":\"https:\/\/aral2.cetrexmarketing.com\/wp-content\/uploads\/2025\/05\/HAVANA-CLUB-ANEJO-7-ANOS.jpg.png\",\"width\":765,\"height\":1024},{\"@type\":\"BreadcrumbList\",\"@id\":\"https:\/\/aral2.cetrexmarketing.com\/ca\/producto\/havana-club-anejo-7-anys\/#breadcrumb\",\"itemListElement\":[{\"@type\":\"ListItem\",\"position\":1,\"name\":\"Home\",\"item\":\"https:\/\/aral2.cetrexmarketing.com\/ca\/\"},{\"@type\":\"ListItem\",\"position\":2,\"name\":\"Tienda\",\"item\":\"https:\/\/aral2.cetrexmarketing.com\/ca\/tienda-2\/\"},{\"@type\":\"ListItem\",\"position\":3,\"name\":\"Destil\u00b7lats\",\"item\":\"https:\/\/aral2.cetrexmarketing.com\/categoria-producto\/destil%c2%b7lats\/\"},{\"@type\":\"ListItem\",\"position\":4,\"name\":\"Rom\",\"item\":\"https:\/\/aral2.cetrexmarketing.com\/categoria-producto\/destil%c2%b7lats\/rom\/\"},{\"@type\":\"ListItem\",\"position\":5,\"name\":\"Havana Club A\u00f1ejo 7 Anys\"}]},{\"@type\":\"WebSite\",\"@id\":\"https:\/\/aral2.cetrexmarketing.com\/#website\",\"url\":\"https:\/\/aral2.cetrexmarketing.com\/\",\"name\":\"M\u00f3n La Cata\",\"description\":\"Tienda de vinos, licores, cervezas y gourmet\",\"publisher\":{\"@id\":\"https:\/\/aral2.cetrexmarketing.com\/#organization\"},\"potentialAction\":[{\"@type\":\"SearchAction\",\"target\":{\"@type\":\"EntryPoint\",\"urlTemplate\":\"https:\/\/aral2.cetrexmarketing.com\/?s={search_term_string}\"},\"query-input\":{\"@type\":\"PropertyValueSpecification\",\"valueRequired\":true,\"valueName\":\"search_term_string\"}}],\"inLanguage\":\"ca\"},{\"@type\":\"Organization\",\"@id\":\"https:\/\/aral2.cetrexmarketing.com\/#organization\",\"name\":\"M\u00f3n La Cata\",\"url\":\"https:\/\/aral2.cetrexmarketing.com\/\",\"logo\":{\"@type\":\"ImageObject\",\"inLanguage\":\"ca\",\"@id\":\"https:\/\/aral2.cetrexmarketing.com\/#\/schema\/logo\/image\/\",\"url\":\"https:\/\/aral2.cetrexmarketing.com\/wp-content\/uploads\/2024\/10\/aral-logo-neg-1024x409-1.png\",\"contentUrl\":\"https:\/\/aral2.cetrexmarketing.com\/wp-content\/uploads\/2024\/10\/aral-logo-neg-1024x409-1.png\",\"width\":1024,\"height\":409,\"caption\":\"M\u00f3n La Cata\"},\"image\":{\"@id\":\"https:\/\/aral2.cetrexmarketing.com\/#\/schema\/logo\/image\/\"}}]}<\/script>\n<!-- \/ Yoast SEO Premium plugin. -->","yoast_head_json":{"title":"Havana Club A\u00f1ejo 7 Anys - M\u00f3n La Cata","description":"Comprar Havana Club A\u00f1ejo 7 Anys en M\u00f3n La Cata . Tienda online especilizada en vino y alimentaci\u00f3n. Env\u00edos puntuales y promociones","robots":{"index":"noindex","follow":"follow","max-snippet":"max-snippet:-1","max-image-preview":"max-image-preview:large","max-video-preview":"max-video-preview:-1"},"og_locale":"ca_ES","og_type":"article","og_title":"Havana Club A\u00f1ejo 7 Anys","og_description":"Comprar Havana Club A\u00f1ejo 7 Anys en M\u00f3n La Cata . Tienda online especilizada en vino y alimentaci\u00f3n. Env\u00edos puntuales y promociones","og_url":"https:\/\/aral2.cetrexmarketing.com\/ca\/producto\/havana-club-anejo-7-anys\/","og_site_name":"M\u00f3n La Cata","article_modified_time":"2025-05-24T07:37:41+00:00","og_image":[{"width":765,"height":1024,"url":"https:\/\/aral2.cetrexmarketing.com\/wp-content\/uploads\/2025\/05\/HAVANA-CLUB-ANEJO-7-ANOS.jpg.png","type":"image\/png"}],"twitter_card":"summary_large_image","twitter_misc":{"Temps estimat de lectura":"2 minuts"},"schema":{"@context":"https:\/\/schema.org","@graph":[{"@type":"WebPage","@id":"https:\/\/aral2.cetrexmarketing.com\/ca\/producto\/havana-club-anejo-7-anys\/","url":"https:\/\/aral2.cetrexmarketing.com\/ca\/producto\/havana-club-anejo-7-anys\/","name":"Havana Club A\u00f1ejo 7 Anys - M\u00f3n La Cata","isPartOf":{"@id":"https:\/\/aral2.cetrexmarketing.com\/#website"},"primaryImageOfPage":{"@id":"https:\/\/aral2.cetrexmarketing.com\/ca\/producto\/havana-club-anejo-7-anys\/#primaryimage"},"image":{"@id":"https:\/\/aral2.cetrexmarketing.com\/ca\/producto\/havana-club-anejo-7-anys\/#primaryimage"},"thumbnailUrl":"https:\/\/aral2.cetrexmarketing.com\/wp-content\/uploads\/2025\/05\/HAVANA-CLUB-ANEJO-7-ANOS.jpg.png","datePublished":"2025-05-24T07:37:40+00:00","dateModified":"2025-05-24T07:37:41+00:00","description":"Comprar Havana Club A\u00f1ejo 7 Anys en M\u00f3n La Cata . Tienda online especilizada en vino y alimentaci\u00f3n. Env\u00edos puntuales y promociones","breadcrumb":{"@id":"https:\/\/aral2.cetrexmarketing.com\/ca\/producto\/havana-club-anejo-7-anys\/#breadcrumb"},"inLanguage":"ca","potentialAction":[{"@type":"ReadAction","target":["https:\/\/aral2.cetrexmarketing.com\/ca\/producto\/havana-club-anejo-7-anys\/"]}]},{"@type":"ImageObject","inLanguage":"ca","@id":"https:\/\/aral2.cetrexmarketing.com\/ca\/producto\/havana-club-anejo-7-anys\/#primaryimage","url":"https:\/\/aral2.cetrexmarketing.com\/wp-content\/uploads\/2025\/05\/HAVANA-CLUB-ANEJO-7-ANOS.jpg.png","contentUrl":"https:\/\/aral2.cetrexmarketing.com\/wp-content\/uploads\/2025\/05\/HAVANA-CLUB-ANEJO-7-ANOS.jpg.png","width":765,"height":1024},{"@type":"BreadcrumbList","@id":"https:\/\/aral2.cetrexmarketing.com\/ca\/producto\/havana-club-anejo-7-anys\/#breadcrumb","itemListElement":[{"@type":"ListItem","position":1,"name":"Home","item":"https:\/\/aral2.cetrexmarketing.com\/ca\/"},{"@type":"ListItem","position":2,"name":"Tienda","item":"https:\/\/aral2.cetrexmarketing.com\/ca\/tienda-2\/"},{"@type":"ListItem","position":3,"name":"Destil\u00b7lats","item":"https:\/\/aral2.cetrexmarketing.com\/categoria-producto\/destil%c2%b7lats\/"},{"@type":"ListItem","position":4,"name":"Rom","item":"https:\/\/aral2.cetrexmarketing.com\/categoria-producto\/destil%c2%b7lats\/rom\/"},{"@type":"ListItem","position":5,"name":"Havana Club A\u00f1ejo 7 Anys"}]},{"@type":"WebSite","@id":"https:\/\/aral2.cetrexmarketing.com\/#website","url":"https:\/\/aral2.cetrexmarketing.com\/","name":"M\u00f3n La Cata","description":"Tienda de vinos, licores, cervezas y gourmet","publisher":{"@id":"https:\/\/aral2.cetrexmarketing.com\/#organization"},"potentialAction":[{"@type":"SearchAction","target":{"@type":"EntryPoint","urlTemplate":"https:\/\/aral2.cetrexmarketing.com\/?s={search_term_string}"},"query-input":{"@type":"PropertyValueSpecification","valueRequired":true,"valueName":"search_term_string"}}],"inLanguage":"ca"},{"@type":"Organization","@id":"https:\/\/aral2.cetrexmarketing.com\/#organization","name":"M\u00f3n La Cata","url":"https:\/\/aral2.cetrexmarketing.com\/","logo":{"@type":"ImageObject","inLanguage":"ca","@id":"https:\/\/aral2.cetrexmarketing.com\/#\/schema\/logo\/image\/","url":"https:\/\/aral2.cetrexmarketing.com\/wp-content\/uploads\/2024\/10\/aral-logo-neg-1024x409-1.png","contentUrl":"https:\/\/aral2.cetrexmarketing.com\/wp-content\/uploads\/2024\/10\/aral-logo-neg-1024x409-1.png","width":1024,"height":409,"caption":"M\u00f3n La Cata"},"image":{"@id":"https:\/\/aral2.cetrexmarketing.com\/#\/schema\/logo\/image\/"}}]}},"brands":[{"id":48858,"name":"Havana Club","slug":"havana-club"}],"_links":{"self":[{"href":"https:\/\/aral2.cetrexmarketing.com\/ca\/wp-json\/wp\/v2\/product\/80742","targetHints":{"allow":["GET"]}}],"collection":[{"href":"https:\/\/aral2.cetrexmarketing.com\/ca\/wp-json\/wp\/v2\/product"}],"about":[{"href":"https:\/\/aral2.cetrexmarketing.com\/ca\/wp-json\/wp\/v2\/types\/product"}],"replies":[{"embeddable":true,"href":"https:\/\/aral2.cetrexmarketing.com\/ca\/wp-json\/wp\/v2\/comments?post=80742"}],"wp:featuredmedia":[{"embeddable":true,"href":"https:\/\/aral2.cetrexmarketing.com\/ca\/wp-json\/wp\/v2\/media\/80739"}],"wp:attachment":[{"href":"https:\/\/aral2.cetrexmarketing.com\/ca\/wp-json\/wp\/v2\/media?parent=80742"}],"wp:term":[{"taxonomy":"pwb-brand","embeddable":true,"href":"https:\/\/aral2.cetrexmarketing.com\/ca\/wp-json\/wp\/v2\/pwb-brand?post=80742"},{"taxonomy":"product_brand","embeddable":true,"href":"https:\/\/aral2.cetrexmarketing.com\/ca\/wp-json\/wp\/v2\/product_brand?post=80742"},{"taxonomy":"product_cat","embeddable":true,"href":"https:\/\/aral2.cetrexmarketing.com\/ca\/wp-json\/wp\/v2\/product_cat?post=80742"},{"taxonomy":"product_tag","embeddable":true,"href":"https:\/\/aral2.cetrexmarketing.com\/ca\/wp-json\/wp\/v2\/product_tag?post=80742"}],"curies":[{"name":"wp","href":"https:\/\/api.w.org\/{rel}","templated":true}]}}