{"id":80705,"date":"2025-05-24T07:37:11","date_gmt":"2025-05-24T07:37:11","guid":{"rendered":"https:\/\/aral2.cetrexmarketing.com\/producto\/dos-maderas-5-3-2\/"},"modified":"2025-05-24T07:37:12","modified_gmt":"2025-05-24T07:37:12","slug":"dos-maderas-5-3-2","status":"publish","type":"product","link":"https:\/\/aral2.cetrexmarketing.com\/ca\/producto\/dos-maderas-5-3-2\/","title":{"rendered":"Dos Maderas 5 + 3"},"content":{"rendered":"<p class=\"\" data-start=\"1190\" data-end=\"1328\"><strong data-start=\"1190\" data-end=\"1209\">Dos Maderas 5+3<\/strong> <span class=\"relative -mx-px my-[-0.2rem] rounded px-px py-[0.2rem] transition-colors duration-100 ease-in-out\">\u00e9s un rom premium de doble crian\u00e7a que combina la riquesa del Carib amb la tradici\u00f3 de Jerez.<\/span> <span class=\"relative -mx-px my-[-0.2rem] rounded px-px py-[0.2rem] transition-colors duration-100 ease-in-out\">El seu proc\u00e9s d&#8217;envelliment \u00fanic li atorga una complexitat i suavitat excepcionals.<\/span><\/p>\n<p class=\"\" data-start=\"1330\" data-end=\"1364\"><strong data-start=\"1330\" data-end=\"1364\">Caracter\u00edstiques del producte:<\/strong><\/p>\n<ul data-start=\"1365\" data-end=\"1731\">\n<li class=\"\" data-start=\"1365\" data-end=\"1417\">\n<p class=\"\" data-start=\"1367\" data-end=\"1417\"><strong data-start=\"1367\" data-end=\"1377\">Tipus:<\/strong> <span class=\"relative -mx-px my-[-0.2rem] rounded px-px py-[0.2rem] transition-colors duration-100 ease-in-out\">Rom envellit de doble crian\u00e7a<\/span><\/p>\n<\/li>\n<li class=\"\" data-start=\"1418\" data-end=\"1471\">\n<p class=\"\" data-start=\"1420\" data-end=\"1471\"><strong data-start=\"1420\" data-end=\"1431\">Origen:<\/strong> <span class=\"relative -mx-px my-[-0.2rem] rounded px-px py-[0.2rem] transition-colors duration-100 ease-in-out\">Guyana i Barbados (Carib); finalitzaci\u00f3 a Jerez, Espanya<\/span><\/p>\n<\/li>\n<li class=\"\" data-start=\"1472\" data-end=\"1539\">\n<p class=\"\" data-start=\"1474\" data-end=\"1539\"><strong data-start=\"1474\" data-end=\"1499\">Graduaci\u00f3 alcoh\u00f2lica:<\/strong> <span class=\"relative -mx-px my-[-0.2rem] rounded px-px py-[0.2rem] transition-colors duration-100 ease-in-out\">37,5% vol.<\/span><\/p>\n<\/li>\n<li class=\"\" data-start=\"1540\" data-end=\"1593\">\n<p class=\"\" data-start=\"1542\" data-end=\"1593\"><strong data-start=\"1542\" data-end=\"1553\">Format:<\/strong> <span class=\"relative -mx-px my-[-0.2rem] rounded px-px py-[0.2rem] transition-colors duration-100 ease-in-out\">Ampolla de 70 cl<\/span><\/p>\n<\/li>\n<li class=\"\" data-start=\"1594\" data-end=\"1731\">\n<p class=\"\" data-start=\"1596\" data-end=\"1731\"><strong data-start=\"1596\" data-end=\"1611\">Elaboraci\u00f3:<\/strong> <span class=\"relative -mx-px my-[-0.2rem] rounded px-px py-[0.2rem] transition-colors duration-100 ease-in-out\">Envellit durant 5 anys al Carib en b\u00f3tes de roure americ\u00e0, seguit de 3 anys addicionals a Jerez en b\u00f3tes que pr\u00e8viament han contingut vi de Jerez &#8220;Dos Cortados&#8221; de 20 anys<\/span>.<\/p>\n<\/li>\n<\/ul>\n<p class=\"\" data-start=\"1733\" data-end=\"1751\"><strong data-start=\"1733\" data-end=\"1751\">Notes de tast:<\/strong><\/p>\n<ul data-start=\"1752\" data-end=\"2071\">\n<li class=\"\" data-start=\"1752\" data-end=\"1845\">\n<p class=\"\" data-start=\"1754\" data-end=\"1845\"><strong data-start=\"1754\" data-end=\"1764\">Color:<\/strong> <span class=\"relative -mx-px my-[-0.2rem] rounded px-px py-[0.2rem] transition-colors duration-100 ease-in-out\">Ambre profund amb reflexos daurats<\/span> .<\/p>\n<\/li>\n<li class=\"\" data-start=\"1846\" data-end=\"1939\">\n<p class=\"\" data-start=\"1848\" data-end=\"1939\"><strong data-start=\"1848\" data-end=\"1858\">Aroma:<\/strong> <span class=\"relative -mx-px my-[-0.2rem] rounded px-px py-[0.2rem] transition-colors duration-100 ease-in-out\">Notes dolces de vainilla, mel i caramel, amb matisos de roure i esp\u00e8cies<\/span> .<\/p>\n<\/li>\n<li class=\"\" data-start=\"1940\" data-end=\"2071\">\n<p class=\"\" data-start=\"1942\" data-end=\"2071\"><strong data-start=\"1942\" data-end=\"1951\">Gust:<\/strong> <span class=\"relative -mx-px my-[-0.2rem] rounded px-px py-[0.2rem] transition-colors duration-100 ease-in-out\">Sed\u00f3s i equilibrat, amb sabors de caramel, fruits secs, vainilla i esp\u00e8cies, i un final llarg i suau.<\/span><\/p>\n<\/li>\n<\/ul>\n<p class=\"\" data-start=\"2073\" data-end=\"2256\"><strong data-start=\"2073\" data-end=\"2096\">Maridatge i consum:<\/strong><\/p>\n<p><span class=\"relative -mx-px my-[-0.2rem] rounded px-px py-[0.2rem] transition-colors duration-100 ease-in-out\">Ideal per gaudir sol, amb gel o en c\u00f2ctels cl\u00e0ssics com l&#8217;Old Fashioned o el Manhattan.<\/span> <span class=\"relative -mx-px my-[-0.2rem] rounded px-px py-[0.2rem] transition-colors duration-100 ease-in-out\">Tamb\u00e9 marida b\u00e9 amb postres com cr\u00e8me br\u00fbl\u00e9e o past\u00eds de poma caramel\u00b7litzada<\/span> .<\/p>\n","protected":false},"excerpt":{"rendered":"<p>Dos Maderas 5+3 \u00e9s un rom premium de doble crian\u00e7a que combina la riquesa del Carib amb la tradici\u00f3 de Jerez. El seu proc\u00e9s d&#8217;envelliment \u00fanic li atorga una complexitat i suavitat excepcionals. Caracter\u00edstiques del producte: Tipus: Rom envellit de doble crian\u00e7a Origen: Guyana i Barbados (Carib); finalitzaci\u00f3 a Jerez, Espanya Graduaci\u00f3 alcoh\u00f2lica: 37,5% vol.&hellip;<\/p>\n","protected":false},"featured_media":80702,"comment_status":"closed","ping_status":"closed","template":"","meta":{"_acf_changed":false},"pwb-brand":[],"product_brand":[],"product_cat":[51692,51720],"product_tag":[15490,15183,38940],"class_list":{"0":"post-80705","1":"product","2":"type-product","3":"status-publish","4":"has-post-thumbnail","6":"product_cat-destillats","7":"product_cat-rom","8":"product_tag-anejo-ca","9":"product_tag-pedro-ximenez-ca","10":"product_tag-rom","11":"pa_bodega-bodegaswilliamshumbert","12":"pa_formatoenl-36167","13":"pa_formatoenml-38307","14":"pa_graduacion-37_5","15":"pa_pais-espanya-ca","16":"pa_pesoengramos-38354","17":"pa_pesoenkg-14-2","18":"entry","19":"has-media","21":"first","22":"instock","23":"taxable","24":"shipping-taxable","25":"purchasable","26":"product-type-simple"},"acf":[],"yoast_head":"<!-- This site is optimized with the Yoast SEO Premium plugin v23.1 (Yoast SEO v23.5) - https:\/\/yoast.com\/wordpress\/plugins\/seo\/ -->\n<title>Dos Maderas 5 +3 PX Rom<\/title>\n<meta name=\"description\" content=\"Comprar online al millor preu rom i molts altres destil\u00b7lats d&#039;arreu del m\u00f3n.\" \/>\n<meta name=\"robots\" content=\"noindex, follow, max-snippet:-1, max-image-preview:large, max-video-preview:-1\" \/>\n<meta property=\"og:locale\" content=\"ca_ES\" \/>\n<meta property=\"og:type\" content=\"article\" \/>\n<meta property=\"og:title\" content=\"Dos Maderas 5 + 3\" \/>\n<meta property=\"og:description\" content=\"Comprar online al millor preu rom i molts altres destil\u00b7lats d&#039;arreu del m\u00f3n.\" \/>\n<meta property=\"og:url\" content=\"https:\/\/aral2.cetrexmarketing.com\/ca\/producto\/dos-maderas-5-3-2\/\" \/>\n<meta property=\"og:site_name\" content=\"M\u00f3n La Cata\" \/>\n<meta property=\"article:modified_time\" content=\"2025-05-24T07:37:12+00:00\" \/>\n<meta property=\"og:image\" content=\"https:\/\/aral2.cetrexmarketing.com\/wp-content\/uploads\/2025\/05\/DOS-MADERAS-53.jpg.png\" \/>\n\t<meta property=\"og:image:width\" content=\"765\" \/>\n\t<meta property=\"og:image:height\" content=\"1024\" \/>\n\t<meta property=\"og:image:type\" content=\"image\/png\" \/>\n<meta name=\"twitter:card\" content=\"summary_large_image\" \/>\n<meta name=\"twitter:label1\" content=\"Temps estimat de lectura\" \/>\n\t<meta name=\"twitter:data1\" content=\"2 minuts\" \/>\n<script type=\"application\/ld+json\" class=\"yoast-schema-graph\">{\"@context\":\"https:\/\/schema.org\",\"@graph\":[{\"@type\":\"WebPage\",\"@id\":\"https:\/\/aral2.cetrexmarketing.com\/ca\/producto\/dos-maderas-5-3-2\/\",\"url\":\"https:\/\/aral2.cetrexmarketing.com\/ca\/producto\/dos-maderas-5-3-2\/\",\"name\":\"Dos Maderas 5 +3 PX Rom\",\"isPartOf\":{\"@id\":\"https:\/\/aral2.cetrexmarketing.com\/#website\"},\"primaryImageOfPage\":{\"@id\":\"https:\/\/aral2.cetrexmarketing.com\/ca\/producto\/dos-maderas-5-3-2\/#primaryimage\"},\"image\":{\"@id\":\"https:\/\/aral2.cetrexmarketing.com\/ca\/producto\/dos-maderas-5-3-2\/#primaryimage\"},\"thumbnailUrl\":\"https:\/\/aral2.cetrexmarketing.com\/wp-content\/uploads\/2025\/05\/DOS-MADERAS-53.jpg.png\",\"datePublished\":\"2025-05-24T07:37:11+00:00\",\"dateModified\":\"2025-05-24T07:37:12+00:00\",\"description\":\"Comprar online al millor preu rom i molts altres destil\u00b7lats d'arreu del m\u00f3n.\",\"breadcrumb\":{\"@id\":\"https:\/\/aral2.cetrexmarketing.com\/ca\/producto\/dos-maderas-5-3-2\/#breadcrumb\"},\"inLanguage\":\"ca\",\"potentialAction\":[{\"@type\":\"ReadAction\",\"target\":[\"https:\/\/aral2.cetrexmarketing.com\/ca\/producto\/dos-maderas-5-3-2\/\"]}]},{\"@type\":\"ImageObject\",\"inLanguage\":\"ca\",\"@id\":\"https:\/\/aral2.cetrexmarketing.com\/ca\/producto\/dos-maderas-5-3-2\/#primaryimage\",\"url\":\"https:\/\/aral2.cetrexmarketing.com\/wp-content\/uploads\/2025\/05\/DOS-MADERAS-53.jpg.png\",\"contentUrl\":\"https:\/\/aral2.cetrexmarketing.com\/wp-content\/uploads\/2025\/05\/DOS-MADERAS-53.jpg.png\",\"width\":765,\"height\":1024},{\"@type\":\"BreadcrumbList\",\"@id\":\"https:\/\/aral2.cetrexmarketing.com\/ca\/producto\/dos-maderas-5-3-2\/#breadcrumb\",\"itemListElement\":[{\"@type\":\"ListItem\",\"position\":1,\"name\":\"Home\",\"item\":\"https:\/\/aral2.cetrexmarketing.com\/ca\/\"},{\"@type\":\"ListItem\",\"position\":2,\"name\":\"Tienda\",\"item\":\"https:\/\/aral2.cetrexmarketing.com\/ca\/tienda-2\/\"},{\"@type\":\"ListItem\",\"position\":3,\"name\":\"Destil\u00b7lats\",\"item\":\"https:\/\/aral2.cetrexmarketing.com\/categoria-producto\/destil%c2%b7lats\/\"},{\"@type\":\"ListItem\",\"position\":4,\"name\":\"Rom\",\"item\":\"https:\/\/aral2.cetrexmarketing.com\/categoria-producto\/destil%c2%b7lats\/rom\/\"},{\"@type\":\"ListItem\",\"position\":5,\"name\":\"Dos Maderas 5 + 3\"}]},{\"@type\":\"WebSite\",\"@id\":\"https:\/\/aral2.cetrexmarketing.com\/#website\",\"url\":\"https:\/\/aral2.cetrexmarketing.com\/\",\"name\":\"M\u00f3n La Cata\",\"description\":\"Tienda de vinos, licores, cervezas y gourmet\",\"publisher\":{\"@id\":\"https:\/\/aral2.cetrexmarketing.com\/#organization\"},\"potentialAction\":[{\"@type\":\"SearchAction\",\"target\":{\"@type\":\"EntryPoint\",\"urlTemplate\":\"https:\/\/aral2.cetrexmarketing.com\/?s={search_term_string}\"},\"query-input\":{\"@type\":\"PropertyValueSpecification\",\"valueRequired\":true,\"valueName\":\"search_term_string\"}}],\"inLanguage\":\"ca\"},{\"@type\":\"Organization\",\"@id\":\"https:\/\/aral2.cetrexmarketing.com\/#organization\",\"name\":\"M\u00f3n La Cata\",\"url\":\"https:\/\/aral2.cetrexmarketing.com\/\",\"logo\":{\"@type\":\"ImageObject\",\"inLanguage\":\"ca\",\"@id\":\"https:\/\/aral2.cetrexmarketing.com\/#\/schema\/logo\/image\/\",\"url\":\"https:\/\/aral2.cetrexmarketing.com\/wp-content\/uploads\/2024\/10\/aral-logo-neg-1024x409-1.png\",\"contentUrl\":\"https:\/\/aral2.cetrexmarketing.com\/wp-content\/uploads\/2024\/10\/aral-logo-neg-1024x409-1.png\",\"width\":1024,\"height\":409,\"caption\":\"M\u00f3n La Cata\"},\"image\":{\"@id\":\"https:\/\/aral2.cetrexmarketing.com\/#\/schema\/logo\/image\/\"}}]}<\/script>\n<!-- \/ Yoast SEO Premium plugin. -->","yoast_head_json":{"title":"Dos Maderas 5 +3 PX Rom","description":"Comprar online al millor preu rom i molts altres destil\u00b7lats d'arreu del m\u00f3n.","robots":{"index":"noindex","follow":"follow","max-snippet":"max-snippet:-1","max-image-preview":"max-image-preview:large","max-video-preview":"max-video-preview:-1"},"og_locale":"ca_ES","og_type":"article","og_title":"Dos Maderas 5 + 3","og_description":"Comprar online al millor preu rom i molts altres destil\u00b7lats d'arreu del m\u00f3n.","og_url":"https:\/\/aral2.cetrexmarketing.com\/ca\/producto\/dos-maderas-5-3-2\/","og_site_name":"M\u00f3n La Cata","article_modified_time":"2025-05-24T07:37:12+00:00","og_image":[{"width":765,"height":1024,"url":"https:\/\/aral2.cetrexmarketing.com\/wp-content\/uploads\/2025\/05\/DOS-MADERAS-53.jpg.png","type":"image\/png"}],"twitter_card":"summary_large_image","twitter_misc":{"Temps estimat de lectura":"2 minuts"},"schema":{"@context":"https:\/\/schema.org","@graph":[{"@type":"WebPage","@id":"https:\/\/aral2.cetrexmarketing.com\/ca\/producto\/dos-maderas-5-3-2\/","url":"https:\/\/aral2.cetrexmarketing.com\/ca\/producto\/dos-maderas-5-3-2\/","name":"Dos Maderas 5 +3 PX Rom","isPartOf":{"@id":"https:\/\/aral2.cetrexmarketing.com\/#website"},"primaryImageOfPage":{"@id":"https:\/\/aral2.cetrexmarketing.com\/ca\/producto\/dos-maderas-5-3-2\/#primaryimage"},"image":{"@id":"https:\/\/aral2.cetrexmarketing.com\/ca\/producto\/dos-maderas-5-3-2\/#primaryimage"},"thumbnailUrl":"https:\/\/aral2.cetrexmarketing.com\/wp-content\/uploads\/2025\/05\/DOS-MADERAS-53.jpg.png","datePublished":"2025-05-24T07:37:11+00:00","dateModified":"2025-05-24T07:37:12+00:00","description":"Comprar online al millor preu rom i molts altres destil\u00b7lats d'arreu del m\u00f3n.","breadcrumb":{"@id":"https:\/\/aral2.cetrexmarketing.com\/ca\/producto\/dos-maderas-5-3-2\/#breadcrumb"},"inLanguage":"ca","potentialAction":[{"@type":"ReadAction","target":["https:\/\/aral2.cetrexmarketing.com\/ca\/producto\/dos-maderas-5-3-2\/"]}]},{"@type":"ImageObject","inLanguage":"ca","@id":"https:\/\/aral2.cetrexmarketing.com\/ca\/producto\/dos-maderas-5-3-2\/#primaryimage","url":"https:\/\/aral2.cetrexmarketing.com\/wp-content\/uploads\/2025\/05\/DOS-MADERAS-53.jpg.png","contentUrl":"https:\/\/aral2.cetrexmarketing.com\/wp-content\/uploads\/2025\/05\/DOS-MADERAS-53.jpg.png","width":765,"height":1024},{"@type":"BreadcrumbList","@id":"https:\/\/aral2.cetrexmarketing.com\/ca\/producto\/dos-maderas-5-3-2\/#breadcrumb","itemListElement":[{"@type":"ListItem","position":1,"name":"Home","item":"https:\/\/aral2.cetrexmarketing.com\/ca\/"},{"@type":"ListItem","position":2,"name":"Tienda","item":"https:\/\/aral2.cetrexmarketing.com\/ca\/tienda-2\/"},{"@type":"ListItem","position":3,"name":"Destil\u00b7lats","item":"https:\/\/aral2.cetrexmarketing.com\/categoria-producto\/destil%c2%b7lats\/"},{"@type":"ListItem","position":4,"name":"Rom","item":"https:\/\/aral2.cetrexmarketing.com\/categoria-producto\/destil%c2%b7lats\/rom\/"},{"@type":"ListItem","position":5,"name":"Dos Maderas 5 + 3"}]},{"@type":"WebSite","@id":"https:\/\/aral2.cetrexmarketing.com\/#website","url":"https:\/\/aral2.cetrexmarketing.com\/","name":"M\u00f3n La Cata","description":"Tienda de vinos, licores, cervezas y gourmet","publisher":{"@id":"https:\/\/aral2.cetrexmarketing.com\/#organization"},"potentialAction":[{"@type":"SearchAction","target":{"@type":"EntryPoint","urlTemplate":"https:\/\/aral2.cetrexmarketing.com\/?s={search_term_string}"},"query-input":{"@type":"PropertyValueSpecification","valueRequired":true,"valueName":"search_term_string"}}],"inLanguage":"ca"},{"@type":"Organization","@id":"https:\/\/aral2.cetrexmarketing.com\/#organization","name":"M\u00f3n La Cata","url":"https:\/\/aral2.cetrexmarketing.com\/","logo":{"@type":"ImageObject","inLanguage":"ca","@id":"https:\/\/aral2.cetrexmarketing.com\/#\/schema\/logo\/image\/","url":"https:\/\/aral2.cetrexmarketing.com\/wp-content\/uploads\/2024\/10\/aral-logo-neg-1024x409-1.png","contentUrl":"https:\/\/aral2.cetrexmarketing.com\/wp-content\/uploads\/2024\/10\/aral-logo-neg-1024x409-1.png","width":1024,"height":409,"caption":"M\u00f3n La Cata"},"image":{"@id":"https:\/\/aral2.cetrexmarketing.com\/#\/schema\/logo\/image\/"}}]}},"brands":[],"_links":{"self":[{"href":"https:\/\/aral2.cetrexmarketing.com\/ca\/wp-json\/wp\/v2\/product\/80705","targetHints":{"allow":["GET"]}}],"collection":[{"href":"https:\/\/aral2.cetrexmarketing.com\/ca\/wp-json\/wp\/v2\/product"}],"about":[{"href":"https:\/\/aral2.cetrexmarketing.com\/ca\/wp-json\/wp\/v2\/types\/product"}],"replies":[{"embeddable":true,"href":"https:\/\/aral2.cetrexmarketing.com\/ca\/wp-json\/wp\/v2\/comments?post=80705"}],"wp:featuredmedia":[{"embeddable":true,"href":"https:\/\/aral2.cetrexmarketing.com\/ca\/wp-json\/wp\/v2\/media\/80702"}],"wp:attachment":[{"href":"https:\/\/aral2.cetrexmarketing.com\/ca\/wp-json\/wp\/v2\/media?parent=80705"}],"wp:term":[{"taxonomy":"pwb-brand","embeddable":true,"href":"https:\/\/aral2.cetrexmarketing.com\/ca\/wp-json\/wp\/v2\/pwb-brand?post=80705"},{"taxonomy":"product_brand","embeddable":true,"href":"https:\/\/aral2.cetrexmarketing.com\/ca\/wp-json\/wp\/v2\/product_brand?post=80705"},{"taxonomy":"product_cat","embeddable":true,"href":"https:\/\/aral2.cetrexmarketing.com\/ca\/wp-json\/wp\/v2\/product_cat?post=80705"},{"taxonomy":"product_tag","embeddable":true,"href":"https:\/\/aral2.cetrexmarketing.com\/ca\/wp-json\/wp\/v2\/product_tag?post=80705"}],"curies":[{"name":"wp","href":"https:\/\/api.w.org\/{rel}","templated":true}]}}