{"id":80641,"date":"2025-05-24T07:33:17","date_gmt":"2025-05-24T07:33:17","guid":{"rendered":"https:\/\/aral2.cetrexmarketing.com\/producto\/brugal-anejo-2\/"},"modified":"2025-05-24T07:33:18","modified_gmt":"2025-05-24T07:33:18","slug":"brugal-anejo-2","status":"publish","type":"product","link":"https:\/\/aral2.cetrexmarketing.com\/ca\/producto\/brugal-anejo-2\/","title":{"rendered":"Brugal A\u00f1ejo"},"content":{"rendered":"<div class=\"flex max-w-full flex-col flex-grow\">\n<div class=\"min-h-8 text-message flex w-full flex-col items-end gap-2 whitespace-normal break-words text-start [.text-message+&amp;]:mt-5\" dir=\"auto\" data-message-author-role=\"assistant\" data-message-id=\"3b4ad1f4-9252-4562-bbda-28673b2ca71c\" data-message-model-slug=\"gpt-4o\">\n<div class=\"flex w-full flex-col gap-1 empty:hidden first:pt-[3px]\">\n<div class=\"markdown prose w-full break-words dark:prose-invert light\">\n<p><strong>Brugal A\u00f1ejo<\/strong> \u00e9s un rom dominic\u00e0 premium, reconegut per la seva suavitat, car\u00e0cter equilibrat i proc\u00e9s d\u2019envelliment en b\u00f3tes de roure americ\u00e0. \u00c9s produ\u00eft per <strong>Brugal &amp; Co<\/strong>., una de les destil\u00b7leries m\u00e9s prestigioses de la Rep\u00fablica Dominicana, amb m\u00e9s de 130 anys de tradici\u00f3 en l\u2019elaboraci\u00f3 de roms d\u2019alta qualitat.<\/p>\n<h4><strong>Caracter\u00edstiques del Producte:<\/p>\n<p><\/strong><\/h4>\n<p><strong>Origen<\/strong>: Rep\u00fablica Dominicana<\/p>\n<p><strong>Tipus:<\/strong> Ron a\u00f1ejo<br \/>\n<strong>Graduaci\u00f3 alcoh\u00f2lica:<\/strong> 38% Vol.<br \/>\n<strong>Mat\u00e8ria primera<\/strong>: Melassa de canya de sucre<\/p>\n<p><strong>Proc\u00e9s de destil\u00b7laci\u00f3<\/strong>: Destil\u00b7laci\u00f3 cont\u00ednua per eliminar impureses i obtenir un rom m\u00e9s sec<\/p>\n<p><strong>Envelliment<\/strong>: En b\u00f3tes de roure americ\u00e0 pr\u00e8viament usades per a bourbon (entre 3 i 5 anys)<\/p>\n<h4><strong>Diferenciaci\u00f3:<\/p>\n<p><\/strong><\/h4>\n<p>Brugal A\u00f1ejo es distingeix al mercat pel seu perfil sec, un segell distintiu de la marca que el diferencia d\u2019altres roms caribenys m\u00e9s dol\u00e7os. El seu proc\u00e9s d\u2019envelliment en b\u00f3tes ex-bourbon li aporta notes de fusta i esp\u00e8cies, oferint una experi\u00e8ncia refinada tant per als aficionats al rom com per a aquells que busquen una opci\u00f3 de qualitat en cocteleria. <\/p>\n<\/div>\n<\/div>\n<\/div>\n<\/div>\n<p>&nbsp;<\/p>\n","protected":false},"excerpt":{"rendered":"<p>Brugal A\u00f1ejo \u00e9s un rom dominic\u00e0 premium, reconegut per la seva suavitat, car\u00e0cter equilibrat i proc\u00e9s d\u2019envelliment en b\u00f3tes de roure americ\u00e0. \u00c9s produ\u00eft per Brugal &amp; Co., una de les destil\u00b7leries m\u00e9s prestigioses de la Rep\u00fablica Dominicana, amb m\u00e9s de 130 anys de tradici\u00f3 en l\u2019elaboraci\u00f3 de roms d\u2019alta qualitat. Caracter\u00edstiques del Producte: Origen:&hellip;<\/p>\n","protected":false},"featured_media":80638,"comment_status":"closed","ping_status":"closed","template":"","meta":{"_acf_changed":false},"pwb-brand":[],"product_brand":[],"product_cat":[51692,51720],"product_tag":[15490,15234,15489,38940,38943],"class_list":{"0":"post-80641","1":"product","2":"type-product","3":"status-publish","4":"has-post-thumbnail","6":"product_cat-destillats","7":"product_cat-rom","8":"product_tag-anejo-ca","9":"product_tag-brugal-ca","10":"product_tag-puerto-plata-ca","11":"product_tag-rom","12":"product_tag-rom-dominica","13":"pa_bodega-brugalco","14":"pa_formatoenl-36167","15":"pa_formatoenml-38307","16":"pa_graduacion-38_0","17":"pa_pais-republica-dominicana","18":"pa_pesoengramos-38337","19":"pa_pesoenkg-125-ca","20":"pa_pueblociudad-puertoplata","21":"entry","22":"has-media","24":"first","25":"instock","26":"taxable","27":"shipping-taxable","28":"purchasable","29":"product-type-simple"},"acf":[],"yoast_head":"<!-- This site is optimized with the Yoast SEO Premium plugin v23.1 (Yoast SEO v23.5) - https:\/\/yoast.com\/wordpress\/plugins\/seo\/ -->\n<title>Ron Brugal A\u00f1ejo<\/title>\n<meta name=\"description\" content=\"Comprar online Brugal A\u00f1ejo\" \/>\n<meta name=\"robots\" content=\"noindex, follow, max-snippet:-1, max-image-preview:large, max-video-preview:-1\" \/>\n<meta property=\"og:locale\" content=\"ca_ES\" \/>\n<meta property=\"og:type\" content=\"article\" \/>\n<meta property=\"og:title\" content=\"Brugal A\u00f1ejo\" \/>\n<meta property=\"og:description\" content=\"Comprar online Brugal A\u00f1ejo\" \/>\n<meta property=\"og:url\" content=\"https:\/\/aral2.cetrexmarketing.com\/ca\/producto\/brugal-anejo-2\/\" \/>\n<meta property=\"og:site_name\" content=\"M\u00f3n La Cata\" \/>\n<meta property=\"article:modified_time\" content=\"2025-05-24T07:33:18+00:00\" \/>\n<meta property=\"og:image\" content=\"https:\/\/aral2.cetrexmarketing.com\/wp-content\/uploads\/2025\/05\/brugal-anejo-1.png\" \/>\n\t<meta property=\"og:image:width\" content=\"765\" \/>\n\t<meta property=\"og:image:height\" content=\"1024\" \/>\n\t<meta property=\"og:image:type\" content=\"image\/png\" \/>\n<meta name=\"twitter:card\" content=\"summary_large_image\" \/>\n<meta name=\"twitter:label1\" content=\"Temps estimat de lectura\" \/>\n\t<meta name=\"twitter:data1\" content=\"1 minut\" \/>\n<script type=\"application\/ld+json\" class=\"yoast-schema-graph\">{\"@context\":\"https:\/\/schema.org\",\"@graph\":[{\"@type\":\"WebPage\",\"@id\":\"https:\/\/aral2.cetrexmarketing.com\/ca\/producto\/brugal-anejo-2\/\",\"url\":\"https:\/\/aral2.cetrexmarketing.com\/ca\/producto\/brugal-anejo-2\/\",\"name\":\"Ron Brugal A\u00f1ejo\",\"isPartOf\":{\"@id\":\"https:\/\/aral2.cetrexmarketing.com\/#website\"},\"primaryImageOfPage\":{\"@id\":\"https:\/\/aral2.cetrexmarketing.com\/ca\/producto\/brugal-anejo-2\/#primaryimage\"},\"image\":{\"@id\":\"https:\/\/aral2.cetrexmarketing.com\/ca\/producto\/brugal-anejo-2\/#primaryimage\"},\"thumbnailUrl\":\"https:\/\/aral2.cetrexmarketing.com\/wp-content\/uploads\/2025\/05\/brugal-anejo-1.png\",\"datePublished\":\"2025-05-24T07:33:17+00:00\",\"dateModified\":\"2025-05-24T07:33:18+00:00\",\"description\":\"Comprar online Brugal A\u00f1ejo\",\"breadcrumb\":{\"@id\":\"https:\/\/aral2.cetrexmarketing.com\/ca\/producto\/brugal-anejo-2\/#breadcrumb\"},\"inLanguage\":\"ca\",\"potentialAction\":[{\"@type\":\"ReadAction\",\"target\":[\"https:\/\/aral2.cetrexmarketing.com\/ca\/producto\/brugal-anejo-2\/\"]}]},{\"@type\":\"ImageObject\",\"inLanguage\":\"ca\",\"@id\":\"https:\/\/aral2.cetrexmarketing.com\/ca\/producto\/brugal-anejo-2\/#primaryimage\",\"url\":\"https:\/\/aral2.cetrexmarketing.com\/wp-content\/uploads\/2025\/05\/brugal-anejo-1.png\",\"contentUrl\":\"https:\/\/aral2.cetrexmarketing.com\/wp-content\/uploads\/2025\/05\/brugal-anejo-1.png\",\"width\":765,\"height\":1024},{\"@type\":\"BreadcrumbList\",\"@id\":\"https:\/\/aral2.cetrexmarketing.com\/ca\/producto\/brugal-anejo-2\/#breadcrumb\",\"itemListElement\":[{\"@type\":\"ListItem\",\"position\":1,\"name\":\"Home\",\"item\":\"https:\/\/aral2.cetrexmarketing.com\/ca\/\"},{\"@type\":\"ListItem\",\"position\":2,\"name\":\"Tienda\",\"item\":\"https:\/\/aral2.cetrexmarketing.com\/ca\/tienda-2\/\"},{\"@type\":\"ListItem\",\"position\":3,\"name\":\"Destil\u00b7lats\",\"item\":\"https:\/\/aral2.cetrexmarketing.com\/categoria-producto\/destil%c2%b7lats\/\"},{\"@type\":\"ListItem\",\"position\":4,\"name\":\"Rom\",\"item\":\"https:\/\/aral2.cetrexmarketing.com\/categoria-producto\/destil%c2%b7lats\/rom\/\"},{\"@type\":\"ListItem\",\"position\":5,\"name\":\"Brugal A\u00f1ejo\"}]},{\"@type\":\"WebSite\",\"@id\":\"https:\/\/aral2.cetrexmarketing.com\/#website\",\"url\":\"https:\/\/aral2.cetrexmarketing.com\/\",\"name\":\"M\u00f3n La Cata\",\"description\":\"Tienda de vinos, licores, cervezas y gourmet\",\"publisher\":{\"@id\":\"https:\/\/aral2.cetrexmarketing.com\/#organization\"},\"potentialAction\":[{\"@type\":\"SearchAction\",\"target\":{\"@type\":\"EntryPoint\",\"urlTemplate\":\"https:\/\/aral2.cetrexmarketing.com\/?s={search_term_string}\"},\"query-input\":{\"@type\":\"PropertyValueSpecification\",\"valueRequired\":true,\"valueName\":\"search_term_string\"}}],\"inLanguage\":\"ca\"},{\"@type\":\"Organization\",\"@id\":\"https:\/\/aral2.cetrexmarketing.com\/#organization\",\"name\":\"M\u00f3n La Cata\",\"url\":\"https:\/\/aral2.cetrexmarketing.com\/\",\"logo\":{\"@type\":\"ImageObject\",\"inLanguage\":\"ca\",\"@id\":\"https:\/\/aral2.cetrexmarketing.com\/#\/schema\/logo\/image\/\",\"url\":\"https:\/\/aral2.cetrexmarketing.com\/wp-content\/uploads\/2024\/10\/aral-logo-neg-1024x409-1.png\",\"contentUrl\":\"https:\/\/aral2.cetrexmarketing.com\/wp-content\/uploads\/2024\/10\/aral-logo-neg-1024x409-1.png\",\"width\":1024,\"height\":409,\"caption\":\"M\u00f3n La Cata\"},\"image\":{\"@id\":\"https:\/\/aral2.cetrexmarketing.com\/#\/schema\/logo\/image\/\"}}]}<\/script>\n<!-- \/ Yoast SEO Premium plugin. -->","yoast_head_json":{"title":"Ron Brugal A\u00f1ejo","description":"Comprar online Brugal A\u00f1ejo","robots":{"index":"noindex","follow":"follow","max-snippet":"max-snippet:-1","max-image-preview":"max-image-preview:large","max-video-preview":"max-video-preview:-1"},"og_locale":"ca_ES","og_type":"article","og_title":"Brugal A\u00f1ejo","og_description":"Comprar online Brugal A\u00f1ejo","og_url":"https:\/\/aral2.cetrexmarketing.com\/ca\/producto\/brugal-anejo-2\/","og_site_name":"M\u00f3n La Cata","article_modified_time":"2025-05-24T07:33:18+00:00","og_image":[{"width":765,"height":1024,"url":"https:\/\/aral2.cetrexmarketing.com\/wp-content\/uploads\/2025\/05\/brugal-anejo-1.png","type":"image\/png"}],"twitter_card":"summary_large_image","twitter_misc":{"Temps estimat de lectura":"1 minut"},"schema":{"@context":"https:\/\/schema.org","@graph":[{"@type":"WebPage","@id":"https:\/\/aral2.cetrexmarketing.com\/ca\/producto\/brugal-anejo-2\/","url":"https:\/\/aral2.cetrexmarketing.com\/ca\/producto\/brugal-anejo-2\/","name":"Ron Brugal A\u00f1ejo","isPartOf":{"@id":"https:\/\/aral2.cetrexmarketing.com\/#website"},"primaryImageOfPage":{"@id":"https:\/\/aral2.cetrexmarketing.com\/ca\/producto\/brugal-anejo-2\/#primaryimage"},"image":{"@id":"https:\/\/aral2.cetrexmarketing.com\/ca\/producto\/brugal-anejo-2\/#primaryimage"},"thumbnailUrl":"https:\/\/aral2.cetrexmarketing.com\/wp-content\/uploads\/2025\/05\/brugal-anejo-1.png","datePublished":"2025-05-24T07:33:17+00:00","dateModified":"2025-05-24T07:33:18+00:00","description":"Comprar online Brugal A\u00f1ejo","breadcrumb":{"@id":"https:\/\/aral2.cetrexmarketing.com\/ca\/producto\/brugal-anejo-2\/#breadcrumb"},"inLanguage":"ca","potentialAction":[{"@type":"ReadAction","target":["https:\/\/aral2.cetrexmarketing.com\/ca\/producto\/brugal-anejo-2\/"]}]},{"@type":"ImageObject","inLanguage":"ca","@id":"https:\/\/aral2.cetrexmarketing.com\/ca\/producto\/brugal-anejo-2\/#primaryimage","url":"https:\/\/aral2.cetrexmarketing.com\/wp-content\/uploads\/2025\/05\/brugal-anejo-1.png","contentUrl":"https:\/\/aral2.cetrexmarketing.com\/wp-content\/uploads\/2025\/05\/brugal-anejo-1.png","width":765,"height":1024},{"@type":"BreadcrumbList","@id":"https:\/\/aral2.cetrexmarketing.com\/ca\/producto\/brugal-anejo-2\/#breadcrumb","itemListElement":[{"@type":"ListItem","position":1,"name":"Home","item":"https:\/\/aral2.cetrexmarketing.com\/ca\/"},{"@type":"ListItem","position":2,"name":"Tienda","item":"https:\/\/aral2.cetrexmarketing.com\/ca\/tienda-2\/"},{"@type":"ListItem","position":3,"name":"Destil\u00b7lats","item":"https:\/\/aral2.cetrexmarketing.com\/categoria-producto\/destil%c2%b7lats\/"},{"@type":"ListItem","position":4,"name":"Rom","item":"https:\/\/aral2.cetrexmarketing.com\/categoria-producto\/destil%c2%b7lats\/rom\/"},{"@type":"ListItem","position":5,"name":"Brugal A\u00f1ejo"}]},{"@type":"WebSite","@id":"https:\/\/aral2.cetrexmarketing.com\/#website","url":"https:\/\/aral2.cetrexmarketing.com\/","name":"M\u00f3n La Cata","description":"Tienda de vinos, licores, cervezas y gourmet","publisher":{"@id":"https:\/\/aral2.cetrexmarketing.com\/#organization"},"potentialAction":[{"@type":"SearchAction","target":{"@type":"EntryPoint","urlTemplate":"https:\/\/aral2.cetrexmarketing.com\/?s={search_term_string}"},"query-input":{"@type":"PropertyValueSpecification","valueRequired":true,"valueName":"search_term_string"}}],"inLanguage":"ca"},{"@type":"Organization","@id":"https:\/\/aral2.cetrexmarketing.com\/#organization","name":"M\u00f3n La Cata","url":"https:\/\/aral2.cetrexmarketing.com\/","logo":{"@type":"ImageObject","inLanguage":"ca","@id":"https:\/\/aral2.cetrexmarketing.com\/#\/schema\/logo\/image\/","url":"https:\/\/aral2.cetrexmarketing.com\/wp-content\/uploads\/2024\/10\/aral-logo-neg-1024x409-1.png","contentUrl":"https:\/\/aral2.cetrexmarketing.com\/wp-content\/uploads\/2024\/10\/aral-logo-neg-1024x409-1.png","width":1024,"height":409,"caption":"M\u00f3n La Cata"},"image":{"@id":"https:\/\/aral2.cetrexmarketing.com\/#\/schema\/logo\/image\/"}}]}},"brands":[],"_links":{"self":[{"href":"https:\/\/aral2.cetrexmarketing.com\/ca\/wp-json\/wp\/v2\/product\/80641","targetHints":{"allow":["GET"]}}],"collection":[{"href":"https:\/\/aral2.cetrexmarketing.com\/ca\/wp-json\/wp\/v2\/product"}],"about":[{"href":"https:\/\/aral2.cetrexmarketing.com\/ca\/wp-json\/wp\/v2\/types\/product"}],"replies":[{"embeddable":true,"href":"https:\/\/aral2.cetrexmarketing.com\/ca\/wp-json\/wp\/v2\/comments?post=80641"}],"wp:featuredmedia":[{"embeddable":true,"href":"https:\/\/aral2.cetrexmarketing.com\/ca\/wp-json\/wp\/v2\/media\/80638"}],"wp:attachment":[{"href":"https:\/\/aral2.cetrexmarketing.com\/ca\/wp-json\/wp\/v2\/media?parent=80641"}],"wp:term":[{"taxonomy":"pwb-brand","embeddable":true,"href":"https:\/\/aral2.cetrexmarketing.com\/ca\/wp-json\/wp\/v2\/pwb-brand?post=80641"},{"taxonomy":"product_brand","embeddable":true,"href":"https:\/\/aral2.cetrexmarketing.com\/ca\/wp-json\/wp\/v2\/product_brand?post=80641"},{"taxonomy":"product_cat","embeddable":true,"href":"https:\/\/aral2.cetrexmarketing.com\/ca\/wp-json\/wp\/v2\/product_cat?post=80641"},{"taxonomy":"product_tag","embeddable":true,"href":"https:\/\/aral2.cetrexmarketing.com\/ca\/wp-json\/wp\/v2\/product_tag?post=80641"}],"curies":[{"name":"wp","href":"https:\/\/api.w.org\/{rel}","templated":true}]}}