{"id":79850,"date":"2025-05-24T07:18:47","date_gmt":"2025-05-24T07:18:47","guid":{"rendered":"https:\/\/aral2.cetrexmarketing.com\/producto\/chartreuse-verd\/"},"modified":"2025-05-24T07:18:48","modified_gmt":"2025-05-24T07:18:48","slug":"chartreuse-verd","status":"publish","type":"product","link":"https:\/\/aral2.cetrexmarketing.com\/ca\/producto\/chartreuse-verd\/","title":{"rendered":"Chartreuse Verd"},"content":{"rendered":"<div class=\"flex max-w-full flex-col flex-grow\">\n<div class=\"min-h-8 text-message flex w-full flex-col items-end gap-2 whitespace-normal break-words text-start [.text-message+&amp;]:mt-5\" dir=\"auto\" data-message-author-role=\"assistant\" data-message-id=\"eaff6ca3-9d09-44d8-a16c-e0e532fc0b92\" data-message-model-slug=\"gpt-4o\">\n<div class=\"flex w-full flex-col gap-1 empty:hidden first:pt-[3px]\">\n<div class=\"markdown prose w-full break-words dark:prose-invert light\">\n<p>El <strong>Chartreuse Verd<\/strong> \u00e9s un licor herbal franc\u00e8s amb una recepta secreta i ancestral que data de 1605. \u00c9s elaborat pels monjos cartoixans a la regi\u00f3 de Voiron, a prop de Grenoble, Fran\u00e7a. La seva recepta, basada en <strong>130 herbes, flors i esp\u00e8cies<\/strong>, continua sent un misteri, conegut nom\u00e9s per dos monjos a tot el m\u00f3n.<\/p>\n<h4><strong>Caracter\u00edstiques del Producte<\/p>\n<p><\/strong><\/h4>\n<ul>\n<li><strong>Color<\/strong>: Verd intens i brillant, derivat naturalment dels seus ingredients bot\u00e0nics.\n<\/li>\n<li><strong>Aroma<\/strong>: Notes herbals complexes amb matisos de menta, eucaliptus, an\u00eds i esp\u00e8cies dolces.\n<\/li>\n<li><strong>Sabor:<\/strong> Equilibrat entre dol\u00e7or y amargor, amb una explosi\u00f3 d&#8217;herbes fresques, especies i un final persistent i c\u00e0lid.<\/li>\n<li><strong>Graduaci\u00f3 Alcoholica:<\/strong> 55% vol.<\/li>\n<li><strong>Elaboraci\u00f3<\/strong>: Maceraci\u00f3 i destil\u00b7laci\u00f3 d&#8217;herbes seleccionades, seguida d&#8217;un envelliment en b\u00f3tes de roure per desenvolupar la seva complexitat.<\/li>\n<\/ul>\n<\/div>\n<\/div>\n<\/div>\n<\/div>\n<div class=\"mt-3 w-full empty:hidden\">\n<div class=\"text-center\">\n<div class=\"mx-auto\">\n<div>\n<div class=\"inline-flex rounded-xl border border-gray-100 dark:border-gray-700\">\n<div class=\"flex items-center justify-center gap-4 px-4 py-3 text-sm text-token-text-secondary\"><\/div>\n<\/div>\n<\/div>\n<\/div>\n<\/div>\n<\/div>\n","protected":false},"excerpt":{"rendered":"<p>El Chartreuse Verd \u00e9s un licor herbal franc\u00e8s amb una recepta secreta i ancestral que data de 1605. \u00c9s elaborat pels monjos cartoixans a la regi\u00f3 de Voiron, a prop de Grenoble, Fran\u00e7a. La seva recepta, basada en 130 herbes, flors i esp\u00e8cies, continua sent un misteri, conegut nom\u00e9s per dos monjos a tot el&hellip;<\/p>\n","protected":false},"featured_media":79847,"comment_status":"closed","ping_status":"closed","template":"","meta":{"_acf_changed":false},"pwb-brand":[],"product_brand":[],"product_cat":[51692,51714,51715],"product_tag":[15380,15290,15214],"class_list":{"0":"post-79850","1":"product","2":"type-product","3":"status-publish","4":"has-post-thumbnail","6":"product_cat-destillats","7":"product_cat-digestiu","8":"product_cat-licor-destillats","9":"product_tag-chartreuse-ca","10":"product_tag-digestivo-ca","11":"product_tag-licor-ca","12":"pa_bodega-pereschartreux","13":"pa_formatoenl-36167","14":"pa_formatoenml-38307","15":"pa_graduacion-55_0","16":"pa_pais-franca","17":"pa_pesoengramos-38337","18":"pa_pesoenkg-125-ca","19":"entry","20":"has-media","22":"first","23":"instock","24":"taxable","25":"shipping-taxable","26":"purchasable","27":"product-type-simple"},"acf":[],"yoast_head":"<!-- This site is optimized with the Yoast SEO Premium plugin v23.1 (Yoast SEO v23.5) - https:\/\/yoast.com\/wordpress\/plugins\/seo\/ -->\n<title>Chartreuse Verd licor<\/title>\n<meta name=\"description\" content=\"Comprar online el licor digestiu Chartreuse Verd (Francia). Ofertes. Web r\u00e0pida i segura. Vinoteca. Licoreria. Destil\u00b7lats.\" \/>\n<meta name=\"robots\" content=\"noindex, follow, max-snippet:-1, max-image-preview:large, max-video-preview:-1\" \/>\n<meta property=\"og:locale\" content=\"ca_ES\" \/>\n<meta property=\"og:type\" content=\"article\" \/>\n<meta property=\"og:title\" content=\"Chartreuse Verd\" \/>\n<meta property=\"og:description\" content=\"Comprar online el licor digestiu Chartreuse Verd (Francia). Ofertes. Web r\u00e0pida i segura. Vinoteca. Licoreria. Destil\u00b7lats.\" \/>\n<meta property=\"og:url\" content=\"https:\/\/aral2.cetrexmarketing.com\/ca\/producto\/chartreuse-verd\/\" \/>\n<meta property=\"og:site_name\" content=\"M\u00f3n La Cata\" \/>\n<meta property=\"article:modified_time\" content=\"2025-05-24T07:18:48+00:00\" \/>\n<meta property=\"og:image\" content=\"https:\/\/aral2.cetrexmarketing.com\/wp-content\/uploads\/2025\/05\/CHARTREUSE-VERDE.jpeg.png\" \/>\n\t<meta property=\"og:image:width\" content=\"765\" \/>\n\t<meta property=\"og:image:height\" content=\"1024\" \/>\n\t<meta property=\"og:image:type\" content=\"image\/png\" \/>\n<meta name=\"twitter:card\" content=\"summary_large_image\" \/>\n<meta name=\"twitter:label1\" content=\"Temps estimat de lectura\" \/>\n\t<meta name=\"twitter:data1\" content=\"1 minut\" \/>\n<script type=\"application\/ld+json\" class=\"yoast-schema-graph\">{\"@context\":\"https:\/\/schema.org\",\"@graph\":[{\"@type\":\"WebPage\",\"@id\":\"https:\/\/aral2.cetrexmarketing.com\/ca\/producto\/chartreuse-verd\/\",\"url\":\"https:\/\/aral2.cetrexmarketing.com\/ca\/producto\/chartreuse-verd\/\",\"name\":\"Chartreuse Verd licor\",\"isPartOf\":{\"@id\":\"https:\/\/aral2.cetrexmarketing.com\/#website\"},\"primaryImageOfPage\":{\"@id\":\"https:\/\/aral2.cetrexmarketing.com\/ca\/producto\/chartreuse-verd\/#primaryimage\"},\"image\":{\"@id\":\"https:\/\/aral2.cetrexmarketing.com\/ca\/producto\/chartreuse-verd\/#primaryimage\"},\"thumbnailUrl\":\"https:\/\/aral2.cetrexmarketing.com\/wp-content\/uploads\/2025\/05\/CHARTREUSE-VERDE.jpeg.png\",\"datePublished\":\"2025-05-24T07:18:47+00:00\",\"dateModified\":\"2025-05-24T07:18:48+00:00\",\"description\":\"Comprar online el licor digestiu Chartreuse Verd (Francia). Ofertes. Web r\u00e0pida i segura. Vinoteca. Licoreria. Destil\u00b7lats.\",\"breadcrumb\":{\"@id\":\"https:\/\/aral2.cetrexmarketing.com\/ca\/producto\/chartreuse-verd\/#breadcrumb\"},\"inLanguage\":\"ca\",\"potentialAction\":[{\"@type\":\"ReadAction\",\"target\":[\"https:\/\/aral2.cetrexmarketing.com\/ca\/producto\/chartreuse-verd\/\"]}]},{\"@type\":\"ImageObject\",\"inLanguage\":\"ca\",\"@id\":\"https:\/\/aral2.cetrexmarketing.com\/ca\/producto\/chartreuse-verd\/#primaryimage\",\"url\":\"https:\/\/aral2.cetrexmarketing.com\/wp-content\/uploads\/2025\/05\/CHARTREUSE-VERDE.jpeg.png\",\"contentUrl\":\"https:\/\/aral2.cetrexmarketing.com\/wp-content\/uploads\/2025\/05\/CHARTREUSE-VERDE.jpeg.png\",\"width\":765,\"height\":1024},{\"@type\":\"BreadcrumbList\",\"@id\":\"https:\/\/aral2.cetrexmarketing.com\/ca\/producto\/chartreuse-verd\/#breadcrumb\",\"itemListElement\":[{\"@type\":\"ListItem\",\"position\":1,\"name\":\"Home\",\"item\":\"https:\/\/aral2.cetrexmarketing.com\/ca\/\"},{\"@type\":\"ListItem\",\"position\":2,\"name\":\"Tienda\",\"item\":\"https:\/\/aral2.cetrexmarketing.com\/ca\/tienda-2\/\"},{\"@type\":\"ListItem\",\"position\":3,\"name\":\"Destil\u00b7lats\",\"item\":\"https:\/\/aral2.cetrexmarketing.com\/categoria-producto\/home-ca\/destil-lats-ca\/\"},{\"@type\":\"ListItem\",\"position\":4,\"name\":\"Digestivo\",\"item\":\"https:\/\/aral2.cetrexmarketing.com\/categoria-producto\/inicio\/destilados\/digestivo\/\"},{\"@type\":\"ListItem\",\"position\":5,\"name\":\"Chartreuse Verd\"}]},{\"@type\":\"WebSite\",\"@id\":\"https:\/\/aral2.cetrexmarketing.com\/#website\",\"url\":\"https:\/\/aral2.cetrexmarketing.com\/\",\"name\":\"M\u00f3n La Cata\",\"description\":\"Tienda de vinos, licores, cervezas y gourmet\",\"publisher\":{\"@id\":\"https:\/\/aral2.cetrexmarketing.com\/#organization\"},\"potentialAction\":[{\"@type\":\"SearchAction\",\"target\":{\"@type\":\"EntryPoint\",\"urlTemplate\":\"https:\/\/aral2.cetrexmarketing.com\/?s={search_term_string}\"},\"query-input\":{\"@type\":\"PropertyValueSpecification\",\"valueRequired\":true,\"valueName\":\"search_term_string\"}}],\"inLanguage\":\"ca\"},{\"@type\":\"Organization\",\"@id\":\"https:\/\/aral2.cetrexmarketing.com\/#organization\",\"name\":\"M\u00f3n La Cata\",\"url\":\"https:\/\/aral2.cetrexmarketing.com\/\",\"logo\":{\"@type\":\"ImageObject\",\"inLanguage\":\"ca\",\"@id\":\"https:\/\/aral2.cetrexmarketing.com\/#\/schema\/logo\/image\/\",\"url\":\"https:\/\/aral2.cetrexmarketing.com\/wp-content\/uploads\/2024\/10\/aral-logo-neg-1024x409-1.png\",\"contentUrl\":\"https:\/\/aral2.cetrexmarketing.com\/wp-content\/uploads\/2024\/10\/aral-logo-neg-1024x409-1.png\",\"width\":1024,\"height\":409,\"caption\":\"M\u00f3n La Cata\"},\"image\":{\"@id\":\"https:\/\/aral2.cetrexmarketing.com\/#\/schema\/logo\/image\/\"}}]}<\/script>\n<!-- \/ Yoast SEO Premium plugin. -->","yoast_head_json":{"title":"Chartreuse Verd licor","description":"Comprar online el licor digestiu Chartreuse Verd (Francia). Ofertes. Web r\u00e0pida i segura. Vinoteca. Licoreria. Destil\u00b7lats.","robots":{"index":"noindex","follow":"follow","max-snippet":"max-snippet:-1","max-image-preview":"max-image-preview:large","max-video-preview":"max-video-preview:-1"},"og_locale":"ca_ES","og_type":"article","og_title":"Chartreuse Verd","og_description":"Comprar online el licor digestiu Chartreuse Verd (Francia). Ofertes. Web r\u00e0pida i segura. Vinoteca. Licoreria. Destil\u00b7lats.","og_url":"https:\/\/aral2.cetrexmarketing.com\/ca\/producto\/chartreuse-verd\/","og_site_name":"M\u00f3n La Cata","article_modified_time":"2025-05-24T07:18:48+00:00","og_image":[{"width":765,"height":1024,"url":"https:\/\/aral2.cetrexmarketing.com\/wp-content\/uploads\/2025\/05\/CHARTREUSE-VERDE.jpeg.png","type":"image\/png"}],"twitter_card":"summary_large_image","twitter_misc":{"Temps estimat de lectura":"1 minut"},"schema":{"@context":"https:\/\/schema.org","@graph":[{"@type":"WebPage","@id":"https:\/\/aral2.cetrexmarketing.com\/ca\/producto\/chartreuse-verd\/","url":"https:\/\/aral2.cetrexmarketing.com\/ca\/producto\/chartreuse-verd\/","name":"Chartreuse Verd licor","isPartOf":{"@id":"https:\/\/aral2.cetrexmarketing.com\/#website"},"primaryImageOfPage":{"@id":"https:\/\/aral2.cetrexmarketing.com\/ca\/producto\/chartreuse-verd\/#primaryimage"},"image":{"@id":"https:\/\/aral2.cetrexmarketing.com\/ca\/producto\/chartreuse-verd\/#primaryimage"},"thumbnailUrl":"https:\/\/aral2.cetrexmarketing.com\/wp-content\/uploads\/2025\/05\/CHARTREUSE-VERDE.jpeg.png","datePublished":"2025-05-24T07:18:47+00:00","dateModified":"2025-05-24T07:18:48+00:00","description":"Comprar online el licor digestiu Chartreuse Verd (Francia). Ofertes. Web r\u00e0pida i segura. Vinoteca. Licoreria. Destil\u00b7lats.","breadcrumb":{"@id":"https:\/\/aral2.cetrexmarketing.com\/ca\/producto\/chartreuse-verd\/#breadcrumb"},"inLanguage":"ca","potentialAction":[{"@type":"ReadAction","target":["https:\/\/aral2.cetrexmarketing.com\/ca\/producto\/chartreuse-verd\/"]}]},{"@type":"ImageObject","inLanguage":"ca","@id":"https:\/\/aral2.cetrexmarketing.com\/ca\/producto\/chartreuse-verd\/#primaryimage","url":"https:\/\/aral2.cetrexmarketing.com\/wp-content\/uploads\/2025\/05\/CHARTREUSE-VERDE.jpeg.png","contentUrl":"https:\/\/aral2.cetrexmarketing.com\/wp-content\/uploads\/2025\/05\/CHARTREUSE-VERDE.jpeg.png","width":765,"height":1024},{"@type":"BreadcrumbList","@id":"https:\/\/aral2.cetrexmarketing.com\/ca\/producto\/chartreuse-verd\/#breadcrumb","itemListElement":[{"@type":"ListItem","position":1,"name":"Home","item":"https:\/\/aral2.cetrexmarketing.com\/ca\/"},{"@type":"ListItem","position":2,"name":"Tienda","item":"https:\/\/aral2.cetrexmarketing.com\/ca\/tienda-2\/"},{"@type":"ListItem","position":3,"name":"Destil\u00b7lats","item":"https:\/\/aral2.cetrexmarketing.com\/categoria-producto\/home-ca\/destil-lats-ca\/"},{"@type":"ListItem","position":4,"name":"Digestivo","item":"https:\/\/aral2.cetrexmarketing.com\/categoria-producto\/inicio\/destilados\/digestivo\/"},{"@type":"ListItem","position":5,"name":"Chartreuse Verd"}]},{"@type":"WebSite","@id":"https:\/\/aral2.cetrexmarketing.com\/#website","url":"https:\/\/aral2.cetrexmarketing.com\/","name":"M\u00f3n La Cata","description":"Tienda de vinos, licores, cervezas y gourmet","publisher":{"@id":"https:\/\/aral2.cetrexmarketing.com\/#organization"},"potentialAction":[{"@type":"SearchAction","target":{"@type":"EntryPoint","urlTemplate":"https:\/\/aral2.cetrexmarketing.com\/?s={search_term_string}"},"query-input":{"@type":"PropertyValueSpecification","valueRequired":true,"valueName":"search_term_string"}}],"inLanguage":"ca"},{"@type":"Organization","@id":"https:\/\/aral2.cetrexmarketing.com\/#organization","name":"M\u00f3n La Cata","url":"https:\/\/aral2.cetrexmarketing.com\/","logo":{"@type":"ImageObject","inLanguage":"ca","@id":"https:\/\/aral2.cetrexmarketing.com\/#\/schema\/logo\/image\/","url":"https:\/\/aral2.cetrexmarketing.com\/wp-content\/uploads\/2024\/10\/aral-logo-neg-1024x409-1.png","contentUrl":"https:\/\/aral2.cetrexmarketing.com\/wp-content\/uploads\/2024\/10\/aral-logo-neg-1024x409-1.png","width":1024,"height":409,"caption":"M\u00f3n La Cata"},"image":{"@id":"https:\/\/aral2.cetrexmarketing.com\/#\/schema\/logo\/image\/"}}]}},"brands":[],"_links":{"self":[{"href":"https:\/\/aral2.cetrexmarketing.com\/ca\/wp-json\/wp\/v2\/product\/79850","targetHints":{"allow":["GET"]}}],"collection":[{"href":"https:\/\/aral2.cetrexmarketing.com\/ca\/wp-json\/wp\/v2\/product"}],"about":[{"href":"https:\/\/aral2.cetrexmarketing.com\/ca\/wp-json\/wp\/v2\/types\/product"}],"replies":[{"embeddable":true,"href":"https:\/\/aral2.cetrexmarketing.com\/ca\/wp-json\/wp\/v2\/comments?post=79850"}],"wp:featuredmedia":[{"embeddable":true,"href":"https:\/\/aral2.cetrexmarketing.com\/ca\/wp-json\/wp\/v2\/media\/79847"}],"wp:attachment":[{"href":"https:\/\/aral2.cetrexmarketing.com\/ca\/wp-json\/wp\/v2\/media?parent=79850"}],"wp:term":[{"taxonomy":"pwb-brand","embeddable":true,"href":"https:\/\/aral2.cetrexmarketing.com\/ca\/wp-json\/wp\/v2\/pwb-brand?post=79850"},{"taxonomy":"product_brand","embeddable":true,"href":"https:\/\/aral2.cetrexmarketing.com\/ca\/wp-json\/wp\/v2\/product_brand?post=79850"},{"taxonomy":"product_cat","embeddable":true,"href":"https:\/\/aral2.cetrexmarketing.com\/ca\/wp-json\/wp\/v2\/product_cat?post=79850"},{"taxonomy":"product_tag","embeddable":true,"href":"https:\/\/aral2.cetrexmarketing.com\/ca\/wp-json\/wp\/v2\/product_tag?post=79850"}],"curies":[{"name":"wp","href":"https:\/\/api.w.org\/{rel}","templated":true}]}}