{"id":79767,"date":"2025-05-24T07:17:42","date_gmt":"2025-05-24T07:17:42","guid":{"rendered":"https:\/\/aral2.cetrexmarketing.com\/producto\/cachaca-pitu-original-2\/"},"modified":"2025-05-24T07:17:43","modified_gmt":"2025-05-24T07:17:43","slug":"cachaca-pitu-original-2","status":"publish","type":"product","link":"https:\/\/aral2.cetrexmarketing.com\/ca\/producto\/cachaca-pitu-original-2\/","title":{"rendered":"Cacha\u00e7a Pit\u00fa Original"},"content":{"rendered":"<p>Pit\u00fa Original \u00e9s una marca ic\u00f2nica de cacha\u00e7a brasilera, \u00e0mpliament reconeguda tant a Brasil com a nivell internacional. La cacha\u00e7a \u00e9s un destil\u00b7lat t\u00edpic de Brasil, elaborat a partir de la fermentaci\u00f3 i destil\u00b7laci\u00f3 del suc de canya de sucre. Pit\u00fa es distingeix pel sabor aut\u00e8ntic i l&#8217;elaboraci\u00f3 tradicional, seguint m\u00e8todes que han estat perfeccionats al llarg dels anys.<\/p>\n<p>El sabor de Pit\u00fa Original \u00e9s intens i equilibrat, amb un toc de dol\u00e7or natural i un aroma fresc i lleugerament afruitat. Aquestes caracter\u00edstiques fan que sigui una excel\u00b7lent opci\u00f3 per gaudir sola, en un got amb gel, o com a base per a c\u00f2ctels. La caipirinha, un dels c\u00f2ctels m\u00e9s emblem\u00e0tics de Brasil, es real\u00e7a quan es prepara amb Pit\u00fa, a causa de la seva puresa i qualitat.<\/p>\n<p>L&#8217;ampolla de Pit\u00fa Original \u00e9s f\u00e0cilment reconeixible pel seu disseny distintiu, que inclou un logotip d&#8217;una gambeta (pit\u00fa) a l&#8217;etiqueta, simbolitzant-ne el nom. Aquest disseny no nom\u00e9s \u00e9s atractiu, sin\u00f3 que tamb\u00e9 reflecteix el comprom\u00eds de la marca amb la qualitat i la tradici\u00f3.<\/p>\n<p>Pit\u00fa Original \u00e9s una cacha\u00e7a que ha mantingut la seva tradici\u00f3 i autenticitat al llarg del temps, convertint-se en un referent dins del mercat de les cacha\u00e7as. El seu equilibri perfecte entre sabor i aroma la fa ideal per a diverses ocasions, des d\u00b4una reuni\u00f3 casual fins a celebracions especials. \u00c9s una elecci\u00f3 excel\u00b7lent per als que volen gaudir d&#8217;una veritable experi\u00e8ncia brasilera.<\/p>\n<p>En resum, Pit\u00fa Original \u00e9s una cacha\u00e7a que captura l&#8217;ess\u00e8ncia de Brasil, oferint un sabor aut\u00e8ntic i una qualitat inigualable, fent de cada glop una celebraci\u00f3 de la rica her\u00e8ncia i cultura brasilera.<\/p>\n","protected":false},"excerpt":{"rendered":"<p>Pit\u00fa Original \u00e9s una marca ic\u00f2nica de cacha\u00e7a brasilera, \u00e0mpliament reconeguda tant a Brasil com a nivell internacional. La cacha\u00e7a \u00e9s un destil\u00b7lat t\u00edpic de Brasil, elaborat a partir de la fermentaci\u00f3 i destil\u00b7laci\u00f3 del suc de canya de sucre. Pit\u00fa es distingeix pel sabor aut\u00e8ntic i l&#8217;elaboraci\u00f3 tradicional, seguint m\u00e8todes que han estat perfeccionats al llarg dels anys.<\/p>\n","protected":false},"featured_media":79764,"comment_status":"closed","ping_status":"closed","template":"","meta":{"_acf_changed":false},"pwb-brand":[],"product_brand":[],"product_cat":[51752,51692],"product_tag":[15369,50455,15370],"class_list":{"0":"post-79767","1":"product","2":"type-product","3":"status-publish","4":"has-post-thumbnail","6":"product_cat-cachaca","7":"product_cat-destillats","8":"product_tag-brasil-ca","9":"product_tag-cachaca-pitu-original-ca","10":"product_tag-cachaza-ca","11":"pa_elaborador-pitu-ca","12":"pa_formatoenml-38308","13":"pa_graduacion-40_0","14":"pa_pais-brasil-ca","15":"entry","16":"has-media","18":"first","19":"instock","20":"taxable","21":"shipping-taxable","22":"purchasable","23":"product-type-simple"},"acf":[],"yoast_head":"<!-- This site is optimized with the Yoast SEO Premium plugin v23.1 (Yoast SEO v23.5) - https:\/\/yoast.com\/wordpress\/plugins\/seo\/ -->\n<title>Cacha\u00e7a Pit\u00fa Original<\/title>\n<meta name=\"description\" content=\"Comprar online al millor preu licors i destil.lats d&#039;arreu del m\u00f3n com aquesta Cacha\u00e7a Pit\u00fa Original (Brasil). Web especialitzada en destil\u00b7lats i vins.\" \/>\n<meta name=\"robots\" content=\"noindex, follow, max-snippet:-1, max-image-preview:large, max-video-preview:-1\" \/>\n<meta property=\"og:locale\" content=\"ca_ES\" \/>\n<meta property=\"og:type\" content=\"article\" \/>\n<meta property=\"og:title\" content=\"Cacha\u00e7a Pit\u00fa Original\" \/>\n<meta property=\"og:description\" content=\"Comprar online al millor preu licors i destil.lats d&#039;arreu del m\u00f3n com aquesta Cacha\u00e7a Pit\u00fa Original (Brasil). Web especialitzada en destil\u00b7lats i vins.\" \/>\n<meta property=\"og:url\" content=\"https:\/\/aral2.cetrexmarketing.com\/ca\/producto\/cachaca-pitu-original-2\/\" \/>\n<meta property=\"og:site_name\" content=\"M\u00f3n La Cata\" \/>\n<meta property=\"article:modified_time\" content=\"2025-05-24T07:17:43+00:00\" \/>\n<meta property=\"og:image\" content=\"https:\/\/aral2.cetrexmarketing.com\/wp-content\/uploads\/2025\/05\/cachaca-pitu-original.jpg.png\" \/>\n\t<meta property=\"og:image:width\" content=\"765\" \/>\n\t<meta property=\"og:image:height\" content=\"1024\" \/>\n\t<meta property=\"og:image:type\" content=\"image\/png\" \/>\n<meta name=\"twitter:card\" content=\"summary_large_image\" \/>\n<meta name=\"twitter:label1\" content=\"Temps estimat de lectura\" \/>\n\t<meta name=\"twitter:data1\" content=\"2 minuts\" \/>\n<script type=\"application\/ld+json\" class=\"yoast-schema-graph\">{\"@context\":\"https:\/\/schema.org\",\"@graph\":[{\"@type\":\"WebPage\",\"@id\":\"https:\/\/aral2.cetrexmarketing.com\/ca\/producto\/cachaca-pitu-original-2\/\",\"url\":\"https:\/\/aral2.cetrexmarketing.com\/ca\/producto\/cachaca-pitu-original-2\/\",\"name\":\"Cacha\u00e7a Pit\u00fa Original\",\"isPartOf\":{\"@id\":\"https:\/\/aral2.cetrexmarketing.com\/#website\"},\"primaryImageOfPage\":{\"@id\":\"https:\/\/aral2.cetrexmarketing.com\/ca\/producto\/cachaca-pitu-original-2\/#primaryimage\"},\"image\":{\"@id\":\"https:\/\/aral2.cetrexmarketing.com\/ca\/producto\/cachaca-pitu-original-2\/#primaryimage\"},\"thumbnailUrl\":\"https:\/\/aral2.cetrexmarketing.com\/wp-content\/uploads\/2025\/05\/cachaca-pitu-original.jpg.png\",\"datePublished\":\"2025-05-24T07:17:42+00:00\",\"dateModified\":\"2025-05-24T07:17:43+00:00\",\"description\":\"Comprar online al millor preu licors i destil.lats d'arreu del m\u00f3n com aquesta Cacha\u00e7a Pit\u00fa Original (Brasil). Web especialitzada en destil\u00b7lats i vins.\",\"breadcrumb\":{\"@id\":\"https:\/\/aral2.cetrexmarketing.com\/ca\/producto\/cachaca-pitu-original-2\/#breadcrumb\"},\"inLanguage\":\"ca\",\"potentialAction\":[{\"@type\":\"ReadAction\",\"target\":[\"https:\/\/aral2.cetrexmarketing.com\/ca\/producto\/cachaca-pitu-original-2\/\"]}]},{\"@type\":\"ImageObject\",\"inLanguage\":\"ca\",\"@id\":\"https:\/\/aral2.cetrexmarketing.com\/ca\/producto\/cachaca-pitu-original-2\/#primaryimage\",\"url\":\"https:\/\/aral2.cetrexmarketing.com\/wp-content\/uploads\/2025\/05\/cachaca-pitu-original.jpg.png\",\"contentUrl\":\"https:\/\/aral2.cetrexmarketing.com\/wp-content\/uploads\/2025\/05\/cachaca-pitu-original.jpg.png\",\"width\":765,\"height\":1024},{\"@type\":\"BreadcrumbList\",\"@id\":\"https:\/\/aral2.cetrexmarketing.com\/ca\/producto\/cachaca-pitu-original-2\/#breadcrumb\",\"itemListElement\":[{\"@type\":\"ListItem\",\"position\":1,\"name\":\"Home\",\"item\":\"https:\/\/aral2.cetrexmarketing.com\/ca\/\"},{\"@type\":\"ListItem\",\"position\":2,\"name\":\"Tienda\",\"item\":\"https:\/\/aral2.cetrexmarketing.com\/ca\/tienda-2\/\"},{\"@type\":\"ListItem\",\"position\":3,\"name\":\"Destil\u00b7lats\",\"item\":\"https:\/\/aral2.cetrexmarketing.com\/categoria-producto\/destil%c2%b7lats\/\"},{\"@type\":\"ListItem\",\"position\":4,\"name\":\"Cacha\u00e7a\",\"item\":\"https:\/\/aral2.cetrexmarketing.com\/categoria-producto\/destil%c2%b7lats\/cachaca\/\"},{\"@type\":\"ListItem\",\"position\":5,\"name\":\"Cacha\u00e7a Pit\u00fa Original\"}]},{\"@type\":\"WebSite\",\"@id\":\"https:\/\/aral2.cetrexmarketing.com\/#website\",\"url\":\"https:\/\/aral2.cetrexmarketing.com\/\",\"name\":\"M\u00f3n La Cata\",\"description\":\"Tienda de vinos, licores, cervezas y gourmet\",\"publisher\":{\"@id\":\"https:\/\/aral2.cetrexmarketing.com\/#organization\"},\"potentialAction\":[{\"@type\":\"SearchAction\",\"target\":{\"@type\":\"EntryPoint\",\"urlTemplate\":\"https:\/\/aral2.cetrexmarketing.com\/?s={search_term_string}\"},\"query-input\":{\"@type\":\"PropertyValueSpecification\",\"valueRequired\":true,\"valueName\":\"search_term_string\"}}],\"inLanguage\":\"ca\"},{\"@type\":\"Organization\",\"@id\":\"https:\/\/aral2.cetrexmarketing.com\/#organization\",\"name\":\"M\u00f3n La Cata\",\"url\":\"https:\/\/aral2.cetrexmarketing.com\/\",\"logo\":{\"@type\":\"ImageObject\",\"inLanguage\":\"ca\",\"@id\":\"https:\/\/aral2.cetrexmarketing.com\/#\/schema\/logo\/image\/\",\"url\":\"https:\/\/aral2.cetrexmarketing.com\/wp-content\/uploads\/2024\/10\/aral-logo-neg-1024x409-1.png\",\"contentUrl\":\"https:\/\/aral2.cetrexmarketing.com\/wp-content\/uploads\/2024\/10\/aral-logo-neg-1024x409-1.png\",\"width\":1024,\"height\":409,\"caption\":\"M\u00f3n La Cata\"},\"image\":{\"@id\":\"https:\/\/aral2.cetrexmarketing.com\/#\/schema\/logo\/image\/\"}}]}<\/script>\n<!-- \/ Yoast SEO Premium plugin. -->","yoast_head_json":{"title":"Cacha\u00e7a Pit\u00fa Original","description":"Comprar online al millor preu licors i destil.lats d'arreu del m\u00f3n com aquesta Cacha\u00e7a Pit\u00fa Original (Brasil). Web especialitzada en destil\u00b7lats i vins.","robots":{"index":"noindex","follow":"follow","max-snippet":"max-snippet:-1","max-image-preview":"max-image-preview:large","max-video-preview":"max-video-preview:-1"},"og_locale":"ca_ES","og_type":"article","og_title":"Cacha\u00e7a Pit\u00fa Original","og_description":"Comprar online al millor preu licors i destil.lats d'arreu del m\u00f3n com aquesta Cacha\u00e7a Pit\u00fa Original (Brasil). Web especialitzada en destil\u00b7lats i vins.","og_url":"https:\/\/aral2.cetrexmarketing.com\/ca\/producto\/cachaca-pitu-original-2\/","og_site_name":"M\u00f3n La Cata","article_modified_time":"2025-05-24T07:17:43+00:00","og_image":[{"width":765,"height":1024,"url":"https:\/\/aral2.cetrexmarketing.com\/wp-content\/uploads\/2025\/05\/cachaca-pitu-original.jpg.png","type":"image\/png"}],"twitter_card":"summary_large_image","twitter_misc":{"Temps estimat de lectura":"2 minuts"},"schema":{"@context":"https:\/\/schema.org","@graph":[{"@type":"WebPage","@id":"https:\/\/aral2.cetrexmarketing.com\/ca\/producto\/cachaca-pitu-original-2\/","url":"https:\/\/aral2.cetrexmarketing.com\/ca\/producto\/cachaca-pitu-original-2\/","name":"Cacha\u00e7a Pit\u00fa Original","isPartOf":{"@id":"https:\/\/aral2.cetrexmarketing.com\/#website"},"primaryImageOfPage":{"@id":"https:\/\/aral2.cetrexmarketing.com\/ca\/producto\/cachaca-pitu-original-2\/#primaryimage"},"image":{"@id":"https:\/\/aral2.cetrexmarketing.com\/ca\/producto\/cachaca-pitu-original-2\/#primaryimage"},"thumbnailUrl":"https:\/\/aral2.cetrexmarketing.com\/wp-content\/uploads\/2025\/05\/cachaca-pitu-original.jpg.png","datePublished":"2025-05-24T07:17:42+00:00","dateModified":"2025-05-24T07:17:43+00:00","description":"Comprar online al millor preu licors i destil.lats d'arreu del m\u00f3n com aquesta Cacha\u00e7a Pit\u00fa Original (Brasil). Web especialitzada en destil\u00b7lats i vins.","breadcrumb":{"@id":"https:\/\/aral2.cetrexmarketing.com\/ca\/producto\/cachaca-pitu-original-2\/#breadcrumb"},"inLanguage":"ca","potentialAction":[{"@type":"ReadAction","target":["https:\/\/aral2.cetrexmarketing.com\/ca\/producto\/cachaca-pitu-original-2\/"]}]},{"@type":"ImageObject","inLanguage":"ca","@id":"https:\/\/aral2.cetrexmarketing.com\/ca\/producto\/cachaca-pitu-original-2\/#primaryimage","url":"https:\/\/aral2.cetrexmarketing.com\/wp-content\/uploads\/2025\/05\/cachaca-pitu-original.jpg.png","contentUrl":"https:\/\/aral2.cetrexmarketing.com\/wp-content\/uploads\/2025\/05\/cachaca-pitu-original.jpg.png","width":765,"height":1024},{"@type":"BreadcrumbList","@id":"https:\/\/aral2.cetrexmarketing.com\/ca\/producto\/cachaca-pitu-original-2\/#breadcrumb","itemListElement":[{"@type":"ListItem","position":1,"name":"Home","item":"https:\/\/aral2.cetrexmarketing.com\/ca\/"},{"@type":"ListItem","position":2,"name":"Tienda","item":"https:\/\/aral2.cetrexmarketing.com\/ca\/tienda-2\/"},{"@type":"ListItem","position":3,"name":"Destil\u00b7lats","item":"https:\/\/aral2.cetrexmarketing.com\/categoria-producto\/destil%c2%b7lats\/"},{"@type":"ListItem","position":4,"name":"Cacha\u00e7a","item":"https:\/\/aral2.cetrexmarketing.com\/categoria-producto\/destil%c2%b7lats\/cachaca\/"},{"@type":"ListItem","position":5,"name":"Cacha\u00e7a Pit\u00fa Original"}]},{"@type":"WebSite","@id":"https:\/\/aral2.cetrexmarketing.com\/#website","url":"https:\/\/aral2.cetrexmarketing.com\/","name":"M\u00f3n La Cata","description":"Tienda de vinos, licores, cervezas y gourmet","publisher":{"@id":"https:\/\/aral2.cetrexmarketing.com\/#organization"},"potentialAction":[{"@type":"SearchAction","target":{"@type":"EntryPoint","urlTemplate":"https:\/\/aral2.cetrexmarketing.com\/?s={search_term_string}"},"query-input":{"@type":"PropertyValueSpecification","valueRequired":true,"valueName":"search_term_string"}}],"inLanguage":"ca"},{"@type":"Organization","@id":"https:\/\/aral2.cetrexmarketing.com\/#organization","name":"M\u00f3n La Cata","url":"https:\/\/aral2.cetrexmarketing.com\/","logo":{"@type":"ImageObject","inLanguage":"ca","@id":"https:\/\/aral2.cetrexmarketing.com\/#\/schema\/logo\/image\/","url":"https:\/\/aral2.cetrexmarketing.com\/wp-content\/uploads\/2024\/10\/aral-logo-neg-1024x409-1.png","contentUrl":"https:\/\/aral2.cetrexmarketing.com\/wp-content\/uploads\/2024\/10\/aral-logo-neg-1024x409-1.png","width":1024,"height":409,"caption":"M\u00f3n La Cata"},"image":{"@id":"https:\/\/aral2.cetrexmarketing.com\/#\/schema\/logo\/image\/"}}]}},"brands":[],"_links":{"self":[{"href":"https:\/\/aral2.cetrexmarketing.com\/ca\/wp-json\/wp\/v2\/product\/79767","targetHints":{"allow":["GET"]}}],"collection":[{"href":"https:\/\/aral2.cetrexmarketing.com\/ca\/wp-json\/wp\/v2\/product"}],"about":[{"href":"https:\/\/aral2.cetrexmarketing.com\/ca\/wp-json\/wp\/v2\/types\/product"}],"replies":[{"embeddable":true,"href":"https:\/\/aral2.cetrexmarketing.com\/ca\/wp-json\/wp\/v2\/comments?post=79767"}],"wp:featuredmedia":[{"embeddable":true,"href":"https:\/\/aral2.cetrexmarketing.com\/ca\/wp-json\/wp\/v2\/media\/79764"}],"wp:attachment":[{"href":"https:\/\/aral2.cetrexmarketing.com\/ca\/wp-json\/wp\/v2\/media?parent=79767"}],"wp:term":[{"taxonomy":"pwb-brand","embeddable":true,"href":"https:\/\/aral2.cetrexmarketing.com\/ca\/wp-json\/wp\/v2\/pwb-brand?post=79767"},{"taxonomy":"product_brand","embeddable":true,"href":"https:\/\/aral2.cetrexmarketing.com\/ca\/wp-json\/wp\/v2\/product_brand?post=79767"},{"taxonomy":"product_cat","embeddable":true,"href":"https:\/\/aral2.cetrexmarketing.com\/ca\/wp-json\/wp\/v2\/product_cat?post=79767"},{"taxonomy":"product_tag","embeddable":true,"href":"https:\/\/aral2.cetrexmarketing.com\/ca\/wp-json\/wp\/v2\/product_tag?post=79767"}],"curies":[{"name":"wp","href":"https:\/\/api.w.org\/{rel}","templated":true}]}}