{"id":79570,"date":"2025-05-24T07:14:47","date_gmt":"2025-05-24T07:14:47","guid":{"rendered":"https:\/\/aral2.cetrexmarketing.com\/producto\/bulleit-95-rye-small-batch-2\/"},"modified":"2025-05-24T07:14:49","modified_gmt":"2025-05-24T07:14:49","slug":"bulleit-95-rye-small-batch-2","status":"publish","type":"product","link":"https:\/\/aral2.cetrexmarketing.com\/ca\/producto\/bulleit-95-rye-small-batch-2\/","title":{"rendered":"Bulleit 95 Rye Small Batch"},"content":{"rendered":"<p class=\"normal\">El whiskey Bulleit 95 Rye agafa aquest nom per la seva especial composici\u00f3, amb un 95% de cereal de s\u00e8gol, que otorga tocs dol\u00e7os bastant notables. L\u00b4altre 5% el forma la civada.<\/p>\n<p class=\"normal\">Des de 2011, i amb la recepta casi perduda de 4 generacions anteriors, aquest Kentucky ha sigut galardonat nacionalment en m\u00faltiples ocasions.<\/p>\n<p class=\"normal\">NOTA DE CATA: De color ambre i sabor dol\u00e7, molt suau amb tocs a vainilla i mel. <span lang=\"en-us\" xml:lang=\"en-us\">Final suau i llarg.<\/span><\/p>\n","protected":false},"excerpt":{"rendered":"<p dir=\"ltr\"><span>El Bulleit 95 Rye\u00a0t\u00e9\u00a0aquest nom per la seva especial composici\u00f3, amb un 95% de cereal de s\u00e8gol que atorga tocs dol\u00e7os bastant notables, i un 5% el forma la civada.<\/span><\/p>\n<p dir=\"ltr\">Des de 2011 i amb la recepta quasi perduda de 4 generacions anteriors, aquest Kentucky ha sigut guardonat nacionalment en m\u00faltiples ocasions.<\/p>\n<p dir=\"ltr\">Color ambre i sabor dol\u00e7, molt suau amb tocs a vainilla i mel. Final suau i llarg.<\/p><\/p>\n","protected":false},"featured_media":79557,"comment_status":"closed","ping_status":"closed","template":"","meta":{"_acf_changed":false},"pwb-brand":[],"product_brand":[],"product_cat":[51692,51722],"product_tag":[15332,15333,15331],"class_list":{"0":"post-79570","1":"product","2":"type-product","3":"status-publish","4":"has-post-thumbnail","6":"product_cat-destillats","7":"product_cat-whisky-destillats","8":"product_tag-bulleit-ca","9":"product_tag-rye-ca","10":"product_tag-whiskey-bourbon-ca","11":"pa_ahumado-no-ca-2","12":"pa_cereal-centeno-95","13":"pa_destileria-bulleitdistillingcompany-ca","14":"pa_estilo-smallbatch-ca","15":"pa_formatoenl-36167","16":"pa_formatoenml-38307","17":"pa_graduacion-45_0","18":"pa_pais-estats-units","19":"pa_pesoengramos-38342","20":"pa_pesoenkg-10-ca","21":"pa_region-louiseville_kentucky","22":"pa_tipodewhisky-ryebourbonwhiskeyamericano-ca","23":"entry","24":"has-media","26":"first","27":"instock","28":"taxable","29":"shipping-taxable","30":"purchasable","31":"product-type-simple"},"acf":[],"yoast_head":"<!-- This site is optimized with the Yoast SEO Premium plugin v23.1 (Yoast SEO v23.5) - https:\/\/yoast.com\/wordpress\/plugins\/seo\/ -->\n<title>Bulleit 95 Rye Bourbon Small Batch<\/title>\n<meta name=\"description\" content=\"El Bulleit 95 Rye agafa aquest nom per la seva especial composici\u00f3, amb un 95% de s\u00e8gol que otorga tocs dol\u00e7os bastant notables, i un 5% el forma la civada.\" \/>\n<meta name=\"robots\" content=\"noindex, follow, max-snippet:-1, max-image-preview:large, max-video-preview:-1\" \/>\n<meta property=\"og:locale\" content=\"ca_ES\" \/>\n<meta property=\"og:type\" content=\"article\" \/>\n<meta property=\"og:title\" content=\"Bulleit 95 Rye Small Batch\" \/>\n<meta property=\"og:description\" content=\"El Bulleit 95 Rye agafa aquest nom per la seva especial composici\u00f3, amb un 95% de s\u00e8gol que otorga tocs dol\u00e7os bastant notables, i un 5% el forma la civada.\" \/>\n<meta property=\"og:url\" content=\"https:\/\/aral2.cetrexmarketing.com\/ca\/producto\/bulleit-95-rye-small-batch-2\/\" \/>\n<meta property=\"og:site_name\" content=\"M\u00f3n La Cata\" \/>\n<meta property=\"article:modified_time\" content=\"2025-05-24T07:14:49+00:00\" \/>\n<meta property=\"og:image\" content=\"https:\/\/aral2.cetrexmarketing.com\/wp-content\/uploads\/2025\/05\/BULLEIT-95-RYE-SMALL-BATCH.jpg.png\" \/>\n\t<meta property=\"og:image:width\" content=\"765\" \/>\n\t<meta property=\"og:image:height\" content=\"1024\" \/>\n\t<meta property=\"og:image:type\" content=\"image\/png\" \/>\n<meta name=\"twitter:card\" content=\"summary_large_image\" \/>\n<script type=\"application\/ld+json\" class=\"yoast-schema-graph\">{\"@context\":\"https:\/\/schema.org\",\"@graph\":[{\"@type\":\"WebPage\",\"@id\":\"https:\/\/aral2.cetrexmarketing.com\/ca\/producto\/bulleit-95-rye-small-batch-2\/\",\"url\":\"https:\/\/aral2.cetrexmarketing.com\/ca\/producto\/bulleit-95-rye-small-batch-2\/\",\"name\":\"Bulleit 95 Rye Bourbon Small Batch\",\"isPartOf\":{\"@id\":\"https:\/\/aral2.cetrexmarketing.com\/#website\"},\"primaryImageOfPage\":{\"@id\":\"https:\/\/aral2.cetrexmarketing.com\/ca\/producto\/bulleit-95-rye-small-batch-2\/#primaryimage\"},\"image\":{\"@id\":\"https:\/\/aral2.cetrexmarketing.com\/ca\/producto\/bulleit-95-rye-small-batch-2\/#primaryimage\"},\"thumbnailUrl\":\"https:\/\/aral2.cetrexmarketing.com\/wp-content\/uploads\/2025\/05\/BULLEIT-95-RYE-SMALL-BATCH.jpg.png\",\"datePublished\":\"2025-05-24T07:14:47+00:00\",\"dateModified\":\"2025-05-24T07:14:49+00:00\",\"description\":\"El Bulleit 95 Rye agafa aquest nom per la seva especial composici\u00f3, amb un 95% de s\u00e8gol que otorga tocs dol\u00e7os bastant notables, i un 5% el forma la civada.\",\"breadcrumb\":{\"@id\":\"https:\/\/aral2.cetrexmarketing.com\/ca\/producto\/bulleit-95-rye-small-batch-2\/#breadcrumb\"},\"inLanguage\":\"ca\",\"potentialAction\":[{\"@type\":\"ReadAction\",\"target\":[\"https:\/\/aral2.cetrexmarketing.com\/ca\/producto\/bulleit-95-rye-small-batch-2\/\"]}]},{\"@type\":\"ImageObject\",\"inLanguage\":\"ca\",\"@id\":\"https:\/\/aral2.cetrexmarketing.com\/ca\/producto\/bulleit-95-rye-small-batch-2\/#primaryimage\",\"url\":\"https:\/\/aral2.cetrexmarketing.com\/wp-content\/uploads\/2025\/05\/BULLEIT-95-RYE-SMALL-BATCH.jpg.png\",\"contentUrl\":\"https:\/\/aral2.cetrexmarketing.com\/wp-content\/uploads\/2025\/05\/BULLEIT-95-RYE-SMALL-BATCH.jpg.png\",\"width\":765,\"height\":1024},{\"@type\":\"BreadcrumbList\",\"@id\":\"https:\/\/aral2.cetrexmarketing.com\/ca\/producto\/bulleit-95-rye-small-batch-2\/#breadcrumb\",\"itemListElement\":[{\"@type\":\"ListItem\",\"position\":1,\"name\":\"Home\",\"item\":\"https:\/\/aral2.cetrexmarketing.com\/ca\/\"},{\"@type\":\"ListItem\",\"position\":2,\"name\":\"Tienda\",\"item\":\"https:\/\/aral2.cetrexmarketing.com\/ca\/tienda-2\/\"},{\"@type\":\"ListItem\",\"position\":3,\"name\":\"Villa Wolf Pinot Noir\",\"item\":\"https:\/\/aral2.cetrexmarketing.com\/etiqueta-producto\/villa-wolf-pinot-noir\/\"},{\"@type\":\"ListItem\",\"position\":4,\"name\":\"Bulleit 95 Rye Small Batch\"}]},{\"@type\":\"WebSite\",\"@id\":\"https:\/\/aral2.cetrexmarketing.com\/#website\",\"url\":\"https:\/\/aral2.cetrexmarketing.com\/\",\"name\":\"M\u00f3n La Cata\",\"description\":\"Tienda de vinos, licores, cervezas y gourmet\",\"publisher\":{\"@id\":\"https:\/\/aral2.cetrexmarketing.com\/#organization\"},\"potentialAction\":[{\"@type\":\"SearchAction\",\"target\":{\"@type\":\"EntryPoint\",\"urlTemplate\":\"https:\/\/aral2.cetrexmarketing.com\/?s={search_term_string}\"},\"query-input\":{\"@type\":\"PropertyValueSpecification\",\"valueRequired\":true,\"valueName\":\"search_term_string\"}}],\"inLanguage\":\"ca\"},{\"@type\":\"Organization\",\"@id\":\"https:\/\/aral2.cetrexmarketing.com\/#organization\",\"name\":\"M\u00f3n La Cata\",\"url\":\"https:\/\/aral2.cetrexmarketing.com\/\",\"logo\":{\"@type\":\"ImageObject\",\"inLanguage\":\"ca\",\"@id\":\"https:\/\/aral2.cetrexmarketing.com\/#\/schema\/logo\/image\/\",\"url\":\"https:\/\/aral2.cetrexmarketing.com\/wp-content\/uploads\/2024\/10\/aral-logo-neg-1024x409-1.png\",\"contentUrl\":\"https:\/\/aral2.cetrexmarketing.com\/wp-content\/uploads\/2024\/10\/aral-logo-neg-1024x409-1.png\",\"width\":1024,\"height\":409,\"caption\":\"M\u00f3n La Cata\"},\"image\":{\"@id\":\"https:\/\/aral2.cetrexmarketing.com\/#\/schema\/logo\/image\/\"}}]}<\/script>\n<!-- \/ Yoast SEO Premium plugin. -->","yoast_head_json":{"title":"Bulleit 95 Rye Bourbon Small Batch","description":"El Bulleit 95 Rye agafa aquest nom per la seva especial composici\u00f3, amb un 95% de s\u00e8gol que otorga tocs dol\u00e7os bastant notables, i un 5% el forma la civada.","robots":{"index":"noindex","follow":"follow","max-snippet":"max-snippet:-1","max-image-preview":"max-image-preview:large","max-video-preview":"max-video-preview:-1"},"og_locale":"ca_ES","og_type":"article","og_title":"Bulleit 95 Rye Small Batch","og_description":"El Bulleit 95 Rye agafa aquest nom per la seva especial composici\u00f3, amb un 95% de s\u00e8gol que otorga tocs dol\u00e7os bastant notables, i un 5% el forma la civada.","og_url":"https:\/\/aral2.cetrexmarketing.com\/ca\/producto\/bulleit-95-rye-small-batch-2\/","og_site_name":"M\u00f3n La Cata","article_modified_time":"2025-05-24T07:14:49+00:00","og_image":[{"width":765,"height":1024,"url":"https:\/\/aral2.cetrexmarketing.com\/wp-content\/uploads\/2025\/05\/BULLEIT-95-RYE-SMALL-BATCH.jpg.png","type":"image\/png"}],"twitter_card":"summary_large_image","schema":{"@context":"https:\/\/schema.org","@graph":[{"@type":"WebPage","@id":"https:\/\/aral2.cetrexmarketing.com\/ca\/producto\/bulleit-95-rye-small-batch-2\/","url":"https:\/\/aral2.cetrexmarketing.com\/ca\/producto\/bulleit-95-rye-small-batch-2\/","name":"Bulleit 95 Rye Bourbon Small Batch","isPartOf":{"@id":"https:\/\/aral2.cetrexmarketing.com\/#website"},"primaryImageOfPage":{"@id":"https:\/\/aral2.cetrexmarketing.com\/ca\/producto\/bulleit-95-rye-small-batch-2\/#primaryimage"},"image":{"@id":"https:\/\/aral2.cetrexmarketing.com\/ca\/producto\/bulleit-95-rye-small-batch-2\/#primaryimage"},"thumbnailUrl":"https:\/\/aral2.cetrexmarketing.com\/wp-content\/uploads\/2025\/05\/BULLEIT-95-RYE-SMALL-BATCH.jpg.png","datePublished":"2025-05-24T07:14:47+00:00","dateModified":"2025-05-24T07:14:49+00:00","description":"El Bulleit 95 Rye agafa aquest nom per la seva especial composici\u00f3, amb un 95% de s\u00e8gol que otorga tocs dol\u00e7os bastant notables, i un 5% el forma la civada.","breadcrumb":{"@id":"https:\/\/aral2.cetrexmarketing.com\/ca\/producto\/bulleit-95-rye-small-batch-2\/#breadcrumb"},"inLanguage":"ca","potentialAction":[{"@type":"ReadAction","target":["https:\/\/aral2.cetrexmarketing.com\/ca\/producto\/bulleit-95-rye-small-batch-2\/"]}]},{"@type":"ImageObject","inLanguage":"ca","@id":"https:\/\/aral2.cetrexmarketing.com\/ca\/producto\/bulleit-95-rye-small-batch-2\/#primaryimage","url":"https:\/\/aral2.cetrexmarketing.com\/wp-content\/uploads\/2025\/05\/BULLEIT-95-RYE-SMALL-BATCH.jpg.png","contentUrl":"https:\/\/aral2.cetrexmarketing.com\/wp-content\/uploads\/2025\/05\/BULLEIT-95-RYE-SMALL-BATCH.jpg.png","width":765,"height":1024},{"@type":"BreadcrumbList","@id":"https:\/\/aral2.cetrexmarketing.com\/ca\/producto\/bulleit-95-rye-small-batch-2\/#breadcrumb","itemListElement":[{"@type":"ListItem","position":1,"name":"Home","item":"https:\/\/aral2.cetrexmarketing.com\/ca\/"},{"@type":"ListItem","position":2,"name":"Tienda","item":"https:\/\/aral2.cetrexmarketing.com\/ca\/tienda-2\/"},{"@type":"ListItem","position":3,"name":"Villa Wolf Pinot Noir","item":"https:\/\/aral2.cetrexmarketing.com\/etiqueta-producto\/villa-wolf-pinot-noir\/"},{"@type":"ListItem","position":4,"name":"Bulleit 95 Rye Small Batch"}]},{"@type":"WebSite","@id":"https:\/\/aral2.cetrexmarketing.com\/#website","url":"https:\/\/aral2.cetrexmarketing.com\/","name":"M\u00f3n La Cata","description":"Tienda de vinos, licores, cervezas y gourmet","publisher":{"@id":"https:\/\/aral2.cetrexmarketing.com\/#organization"},"potentialAction":[{"@type":"SearchAction","target":{"@type":"EntryPoint","urlTemplate":"https:\/\/aral2.cetrexmarketing.com\/?s={search_term_string}"},"query-input":{"@type":"PropertyValueSpecification","valueRequired":true,"valueName":"search_term_string"}}],"inLanguage":"ca"},{"@type":"Organization","@id":"https:\/\/aral2.cetrexmarketing.com\/#organization","name":"M\u00f3n La Cata","url":"https:\/\/aral2.cetrexmarketing.com\/","logo":{"@type":"ImageObject","inLanguage":"ca","@id":"https:\/\/aral2.cetrexmarketing.com\/#\/schema\/logo\/image\/","url":"https:\/\/aral2.cetrexmarketing.com\/wp-content\/uploads\/2024\/10\/aral-logo-neg-1024x409-1.png","contentUrl":"https:\/\/aral2.cetrexmarketing.com\/wp-content\/uploads\/2024\/10\/aral-logo-neg-1024x409-1.png","width":1024,"height":409,"caption":"M\u00f3n La Cata"},"image":{"@id":"https:\/\/aral2.cetrexmarketing.com\/#\/schema\/logo\/image\/"}}]}},"brands":[],"_links":{"self":[{"href":"https:\/\/aral2.cetrexmarketing.com\/ca\/wp-json\/wp\/v2\/product\/79570","targetHints":{"allow":["GET"]}}],"collection":[{"href":"https:\/\/aral2.cetrexmarketing.com\/ca\/wp-json\/wp\/v2\/product"}],"about":[{"href":"https:\/\/aral2.cetrexmarketing.com\/ca\/wp-json\/wp\/v2\/types\/product"}],"replies":[{"embeddable":true,"href":"https:\/\/aral2.cetrexmarketing.com\/ca\/wp-json\/wp\/v2\/comments?post=79570"}],"wp:featuredmedia":[{"embeddable":true,"href":"https:\/\/aral2.cetrexmarketing.com\/ca\/wp-json\/wp\/v2\/media\/79557"}],"wp:attachment":[{"href":"https:\/\/aral2.cetrexmarketing.com\/ca\/wp-json\/wp\/v2\/media?parent=79570"}],"wp:term":[{"taxonomy":"pwb-brand","embeddable":true,"href":"https:\/\/aral2.cetrexmarketing.com\/ca\/wp-json\/wp\/v2\/pwb-brand?post=79570"},{"taxonomy":"product_brand","embeddable":true,"href":"https:\/\/aral2.cetrexmarketing.com\/ca\/wp-json\/wp\/v2\/product_brand?post=79570"},{"taxonomy":"product_cat","embeddable":true,"href":"https:\/\/aral2.cetrexmarketing.com\/ca\/wp-json\/wp\/v2\/product_cat?post=79570"},{"taxonomy":"product_tag","embeddable":true,"href":"https:\/\/aral2.cetrexmarketing.com\/ca\/wp-json\/wp\/v2\/product_tag?post=79570"}],"curies":[{"name":"wp","href":"https:\/\/api.w.org\/{rel}","templated":true}]}}