{"id":79552,"date":"2025-05-24T07:14:33","date_gmt":"2025-05-24T07:14:33","guid":{"rendered":"https:\/\/aral2.cetrexmarketing.com\/producto\/gelas-fils-v-s-o-p-vieil-armagnac-2\/"},"modified":"2025-05-24T07:14:35","modified_gmt":"2025-05-24T07:14:35","slug":"gelas-fils-v-s-o-p-vieil-armagnac-2","status":"publish","type":"product","link":"https:\/\/aral2.cetrexmarketing.com\/ca\/producto\/gelas-fils-v-s-o-p-vieil-armagnac-2\/","title":{"rendered":"Gelas &#038; Fils V.S.O.P. Vieil Armagnac"},"content":{"rendered":"<p><strong>Gelas &amp; Fils V.S.O.P. Vieil Armagnac<\/strong> \u00e9s un armagnac de gran prestigi que es destaca per la seva maduraci\u00f3 prolongada i el seu perfil de sabor exquisit. Elaborat amb cura a la regi\u00f3 de Gasconha, aquest armagnac es beneficia de la seva envejeciment en b\u00f3tes de roure, que li aporten una complexitat rica i profunda. Ofereix notes de fruits secs, vainilla, caramel i un toc de especiats que es desenvolupen amb el temps. La seva suavitat i eleg\u00e0ncia fan que sigui ideal per gaudir-lo sol, a temperatura ambient, o com a component en c\u00f2ctels sofisticats. Gelas &amp; Fils V.S.O.P. \u00e9s perfecte per als amants de l&#8217;armagnac que cerquen una experi\u00e8ncia de degustaci\u00f3 refinada.<\/p>\n<p>&nbsp;<\/p>\n","protected":false},"excerpt":{"rendered":"<p>Versi\u00f3 VSOP del magn\u00edfic armagnac en forma de campana de la destil\u00b7leria Gelas &amp; Fils.<\/p>\n","protected":false},"featured_media":79547,"comment_status":"closed","ping_status":"closed","template":"","meta":{"_acf_changed":false},"pwb-brand":[],"product_brand":[],"product_cat":[51708,51692],"product_tag":[],"class_list":{"0":"post-79552","1":"product","2":"type-product","3":"status-publish","4":"has-post-thumbnail","6":"product_cat-armagnac-destillats","7":"product_cat-destillats","8":"pa_destileria-bgelasfils-ca","9":"pa_do-bas_armagnacac-ca","10":"pa_formatoenl-36167","11":"pa_formatoenml-38307","12":"pa_graduacion-40_0","13":"pa_pais-franca","14":"pa_pesoengramos-38354","15":"pa_pesoenkg-14-2","16":"pa_pueblociudad-vic_fezensacgers","17":"entry","18":"has-media","20":"first","21":"instock","22":"taxable","23":"shipping-taxable","24":"purchasable","25":"product-type-simple"},"acf":[],"yoast_head":"<!-- This site is optimized with the Yoast SEO Premium plugin v23.1 (Yoast SEO v23.5) - https:\/\/yoast.com\/wordpress\/plugins\/seo\/ -->\n<title>Armagnac Gelas &amp; Fils VSOP<\/title>\n<meta name=\"description\" content=\"Comprar online al millor preu l&#039;armagnac Gels &amp; Fills VSOP. Fran\u00e7a. Licoreria. Viniteca. Begudes. Productes gourmet. Alimentaci\u00f3. Descomptes. Ofertes.\" \/>\n<meta name=\"robots\" content=\"noindex, follow, max-snippet:-1, max-image-preview:large, max-video-preview:-1\" \/>\n<meta property=\"og:locale\" content=\"ca_ES\" \/>\n<meta property=\"og:type\" content=\"article\" \/>\n<meta property=\"og:title\" content=\"Gelas &amp; Fils V.S.O.P. Vieil Armagnac\" \/>\n<meta property=\"og:description\" content=\"Comprar online al millor preu l&#039;armagnac Gels &amp; Fills VSOP. Fran\u00e7a. Licoreria. Viniteca. Begudes. Productes gourmet. Alimentaci\u00f3. Descomptes. Ofertes.\" \/>\n<meta property=\"og:url\" content=\"https:\/\/aral2.cetrexmarketing.com\/ca\/producto\/gelas-fils-v-s-o-p-vieil-armagnac-2\/\" \/>\n<meta property=\"og:site_name\" content=\"M\u00f3n La Cata\" \/>\n<meta property=\"article:modified_time\" content=\"2025-05-24T07:14:35+00:00\" \/>\n<meta property=\"og:image\" content=\"https:\/\/aral2.cetrexmarketing.com\/wp-content\/uploads\/2025\/05\/armagnac-gelas-et-fils-vieil-.png-1.jpg\" \/>\n\t<meta property=\"og:image:width\" content=\"765\" \/>\n\t<meta property=\"og:image:height\" content=\"1024\" \/>\n\t<meta property=\"og:image:type\" content=\"image\/jpeg\" \/>\n<meta name=\"twitter:card\" content=\"summary_large_image\" \/>\n<meta name=\"twitter:label1\" content=\"Temps estimat de lectura\" \/>\n\t<meta name=\"twitter:data1\" content=\"1 minut\" \/>\n<script type=\"application\/ld+json\" class=\"yoast-schema-graph\">{\"@context\":\"https:\/\/schema.org\",\"@graph\":[{\"@type\":\"WebPage\",\"@id\":\"https:\/\/aral2.cetrexmarketing.com\/ca\/producto\/gelas-fils-v-s-o-p-vieil-armagnac-2\/\",\"url\":\"https:\/\/aral2.cetrexmarketing.com\/ca\/producto\/gelas-fils-v-s-o-p-vieil-armagnac-2\/\",\"name\":\"Armagnac Gelas &amp; Fils VSOP\",\"isPartOf\":{\"@id\":\"https:\/\/aral2.cetrexmarketing.com\/#website\"},\"primaryImageOfPage\":{\"@id\":\"https:\/\/aral2.cetrexmarketing.com\/ca\/producto\/gelas-fils-v-s-o-p-vieil-armagnac-2\/#primaryimage\"},\"image\":{\"@id\":\"https:\/\/aral2.cetrexmarketing.com\/ca\/producto\/gelas-fils-v-s-o-p-vieil-armagnac-2\/#primaryimage\"},\"thumbnailUrl\":\"https:\/\/aral2.cetrexmarketing.com\/wp-content\/uploads\/2025\/05\/armagnac-gelas-et-fils-vieil-.png-1.jpg\",\"datePublished\":\"2025-05-24T07:14:33+00:00\",\"dateModified\":\"2025-05-24T07:14:35+00:00\",\"description\":\"Comprar online al millor preu l'armagnac Gels &amp; Fills VSOP. Fran\u00e7a. Licoreria. Viniteca. Begudes. Productes gourmet. Alimentaci\u00f3. Descomptes. Ofertes.\",\"breadcrumb\":{\"@id\":\"https:\/\/aral2.cetrexmarketing.com\/ca\/producto\/gelas-fils-v-s-o-p-vieil-armagnac-2\/#breadcrumb\"},\"inLanguage\":\"ca\",\"potentialAction\":[{\"@type\":\"ReadAction\",\"target\":[\"https:\/\/aral2.cetrexmarketing.com\/ca\/producto\/gelas-fils-v-s-o-p-vieil-armagnac-2\/\"]}]},{\"@type\":\"ImageObject\",\"inLanguage\":\"ca\",\"@id\":\"https:\/\/aral2.cetrexmarketing.com\/ca\/producto\/gelas-fils-v-s-o-p-vieil-armagnac-2\/#primaryimage\",\"url\":\"https:\/\/aral2.cetrexmarketing.com\/wp-content\/uploads\/2025\/05\/armagnac-gelas-et-fils-vieil-.png-1.jpg\",\"contentUrl\":\"https:\/\/aral2.cetrexmarketing.com\/wp-content\/uploads\/2025\/05\/armagnac-gelas-et-fils-vieil-.png-1.jpg\",\"width\":765,\"height\":1024},{\"@type\":\"BreadcrumbList\",\"@id\":\"https:\/\/aral2.cetrexmarketing.com\/ca\/producto\/gelas-fils-v-s-o-p-vieil-armagnac-2\/#breadcrumb\",\"itemListElement\":[{\"@type\":\"ListItem\",\"position\":1,\"name\":\"Home\",\"item\":\"https:\/\/aral2.cetrexmarketing.com\/ca\/\"},{\"@type\":\"ListItem\",\"position\":2,\"name\":\"Tienda\",\"item\":\"https:\/\/aral2.cetrexmarketing.com\/ca\/tienda-2\/\"},{\"@type\":\"ListItem\",\"position\":3,\"name\":\"Destil\u00b7lats\",\"item\":\"https:\/\/aral2.cetrexmarketing.com\/categoria-producto\/destil%c2%b7lats\/\"},{\"@type\":\"ListItem\",\"position\":4,\"name\":\"Armagnac\",\"item\":\"https:\/\/aral2.cetrexmarketing.com\/categoria-producto\/destil%c2%b7lats\/armagnac-destil%c2%b7lats\/\"},{\"@type\":\"ListItem\",\"position\":5,\"name\":\"Gelas &#038; Fils V.S.O.P. Vieil Armagnac\"}]},{\"@type\":\"WebSite\",\"@id\":\"https:\/\/aral2.cetrexmarketing.com\/#website\",\"url\":\"https:\/\/aral2.cetrexmarketing.com\/\",\"name\":\"M\u00f3n La Cata\",\"description\":\"Tienda de vinos, licores, cervezas y gourmet\",\"publisher\":{\"@id\":\"https:\/\/aral2.cetrexmarketing.com\/#organization\"},\"potentialAction\":[{\"@type\":\"SearchAction\",\"target\":{\"@type\":\"EntryPoint\",\"urlTemplate\":\"https:\/\/aral2.cetrexmarketing.com\/?s={search_term_string}\"},\"query-input\":{\"@type\":\"PropertyValueSpecification\",\"valueRequired\":true,\"valueName\":\"search_term_string\"}}],\"inLanguage\":\"ca\"},{\"@type\":\"Organization\",\"@id\":\"https:\/\/aral2.cetrexmarketing.com\/#organization\",\"name\":\"M\u00f3n La Cata\",\"url\":\"https:\/\/aral2.cetrexmarketing.com\/\",\"logo\":{\"@type\":\"ImageObject\",\"inLanguage\":\"ca\",\"@id\":\"https:\/\/aral2.cetrexmarketing.com\/#\/schema\/logo\/image\/\",\"url\":\"https:\/\/aral2.cetrexmarketing.com\/wp-content\/uploads\/2024\/10\/aral-logo-neg-1024x409-1.png\",\"contentUrl\":\"https:\/\/aral2.cetrexmarketing.com\/wp-content\/uploads\/2024\/10\/aral-logo-neg-1024x409-1.png\",\"width\":1024,\"height\":409,\"caption\":\"M\u00f3n La Cata\"},\"image\":{\"@id\":\"https:\/\/aral2.cetrexmarketing.com\/#\/schema\/logo\/image\/\"}}]}<\/script>\n<!-- \/ Yoast SEO Premium plugin. -->","yoast_head_json":{"title":"Armagnac Gelas &amp; Fils VSOP","description":"Comprar online al millor preu l'armagnac Gels &amp; Fills VSOP. Fran\u00e7a. Licoreria. Viniteca. Begudes. Productes gourmet. Alimentaci\u00f3. Descomptes. Ofertes.","robots":{"index":"noindex","follow":"follow","max-snippet":"max-snippet:-1","max-image-preview":"max-image-preview:large","max-video-preview":"max-video-preview:-1"},"og_locale":"ca_ES","og_type":"article","og_title":"Gelas & Fils V.S.O.P. Vieil Armagnac","og_description":"Comprar online al millor preu l'armagnac Gels &amp; Fills VSOP. Fran\u00e7a. Licoreria. Viniteca. Begudes. Productes gourmet. Alimentaci\u00f3. Descomptes. Ofertes.","og_url":"https:\/\/aral2.cetrexmarketing.com\/ca\/producto\/gelas-fils-v-s-o-p-vieil-armagnac-2\/","og_site_name":"M\u00f3n La Cata","article_modified_time":"2025-05-24T07:14:35+00:00","og_image":[{"width":765,"height":1024,"url":"https:\/\/aral2.cetrexmarketing.com\/wp-content\/uploads\/2025\/05\/armagnac-gelas-et-fils-vieil-.png-1.jpg","type":"image\/jpeg"}],"twitter_card":"summary_large_image","twitter_misc":{"Temps estimat de lectura":"1 minut"},"schema":{"@context":"https:\/\/schema.org","@graph":[{"@type":"WebPage","@id":"https:\/\/aral2.cetrexmarketing.com\/ca\/producto\/gelas-fils-v-s-o-p-vieil-armagnac-2\/","url":"https:\/\/aral2.cetrexmarketing.com\/ca\/producto\/gelas-fils-v-s-o-p-vieil-armagnac-2\/","name":"Armagnac Gelas &amp; Fils VSOP","isPartOf":{"@id":"https:\/\/aral2.cetrexmarketing.com\/#website"},"primaryImageOfPage":{"@id":"https:\/\/aral2.cetrexmarketing.com\/ca\/producto\/gelas-fils-v-s-o-p-vieil-armagnac-2\/#primaryimage"},"image":{"@id":"https:\/\/aral2.cetrexmarketing.com\/ca\/producto\/gelas-fils-v-s-o-p-vieil-armagnac-2\/#primaryimage"},"thumbnailUrl":"https:\/\/aral2.cetrexmarketing.com\/wp-content\/uploads\/2025\/05\/armagnac-gelas-et-fils-vieil-.png-1.jpg","datePublished":"2025-05-24T07:14:33+00:00","dateModified":"2025-05-24T07:14:35+00:00","description":"Comprar online al millor preu l'armagnac Gels &amp; Fills VSOP. Fran\u00e7a. Licoreria. Viniteca. Begudes. Productes gourmet. Alimentaci\u00f3. Descomptes. Ofertes.","breadcrumb":{"@id":"https:\/\/aral2.cetrexmarketing.com\/ca\/producto\/gelas-fils-v-s-o-p-vieil-armagnac-2\/#breadcrumb"},"inLanguage":"ca","potentialAction":[{"@type":"ReadAction","target":["https:\/\/aral2.cetrexmarketing.com\/ca\/producto\/gelas-fils-v-s-o-p-vieil-armagnac-2\/"]}]},{"@type":"ImageObject","inLanguage":"ca","@id":"https:\/\/aral2.cetrexmarketing.com\/ca\/producto\/gelas-fils-v-s-o-p-vieil-armagnac-2\/#primaryimage","url":"https:\/\/aral2.cetrexmarketing.com\/wp-content\/uploads\/2025\/05\/armagnac-gelas-et-fils-vieil-.png-1.jpg","contentUrl":"https:\/\/aral2.cetrexmarketing.com\/wp-content\/uploads\/2025\/05\/armagnac-gelas-et-fils-vieil-.png-1.jpg","width":765,"height":1024},{"@type":"BreadcrumbList","@id":"https:\/\/aral2.cetrexmarketing.com\/ca\/producto\/gelas-fils-v-s-o-p-vieil-armagnac-2\/#breadcrumb","itemListElement":[{"@type":"ListItem","position":1,"name":"Home","item":"https:\/\/aral2.cetrexmarketing.com\/ca\/"},{"@type":"ListItem","position":2,"name":"Tienda","item":"https:\/\/aral2.cetrexmarketing.com\/ca\/tienda-2\/"},{"@type":"ListItem","position":3,"name":"Destil\u00b7lats","item":"https:\/\/aral2.cetrexmarketing.com\/categoria-producto\/destil%c2%b7lats\/"},{"@type":"ListItem","position":4,"name":"Armagnac","item":"https:\/\/aral2.cetrexmarketing.com\/categoria-producto\/destil%c2%b7lats\/armagnac-destil%c2%b7lats\/"},{"@type":"ListItem","position":5,"name":"Gelas &#038; Fils V.S.O.P. Vieil Armagnac"}]},{"@type":"WebSite","@id":"https:\/\/aral2.cetrexmarketing.com\/#website","url":"https:\/\/aral2.cetrexmarketing.com\/","name":"M\u00f3n La Cata","description":"Tienda de vinos, licores, cervezas y gourmet","publisher":{"@id":"https:\/\/aral2.cetrexmarketing.com\/#organization"},"potentialAction":[{"@type":"SearchAction","target":{"@type":"EntryPoint","urlTemplate":"https:\/\/aral2.cetrexmarketing.com\/?s={search_term_string}"},"query-input":{"@type":"PropertyValueSpecification","valueRequired":true,"valueName":"search_term_string"}}],"inLanguage":"ca"},{"@type":"Organization","@id":"https:\/\/aral2.cetrexmarketing.com\/#organization","name":"M\u00f3n La Cata","url":"https:\/\/aral2.cetrexmarketing.com\/","logo":{"@type":"ImageObject","inLanguage":"ca","@id":"https:\/\/aral2.cetrexmarketing.com\/#\/schema\/logo\/image\/","url":"https:\/\/aral2.cetrexmarketing.com\/wp-content\/uploads\/2024\/10\/aral-logo-neg-1024x409-1.png","contentUrl":"https:\/\/aral2.cetrexmarketing.com\/wp-content\/uploads\/2024\/10\/aral-logo-neg-1024x409-1.png","width":1024,"height":409,"caption":"M\u00f3n La Cata"},"image":{"@id":"https:\/\/aral2.cetrexmarketing.com\/#\/schema\/logo\/image\/"}}]}},"brands":[],"_links":{"self":[{"href":"https:\/\/aral2.cetrexmarketing.com\/ca\/wp-json\/wp\/v2\/product\/79552","targetHints":{"allow":["GET"]}}],"collection":[{"href":"https:\/\/aral2.cetrexmarketing.com\/ca\/wp-json\/wp\/v2\/product"}],"about":[{"href":"https:\/\/aral2.cetrexmarketing.com\/ca\/wp-json\/wp\/v2\/types\/product"}],"replies":[{"embeddable":true,"href":"https:\/\/aral2.cetrexmarketing.com\/ca\/wp-json\/wp\/v2\/comments?post=79552"}],"wp:featuredmedia":[{"embeddable":true,"href":"https:\/\/aral2.cetrexmarketing.com\/ca\/wp-json\/wp\/v2\/media\/79547"}],"wp:attachment":[{"href":"https:\/\/aral2.cetrexmarketing.com\/ca\/wp-json\/wp\/v2\/media?parent=79552"}],"wp:term":[{"taxonomy":"pwb-brand","embeddable":true,"href":"https:\/\/aral2.cetrexmarketing.com\/ca\/wp-json\/wp\/v2\/pwb-brand?post=79552"},{"taxonomy":"product_brand","embeddable":true,"href":"https:\/\/aral2.cetrexmarketing.com\/ca\/wp-json\/wp\/v2\/product_brand?post=79552"},{"taxonomy":"product_cat","embeddable":true,"href":"https:\/\/aral2.cetrexmarketing.com\/ca\/wp-json\/wp\/v2\/product_cat?post=79552"},{"taxonomy":"product_tag","embeddable":true,"href":"https:\/\/aral2.cetrexmarketing.com\/ca\/wp-json\/wp\/v2\/product_tag?post=79552"}],"curies":[{"name":"wp","href":"https:\/\/api.w.org\/{rel}","templated":true}]}}