{"id":79384,"date":"2025-05-24T07:11:58","date_gmt":"2025-05-24T07:11:58","guid":{"rendered":"https:\/\/aral2.cetrexmarketing.com\/producto\/grosella-sorel-1l-2\/"},"modified":"2025-05-24T07:12:00","modified_gmt":"2025-05-24T07:12:00","slug":"grosella-sorel-1l-2","status":"publish","type":"product","link":"https:\/\/aral2.cetrexmarketing.com\/ca\/producto\/grosella-sorel-1l-2\/","title":{"rendered":"Grosella Sorel 1L"},"content":{"rendered":"<h3 data-start=\"0\" data-end=\"24\"><strong data-start=\"4\" data-end=\"22\">Grosella Sorel<\/strong><\/h3>\n<p data-start=\"0\" data-end=\"24\">Grosella Sorel \u00e9s un vi negre elaborat amb una acurada selecci\u00f3 de ra\u00efms que destaquen pel seu car\u00e0cter afruitat i fresc. Aquest vi busca capturar l\u2019ess\u00e8ncia vibrant de la grosella negra i altres baies silvestres, oferint una experi\u00e8ncia sensorial equilibrada entre acidesa i dol\u00e7or.<\/p>\n<p data-start=\"343\" data-end=\"381\"><strong data-start=\"343\" data-end=\"379\">Composici\u00f3 i Varietats de Ra\u00efm:<\/p>\n<p><\/strong><\/p>\n<ul data-start=\"382\" data-end=\"615\">\n<li data-start=\"382\" data-end=\"458\">Predominan\u00e7a de <strong data-start=\"401\" data-end=\"424\">Tempranillo i Syrah<\/strong>, que aporten cos i estructura.\n<\/li>\n<li data-start=\"459\" data-end=\"538\">Notes de <strong data-start=\"470\" data-end=\"482\">Garnatxa<\/strong>, que ressalten el car\u00e0cter afruitat i suc\u00f3s del vi.\n<\/li>\n<li data-start=\"539\" data-end=\"615\">Un toc de <strong data-start=\"553\" data-end=\"569\">Petit Verdot<\/strong>, que suma profunditat i matisos especiats.\n<\/li>\n<\/ul>\n<p data-start=\"1080\" data-end=\"1108\"><strong data-start=\"1080\" data-end=\"1106\">Elaboraci\u00f3 i Crian\u00e7a:<\/strong><\/p>\n<ul data-start=\"1109\" data-end=\"1333\">\n<li data-start=\"1109\" data-end=\"1191\">Fermentaci\u00f3 controlada a baixa temperatura per preservar els aromes afruitats.\n<\/li>\n<li data-start=\"1192\" data-end=\"1333\">Crian\u00e7a en barriques de <strong data-start=\"1217\" data-end=\"1246\">roure franc\u00e8s i americ\u00e0<\/strong> durant <strong data-start=\"1255\" data-end=\"1268\">4-6 mesos<\/strong>, fet que aporta complexitat sense enfosquir la frescor de la fruita.\n<\/li>\n<\/ul>\n<p data-start=\"1537\" data-end=\"1567\"><strong data-start=\"1537\" data-end=\"1565\">Temperatura de servei:<\/strong><\/p>\n<ul data-start=\"1568\" data-end=\"1650\">\n<li data-start=\"1568\" data-end=\"1650\">Es recomana servir entre <strong data-start=\"1597\" data-end=\"1608\">14-16\u00b0C<\/strong> per apreciar la seva frescor i estructura.\n<\/li>\n<\/ul>\n<p data-start=\"1652\" data-end=\"1951\" data-is-last-node=\"\"><strong data-start=\"1652\" data-end=\"1682\">Concepte i Diferenciaci\u00f3<\/strong>:<br data-start=\"1682\" data-end=\"1685\">Grosella Sorel \u00e9s un vi que destaca per l\u2019equilibri entre frescor i profunditat. El seu perfil arom\u00e0tic, dominat per fruits vermells i negres, juntament amb la seva crian\u00e7a subtil, el converteix en una opci\u00f3 vers\u00e0til tant per al consum diari com per a ocasions especials. <\/p>\n","protected":false},"excerpt":{"rendered":"<p>La t\u00edpica grosella sin alcohol, ideal para dar toques dulces o de color a tus combinados, a un precio muy econ\u00f3mico y con una muy buena calidad.<\/p>\n","protected":false},"featured_media":79381,"comment_status":"closed","ping_status":"closed","template":"","meta":{"_acf_changed":false},"pwb-brand":[],"product_brand":[],"product_cat":[51742,51743],"product_tag":[52362,52298,51441,15221],"class_list":{"0":"post-79384","1":"product","2":"type-product","3":"status-publish","4":"has-post-thumbnail","6":"product_cat-altres-destillats","7":"product_cat-xarop","8":"product_tag-grosella-2","9":"product_tag-grosella-sorel-1l-2","10":"product_tag-jarabe-ca","11":"product_tag-sorel-ca","12":"pa_bodega-destilleriesdelmaresme","13":"pa_formatoenml-38308","14":"pa_graduacion-sa","15":"pa_pais-espanya-ca","16":"pa_pueblociudad-arenysdemuntbarcelona","17":"pa_region-cataluna","18":"entry","19":"has-media","21":"first","22":"instock","23":"taxable","24":"shipping-taxable","25":"purchasable","26":"product-type-simple"},"acf":[],"yoast_head":"<!-- This site is optimized with the Yoast SEO Premium plugin v23.1 (Yoast SEO v23.5) - https:\/\/yoast.com\/wordpress\/plugins\/seo\/ -->\n<title>Grosella Sorel 1L<\/title>\n<meta name=\"description\" content=\"Comprar online Grosella Sorel 1L. Licoreria. Begudes. Destil\u00b7lats. Vinoteca. Productes Gourmet. Alimentaci\u00f3. Descomptes.\" \/>\n<meta name=\"robots\" content=\"noindex, follow, max-snippet:-1, max-image-preview:large, max-video-preview:-1\" \/>\n<meta property=\"og:locale\" content=\"ca_ES\" \/>\n<meta property=\"og:type\" content=\"article\" \/>\n<meta property=\"og:title\" content=\"Grosella Sorel 1L\" \/>\n<meta property=\"og:description\" content=\"Comprar online Grosella Sorel 1L. Licoreria. Begudes. Destil\u00b7lats. Vinoteca. Productes Gourmet. Alimentaci\u00f3. Descomptes.\" \/>\n<meta property=\"og:url\" content=\"https:\/\/aral2.cetrexmarketing.com\/ca\/producto\/grosella-sorel-1l-2\/\" \/>\n<meta property=\"og:site_name\" content=\"M\u00f3n La Cata\" \/>\n<meta property=\"article:modified_time\" content=\"2025-05-24T07:12:00+00:00\" \/>\n<meta property=\"og:image\" content=\"https:\/\/aral2.cetrexmarketing.com\/wp-content\/uploads\/2025\/05\/grosella-sin-alcohol.jpg\" \/>\n\t<meta property=\"og:image:width\" content=\"450\" \/>\n\t<meta property=\"og:image:height\" content=\"600\" \/>\n\t<meta property=\"og:image:type\" content=\"image\/jpeg\" \/>\n<meta name=\"twitter:card\" content=\"summary_large_image\" \/>\n<meta name=\"twitter:label1\" content=\"Temps estimat de lectura\" \/>\n\t<meta name=\"twitter:data1\" content=\"1 minut\" \/>\n<script type=\"application\/ld+json\" class=\"yoast-schema-graph\">{\"@context\":\"https:\/\/schema.org\",\"@graph\":[{\"@type\":\"WebPage\",\"@id\":\"https:\/\/aral2.cetrexmarketing.com\/ca\/producto\/grosella-sorel-1l-2\/\",\"url\":\"https:\/\/aral2.cetrexmarketing.com\/ca\/producto\/grosella-sorel-1l-2\/\",\"name\":\"Grosella Sorel 1L\",\"isPartOf\":{\"@id\":\"https:\/\/aral2.cetrexmarketing.com\/#website\"},\"primaryImageOfPage\":{\"@id\":\"https:\/\/aral2.cetrexmarketing.com\/ca\/producto\/grosella-sorel-1l-2\/#primaryimage\"},\"image\":{\"@id\":\"https:\/\/aral2.cetrexmarketing.com\/ca\/producto\/grosella-sorel-1l-2\/#primaryimage\"},\"thumbnailUrl\":\"https:\/\/aral2.cetrexmarketing.com\/wp-content\/uploads\/2025\/05\/grosella-sin-alcohol.jpg\",\"datePublished\":\"2025-05-24T07:11:58+00:00\",\"dateModified\":\"2025-05-24T07:12:00+00:00\",\"description\":\"Comprar online Grosella Sorel 1L. Licoreria. Begudes. Destil\u00b7lats. Vinoteca. Productes Gourmet. Alimentaci\u00f3. Descomptes.\",\"breadcrumb\":{\"@id\":\"https:\/\/aral2.cetrexmarketing.com\/ca\/producto\/grosella-sorel-1l-2\/#breadcrumb\"},\"inLanguage\":\"ca\",\"potentialAction\":[{\"@type\":\"ReadAction\",\"target\":[\"https:\/\/aral2.cetrexmarketing.com\/ca\/producto\/grosella-sorel-1l-2\/\"]}]},{\"@type\":\"ImageObject\",\"inLanguage\":\"ca\",\"@id\":\"https:\/\/aral2.cetrexmarketing.com\/ca\/producto\/grosella-sorel-1l-2\/#primaryimage\",\"url\":\"https:\/\/aral2.cetrexmarketing.com\/wp-content\/uploads\/2025\/05\/grosella-sin-alcohol.jpg\",\"contentUrl\":\"https:\/\/aral2.cetrexmarketing.com\/wp-content\/uploads\/2025\/05\/grosella-sin-alcohol.jpg\",\"width\":450,\"height\":600},{\"@type\":\"BreadcrumbList\",\"@id\":\"https:\/\/aral2.cetrexmarketing.com\/ca\/producto\/grosella-sorel-1l-2\/#breadcrumb\",\"itemListElement\":[{\"@type\":\"ListItem\",\"position\":1,\"name\":\"Home\",\"item\":\"https:\/\/aral2.cetrexmarketing.com\/ca\/\"},{\"@type\":\"ListItem\",\"position\":2,\"name\":\"Tienda\",\"item\":\"https:\/\/aral2.cetrexmarketing.com\/ca\/tienda-2\/\"},{\"@type\":\"ListItem\",\"position\":3,\"name\":\"Destil\u00b7lats\",\"item\":\"https:\/\/aral2.cetrexmarketing.com\/categoria-producto\/home-ca\/destil-lats-ca\/\"},{\"@type\":\"ListItem\",\"position\":4,\"name\":\"Otros\",\"item\":\"https:\/\/aral2.cetrexmarketing.com\/categoria-producto\/inicio\/destilados\/otros\/\"},{\"@type\":\"ListItem\",\"position\":5,\"name\":\"Grosella Sorel 1L\"}]},{\"@type\":\"WebSite\",\"@id\":\"https:\/\/aral2.cetrexmarketing.com\/#website\",\"url\":\"https:\/\/aral2.cetrexmarketing.com\/\",\"name\":\"M\u00f3n La Cata\",\"description\":\"Tienda de vinos, licores, cervezas y gourmet\",\"publisher\":{\"@id\":\"https:\/\/aral2.cetrexmarketing.com\/#organization\"},\"potentialAction\":[{\"@type\":\"SearchAction\",\"target\":{\"@type\":\"EntryPoint\",\"urlTemplate\":\"https:\/\/aral2.cetrexmarketing.com\/?s={search_term_string}\"},\"query-input\":{\"@type\":\"PropertyValueSpecification\",\"valueRequired\":true,\"valueName\":\"search_term_string\"}}],\"inLanguage\":\"ca\"},{\"@type\":\"Organization\",\"@id\":\"https:\/\/aral2.cetrexmarketing.com\/#organization\",\"name\":\"M\u00f3n La Cata\",\"url\":\"https:\/\/aral2.cetrexmarketing.com\/\",\"logo\":{\"@type\":\"ImageObject\",\"inLanguage\":\"ca\",\"@id\":\"https:\/\/aral2.cetrexmarketing.com\/#\/schema\/logo\/image\/\",\"url\":\"https:\/\/aral2.cetrexmarketing.com\/wp-content\/uploads\/2024\/10\/aral-logo-neg-1024x409-1.png\",\"contentUrl\":\"https:\/\/aral2.cetrexmarketing.com\/wp-content\/uploads\/2024\/10\/aral-logo-neg-1024x409-1.png\",\"width\":1024,\"height\":409,\"caption\":\"M\u00f3n La Cata\"},\"image\":{\"@id\":\"https:\/\/aral2.cetrexmarketing.com\/#\/schema\/logo\/image\/\"}}]}<\/script>\n<!-- \/ Yoast SEO Premium plugin. -->","yoast_head_json":{"title":"Grosella Sorel 1L","description":"Comprar online Grosella Sorel 1L. Licoreria. Begudes. Destil\u00b7lats. Vinoteca. Productes Gourmet. Alimentaci\u00f3. Descomptes.","robots":{"index":"noindex","follow":"follow","max-snippet":"max-snippet:-1","max-image-preview":"max-image-preview:large","max-video-preview":"max-video-preview:-1"},"og_locale":"ca_ES","og_type":"article","og_title":"Grosella Sorel 1L","og_description":"Comprar online Grosella Sorel 1L. Licoreria. Begudes. Destil\u00b7lats. Vinoteca. Productes Gourmet. Alimentaci\u00f3. Descomptes.","og_url":"https:\/\/aral2.cetrexmarketing.com\/ca\/producto\/grosella-sorel-1l-2\/","og_site_name":"M\u00f3n La Cata","article_modified_time":"2025-05-24T07:12:00+00:00","og_image":[{"width":450,"height":600,"url":"https:\/\/aral2.cetrexmarketing.com\/wp-content\/uploads\/2025\/05\/grosella-sin-alcohol.jpg","type":"image\/jpeg"}],"twitter_card":"summary_large_image","twitter_misc":{"Temps estimat de lectura":"1 minut"},"schema":{"@context":"https:\/\/schema.org","@graph":[{"@type":"WebPage","@id":"https:\/\/aral2.cetrexmarketing.com\/ca\/producto\/grosella-sorel-1l-2\/","url":"https:\/\/aral2.cetrexmarketing.com\/ca\/producto\/grosella-sorel-1l-2\/","name":"Grosella Sorel 1L","isPartOf":{"@id":"https:\/\/aral2.cetrexmarketing.com\/#website"},"primaryImageOfPage":{"@id":"https:\/\/aral2.cetrexmarketing.com\/ca\/producto\/grosella-sorel-1l-2\/#primaryimage"},"image":{"@id":"https:\/\/aral2.cetrexmarketing.com\/ca\/producto\/grosella-sorel-1l-2\/#primaryimage"},"thumbnailUrl":"https:\/\/aral2.cetrexmarketing.com\/wp-content\/uploads\/2025\/05\/grosella-sin-alcohol.jpg","datePublished":"2025-05-24T07:11:58+00:00","dateModified":"2025-05-24T07:12:00+00:00","description":"Comprar online Grosella Sorel 1L. Licoreria. Begudes. Destil\u00b7lats. Vinoteca. Productes Gourmet. Alimentaci\u00f3. Descomptes.","breadcrumb":{"@id":"https:\/\/aral2.cetrexmarketing.com\/ca\/producto\/grosella-sorel-1l-2\/#breadcrumb"},"inLanguage":"ca","potentialAction":[{"@type":"ReadAction","target":["https:\/\/aral2.cetrexmarketing.com\/ca\/producto\/grosella-sorel-1l-2\/"]}]},{"@type":"ImageObject","inLanguage":"ca","@id":"https:\/\/aral2.cetrexmarketing.com\/ca\/producto\/grosella-sorel-1l-2\/#primaryimage","url":"https:\/\/aral2.cetrexmarketing.com\/wp-content\/uploads\/2025\/05\/grosella-sin-alcohol.jpg","contentUrl":"https:\/\/aral2.cetrexmarketing.com\/wp-content\/uploads\/2025\/05\/grosella-sin-alcohol.jpg","width":450,"height":600},{"@type":"BreadcrumbList","@id":"https:\/\/aral2.cetrexmarketing.com\/ca\/producto\/grosella-sorel-1l-2\/#breadcrumb","itemListElement":[{"@type":"ListItem","position":1,"name":"Home","item":"https:\/\/aral2.cetrexmarketing.com\/ca\/"},{"@type":"ListItem","position":2,"name":"Tienda","item":"https:\/\/aral2.cetrexmarketing.com\/ca\/tienda-2\/"},{"@type":"ListItem","position":3,"name":"Destil\u00b7lats","item":"https:\/\/aral2.cetrexmarketing.com\/categoria-producto\/home-ca\/destil-lats-ca\/"},{"@type":"ListItem","position":4,"name":"Otros","item":"https:\/\/aral2.cetrexmarketing.com\/categoria-producto\/inicio\/destilados\/otros\/"},{"@type":"ListItem","position":5,"name":"Grosella Sorel 1L"}]},{"@type":"WebSite","@id":"https:\/\/aral2.cetrexmarketing.com\/#website","url":"https:\/\/aral2.cetrexmarketing.com\/","name":"M\u00f3n La Cata","description":"Tienda de vinos, licores, cervezas y gourmet","publisher":{"@id":"https:\/\/aral2.cetrexmarketing.com\/#organization"},"potentialAction":[{"@type":"SearchAction","target":{"@type":"EntryPoint","urlTemplate":"https:\/\/aral2.cetrexmarketing.com\/?s={search_term_string}"},"query-input":{"@type":"PropertyValueSpecification","valueRequired":true,"valueName":"search_term_string"}}],"inLanguage":"ca"},{"@type":"Organization","@id":"https:\/\/aral2.cetrexmarketing.com\/#organization","name":"M\u00f3n La Cata","url":"https:\/\/aral2.cetrexmarketing.com\/","logo":{"@type":"ImageObject","inLanguage":"ca","@id":"https:\/\/aral2.cetrexmarketing.com\/#\/schema\/logo\/image\/","url":"https:\/\/aral2.cetrexmarketing.com\/wp-content\/uploads\/2024\/10\/aral-logo-neg-1024x409-1.png","contentUrl":"https:\/\/aral2.cetrexmarketing.com\/wp-content\/uploads\/2024\/10\/aral-logo-neg-1024x409-1.png","width":1024,"height":409,"caption":"M\u00f3n La Cata"},"image":{"@id":"https:\/\/aral2.cetrexmarketing.com\/#\/schema\/logo\/image\/"}}]}},"brands":[],"_links":{"self":[{"href":"https:\/\/aral2.cetrexmarketing.com\/ca\/wp-json\/wp\/v2\/product\/79384","targetHints":{"allow":["GET"]}}],"collection":[{"href":"https:\/\/aral2.cetrexmarketing.com\/ca\/wp-json\/wp\/v2\/product"}],"about":[{"href":"https:\/\/aral2.cetrexmarketing.com\/ca\/wp-json\/wp\/v2\/types\/product"}],"replies":[{"embeddable":true,"href":"https:\/\/aral2.cetrexmarketing.com\/ca\/wp-json\/wp\/v2\/comments?post=79384"}],"wp:featuredmedia":[{"embeddable":true,"href":"https:\/\/aral2.cetrexmarketing.com\/ca\/wp-json\/wp\/v2\/media\/79381"}],"wp:attachment":[{"href":"https:\/\/aral2.cetrexmarketing.com\/ca\/wp-json\/wp\/v2\/media?parent=79384"}],"wp:term":[{"taxonomy":"pwb-brand","embeddable":true,"href":"https:\/\/aral2.cetrexmarketing.com\/ca\/wp-json\/wp\/v2\/pwb-brand?post=79384"},{"taxonomy":"product_brand","embeddable":true,"href":"https:\/\/aral2.cetrexmarketing.com\/ca\/wp-json\/wp\/v2\/product_brand?post=79384"},{"taxonomy":"product_cat","embeddable":true,"href":"https:\/\/aral2.cetrexmarketing.com\/ca\/wp-json\/wp\/v2\/product_cat?post=79384"},{"taxonomy":"product_tag","embeddable":true,"href":"https:\/\/aral2.cetrexmarketing.com\/ca\/wp-json\/wp\/v2\/product_tag?post=79384"}],"curies":[{"name":"wp","href":"https:\/\/api.w.org\/{rel}","templated":true}]}}