{"id":79303,"date":"2025-05-24T07:07:55","date_gmt":"2025-05-24T07:07:55","guid":{"rendered":"https:\/\/aral2.cetrexmarketing.com\/producto\/solera-del-abad-orujo-herbes-3l\/"},"modified":"2025-05-24T07:07:57","modified_gmt":"2025-05-24T07:07:57","slug":"solera-del-abad-orujo-herbes-3l","status":"publish","type":"product","link":"https:\/\/aral2.cetrexmarketing.com\/ca\/producto\/solera-del-abad-orujo-herbes-3l\/","title":{"rendered":"Solera del Abad Orujo Herbes 3L"},"content":{"rendered":"<p class=\"\" data-start=\"0\" data-end=\"411\"><strong data-start=\"0\" data-end=\"35\">Solera del Abad Orujo Herbes 3L<\/strong> es un <strong data-start=\"42\" data-end=\"71\">licor tradicional espanyol<\/strong> elaborat a base de <strong data-start=\"91\" data-end=\"100\">orujo<\/strong>, una beguda destil\u00b7lada de la <strong data-start=\"131\" data-end=\"139\">ra\u00efm<\/strong>, macerada amb una mescla de <strong data-start=\"168\" data-end=\"187\">herbes naturals<\/strong>. Aquest orujo herbes \u00e9s especialment conegut pel seu <strong data-start=\"241\" data-end=\"255\">sabor suau<\/strong> i la seva <strong data-start=\"266\" data-end=\"291\">complexitat arom\u00e0tica<\/strong>, resultat de la combinaci\u00f3 d&#8217;herbes aut\u00f2ctones que li atorguen un perfil <strong data-start=\"365\" data-end=\"374\">fresc<\/strong>, <strong data-start=\"376\" data-end=\"386\">herbal<\/strong> i lleugerament <strong data-start=\"402\" data-end=\"410\">dol\u00e7<\/strong>.<\/p>\n<h3 class=\"\" data-start=\"418\" data-end=\"454\"><strong data-start=\"422\" data-end=\"454\">Caracter\u00edstiques principals:<\/strong><\/h3>\n<ul data-start=\"455\" data-end=\"1256\">\n<li class=\"\" data-start=\"455\" data-end=\"567\">\n<p class=\"\" data-start=\"457\" data-end=\"567\"><strong data-start=\"457\" data-end=\"468\">Origen:<\/strong> Espanya, especialment de les <strong data-start=\"498\" data-end=\"529\">regions productores d&#8217;orujo<\/strong> a <strong data-start=\"532\" data-end=\"543\">Gal\u00edcia<\/strong> i al <strong data-start=\"549\" data-end=\"567\">nord d&#8217;Espanya<\/strong><\/p>\n<\/li>\n<li class=\"\" data-start=\"568\" data-end=\"609\">\n<p class=\"\" data-start=\"570\" data-end=\"609\"><strong data-start=\"570\" data-end=\"580\">Tipus:<\/strong> <strong data-start=\"581\" data-end=\"609\">Licor d&#8217;orujo amb herbes<\/strong><\/p>\n<\/li>\n<li class=\"\" data-start=\"610\" data-end=\"665\">\n<p class=\"\" data-start=\"612\" data-end=\"665\"><strong data-start=\"612\" data-end=\"637\">Graduaci\u00f3 alcoh\u00f2lica:<\/strong> Aproximadament <strong data-start=\"653\" data-end=\"665\">30% vol.<\/strong><\/p>\n<\/li>\n<li class=\"\" data-start=\"666\" data-end=\"759\">\n<p class=\"\" data-start=\"668\" data-end=\"759\"><strong data-start=\"668\" data-end=\"679\">Format:<\/strong> <strong data-start=\"680\" data-end=\"686\">3L<\/strong> (ampolla de gran mida, ideal per a <strong data-start=\"722\" data-end=\"739\">esdeveniments<\/strong> o consum prolongat)<\/p>\n<\/li>\n<li class=\"\" data-start=\"760\" data-end=\"857\">\n<p class=\"\" data-start=\"762\" data-end=\"857\"><strong data-start=\"762\" data-end=\"772\">Color:<\/strong> <strong data-start=\"773\" data-end=\"788\">Transparent<\/strong> amb lleugers tons <strong data-start=\"807\" data-end=\"818\">daurats<\/strong> degut a la <strong data-start=\"830\" data-end=\"857\">maceraci\u00f3 de les herbes<\/strong><\/p>\n<\/li>\n<li class=\"\" data-start=\"858\" data-end=\"1021\">\n<p class=\"\" data-start=\"860\" data-end=\"1021\"><strong data-start=\"860\" data-end=\"870\">Aroma:<\/strong> Intens i fresc, amb notes <strong data-start=\"897\" data-end=\"908\">herbals<\/strong> dominants de <strong data-start=\"922\" data-end=\"936\">herbaluisa<\/strong>, <strong data-start=\"938\" data-end=\"947\">menta<\/strong>, <strong data-start=\"949\" data-end=\"959\">roman\u00ed<\/strong> i <strong data-start=\"962\" data-end=\"970\">an\u00eds<\/strong>, juntament amb tocs subtils de la base de l&#8217;orujo.<\/p>\n<\/li>\n<li class=\"\" data-start=\"1022\" data-end=\"1177\">\n<p class=\"\" data-start=\"1024\" data-end=\"1177\"><strong data-start=\"1024\" data-end=\"1034\">Sabor:<\/strong> Suau i equilibrat, amb una bona mescla de <strong data-start=\"1077\" data-end=\"1087\">dol\u00e7or<\/strong> i <strong data-start=\"1090\" data-end=\"1101\">amargor<\/strong>, destacant les herbes fresques i el toc lleugerament <strong data-start=\"1155\" data-end=\"1165\">anisat<\/strong> de l&#8217;orujo.<\/p>\n<\/li>\n<li class=\"\" data-start=\"1178\" data-end=\"1256\">\n<p class=\"\" data-start=\"1180\" data-end=\"1256\"><strong data-start=\"1180\" data-end=\"1190\">Final:<\/strong> Llarg i herbal, amb una agradable <strong data-start=\"1225\" data-end=\"1241\">persist\u00e8ncia<\/strong> de les herbes.<\/p>\n<\/li>\n<\/ul>\n<h3 class=\"\" data-start=\"1263\" data-end=\"1287\"><strong data-start=\"1267\" data-end=\"1287\">Usos recomanats:<\/strong><\/h3>\n<p class=\"\" data-start=\"1288\" data-end=\"1595\"><strong data-start=\"1290\" data-end=\"1325\">Ideal per servir com a digestiu<\/strong> despr\u00e9s de les menjades.<br data-start=\"1350\" data-end=\"1353\" \/><strong data-start=\"1355\" data-end=\"1393\">Perfecte per gaudir com a aperitiu<\/strong> en reunions o celebracions.<br data-start=\"1421\" data-end=\"1424\" \/>Es pot prendre <strong data-start=\"1441\" data-end=\"1449\">fred<\/strong> o a <strong data-start=\"1454\" data-end=\"1477\">temperatura ambient<\/strong>, i tamb\u00e9 es pot gaudir amb <strong data-start=\"1505\" data-end=\"1512\">gel<\/strong> o en <strong data-start=\"1518\" data-end=\"1529\">c\u00f2ctels<\/strong>.<br data-start=\"1530\" data-end=\"1533\" \/>Tamb\u00e9 es pot maridar amb <strong data-start=\"1560\" data-end=\"1571\" data-is-only-node=\"\">postres<\/strong> o <strong data-start=\"1574\" data-end=\"1594\">formatges curats<\/strong>.<\/p>\n<h3 class=\"\" data-start=\"1602\" data-end=\"1622\"><strong data-start=\"1606\" data-end=\"1622\">Conservaci\u00f3:<\/strong><\/h3>\n<ul data-start=\"1623\" data-end=\"1829\">\n<li class=\"\" data-start=\"1623\" data-end=\"1690\">\n<p class=\"\" data-start=\"1625\" data-end=\"1690\"><strong data-start=\"1625\" data-end=\"1660\">Mantenir en un lloc fresc i sec<\/strong>, allunyat de la llum directa.<\/p>\n<\/li>\n<li class=\"\" data-start=\"1691\" data-end=\"1723\">\n<p class=\"\" data-start=\"1693\" data-end=\"1723\">No requereix <strong data-start=\"1706\" data-end=\"1722\">refrigeraci\u00f3<\/strong>.<\/p>\n<\/li>\n<li class=\"\" data-start=\"1724\" data-end=\"1829\">\n<p class=\"\" data-start=\"1726\" data-end=\"1829\"><strong data-start=\"1726\" data-end=\"1774\">Recomanat consumir en el termini de 1-2 anys<\/strong> per gaudir de la seva frescor i l&#8217;equilibri de sabors.<\/p>\n<\/li>\n<\/ul>\n<p class=\"\" data-start=\"1836\" data-end=\"2147\"><strong data-start=\"1839\" data-end=\"1874\">Solera del Abad Orujo Herbes 3L<\/strong> \u00e9s un licor ideal per aquells que gaudeixen de begudes amb un toc <strong data-start=\"1941\" data-end=\"1951\">herbal<\/strong> i <strong data-start=\"1954\" data-end=\"1966\">afruitat<\/strong>, perfecte per a les <strong data-start=\"1987\" data-end=\"2001\">sobremeses<\/strong>, <strong data-start=\"2003\" data-end=\"2019\">celebracions<\/strong> i <strong data-start=\"2022\" data-end=\"2044\">ocasions especials<\/strong>. El seu gran <strong data-start=\"2058\" data-end=\"2068\">format<\/strong> el converteix en una opci\u00f3 pr\u00e0ctica per compartir amb <strong data-start=\"2123\" data-end=\"2132\">amics<\/strong> i <strong data-start=\"2135\" data-end=\"2146\">fam\u00edlia<\/strong>.<\/p>\n","protected":false},"excerpt":{"rendered":"<p>Garrafa d&#8217;orujo d&#8217;herbes amb molt bona relaci\u00f3 preu-qualitat.<\/p>\n","protected":false},"featured_media":79296,"comment_status":"closed","ping_status":"closed","template":"","meta":{"_acf_changed":false},"pwb-brand":[],"product_brand":[],"product_cat":[51707,51692],"product_tag":[],"class_list":{"0":"post-79303","1":"product","2":"type-product","3":"status-publish","4":"has-post-thumbnail","6":"product_cat-aiguardent","7":"product_cat-destillats","8":"pa_destileria-destil-leries-del-maresme-sorel","9":"pa_formatoenml-38315","10":"pa_graduacion-30_0","11":"pa_pais-espanya-ca","12":"entry","13":"has-media","15":"first","16":"instock","17":"taxable","18":"shipping-taxable","19":"purchasable","20":"product-type-simple"},"acf":[],"yoast_head":"<!-- This site is optimized with the Yoast SEO Premium plugin v23.1 (Yoast SEO v23.5) - https:\/\/yoast.com\/wordpress\/plugins\/seo\/ -->\n<title>Solera del Abad Orujo Herbes 3L - M\u00f3n La Cata<\/title>\n<meta name=\"description\" content=\"Comprar Solera del Abad Orujo Herbes 3L en M\u00f3n La Cata . Tienda online especilizada en vino y alimentaci\u00f3n. Env\u00edos puntuales y promociones\" \/>\n<meta name=\"robots\" content=\"noindex, follow, max-snippet:-1, max-image-preview:large, max-video-preview:-1\" \/>\n<meta property=\"og:locale\" content=\"ca_ES\" \/>\n<meta property=\"og:type\" content=\"article\" \/>\n<meta property=\"og:title\" content=\"Solera del Abad Orujo Herbes 3L\" \/>\n<meta property=\"og:description\" content=\"Comprar Solera del Abad Orujo Herbes 3L en M\u00f3n La Cata . Tienda online especilizada en vino y alimentaci\u00f3n. Env\u00edos puntuales y promociones\" \/>\n<meta property=\"og:url\" content=\"https:\/\/aral2.cetrexmarketing.com\/ca\/producto\/solera-del-abad-orujo-herbes-3l\/\" \/>\n<meta property=\"og:site_name\" content=\"M\u00f3n La Cata\" \/>\n<meta property=\"article:modified_time\" content=\"2025-05-24T07:07:57+00:00\" \/>\n<meta property=\"og:image\" content=\"https:\/\/aral2.cetrexmarketing.com\/wp-content\/uploads\/2025\/05\/solera-del-abad-licor-de-hierbas-3l.jpg.png\" \/>\n\t<meta property=\"og:image:width\" content=\"765\" \/>\n\t<meta property=\"og:image:height\" content=\"1024\" \/>\n\t<meta property=\"og:image:type\" content=\"image\/png\" \/>\n<meta name=\"twitter:card\" content=\"summary_large_image\" \/>\n<meta name=\"twitter:label1\" content=\"Temps estimat de lectura\" \/>\n\t<meta name=\"twitter:data1\" content=\"2 minuts\" \/>\n<script type=\"application\/ld+json\" class=\"yoast-schema-graph\">{\"@context\":\"https:\/\/schema.org\",\"@graph\":[{\"@type\":\"WebPage\",\"@id\":\"https:\/\/aral2.cetrexmarketing.com\/ca\/producto\/solera-del-abad-orujo-herbes-3l\/\",\"url\":\"https:\/\/aral2.cetrexmarketing.com\/ca\/producto\/solera-del-abad-orujo-herbes-3l\/\",\"name\":\"Solera del Abad Orujo Herbes 3L - M\u00f3n La Cata\",\"isPartOf\":{\"@id\":\"https:\/\/aral2.cetrexmarketing.com\/#website\"},\"primaryImageOfPage\":{\"@id\":\"https:\/\/aral2.cetrexmarketing.com\/ca\/producto\/solera-del-abad-orujo-herbes-3l\/#primaryimage\"},\"image\":{\"@id\":\"https:\/\/aral2.cetrexmarketing.com\/ca\/producto\/solera-del-abad-orujo-herbes-3l\/#primaryimage\"},\"thumbnailUrl\":\"https:\/\/aral2.cetrexmarketing.com\/wp-content\/uploads\/2025\/05\/solera-del-abad-licor-de-hierbas-3l.jpg.png\",\"datePublished\":\"2025-05-24T07:07:55+00:00\",\"dateModified\":\"2025-05-24T07:07:57+00:00\",\"description\":\"Comprar Solera del Abad Orujo Herbes 3L en M\u00f3n La Cata . Tienda online especilizada en vino y alimentaci\u00f3n. Env\u00edos puntuales y promociones\",\"breadcrumb\":{\"@id\":\"https:\/\/aral2.cetrexmarketing.com\/ca\/producto\/solera-del-abad-orujo-herbes-3l\/#breadcrumb\"},\"inLanguage\":\"ca\",\"potentialAction\":[{\"@type\":\"ReadAction\",\"target\":[\"https:\/\/aral2.cetrexmarketing.com\/ca\/producto\/solera-del-abad-orujo-herbes-3l\/\"]}]},{\"@type\":\"ImageObject\",\"inLanguage\":\"ca\",\"@id\":\"https:\/\/aral2.cetrexmarketing.com\/ca\/producto\/solera-del-abad-orujo-herbes-3l\/#primaryimage\",\"url\":\"https:\/\/aral2.cetrexmarketing.com\/wp-content\/uploads\/2025\/05\/solera-del-abad-licor-de-hierbas-3l.jpg.png\",\"contentUrl\":\"https:\/\/aral2.cetrexmarketing.com\/wp-content\/uploads\/2025\/05\/solera-del-abad-licor-de-hierbas-3l.jpg.png\",\"width\":765,\"height\":1024},{\"@type\":\"BreadcrumbList\",\"@id\":\"https:\/\/aral2.cetrexmarketing.com\/ca\/producto\/solera-del-abad-orujo-herbes-3l\/#breadcrumb\",\"itemListElement\":[{\"@type\":\"ListItem\",\"position\":1,\"name\":\"Home\",\"item\":\"https:\/\/aral2.cetrexmarketing.com\/ca\/\"},{\"@type\":\"ListItem\",\"position\":2,\"name\":\"Tienda\",\"item\":\"https:\/\/aral2.cetrexmarketing.com\/ca\/tienda-2\/\"},{\"@type\":\"ListItem\",\"position\":3,\"name\":\"Destil\u00b7lats\",\"item\":\"https:\/\/aral2.cetrexmarketing.com\/categoria-producto\/home-ca\/destil-lats-ca\/\"},{\"@type\":\"ListItem\",\"position\":4,\"name\":\"Aguardiente\",\"item\":\"https:\/\/aral2.cetrexmarketing.com\/categoria-producto\/inicio\/destilados\/aguardiente\/\"},{\"@type\":\"ListItem\",\"position\":5,\"name\":\"Solera del Abad Orujo Herbes 3L\"}]},{\"@type\":\"WebSite\",\"@id\":\"https:\/\/aral2.cetrexmarketing.com\/#website\",\"url\":\"https:\/\/aral2.cetrexmarketing.com\/\",\"name\":\"M\u00f3n La Cata\",\"description\":\"Tienda de vinos, licores, cervezas y gourmet\",\"publisher\":{\"@id\":\"https:\/\/aral2.cetrexmarketing.com\/#organization\"},\"potentialAction\":[{\"@type\":\"SearchAction\",\"target\":{\"@type\":\"EntryPoint\",\"urlTemplate\":\"https:\/\/aral2.cetrexmarketing.com\/?s={search_term_string}\"},\"query-input\":{\"@type\":\"PropertyValueSpecification\",\"valueRequired\":true,\"valueName\":\"search_term_string\"}}],\"inLanguage\":\"ca\"},{\"@type\":\"Organization\",\"@id\":\"https:\/\/aral2.cetrexmarketing.com\/#organization\",\"name\":\"M\u00f3n La Cata\",\"url\":\"https:\/\/aral2.cetrexmarketing.com\/\",\"logo\":{\"@type\":\"ImageObject\",\"inLanguage\":\"ca\",\"@id\":\"https:\/\/aral2.cetrexmarketing.com\/#\/schema\/logo\/image\/\",\"url\":\"https:\/\/aral2.cetrexmarketing.com\/wp-content\/uploads\/2024\/10\/aral-logo-neg-1024x409-1.png\",\"contentUrl\":\"https:\/\/aral2.cetrexmarketing.com\/wp-content\/uploads\/2024\/10\/aral-logo-neg-1024x409-1.png\",\"width\":1024,\"height\":409,\"caption\":\"M\u00f3n La Cata\"},\"image\":{\"@id\":\"https:\/\/aral2.cetrexmarketing.com\/#\/schema\/logo\/image\/\"}}]}<\/script>\n<!-- \/ Yoast SEO Premium plugin. -->","yoast_head_json":{"title":"Solera del Abad Orujo Herbes 3L - M\u00f3n La Cata","description":"Comprar Solera del Abad Orujo Herbes 3L en M\u00f3n La Cata . Tienda online especilizada en vino y alimentaci\u00f3n. Env\u00edos puntuales y promociones","robots":{"index":"noindex","follow":"follow","max-snippet":"max-snippet:-1","max-image-preview":"max-image-preview:large","max-video-preview":"max-video-preview:-1"},"og_locale":"ca_ES","og_type":"article","og_title":"Solera del Abad Orujo Herbes 3L","og_description":"Comprar Solera del Abad Orujo Herbes 3L en M\u00f3n La Cata . Tienda online especilizada en vino y alimentaci\u00f3n. Env\u00edos puntuales y promociones","og_url":"https:\/\/aral2.cetrexmarketing.com\/ca\/producto\/solera-del-abad-orujo-herbes-3l\/","og_site_name":"M\u00f3n La Cata","article_modified_time":"2025-05-24T07:07:57+00:00","og_image":[{"width":765,"height":1024,"url":"https:\/\/aral2.cetrexmarketing.com\/wp-content\/uploads\/2025\/05\/solera-del-abad-licor-de-hierbas-3l.jpg.png","type":"image\/png"}],"twitter_card":"summary_large_image","twitter_misc":{"Temps estimat de lectura":"2 minuts"},"schema":{"@context":"https:\/\/schema.org","@graph":[{"@type":"WebPage","@id":"https:\/\/aral2.cetrexmarketing.com\/ca\/producto\/solera-del-abad-orujo-herbes-3l\/","url":"https:\/\/aral2.cetrexmarketing.com\/ca\/producto\/solera-del-abad-orujo-herbes-3l\/","name":"Solera del Abad Orujo Herbes 3L - M\u00f3n La Cata","isPartOf":{"@id":"https:\/\/aral2.cetrexmarketing.com\/#website"},"primaryImageOfPage":{"@id":"https:\/\/aral2.cetrexmarketing.com\/ca\/producto\/solera-del-abad-orujo-herbes-3l\/#primaryimage"},"image":{"@id":"https:\/\/aral2.cetrexmarketing.com\/ca\/producto\/solera-del-abad-orujo-herbes-3l\/#primaryimage"},"thumbnailUrl":"https:\/\/aral2.cetrexmarketing.com\/wp-content\/uploads\/2025\/05\/solera-del-abad-licor-de-hierbas-3l.jpg.png","datePublished":"2025-05-24T07:07:55+00:00","dateModified":"2025-05-24T07:07:57+00:00","description":"Comprar Solera del Abad Orujo Herbes 3L en M\u00f3n La Cata . Tienda online especilizada en vino y alimentaci\u00f3n. Env\u00edos puntuales y promociones","breadcrumb":{"@id":"https:\/\/aral2.cetrexmarketing.com\/ca\/producto\/solera-del-abad-orujo-herbes-3l\/#breadcrumb"},"inLanguage":"ca","potentialAction":[{"@type":"ReadAction","target":["https:\/\/aral2.cetrexmarketing.com\/ca\/producto\/solera-del-abad-orujo-herbes-3l\/"]}]},{"@type":"ImageObject","inLanguage":"ca","@id":"https:\/\/aral2.cetrexmarketing.com\/ca\/producto\/solera-del-abad-orujo-herbes-3l\/#primaryimage","url":"https:\/\/aral2.cetrexmarketing.com\/wp-content\/uploads\/2025\/05\/solera-del-abad-licor-de-hierbas-3l.jpg.png","contentUrl":"https:\/\/aral2.cetrexmarketing.com\/wp-content\/uploads\/2025\/05\/solera-del-abad-licor-de-hierbas-3l.jpg.png","width":765,"height":1024},{"@type":"BreadcrumbList","@id":"https:\/\/aral2.cetrexmarketing.com\/ca\/producto\/solera-del-abad-orujo-herbes-3l\/#breadcrumb","itemListElement":[{"@type":"ListItem","position":1,"name":"Home","item":"https:\/\/aral2.cetrexmarketing.com\/ca\/"},{"@type":"ListItem","position":2,"name":"Tienda","item":"https:\/\/aral2.cetrexmarketing.com\/ca\/tienda-2\/"},{"@type":"ListItem","position":3,"name":"Destil\u00b7lats","item":"https:\/\/aral2.cetrexmarketing.com\/categoria-producto\/home-ca\/destil-lats-ca\/"},{"@type":"ListItem","position":4,"name":"Aguardiente","item":"https:\/\/aral2.cetrexmarketing.com\/categoria-producto\/inicio\/destilados\/aguardiente\/"},{"@type":"ListItem","position":5,"name":"Solera del Abad Orujo Herbes 3L"}]},{"@type":"WebSite","@id":"https:\/\/aral2.cetrexmarketing.com\/#website","url":"https:\/\/aral2.cetrexmarketing.com\/","name":"M\u00f3n La Cata","description":"Tienda de vinos, licores, cervezas y gourmet","publisher":{"@id":"https:\/\/aral2.cetrexmarketing.com\/#organization"},"potentialAction":[{"@type":"SearchAction","target":{"@type":"EntryPoint","urlTemplate":"https:\/\/aral2.cetrexmarketing.com\/?s={search_term_string}"},"query-input":{"@type":"PropertyValueSpecification","valueRequired":true,"valueName":"search_term_string"}}],"inLanguage":"ca"},{"@type":"Organization","@id":"https:\/\/aral2.cetrexmarketing.com\/#organization","name":"M\u00f3n La Cata","url":"https:\/\/aral2.cetrexmarketing.com\/","logo":{"@type":"ImageObject","inLanguage":"ca","@id":"https:\/\/aral2.cetrexmarketing.com\/#\/schema\/logo\/image\/","url":"https:\/\/aral2.cetrexmarketing.com\/wp-content\/uploads\/2024\/10\/aral-logo-neg-1024x409-1.png","contentUrl":"https:\/\/aral2.cetrexmarketing.com\/wp-content\/uploads\/2024\/10\/aral-logo-neg-1024x409-1.png","width":1024,"height":409,"caption":"M\u00f3n La Cata"},"image":{"@id":"https:\/\/aral2.cetrexmarketing.com\/#\/schema\/logo\/image\/"}}]}},"brands":[],"_links":{"self":[{"href":"https:\/\/aral2.cetrexmarketing.com\/ca\/wp-json\/wp\/v2\/product\/79303","targetHints":{"allow":["GET"]}}],"collection":[{"href":"https:\/\/aral2.cetrexmarketing.com\/ca\/wp-json\/wp\/v2\/product"}],"about":[{"href":"https:\/\/aral2.cetrexmarketing.com\/ca\/wp-json\/wp\/v2\/types\/product"}],"replies":[{"embeddable":true,"href":"https:\/\/aral2.cetrexmarketing.com\/ca\/wp-json\/wp\/v2\/comments?post=79303"}],"wp:featuredmedia":[{"embeddable":true,"href":"https:\/\/aral2.cetrexmarketing.com\/ca\/wp-json\/wp\/v2\/media\/79296"}],"wp:attachment":[{"href":"https:\/\/aral2.cetrexmarketing.com\/ca\/wp-json\/wp\/v2\/media?parent=79303"}],"wp:term":[{"taxonomy":"pwb-brand","embeddable":true,"href":"https:\/\/aral2.cetrexmarketing.com\/ca\/wp-json\/wp\/v2\/pwb-brand?post=79303"},{"taxonomy":"product_brand","embeddable":true,"href":"https:\/\/aral2.cetrexmarketing.com\/ca\/wp-json\/wp\/v2\/product_brand?post=79303"},{"taxonomy":"product_cat","embeddable":true,"href":"https:\/\/aral2.cetrexmarketing.com\/ca\/wp-json\/wp\/v2\/product_cat?post=79303"},{"taxonomy":"product_tag","embeddable":true,"href":"https:\/\/aral2.cetrexmarketing.com\/ca\/wp-json\/wp\/v2\/product_tag?post=79303"}],"curies":[{"name":"wp","href":"https:\/\/api.w.org\/{rel}","templated":true}]}}