{"id":79143,"date":"2025-05-24T07:05:42","date_gmt":"2025-05-24T07:05:42","guid":{"rendered":"https:\/\/aral2.cetrexmarketing.com\/producto\/antiquary-12-anys\/"},"modified":"2025-05-24T07:05:43","modified_gmt":"2025-05-24T07:05:43","slug":"antiquary-12-anys","status":"publish","type":"product","link":"https:\/\/aral2.cetrexmarketing.com\/ca\/producto\/antiquary-12-anys\/","title":{"rendered":"Antiquary 12 anys"},"content":{"rendered":"<p class=\"normal\">Antigament un dels blends de referencia a escocia, era considerat un producte de luxe. En els anys del boom del blend i de l\u00b4expansi\u00f3 del whisky escoces, altres blends com els dels germans Chivas li van treure importancia. Actualment lluiten per tornar a guanyar importancia amb uns productes molt competitius.<\/p>\n<p class=\"normal\">NOTA DE CATA: Color ambar intens, amb aromes terrosos amb records a fruta citrica. En boca es melos amb citrics, i predomina la malta. <span lang=\"en-us\" xml:lang=\"en-us\">Final suau amb un toc picant.<\/span><\/p><\/p>\n","protected":false},"excerpt":{"rendered":"<p dir=\"ltr\"><span>Antigament un dels\u00a0<\/span><span class=\"hiddenSpellError\">blends<\/span><span>\u00a0de\u00a0<\/span><span class=\"hiddenGrammarError\">referencia<\/span><span>\u00a0a E<\/span><span>sc\u00f2cia<\/span><span>, considerat un producte de luxe. En els anys del boom del\u00a0<\/span><span class=\"hiddenSpellError\">blend<\/span><span>, altres com els dels germans\u00a0<\/span><span class=\"hiddenSpellError\">Chivas<\/span><span>\u00a0li van treure\u00a0<\/span><span>import\u00e0ncia<\/span><span>. Actualment lluiten per tornar a guanyar\u00a0<\/span><span>import\u00e0ncia<\/span><span>\u00a0amb uns productes molt competitius.<\/span><\/p>\n<p><span class=\"hiddenSpellError\">Color ambre<\/span><span>.<\/span><\/p>\n<p><span>Aromes terrosos amb records a\u00a0<\/span><span>fruita<\/span><span>\u00a0<\/span><span>c\u00edtrica<\/span><span>.<\/span><\/p>\n<p><span>Boca melosa amb\u00a0<\/span><span>c\u00edtrics<\/span><span>\u00a0i malta. Final suau amb un toc picant.<\/span><\/p>\n","protected":false},"featured_media":79140,"comment_status":"closed","ping_status":"closed","template":"","meta":{"_acf_changed":false},"pwb-brand":[],"product_brand":[],"product_cat":[51733,51692,51722,51723],"product_tag":[15267,15265,15264,15260,15266,15261,15263,15262],"class_list":{"0":"post-79143","1":"product","2":"type-product","3":"status-publish","4":"has-post-thumbnail","6":"product_cat-blended-scotch-whisky-whisky-escocia-whisky-destillats","7":"product_cat-destillats","8":"product_cat-whisky-destillats","9":"product_cat-whisky-escocia-whisky-destillats","10":"product_tag-antiquary-ca","11":"product_tag-blend-ca","12":"product_tag-blended-ca","13":"product_tag-scotch-whisky-ca","14":"product_tag-scotch-whisky-blended-ca","15":"product_tag-whisky-ca","16":"product_tag-whisky-blend-ca","17":"product_tag-whisky-blended-ca","18":"pa_ahumado-baix","19":"pa_destileria-thetomatindistilleryco-ca","20":"pa_envejecimiento-12-anys","21":"pa_formatoenl-36167","22":"pa_formatoenml-38307","23":"pa_graduacion-40_0","24":"pa_pais-escocia-ca-2","25":"pa_pesoengramos-38337","26":"pa_pesoenkg-125-ca","27":"pa_propietario-thetomatindistilleryco-ca","28":"pa_region-escocia","29":"pa_tipodewhisky-scotchwhiskyblend-ca","30":"entry","31":"has-media","33":"first","34":"outofstock","35":"taxable","36":"shipping-taxable","37":"purchasable","38":"product-type-simple"},"acf":[],"yoast_head":"<!-- This site is optimized with the Yoast SEO Premium plugin v23.1 (Yoast SEO v23.5) - https:\/\/yoast.com\/wordpress\/plugins\/seo\/ -->\n<title>Antiquary 12 anys<\/title>\n<meta name=\"description\" content=\"Antigament un dels blends de referencia a Esc\u00f2cia, considerat un producte de luxe. Aromes terrosos amb records a fruita c\u00edtrica. Boca melosa amb c\u00edtrics i malta\" \/>\n<meta name=\"robots\" content=\"noindex, follow, max-snippet:-1, max-image-preview:large, max-video-preview:-1\" \/>\n<meta property=\"og:locale\" content=\"ca_ES\" \/>\n<meta property=\"og:type\" content=\"article\" \/>\n<meta property=\"og:title\" content=\"Antiquary 12 anys\" \/>\n<meta property=\"og:description\" content=\"Antigament un dels blends de referencia a Esc\u00f2cia, considerat un producte de luxe. Aromes terrosos amb records a fruita c\u00edtrica. Boca melosa amb c\u00edtrics i malta\" \/>\n<meta property=\"og:url\" content=\"https:\/\/aral2.cetrexmarketing.com\/ca\/producto\/antiquary-12-anys\/\" \/>\n<meta property=\"og:site_name\" content=\"M\u00f3n La Cata\" \/>\n<meta property=\"article:modified_time\" content=\"2025-05-24T07:05:43+00:00\" \/>\n<meta property=\"og:image\" content=\"https:\/\/aral2.cetrexmarketing.com\/wp-content\/uploads\/2025\/05\/ANTIQUARY-12-ANOS.jpg.png\" \/>\n\t<meta property=\"og:image:width\" content=\"765\" \/>\n\t<meta property=\"og:image:height\" content=\"1024\" \/>\n\t<meta property=\"og:image:type\" content=\"image\/png\" \/>\n<meta name=\"twitter:card\" content=\"summary_large_image\" \/>\n<script type=\"application\/ld+json\" class=\"yoast-schema-graph\">{\"@context\":\"https:\/\/schema.org\",\"@graph\":[{\"@type\":\"WebPage\",\"@id\":\"https:\/\/aral2.cetrexmarketing.com\/ca\/producto\/antiquary-12-anys\/\",\"url\":\"https:\/\/aral2.cetrexmarketing.com\/ca\/producto\/antiquary-12-anys\/\",\"name\":\"Antiquary 12 anys\",\"isPartOf\":{\"@id\":\"https:\/\/aral2.cetrexmarketing.com\/#website\"},\"primaryImageOfPage\":{\"@id\":\"https:\/\/aral2.cetrexmarketing.com\/ca\/producto\/antiquary-12-anys\/#primaryimage\"},\"image\":{\"@id\":\"https:\/\/aral2.cetrexmarketing.com\/ca\/producto\/antiquary-12-anys\/#primaryimage\"},\"thumbnailUrl\":\"https:\/\/aral2.cetrexmarketing.com\/wp-content\/uploads\/2025\/05\/ANTIQUARY-12-ANOS.jpg.png\",\"datePublished\":\"2025-05-24T07:05:42+00:00\",\"dateModified\":\"2025-05-24T07:05:43+00:00\",\"description\":\"Antigament un dels blends de referencia a Esc\u00f2cia, considerat un producte de luxe. Aromes terrosos amb records a fruita c\u00edtrica. Boca melosa amb c\u00edtrics i malta\",\"breadcrumb\":{\"@id\":\"https:\/\/aral2.cetrexmarketing.com\/ca\/producto\/antiquary-12-anys\/#breadcrumb\"},\"inLanguage\":\"ca\",\"potentialAction\":[{\"@type\":\"ReadAction\",\"target\":[\"https:\/\/aral2.cetrexmarketing.com\/ca\/producto\/antiquary-12-anys\/\"]}]},{\"@type\":\"ImageObject\",\"inLanguage\":\"ca\",\"@id\":\"https:\/\/aral2.cetrexmarketing.com\/ca\/producto\/antiquary-12-anys\/#primaryimage\",\"url\":\"https:\/\/aral2.cetrexmarketing.com\/wp-content\/uploads\/2025\/05\/ANTIQUARY-12-ANOS.jpg.png\",\"contentUrl\":\"https:\/\/aral2.cetrexmarketing.com\/wp-content\/uploads\/2025\/05\/ANTIQUARY-12-ANOS.jpg.png\",\"width\":765,\"height\":1024},{\"@type\":\"BreadcrumbList\",\"@id\":\"https:\/\/aral2.cetrexmarketing.com\/ca\/producto\/antiquary-12-anys\/#breadcrumb\",\"itemListElement\":[{\"@type\":\"ListItem\",\"position\":1,\"name\":\"Home\",\"item\":\"https:\/\/aral2.cetrexmarketing.com\/ca\/\"},{\"@type\":\"ListItem\",\"position\":2,\"name\":\"Tienda\",\"item\":\"https:\/\/aral2.cetrexmarketing.com\/ca\/tienda-2\/\"},{\"@type\":\"ListItem\",\"position\":3,\"name\":\"Destil\u00b7lats\",\"item\":\"https:\/\/aral2.cetrexmarketing.com\/categoria-producto\/home-ca\/destil-lats-ca\/\"},{\"@type\":\"ListItem\",\"position\":4,\"name\":\"Whisky\",\"item\":\"https:\/\/aral2.cetrexmarketing.com\/ca\/categoria-producto\/destil-lats-ca\/whisky-ca\/\"},{\"@type\":\"ListItem\",\"position\":5,\"name\":\"Whisky Esc\u00f2cia\",\"item\":\"https:\/\/aral2.cetrexmarketing.com\/ca\/categoria-producto\/destil-lats-ca\/whisky-ca\/whisky-escocia-ca\/\"},{\"@type\":\"ListItem\",\"position\":6,\"name\":\"Blended Scotch Whisky\",\"item\":\"https:\/\/aral2.cetrexmarketing.com\/categoria-producto\/inicio\/destilados\/whisky\/whisky-escocia\/blended-scotch-whisky\/\"},{\"@type\":\"ListItem\",\"position\":7,\"name\":\"Antiquary 12 anys\"}]},{\"@type\":\"WebSite\",\"@id\":\"https:\/\/aral2.cetrexmarketing.com\/#website\",\"url\":\"https:\/\/aral2.cetrexmarketing.com\/\",\"name\":\"M\u00f3n La Cata\",\"description\":\"Tienda de vinos, licores, cervezas y gourmet\",\"publisher\":{\"@id\":\"https:\/\/aral2.cetrexmarketing.com\/#organization\"},\"potentialAction\":[{\"@type\":\"SearchAction\",\"target\":{\"@type\":\"EntryPoint\",\"urlTemplate\":\"https:\/\/aral2.cetrexmarketing.com\/?s={search_term_string}\"},\"query-input\":{\"@type\":\"PropertyValueSpecification\",\"valueRequired\":true,\"valueName\":\"search_term_string\"}}],\"inLanguage\":\"ca\"},{\"@type\":\"Organization\",\"@id\":\"https:\/\/aral2.cetrexmarketing.com\/#organization\",\"name\":\"M\u00f3n La Cata\",\"url\":\"https:\/\/aral2.cetrexmarketing.com\/\",\"logo\":{\"@type\":\"ImageObject\",\"inLanguage\":\"ca\",\"@id\":\"https:\/\/aral2.cetrexmarketing.com\/#\/schema\/logo\/image\/\",\"url\":\"https:\/\/aral2.cetrexmarketing.com\/wp-content\/uploads\/2024\/10\/aral-logo-neg-1024x409-1.png\",\"contentUrl\":\"https:\/\/aral2.cetrexmarketing.com\/wp-content\/uploads\/2024\/10\/aral-logo-neg-1024x409-1.png\",\"width\":1024,\"height\":409,\"caption\":\"M\u00f3n La Cata\"},\"image\":{\"@id\":\"https:\/\/aral2.cetrexmarketing.com\/#\/schema\/logo\/image\/\"}}]}<\/script>\n<!-- \/ Yoast SEO Premium plugin. -->","yoast_head_json":{"title":"Antiquary 12 anys","description":"Antigament un dels blends de referencia a Esc\u00f2cia, considerat un producte de luxe. Aromes terrosos amb records a fruita c\u00edtrica. Boca melosa amb c\u00edtrics i malta","robots":{"index":"noindex","follow":"follow","max-snippet":"max-snippet:-1","max-image-preview":"max-image-preview:large","max-video-preview":"max-video-preview:-1"},"og_locale":"ca_ES","og_type":"article","og_title":"Antiquary 12 anys","og_description":"Antigament un dels blends de referencia a Esc\u00f2cia, considerat un producte de luxe. Aromes terrosos amb records a fruita c\u00edtrica. Boca melosa amb c\u00edtrics i malta","og_url":"https:\/\/aral2.cetrexmarketing.com\/ca\/producto\/antiquary-12-anys\/","og_site_name":"M\u00f3n La Cata","article_modified_time":"2025-05-24T07:05:43+00:00","og_image":[{"width":765,"height":1024,"url":"https:\/\/aral2.cetrexmarketing.com\/wp-content\/uploads\/2025\/05\/ANTIQUARY-12-ANOS.jpg.png","type":"image\/png"}],"twitter_card":"summary_large_image","schema":{"@context":"https:\/\/schema.org","@graph":[{"@type":"WebPage","@id":"https:\/\/aral2.cetrexmarketing.com\/ca\/producto\/antiquary-12-anys\/","url":"https:\/\/aral2.cetrexmarketing.com\/ca\/producto\/antiquary-12-anys\/","name":"Antiquary 12 anys","isPartOf":{"@id":"https:\/\/aral2.cetrexmarketing.com\/#website"},"primaryImageOfPage":{"@id":"https:\/\/aral2.cetrexmarketing.com\/ca\/producto\/antiquary-12-anys\/#primaryimage"},"image":{"@id":"https:\/\/aral2.cetrexmarketing.com\/ca\/producto\/antiquary-12-anys\/#primaryimage"},"thumbnailUrl":"https:\/\/aral2.cetrexmarketing.com\/wp-content\/uploads\/2025\/05\/ANTIQUARY-12-ANOS.jpg.png","datePublished":"2025-05-24T07:05:42+00:00","dateModified":"2025-05-24T07:05:43+00:00","description":"Antigament un dels blends de referencia a Esc\u00f2cia, considerat un producte de luxe. Aromes terrosos amb records a fruita c\u00edtrica. Boca melosa amb c\u00edtrics i malta","breadcrumb":{"@id":"https:\/\/aral2.cetrexmarketing.com\/ca\/producto\/antiquary-12-anys\/#breadcrumb"},"inLanguage":"ca","potentialAction":[{"@type":"ReadAction","target":["https:\/\/aral2.cetrexmarketing.com\/ca\/producto\/antiquary-12-anys\/"]}]},{"@type":"ImageObject","inLanguage":"ca","@id":"https:\/\/aral2.cetrexmarketing.com\/ca\/producto\/antiquary-12-anys\/#primaryimage","url":"https:\/\/aral2.cetrexmarketing.com\/wp-content\/uploads\/2025\/05\/ANTIQUARY-12-ANOS.jpg.png","contentUrl":"https:\/\/aral2.cetrexmarketing.com\/wp-content\/uploads\/2025\/05\/ANTIQUARY-12-ANOS.jpg.png","width":765,"height":1024},{"@type":"BreadcrumbList","@id":"https:\/\/aral2.cetrexmarketing.com\/ca\/producto\/antiquary-12-anys\/#breadcrumb","itemListElement":[{"@type":"ListItem","position":1,"name":"Home","item":"https:\/\/aral2.cetrexmarketing.com\/ca\/"},{"@type":"ListItem","position":2,"name":"Tienda","item":"https:\/\/aral2.cetrexmarketing.com\/ca\/tienda-2\/"},{"@type":"ListItem","position":3,"name":"Destil\u00b7lats","item":"https:\/\/aral2.cetrexmarketing.com\/categoria-producto\/home-ca\/destil-lats-ca\/"},{"@type":"ListItem","position":4,"name":"Whisky","item":"https:\/\/aral2.cetrexmarketing.com\/ca\/categoria-producto\/destil-lats-ca\/whisky-ca\/"},{"@type":"ListItem","position":5,"name":"Whisky Esc\u00f2cia","item":"https:\/\/aral2.cetrexmarketing.com\/ca\/categoria-producto\/destil-lats-ca\/whisky-ca\/whisky-escocia-ca\/"},{"@type":"ListItem","position":6,"name":"Blended Scotch Whisky","item":"https:\/\/aral2.cetrexmarketing.com\/categoria-producto\/inicio\/destilados\/whisky\/whisky-escocia\/blended-scotch-whisky\/"},{"@type":"ListItem","position":7,"name":"Antiquary 12 anys"}]},{"@type":"WebSite","@id":"https:\/\/aral2.cetrexmarketing.com\/#website","url":"https:\/\/aral2.cetrexmarketing.com\/","name":"M\u00f3n La Cata","description":"Tienda de vinos, licores, cervezas y gourmet","publisher":{"@id":"https:\/\/aral2.cetrexmarketing.com\/#organization"},"potentialAction":[{"@type":"SearchAction","target":{"@type":"EntryPoint","urlTemplate":"https:\/\/aral2.cetrexmarketing.com\/?s={search_term_string}"},"query-input":{"@type":"PropertyValueSpecification","valueRequired":true,"valueName":"search_term_string"}}],"inLanguage":"ca"},{"@type":"Organization","@id":"https:\/\/aral2.cetrexmarketing.com\/#organization","name":"M\u00f3n La Cata","url":"https:\/\/aral2.cetrexmarketing.com\/","logo":{"@type":"ImageObject","inLanguage":"ca","@id":"https:\/\/aral2.cetrexmarketing.com\/#\/schema\/logo\/image\/","url":"https:\/\/aral2.cetrexmarketing.com\/wp-content\/uploads\/2024\/10\/aral-logo-neg-1024x409-1.png","contentUrl":"https:\/\/aral2.cetrexmarketing.com\/wp-content\/uploads\/2024\/10\/aral-logo-neg-1024x409-1.png","width":1024,"height":409,"caption":"M\u00f3n La Cata"},"image":{"@id":"https:\/\/aral2.cetrexmarketing.com\/#\/schema\/logo\/image\/"}}]}},"brands":[],"_links":{"self":[{"href":"https:\/\/aral2.cetrexmarketing.com\/ca\/wp-json\/wp\/v2\/product\/79143","targetHints":{"allow":["GET"]}}],"collection":[{"href":"https:\/\/aral2.cetrexmarketing.com\/ca\/wp-json\/wp\/v2\/product"}],"about":[{"href":"https:\/\/aral2.cetrexmarketing.com\/ca\/wp-json\/wp\/v2\/types\/product"}],"replies":[{"embeddable":true,"href":"https:\/\/aral2.cetrexmarketing.com\/ca\/wp-json\/wp\/v2\/comments?post=79143"}],"wp:featuredmedia":[{"embeddable":true,"href":"https:\/\/aral2.cetrexmarketing.com\/ca\/wp-json\/wp\/v2\/media\/79140"}],"wp:attachment":[{"href":"https:\/\/aral2.cetrexmarketing.com\/ca\/wp-json\/wp\/v2\/media?parent=79143"}],"wp:term":[{"taxonomy":"pwb-brand","embeddable":true,"href":"https:\/\/aral2.cetrexmarketing.com\/ca\/wp-json\/wp\/v2\/pwb-brand?post=79143"},{"taxonomy":"product_brand","embeddable":true,"href":"https:\/\/aral2.cetrexmarketing.com\/ca\/wp-json\/wp\/v2\/product_brand?post=79143"},{"taxonomy":"product_cat","embeddable":true,"href":"https:\/\/aral2.cetrexmarketing.com\/ca\/wp-json\/wp\/v2\/product_cat?post=79143"},{"taxonomy":"product_tag","embeddable":true,"href":"https:\/\/aral2.cetrexmarketing.com\/ca\/wp-json\/wp\/v2\/product_tag?post=79143"}],"curies":[{"name":"wp","href":"https:\/\/api.w.org\/{rel}","templated":true}]}}