{"id":79074,"date":"2025-05-24T07:04:47","date_gmt":"2025-05-24T07:04:47","guid":{"rendered":"https:\/\/aral2.cetrexmarketing.com\/producto\/brugal-extra-viejo-2\/"},"modified":"2025-05-24T07:04:48","modified_gmt":"2025-05-24T07:04:48","slug":"brugal-extra-viejo-2","status":"publish","type":"product","link":"https:\/\/aral2.cetrexmarketing.com\/ca\/producto\/brugal-extra-viejo-2\/","title":{"rendered":"Brugal Extra Viejo"},"content":{"rendered":"<p class=\"\" data-start=\"0\" data-end=\"366\"><strong data-start=\"0\" data-end=\"22\">Brugal Extra Viejo<\/strong> \u00e9s un <strong data-start=\"29\" data-end=\"71\">rom premium de la Rep\u00fablica Dominicana<\/strong>, conegut per la seva <strong data-start=\"93\" data-end=\"119\">suavitat i complexitat<\/strong>. Envellit entre <strong data-start=\"136\" data-end=\"151\">8 i 12 anys<\/strong> en <strong data-start=\"155\" data-end=\"194\">barrils de roure americ\u00e0 ex-bourbon<\/strong>, aquest <strong data-start=\"203\" data-end=\"218\">rom premium<\/strong> destaca per un <strong data-start=\"234\" data-end=\"288\">equilibri perfecte entre dol\u00e7or i notes especiades<\/strong>, reflectint <strong data-start=\"301\" data-end=\"333\">l&#8217;excel\u00b7l\u00e8ncia i la tradici\u00f3<\/strong> de la destil\u00b7leria <strong data-start=\"353\" data-end=\"363\">Brugal<\/strong>.<\/p>\n<h3 class=\"\" data-start=\"373\" data-end=\"411\"><strong data-start=\"377\" data-end=\"409\">Caracter\u00edstiques principals:<\/strong><\/h3>\n<ul data-start=\"412\" data-end=\"903\">\n<li class=\"\" data-start=\"412\" data-end=\"448\">\n<p class=\"\" data-start=\"414\" data-end=\"448\"><strong data-start=\"414\" data-end=\"425\">Origen:<\/strong> Rep\u00fablica Dominicana<\/p>\n<\/li>\n<li class=\"\" data-start=\"449\" data-end=\"473\">\n<p class=\"\" data-start=\"451\" data-end=\"473\"><strong data-start=\"451\" data-end=\"461\">Tipus:<\/strong> Rom a\u00f1ejo<\/p>\n<\/li>\n<li class=\"\" data-start=\"474\" data-end=\"551\">\n<p class=\"\" data-start=\"476\" data-end=\"551\"><strong data-start=\"476\" data-end=\"492\">Envelliment:<\/strong> <strong data-start=\"493\" data-end=\"506\">8-12 anys<\/strong> en <strong data-start=\"510\" data-end=\"549\">barrils de roure americ\u00e0 ex-bourbon<\/strong><\/p>\n<\/li>\n<li class=\"\" data-start=\"552\" data-end=\"590\">\n<p class=\"\" data-start=\"554\" data-end=\"590\"><strong data-start=\"554\" data-end=\"579\">Graduaci\u00f3 alcoh\u00f2lica:<\/strong> 38% vol.<\/p>\n<\/li>\n<li class=\"\" data-start=\"591\" data-end=\"643\">\n<p class=\"\" data-start=\"593\" data-end=\"643\"><strong data-start=\"593\" data-end=\"603\">Color:<\/strong> <strong data-start=\"604\" data-end=\"618\">Ambre fosc<\/strong> amb reflexos <strong data-start=\"632\" data-end=\"641\">caoba<\/strong><\/p>\n<\/li>\n<li class=\"\" data-start=\"644\" data-end=\"725\">\n<p class=\"\" data-start=\"646\" data-end=\"725\"><strong data-start=\"646\" data-end=\"656\">Aroma:<\/strong> Notes de <strong data-start=\"666\" data-end=\"723\">fusta torrada, caramel, cacau, vainilla i fruits secs<\/strong><\/p>\n<\/li>\n<li class=\"\" data-start=\"726\" data-end=\"832\">\n<p class=\"\" data-start=\"728\" data-end=\"832\"><strong data-start=\"728\" data-end=\"738\">Sabor:<\/strong> <strong data-start=\"739\" data-end=\"760\">Suau i equilibrat<\/strong>, amb matisos de <strong data-start=\"777\" data-end=\"830\">mel, esp\u00e8cies, ametlles i un toc lleuger de roure<\/strong><\/p>\n<\/li>\n<li class=\"\" data-start=\"833\" data-end=\"903\">\n<p class=\"\" data-start=\"835\" data-end=\"903\"><strong data-start=\"835\" data-end=\"845\">Final:<\/strong> <strong data-start=\"846\" data-end=\"865\">Llarg i elegant<\/strong>, amb un <strong data-start=\"874\" data-end=\"901\">retrogust c\u00e0lid i sed\u00f3s<\/strong><\/p>\n<\/li>\n<\/ul>\n<h3 class=\"\" data-start=\"910\" data-end=\"936\"><strong data-start=\"914\" data-end=\"934\">Usos recomanats:<\/strong><\/h3>\n<p class=\"\" data-start=\"937\" data-end=\"1113\"><strong data-start=\"939\" data-end=\"967\">Perfecte per prendre sol<\/strong> o <strong data-start=\"970\" data-end=\"981\">amb gel<\/strong>, gaudint de la seva <strong data-start=\"1002\" data-end=\"1023\">riquesa de sabors<\/strong>.<br data-start=\"1024\" data-end=\"1027\" \/><strong data-start=\"1029\" data-end=\"1064\">Ideal per a c\u00f2ctels sofisticats<\/strong> com <strong data-start=\"1069\" data-end=\"1086\">Old Fashioned<\/strong> o <strong data-start=\"1089\" data-end=\"1110\">Brugal Presidente<\/strong>.<\/p>\n<h3 class=\"\" data-start=\"1120\" data-end=\"1142\"><strong data-start=\"1124\" data-end=\"1140\">Conservaci\u00f3:<\/strong><\/h3>\n<ul data-start=\"1143\" data-end=\"1237\">\n<li class=\"\" data-start=\"1143\" data-end=\"1237\">\n<p class=\"\" data-start=\"1145\" data-end=\"1237\"><strong data-start=\"1145\" data-end=\"1180\">Mantenir en un lloc fresc i sec<\/strong>, allunyat de la <strong data-start=\"1197\" data-end=\"1213\">llum directa<\/strong> i <strong data-start=\"1216\" data-end=\"1234\">fonts de calor<\/strong>.<\/p>\n<\/li>\n<\/ul>\n<p class=\"\" data-start=\"1244\" data-end=\"1440\">\ud83e\udd43 <strong data-start=\"1247\" data-end=\"1269\">Brugal Extra Viejo<\/strong> \u00e9s un <strong data-start=\"1276\" data-end=\"1302\">rom refinat i vers\u00e0til<\/strong>, ideal tant per <strong data-start=\"1319\" data-end=\"1341\">degustar lentament<\/strong> com per <strong data-start=\"1350\" data-end=\"1369\">real\u00e7ar c\u00f2ctels<\/strong>, oferint una <strong data-start=\"1383\" data-end=\"1439\">experi\u00e8ncia plena d\u2019eleg\u00e0ncia i profunditat de sabor<\/strong>.<\/p>\n","protected":false},"excerpt":{"rendered":"<p>Versi\u00f3n m\u00e9s\u00a0envellida del fam\u00f3s rom Brugal i dol\u00e7or incrementada, totalment integrada.<\/p>\n","protected":false},"featured_media":78361,"comment_status":"closed","ping_status":"closed","template":"","meta":{"_acf_changed":false},"pwb-brand":[],"product_brand":[],"product_cat":[51692,51720],"product_tag":[15234,15232,38940,38943],"class_list":{"0":"post-79074","1":"product","2":"type-product","3":"status-publish","4":"has-post-thumbnail","6":"product_cat-destillats","7":"product_cat-rom","8":"product_tag-brugal-ca","9":"product_tag-republica-dominicana-ca","10":"product_tag-rom","11":"product_tag-rom-dominica","12":"pa_bodega-brugalco","13":"pa_formatoenl-36167","14":"pa_formatoenml-38307","15":"pa_graduacion-38_0","16":"pa_pais-republica-dominicana","17":"pa_pesoengramos-38342","18":"pa_pesoenkg-10-ca","19":"pa_pueblociudad-puertoplata","20":"entry","21":"has-media","23":"first","24":"instock","25":"taxable","26":"shipping-taxable","27":"purchasable","28":"product-type-simple"},"acf":[],"yoast_head":"<!-- This site is optimized with the Yoast SEO Premium plugin v23.1 (Yoast SEO v23.5) - https:\/\/yoast.com\/wordpress\/plugins\/seo\/ -->\n<title>Brugal Extra Viejo rom<\/title>\n<meta name=\"description\" content=\"Comprar online el rom dominic\u00e0 Brugal Extra Viejo. Resultat de l&#039;envelliment de fins a 8 anys en b\u00f3tes de roure americ\u00e0.\" \/>\n<meta name=\"robots\" content=\"noindex, follow, max-snippet:-1, max-image-preview:large, max-video-preview:-1\" \/>\n<meta property=\"og:locale\" content=\"ca_ES\" \/>\n<meta property=\"og:type\" content=\"article\" \/>\n<meta property=\"og:title\" content=\"Brugal Extra Viejo\" \/>\n<meta property=\"og:description\" content=\"Comprar online el rom dominic\u00e0 Brugal Extra Viejo. Resultat de l&#039;envelliment de fins a 8 anys en b\u00f3tes de roure americ\u00e0.\" \/>\n<meta property=\"og:url\" content=\"https:\/\/aral2.cetrexmarketing.com\/ca\/producto\/brugal-extra-viejo-2\/\" \/>\n<meta property=\"og:site_name\" content=\"M\u00f3n La Cata\" \/>\n<meta property=\"article:modified_time\" content=\"2025-05-24T07:04:48+00:00\" \/>\n<meta property=\"og:image\" content=\"https:\/\/aral2.cetrexmarketing.com\/wp-content\/uploads\/2025\/01\/ron-brugal-extra-viejo.jpg.png\" \/>\n\t<meta property=\"og:image:width\" content=\"765\" \/>\n\t<meta property=\"og:image:height\" content=\"1024\" \/>\n\t<meta property=\"og:image:type\" content=\"image\/png\" \/>\n<meta name=\"twitter:card\" content=\"summary_large_image\" \/>\n<meta name=\"twitter:label1\" content=\"Temps estimat de lectura\" \/>\n\t<meta name=\"twitter:data1\" content=\"2 minuts\" \/>\n<script type=\"application\/ld+json\" class=\"yoast-schema-graph\">{\"@context\":\"https:\/\/schema.org\",\"@graph\":[{\"@type\":\"WebPage\",\"@id\":\"https:\/\/aral2.cetrexmarketing.com\/ca\/producto\/brugal-extra-viejo-2\/\",\"url\":\"https:\/\/aral2.cetrexmarketing.com\/ca\/producto\/brugal-extra-viejo-2\/\",\"name\":\"Brugal Extra Viejo rom\",\"isPartOf\":{\"@id\":\"https:\/\/aral2.cetrexmarketing.com\/#website\"},\"primaryImageOfPage\":{\"@id\":\"https:\/\/aral2.cetrexmarketing.com\/ca\/producto\/brugal-extra-viejo-2\/#primaryimage\"},\"image\":{\"@id\":\"https:\/\/aral2.cetrexmarketing.com\/ca\/producto\/brugal-extra-viejo-2\/#primaryimage\"},\"thumbnailUrl\":\"https:\/\/aral2.cetrexmarketing.com\/wp-content\/uploads\/2025\/01\/ron-brugal-extra-viejo.jpg.png\",\"datePublished\":\"2025-05-24T07:04:47+00:00\",\"dateModified\":\"2025-05-24T07:04:48+00:00\",\"description\":\"Comprar online el rom dominic\u00e0 Brugal Extra Viejo. Resultat de l'envelliment de fins a 8 anys en b\u00f3tes de roure americ\u00e0.\",\"breadcrumb\":{\"@id\":\"https:\/\/aral2.cetrexmarketing.com\/ca\/producto\/brugal-extra-viejo-2\/#breadcrumb\"},\"inLanguage\":\"ca\",\"potentialAction\":[{\"@type\":\"ReadAction\",\"target\":[\"https:\/\/aral2.cetrexmarketing.com\/ca\/producto\/brugal-extra-viejo-2\/\"]}]},{\"@type\":\"ImageObject\",\"inLanguage\":\"ca\",\"@id\":\"https:\/\/aral2.cetrexmarketing.com\/ca\/producto\/brugal-extra-viejo-2\/#primaryimage\",\"url\":\"https:\/\/aral2.cetrexmarketing.com\/wp-content\/uploads\/2025\/01\/ron-brugal-extra-viejo.jpg.png\",\"contentUrl\":\"https:\/\/aral2.cetrexmarketing.com\/wp-content\/uploads\/2025\/01\/ron-brugal-extra-viejo.jpg.png\",\"width\":765,\"height\":1024},{\"@type\":\"BreadcrumbList\",\"@id\":\"https:\/\/aral2.cetrexmarketing.com\/ca\/producto\/brugal-extra-viejo-2\/#breadcrumb\",\"itemListElement\":[{\"@type\":\"ListItem\",\"position\":1,\"name\":\"Home\",\"item\":\"https:\/\/aral2.cetrexmarketing.com\/ca\/\"},{\"@type\":\"ListItem\",\"position\":2,\"name\":\"Tienda\",\"item\":\"https:\/\/aral2.cetrexmarketing.com\/ca\/tienda-2\/\"},{\"@type\":\"ListItem\",\"position\":3,\"name\":\"Destil\u00b7lats\",\"item\":\"https:\/\/aral2.cetrexmarketing.com\/categoria-producto\/destil%c2%b7lats\/\"},{\"@type\":\"ListItem\",\"position\":4,\"name\":\"Rom\",\"item\":\"https:\/\/aral2.cetrexmarketing.com\/categoria-producto\/destil%c2%b7lats\/rom\/\"},{\"@type\":\"ListItem\",\"position\":5,\"name\":\"Brugal Extra Viejo\"}]},{\"@type\":\"WebSite\",\"@id\":\"https:\/\/aral2.cetrexmarketing.com\/#website\",\"url\":\"https:\/\/aral2.cetrexmarketing.com\/\",\"name\":\"M\u00f3n La Cata\",\"description\":\"Tienda de vinos, licores, cervezas y gourmet\",\"publisher\":{\"@id\":\"https:\/\/aral2.cetrexmarketing.com\/#organization\"},\"potentialAction\":[{\"@type\":\"SearchAction\",\"target\":{\"@type\":\"EntryPoint\",\"urlTemplate\":\"https:\/\/aral2.cetrexmarketing.com\/?s={search_term_string}\"},\"query-input\":{\"@type\":\"PropertyValueSpecification\",\"valueRequired\":true,\"valueName\":\"search_term_string\"}}],\"inLanguage\":\"ca\"},{\"@type\":\"Organization\",\"@id\":\"https:\/\/aral2.cetrexmarketing.com\/#organization\",\"name\":\"M\u00f3n La Cata\",\"url\":\"https:\/\/aral2.cetrexmarketing.com\/\",\"logo\":{\"@type\":\"ImageObject\",\"inLanguage\":\"ca\",\"@id\":\"https:\/\/aral2.cetrexmarketing.com\/#\/schema\/logo\/image\/\",\"url\":\"https:\/\/aral2.cetrexmarketing.com\/wp-content\/uploads\/2024\/10\/aral-logo-neg-1024x409-1.png\",\"contentUrl\":\"https:\/\/aral2.cetrexmarketing.com\/wp-content\/uploads\/2024\/10\/aral-logo-neg-1024x409-1.png\",\"width\":1024,\"height\":409,\"caption\":\"M\u00f3n La Cata\"},\"image\":{\"@id\":\"https:\/\/aral2.cetrexmarketing.com\/#\/schema\/logo\/image\/\"}}]}<\/script>\n<!-- \/ Yoast SEO Premium plugin. -->","yoast_head_json":{"title":"Brugal Extra Viejo rom","description":"Comprar online el rom dominic\u00e0 Brugal Extra Viejo. Resultat de l'envelliment de fins a 8 anys en b\u00f3tes de roure americ\u00e0.","robots":{"index":"noindex","follow":"follow","max-snippet":"max-snippet:-1","max-image-preview":"max-image-preview:large","max-video-preview":"max-video-preview:-1"},"og_locale":"ca_ES","og_type":"article","og_title":"Brugal Extra Viejo","og_description":"Comprar online el rom dominic\u00e0 Brugal Extra Viejo. Resultat de l'envelliment de fins a 8 anys en b\u00f3tes de roure americ\u00e0.","og_url":"https:\/\/aral2.cetrexmarketing.com\/ca\/producto\/brugal-extra-viejo-2\/","og_site_name":"M\u00f3n La Cata","article_modified_time":"2025-05-24T07:04:48+00:00","og_image":[{"width":765,"height":1024,"url":"https:\/\/aral2.cetrexmarketing.com\/wp-content\/uploads\/2025\/01\/ron-brugal-extra-viejo.jpg.png","type":"image\/png"}],"twitter_card":"summary_large_image","twitter_misc":{"Temps estimat de lectura":"2 minuts"},"schema":{"@context":"https:\/\/schema.org","@graph":[{"@type":"WebPage","@id":"https:\/\/aral2.cetrexmarketing.com\/ca\/producto\/brugal-extra-viejo-2\/","url":"https:\/\/aral2.cetrexmarketing.com\/ca\/producto\/brugal-extra-viejo-2\/","name":"Brugal Extra Viejo rom","isPartOf":{"@id":"https:\/\/aral2.cetrexmarketing.com\/#website"},"primaryImageOfPage":{"@id":"https:\/\/aral2.cetrexmarketing.com\/ca\/producto\/brugal-extra-viejo-2\/#primaryimage"},"image":{"@id":"https:\/\/aral2.cetrexmarketing.com\/ca\/producto\/brugal-extra-viejo-2\/#primaryimage"},"thumbnailUrl":"https:\/\/aral2.cetrexmarketing.com\/wp-content\/uploads\/2025\/01\/ron-brugal-extra-viejo.jpg.png","datePublished":"2025-05-24T07:04:47+00:00","dateModified":"2025-05-24T07:04:48+00:00","description":"Comprar online el rom dominic\u00e0 Brugal Extra Viejo. Resultat de l'envelliment de fins a 8 anys en b\u00f3tes de roure americ\u00e0.","breadcrumb":{"@id":"https:\/\/aral2.cetrexmarketing.com\/ca\/producto\/brugal-extra-viejo-2\/#breadcrumb"},"inLanguage":"ca","potentialAction":[{"@type":"ReadAction","target":["https:\/\/aral2.cetrexmarketing.com\/ca\/producto\/brugal-extra-viejo-2\/"]}]},{"@type":"ImageObject","inLanguage":"ca","@id":"https:\/\/aral2.cetrexmarketing.com\/ca\/producto\/brugal-extra-viejo-2\/#primaryimage","url":"https:\/\/aral2.cetrexmarketing.com\/wp-content\/uploads\/2025\/01\/ron-brugal-extra-viejo.jpg.png","contentUrl":"https:\/\/aral2.cetrexmarketing.com\/wp-content\/uploads\/2025\/01\/ron-brugal-extra-viejo.jpg.png","width":765,"height":1024},{"@type":"BreadcrumbList","@id":"https:\/\/aral2.cetrexmarketing.com\/ca\/producto\/brugal-extra-viejo-2\/#breadcrumb","itemListElement":[{"@type":"ListItem","position":1,"name":"Home","item":"https:\/\/aral2.cetrexmarketing.com\/ca\/"},{"@type":"ListItem","position":2,"name":"Tienda","item":"https:\/\/aral2.cetrexmarketing.com\/ca\/tienda-2\/"},{"@type":"ListItem","position":3,"name":"Destil\u00b7lats","item":"https:\/\/aral2.cetrexmarketing.com\/categoria-producto\/destil%c2%b7lats\/"},{"@type":"ListItem","position":4,"name":"Rom","item":"https:\/\/aral2.cetrexmarketing.com\/categoria-producto\/destil%c2%b7lats\/rom\/"},{"@type":"ListItem","position":5,"name":"Brugal Extra Viejo"}]},{"@type":"WebSite","@id":"https:\/\/aral2.cetrexmarketing.com\/#website","url":"https:\/\/aral2.cetrexmarketing.com\/","name":"M\u00f3n La Cata","description":"Tienda de vinos, licores, cervezas y gourmet","publisher":{"@id":"https:\/\/aral2.cetrexmarketing.com\/#organization"},"potentialAction":[{"@type":"SearchAction","target":{"@type":"EntryPoint","urlTemplate":"https:\/\/aral2.cetrexmarketing.com\/?s={search_term_string}"},"query-input":{"@type":"PropertyValueSpecification","valueRequired":true,"valueName":"search_term_string"}}],"inLanguage":"ca"},{"@type":"Organization","@id":"https:\/\/aral2.cetrexmarketing.com\/#organization","name":"M\u00f3n La Cata","url":"https:\/\/aral2.cetrexmarketing.com\/","logo":{"@type":"ImageObject","inLanguage":"ca","@id":"https:\/\/aral2.cetrexmarketing.com\/#\/schema\/logo\/image\/","url":"https:\/\/aral2.cetrexmarketing.com\/wp-content\/uploads\/2024\/10\/aral-logo-neg-1024x409-1.png","contentUrl":"https:\/\/aral2.cetrexmarketing.com\/wp-content\/uploads\/2024\/10\/aral-logo-neg-1024x409-1.png","width":1024,"height":409,"caption":"M\u00f3n La Cata"},"image":{"@id":"https:\/\/aral2.cetrexmarketing.com\/#\/schema\/logo\/image\/"}}]}},"brands":[],"_links":{"self":[{"href":"https:\/\/aral2.cetrexmarketing.com\/ca\/wp-json\/wp\/v2\/product\/79074","targetHints":{"allow":["GET"]}}],"collection":[{"href":"https:\/\/aral2.cetrexmarketing.com\/ca\/wp-json\/wp\/v2\/product"}],"about":[{"href":"https:\/\/aral2.cetrexmarketing.com\/ca\/wp-json\/wp\/v2\/types\/product"}],"replies":[{"embeddable":true,"href":"https:\/\/aral2.cetrexmarketing.com\/ca\/wp-json\/wp\/v2\/comments?post=79074"}],"wp:featuredmedia":[{"embeddable":true,"href":"https:\/\/aral2.cetrexmarketing.com\/ca\/wp-json\/wp\/v2\/media\/78361"}],"wp:attachment":[{"href":"https:\/\/aral2.cetrexmarketing.com\/ca\/wp-json\/wp\/v2\/media?parent=79074"}],"wp:term":[{"taxonomy":"pwb-brand","embeddable":true,"href":"https:\/\/aral2.cetrexmarketing.com\/ca\/wp-json\/wp\/v2\/pwb-brand?post=79074"},{"taxonomy":"product_brand","embeddable":true,"href":"https:\/\/aral2.cetrexmarketing.com\/ca\/wp-json\/wp\/v2\/product_brand?post=79074"},{"taxonomy":"product_cat","embeddable":true,"href":"https:\/\/aral2.cetrexmarketing.com\/ca\/wp-json\/wp\/v2\/product_cat?post=79074"},{"taxonomy":"product_tag","embeddable":true,"href":"https:\/\/aral2.cetrexmarketing.com\/ca\/wp-json\/wp\/v2\/product_tag?post=79074"}],"curies":[{"name":"wp","href":"https:\/\/api.w.org\/{rel}","templated":true}]}}