{"id":79055,"date":"2025-05-24T07:04:32","date_gmt":"2025-05-24T07:04:32","guid":{"rendered":"https:\/\/aral2.cetrexmarketing.com\/producto\/russet-2\/"},"modified":"2025-05-24T07:04:33","modified_gmt":"2025-05-24T07:04:33","slug":"russet-2","status":"publish","type":"product","link":"https:\/\/aral2.cetrexmarketing.com\/ca\/producto\/russet-2\/","title":{"rendered":"Russet"},"content":{"rendered":"<p>Ratafia Russet \u00e9s una beguda tradicional catalana elaborada per Xavier Codina a Olot, una localitat situada a la comarca de la Garrotxa. Aquest licor \u00e9s conegut pel proc\u00e9s d&#8217;elaboraci\u00f3 artesanal i el perfil de sabor \u00fanic, que captura l&#8217;ess\u00e8ncia de les herbes i fruites locals.<\/p>\n<h6>Elaboraci\u00f3<\/h6>\n<p>Comen\u00e7a amb la recol\u00b7lecci\u00f3 de nous verds, que es recullen a m\u00e0 al solstici d&#8217;estiu, moment en qu\u00e8 arriben al punt \u00f2ptim de maduresa. Aquestes nous es maceren juntament amb una selecci\u00f3 d&#8217;herbes arom\u00e0tiques i esp\u00e8cies, com ara canyella, clau i nou moscada, en una barreja d&#8217;aiguardent i alcohol. Aquesta maceraci\u00f3 es realitza en b\u00f3tes de roure durant diversos mesos, permetent que els sabors s&#8217;integrin i desenvolupin la seva complexitat caracter\u00edstica. Despr\u00e9s d&#8217;aquest per\u00edode, la barreja es filtra i s&#8217;endolceix amb sucre de canya abans de ser embotellada. El resultat \u00e9s un licor de color fosc i profund, amb notes intenses de nou, esp\u00e8cies i herbes.<\/p>\n<p>Pel que fa al maridatge, la Ratafia Russet \u00e9s extremadament vers\u00e0til i es pot gaudir de diverses maneres. \u00c9s ideal com a aperitiu, servit fred o amb gel, i tamb\u00e9 es pot degustar com a digestiu, al final d&#8217;un \u00e0pat, per ajudar la digesti\u00f3. El seu sabor complex i arom\u00e0tic el fa perfecte per acompanyar postres tradicionals catalanes, com panellets, torrons i pastissos de fruita seca. A m\u00e9s, es pot utilitzar en l&#8217;elaboraci\u00f3 de c\u00f2ctels creatius, afegint-hi una profunditat i riquesa \u00faniques. Tamb\u00e9 \u00e9s un excel\u00b7lent acompanyament per formatges curats i embotits. On les notes especiades i herbals complementen els sabors intensos i salats d&#8217;aquests aliments.<\/p>\n<p>Xavier Codina, a trav\u00e9s de la Ratafia Russet, no nom\u00e9s preserva una tradici\u00f3 centen\u00e0ria, sin\u00f3 que tamb\u00e9 aporta un toc contemporani a aquesta beguda cl\u00e0ssica. Garantint una qualitat excepcional i una experi\u00e8ncia sensorial \u00fanica.<\/p>\n","protected":false},"excerpt":{"rendered":"<p>Ratafia Russet \u00e9s una beguda tradicional catalana elaborada per Xavier Codina a Olot, una localitat situada a la comarca de la Garrotxa. Aquest licor \u00e9s conegut pel proc\u00e9s d&#8217;elaboraci\u00f3 artesanal i el perfil de sabor \u00fanic, que captura l&#8217;ess\u00e8ncia de les herbes i fruites locals.<\/p>\n","protected":false},"featured_media":78357,"comment_status":"closed","ping_status":"closed","template":"","meta":{"_acf_changed":false},"pwb-brand":[],"product_brand":[],"product_cat":[51692,51719],"product_tag":[50694,15219,15227,50693,50692],"class_list":{"0":"post-79055","1":"product","2":"type-product","3":"status-publish","4":"has-post-thumbnail","6":"product_cat-destillats","7":"product_cat-ratafia-destillats","8":"product_tag-olot-ca","9":"product_tag-ratafia-ca","10":"product_tag-ratafia-catalana-ca","11":"product_tag-ratafia-russet-ca","12":"product_tag-russet-ca","13":"pa_bodega-xaviercodina","14":"pa_formatoenml-38307","15":"pa_graduacion-26_0","16":"pa_pais-espanya-ca","17":"pa_pueblociudad-olotgirona","18":"pa_region-cataluna","19":"entry","20":"has-media","22":"first","23":"instock","24":"taxable","25":"shipping-taxable","26":"purchasable","27":"product-type-simple"},"acf":[],"yoast_head":"<!-- This site is optimized with the Yoast SEO Premium plugin v23.1 (Yoast SEO v23.5) - https:\/\/yoast.com\/wordpress\/plugins\/seo\/ -->\n<title>Ratafia Russet<\/title>\n<meta name=\"description\" content=\"Comprar la ratafia Russet elaborada a Olot per Xavier Codina. Enviament r\u00e0pid i segur al millor preu. Web especialitzada en destil\u00b7lats, vins i alimentaci\u00f3.\" \/>\n<meta name=\"robots\" content=\"noindex, follow, max-snippet:-1, max-image-preview:large, max-video-preview:-1\" \/>\n<meta property=\"og:locale\" content=\"ca_ES\" \/>\n<meta property=\"og:type\" content=\"article\" \/>\n<meta property=\"og:title\" content=\"Russet\" \/>\n<meta property=\"og:description\" content=\"Comprar la ratafia Russet elaborada a Olot per Xavier Codina. Enviament r\u00e0pid i segur al millor preu. Web especialitzada en destil\u00b7lats, vins i alimentaci\u00f3.\" \/>\n<meta property=\"og:url\" content=\"https:\/\/aral2.cetrexmarketing.com\/ca\/producto\/russet-2\/\" \/>\n<meta property=\"og:site_name\" content=\"M\u00f3n La Cata\" \/>\n<meta property=\"article:modified_time\" content=\"2025-05-24T07:04:33+00:00\" \/>\n<meta property=\"og:image\" content=\"https:\/\/aral2.cetrexmarketing.com\/wp-content\/uploads\/2025\/01\/ratafia-russet.jpg.png\" \/>\n\t<meta property=\"og:image:width\" content=\"765\" \/>\n\t<meta property=\"og:image:height\" content=\"1024\" \/>\n\t<meta property=\"og:image:type\" content=\"image\/png\" \/>\n<meta name=\"twitter:card\" content=\"summary_large_image\" \/>\n<meta name=\"twitter:label1\" content=\"Temps estimat de lectura\" \/>\n\t<meta name=\"twitter:data1\" content=\"2 minuts\" \/>\n<script type=\"application\/ld+json\" class=\"yoast-schema-graph\">{\"@context\":\"https:\/\/schema.org\",\"@graph\":[{\"@type\":\"WebPage\",\"@id\":\"https:\/\/aral2.cetrexmarketing.com\/ca\/producto\/russet-2\/\",\"url\":\"https:\/\/aral2.cetrexmarketing.com\/ca\/producto\/russet-2\/\",\"name\":\"Ratafia Russet\",\"isPartOf\":{\"@id\":\"https:\/\/aral2.cetrexmarketing.com\/#website\"},\"primaryImageOfPage\":{\"@id\":\"https:\/\/aral2.cetrexmarketing.com\/ca\/producto\/russet-2\/#primaryimage\"},\"image\":{\"@id\":\"https:\/\/aral2.cetrexmarketing.com\/ca\/producto\/russet-2\/#primaryimage\"},\"thumbnailUrl\":\"https:\/\/aral2.cetrexmarketing.com\/wp-content\/uploads\/2025\/01\/ratafia-russet.jpg.png\",\"datePublished\":\"2025-05-24T07:04:32+00:00\",\"dateModified\":\"2025-05-24T07:04:33+00:00\",\"description\":\"Comprar la ratafia Russet elaborada a Olot per Xavier Codina. Enviament r\u00e0pid i segur al millor preu. Web especialitzada en destil\u00b7lats, vins i alimentaci\u00f3.\",\"breadcrumb\":{\"@id\":\"https:\/\/aral2.cetrexmarketing.com\/ca\/producto\/russet-2\/#breadcrumb\"},\"inLanguage\":\"ca\",\"potentialAction\":[{\"@type\":\"ReadAction\",\"target\":[\"https:\/\/aral2.cetrexmarketing.com\/ca\/producto\/russet-2\/\"]}]},{\"@type\":\"ImageObject\",\"inLanguage\":\"ca\",\"@id\":\"https:\/\/aral2.cetrexmarketing.com\/ca\/producto\/russet-2\/#primaryimage\",\"url\":\"https:\/\/aral2.cetrexmarketing.com\/wp-content\/uploads\/2025\/01\/ratafia-russet.jpg.png\",\"contentUrl\":\"https:\/\/aral2.cetrexmarketing.com\/wp-content\/uploads\/2025\/01\/ratafia-russet.jpg.png\",\"width\":765,\"height\":1024},{\"@type\":\"BreadcrumbList\",\"@id\":\"https:\/\/aral2.cetrexmarketing.com\/ca\/producto\/russet-2\/#breadcrumb\",\"itemListElement\":[{\"@type\":\"ListItem\",\"position\":1,\"name\":\"Home\",\"item\":\"https:\/\/aral2.cetrexmarketing.com\/ca\/\"},{\"@type\":\"ListItem\",\"position\":2,\"name\":\"Tienda\",\"item\":\"https:\/\/aral2.cetrexmarketing.com\/ca\/tienda-2\/\"},{\"@type\":\"ListItem\",\"position\":3,\"name\":\"Destil\u00b7lats\",\"item\":\"https:\/\/aral2.cetrexmarketing.com\/categoria-producto\/home-ca\/destil-lats-ca\/\"},{\"@type\":\"ListItem\",\"position\":4,\"name\":\"Ratafia\",\"item\":\"https:\/\/aral2.cetrexmarketing.com\/categoria-producto\/inicio\/destilados\/ratafia\/\"},{\"@type\":\"ListItem\",\"position\":5,\"name\":\"Russet\"}]},{\"@type\":\"WebSite\",\"@id\":\"https:\/\/aral2.cetrexmarketing.com\/#website\",\"url\":\"https:\/\/aral2.cetrexmarketing.com\/\",\"name\":\"M\u00f3n La Cata\",\"description\":\"Tienda de vinos, licores, cervezas y gourmet\",\"publisher\":{\"@id\":\"https:\/\/aral2.cetrexmarketing.com\/#organization\"},\"potentialAction\":[{\"@type\":\"SearchAction\",\"target\":{\"@type\":\"EntryPoint\",\"urlTemplate\":\"https:\/\/aral2.cetrexmarketing.com\/?s={search_term_string}\"},\"query-input\":{\"@type\":\"PropertyValueSpecification\",\"valueRequired\":true,\"valueName\":\"search_term_string\"}}],\"inLanguage\":\"ca\"},{\"@type\":\"Organization\",\"@id\":\"https:\/\/aral2.cetrexmarketing.com\/#organization\",\"name\":\"M\u00f3n La Cata\",\"url\":\"https:\/\/aral2.cetrexmarketing.com\/\",\"logo\":{\"@type\":\"ImageObject\",\"inLanguage\":\"ca\",\"@id\":\"https:\/\/aral2.cetrexmarketing.com\/#\/schema\/logo\/image\/\",\"url\":\"https:\/\/aral2.cetrexmarketing.com\/wp-content\/uploads\/2024\/10\/aral-logo-neg-1024x409-1.png\",\"contentUrl\":\"https:\/\/aral2.cetrexmarketing.com\/wp-content\/uploads\/2024\/10\/aral-logo-neg-1024x409-1.png\",\"width\":1024,\"height\":409,\"caption\":\"M\u00f3n La Cata\"},\"image\":{\"@id\":\"https:\/\/aral2.cetrexmarketing.com\/#\/schema\/logo\/image\/\"}}]}<\/script>\n<!-- \/ Yoast SEO Premium plugin. -->","yoast_head_json":{"title":"Ratafia Russet","description":"Comprar la ratafia Russet elaborada a Olot per Xavier Codina. Enviament r\u00e0pid i segur al millor preu. Web especialitzada en destil\u00b7lats, vins i alimentaci\u00f3.","robots":{"index":"noindex","follow":"follow","max-snippet":"max-snippet:-1","max-image-preview":"max-image-preview:large","max-video-preview":"max-video-preview:-1"},"og_locale":"ca_ES","og_type":"article","og_title":"Russet","og_description":"Comprar la ratafia Russet elaborada a Olot per Xavier Codina. Enviament r\u00e0pid i segur al millor preu. Web especialitzada en destil\u00b7lats, vins i alimentaci\u00f3.","og_url":"https:\/\/aral2.cetrexmarketing.com\/ca\/producto\/russet-2\/","og_site_name":"M\u00f3n La Cata","article_modified_time":"2025-05-24T07:04:33+00:00","og_image":[{"width":765,"height":1024,"url":"https:\/\/aral2.cetrexmarketing.com\/wp-content\/uploads\/2025\/01\/ratafia-russet.jpg.png","type":"image\/png"}],"twitter_card":"summary_large_image","twitter_misc":{"Temps estimat de lectura":"2 minuts"},"schema":{"@context":"https:\/\/schema.org","@graph":[{"@type":"WebPage","@id":"https:\/\/aral2.cetrexmarketing.com\/ca\/producto\/russet-2\/","url":"https:\/\/aral2.cetrexmarketing.com\/ca\/producto\/russet-2\/","name":"Ratafia Russet","isPartOf":{"@id":"https:\/\/aral2.cetrexmarketing.com\/#website"},"primaryImageOfPage":{"@id":"https:\/\/aral2.cetrexmarketing.com\/ca\/producto\/russet-2\/#primaryimage"},"image":{"@id":"https:\/\/aral2.cetrexmarketing.com\/ca\/producto\/russet-2\/#primaryimage"},"thumbnailUrl":"https:\/\/aral2.cetrexmarketing.com\/wp-content\/uploads\/2025\/01\/ratafia-russet.jpg.png","datePublished":"2025-05-24T07:04:32+00:00","dateModified":"2025-05-24T07:04:33+00:00","description":"Comprar la ratafia Russet elaborada a Olot per Xavier Codina. Enviament r\u00e0pid i segur al millor preu. Web especialitzada en destil\u00b7lats, vins i alimentaci\u00f3.","breadcrumb":{"@id":"https:\/\/aral2.cetrexmarketing.com\/ca\/producto\/russet-2\/#breadcrumb"},"inLanguage":"ca","potentialAction":[{"@type":"ReadAction","target":["https:\/\/aral2.cetrexmarketing.com\/ca\/producto\/russet-2\/"]}]},{"@type":"ImageObject","inLanguage":"ca","@id":"https:\/\/aral2.cetrexmarketing.com\/ca\/producto\/russet-2\/#primaryimage","url":"https:\/\/aral2.cetrexmarketing.com\/wp-content\/uploads\/2025\/01\/ratafia-russet.jpg.png","contentUrl":"https:\/\/aral2.cetrexmarketing.com\/wp-content\/uploads\/2025\/01\/ratafia-russet.jpg.png","width":765,"height":1024},{"@type":"BreadcrumbList","@id":"https:\/\/aral2.cetrexmarketing.com\/ca\/producto\/russet-2\/#breadcrumb","itemListElement":[{"@type":"ListItem","position":1,"name":"Home","item":"https:\/\/aral2.cetrexmarketing.com\/ca\/"},{"@type":"ListItem","position":2,"name":"Tienda","item":"https:\/\/aral2.cetrexmarketing.com\/ca\/tienda-2\/"},{"@type":"ListItem","position":3,"name":"Destil\u00b7lats","item":"https:\/\/aral2.cetrexmarketing.com\/categoria-producto\/home-ca\/destil-lats-ca\/"},{"@type":"ListItem","position":4,"name":"Ratafia","item":"https:\/\/aral2.cetrexmarketing.com\/categoria-producto\/inicio\/destilados\/ratafia\/"},{"@type":"ListItem","position":5,"name":"Russet"}]},{"@type":"WebSite","@id":"https:\/\/aral2.cetrexmarketing.com\/#website","url":"https:\/\/aral2.cetrexmarketing.com\/","name":"M\u00f3n La Cata","description":"Tienda de vinos, licores, cervezas y gourmet","publisher":{"@id":"https:\/\/aral2.cetrexmarketing.com\/#organization"},"potentialAction":[{"@type":"SearchAction","target":{"@type":"EntryPoint","urlTemplate":"https:\/\/aral2.cetrexmarketing.com\/?s={search_term_string}"},"query-input":{"@type":"PropertyValueSpecification","valueRequired":true,"valueName":"search_term_string"}}],"inLanguage":"ca"},{"@type":"Organization","@id":"https:\/\/aral2.cetrexmarketing.com\/#organization","name":"M\u00f3n La Cata","url":"https:\/\/aral2.cetrexmarketing.com\/","logo":{"@type":"ImageObject","inLanguage":"ca","@id":"https:\/\/aral2.cetrexmarketing.com\/#\/schema\/logo\/image\/","url":"https:\/\/aral2.cetrexmarketing.com\/wp-content\/uploads\/2024\/10\/aral-logo-neg-1024x409-1.png","contentUrl":"https:\/\/aral2.cetrexmarketing.com\/wp-content\/uploads\/2024\/10\/aral-logo-neg-1024x409-1.png","width":1024,"height":409,"caption":"M\u00f3n La Cata"},"image":{"@id":"https:\/\/aral2.cetrexmarketing.com\/#\/schema\/logo\/image\/"}}]}},"brands":[],"_links":{"self":[{"href":"https:\/\/aral2.cetrexmarketing.com\/ca\/wp-json\/wp\/v2\/product\/79055","targetHints":{"allow":["GET"]}}],"collection":[{"href":"https:\/\/aral2.cetrexmarketing.com\/ca\/wp-json\/wp\/v2\/product"}],"about":[{"href":"https:\/\/aral2.cetrexmarketing.com\/ca\/wp-json\/wp\/v2\/types\/product"}],"replies":[{"embeddable":true,"href":"https:\/\/aral2.cetrexmarketing.com\/ca\/wp-json\/wp\/v2\/comments?post=79055"}],"wp:featuredmedia":[{"embeddable":true,"href":"https:\/\/aral2.cetrexmarketing.com\/ca\/wp-json\/wp\/v2\/media\/78357"}],"wp:attachment":[{"href":"https:\/\/aral2.cetrexmarketing.com\/ca\/wp-json\/wp\/v2\/media?parent=79055"}],"wp:term":[{"taxonomy":"pwb-brand","embeddable":true,"href":"https:\/\/aral2.cetrexmarketing.com\/ca\/wp-json\/wp\/v2\/pwb-brand?post=79055"},{"taxonomy":"product_brand","embeddable":true,"href":"https:\/\/aral2.cetrexmarketing.com\/ca\/wp-json\/wp\/v2\/product_brand?post=79055"},{"taxonomy":"product_cat","embeddable":true,"href":"https:\/\/aral2.cetrexmarketing.com\/ca\/wp-json\/wp\/v2\/product_cat?post=79055"},{"taxonomy":"product_tag","embeddable":true,"href":"https:\/\/aral2.cetrexmarketing.com\/ca\/wp-json\/wp\/v2\/product_tag?post=79055"}],"curies":[{"name":"wp","href":"https:\/\/api.w.org\/{rel}","templated":true}]}}