{"id":79002,"date":"2025-05-24T07:03:44","date_gmt":"2025-05-24T07:03:44","guid":{"rendered":"https:\/\/aral2.cetrexmarketing.com\/producto\/5th-fire-distilled-gin-red-fruits-2\/"},"modified":"2025-05-24T07:03:45","modified_gmt":"2025-05-24T07:03:45","slug":"5th-fire-distilled-gin-red-fruits-2","status":"publish","type":"product","link":"https:\/\/aral2.cetrexmarketing.com\/ca\/producto\/5th-fire-distilled-gin-red-fruits-2\/","title":{"rendered":"5th Fire Distilled Gin Red Fruits"},"content":{"rendered":"<div class=\"flex max-w-full flex-col flex-grow\">\n<div class=\"min-h-8 text-message flex w-full flex-col items-end gap-2 whitespace-normal break-words text-start [.text-message+&amp;]:mt-5\" dir=\"auto\" data-message-author-role=\"assistant\" data-message-id=\"e1392b7b-7300-493b-a0e2-982d5026d6d6\" data-message-model-slug=\"gpt-4o\">\n<div class=\"flex w-full flex-col gap-1 empty:hidden first:pt-[3px]\">\n<div class=\"markdown prose w-full break-words dark:prose-invert light\">\n<p><strong>5th Fire Distilled Gin Red Fruits<\/strong><\/p>\n<p><strong>Tipus:<\/strong> Ginebra destil\u00b7lada<\/p>\n<p><strong>Origen:<\/strong> Espanya<\/p>\n<p><strong>Categoria:<\/strong> Ginebra aromatitzada<\/p>\n<h3>Descripci\u00f3 general<\/h3>\n<p>5th Fire Distilled Gin Red Fruits \u00e9s una ginebra premium que forma part de la col\u00b7lecci\u00f3 5th Gin, una l\u00ednia que representa els quatre elements naturals: Aigua, Terra, Aire i Foc. En aquesta edici\u00f3, &#8220;Fire&#8221; simbolitza la intensitat i la passi\u00f3, reflectides en el seu vibrant color vermell i en el seu perfil de sabor afruitat i envoltant.<\/p>\n<h3>Elaboraci\u00f3<\/h3>\n<p>Aquesta ginebra es destil\u00b7la a partir d\u2019alcohol de gra d\u2019alta qualitat mitjan\u00e7ant un proc\u00e9s tradicional de triple destil\u00b7laci\u00f3. Posteriorment, s\u2019infusiona amb una selecci\u00f3 de fruits vermells, que li atorguen el seu caracter\u00edstic color i una aroma dol\u00e7a i afruitada.<\/p>\n<h3>Bot\u00e0nics principals<\/h3>\n<ul>\n<li><strong>Baies de ginebre<\/strong> \u2013 Aporten la base cl\u00e0ssica i resinosa de la ginebra.<\/li>\n<li><strong>Fruits vermells (maduixes, gerds, m\u00f3res i groselles)<\/strong> \u2013 Donen un toc dol\u00e7 i lleugerament \u00e0cid, equilibrant el sabor.<\/li>\n<li><strong>Pell de c\u00edtrics<\/strong> \u2013 Potencia la frescor i aporta un mat\u00eds arom\u00e0tic.<\/li>\n<li><strong>Arrel d\u2019ang\u00e8lica i coriandre<\/strong> \u2013 Complementen amb notes terroses i especiades, arrodonint el perfil del destil\u00b7lat.<\/li>\n<\/ul>\n<\/div>\n<\/div>\n<\/div>\n<\/div>\n<div class=\"mb-2 flex gap-3 empty:hidden -ml-2\">\n<div class=\"items-center justify-start rounded-xl p-1 flex\"><\/div>\n<\/div>\n","protected":false},"excerpt":{"rendered":"<p>Ginebra infusionada amb fruits vermells, mora, nabius, grosella i maduixa. M\u00e9s dol\u00e7a i sedosa. Ideal per als no iniciats o per els que busquen un gin m\u00e9s afruitat i agradable. El seu color rosat ens deixa clar que \u00e9s la ginebra m\u00e9s femenina.<\/p>\n","protected":false},"featured_media":78325,"comment_status":"closed","ping_status":"closed","template":"","meta":{"_acf_changed":false},"pwb-brand":[],"product_brand":[],"product_cat":[51692,51712],"product_tag":[15194,15196,15195,15198,15197],"class_list":{"0":"post-79002","1":"product","2":"type-product","3":"status-publish","4":"has-post-thumbnail","6":"product_cat-destillats","7":"product_cat-ginebra-destillats","8":"product_tag-gin-ca","9":"product_tag-gin-5th-ca","10":"product_tag-ginebra-ca","11":"product_tag-ginebra-5th-ca","12":"product_tag-ginebra-catalana-ca","13":"pa_bodega-atmosphera","14":"pa_formatoenl-36167","15":"pa_formatoenml-38307","16":"pa_graduacion-42_0","17":"pa_pais-espanya-ca","18":"pa_pesoengramos-38337","19":"pa_pesoenkg-125-ca","20":"pa_pueblociudad-arenysdemuntbarcelona","21":"pa_region-cataluna","22":"entry","23":"has-media","25":"first","26":"instock","27":"taxable","28":"shipping-taxable","29":"purchasable","30":"product-type-simple"},"acf":[],"yoast_head":"<!-- This site is optimized with the Yoast SEO Premium plugin v23.1 (Yoast SEO v23.5) - https:\/\/yoast.com\/wordpress\/plugins\/seo\/ -->\n<title>5th Fire Distilled Gin Red Fruits<\/title>\n<meta name=\"description\" content=\"Ginebra 5th Fire elaborada a partir de fruits vermells. Molt amable i suau. M\u00e0xima frescor. La gin 5th m\u00e9s femenina.\" \/>\n<meta name=\"robots\" content=\"noindex, follow, max-snippet:-1, max-image-preview:large, max-video-preview:-1\" \/>\n<meta property=\"og:locale\" content=\"ca_ES\" \/>\n<meta property=\"og:type\" content=\"article\" \/>\n<meta property=\"og:title\" content=\"5th Fire Distilled Gin Red Fruits\" \/>\n<meta property=\"og:description\" content=\"Ginebra 5th Fire elaborada a partir de fruits vermells. Molt amable i suau. M\u00e0xima frescor. La gin 5th m\u00e9s femenina.\" \/>\n<meta property=\"og:url\" content=\"https:\/\/aral2.cetrexmarketing.com\/ca\/producto\/5th-fire-distilled-gin-red-fruits-2\/\" \/>\n<meta property=\"og:site_name\" content=\"M\u00f3n La Cata\" \/>\n<meta property=\"article:modified_time\" content=\"2025-05-24T07:03:45+00:00\" \/>\n<meta property=\"og:image\" content=\"https:\/\/aral2.cetrexmarketing.com\/wp-content\/uploads\/2025\/01\/GIN-5TH-FIRE-RED-FRUITS.jpg.png\" \/>\n\t<meta property=\"og:image:width\" content=\"765\" \/>\n\t<meta property=\"og:image:height\" content=\"1024\" \/>\n\t<meta property=\"og:image:type\" content=\"image\/png\" \/>\n<meta name=\"twitter:card\" content=\"summary_large_image\" \/>\n<meta name=\"twitter:label1\" content=\"Temps estimat de lectura\" \/>\n\t<meta name=\"twitter:data1\" content=\"2 minuts\" \/>\n<script type=\"application\/ld+json\" class=\"yoast-schema-graph\">{\"@context\":\"https:\/\/schema.org\",\"@graph\":[{\"@type\":\"WebPage\",\"@id\":\"https:\/\/aral2.cetrexmarketing.com\/ca\/producto\/5th-fire-distilled-gin-red-fruits-2\/\",\"url\":\"https:\/\/aral2.cetrexmarketing.com\/ca\/producto\/5th-fire-distilled-gin-red-fruits-2\/\",\"name\":\"5th Fire Distilled Gin Red Fruits\",\"isPartOf\":{\"@id\":\"https:\/\/aral2.cetrexmarketing.com\/#website\"},\"primaryImageOfPage\":{\"@id\":\"https:\/\/aral2.cetrexmarketing.com\/ca\/producto\/5th-fire-distilled-gin-red-fruits-2\/#primaryimage\"},\"image\":{\"@id\":\"https:\/\/aral2.cetrexmarketing.com\/ca\/producto\/5th-fire-distilled-gin-red-fruits-2\/#primaryimage\"},\"thumbnailUrl\":\"https:\/\/aral2.cetrexmarketing.com\/wp-content\/uploads\/2025\/01\/GIN-5TH-FIRE-RED-FRUITS.jpg.png\",\"datePublished\":\"2025-05-24T07:03:44+00:00\",\"dateModified\":\"2025-05-24T07:03:45+00:00\",\"description\":\"Ginebra 5th Fire elaborada a partir de fruits vermells. Molt amable i suau. M\u00e0xima frescor. La gin 5th m\u00e9s femenina.\",\"breadcrumb\":{\"@id\":\"https:\/\/aral2.cetrexmarketing.com\/ca\/producto\/5th-fire-distilled-gin-red-fruits-2\/#breadcrumb\"},\"inLanguage\":\"ca\",\"potentialAction\":[{\"@type\":\"ReadAction\",\"target\":[\"https:\/\/aral2.cetrexmarketing.com\/ca\/producto\/5th-fire-distilled-gin-red-fruits-2\/\"]}]},{\"@type\":\"ImageObject\",\"inLanguage\":\"ca\",\"@id\":\"https:\/\/aral2.cetrexmarketing.com\/ca\/producto\/5th-fire-distilled-gin-red-fruits-2\/#primaryimage\",\"url\":\"https:\/\/aral2.cetrexmarketing.com\/wp-content\/uploads\/2025\/01\/GIN-5TH-FIRE-RED-FRUITS.jpg.png\",\"contentUrl\":\"https:\/\/aral2.cetrexmarketing.com\/wp-content\/uploads\/2025\/01\/GIN-5TH-FIRE-RED-FRUITS.jpg.png\",\"width\":765,\"height\":1024},{\"@type\":\"BreadcrumbList\",\"@id\":\"https:\/\/aral2.cetrexmarketing.com\/ca\/producto\/5th-fire-distilled-gin-red-fruits-2\/#breadcrumb\",\"itemListElement\":[{\"@type\":\"ListItem\",\"position\":1,\"name\":\"Home\",\"item\":\"https:\/\/aral2.cetrexmarketing.com\/ca\/\"},{\"@type\":\"ListItem\",\"position\":2,\"name\":\"Tienda\",\"item\":\"https:\/\/aral2.cetrexmarketing.com\/ca\/tienda-2\/\"},{\"@type\":\"ListItem\",\"position\":3,\"name\":\"Destil\u00b7lats\",\"item\":\"https:\/\/aral2.cetrexmarketing.com\/categoria-producto\/destil%c2%b7lats\/\"},{\"@type\":\"ListItem\",\"position\":4,\"name\":\"Ginebra\",\"item\":\"https:\/\/aral2.cetrexmarketing.com\/categoria-producto\/destil%c2%b7lats\/ginebra-destil%c2%b7lats\/\"},{\"@type\":\"ListItem\",\"position\":5,\"name\":\"5th Fire Distilled Gin Red Fruits\"}]},{\"@type\":\"WebSite\",\"@id\":\"https:\/\/aral2.cetrexmarketing.com\/#website\",\"url\":\"https:\/\/aral2.cetrexmarketing.com\/\",\"name\":\"M\u00f3n La Cata\",\"description\":\"Tienda de vinos, licores, cervezas y gourmet\",\"publisher\":{\"@id\":\"https:\/\/aral2.cetrexmarketing.com\/#organization\"},\"potentialAction\":[{\"@type\":\"SearchAction\",\"target\":{\"@type\":\"EntryPoint\",\"urlTemplate\":\"https:\/\/aral2.cetrexmarketing.com\/?s={search_term_string}\"},\"query-input\":{\"@type\":\"PropertyValueSpecification\",\"valueRequired\":true,\"valueName\":\"search_term_string\"}}],\"inLanguage\":\"ca\"},{\"@type\":\"Organization\",\"@id\":\"https:\/\/aral2.cetrexmarketing.com\/#organization\",\"name\":\"M\u00f3n La Cata\",\"url\":\"https:\/\/aral2.cetrexmarketing.com\/\",\"logo\":{\"@type\":\"ImageObject\",\"inLanguage\":\"ca\",\"@id\":\"https:\/\/aral2.cetrexmarketing.com\/#\/schema\/logo\/image\/\",\"url\":\"https:\/\/aral2.cetrexmarketing.com\/wp-content\/uploads\/2024\/10\/aral-logo-neg-1024x409-1.png\",\"contentUrl\":\"https:\/\/aral2.cetrexmarketing.com\/wp-content\/uploads\/2024\/10\/aral-logo-neg-1024x409-1.png\",\"width\":1024,\"height\":409,\"caption\":\"M\u00f3n La Cata\"},\"image\":{\"@id\":\"https:\/\/aral2.cetrexmarketing.com\/#\/schema\/logo\/image\/\"}}]}<\/script>\n<!-- \/ Yoast SEO Premium plugin. -->","yoast_head_json":{"title":"5th Fire Distilled Gin Red Fruits","description":"Ginebra 5th Fire elaborada a partir de fruits vermells. Molt amable i suau. M\u00e0xima frescor. La gin 5th m\u00e9s femenina.","robots":{"index":"noindex","follow":"follow","max-snippet":"max-snippet:-1","max-image-preview":"max-image-preview:large","max-video-preview":"max-video-preview:-1"},"og_locale":"ca_ES","og_type":"article","og_title":"5th Fire Distilled Gin Red Fruits","og_description":"Ginebra 5th Fire elaborada a partir de fruits vermells. Molt amable i suau. M\u00e0xima frescor. La gin 5th m\u00e9s femenina.","og_url":"https:\/\/aral2.cetrexmarketing.com\/ca\/producto\/5th-fire-distilled-gin-red-fruits-2\/","og_site_name":"M\u00f3n La Cata","article_modified_time":"2025-05-24T07:03:45+00:00","og_image":[{"width":765,"height":1024,"url":"https:\/\/aral2.cetrexmarketing.com\/wp-content\/uploads\/2025\/01\/GIN-5TH-FIRE-RED-FRUITS.jpg.png","type":"image\/png"}],"twitter_card":"summary_large_image","twitter_misc":{"Temps estimat de lectura":"2 minuts"},"schema":{"@context":"https:\/\/schema.org","@graph":[{"@type":"WebPage","@id":"https:\/\/aral2.cetrexmarketing.com\/ca\/producto\/5th-fire-distilled-gin-red-fruits-2\/","url":"https:\/\/aral2.cetrexmarketing.com\/ca\/producto\/5th-fire-distilled-gin-red-fruits-2\/","name":"5th Fire Distilled Gin Red Fruits","isPartOf":{"@id":"https:\/\/aral2.cetrexmarketing.com\/#website"},"primaryImageOfPage":{"@id":"https:\/\/aral2.cetrexmarketing.com\/ca\/producto\/5th-fire-distilled-gin-red-fruits-2\/#primaryimage"},"image":{"@id":"https:\/\/aral2.cetrexmarketing.com\/ca\/producto\/5th-fire-distilled-gin-red-fruits-2\/#primaryimage"},"thumbnailUrl":"https:\/\/aral2.cetrexmarketing.com\/wp-content\/uploads\/2025\/01\/GIN-5TH-FIRE-RED-FRUITS.jpg.png","datePublished":"2025-05-24T07:03:44+00:00","dateModified":"2025-05-24T07:03:45+00:00","description":"Ginebra 5th Fire elaborada a partir de fruits vermells. Molt amable i suau. M\u00e0xima frescor. La gin 5th m\u00e9s femenina.","breadcrumb":{"@id":"https:\/\/aral2.cetrexmarketing.com\/ca\/producto\/5th-fire-distilled-gin-red-fruits-2\/#breadcrumb"},"inLanguage":"ca","potentialAction":[{"@type":"ReadAction","target":["https:\/\/aral2.cetrexmarketing.com\/ca\/producto\/5th-fire-distilled-gin-red-fruits-2\/"]}]},{"@type":"ImageObject","inLanguage":"ca","@id":"https:\/\/aral2.cetrexmarketing.com\/ca\/producto\/5th-fire-distilled-gin-red-fruits-2\/#primaryimage","url":"https:\/\/aral2.cetrexmarketing.com\/wp-content\/uploads\/2025\/01\/GIN-5TH-FIRE-RED-FRUITS.jpg.png","contentUrl":"https:\/\/aral2.cetrexmarketing.com\/wp-content\/uploads\/2025\/01\/GIN-5TH-FIRE-RED-FRUITS.jpg.png","width":765,"height":1024},{"@type":"BreadcrumbList","@id":"https:\/\/aral2.cetrexmarketing.com\/ca\/producto\/5th-fire-distilled-gin-red-fruits-2\/#breadcrumb","itemListElement":[{"@type":"ListItem","position":1,"name":"Home","item":"https:\/\/aral2.cetrexmarketing.com\/ca\/"},{"@type":"ListItem","position":2,"name":"Tienda","item":"https:\/\/aral2.cetrexmarketing.com\/ca\/tienda-2\/"},{"@type":"ListItem","position":3,"name":"Destil\u00b7lats","item":"https:\/\/aral2.cetrexmarketing.com\/categoria-producto\/destil%c2%b7lats\/"},{"@type":"ListItem","position":4,"name":"Ginebra","item":"https:\/\/aral2.cetrexmarketing.com\/categoria-producto\/destil%c2%b7lats\/ginebra-destil%c2%b7lats\/"},{"@type":"ListItem","position":5,"name":"5th Fire Distilled Gin Red Fruits"}]},{"@type":"WebSite","@id":"https:\/\/aral2.cetrexmarketing.com\/#website","url":"https:\/\/aral2.cetrexmarketing.com\/","name":"M\u00f3n La Cata","description":"Tienda de vinos, licores, cervezas y gourmet","publisher":{"@id":"https:\/\/aral2.cetrexmarketing.com\/#organization"},"potentialAction":[{"@type":"SearchAction","target":{"@type":"EntryPoint","urlTemplate":"https:\/\/aral2.cetrexmarketing.com\/?s={search_term_string}"},"query-input":{"@type":"PropertyValueSpecification","valueRequired":true,"valueName":"search_term_string"}}],"inLanguage":"ca"},{"@type":"Organization","@id":"https:\/\/aral2.cetrexmarketing.com\/#organization","name":"M\u00f3n La Cata","url":"https:\/\/aral2.cetrexmarketing.com\/","logo":{"@type":"ImageObject","inLanguage":"ca","@id":"https:\/\/aral2.cetrexmarketing.com\/#\/schema\/logo\/image\/","url":"https:\/\/aral2.cetrexmarketing.com\/wp-content\/uploads\/2024\/10\/aral-logo-neg-1024x409-1.png","contentUrl":"https:\/\/aral2.cetrexmarketing.com\/wp-content\/uploads\/2024\/10\/aral-logo-neg-1024x409-1.png","width":1024,"height":409,"caption":"M\u00f3n La Cata"},"image":{"@id":"https:\/\/aral2.cetrexmarketing.com\/#\/schema\/logo\/image\/"}}]}},"brands":[],"_links":{"self":[{"href":"https:\/\/aral2.cetrexmarketing.com\/ca\/wp-json\/wp\/v2\/product\/79002","targetHints":{"allow":["GET"]}}],"collection":[{"href":"https:\/\/aral2.cetrexmarketing.com\/ca\/wp-json\/wp\/v2\/product"}],"about":[{"href":"https:\/\/aral2.cetrexmarketing.com\/ca\/wp-json\/wp\/v2\/types\/product"}],"replies":[{"embeddable":true,"href":"https:\/\/aral2.cetrexmarketing.com\/ca\/wp-json\/wp\/v2\/comments?post=79002"}],"wp:featuredmedia":[{"embeddable":true,"href":"https:\/\/aral2.cetrexmarketing.com\/ca\/wp-json\/wp\/v2\/media\/78325"}],"wp:attachment":[{"href":"https:\/\/aral2.cetrexmarketing.com\/ca\/wp-json\/wp\/v2\/media?parent=79002"}],"wp:term":[{"taxonomy":"pwb-brand","embeddable":true,"href":"https:\/\/aral2.cetrexmarketing.com\/ca\/wp-json\/wp\/v2\/pwb-brand?post=79002"},{"taxonomy":"product_brand","embeddable":true,"href":"https:\/\/aral2.cetrexmarketing.com\/ca\/wp-json\/wp\/v2\/product_brand?post=79002"},{"taxonomy":"product_cat","embeddable":true,"href":"https:\/\/aral2.cetrexmarketing.com\/ca\/wp-json\/wp\/v2\/product_cat?post=79002"},{"taxonomy":"product_tag","embeddable":true,"href":"https:\/\/aral2.cetrexmarketing.com\/ca\/wp-json\/wp\/v2\/product_tag?post=79002"}],"curies":[{"name":"wp","href":"https:\/\/api.w.org\/{rel}","templated":true}]}}