{"id":78978,"date":"2025-05-24T07:03:31","date_gmt":"2025-05-24T07:03:31","guid":{"rendered":"https:\/\/aral2.cetrexmarketing.com\/producto\/5th-earth-citrics-distilled-gin-2\/"},"modified":"2025-05-24T07:03:32","modified_gmt":"2025-05-24T07:03:32","slug":"5th-earth-citrics-distilled-gin-2","status":"publish","type":"product","link":"https:\/\/aral2.cetrexmarketing.com\/ca\/producto\/5th-earth-citrics-distilled-gin-2\/","title":{"rendered":"5th Earth Citrics Distilled Gin"},"content":{"rendered":"<div class=\"flex max-w-full flex-col flex-grow\">\n<div class=\"min-h-8 text-message flex w-full flex-col items-end gap-2 whitespace-normal break-words text-start [.text-message+&amp;]:mt-5\" dir=\"auto\" data-message-author-role=\"assistant\" data-message-id=\"3add0cc0-33e6-45d4-8ae6-51edf9a3a1ad\" data-message-model-slug=\"gpt-4o\">\n<div class=\"flex w-full flex-col gap-1 empty:hidden first:pt-[3px]\">\n<div class=\"markdown prose w-full break-words dark:prose-invert light\">\n<p><strong>5th Earth Citrics Distilled Gin<\/strong><\/p>\n<p>5th Earth Citrics Distilled Gin \u00e9s una ginebra refinada que destaca per la seva frescor i equilibri, oferint una experi\u00e8ncia sensorial \u00fanica gr\u00e0cies a la seva selecci\u00f3 de bot\u00e0nics c\u00edtrics. \u00c9s una opci\u00f3 ideal per a aquells que busquen una ginebra fresca i vers\u00e0til, perfecta per a c\u00f2ctels sofisticats o per gaudir-ne sola amb gel i un toc de t\u00f2nica.<\/p>\n<h3><strong>Perfil de sabor:<\/strong><\/h3>\n<p>Aquesta ginebra es caracteritza per un domini<strong> c\u00edtric fresc i vibrant,<\/strong> amb notes predominants de llimona, taronja i aranja, equilibrades amb un fons herbal i especiat. El seu sabor \u00e9s net, amb una entrada suau que evoluciona cap a una explosi\u00f3 de frescor i un final sec i elegant.<\/p>\n<h3><strong>M\u00e8tode de destil\u00b7laci\u00f3:<\/p>\n<p><\/strong><\/h3>\n<p>Destil\u00b7laci\u00f3 en alamb\u00ed de coure amb infusi\u00f3 de bot\u00e0nics naturals per garantir la puresa i complexitat de sabors.<\/p>\n<h3><strong>Maridatge i consum recomanat:<\/p>\n<p><\/strong><\/h3>\n<ul>\n<li><strong>T\u00f2nica premium i una rodanxa de c\u00edtric<\/strong> per ressaltar les seves notes fresques.\n<\/li>\n<li><strong>En c\u00f3ctels cl\u00e0ssics com Gin Tonic, Tom Collins o Negroni.<\/strong><\/li>\n<li><strong>Maridatge amb mariscs, amanides fresques i formatges suaus.<\/strong><\/li>\n<\/ul>\n<p>&nbsp;<\/p>\n<\/div>\n<\/div>\n<\/div>\n<\/div>\n","protected":false},"excerpt":{"rendered":"<p>.  <\/p>\n","protected":false},"featured_media":78323,"comment_status":"closed","ping_status":"closed","template":"","meta":{"_acf_changed":false},"pwb-brand":[],"product_brand":[],"product_cat":[51692,51712],"product_tag":[],"class_list":{"0":"post-78978","1":"product","2":"type-product","3":"status-publish","4":"has-post-thumbnail","6":"product_cat-destillats","7":"product_cat-ginebra-destillats","8":"pa_bodega-atmosphera","9":"pa_formatoenl-36167","10":"pa_formatoenml-38307","11":"pa_graduacion-42_0","12":"pa_pais-espanya-ca","13":"pa_pesoengramos-38337","14":"pa_pesoenkg-125-ca","15":"pa_pueblociudad-arenysdemuntbarcelona","16":"pa_region-cataluna","17":"entry","18":"has-media","20":"first","21":"instock","22":"taxable","23":"shipping-taxable","24":"purchasable","25":"product-type-simple"},"acf":[],"yoast_head":"<!-- This site is optimized with the Yoast SEO Premium plugin v23.1 (Yoast SEO v23.5) - https:\/\/yoast.com\/wordpress\/plugins\/seo\/ -->\n<title>5th Earth Citrics Ginebra<\/title>\n<meta name=\"description\" content=\"Comprar Ginebra 5th Earth Citrics. Botiga online de vins, licors, cerveses i productes gourmet. Ofertes. Descomptes.\" \/>\n<meta name=\"robots\" content=\"noindex, follow, max-snippet:-1, max-image-preview:large, max-video-preview:-1\" \/>\n<meta property=\"og:locale\" content=\"ca_ES\" \/>\n<meta property=\"og:type\" content=\"article\" \/>\n<meta property=\"og:title\" content=\"5th Earth Citrics Distilled Gin\" \/>\n<meta property=\"og:description\" content=\"Comprar Ginebra 5th Earth Citrics. Botiga online de vins, licors, cerveses i productes gourmet. Ofertes. Descomptes.\" \/>\n<meta property=\"og:url\" content=\"https:\/\/aral2.cetrexmarketing.com\/ca\/producto\/5th-earth-citrics-distilled-gin-2\/\" \/>\n<meta property=\"og:site_name\" content=\"M\u00f3n La Cata\" \/>\n<meta property=\"article:modified_time\" content=\"2025-05-24T07:03:32+00:00\" \/>\n<meta property=\"og:image\" content=\"https:\/\/aral2.cetrexmarketing.com\/wp-content\/uploads\/2025\/01\/GIN-5TH-EARTH-CITRICS.jpg.png\" \/>\n\t<meta property=\"og:image:width\" content=\"765\" \/>\n\t<meta property=\"og:image:height\" content=\"1024\" \/>\n\t<meta property=\"og:image:type\" content=\"image\/png\" \/>\n<meta name=\"twitter:card\" content=\"summary_large_image\" \/>\n<meta name=\"twitter:label1\" content=\"Temps estimat de lectura\" \/>\n\t<meta name=\"twitter:data1\" content=\"1 minut\" \/>\n<script type=\"application\/ld+json\" class=\"yoast-schema-graph\">{\"@context\":\"https:\/\/schema.org\",\"@graph\":[{\"@type\":\"WebPage\",\"@id\":\"https:\/\/aral2.cetrexmarketing.com\/ca\/producto\/5th-earth-citrics-distilled-gin-2\/\",\"url\":\"https:\/\/aral2.cetrexmarketing.com\/ca\/producto\/5th-earth-citrics-distilled-gin-2\/\",\"name\":\"5th Earth Citrics Ginebra\",\"isPartOf\":{\"@id\":\"https:\/\/aral2.cetrexmarketing.com\/#website\"},\"primaryImageOfPage\":{\"@id\":\"https:\/\/aral2.cetrexmarketing.com\/ca\/producto\/5th-earth-citrics-distilled-gin-2\/#primaryimage\"},\"image\":{\"@id\":\"https:\/\/aral2.cetrexmarketing.com\/ca\/producto\/5th-earth-citrics-distilled-gin-2\/#primaryimage\"},\"thumbnailUrl\":\"https:\/\/aral2.cetrexmarketing.com\/wp-content\/uploads\/2025\/01\/GIN-5TH-EARTH-CITRICS.jpg.png\",\"datePublished\":\"2025-05-24T07:03:31+00:00\",\"dateModified\":\"2025-05-24T07:03:32+00:00\",\"description\":\"Comprar Ginebra 5th Earth Citrics. Botiga online de vins, licors, cerveses i productes gourmet. Ofertes. Descomptes.\",\"breadcrumb\":{\"@id\":\"https:\/\/aral2.cetrexmarketing.com\/ca\/producto\/5th-earth-citrics-distilled-gin-2\/#breadcrumb\"},\"inLanguage\":\"ca\",\"potentialAction\":[{\"@type\":\"ReadAction\",\"target\":[\"https:\/\/aral2.cetrexmarketing.com\/ca\/producto\/5th-earth-citrics-distilled-gin-2\/\"]}]},{\"@type\":\"ImageObject\",\"inLanguage\":\"ca\",\"@id\":\"https:\/\/aral2.cetrexmarketing.com\/ca\/producto\/5th-earth-citrics-distilled-gin-2\/#primaryimage\",\"url\":\"https:\/\/aral2.cetrexmarketing.com\/wp-content\/uploads\/2025\/01\/GIN-5TH-EARTH-CITRICS.jpg.png\",\"contentUrl\":\"https:\/\/aral2.cetrexmarketing.com\/wp-content\/uploads\/2025\/01\/GIN-5TH-EARTH-CITRICS.jpg.png\",\"width\":765,\"height\":1024},{\"@type\":\"BreadcrumbList\",\"@id\":\"https:\/\/aral2.cetrexmarketing.com\/ca\/producto\/5th-earth-citrics-distilled-gin-2\/#breadcrumb\",\"itemListElement\":[{\"@type\":\"ListItem\",\"position\":1,\"name\":\"Home\",\"item\":\"https:\/\/aral2.cetrexmarketing.com\/ca\/\"},{\"@type\":\"ListItem\",\"position\":2,\"name\":\"Tienda\",\"item\":\"https:\/\/aral2.cetrexmarketing.com\/ca\/tienda-2\/\"},{\"@type\":\"ListItem\",\"position\":3,\"name\":\"Destil\u00b7lats\",\"item\":\"https:\/\/aral2.cetrexmarketing.com\/categoria-producto\/destil%c2%b7lats\/\"},{\"@type\":\"ListItem\",\"position\":4,\"name\":\"Ginebra\",\"item\":\"https:\/\/aral2.cetrexmarketing.com\/categoria-producto\/destil%c2%b7lats\/ginebra-destil%c2%b7lats\/\"},{\"@type\":\"ListItem\",\"position\":5,\"name\":\"5th Earth Citrics Distilled Gin\"}]},{\"@type\":\"WebSite\",\"@id\":\"https:\/\/aral2.cetrexmarketing.com\/#website\",\"url\":\"https:\/\/aral2.cetrexmarketing.com\/\",\"name\":\"M\u00f3n La Cata\",\"description\":\"Tienda de vinos, licores, cervezas y gourmet\",\"publisher\":{\"@id\":\"https:\/\/aral2.cetrexmarketing.com\/#organization\"},\"potentialAction\":[{\"@type\":\"SearchAction\",\"target\":{\"@type\":\"EntryPoint\",\"urlTemplate\":\"https:\/\/aral2.cetrexmarketing.com\/?s={search_term_string}\"},\"query-input\":{\"@type\":\"PropertyValueSpecification\",\"valueRequired\":true,\"valueName\":\"search_term_string\"}}],\"inLanguage\":\"ca\"},{\"@type\":\"Organization\",\"@id\":\"https:\/\/aral2.cetrexmarketing.com\/#organization\",\"name\":\"M\u00f3n La Cata\",\"url\":\"https:\/\/aral2.cetrexmarketing.com\/\",\"logo\":{\"@type\":\"ImageObject\",\"inLanguage\":\"ca\",\"@id\":\"https:\/\/aral2.cetrexmarketing.com\/#\/schema\/logo\/image\/\",\"url\":\"https:\/\/aral2.cetrexmarketing.com\/wp-content\/uploads\/2024\/10\/aral-logo-neg-1024x409-1.png\",\"contentUrl\":\"https:\/\/aral2.cetrexmarketing.com\/wp-content\/uploads\/2024\/10\/aral-logo-neg-1024x409-1.png\",\"width\":1024,\"height\":409,\"caption\":\"M\u00f3n La Cata\"},\"image\":{\"@id\":\"https:\/\/aral2.cetrexmarketing.com\/#\/schema\/logo\/image\/\"}}]}<\/script>\n<!-- \/ Yoast SEO Premium plugin. -->","yoast_head_json":{"title":"5th Earth Citrics Ginebra","description":"Comprar Ginebra 5th Earth Citrics. Botiga online de vins, licors, cerveses i productes gourmet. Ofertes. Descomptes.","robots":{"index":"noindex","follow":"follow","max-snippet":"max-snippet:-1","max-image-preview":"max-image-preview:large","max-video-preview":"max-video-preview:-1"},"og_locale":"ca_ES","og_type":"article","og_title":"5th Earth Citrics Distilled Gin","og_description":"Comprar Ginebra 5th Earth Citrics. Botiga online de vins, licors, cerveses i productes gourmet. Ofertes. Descomptes.","og_url":"https:\/\/aral2.cetrexmarketing.com\/ca\/producto\/5th-earth-citrics-distilled-gin-2\/","og_site_name":"M\u00f3n La Cata","article_modified_time":"2025-05-24T07:03:32+00:00","og_image":[{"width":765,"height":1024,"url":"https:\/\/aral2.cetrexmarketing.com\/wp-content\/uploads\/2025\/01\/GIN-5TH-EARTH-CITRICS.jpg.png","type":"image\/png"}],"twitter_card":"summary_large_image","twitter_misc":{"Temps estimat de lectura":"1 minut"},"schema":{"@context":"https:\/\/schema.org","@graph":[{"@type":"WebPage","@id":"https:\/\/aral2.cetrexmarketing.com\/ca\/producto\/5th-earth-citrics-distilled-gin-2\/","url":"https:\/\/aral2.cetrexmarketing.com\/ca\/producto\/5th-earth-citrics-distilled-gin-2\/","name":"5th Earth Citrics Ginebra","isPartOf":{"@id":"https:\/\/aral2.cetrexmarketing.com\/#website"},"primaryImageOfPage":{"@id":"https:\/\/aral2.cetrexmarketing.com\/ca\/producto\/5th-earth-citrics-distilled-gin-2\/#primaryimage"},"image":{"@id":"https:\/\/aral2.cetrexmarketing.com\/ca\/producto\/5th-earth-citrics-distilled-gin-2\/#primaryimage"},"thumbnailUrl":"https:\/\/aral2.cetrexmarketing.com\/wp-content\/uploads\/2025\/01\/GIN-5TH-EARTH-CITRICS.jpg.png","datePublished":"2025-05-24T07:03:31+00:00","dateModified":"2025-05-24T07:03:32+00:00","description":"Comprar Ginebra 5th Earth Citrics. Botiga online de vins, licors, cerveses i productes gourmet. Ofertes. Descomptes.","breadcrumb":{"@id":"https:\/\/aral2.cetrexmarketing.com\/ca\/producto\/5th-earth-citrics-distilled-gin-2\/#breadcrumb"},"inLanguage":"ca","potentialAction":[{"@type":"ReadAction","target":["https:\/\/aral2.cetrexmarketing.com\/ca\/producto\/5th-earth-citrics-distilled-gin-2\/"]}]},{"@type":"ImageObject","inLanguage":"ca","@id":"https:\/\/aral2.cetrexmarketing.com\/ca\/producto\/5th-earth-citrics-distilled-gin-2\/#primaryimage","url":"https:\/\/aral2.cetrexmarketing.com\/wp-content\/uploads\/2025\/01\/GIN-5TH-EARTH-CITRICS.jpg.png","contentUrl":"https:\/\/aral2.cetrexmarketing.com\/wp-content\/uploads\/2025\/01\/GIN-5TH-EARTH-CITRICS.jpg.png","width":765,"height":1024},{"@type":"BreadcrumbList","@id":"https:\/\/aral2.cetrexmarketing.com\/ca\/producto\/5th-earth-citrics-distilled-gin-2\/#breadcrumb","itemListElement":[{"@type":"ListItem","position":1,"name":"Home","item":"https:\/\/aral2.cetrexmarketing.com\/ca\/"},{"@type":"ListItem","position":2,"name":"Tienda","item":"https:\/\/aral2.cetrexmarketing.com\/ca\/tienda-2\/"},{"@type":"ListItem","position":3,"name":"Destil\u00b7lats","item":"https:\/\/aral2.cetrexmarketing.com\/categoria-producto\/destil%c2%b7lats\/"},{"@type":"ListItem","position":4,"name":"Ginebra","item":"https:\/\/aral2.cetrexmarketing.com\/categoria-producto\/destil%c2%b7lats\/ginebra-destil%c2%b7lats\/"},{"@type":"ListItem","position":5,"name":"5th Earth Citrics Distilled Gin"}]},{"@type":"WebSite","@id":"https:\/\/aral2.cetrexmarketing.com\/#website","url":"https:\/\/aral2.cetrexmarketing.com\/","name":"M\u00f3n La Cata","description":"Tienda de vinos, licores, cervezas y gourmet","publisher":{"@id":"https:\/\/aral2.cetrexmarketing.com\/#organization"},"potentialAction":[{"@type":"SearchAction","target":{"@type":"EntryPoint","urlTemplate":"https:\/\/aral2.cetrexmarketing.com\/?s={search_term_string}"},"query-input":{"@type":"PropertyValueSpecification","valueRequired":true,"valueName":"search_term_string"}}],"inLanguage":"ca"},{"@type":"Organization","@id":"https:\/\/aral2.cetrexmarketing.com\/#organization","name":"M\u00f3n La Cata","url":"https:\/\/aral2.cetrexmarketing.com\/","logo":{"@type":"ImageObject","inLanguage":"ca","@id":"https:\/\/aral2.cetrexmarketing.com\/#\/schema\/logo\/image\/","url":"https:\/\/aral2.cetrexmarketing.com\/wp-content\/uploads\/2024\/10\/aral-logo-neg-1024x409-1.png","contentUrl":"https:\/\/aral2.cetrexmarketing.com\/wp-content\/uploads\/2024\/10\/aral-logo-neg-1024x409-1.png","width":1024,"height":409,"caption":"M\u00f3n La Cata"},"image":{"@id":"https:\/\/aral2.cetrexmarketing.com\/#\/schema\/logo\/image\/"}}]}},"brands":[],"_links":{"self":[{"href":"https:\/\/aral2.cetrexmarketing.com\/ca\/wp-json\/wp\/v2\/product\/78978","targetHints":{"allow":["GET"]}}],"collection":[{"href":"https:\/\/aral2.cetrexmarketing.com\/ca\/wp-json\/wp\/v2\/product"}],"about":[{"href":"https:\/\/aral2.cetrexmarketing.com\/ca\/wp-json\/wp\/v2\/types\/product"}],"replies":[{"embeddable":true,"href":"https:\/\/aral2.cetrexmarketing.com\/ca\/wp-json\/wp\/v2\/comments?post=78978"}],"wp:featuredmedia":[{"embeddable":true,"href":"https:\/\/aral2.cetrexmarketing.com\/ca\/wp-json\/wp\/v2\/media\/78323"}],"wp:attachment":[{"href":"https:\/\/aral2.cetrexmarketing.com\/ca\/wp-json\/wp\/v2\/media?parent=78978"}],"wp:term":[{"taxonomy":"pwb-brand","embeddable":true,"href":"https:\/\/aral2.cetrexmarketing.com\/ca\/wp-json\/wp\/v2\/pwb-brand?post=78978"},{"taxonomy":"product_brand","embeddable":true,"href":"https:\/\/aral2.cetrexmarketing.com\/ca\/wp-json\/wp\/v2\/product_brand?post=78978"},{"taxonomy":"product_cat","embeddable":true,"href":"https:\/\/aral2.cetrexmarketing.com\/ca\/wp-json\/wp\/v2\/product_cat?post=78978"},{"taxonomy":"product_tag","embeddable":true,"href":"https:\/\/aral2.cetrexmarketing.com\/ca\/wp-json\/wp\/v2\/product_tag?post=78978"}],"curies":[{"name":"wp","href":"https:\/\/api.w.org\/{rel}","templated":true}]}}