{"id":78906,"date":"2025-05-24T07:02:24","date_gmt":"2025-05-24T07:02:24","guid":{"rendered":"https:\/\/aral2.cetrexmarketing.com\/producto\/gramona-argent-rosat\/"},"modified":"2025-05-24T07:02:25","modified_gmt":"2025-05-24T07:02:25","slug":"gramona-argent-rosat","status":"publish","type":"product","link":"https:\/\/aral2.cetrexmarketing.com\/ca\/producto\/gramona-argent-rosat\/","title":{"rendered":"Gramona Argent Rosat"},"content":{"rendered":"<p>Color p\u00e0l\u00b7lid dels reflexos coberts. Buscant l\u2019expressivitat arom\u00e0tica de la varietat evitant una contribuci\u00f3 excessiva del tan\u00ed.<br \/>\n n<br \/>\n Nefermentaci\u00f3 del b\u00f3ta de roure franc\u00e8s. RIMA augmenta 32 mesos. \u00das de pupitres. Manuals eliminats i sacrificats.<br \/>\n n<br \/>\n Ndosage 4 grams per litre.<br \/>\n n<br \/>\n NPROCES ARTISANAL.<\/p>\n","protected":false},"excerpt":{"rendered":"<p>Color pali.lid amb reflexos de coure. Es busca l&#8217;expressivitat arom\u00e0tica de la varietat alhora que s&#8217;evita una excessiva aportaci\u00f3 de tanins. Fermentaci\u00f3 del most en b\u00f3ta de roure franc\u00e9s. Crian\u00e7a en rima m\u00ednima de 36 mesos. \u00das de pupitres. Remogut i degollament manuals.<\/p>\n<p>Dosage 4 grams per litre.<\/p>\n<p>Processes artesanals.<\/p>\n","protected":false},"featured_media":78220,"comment_status":"closed","ping_status":"closed","template":"","meta":{"_acf_changed":false},"pwb-brand":[32985,32866],"product_brand":[],"product_cat":[51698,51703,51669,51700,51701,51694],"product_tag":[15152,15124,15148,38826,15042,15153,15162],"class_list":{"0":"post-78906","1":"product","2":"type-product","3":"status-publish","4":"has-post-thumbnail","6":"pwb-brand-corpinnat","7":"pwb-brand-ca-gramona-ca","8":"product_cat-corpinnat-vi-escumos","9":"product_cat-corpinnat-rosat","10":"product_cat-ecologic","11":"product_cat-estoigs-i-lots","12":"product_cat-lots-nadal","13":"product_cat-vi-escumos","14":"product_tag-argent-ca","15":"product_tag-brut-nature-ca","16":"product_tag-corpinnat-ca","17":"product_tag-escumos","18":"product_tag-gramona-ca","19":"product_tag-gramona-argent-ca","20":"product_tag-pinot-noir-ca","21":"pa_anada-36212","22":"pa_bodega-gramona","23":"pa_cantidaddeazucar-brutnature","24":"pa_do-corpinnat-ca","25":"pa_ecologico-vegano-natural-demeter-ca","26":"pa_ecologico-vegano-natural-ecologic","27":"pa_formatoenml-38306","28":"pa_graduacion-12_0","29":"pa_pais-espanya-ca","30":"pa_pueblociudad-sant-sadurni-danoia-barcelona","31":"pa_region-cataluna","32":"pa_tipodevino-vinoespumoso","33":"entry","34":"has-media","36":"first","37":"instock","38":"taxable","39":"shipping-taxable","40":"purchasable","41":"product-type-simple"},"acf":[],"yoast_head":"<!-- This site is optimized with the Yoast SEO Premium plugin v23.1 (Yoast SEO v23.5) - https:\/\/yoast.com\/wordpress\/plugins\/seo\/ -->\n<title>Gramona Argent Ros\u00e9 corpinnat vi escum\u00f3s<\/title>\n<meta name=\"description\" content=\"Comprar online a bon preu el corpinnat rosat Gramona Argent brut nature. Ecol\u00f2gic i demeter Vi escum\u00f3s de qualitat. A monlacata.com la compra \u00e9s r\u00e0pida i segura\" \/>\n<meta name=\"robots\" content=\"noindex, follow, max-snippet:-1, max-image-preview:large, max-video-preview:-1\" \/>\n<meta property=\"og:locale\" content=\"ca_ES\" \/>\n<meta property=\"og:type\" content=\"article\" \/>\n<meta property=\"og:title\" content=\"Gramona Argent Rosat\" \/>\n<meta property=\"og:description\" content=\"Comprar online a bon preu el corpinnat rosat Gramona Argent brut nature. Ecol\u00f2gic i demeter Vi escum\u00f3s de qualitat. A monlacata.com la compra \u00e9s r\u00e0pida i segura\" \/>\n<meta property=\"og:url\" content=\"https:\/\/aral2.cetrexmarketing.com\/ca\/producto\/gramona-argent-rosat\/\" \/>\n<meta property=\"og:site_name\" content=\"M\u00f3n La Cata\" \/>\n<meta property=\"article:modified_time\" content=\"2025-05-24T07:02:25+00:00\" \/>\n<meta property=\"og:image\" content=\"https:\/\/aral2.cetrexmarketing.com\/wp-content\/uploads\/2025\/01\/GRAMONA-ARGENT-ROSE.jpg.png\" \/>\n\t<meta property=\"og:image:width\" content=\"765\" \/>\n\t<meta property=\"og:image:height\" content=\"1024\" \/>\n\t<meta property=\"og:image:type\" content=\"image\/png\" \/>\n<meta name=\"twitter:card\" content=\"summary_large_image\" \/>\n<script type=\"application\/ld+json\" class=\"yoast-schema-graph\">{\"@context\":\"https:\/\/schema.org\",\"@graph\":[{\"@type\":\"WebPage\",\"@id\":\"https:\/\/aral2.cetrexmarketing.com\/ca\/producto\/gramona-argent-rosat\/\",\"url\":\"https:\/\/aral2.cetrexmarketing.com\/ca\/producto\/gramona-argent-rosat\/\",\"name\":\"Gramona Argent Ros\u00e9 corpinnat vi escum\u00f3s\",\"isPartOf\":{\"@id\":\"https:\/\/aral2.cetrexmarketing.com\/#website\"},\"primaryImageOfPage\":{\"@id\":\"https:\/\/aral2.cetrexmarketing.com\/ca\/producto\/gramona-argent-rosat\/#primaryimage\"},\"image\":{\"@id\":\"https:\/\/aral2.cetrexmarketing.com\/ca\/producto\/gramona-argent-rosat\/#primaryimage\"},\"thumbnailUrl\":\"https:\/\/aral2.cetrexmarketing.com\/wp-content\/uploads\/2025\/01\/GRAMONA-ARGENT-ROSE.jpg.png\",\"datePublished\":\"2025-05-24T07:02:24+00:00\",\"dateModified\":\"2025-05-24T07:02:25+00:00\",\"description\":\"Comprar online a bon preu el corpinnat rosat Gramona Argent brut nature. Ecol\u00f2gic i demeter Vi escum\u00f3s de qualitat. A monlacata.com la compra \u00e9s r\u00e0pida i segura\",\"breadcrumb\":{\"@id\":\"https:\/\/aral2.cetrexmarketing.com\/ca\/producto\/gramona-argent-rosat\/#breadcrumb\"},\"inLanguage\":\"ca\",\"potentialAction\":[{\"@type\":\"ReadAction\",\"target\":[\"https:\/\/aral2.cetrexmarketing.com\/ca\/producto\/gramona-argent-rosat\/\"]}]},{\"@type\":\"ImageObject\",\"inLanguage\":\"ca\",\"@id\":\"https:\/\/aral2.cetrexmarketing.com\/ca\/producto\/gramona-argent-rosat\/#primaryimage\",\"url\":\"https:\/\/aral2.cetrexmarketing.com\/wp-content\/uploads\/2025\/01\/GRAMONA-ARGENT-ROSE.jpg.png\",\"contentUrl\":\"https:\/\/aral2.cetrexmarketing.com\/wp-content\/uploads\/2025\/01\/GRAMONA-ARGENT-ROSE.jpg.png\",\"width\":765,\"height\":1024},{\"@type\":\"BreadcrumbList\",\"@id\":\"https:\/\/aral2.cetrexmarketing.com\/ca\/producto\/gramona-argent-rosat\/#breadcrumb\",\"itemListElement\":[{\"@type\":\"ListItem\",\"position\":1,\"name\":\"Home\",\"item\":\"https:\/\/aral2.cetrexmarketing.com\/ca\/\"},{\"@type\":\"ListItem\",\"position\":2,\"name\":\"Tienda\",\"item\":\"https:\/\/aral2.cetrexmarketing.com\/ca\/tienda-2\/\"},{\"@type\":\"ListItem\",\"position\":3,\"name\":\"Vi Escum\u00f3s\",\"item\":\"https:\/\/aral2.cetrexmarketing.com\/categoria-producto\/home-ca\/vi-escumos-ca\/\"},{\"@type\":\"ListItem\",\"position\":4,\"name\":\"Corpinnat\",\"item\":\"https:\/\/aral2.cetrexmarketing.com\/ca\/categoria-producto\/vi-escumos-ca\/corpinnat-ca\/\"},{\"@type\":\"ListItem\",\"position\":5,\"name\":\"Corpinnat rosado\",\"item\":\"https:\/\/aral2.cetrexmarketing.com\/categoria-producto\/inicio\/vino-espumoso\/corpinnat\/corpinnat-rosado\/\"},{\"@type\":\"ListItem\",\"position\":6,\"name\":\"Gramona Argent Rosat\"}]},{\"@type\":\"WebSite\",\"@id\":\"https:\/\/aral2.cetrexmarketing.com\/#website\",\"url\":\"https:\/\/aral2.cetrexmarketing.com\/\",\"name\":\"M\u00f3n La Cata\",\"description\":\"Tienda de vinos, licores, cervezas y gourmet\",\"publisher\":{\"@id\":\"https:\/\/aral2.cetrexmarketing.com\/#organization\"},\"potentialAction\":[{\"@type\":\"SearchAction\",\"target\":{\"@type\":\"EntryPoint\",\"urlTemplate\":\"https:\/\/aral2.cetrexmarketing.com\/?s={search_term_string}\"},\"query-input\":{\"@type\":\"PropertyValueSpecification\",\"valueRequired\":true,\"valueName\":\"search_term_string\"}}],\"inLanguage\":\"ca\"},{\"@type\":\"Organization\",\"@id\":\"https:\/\/aral2.cetrexmarketing.com\/#organization\",\"name\":\"M\u00f3n La Cata\",\"url\":\"https:\/\/aral2.cetrexmarketing.com\/\",\"logo\":{\"@type\":\"ImageObject\",\"inLanguage\":\"ca\",\"@id\":\"https:\/\/aral2.cetrexmarketing.com\/#\/schema\/logo\/image\/\",\"url\":\"https:\/\/aral2.cetrexmarketing.com\/wp-content\/uploads\/2024\/10\/aral-logo-neg-1024x409-1.png\",\"contentUrl\":\"https:\/\/aral2.cetrexmarketing.com\/wp-content\/uploads\/2024\/10\/aral-logo-neg-1024x409-1.png\",\"width\":1024,\"height\":409,\"caption\":\"M\u00f3n La Cata\"},\"image\":{\"@id\":\"https:\/\/aral2.cetrexmarketing.com\/#\/schema\/logo\/image\/\"}}]}<\/script>\n<!-- \/ Yoast SEO Premium plugin. -->","yoast_head_json":{"title":"Gramona Argent Ros\u00e9 corpinnat vi escum\u00f3s","description":"Comprar online a bon preu el corpinnat rosat Gramona Argent brut nature. Ecol\u00f2gic i demeter Vi escum\u00f3s de qualitat. A monlacata.com la compra \u00e9s r\u00e0pida i segura","robots":{"index":"noindex","follow":"follow","max-snippet":"max-snippet:-1","max-image-preview":"max-image-preview:large","max-video-preview":"max-video-preview:-1"},"og_locale":"ca_ES","og_type":"article","og_title":"Gramona Argent Rosat","og_description":"Comprar online a bon preu el corpinnat rosat Gramona Argent brut nature. Ecol\u00f2gic i demeter Vi escum\u00f3s de qualitat. A monlacata.com la compra \u00e9s r\u00e0pida i segura","og_url":"https:\/\/aral2.cetrexmarketing.com\/ca\/producto\/gramona-argent-rosat\/","og_site_name":"M\u00f3n La Cata","article_modified_time":"2025-05-24T07:02:25+00:00","og_image":[{"width":765,"height":1024,"url":"https:\/\/aral2.cetrexmarketing.com\/wp-content\/uploads\/2025\/01\/GRAMONA-ARGENT-ROSE.jpg.png","type":"image\/png"}],"twitter_card":"summary_large_image","schema":{"@context":"https:\/\/schema.org","@graph":[{"@type":"WebPage","@id":"https:\/\/aral2.cetrexmarketing.com\/ca\/producto\/gramona-argent-rosat\/","url":"https:\/\/aral2.cetrexmarketing.com\/ca\/producto\/gramona-argent-rosat\/","name":"Gramona Argent Ros\u00e9 corpinnat vi escum\u00f3s","isPartOf":{"@id":"https:\/\/aral2.cetrexmarketing.com\/#website"},"primaryImageOfPage":{"@id":"https:\/\/aral2.cetrexmarketing.com\/ca\/producto\/gramona-argent-rosat\/#primaryimage"},"image":{"@id":"https:\/\/aral2.cetrexmarketing.com\/ca\/producto\/gramona-argent-rosat\/#primaryimage"},"thumbnailUrl":"https:\/\/aral2.cetrexmarketing.com\/wp-content\/uploads\/2025\/01\/GRAMONA-ARGENT-ROSE.jpg.png","datePublished":"2025-05-24T07:02:24+00:00","dateModified":"2025-05-24T07:02:25+00:00","description":"Comprar online a bon preu el corpinnat rosat Gramona Argent brut nature. Ecol\u00f2gic i demeter Vi escum\u00f3s de qualitat. A monlacata.com la compra \u00e9s r\u00e0pida i segura","breadcrumb":{"@id":"https:\/\/aral2.cetrexmarketing.com\/ca\/producto\/gramona-argent-rosat\/#breadcrumb"},"inLanguage":"ca","potentialAction":[{"@type":"ReadAction","target":["https:\/\/aral2.cetrexmarketing.com\/ca\/producto\/gramona-argent-rosat\/"]}]},{"@type":"ImageObject","inLanguage":"ca","@id":"https:\/\/aral2.cetrexmarketing.com\/ca\/producto\/gramona-argent-rosat\/#primaryimage","url":"https:\/\/aral2.cetrexmarketing.com\/wp-content\/uploads\/2025\/01\/GRAMONA-ARGENT-ROSE.jpg.png","contentUrl":"https:\/\/aral2.cetrexmarketing.com\/wp-content\/uploads\/2025\/01\/GRAMONA-ARGENT-ROSE.jpg.png","width":765,"height":1024},{"@type":"BreadcrumbList","@id":"https:\/\/aral2.cetrexmarketing.com\/ca\/producto\/gramona-argent-rosat\/#breadcrumb","itemListElement":[{"@type":"ListItem","position":1,"name":"Home","item":"https:\/\/aral2.cetrexmarketing.com\/ca\/"},{"@type":"ListItem","position":2,"name":"Tienda","item":"https:\/\/aral2.cetrexmarketing.com\/ca\/tienda-2\/"},{"@type":"ListItem","position":3,"name":"Vi Escum\u00f3s","item":"https:\/\/aral2.cetrexmarketing.com\/categoria-producto\/home-ca\/vi-escumos-ca\/"},{"@type":"ListItem","position":4,"name":"Corpinnat","item":"https:\/\/aral2.cetrexmarketing.com\/ca\/categoria-producto\/vi-escumos-ca\/corpinnat-ca\/"},{"@type":"ListItem","position":5,"name":"Corpinnat rosado","item":"https:\/\/aral2.cetrexmarketing.com\/categoria-producto\/inicio\/vino-espumoso\/corpinnat\/corpinnat-rosado\/"},{"@type":"ListItem","position":6,"name":"Gramona Argent Rosat"}]},{"@type":"WebSite","@id":"https:\/\/aral2.cetrexmarketing.com\/#website","url":"https:\/\/aral2.cetrexmarketing.com\/","name":"M\u00f3n La Cata","description":"Tienda de vinos, licores, cervezas y gourmet","publisher":{"@id":"https:\/\/aral2.cetrexmarketing.com\/#organization"},"potentialAction":[{"@type":"SearchAction","target":{"@type":"EntryPoint","urlTemplate":"https:\/\/aral2.cetrexmarketing.com\/?s={search_term_string}"},"query-input":{"@type":"PropertyValueSpecification","valueRequired":true,"valueName":"search_term_string"}}],"inLanguage":"ca"},{"@type":"Organization","@id":"https:\/\/aral2.cetrexmarketing.com\/#organization","name":"M\u00f3n La Cata","url":"https:\/\/aral2.cetrexmarketing.com\/","logo":{"@type":"ImageObject","inLanguage":"ca","@id":"https:\/\/aral2.cetrexmarketing.com\/#\/schema\/logo\/image\/","url":"https:\/\/aral2.cetrexmarketing.com\/wp-content\/uploads\/2024\/10\/aral-logo-neg-1024x409-1.png","contentUrl":"https:\/\/aral2.cetrexmarketing.com\/wp-content\/uploads\/2024\/10\/aral-logo-neg-1024x409-1.png","width":1024,"height":409,"caption":"M\u00f3n La Cata"},"image":{"@id":"https:\/\/aral2.cetrexmarketing.com\/#\/schema\/logo\/image\/"}}]}},"brands":[{"id":32985,"name":"Corpinnat","slug":"corpinnat"},{"id":32866,"name":"Gramona","slug":"ca-gramona-ca"}],"_links":{"self":[{"href":"https:\/\/aral2.cetrexmarketing.com\/ca\/wp-json\/wp\/v2\/product\/78906","targetHints":{"allow":["GET"]}}],"collection":[{"href":"https:\/\/aral2.cetrexmarketing.com\/ca\/wp-json\/wp\/v2\/product"}],"about":[{"href":"https:\/\/aral2.cetrexmarketing.com\/ca\/wp-json\/wp\/v2\/types\/product"}],"replies":[{"embeddable":true,"href":"https:\/\/aral2.cetrexmarketing.com\/ca\/wp-json\/wp\/v2\/comments?post=78906"}],"wp:featuredmedia":[{"embeddable":true,"href":"https:\/\/aral2.cetrexmarketing.com\/ca\/wp-json\/wp\/v2\/media\/78220"}],"wp:attachment":[{"href":"https:\/\/aral2.cetrexmarketing.com\/ca\/wp-json\/wp\/v2\/media?parent=78906"}],"wp:term":[{"taxonomy":"pwb-brand","embeddable":true,"href":"https:\/\/aral2.cetrexmarketing.com\/ca\/wp-json\/wp\/v2\/pwb-brand?post=78906"},{"taxonomy":"product_brand","embeddable":true,"href":"https:\/\/aral2.cetrexmarketing.com\/ca\/wp-json\/wp\/v2\/product_brand?post=78906"},{"taxonomy":"product_cat","embeddable":true,"href":"https:\/\/aral2.cetrexmarketing.com\/ca\/wp-json\/wp\/v2\/product_cat?post=78906"},{"taxonomy":"product_tag","embeddable":true,"href":"https:\/\/aral2.cetrexmarketing.com\/ca\/wp-json\/wp\/v2\/product_tag?post=78906"}],"curies":[{"name":"wp","href":"https:\/\/api.w.org\/{rel}","templated":true}]}}