{"id":78900,"date":"2025-05-24T07:02:18","date_gmt":"2025-05-24T07:02:18","guid":{"rendered":"https:\/\/aral2.cetrexmarketing.com\/producto\/gramona-imperial-brut-2\/"},"modified":"2025-05-24T07:02:19","modified_gmt":"2025-05-24T07:02:19","slug":"gramona-imperial-brut-2","status":"publish","type":"product","link":"https:\/\/aral2.cetrexmarketing.com\/ca\/producto\/gramona-imperial-brut-2\/","title":{"rendered":"Gramona Imperial Brut"},"content":{"rendered":"<p>Gramona Imperial Brut \u00e9s un escum\u00f3s d&#8217;alta qualitat que forma part de la prestigiosa denominaci\u00f3 Corpinnat. Una distinci\u00f3 que destaca els millors productors de vi escum\u00f3s al cor del Pened\u00e8s, a Catalunya. Aquest cava \u00e9s un referent al sector, apreciat per la seva eleg\u00e0ncia, complexitat i finura.<\/p>\n<p>L&#8217;elaboraci\u00f3 de Gramona Imperial Brut es fa seguint m\u00e8todes tradicionals, amb un enfocament rigor\u00f3s en la qualitat des de la vinya fins al celler. Les varietats de ra\u00efm utilitzades en la seva producci\u00f3 s\u00f3n la Xarel\u00b7lo, la Macabeu, la Parellada i una petita proporci\u00f3 de Chardonnay. Aquests ra\u00efms s\u00f3n seleccionats meticulosament de vinyes que practiquen una viticultura sostenible i respectuosa amb el medi ambient.<\/p>\n<p>Una de les caracter\u00edstiques distintives de Gramona Imperial Brut \u00e9s la seva llarga crian\u00e7a. Aquest escum\u00f3s passa un m\u00ednim de 60 mesos en contacte amb les seves mares, cosa que li confereix una textura cremosa, una bombolla fina i una gran profunditat d&#8217;aromes i sabors. La crian\u00e7a perllongada permet desenvolupar complexos matisos de fruita seca, pa torrat, mel i tocs c\u00edtrics, que es complementen amb una vibrant acidesa i una estructura equilibrada.<\/p>\n<p>Pel que fa al maridatge, Gramona Imperial Brut \u00e9s extremadament vers\u00e0til. El seu perfil arom\u00e0tic i la seva estructura el fan ideal per acompanyar una gran varietat de plats. \u00c9s perfecte amb marisc, com ostres i llagostins, i amb peixos grassos com el salm\u00f3. Tamb\u00e9 es complementa meravellosament amb plats de carns blanques, com pollastre i gall dindi, aix\u00ed com amb formatges suaus i amanides gurmet. La seva complexitat i frescor tamb\u00e9 ho fan adequat per gaudir-lo sol, com a aperitiu, permetent apreciar plenament les seves qualitats.<\/p>\n<p>Gramona Imperial Brut \u00e9s m\u00e9s que un simple escum\u00f3s; \u00e9s una experi\u00e8ncia sensorial que reflecteix el comprom\u00eds de la fam\u00edlia Gramona amb excel\u00b7l\u00e8ncia i tradici\u00f3 vitivin\u00edcola del Pened\u00e8s.<\/p>\n","protected":false},"excerpt":{"rendered":"<p dir=\"ltr\">Gramona Imperial Brut \u00e9s un escum\u00f3s d&#8217;alta qualitat que forma part de la prestigiosa denominaci\u00f3 Corpinnat, una distinci\u00f3 que destaca els millors productors de vi escum\u00f3s al cor del Pened\u00e8s, a Catalunya. Aquest cava \u00e9s un referent al sector, apreciat per la seva eleg\u00e0ncia, complexitat i finura.<\/p>\n","protected":false},"featured_media":78881,"comment_status":"closed","ping_status":"closed","template":"","meta":{"_acf_changed":false},"pwb-brand":[32985],"product_brand":[],"product_cat":[51698,51699,51669,51694],"product_tag":[15154,15148,15042,50706,50707,15155],"class_list":{"0":"post-78900","1":"product","2":"type-product","3":"status-publish","4":"has-post-thumbnail","6":"pwb-brand-corpinnat","7":"product_cat-corpinnat-vi-escumos","8":"product_cat-corpinnat-blanc","9":"product_cat-ecologic","10":"product_cat-vi-escumos","11":"product_tag-brut-imperial-ca","12":"product_tag-corpinnat-ca","13":"product_tag-gramona-ca","14":"product_tag-gramona-brut-imperial-ca","15":"product_tag-gramona-imperial-brut-ca","16":"product_tag-imperial-ca","17":"pa_anada-36208","18":"pa_bodega-gramona","19":"pa_cantidaddeazucar-brut","20":"pa_do-corpinnat-ca","21":"pa_ecologico-vegano-natural-ecologic","22":"pa_envejecimiento-granreserva-ca","23":"pa_formatoenml-38306","24":"pa_graduacion-12_0","25":"pa_pais-espanya-ca","26":"pa_pueblociudad-sant-sadurni-danoia-barcelona","27":"pa_region-cataluna","28":"pa_tipodevino-vinoespumoso","29":"entry","30":"has-media","32":"first","33":"instock","34":"featured","35":"taxable","36":"shipping-taxable","37":"purchasable","38":"product-type-simple"},"acf":[],"yoast_head":"<!-- This site is optimized with the Yoast SEO Premium plugin v23.1 (Yoast SEO v23.5) - https:\/\/yoast.com\/wordpress\/plugins\/seo\/ -->\n<title>Gramona Imperial Brut<\/title>\n<meta name=\"description\" content=\"Comprar online a bon preu el corpinnat Gramona Brut Imperial. Agricultura ecol\u00f2gica. Llarga crian\u00e7a. A monlacat.com li oferim un enviament r\u00e0pid i segur.\" \/>\n<meta name=\"robots\" content=\"noindex, follow, max-snippet:-1, max-image-preview:large, max-video-preview:-1\" \/>\n<meta property=\"og:locale\" content=\"ca_ES\" \/>\n<meta property=\"og:type\" content=\"article\" \/>\n<meta property=\"og:title\" content=\"Gramona Imperial Brut\" \/>\n<meta property=\"og:description\" content=\"Comprar online a bon preu el corpinnat Gramona Brut Imperial. Agricultura ecol\u00f2gica. Llarga crian\u00e7a. A monlacat.com li oferim un enviament r\u00e0pid i segur.\" \/>\n<meta property=\"og:url\" content=\"https:\/\/aral2.cetrexmarketing.com\/ca\/producto\/gramona-imperial-brut-2\/\" \/>\n<meta property=\"og:site_name\" content=\"M\u00f3n La Cata\" \/>\n<meta property=\"article:modified_time\" content=\"2025-05-24T07:02:19+00:00\" \/>\n<meta property=\"og:image\" content=\"https:\/\/aral2.cetrexmarketing.com\/wp-content\/uploads\/2025\/05\/gramona-imperial-brut.png\" \/>\n\t<meta property=\"og:image:width\" content=\"765\" \/>\n\t<meta property=\"og:image:height\" content=\"1024\" \/>\n\t<meta property=\"og:image:type\" content=\"image\/png\" \/>\n<meta name=\"twitter:card\" content=\"summary_large_image\" \/>\n<meta name=\"twitter:label1\" content=\"Temps estimat de lectura\" \/>\n\t<meta name=\"twitter:data1\" content=\"2 minuts\" \/>\n<script type=\"application\/ld+json\" class=\"yoast-schema-graph\">{\"@context\":\"https:\/\/schema.org\",\"@graph\":[{\"@type\":\"WebPage\",\"@id\":\"https:\/\/aral2.cetrexmarketing.com\/ca\/producto\/gramona-imperial-brut-2\/\",\"url\":\"https:\/\/aral2.cetrexmarketing.com\/ca\/producto\/gramona-imperial-brut-2\/\",\"name\":\"Gramona Imperial Brut\",\"isPartOf\":{\"@id\":\"https:\/\/aral2.cetrexmarketing.com\/#website\"},\"primaryImageOfPage\":{\"@id\":\"https:\/\/aral2.cetrexmarketing.com\/ca\/producto\/gramona-imperial-brut-2\/#primaryimage\"},\"image\":{\"@id\":\"https:\/\/aral2.cetrexmarketing.com\/ca\/producto\/gramona-imperial-brut-2\/#primaryimage\"},\"thumbnailUrl\":\"https:\/\/aral2.cetrexmarketing.com\/wp-content\/uploads\/2025\/05\/gramona-imperial-brut.png\",\"datePublished\":\"2025-05-24T07:02:18+00:00\",\"dateModified\":\"2025-05-24T07:02:19+00:00\",\"description\":\"Comprar online a bon preu el corpinnat Gramona Brut Imperial. Agricultura ecol\u00f2gica. Llarga crian\u00e7a. A monlacat.com li oferim un enviament r\u00e0pid i segur.\",\"breadcrumb\":{\"@id\":\"https:\/\/aral2.cetrexmarketing.com\/ca\/producto\/gramona-imperial-brut-2\/#breadcrumb\"},\"inLanguage\":\"ca\",\"potentialAction\":[{\"@type\":\"ReadAction\",\"target\":[\"https:\/\/aral2.cetrexmarketing.com\/ca\/producto\/gramona-imperial-brut-2\/\"]}]},{\"@type\":\"ImageObject\",\"inLanguage\":\"ca\",\"@id\":\"https:\/\/aral2.cetrexmarketing.com\/ca\/producto\/gramona-imperial-brut-2\/#primaryimage\",\"url\":\"https:\/\/aral2.cetrexmarketing.com\/wp-content\/uploads\/2025\/05\/gramona-imperial-brut.png\",\"contentUrl\":\"https:\/\/aral2.cetrexmarketing.com\/wp-content\/uploads\/2025\/05\/gramona-imperial-brut.png\",\"width\":765,\"height\":1024},{\"@type\":\"BreadcrumbList\",\"@id\":\"https:\/\/aral2.cetrexmarketing.com\/ca\/producto\/gramona-imperial-brut-2\/#breadcrumb\",\"itemListElement\":[{\"@type\":\"ListItem\",\"position\":1,\"name\":\"Home\",\"item\":\"https:\/\/aral2.cetrexmarketing.com\/ca\/\"},{\"@type\":\"ListItem\",\"position\":2,\"name\":\"Tienda\",\"item\":\"https:\/\/aral2.cetrexmarketing.com\/ca\/tienda-2\/\"},{\"@type\":\"ListItem\",\"position\":3,\"name\":\"Vi Escum\u00f3s\",\"item\":\"https:\/\/aral2.cetrexmarketing.com\/categoria-producto\/home-ca\/vi-escumos-ca\/\"},{\"@type\":\"ListItem\",\"position\":4,\"name\":\"Corpinnat\",\"item\":\"https:\/\/aral2.cetrexmarketing.com\/ca\/categoria-producto\/vi-escumos-ca\/corpinnat-ca\/\"},{\"@type\":\"ListItem\",\"position\":5,\"name\":\"Corpinnat blanco\",\"item\":\"https:\/\/aral2.cetrexmarketing.com\/categoria-producto\/inicio\/vino-espumoso\/corpinnat\/corpinnat-blanco\/\"},{\"@type\":\"ListItem\",\"position\":6,\"name\":\"Gramona Imperial Brut\"}]},{\"@type\":\"WebSite\",\"@id\":\"https:\/\/aral2.cetrexmarketing.com\/#website\",\"url\":\"https:\/\/aral2.cetrexmarketing.com\/\",\"name\":\"M\u00f3n La Cata\",\"description\":\"Tienda de vinos, licores, cervezas y gourmet\",\"publisher\":{\"@id\":\"https:\/\/aral2.cetrexmarketing.com\/#organization\"},\"potentialAction\":[{\"@type\":\"SearchAction\",\"target\":{\"@type\":\"EntryPoint\",\"urlTemplate\":\"https:\/\/aral2.cetrexmarketing.com\/?s={search_term_string}\"},\"query-input\":{\"@type\":\"PropertyValueSpecification\",\"valueRequired\":true,\"valueName\":\"search_term_string\"}}],\"inLanguage\":\"ca\"},{\"@type\":\"Organization\",\"@id\":\"https:\/\/aral2.cetrexmarketing.com\/#organization\",\"name\":\"M\u00f3n La Cata\",\"url\":\"https:\/\/aral2.cetrexmarketing.com\/\",\"logo\":{\"@type\":\"ImageObject\",\"inLanguage\":\"ca\",\"@id\":\"https:\/\/aral2.cetrexmarketing.com\/#\/schema\/logo\/image\/\",\"url\":\"https:\/\/aral2.cetrexmarketing.com\/wp-content\/uploads\/2024\/10\/aral-logo-neg-1024x409-1.png\",\"contentUrl\":\"https:\/\/aral2.cetrexmarketing.com\/wp-content\/uploads\/2024\/10\/aral-logo-neg-1024x409-1.png\",\"width\":1024,\"height\":409,\"caption\":\"M\u00f3n La Cata\"},\"image\":{\"@id\":\"https:\/\/aral2.cetrexmarketing.com\/#\/schema\/logo\/image\/\"}}]}<\/script>\n<!-- \/ Yoast SEO Premium plugin. -->","yoast_head_json":{"title":"Gramona Imperial Brut","description":"Comprar online a bon preu el corpinnat Gramona Brut Imperial. Agricultura ecol\u00f2gica. Llarga crian\u00e7a. A monlacat.com li oferim un enviament r\u00e0pid i segur.","robots":{"index":"noindex","follow":"follow","max-snippet":"max-snippet:-1","max-image-preview":"max-image-preview:large","max-video-preview":"max-video-preview:-1"},"og_locale":"ca_ES","og_type":"article","og_title":"Gramona Imperial Brut","og_description":"Comprar online a bon preu el corpinnat Gramona Brut Imperial. Agricultura ecol\u00f2gica. Llarga crian\u00e7a. A monlacat.com li oferim un enviament r\u00e0pid i segur.","og_url":"https:\/\/aral2.cetrexmarketing.com\/ca\/producto\/gramona-imperial-brut-2\/","og_site_name":"M\u00f3n La Cata","article_modified_time":"2025-05-24T07:02:19+00:00","og_image":[{"width":765,"height":1024,"url":"https:\/\/aral2.cetrexmarketing.com\/wp-content\/uploads\/2025\/05\/gramona-imperial-brut.png","type":"image\/png"}],"twitter_card":"summary_large_image","twitter_misc":{"Temps estimat de lectura":"2 minuts"},"schema":{"@context":"https:\/\/schema.org","@graph":[{"@type":"WebPage","@id":"https:\/\/aral2.cetrexmarketing.com\/ca\/producto\/gramona-imperial-brut-2\/","url":"https:\/\/aral2.cetrexmarketing.com\/ca\/producto\/gramona-imperial-brut-2\/","name":"Gramona Imperial Brut","isPartOf":{"@id":"https:\/\/aral2.cetrexmarketing.com\/#website"},"primaryImageOfPage":{"@id":"https:\/\/aral2.cetrexmarketing.com\/ca\/producto\/gramona-imperial-brut-2\/#primaryimage"},"image":{"@id":"https:\/\/aral2.cetrexmarketing.com\/ca\/producto\/gramona-imperial-brut-2\/#primaryimage"},"thumbnailUrl":"https:\/\/aral2.cetrexmarketing.com\/wp-content\/uploads\/2025\/05\/gramona-imperial-brut.png","datePublished":"2025-05-24T07:02:18+00:00","dateModified":"2025-05-24T07:02:19+00:00","description":"Comprar online a bon preu el corpinnat Gramona Brut Imperial. Agricultura ecol\u00f2gica. Llarga crian\u00e7a. A monlacat.com li oferim un enviament r\u00e0pid i segur.","breadcrumb":{"@id":"https:\/\/aral2.cetrexmarketing.com\/ca\/producto\/gramona-imperial-brut-2\/#breadcrumb"},"inLanguage":"ca","potentialAction":[{"@type":"ReadAction","target":["https:\/\/aral2.cetrexmarketing.com\/ca\/producto\/gramona-imperial-brut-2\/"]}]},{"@type":"ImageObject","inLanguage":"ca","@id":"https:\/\/aral2.cetrexmarketing.com\/ca\/producto\/gramona-imperial-brut-2\/#primaryimage","url":"https:\/\/aral2.cetrexmarketing.com\/wp-content\/uploads\/2025\/05\/gramona-imperial-brut.png","contentUrl":"https:\/\/aral2.cetrexmarketing.com\/wp-content\/uploads\/2025\/05\/gramona-imperial-brut.png","width":765,"height":1024},{"@type":"BreadcrumbList","@id":"https:\/\/aral2.cetrexmarketing.com\/ca\/producto\/gramona-imperial-brut-2\/#breadcrumb","itemListElement":[{"@type":"ListItem","position":1,"name":"Home","item":"https:\/\/aral2.cetrexmarketing.com\/ca\/"},{"@type":"ListItem","position":2,"name":"Tienda","item":"https:\/\/aral2.cetrexmarketing.com\/ca\/tienda-2\/"},{"@type":"ListItem","position":3,"name":"Vi Escum\u00f3s","item":"https:\/\/aral2.cetrexmarketing.com\/categoria-producto\/home-ca\/vi-escumos-ca\/"},{"@type":"ListItem","position":4,"name":"Corpinnat","item":"https:\/\/aral2.cetrexmarketing.com\/ca\/categoria-producto\/vi-escumos-ca\/corpinnat-ca\/"},{"@type":"ListItem","position":5,"name":"Corpinnat blanco","item":"https:\/\/aral2.cetrexmarketing.com\/categoria-producto\/inicio\/vino-espumoso\/corpinnat\/corpinnat-blanco\/"},{"@type":"ListItem","position":6,"name":"Gramona Imperial Brut"}]},{"@type":"WebSite","@id":"https:\/\/aral2.cetrexmarketing.com\/#website","url":"https:\/\/aral2.cetrexmarketing.com\/","name":"M\u00f3n La Cata","description":"Tienda de vinos, licores, cervezas y gourmet","publisher":{"@id":"https:\/\/aral2.cetrexmarketing.com\/#organization"},"potentialAction":[{"@type":"SearchAction","target":{"@type":"EntryPoint","urlTemplate":"https:\/\/aral2.cetrexmarketing.com\/?s={search_term_string}"},"query-input":{"@type":"PropertyValueSpecification","valueRequired":true,"valueName":"search_term_string"}}],"inLanguage":"ca"},{"@type":"Organization","@id":"https:\/\/aral2.cetrexmarketing.com\/#organization","name":"M\u00f3n La Cata","url":"https:\/\/aral2.cetrexmarketing.com\/","logo":{"@type":"ImageObject","inLanguage":"ca","@id":"https:\/\/aral2.cetrexmarketing.com\/#\/schema\/logo\/image\/","url":"https:\/\/aral2.cetrexmarketing.com\/wp-content\/uploads\/2024\/10\/aral-logo-neg-1024x409-1.png","contentUrl":"https:\/\/aral2.cetrexmarketing.com\/wp-content\/uploads\/2024\/10\/aral-logo-neg-1024x409-1.png","width":1024,"height":409,"caption":"M\u00f3n La Cata"},"image":{"@id":"https:\/\/aral2.cetrexmarketing.com\/#\/schema\/logo\/image\/"}}]}},"brands":[{"id":32985,"name":"Corpinnat","slug":"corpinnat"}],"_links":{"self":[{"href":"https:\/\/aral2.cetrexmarketing.com\/ca\/wp-json\/wp\/v2\/product\/78900","targetHints":{"allow":["GET"]}}],"collection":[{"href":"https:\/\/aral2.cetrexmarketing.com\/ca\/wp-json\/wp\/v2\/product"}],"about":[{"href":"https:\/\/aral2.cetrexmarketing.com\/ca\/wp-json\/wp\/v2\/types\/product"}],"replies":[{"embeddable":true,"href":"https:\/\/aral2.cetrexmarketing.com\/ca\/wp-json\/wp\/v2\/comments?post=78900"}],"wp:featuredmedia":[{"embeddable":true,"href":"https:\/\/aral2.cetrexmarketing.com\/ca\/wp-json\/wp\/v2\/media\/78881"}],"wp:attachment":[{"href":"https:\/\/aral2.cetrexmarketing.com\/ca\/wp-json\/wp\/v2\/media?parent=78900"}],"wp:term":[{"taxonomy":"pwb-brand","embeddable":true,"href":"https:\/\/aral2.cetrexmarketing.com\/ca\/wp-json\/wp\/v2\/pwb-brand?post=78900"},{"taxonomy":"product_brand","embeddable":true,"href":"https:\/\/aral2.cetrexmarketing.com\/ca\/wp-json\/wp\/v2\/product_brand?post=78900"},{"taxonomy":"product_cat","embeddable":true,"href":"https:\/\/aral2.cetrexmarketing.com\/ca\/wp-json\/wp\/v2\/product_cat?post=78900"},{"taxonomy":"product_tag","embeddable":true,"href":"https:\/\/aral2.cetrexmarketing.com\/ca\/wp-json\/wp\/v2\/product_tag?post=78900"}],"curies":[{"name":"wp","href":"https:\/\/api.w.org\/{rel}","templated":true}]}}