{"id":78878,"date":"2025-05-24T07:02:02","date_gmt":"2025-05-24T07:02:02","guid":{"rendered":"https:\/\/aral2.cetrexmarketing.com\/producto\/gramona-iii-lustros-brut-nature-2\/"},"modified":"2025-05-24T07:02:03","modified_gmt":"2025-05-24T07:02:03","slug":"gramona-iii-lustros-brut-nature-2","status":"publish","type":"product","link":"https:\/\/aral2.cetrexmarketing.com\/ca\/producto\/gramona-iii-lustros-brut-nature-2\/","title":{"rendered":"Gramona III Lustros Brut nature"},"content":{"rendered":"<p>El <strong>Gramona III Lustros Brut Nature<\/strong> \u00e9s un cava emblem\u00e0tic del celler <strong>Gramona<\/strong>, situat a la regi\u00f3 del <strong>Pened\u00e8s<\/strong>. Aquest cava s&#8217;elabora amb un 70% de ra\u00efm <strong>Xarel\u00b7lo<\/strong> i un 30% de <strong>Macabeu<\/strong>, dues varietats aut\u00f2ctones que aporten estructura i frescor respectivament.<\/p>\n<p>L&#8217;elaboraci\u00f3 del Gramona III Lustros \u00e9s meticulosa i acurada. Despr\u00e9s d&#8217;una verema manual, els ra\u00efms passen per una selecci\u00f3 exhaustiva. La primera fermentaci\u00f3 es duu a terme en dip\u00f2sits d&#8217;acer inoxidable a temperatura controlada, seguida d&#8217;una segona fermentaci\u00f3 en ampolla segons el m\u00e8tode tradicional. Aquest cava es caracteritza per la seva <strong>llarga crian\u00e7a<\/strong> sobre lies, un m\u00ednim de 70 mesos, que li confereix una complexitat i profunditat excepcionals sense afegir sucres, mantenint-se en la categoria de <strong>Brut Nature<\/strong>.<\/p>\n<p>Pel que fa a les seves caracter\u00edstiques, el Gramona III Lustros presenta un <strong>color daurat<\/strong> amb bombolles fines i persistents. Al nas, desplega <strong>aromes complexos<\/strong> que combinen notes de <strong>fruites madures<\/strong>, fruits secs, i tocs de fleca, degut a la seva prolongada crian\u00e7a. En boca, \u00e9s ampli i estructurat, amb una <strong>acidesa equilibrada<\/strong> i un final llarg i elegant, marcat per matisos de fruites i llevats.<\/p>\n<p>Pel que fa al <strong>maridatge<\/strong>, el Gramona III Lustros \u00e9s extremadament vers\u00e0til. Es pot gaudir amb una \u00e0mplia varietat de plats, des d&#8217;<strong>aperitius<\/strong> com pernil ib\u00e8ric i formatges curats, fins a <strong>mariscs<\/strong> i peixos fumats. Tamb\u00e9 \u00e9s ideal per acompanyar <strong>carns blanques<\/strong>, aus i plats m\u00e9s elaborats, com risottos i pastes amb salses cremoses. La seva estructura i complexitat permeten fins i tot maridar-lo amb plats de <strong>ca\u00e7a menor<\/strong> i certs <strong>guisats<\/strong>.<\/p>\n<p>El Gramona III Lustros Brut Nature \u00e9s un cava de refer\u00e8ncia que reflecteix la tradici\u00f3 i l&#8217;excel\u00b7l\u00e8ncia del celler Gramona, destacant per la seva eleg\u00e0ncia, complexitat i capacitat de crian\u00e7a.<\/p>\n","protected":false},"excerpt":{"rendered":"<p dir=\"ltr\"><strong>Corpinnat del celler Gramona<\/strong>\u00a0elaborat a partir d&#8217;<strong>un 65% de xarel\u00b7lo i un 35% de Macabeu<\/strong>.<\/p>\n<p>Fermenta en dip\u00f2sits d&#8217;acero inoxidable i en ampolla.<\/p>\n<p>Realitza la crian\u00e7a en ampolla durant\u00a0<strong>81 mesos<\/strong>.<\/p>\n<p>Els llevats\u00a0de la fermentaci\u00f3 s\u00f3n seleccionats i propis.<\/p>\n<p>\u00c9s elegant, sec, fresc i amb records a fruita seca.<\/p>\n<p><strong>Extraordinari!!!<\/strong><\/p>\n","protected":false},"featured_media":78212,"comment_status":"closed","ping_status":"closed","template":"","meta":{"_acf_changed":false},"pwb-brand":[32985],"product_brand":[],"product_cat":[51698,51699,51700,51701,51694],"product_tag":[15124,15148,15042,50112],"class_list":{"0":"post-78878","1":"product","2":"type-product","3":"status-publish","4":"has-post-thumbnail","6":"pwb-brand-corpinnat","7":"product_cat-corpinnat-vi-escumos","8":"product_cat-corpinnat-blanc","9":"product_cat-estoigs-i-lots","10":"product_cat-lots-nadal","11":"product_cat-vi-escumos","12":"product_tag-brut-nature-ca","13":"product_tag-corpinnat-ca","14":"product_tag-gramona-ca","15":"product_tag-gramona-iii-lustros-brut-nature-ca","16":"pa_anada-36204","17":"pa_bodega-gramona","18":"pa_cantidaddeazucar-brutnature","19":"pa_do-corpinnat-ca","20":"pa_envejecimiento-granreserva-ca","21":"pa_formatoenml-38306","22":"pa_graduacion-12_5","23":"pa_pais-espanya-ca","24":"pa_pueblociudad-sant-sadurni-danoia-barcelona","25":"pa_region-cataluna","26":"pa_tipodevino-vinoespumoso","27":"entry","28":"has-media","30":"first","31":"instock","32":"taxable","33":"shipping-taxable","34":"purchasable","35":"product-type-simple"},"acf":[],"yoast_head":"<!-- This site is optimized with the Yoast SEO Premium plugin v23.1 (Yoast SEO v23.5) - https:\/\/yoast.com\/wordpress\/plugins\/seo\/ -->\n<title>Gramona III Lustros Brut Nature<\/title>\n<meta name=\"description\" content=\"Comprar online a bon preu el corpinnat Gramona III Lustros Brut Nature provinent de la Finca Font de Jui a Sant Sadurn\u00ed d&#039;Anoia. Oferim un enviament r\u00e0pid.\" \/>\n<meta name=\"robots\" content=\"noindex, follow, max-snippet:-1, max-image-preview:large, max-video-preview:-1\" \/>\n<meta property=\"og:locale\" content=\"ca_ES\" \/>\n<meta property=\"og:type\" content=\"article\" \/>\n<meta property=\"og:title\" content=\"Gramona III Lustros Brut nature\" \/>\n<meta property=\"og:description\" content=\"Comprar online a bon preu el corpinnat Gramona III Lustros Brut Nature provinent de la Finca Font de Jui a Sant Sadurn\u00ed d&#039;Anoia. Oferim un enviament r\u00e0pid.\" \/>\n<meta property=\"og:url\" content=\"https:\/\/aral2.cetrexmarketing.com\/ca\/producto\/gramona-iii-lustros-brut-nature-2\/\" \/>\n<meta property=\"og:site_name\" content=\"M\u00f3n La Cata\" \/>\n<meta property=\"article:modified_time\" content=\"2025-05-24T07:02:03+00:00\" \/>\n<meta property=\"og:image\" content=\"https:\/\/aral2.cetrexmarketing.com\/wp-content\/uploads\/2025\/01\/GRAMONA-III-LUSTROS.jpg.png\" \/>\n\t<meta property=\"og:image:width\" content=\"765\" \/>\n\t<meta property=\"og:image:height\" content=\"1024\" \/>\n\t<meta property=\"og:image:type\" content=\"image\/png\" \/>\n<meta name=\"twitter:card\" content=\"summary_large_image\" \/>\n<meta name=\"twitter:label1\" content=\"Temps estimat de lectura\" \/>\n\t<meta name=\"twitter:data1\" content=\"2 minuts\" \/>\n<script type=\"application\/ld+json\" class=\"yoast-schema-graph\">{\"@context\":\"https:\/\/schema.org\",\"@graph\":[{\"@type\":\"WebPage\",\"@id\":\"https:\/\/aral2.cetrexmarketing.com\/ca\/producto\/gramona-iii-lustros-brut-nature-2\/\",\"url\":\"https:\/\/aral2.cetrexmarketing.com\/ca\/producto\/gramona-iii-lustros-brut-nature-2\/\",\"name\":\"Gramona III Lustros Brut Nature\",\"isPartOf\":{\"@id\":\"https:\/\/aral2.cetrexmarketing.com\/#website\"},\"primaryImageOfPage\":{\"@id\":\"https:\/\/aral2.cetrexmarketing.com\/ca\/producto\/gramona-iii-lustros-brut-nature-2\/#primaryimage\"},\"image\":{\"@id\":\"https:\/\/aral2.cetrexmarketing.com\/ca\/producto\/gramona-iii-lustros-brut-nature-2\/#primaryimage\"},\"thumbnailUrl\":\"https:\/\/aral2.cetrexmarketing.com\/wp-content\/uploads\/2025\/01\/GRAMONA-III-LUSTROS.jpg.png\",\"datePublished\":\"2025-05-24T07:02:02+00:00\",\"dateModified\":\"2025-05-24T07:02:03+00:00\",\"description\":\"Comprar online a bon preu el corpinnat Gramona III Lustros Brut Nature provinent de la Finca Font de Jui a Sant Sadurn\u00ed d'Anoia. Oferim un enviament r\u00e0pid.\",\"breadcrumb\":{\"@id\":\"https:\/\/aral2.cetrexmarketing.com\/ca\/producto\/gramona-iii-lustros-brut-nature-2\/#breadcrumb\"},\"inLanguage\":\"ca\",\"potentialAction\":[{\"@type\":\"ReadAction\",\"target\":[\"https:\/\/aral2.cetrexmarketing.com\/ca\/producto\/gramona-iii-lustros-brut-nature-2\/\"]}]},{\"@type\":\"ImageObject\",\"inLanguage\":\"ca\",\"@id\":\"https:\/\/aral2.cetrexmarketing.com\/ca\/producto\/gramona-iii-lustros-brut-nature-2\/#primaryimage\",\"url\":\"https:\/\/aral2.cetrexmarketing.com\/wp-content\/uploads\/2025\/01\/GRAMONA-III-LUSTROS.jpg.png\",\"contentUrl\":\"https:\/\/aral2.cetrexmarketing.com\/wp-content\/uploads\/2025\/01\/GRAMONA-III-LUSTROS.jpg.png\",\"width\":765,\"height\":1024},{\"@type\":\"BreadcrumbList\",\"@id\":\"https:\/\/aral2.cetrexmarketing.com\/ca\/producto\/gramona-iii-lustros-brut-nature-2\/#breadcrumb\",\"itemListElement\":[{\"@type\":\"ListItem\",\"position\":1,\"name\":\"Home\",\"item\":\"https:\/\/aral2.cetrexmarketing.com\/ca\/\"},{\"@type\":\"ListItem\",\"position\":2,\"name\":\"Tienda\",\"item\":\"https:\/\/aral2.cetrexmarketing.com\/ca\/tienda-2\/\"},{\"@type\":\"ListItem\",\"position\":3,\"name\":\"Vi Escum\u00f3s\",\"item\":\"https:\/\/aral2.cetrexmarketing.com\/categoria-producto\/home-ca\/vi-escumos-ca\/\"},{\"@type\":\"ListItem\",\"position\":4,\"name\":\"Corpinnat\",\"item\":\"https:\/\/aral2.cetrexmarketing.com\/ca\/categoria-producto\/vi-escumos-ca\/corpinnat-ca\/\"},{\"@type\":\"ListItem\",\"position\":5,\"name\":\"Corpinnat blanco\",\"item\":\"https:\/\/aral2.cetrexmarketing.com\/categoria-producto\/inicio\/vino-espumoso\/corpinnat\/corpinnat-blanco\/\"},{\"@type\":\"ListItem\",\"position\":6,\"name\":\"Gramona III Lustros Brut nature\"}]},{\"@type\":\"WebSite\",\"@id\":\"https:\/\/aral2.cetrexmarketing.com\/#website\",\"url\":\"https:\/\/aral2.cetrexmarketing.com\/\",\"name\":\"M\u00f3n La Cata\",\"description\":\"Tienda de vinos, licores, cervezas y gourmet\",\"publisher\":{\"@id\":\"https:\/\/aral2.cetrexmarketing.com\/#organization\"},\"potentialAction\":[{\"@type\":\"SearchAction\",\"target\":{\"@type\":\"EntryPoint\",\"urlTemplate\":\"https:\/\/aral2.cetrexmarketing.com\/?s={search_term_string}\"},\"query-input\":{\"@type\":\"PropertyValueSpecification\",\"valueRequired\":true,\"valueName\":\"search_term_string\"}}],\"inLanguage\":\"ca\"},{\"@type\":\"Organization\",\"@id\":\"https:\/\/aral2.cetrexmarketing.com\/#organization\",\"name\":\"M\u00f3n La Cata\",\"url\":\"https:\/\/aral2.cetrexmarketing.com\/\",\"logo\":{\"@type\":\"ImageObject\",\"inLanguage\":\"ca\",\"@id\":\"https:\/\/aral2.cetrexmarketing.com\/#\/schema\/logo\/image\/\",\"url\":\"https:\/\/aral2.cetrexmarketing.com\/wp-content\/uploads\/2024\/10\/aral-logo-neg-1024x409-1.png\",\"contentUrl\":\"https:\/\/aral2.cetrexmarketing.com\/wp-content\/uploads\/2024\/10\/aral-logo-neg-1024x409-1.png\",\"width\":1024,\"height\":409,\"caption\":\"M\u00f3n La Cata\"},\"image\":{\"@id\":\"https:\/\/aral2.cetrexmarketing.com\/#\/schema\/logo\/image\/\"}}]}<\/script>\n<!-- \/ Yoast SEO Premium plugin. -->","yoast_head_json":{"title":"Gramona III Lustros Brut Nature","description":"Comprar online a bon preu el corpinnat Gramona III Lustros Brut Nature provinent de la Finca Font de Jui a Sant Sadurn\u00ed d'Anoia. Oferim un enviament r\u00e0pid.","robots":{"index":"noindex","follow":"follow","max-snippet":"max-snippet:-1","max-image-preview":"max-image-preview:large","max-video-preview":"max-video-preview:-1"},"og_locale":"ca_ES","og_type":"article","og_title":"Gramona III Lustros Brut nature","og_description":"Comprar online a bon preu el corpinnat Gramona III Lustros Brut Nature provinent de la Finca Font de Jui a Sant Sadurn\u00ed d'Anoia. Oferim un enviament r\u00e0pid.","og_url":"https:\/\/aral2.cetrexmarketing.com\/ca\/producto\/gramona-iii-lustros-brut-nature-2\/","og_site_name":"M\u00f3n La Cata","article_modified_time":"2025-05-24T07:02:03+00:00","og_image":[{"width":765,"height":1024,"url":"https:\/\/aral2.cetrexmarketing.com\/wp-content\/uploads\/2025\/01\/GRAMONA-III-LUSTROS.jpg.png","type":"image\/png"}],"twitter_card":"summary_large_image","twitter_misc":{"Temps estimat de lectura":"2 minuts"},"schema":{"@context":"https:\/\/schema.org","@graph":[{"@type":"WebPage","@id":"https:\/\/aral2.cetrexmarketing.com\/ca\/producto\/gramona-iii-lustros-brut-nature-2\/","url":"https:\/\/aral2.cetrexmarketing.com\/ca\/producto\/gramona-iii-lustros-brut-nature-2\/","name":"Gramona III Lustros Brut Nature","isPartOf":{"@id":"https:\/\/aral2.cetrexmarketing.com\/#website"},"primaryImageOfPage":{"@id":"https:\/\/aral2.cetrexmarketing.com\/ca\/producto\/gramona-iii-lustros-brut-nature-2\/#primaryimage"},"image":{"@id":"https:\/\/aral2.cetrexmarketing.com\/ca\/producto\/gramona-iii-lustros-brut-nature-2\/#primaryimage"},"thumbnailUrl":"https:\/\/aral2.cetrexmarketing.com\/wp-content\/uploads\/2025\/01\/GRAMONA-III-LUSTROS.jpg.png","datePublished":"2025-05-24T07:02:02+00:00","dateModified":"2025-05-24T07:02:03+00:00","description":"Comprar online a bon preu el corpinnat Gramona III Lustros Brut Nature provinent de la Finca Font de Jui a Sant Sadurn\u00ed d'Anoia. Oferim un enviament r\u00e0pid.","breadcrumb":{"@id":"https:\/\/aral2.cetrexmarketing.com\/ca\/producto\/gramona-iii-lustros-brut-nature-2\/#breadcrumb"},"inLanguage":"ca","potentialAction":[{"@type":"ReadAction","target":["https:\/\/aral2.cetrexmarketing.com\/ca\/producto\/gramona-iii-lustros-brut-nature-2\/"]}]},{"@type":"ImageObject","inLanguage":"ca","@id":"https:\/\/aral2.cetrexmarketing.com\/ca\/producto\/gramona-iii-lustros-brut-nature-2\/#primaryimage","url":"https:\/\/aral2.cetrexmarketing.com\/wp-content\/uploads\/2025\/01\/GRAMONA-III-LUSTROS.jpg.png","contentUrl":"https:\/\/aral2.cetrexmarketing.com\/wp-content\/uploads\/2025\/01\/GRAMONA-III-LUSTROS.jpg.png","width":765,"height":1024},{"@type":"BreadcrumbList","@id":"https:\/\/aral2.cetrexmarketing.com\/ca\/producto\/gramona-iii-lustros-brut-nature-2\/#breadcrumb","itemListElement":[{"@type":"ListItem","position":1,"name":"Home","item":"https:\/\/aral2.cetrexmarketing.com\/ca\/"},{"@type":"ListItem","position":2,"name":"Tienda","item":"https:\/\/aral2.cetrexmarketing.com\/ca\/tienda-2\/"},{"@type":"ListItem","position":3,"name":"Vi Escum\u00f3s","item":"https:\/\/aral2.cetrexmarketing.com\/categoria-producto\/home-ca\/vi-escumos-ca\/"},{"@type":"ListItem","position":4,"name":"Corpinnat","item":"https:\/\/aral2.cetrexmarketing.com\/ca\/categoria-producto\/vi-escumos-ca\/corpinnat-ca\/"},{"@type":"ListItem","position":5,"name":"Corpinnat blanco","item":"https:\/\/aral2.cetrexmarketing.com\/categoria-producto\/inicio\/vino-espumoso\/corpinnat\/corpinnat-blanco\/"},{"@type":"ListItem","position":6,"name":"Gramona III Lustros Brut nature"}]},{"@type":"WebSite","@id":"https:\/\/aral2.cetrexmarketing.com\/#website","url":"https:\/\/aral2.cetrexmarketing.com\/","name":"M\u00f3n La Cata","description":"Tienda de vinos, licores, cervezas y gourmet","publisher":{"@id":"https:\/\/aral2.cetrexmarketing.com\/#organization"},"potentialAction":[{"@type":"SearchAction","target":{"@type":"EntryPoint","urlTemplate":"https:\/\/aral2.cetrexmarketing.com\/?s={search_term_string}"},"query-input":{"@type":"PropertyValueSpecification","valueRequired":true,"valueName":"search_term_string"}}],"inLanguage":"ca"},{"@type":"Organization","@id":"https:\/\/aral2.cetrexmarketing.com\/#organization","name":"M\u00f3n La Cata","url":"https:\/\/aral2.cetrexmarketing.com\/","logo":{"@type":"ImageObject","inLanguage":"ca","@id":"https:\/\/aral2.cetrexmarketing.com\/#\/schema\/logo\/image\/","url":"https:\/\/aral2.cetrexmarketing.com\/wp-content\/uploads\/2024\/10\/aral-logo-neg-1024x409-1.png","contentUrl":"https:\/\/aral2.cetrexmarketing.com\/wp-content\/uploads\/2024\/10\/aral-logo-neg-1024x409-1.png","width":1024,"height":409,"caption":"M\u00f3n La Cata"},"image":{"@id":"https:\/\/aral2.cetrexmarketing.com\/#\/schema\/logo\/image\/"}}]}},"brands":[{"id":32985,"name":"Corpinnat","slug":"corpinnat"}],"_links":{"self":[{"href":"https:\/\/aral2.cetrexmarketing.com\/ca\/wp-json\/wp\/v2\/product\/78878","targetHints":{"allow":["GET"]}}],"collection":[{"href":"https:\/\/aral2.cetrexmarketing.com\/ca\/wp-json\/wp\/v2\/product"}],"about":[{"href":"https:\/\/aral2.cetrexmarketing.com\/ca\/wp-json\/wp\/v2\/types\/product"}],"replies":[{"embeddable":true,"href":"https:\/\/aral2.cetrexmarketing.com\/ca\/wp-json\/wp\/v2\/comments?post=78878"}],"wp:featuredmedia":[{"embeddable":true,"href":"https:\/\/aral2.cetrexmarketing.com\/ca\/wp-json\/wp\/v2\/media\/78212"}],"wp:attachment":[{"href":"https:\/\/aral2.cetrexmarketing.com\/ca\/wp-json\/wp\/v2\/media?parent=78878"}],"wp:term":[{"taxonomy":"pwb-brand","embeddable":true,"href":"https:\/\/aral2.cetrexmarketing.com\/ca\/wp-json\/wp\/v2\/pwb-brand?post=78878"},{"taxonomy":"product_brand","embeddable":true,"href":"https:\/\/aral2.cetrexmarketing.com\/ca\/wp-json\/wp\/v2\/product_brand?post=78878"},{"taxonomy":"product_cat","embeddable":true,"href":"https:\/\/aral2.cetrexmarketing.com\/ca\/wp-json\/wp\/v2\/product_cat?post=78878"},{"taxonomy":"product_tag","embeddable":true,"href":"https:\/\/aral2.cetrexmarketing.com\/ca\/wp-json\/wp\/v2\/product_tag?post=78878"}],"curies":[{"name":"wp","href":"https:\/\/api.w.org\/{rel}","templated":true}]}}