{"id":78876,"date":"2025-05-24T07:01:59","date_gmt":"2025-05-24T07:01:59","guid":{"rendered":"https:\/\/aral2.cetrexmarketing.com\/producto\/gramona-celler-batlle-gran-reserva-brut-2\/"},"modified":"2025-05-24T07:02:00","modified_gmt":"2025-05-24T07:02:00","slug":"gramona-celler-batlle-gran-reserva-brut-2","status":"publish","type":"product","link":"https:\/\/aral2.cetrexmarketing.com\/ca\/producto\/gramona-celler-batlle-gran-reserva-brut-2\/","title":{"rendered":"Gramona Celler Batlle Gran Reserva Brut"},"content":{"rendered":"<p>Collim el ra\u00efm manualment, utilitzem taula de selecci\u00f3, entrem el ra\u00efm per gravetat i el premsem sencer. Crian\u00e7a en rima de m\u00e9s de 120 mesos. El licor d\u2019expedici\u00f3 prov\u00e9 de la solera familiar amb m\u00e9s de 100 anys d\u2019edat. Ideal per acompanyar tot un men\u00fa degustaci\u00f3.<\/p>\n","protected":false},"excerpt":{"rendered":"<p>Collim el ra\u00efm manualment, utilitzem taula de selecci\u00f3, entrem el ra\u00efm per gravetat i el premsem sencer. Crian\u00e7a en rima de m\u00e9s de 120 mesos. El licor d\u2019expedici\u00f3 prov\u00e9 de la solera familiar amb m\u00e9s de 100 anys d\u2019edat. Ideal per acompanyar tot un men\u00fa degustaci\u00f3.<\/p>\n","protected":false},"featured_media":78210,"comment_status":"closed","ping_status":"closed","template":"","meta":{"_acf_changed":false},"pwb-brand":[32985,32866],"product_brand":[],"product_cat":[51698,51699,51700,51701,51694],"product_tag":[15119,15148,15042,15147,14982,50377],"class_list":{"0":"post-78876","1":"product","2":"type-product","3":"status-publish","4":"has-post-thumbnail","6":"pwb-brand-corpinnat","7":"pwb-brand-ca-gramona-ca","8":"product_cat-corpinnat-vi-escumos","9":"product_cat-corpinnat-blanc","10":"product_cat-estoigs-i-lots","11":"product_cat-lots-nadal","12":"product_cat-vi-escumos","13":"product_tag-cava-ca","14":"product_tag-corpinnat-ca","15":"product_tag-gramona-ca","16":"product_tag-gran-reserva-ca","17":"product_tag-penedes-ca","18":"product_tag-sant-sadurni-danoia-ca","19":"pa_anada-36190","20":"pa_bodega-gramona","21":"pa_cantidaddeazucar-brut","22":"pa_do-corpinnat-ca","23":"pa_formatoenml-38306","24":"pa_graduacion-12_0","25":"pa_pais-espanya-ca","26":"pa_pueblociudad-sant-sadurni-danoia-barcelona","27":"pa_region-cataluna","28":"pa_tipodevino-vinoespumoso","29":"pa_variedad-principal-macabeu","30":"pa_variedad-principal-xarello","31":"entry","32":"has-media","34":"first","35":"instock","36":"taxable","37":"shipping-taxable","38":"purchasable","39":"product-type-simple"},"acf":[],"yoast_head":"<!-- This site is optimized with the Yoast SEO Premium plugin v23.1 (Yoast SEO v23.5) - https:\/\/yoast.com\/wordpress\/plugins\/seo\/ -->\n<title>Gramona Celler Batlle Gran Reserva Corpinnat vi escum\u00f3s de qualitat<\/title>\n<meta name=\"description\" content=\"Comprar el corpinnat Celler Batlle Gran Reserva Brut de Gramona al millor preu. Botiga online especialitzada en vins, licors i productes gourmet. . Viniteca.\" \/>\n<meta name=\"robots\" content=\"noindex, follow, max-snippet:-1, max-image-preview:large, max-video-preview:-1\" \/>\n<meta property=\"og:locale\" content=\"ca_ES\" \/>\n<meta property=\"og:type\" content=\"article\" \/>\n<meta property=\"og:title\" content=\"Gramona Celler Batlle Gran Reserva Brut\" \/>\n<meta property=\"og:description\" content=\"Comprar el corpinnat Celler Batlle Gran Reserva Brut de Gramona al millor preu. Botiga online especialitzada en vins, licors i productes gourmet. . Viniteca.\" \/>\n<meta property=\"og:url\" content=\"https:\/\/aral2.cetrexmarketing.com\/ca\/producto\/gramona-celler-batlle-gran-reserva-brut-2\/\" \/>\n<meta property=\"og:site_name\" content=\"M\u00f3n La Cata\" \/>\n<meta property=\"article:modified_time\" content=\"2025-05-24T07:02:00+00:00\" \/>\n<meta property=\"og:image\" content=\"https:\/\/aral2.cetrexmarketing.com\/wp-content\/uploads\/2025\/01\/gramona-celler-batlle-estuche.jpg.png\" \/>\n\t<meta property=\"og:image:width\" content=\"765\" \/>\n\t<meta property=\"og:image:height\" content=\"1024\" \/>\n\t<meta property=\"og:image:type\" content=\"image\/png\" \/>\n<meta name=\"twitter:card\" content=\"summary_large_image\" \/>\n<meta name=\"twitter:label1\" content=\"Temps estimat de lectura\" \/>\n\t<meta name=\"twitter:data1\" content=\"1 minut\" \/>\n<script type=\"application\/ld+json\" class=\"yoast-schema-graph\">{\"@context\":\"https:\/\/schema.org\",\"@graph\":[{\"@type\":\"WebPage\",\"@id\":\"https:\/\/aral2.cetrexmarketing.com\/ca\/producto\/gramona-celler-batlle-gran-reserva-brut-2\/\",\"url\":\"https:\/\/aral2.cetrexmarketing.com\/ca\/producto\/gramona-celler-batlle-gran-reserva-brut-2\/\",\"name\":\"Gramona Celler Batlle Gran Reserva Corpinnat vi escum\u00f3s de qualitat\",\"isPartOf\":{\"@id\":\"https:\/\/aral2.cetrexmarketing.com\/#website\"},\"primaryImageOfPage\":{\"@id\":\"https:\/\/aral2.cetrexmarketing.com\/ca\/producto\/gramona-celler-batlle-gran-reserva-brut-2\/#primaryimage\"},\"image\":{\"@id\":\"https:\/\/aral2.cetrexmarketing.com\/ca\/producto\/gramona-celler-batlle-gran-reserva-brut-2\/#primaryimage\"},\"thumbnailUrl\":\"https:\/\/aral2.cetrexmarketing.com\/wp-content\/uploads\/2025\/01\/gramona-celler-batlle-estuche.jpg.png\",\"datePublished\":\"2025-05-24T07:01:59+00:00\",\"dateModified\":\"2025-05-24T07:02:00+00:00\",\"description\":\"Comprar el corpinnat Celler Batlle Gran Reserva Brut de Gramona al millor preu. Botiga online especialitzada en vins, licors i productes gourmet. . Viniteca.\",\"breadcrumb\":{\"@id\":\"https:\/\/aral2.cetrexmarketing.com\/ca\/producto\/gramona-celler-batlle-gran-reserva-brut-2\/#breadcrumb\"},\"inLanguage\":\"ca\",\"potentialAction\":[{\"@type\":\"ReadAction\",\"target\":[\"https:\/\/aral2.cetrexmarketing.com\/ca\/producto\/gramona-celler-batlle-gran-reserva-brut-2\/\"]}]},{\"@type\":\"ImageObject\",\"inLanguage\":\"ca\",\"@id\":\"https:\/\/aral2.cetrexmarketing.com\/ca\/producto\/gramona-celler-batlle-gran-reserva-brut-2\/#primaryimage\",\"url\":\"https:\/\/aral2.cetrexmarketing.com\/wp-content\/uploads\/2025\/01\/gramona-celler-batlle-estuche.jpg.png\",\"contentUrl\":\"https:\/\/aral2.cetrexmarketing.com\/wp-content\/uploads\/2025\/01\/gramona-celler-batlle-estuche.jpg.png\",\"width\":765,\"height\":1024},{\"@type\":\"BreadcrumbList\",\"@id\":\"https:\/\/aral2.cetrexmarketing.com\/ca\/producto\/gramona-celler-batlle-gran-reserva-brut-2\/#breadcrumb\",\"itemListElement\":[{\"@type\":\"ListItem\",\"position\":1,\"name\":\"Home\",\"item\":\"https:\/\/aral2.cetrexmarketing.com\/ca\/\"},{\"@type\":\"ListItem\",\"position\":2,\"name\":\"Tienda\",\"item\":\"https:\/\/aral2.cetrexmarketing.com\/ca\/tienda-2\/\"},{\"@type\":\"ListItem\",\"position\":3,\"name\":\"Vi Escum\u00f3s\",\"item\":\"https:\/\/aral2.cetrexmarketing.com\/categoria-producto\/home-ca\/vi-escumos-ca\/\"},{\"@type\":\"ListItem\",\"position\":4,\"name\":\"Corpinnat\",\"item\":\"https:\/\/aral2.cetrexmarketing.com\/ca\/categoria-producto\/vi-escumos-ca\/corpinnat-ca\/\"},{\"@type\":\"ListItem\",\"position\":5,\"name\":\"Corpinnat blanco\",\"item\":\"https:\/\/aral2.cetrexmarketing.com\/categoria-producto\/inicio\/vino-espumoso\/corpinnat\/corpinnat-blanco\/\"},{\"@type\":\"ListItem\",\"position\":6,\"name\":\"Gramona Celler Batlle Gran Reserva Brut\"}]},{\"@type\":\"WebSite\",\"@id\":\"https:\/\/aral2.cetrexmarketing.com\/#website\",\"url\":\"https:\/\/aral2.cetrexmarketing.com\/\",\"name\":\"M\u00f3n La Cata\",\"description\":\"Tienda de vinos, licores, cervezas y gourmet\",\"publisher\":{\"@id\":\"https:\/\/aral2.cetrexmarketing.com\/#organization\"},\"potentialAction\":[{\"@type\":\"SearchAction\",\"target\":{\"@type\":\"EntryPoint\",\"urlTemplate\":\"https:\/\/aral2.cetrexmarketing.com\/?s={search_term_string}\"},\"query-input\":{\"@type\":\"PropertyValueSpecification\",\"valueRequired\":true,\"valueName\":\"search_term_string\"}}],\"inLanguage\":\"ca\"},{\"@type\":\"Organization\",\"@id\":\"https:\/\/aral2.cetrexmarketing.com\/#organization\",\"name\":\"M\u00f3n La Cata\",\"url\":\"https:\/\/aral2.cetrexmarketing.com\/\",\"logo\":{\"@type\":\"ImageObject\",\"inLanguage\":\"ca\",\"@id\":\"https:\/\/aral2.cetrexmarketing.com\/#\/schema\/logo\/image\/\",\"url\":\"https:\/\/aral2.cetrexmarketing.com\/wp-content\/uploads\/2024\/10\/aral-logo-neg-1024x409-1.png\",\"contentUrl\":\"https:\/\/aral2.cetrexmarketing.com\/wp-content\/uploads\/2024\/10\/aral-logo-neg-1024x409-1.png\",\"width\":1024,\"height\":409,\"caption\":\"M\u00f3n La Cata\"},\"image\":{\"@id\":\"https:\/\/aral2.cetrexmarketing.com\/#\/schema\/logo\/image\/\"}}]}<\/script>\n<!-- \/ Yoast SEO Premium plugin. -->","yoast_head_json":{"title":"Gramona Celler Batlle Gran Reserva Corpinnat vi escum\u00f3s de qualitat","description":"Comprar el corpinnat Celler Batlle Gran Reserva Brut de Gramona al millor preu. Botiga online especialitzada en vins, licors i productes gourmet. . Viniteca.","robots":{"index":"noindex","follow":"follow","max-snippet":"max-snippet:-1","max-image-preview":"max-image-preview:large","max-video-preview":"max-video-preview:-1"},"og_locale":"ca_ES","og_type":"article","og_title":"Gramona Celler Batlle Gran Reserva Brut","og_description":"Comprar el corpinnat Celler Batlle Gran Reserva Brut de Gramona al millor preu. Botiga online especialitzada en vins, licors i productes gourmet. . Viniteca.","og_url":"https:\/\/aral2.cetrexmarketing.com\/ca\/producto\/gramona-celler-batlle-gran-reserva-brut-2\/","og_site_name":"M\u00f3n La Cata","article_modified_time":"2025-05-24T07:02:00+00:00","og_image":[{"width":765,"height":1024,"url":"https:\/\/aral2.cetrexmarketing.com\/wp-content\/uploads\/2025\/01\/gramona-celler-batlle-estuche.jpg.png","type":"image\/png"}],"twitter_card":"summary_large_image","twitter_misc":{"Temps estimat de lectura":"1 minut"},"schema":{"@context":"https:\/\/schema.org","@graph":[{"@type":"WebPage","@id":"https:\/\/aral2.cetrexmarketing.com\/ca\/producto\/gramona-celler-batlle-gran-reserva-brut-2\/","url":"https:\/\/aral2.cetrexmarketing.com\/ca\/producto\/gramona-celler-batlle-gran-reserva-brut-2\/","name":"Gramona Celler Batlle Gran Reserva Corpinnat vi escum\u00f3s de qualitat","isPartOf":{"@id":"https:\/\/aral2.cetrexmarketing.com\/#website"},"primaryImageOfPage":{"@id":"https:\/\/aral2.cetrexmarketing.com\/ca\/producto\/gramona-celler-batlle-gran-reserva-brut-2\/#primaryimage"},"image":{"@id":"https:\/\/aral2.cetrexmarketing.com\/ca\/producto\/gramona-celler-batlle-gran-reserva-brut-2\/#primaryimage"},"thumbnailUrl":"https:\/\/aral2.cetrexmarketing.com\/wp-content\/uploads\/2025\/01\/gramona-celler-batlle-estuche.jpg.png","datePublished":"2025-05-24T07:01:59+00:00","dateModified":"2025-05-24T07:02:00+00:00","description":"Comprar el corpinnat Celler Batlle Gran Reserva Brut de Gramona al millor preu. Botiga online especialitzada en vins, licors i productes gourmet. . Viniteca.","breadcrumb":{"@id":"https:\/\/aral2.cetrexmarketing.com\/ca\/producto\/gramona-celler-batlle-gran-reserva-brut-2\/#breadcrumb"},"inLanguage":"ca","potentialAction":[{"@type":"ReadAction","target":["https:\/\/aral2.cetrexmarketing.com\/ca\/producto\/gramona-celler-batlle-gran-reserva-brut-2\/"]}]},{"@type":"ImageObject","inLanguage":"ca","@id":"https:\/\/aral2.cetrexmarketing.com\/ca\/producto\/gramona-celler-batlle-gran-reserva-brut-2\/#primaryimage","url":"https:\/\/aral2.cetrexmarketing.com\/wp-content\/uploads\/2025\/01\/gramona-celler-batlle-estuche.jpg.png","contentUrl":"https:\/\/aral2.cetrexmarketing.com\/wp-content\/uploads\/2025\/01\/gramona-celler-batlle-estuche.jpg.png","width":765,"height":1024},{"@type":"BreadcrumbList","@id":"https:\/\/aral2.cetrexmarketing.com\/ca\/producto\/gramona-celler-batlle-gran-reserva-brut-2\/#breadcrumb","itemListElement":[{"@type":"ListItem","position":1,"name":"Home","item":"https:\/\/aral2.cetrexmarketing.com\/ca\/"},{"@type":"ListItem","position":2,"name":"Tienda","item":"https:\/\/aral2.cetrexmarketing.com\/ca\/tienda-2\/"},{"@type":"ListItem","position":3,"name":"Vi Escum\u00f3s","item":"https:\/\/aral2.cetrexmarketing.com\/categoria-producto\/home-ca\/vi-escumos-ca\/"},{"@type":"ListItem","position":4,"name":"Corpinnat","item":"https:\/\/aral2.cetrexmarketing.com\/ca\/categoria-producto\/vi-escumos-ca\/corpinnat-ca\/"},{"@type":"ListItem","position":5,"name":"Corpinnat blanco","item":"https:\/\/aral2.cetrexmarketing.com\/categoria-producto\/inicio\/vino-espumoso\/corpinnat\/corpinnat-blanco\/"},{"@type":"ListItem","position":6,"name":"Gramona Celler Batlle Gran Reserva Brut"}]},{"@type":"WebSite","@id":"https:\/\/aral2.cetrexmarketing.com\/#website","url":"https:\/\/aral2.cetrexmarketing.com\/","name":"M\u00f3n La Cata","description":"Tienda de vinos, licores, cervezas y gourmet","publisher":{"@id":"https:\/\/aral2.cetrexmarketing.com\/#organization"},"potentialAction":[{"@type":"SearchAction","target":{"@type":"EntryPoint","urlTemplate":"https:\/\/aral2.cetrexmarketing.com\/?s={search_term_string}"},"query-input":{"@type":"PropertyValueSpecification","valueRequired":true,"valueName":"search_term_string"}}],"inLanguage":"ca"},{"@type":"Organization","@id":"https:\/\/aral2.cetrexmarketing.com\/#organization","name":"M\u00f3n La Cata","url":"https:\/\/aral2.cetrexmarketing.com\/","logo":{"@type":"ImageObject","inLanguage":"ca","@id":"https:\/\/aral2.cetrexmarketing.com\/#\/schema\/logo\/image\/","url":"https:\/\/aral2.cetrexmarketing.com\/wp-content\/uploads\/2024\/10\/aral-logo-neg-1024x409-1.png","contentUrl":"https:\/\/aral2.cetrexmarketing.com\/wp-content\/uploads\/2024\/10\/aral-logo-neg-1024x409-1.png","width":1024,"height":409,"caption":"M\u00f3n La Cata"},"image":{"@id":"https:\/\/aral2.cetrexmarketing.com\/#\/schema\/logo\/image\/"}}]}},"brands":[{"id":32985,"name":"Corpinnat","slug":"corpinnat"},{"id":32866,"name":"Gramona","slug":"ca-gramona-ca"}],"_links":{"self":[{"href":"https:\/\/aral2.cetrexmarketing.com\/ca\/wp-json\/wp\/v2\/product\/78876","targetHints":{"allow":["GET"]}}],"collection":[{"href":"https:\/\/aral2.cetrexmarketing.com\/ca\/wp-json\/wp\/v2\/product"}],"about":[{"href":"https:\/\/aral2.cetrexmarketing.com\/ca\/wp-json\/wp\/v2\/types\/product"}],"replies":[{"embeddable":true,"href":"https:\/\/aral2.cetrexmarketing.com\/ca\/wp-json\/wp\/v2\/comments?post=78876"}],"wp:featuredmedia":[{"embeddable":true,"href":"https:\/\/aral2.cetrexmarketing.com\/ca\/wp-json\/wp\/v2\/media\/78210"}],"wp:attachment":[{"href":"https:\/\/aral2.cetrexmarketing.com\/ca\/wp-json\/wp\/v2\/media?parent=78876"}],"wp:term":[{"taxonomy":"pwb-brand","embeddable":true,"href":"https:\/\/aral2.cetrexmarketing.com\/ca\/wp-json\/wp\/v2\/pwb-brand?post=78876"},{"taxonomy":"product_brand","embeddable":true,"href":"https:\/\/aral2.cetrexmarketing.com\/ca\/wp-json\/wp\/v2\/product_brand?post=78876"},{"taxonomy":"product_cat","embeddable":true,"href":"https:\/\/aral2.cetrexmarketing.com\/ca\/wp-json\/wp\/v2\/product_cat?post=78876"},{"taxonomy":"product_tag","embeddable":true,"href":"https:\/\/aral2.cetrexmarketing.com\/ca\/wp-json\/wp\/v2\/product_tag?post=78876"}],"curies":[{"name":"wp","href":"https:\/\/api.w.org\/{rel}","templated":true}]}}