{"id":78802,"date":"2025-05-24T07:00:56","date_gmt":"2025-05-24T07:00:56","guid":{"rendered":"https:\/\/aral2.cetrexmarketing.com\/producto\/clos-del-pinell-blanc\/"},"modified":"2025-05-24T07:00:57","modified_gmt":"2025-05-24T07:00:57","slug":"clos-del-pinell-blanc","status":"publish","type":"product","link":"https:\/\/aral2.cetrexmarketing.com\/ca\/producto\/clos-del-pinell-blanc\/","title":{"rendered":"Clos del Pinell Blanc"},"content":{"rendered":"<div class=\"flex flex-grow flex-col max-w-full\">\n<div class=\"min-h-[20px] text-message flex flex-col items-start whitespace-pre-wrap break-words [.text-message+&amp;]:mt-5 juice:w-full juice:items-end overflow-x-auto gap-2\" dir=\"auto\" data-message-author-role=\"assistant\" data-message-id=\"9aca8ca8-1584-435d-8457-24b22d5d6929\">\n<div class=\"flex w-full flex-col gap-1 juice:empty:hidden juice:first:pt-[3px]\">\n<div class=\"markdown prose w-full break-words dark:prose-invert light\">\n<p><strong>Clos del Pinell Blanc<\/strong> \u00e9s un vi blanc elaborat pel prestigi\u00f3s celler <strong>Cellers Uni\u00f3<\/strong> a l&#8217;anomenada <strong>DO Terra Alta<\/strong> . Aquesta regi\u00f3 vin\u00edcola, situada a la prov\u00edncia de Tarragona, Catalunya, es distingeix pel clima mediterrani i els s\u00f2ls calcaris, condicions perfectes per al cultiu de la vinya.<\/p>\n<p>La base d&#8217;aquest vi \u00e9s la varietat de ra\u00efm <strong>Garnatxa Blanca<\/strong> , una de les m\u00e9s emblem\u00e0tiques de la regi\u00f3. <strong>Cellers Uni\u00f3<\/strong> selecciona acuradament el ra\u00efm al punt \u00f2ptim de maduraci\u00f3 per garantir la qualitat i frescor del vi final. El ra\u00efm \u00e9s premsat suaument i el most resultant es fermenta a baixa temperatura en dip\u00f2sits d&#8217;acer inoxidable, un proc\u00e9s que ressalta les delicades aromes i sabors de la <strong>Garnatxa Blanca<\/strong> .<\/p>\n<p><strong>Clos del Pinell Blanc<\/strong> es presenta amb un color groc p\u00e0l\u00b7lid i centelleigs verdosos a la copa. Al nas, ofereix intenses aromes de fruites blanques com pera i pr\u00e9ssec, amb notes c\u00edtriques i florals que afegeixen complexitat al bouquet. A la boca, \u00e9s fresc i equilibrat, amb una acidesa vibrant que real\u00e7a la seva frescor i un final persistent i afruitat que convida a seguir degustant.<\/p>\n<p>Pel que fa al maridatge, <strong>Clos del Pinell Blanc<\/strong> \u00e9s un vi vers\u00e0til que acompanya una varietat de plats amb gran eleg\u00e0ncia. La seva frescor i acidesa el fan ideal per a marisc, peix, amanides i plats de cuina mediterr\u00e0nia. A m\u00e9s, la seva estructura equilibrada i complexa el converteixen en una elecci\u00f3 excel\u00b7lent per gaudir amb formatges suaus i arrossos de marisc.<\/p>\n<p>En resum, <strong>Clos del Pinell Blanc<\/strong> de <strong>Cellers Uni\u00f3<\/strong> \u00e9s un vi que captura l&#8217;ess\u00e8ncia i la qualitat de la <strong>DO Terra Alta<\/strong> . Elaborat amb el ra\u00efm <strong>Garnatxa Blanca<\/strong> , ofereix una experi\u00e8ncia sensorial \u00fanica i aut\u00e8ntica, perfecta per gaudir en qualsevol ocasi\u00f3 i amb una varietat de plats que realcen les seves qualitats fresques i afruitades.<\/p>\n<\/div>\n<\/div>\n<\/div>\n<\/div>\n","protected":false},"excerpt":{"rendered":"<p><strong>Clos del Pinell Blanc<\/strong> de <strong>Cellers Uni\u00f3<\/strong> \u00e9s un vi que captura l&#8217;ess\u00e8ncia i la qualitat de la <strong>DO Terra Alta<\/strong> . Elaborat amb el ra\u00efm <strong>Garnatxa Blanca<\/strong> , ofereix una experi\u00e8ncia sensorial \u00fanica i aut\u00e8ntica, perfecta per gaudir en qualsevol ocasi\u00f3 i amb una varietat de plats que realcen les seves qualitats fresques i afruitades.<\/p>\n","protected":false},"featured_media":78799,"comment_status":"closed","ping_status":"closed","template":"","meta":{"_acf_changed":false},"pwb-brand":[32913],"product_brand":[],"product_cat":[51670,51672],"product_tag":[38816,15013,50551,15015,50549,15014],"class_list":{"0":"post-78802","1":"product","2":"type-product","3":"status-publish","4":"has-post-thumbnail","6":"pwb-brand-terra-alta-d-o","7":"product_cat-vi","8":"product_cat-vi-blanc","9":"product_tag-blanc-terra-alta","10":"product_tag-clos-del-pinell-ca","11":"product_tag-clos-del-pinell-blanc","12":"product_tag-do-terra-alta-ca","13":"product_tag-garnatxa-blanca-terra-alta","14":"product_tag-terra-alta-ca","15":"pa_anada-45483","16":"pa_bodega-cellers-unio","17":"pa_do-terra-alta-d-o-ca","18":"pa_formatoenml-38306","19":"pa_fresco-blanc-fresc","20":"pa_graduacion-13_0","21":"pa_maridaje-marisc","22":"pa_maridaje-midons","23":"pa_pais-espanya-ca","24":"pa_region-cataluna","25":"pa_variedad-principal-garnatxa-blanca","26":"entry","27":"has-media","29":"first","30":"onbackorder","31":"taxable","32":"shipping-taxable","33":"purchasable","34":"product-type-simple"},"acf":[],"yoast_head":"<!-- This site is optimized with the Yoast SEO Premium plugin v23.1 (Yoast SEO v23.5) - https:\/\/yoast.com\/wordpress\/plugins\/seo\/ -->\n<title>Clos del Pinell Blanc<\/title>\n<meta name=\"description\" content=\"Comprar en l\u00ednia al millor preu el vi Clos del Pinell Blanc de la DO Terra Alta. Web especialitzada en vins, destil\u00b7lats i alimentaci\u00f3 gourmet.\" \/>\n<meta name=\"robots\" content=\"noindex, follow, max-snippet:-1, max-image-preview:large, max-video-preview:-1\" \/>\n<meta property=\"og:locale\" content=\"ca_ES\" \/>\n<meta property=\"og:type\" content=\"article\" \/>\n<meta property=\"og:title\" content=\"Clos del Pinell Blanc\" \/>\n<meta property=\"og:description\" content=\"Comprar en l\u00ednia al millor preu el vi Clos del Pinell Blanc de la DO Terra Alta. Web especialitzada en vins, destil\u00b7lats i alimentaci\u00f3 gourmet.\" \/>\n<meta property=\"og:url\" content=\"https:\/\/aral2.cetrexmarketing.com\/ca\/producto\/clos-del-pinell-blanc\/\" \/>\n<meta property=\"og:site_name\" content=\"M\u00f3n La Cata\" \/>\n<meta property=\"article:modified_time\" content=\"2025-05-24T07:00:57+00:00\" \/>\n<meta property=\"og:image\" content=\"https:\/\/aral2.cetrexmarketing.com\/wp-content\/uploads\/2025\/05\/CLOS-DEL-PINELL-BLANC.jpg.png\" \/>\n\t<meta property=\"og:image:width\" content=\"765\" \/>\n\t<meta property=\"og:image:height\" content=\"1024\" \/>\n\t<meta property=\"og:image:type\" content=\"image\/png\" \/>\n<meta name=\"twitter:card\" content=\"summary_large_image\" \/>\n<meta name=\"twitter:label1\" content=\"Temps estimat de lectura\" \/>\n\t<meta name=\"twitter:data1\" content=\"2 minuts\" \/>\n<script type=\"application\/ld+json\" class=\"yoast-schema-graph\">{\"@context\":\"https:\/\/schema.org\",\"@graph\":[{\"@type\":\"WebPage\",\"@id\":\"https:\/\/aral2.cetrexmarketing.com\/ca\/producto\/clos-del-pinell-blanc\/\",\"url\":\"https:\/\/aral2.cetrexmarketing.com\/ca\/producto\/clos-del-pinell-blanc\/\",\"name\":\"Clos del Pinell Blanc\",\"isPartOf\":{\"@id\":\"https:\/\/aral2.cetrexmarketing.com\/#website\"},\"primaryImageOfPage\":{\"@id\":\"https:\/\/aral2.cetrexmarketing.com\/ca\/producto\/clos-del-pinell-blanc\/#primaryimage\"},\"image\":{\"@id\":\"https:\/\/aral2.cetrexmarketing.com\/ca\/producto\/clos-del-pinell-blanc\/#primaryimage\"},\"thumbnailUrl\":\"https:\/\/aral2.cetrexmarketing.com\/wp-content\/uploads\/2025\/05\/CLOS-DEL-PINELL-BLANC.jpg.png\",\"datePublished\":\"2025-05-24T07:00:56+00:00\",\"dateModified\":\"2025-05-24T07:00:57+00:00\",\"description\":\"Comprar en l\u00ednia al millor preu el vi Clos del Pinell Blanc de la DO Terra Alta. Web especialitzada en vins, destil\u00b7lats i alimentaci\u00f3 gourmet.\",\"breadcrumb\":{\"@id\":\"https:\/\/aral2.cetrexmarketing.com\/ca\/producto\/clos-del-pinell-blanc\/#breadcrumb\"},\"inLanguage\":\"ca\",\"potentialAction\":[{\"@type\":\"ReadAction\",\"target\":[\"https:\/\/aral2.cetrexmarketing.com\/ca\/producto\/clos-del-pinell-blanc\/\"]}]},{\"@type\":\"ImageObject\",\"inLanguage\":\"ca\",\"@id\":\"https:\/\/aral2.cetrexmarketing.com\/ca\/producto\/clos-del-pinell-blanc\/#primaryimage\",\"url\":\"https:\/\/aral2.cetrexmarketing.com\/wp-content\/uploads\/2025\/05\/CLOS-DEL-PINELL-BLANC.jpg.png\",\"contentUrl\":\"https:\/\/aral2.cetrexmarketing.com\/wp-content\/uploads\/2025\/05\/CLOS-DEL-PINELL-BLANC.jpg.png\",\"width\":765,\"height\":1024},{\"@type\":\"BreadcrumbList\",\"@id\":\"https:\/\/aral2.cetrexmarketing.com\/ca\/producto\/clos-del-pinell-blanc\/#breadcrumb\",\"itemListElement\":[{\"@type\":\"ListItem\",\"position\":1,\"name\":\"Home\",\"item\":\"https:\/\/aral2.cetrexmarketing.com\/ca\/\"},{\"@type\":\"ListItem\",\"position\":2,\"name\":\"Tienda\",\"item\":\"https:\/\/aral2.cetrexmarketing.com\/ca\/tienda-2\/\"},{\"@type\":\"ListItem\",\"position\":3,\"name\":\"Vi\",\"item\":\"https:\/\/aral2.cetrexmarketing.com\/categoria-producto\/vi\/\"},{\"@type\":\"ListItem\",\"position\":4,\"name\":\"Vi Blanc\",\"item\":\"https:\/\/aral2.cetrexmarketing.com\/categoria-producto\/vi\/vi-blanc\/\"},{\"@type\":\"ListItem\",\"position\":5,\"name\":\"Clos del Pinell Blanc\"}]},{\"@type\":\"WebSite\",\"@id\":\"https:\/\/aral2.cetrexmarketing.com\/#website\",\"url\":\"https:\/\/aral2.cetrexmarketing.com\/\",\"name\":\"M\u00f3n La Cata\",\"description\":\"Tienda de vinos, licores, cervezas y gourmet\",\"publisher\":{\"@id\":\"https:\/\/aral2.cetrexmarketing.com\/#organization\"},\"potentialAction\":[{\"@type\":\"SearchAction\",\"target\":{\"@type\":\"EntryPoint\",\"urlTemplate\":\"https:\/\/aral2.cetrexmarketing.com\/?s={search_term_string}\"},\"query-input\":{\"@type\":\"PropertyValueSpecification\",\"valueRequired\":true,\"valueName\":\"search_term_string\"}}],\"inLanguage\":\"ca\"},{\"@type\":\"Organization\",\"@id\":\"https:\/\/aral2.cetrexmarketing.com\/#organization\",\"name\":\"M\u00f3n La Cata\",\"url\":\"https:\/\/aral2.cetrexmarketing.com\/\",\"logo\":{\"@type\":\"ImageObject\",\"inLanguage\":\"ca\",\"@id\":\"https:\/\/aral2.cetrexmarketing.com\/#\/schema\/logo\/image\/\",\"url\":\"https:\/\/aral2.cetrexmarketing.com\/wp-content\/uploads\/2024\/10\/aral-logo-neg-1024x409-1.png\",\"contentUrl\":\"https:\/\/aral2.cetrexmarketing.com\/wp-content\/uploads\/2024\/10\/aral-logo-neg-1024x409-1.png\",\"width\":1024,\"height\":409,\"caption\":\"M\u00f3n La Cata\"},\"image\":{\"@id\":\"https:\/\/aral2.cetrexmarketing.com\/#\/schema\/logo\/image\/\"}}]}<\/script>\n<!-- \/ Yoast SEO Premium plugin. -->","yoast_head_json":{"title":"Clos del Pinell Blanc","description":"Comprar en l\u00ednia al millor preu el vi Clos del Pinell Blanc de la DO Terra Alta. Web especialitzada en vins, destil\u00b7lats i alimentaci\u00f3 gourmet.","robots":{"index":"noindex","follow":"follow","max-snippet":"max-snippet:-1","max-image-preview":"max-image-preview:large","max-video-preview":"max-video-preview:-1"},"og_locale":"ca_ES","og_type":"article","og_title":"Clos del Pinell Blanc","og_description":"Comprar en l\u00ednia al millor preu el vi Clos del Pinell Blanc de la DO Terra Alta. Web especialitzada en vins, destil\u00b7lats i alimentaci\u00f3 gourmet.","og_url":"https:\/\/aral2.cetrexmarketing.com\/ca\/producto\/clos-del-pinell-blanc\/","og_site_name":"M\u00f3n La Cata","article_modified_time":"2025-05-24T07:00:57+00:00","og_image":[{"width":765,"height":1024,"url":"https:\/\/aral2.cetrexmarketing.com\/wp-content\/uploads\/2025\/05\/CLOS-DEL-PINELL-BLANC.jpg.png","type":"image\/png"}],"twitter_card":"summary_large_image","twitter_misc":{"Temps estimat de lectura":"2 minuts"},"schema":{"@context":"https:\/\/schema.org","@graph":[{"@type":"WebPage","@id":"https:\/\/aral2.cetrexmarketing.com\/ca\/producto\/clos-del-pinell-blanc\/","url":"https:\/\/aral2.cetrexmarketing.com\/ca\/producto\/clos-del-pinell-blanc\/","name":"Clos del Pinell Blanc","isPartOf":{"@id":"https:\/\/aral2.cetrexmarketing.com\/#website"},"primaryImageOfPage":{"@id":"https:\/\/aral2.cetrexmarketing.com\/ca\/producto\/clos-del-pinell-blanc\/#primaryimage"},"image":{"@id":"https:\/\/aral2.cetrexmarketing.com\/ca\/producto\/clos-del-pinell-blanc\/#primaryimage"},"thumbnailUrl":"https:\/\/aral2.cetrexmarketing.com\/wp-content\/uploads\/2025\/05\/CLOS-DEL-PINELL-BLANC.jpg.png","datePublished":"2025-05-24T07:00:56+00:00","dateModified":"2025-05-24T07:00:57+00:00","description":"Comprar en l\u00ednia al millor preu el vi Clos del Pinell Blanc de la DO Terra Alta. Web especialitzada en vins, destil\u00b7lats i alimentaci\u00f3 gourmet.","breadcrumb":{"@id":"https:\/\/aral2.cetrexmarketing.com\/ca\/producto\/clos-del-pinell-blanc\/#breadcrumb"},"inLanguage":"ca","potentialAction":[{"@type":"ReadAction","target":["https:\/\/aral2.cetrexmarketing.com\/ca\/producto\/clos-del-pinell-blanc\/"]}]},{"@type":"ImageObject","inLanguage":"ca","@id":"https:\/\/aral2.cetrexmarketing.com\/ca\/producto\/clos-del-pinell-blanc\/#primaryimage","url":"https:\/\/aral2.cetrexmarketing.com\/wp-content\/uploads\/2025\/05\/CLOS-DEL-PINELL-BLANC.jpg.png","contentUrl":"https:\/\/aral2.cetrexmarketing.com\/wp-content\/uploads\/2025\/05\/CLOS-DEL-PINELL-BLANC.jpg.png","width":765,"height":1024},{"@type":"BreadcrumbList","@id":"https:\/\/aral2.cetrexmarketing.com\/ca\/producto\/clos-del-pinell-blanc\/#breadcrumb","itemListElement":[{"@type":"ListItem","position":1,"name":"Home","item":"https:\/\/aral2.cetrexmarketing.com\/ca\/"},{"@type":"ListItem","position":2,"name":"Tienda","item":"https:\/\/aral2.cetrexmarketing.com\/ca\/tienda-2\/"},{"@type":"ListItem","position":3,"name":"Vi","item":"https:\/\/aral2.cetrexmarketing.com\/categoria-producto\/vi\/"},{"@type":"ListItem","position":4,"name":"Vi Blanc","item":"https:\/\/aral2.cetrexmarketing.com\/categoria-producto\/vi\/vi-blanc\/"},{"@type":"ListItem","position":5,"name":"Clos del Pinell Blanc"}]},{"@type":"WebSite","@id":"https:\/\/aral2.cetrexmarketing.com\/#website","url":"https:\/\/aral2.cetrexmarketing.com\/","name":"M\u00f3n La Cata","description":"Tienda de vinos, licores, cervezas y gourmet","publisher":{"@id":"https:\/\/aral2.cetrexmarketing.com\/#organization"},"potentialAction":[{"@type":"SearchAction","target":{"@type":"EntryPoint","urlTemplate":"https:\/\/aral2.cetrexmarketing.com\/?s={search_term_string}"},"query-input":{"@type":"PropertyValueSpecification","valueRequired":true,"valueName":"search_term_string"}}],"inLanguage":"ca"},{"@type":"Organization","@id":"https:\/\/aral2.cetrexmarketing.com\/#organization","name":"M\u00f3n La Cata","url":"https:\/\/aral2.cetrexmarketing.com\/","logo":{"@type":"ImageObject","inLanguage":"ca","@id":"https:\/\/aral2.cetrexmarketing.com\/#\/schema\/logo\/image\/","url":"https:\/\/aral2.cetrexmarketing.com\/wp-content\/uploads\/2024\/10\/aral-logo-neg-1024x409-1.png","contentUrl":"https:\/\/aral2.cetrexmarketing.com\/wp-content\/uploads\/2024\/10\/aral-logo-neg-1024x409-1.png","width":1024,"height":409,"caption":"M\u00f3n La Cata"},"image":{"@id":"https:\/\/aral2.cetrexmarketing.com\/#\/schema\/logo\/image\/"}}]}},"brands":[{"id":32913,"name":"Terra Alta D.O.","slug":"terra-alta-d-o"}],"_links":{"self":[{"href":"https:\/\/aral2.cetrexmarketing.com\/ca\/wp-json\/wp\/v2\/product\/78802","targetHints":{"allow":["GET"]}}],"collection":[{"href":"https:\/\/aral2.cetrexmarketing.com\/ca\/wp-json\/wp\/v2\/product"}],"about":[{"href":"https:\/\/aral2.cetrexmarketing.com\/ca\/wp-json\/wp\/v2\/types\/product"}],"replies":[{"embeddable":true,"href":"https:\/\/aral2.cetrexmarketing.com\/ca\/wp-json\/wp\/v2\/comments?post=78802"}],"wp:featuredmedia":[{"embeddable":true,"href":"https:\/\/aral2.cetrexmarketing.com\/ca\/wp-json\/wp\/v2\/media\/78799"}],"wp:attachment":[{"href":"https:\/\/aral2.cetrexmarketing.com\/ca\/wp-json\/wp\/v2\/media?parent=78802"}],"wp:term":[{"taxonomy":"pwb-brand","embeddable":true,"href":"https:\/\/aral2.cetrexmarketing.com\/ca\/wp-json\/wp\/v2\/pwb-brand?post=78802"},{"taxonomy":"product_brand","embeddable":true,"href":"https:\/\/aral2.cetrexmarketing.com\/ca\/wp-json\/wp\/v2\/product_brand?post=78802"},{"taxonomy":"product_cat","embeddable":true,"href":"https:\/\/aral2.cetrexmarketing.com\/ca\/wp-json\/wp\/v2\/product_cat?post=78802"},{"taxonomy":"product_tag","embeddable":true,"href":"https:\/\/aral2.cetrexmarketing.com\/ca\/wp-json\/wp\/v2\/product_tag?post=78802"}],"curies":[{"name":"wp","href":"https:\/\/api.w.org\/{rel}","templated":true}]}}