{"id":78771,"date":"2025-05-24T07:00:24","date_gmt":"2025-05-24T07:00:24","guid":{"rendered":"https:\/\/aral2.cetrexmarketing.com\/producto\/granbazan-2\/"},"modified":"2025-05-24T07:00:25","modified_gmt":"2025-05-24T07:00:25","slug":"granbazan-2","status":"publish","type":"product","link":"https:\/\/aral2.cetrexmarketing.com\/ca\/producto\/granbazan-2\/","title":{"rendered":"Granbazan"},"content":{"rendered":"<p data-start=\"40\" data-end=\"317\"><strong data-start=\"40\" data-end=\"53\">Granbaz\u00e1n<\/strong> es una bodega ubicada en la Denominaci\u00f3n de Origen R\u00edas Baixas, en Galicia, Espa\u00f1a, reconocida por producir vinos blancos de alta calidad, especialmente a base de la uva <strong data-start=\"224\" data-end=\"236\">Albari\u00f1o<\/strong>. Sus vinos destacan por su frescura, complejidad arom\u00e1tica y equilibrio en boca.<\/p>\n<ul data-start=\"356\" data-end=\"1299\">\n<li data-start=\"698\" data-end=\"1026\">\n<p data-start=\"700\" data-end=\"1026\"><strong data-start=\"700\" data-end=\"729\">Granbaz\u00e1n Etiqueta \u00c1mbar:<\/strong> Este vino se elabora a partir de uvas seleccionadas y fermenta en barricas de roble franc\u00e9s, lo que le confiere complejidad. Exhibe aromas de mel\u00f3n, mandarina y flores blancas, con una boca amplia, notas de frutas de hueso y un toque amargo en el retrogusto.<\/p>\n<\/li>\n<\/ul>\n","protected":false},"excerpt":{"rendered":"<p>Granbaz\u00e1n es una bodega ubicada en la Denominaci\u00f3n de Origen R\u00edas Baixas, en Galicia, Espa\u00f1a, reconocida por producir vinos blancos de alta calidad, especialmente a base de la uva Albari\u00f1o. Sus vinos destacan por su frescura, complejidad arom\u00e1tica y equilibrio en boca. Granbaz\u00e1n Etiqueta \u00c1mbar: Este vino se elabora a partir de uvas seleccionadas y&hellip;<\/p>\n","protected":false},"featured_media":78100,"comment_status":"closed","ping_status":"closed","template":"","meta":{"_acf_changed":false},"pwb-brand":[32929],"product_brand":[],"product_cat":[51670,51672],"product_tag":[15095,15098,15096,48917],"class_list":{"0":"post-78771","1":"product","2":"type-product","3":"status-publish","4":"has-post-thumbnail","6":"pwb-brand-rias-baixas-d-o","7":"product_cat-vi","8":"product_cat-vi-blanc","9":"product_tag-albarino-ca","10":"product_tag-ambar-ca","11":"product_tag-rias-baixas-ca","12":"product_tag-vi-blanc-ca","13":"pa_anada-36214","14":"pa_bodega-granbazan","15":"pa_do-riasbaixasdo-ca","16":"pa_envejecimiento-jove","17":"pa_floral-blanc-floral","18":"pa_formatoenl-36158","19":"pa_formatoenml-38306","20":"pa_graduacion-13_5","21":"pa_maridaje-formatge-curat","22":"pa_maridaje-marisc","23":"pa_maridaje-peix","24":"pa_pais-espanya-ca","25":"pa_pesoengramos-38337","26":"pa_pesoenkg-125-ca","27":"pa_tipodevino-vi-tranquil","28":"pa_variedades-albarino-ca","29":"entry","30":"has-media","32":"first","33":"instock","34":"taxable","35":"shipping-taxable","36":"purchasable","37":"product-type-simple"},"acf":[],"yoast_head":"<!-- This site is optimized with the Yoast SEO Premium plugin v23.1 (Yoast SEO v23.5) - https:\/\/yoast.com\/wordpress\/plugins\/seo\/ -->\n<title>Granbazan Albari\u00f1o vi blanc<\/title>\n<meta name=\"description\" content=\"Comprar albari\u00f1o granbazan al millor preu. Botiga online de vins, licors i productes gourmet. Viniteca. Descomptes. Promocions. Ofertes. Enviament r\u00e1pid i segur\" \/>\n<meta name=\"robots\" content=\"noindex, follow, max-snippet:-1, max-image-preview:large, max-video-preview:-1\" \/>\n<meta property=\"og:locale\" content=\"ca_ES\" \/>\n<meta property=\"og:type\" content=\"article\" \/>\n<meta property=\"og:title\" content=\"Granbazan\" \/>\n<meta property=\"og:description\" content=\"Comprar albari\u00f1o granbazan al millor preu. Botiga online de vins, licors i productes gourmet. Viniteca. Descomptes. Promocions. Ofertes. Enviament r\u00e1pid i segur\" \/>\n<meta property=\"og:url\" content=\"https:\/\/aral2.cetrexmarketing.com\/ca\/producto\/granbazan-2\/\" \/>\n<meta property=\"og:site_name\" content=\"M\u00f3n La Cata\" \/>\n<meta property=\"article:modified_time\" content=\"2025-05-24T07:00:25+00:00\" \/>\n<meta property=\"og:image\" content=\"https:\/\/aral2.cetrexmarketing.com\/wp-content\/uploads\/2025\/01\/Granbazan.png\" \/>\n\t<meta property=\"og:image:width\" content=\"765\" \/>\n\t<meta property=\"og:image:height\" content=\"1024\" \/>\n\t<meta property=\"og:image:type\" content=\"image\/png\" \/>\n<meta name=\"twitter:card\" content=\"summary_large_image\" \/>\n<meta name=\"twitter:label1\" content=\"Temps estimat de lectura\" \/>\n\t<meta name=\"twitter:data1\" content=\"1 minut\" \/>\n<script type=\"application\/ld+json\" class=\"yoast-schema-graph\">{\"@context\":\"https:\/\/schema.org\",\"@graph\":[{\"@type\":\"WebPage\",\"@id\":\"https:\/\/aral2.cetrexmarketing.com\/ca\/producto\/granbazan-2\/\",\"url\":\"https:\/\/aral2.cetrexmarketing.com\/ca\/producto\/granbazan-2\/\",\"name\":\"Granbazan Albari\u00f1o vi blanc\",\"isPartOf\":{\"@id\":\"https:\/\/aral2.cetrexmarketing.com\/#website\"},\"primaryImageOfPage\":{\"@id\":\"https:\/\/aral2.cetrexmarketing.com\/ca\/producto\/granbazan-2\/#primaryimage\"},\"image\":{\"@id\":\"https:\/\/aral2.cetrexmarketing.com\/ca\/producto\/granbazan-2\/#primaryimage\"},\"thumbnailUrl\":\"https:\/\/aral2.cetrexmarketing.com\/wp-content\/uploads\/2025\/01\/Granbazan.png\",\"datePublished\":\"2025-05-24T07:00:24+00:00\",\"dateModified\":\"2025-05-24T07:00:25+00:00\",\"description\":\"Comprar albari\u00f1o granbazan al millor preu. Botiga online de vins, licors i productes gourmet. Viniteca. Descomptes. Promocions. Ofertes. Enviament r\u00e1pid i segur\",\"breadcrumb\":{\"@id\":\"https:\/\/aral2.cetrexmarketing.com\/ca\/producto\/granbazan-2\/#breadcrumb\"},\"inLanguage\":\"ca\",\"potentialAction\":[{\"@type\":\"ReadAction\",\"target\":[\"https:\/\/aral2.cetrexmarketing.com\/ca\/producto\/granbazan-2\/\"]}]},{\"@type\":\"ImageObject\",\"inLanguage\":\"ca\",\"@id\":\"https:\/\/aral2.cetrexmarketing.com\/ca\/producto\/granbazan-2\/#primaryimage\",\"url\":\"https:\/\/aral2.cetrexmarketing.com\/wp-content\/uploads\/2025\/01\/Granbazan.png\",\"contentUrl\":\"https:\/\/aral2.cetrexmarketing.com\/wp-content\/uploads\/2025\/01\/Granbazan.png\",\"width\":765,\"height\":1024},{\"@type\":\"BreadcrumbList\",\"@id\":\"https:\/\/aral2.cetrexmarketing.com\/ca\/producto\/granbazan-2\/#breadcrumb\",\"itemListElement\":[{\"@type\":\"ListItem\",\"position\":1,\"name\":\"Home\",\"item\":\"https:\/\/aral2.cetrexmarketing.com\/ca\/\"},{\"@type\":\"ListItem\",\"position\":2,\"name\":\"Tienda\",\"item\":\"https:\/\/aral2.cetrexmarketing.com\/ca\/tienda-2\/\"},{\"@type\":\"ListItem\",\"position\":3,\"name\":\"Vi\",\"item\":\"https:\/\/aral2.cetrexmarketing.com\/categoria-producto\/vi\/\"},{\"@type\":\"ListItem\",\"position\":4,\"name\":\"Vi Blanc\",\"item\":\"https:\/\/aral2.cetrexmarketing.com\/categoria-producto\/vi\/vi-blanc\/\"},{\"@type\":\"ListItem\",\"position\":5,\"name\":\"Granbazan\"}]},{\"@type\":\"WebSite\",\"@id\":\"https:\/\/aral2.cetrexmarketing.com\/#website\",\"url\":\"https:\/\/aral2.cetrexmarketing.com\/\",\"name\":\"M\u00f3n La Cata\",\"description\":\"Tienda de vinos, licores, cervezas y gourmet\",\"publisher\":{\"@id\":\"https:\/\/aral2.cetrexmarketing.com\/#organization\"},\"potentialAction\":[{\"@type\":\"SearchAction\",\"target\":{\"@type\":\"EntryPoint\",\"urlTemplate\":\"https:\/\/aral2.cetrexmarketing.com\/?s={search_term_string}\"},\"query-input\":{\"@type\":\"PropertyValueSpecification\",\"valueRequired\":true,\"valueName\":\"search_term_string\"}}],\"inLanguage\":\"ca\"},{\"@type\":\"Organization\",\"@id\":\"https:\/\/aral2.cetrexmarketing.com\/#organization\",\"name\":\"M\u00f3n La Cata\",\"url\":\"https:\/\/aral2.cetrexmarketing.com\/\",\"logo\":{\"@type\":\"ImageObject\",\"inLanguage\":\"ca\",\"@id\":\"https:\/\/aral2.cetrexmarketing.com\/#\/schema\/logo\/image\/\",\"url\":\"https:\/\/aral2.cetrexmarketing.com\/wp-content\/uploads\/2024\/10\/aral-logo-neg-1024x409-1.png\",\"contentUrl\":\"https:\/\/aral2.cetrexmarketing.com\/wp-content\/uploads\/2024\/10\/aral-logo-neg-1024x409-1.png\",\"width\":1024,\"height\":409,\"caption\":\"M\u00f3n La Cata\"},\"image\":{\"@id\":\"https:\/\/aral2.cetrexmarketing.com\/#\/schema\/logo\/image\/\"}}]}<\/script>\n<!-- \/ Yoast SEO Premium plugin. -->","yoast_head_json":{"title":"Granbazan Albari\u00f1o vi blanc","description":"Comprar albari\u00f1o granbazan al millor preu. Botiga online de vins, licors i productes gourmet. Viniteca. Descomptes. Promocions. Ofertes. Enviament r\u00e1pid i segur","robots":{"index":"noindex","follow":"follow","max-snippet":"max-snippet:-1","max-image-preview":"max-image-preview:large","max-video-preview":"max-video-preview:-1"},"og_locale":"ca_ES","og_type":"article","og_title":"Granbazan","og_description":"Comprar albari\u00f1o granbazan al millor preu. Botiga online de vins, licors i productes gourmet. Viniteca. Descomptes. Promocions. Ofertes. Enviament r\u00e1pid i segur","og_url":"https:\/\/aral2.cetrexmarketing.com\/ca\/producto\/granbazan-2\/","og_site_name":"M\u00f3n La Cata","article_modified_time":"2025-05-24T07:00:25+00:00","og_image":[{"width":765,"height":1024,"url":"https:\/\/aral2.cetrexmarketing.com\/wp-content\/uploads\/2025\/01\/Granbazan.png","type":"image\/png"}],"twitter_card":"summary_large_image","twitter_misc":{"Temps estimat de lectura":"1 minut"},"schema":{"@context":"https:\/\/schema.org","@graph":[{"@type":"WebPage","@id":"https:\/\/aral2.cetrexmarketing.com\/ca\/producto\/granbazan-2\/","url":"https:\/\/aral2.cetrexmarketing.com\/ca\/producto\/granbazan-2\/","name":"Granbazan Albari\u00f1o vi blanc","isPartOf":{"@id":"https:\/\/aral2.cetrexmarketing.com\/#website"},"primaryImageOfPage":{"@id":"https:\/\/aral2.cetrexmarketing.com\/ca\/producto\/granbazan-2\/#primaryimage"},"image":{"@id":"https:\/\/aral2.cetrexmarketing.com\/ca\/producto\/granbazan-2\/#primaryimage"},"thumbnailUrl":"https:\/\/aral2.cetrexmarketing.com\/wp-content\/uploads\/2025\/01\/Granbazan.png","datePublished":"2025-05-24T07:00:24+00:00","dateModified":"2025-05-24T07:00:25+00:00","description":"Comprar albari\u00f1o granbazan al millor preu. Botiga online de vins, licors i productes gourmet. Viniteca. Descomptes. Promocions. Ofertes. Enviament r\u00e1pid i segur","breadcrumb":{"@id":"https:\/\/aral2.cetrexmarketing.com\/ca\/producto\/granbazan-2\/#breadcrumb"},"inLanguage":"ca","potentialAction":[{"@type":"ReadAction","target":["https:\/\/aral2.cetrexmarketing.com\/ca\/producto\/granbazan-2\/"]}]},{"@type":"ImageObject","inLanguage":"ca","@id":"https:\/\/aral2.cetrexmarketing.com\/ca\/producto\/granbazan-2\/#primaryimage","url":"https:\/\/aral2.cetrexmarketing.com\/wp-content\/uploads\/2025\/01\/Granbazan.png","contentUrl":"https:\/\/aral2.cetrexmarketing.com\/wp-content\/uploads\/2025\/01\/Granbazan.png","width":765,"height":1024},{"@type":"BreadcrumbList","@id":"https:\/\/aral2.cetrexmarketing.com\/ca\/producto\/granbazan-2\/#breadcrumb","itemListElement":[{"@type":"ListItem","position":1,"name":"Home","item":"https:\/\/aral2.cetrexmarketing.com\/ca\/"},{"@type":"ListItem","position":2,"name":"Tienda","item":"https:\/\/aral2.cetrexmarketing.com\/ca\/tienda-2\/"},{"@type":"ListItem","position":3,"name":"Vi","item":"https:\/\/aral2.cetrexmarketing.com\/categoria-producto\/vi\/"},{"@type":"ListItem","position":4,"name":"Vi Blanc","item":"https:\/\/aral2.cetrexmarketing.com\/categoria-producto\/vi\/vi-blanc\/"},{"@type":"ListItem","position":5,"name":"Granbazan"}]},{"@type":"WebSite","@id":"https:\/\/aral2.cetrexmarketing.com\/#website","url":"https:\/\/aral2.cetrexmarketing.com\/","name":"M\u00f3n La Cata","description":"Tienda de vinos, licores, cervezas y gourmet","publisher":{"@id":"https:\/\/aral2.cetrexmarketing.com\/#organization"},"potentialAction":[{"@type":"SearchAction","target":{"@type":"EntryPoint","urlTemplate":"https:\/\/aral2.cetrexmarketing.com\/?s={search_term_string}"},"query-input":{"@type":"PropertyValueSpecification","valueRequired":true,"valueName":"search_term_string"}}],"inLanguage":"ca"},{"@type":"Organization","@id":"https:\/\/aral2.cetrexmarketing.com\/#organization","name":"M\u00f3n La Cata","url":"https:\/\/aral2.cetrexmarketing.com\/","logo":{"@type":"ImageObject","inLanguage":"ca","@id":"https:\/\/aral2.cetrexmarketing.com\/#\/schema\/logo\/image\/","url":"https:\/\/aral2.cetrexmarketing.com\/wp-content\/uploads\/2024\/10\/aral-logo-neg-1024x409-1.png","contentUrl":"https:\/\/aral2.cetrexmarketing.com\/wp-content\/uploads\/2024\/10\/aral-logo-neg-1024x409-1.png","width":1024,"height":409,"caption":"M\u00f3n La Cata"},"image":{"@id":"https:\/\/aral2.cetrexmarketing.com\/#\/schema\/logo\/image\/"}}]}},"brands":[{"id":32929,"name":"R\u00edas Baixas D.O.","slug":"rias-baixas-d-o"}],"_links":{"self":[{"href":"https:\/\/aral2.cetrexmarketing.com\/ca\/wp-json\/wp\/v2\/product\/78771","targetHints":{"allow":["GET"]}}],"collection":[{"href":"https:\/\/aral2.cetrexmarketing.com\/ca\/wp-json\/wp\/v2\/product"}],"about":[{"href":"https:\/\/aral2.cetrexmarketing.com\/ca\/wp-json\/wp\/v2\/types\/product"}],"replies":[{"embeddable":true,"href":"https:\/\/aral2.cetrexmarketing.com\/ca\/wp-json\/wp\/v2\/comments?post=78771"}],"wp:featuredmedia":[{"embeddable":true,"href":"https:\/\/aral2.cetrexmarketing.com\/ca\/wp-json\/wp\/v2\/media\/78100"}],"wp:attachment":[{"href":"https:\/\/aral2.cetrexmarketing.com\/ca\/wp-json\/wp\/v2\/media?parent=78771"}],"wp:term":[{"taxonomy":"pwb-brand","embeddable":true,"href":"https:\/\/aral2.cetrexmarketing.com\/ca\/wp-json\/wp\/v2\/pwb-brand?post=78771"},{"taxonomy":"product_brand","embeddable":true,"href":"https:\/\/aral2.cetrexmarketing.com\/ca\/wp-json\/wp\/v2\/product_brand?post=78771"},{"taxonomy":"product_cat","embeddable":true,"href":"https:\/\/aral2.cetrexmarketing.com\/ca\/wp-json\/wp\/v2\/product_cat?post=78771"},{"taxonomy":"product_tag","embeddable":true,"href":"https:\/\/aral2.cetrexmarketing.com\/ca\/wp-json\/wp\/v2\/product_tag?post=78771"}],"curies":[{"name":"wp","href":"https:\/\/api.w.org\/{rel}","templated":true}]}}