{"id":78726,"date":"2025-05-24T06:59:34","date_gmt":"2025-05-24T06:59:34","guid":{"rendered":"https:\/\/aral2.cetrexmarketing.com\/producto\/gramona-gessami-2\/"},"modified":"2025-05-24T06:59:35","modified_gmt":"2025-05-24T06:59:35","slug":"gramona-gessami-2","status":"publish","type":"product","link":"https:\/\/aral2.cetrexmarketing.com\/ca\/producto\/gramona-gessami-2\/","title":{"rendered":"Gramona Gessam\u00ed"},"content":{"rendered":"<p data-start=\"39\" data-end=\"559\">El <strong data-start=\"42\" data-end=\"61\">Gramona Gessami<\/strong> \u00e9s un vi blanc elaborat per la bodega <strong data-start=\"100\" data-end=\"111\">Gramona<\/strong>, situada al <strong data-start=\"124\" data-end=\"135\">Pened\u00e8s<\/strong>, una de les zones vin\u00edcoles m\u00e9s importants de <strong data-start=\"182\" data-end=\"195\">Catalunya<\/strong>, Espanya. Aquesta bodega, amb m\u00e9s de <strong data-start=\"233\" data-end=\"256\">130 anys d&#8217;hist\u00f2ria<\/strong>, es caracteritza per la seva dedicaci\u00f3 a l&#8217;elaboraci\u00f3 de vins de qualitat, especialment <strong data-start=\"345\" data-end=\"354\">caves<\/strong> i vins tranquils que destaquen per la seva <strong data-start=\"398\" data-end=\"411\">eleg\u00e0ncia<\/strong> i <strong data-start=\"414\" data-end=\"425\">frescor<\/strong>. El <strong data-start=\"430\" data-end=\"441\">Gessami<\/strong> \u00e9s un dels seus vins blancs m\u00e9s emblem\u00e0tics, una opci\u00f3 fresca i arom\u00e0tica que reflecteix el car\u00e0cter del <strong data-start=\"547\" data-end=\"558\">terroir<\/strong>.<\/p>\n<h3 data-start=\"561\" data-end=\"599\"><strong data-start=\"565\" data-end=\"599\">Caracter\u00edstiques del Producte:<\/strong><\/h3>\n<ul data-start=\"600\" data-end=\"984\">\n<li data-start=\"600\" data-end=\"625\"><strong data-start=\"602\" data-end=\"612\">Tipus:<\/strong> <strong data-start=\"613\" data-end=\"625\">Vi blanc<\/strong><\/li>\n<li data-start=\"626\" data-end=\"672\"><strong data-start=\"628\" data-end=\"639\">Origen:<\/strong> <strong data-start=\"640\" data-end=\"651\">Pened\u00e8s<\/strong> (Catalunya, Espanya)<\/li>\n<li data-start=\"673\" data-end=\"758\"><strong data-start=\"675\" data-end=\"695\">Varietats d&#8217;uva:<\/strong> <strong data-start=\"696\" data-end=\"706\">Muscat<\/strong> (45%), <strong data-start=\"714\" data-end=\"732\">Gew\u00fcrztraminer<\/strong> (30%), <strong data-start=\"740\" data-end=\"752\">Xarel\u00b7lo<\/strong> (25%)<\/li>\n<li data-start=\"759\" data-end=\"801\"><strong data-start=\"761\" data-end=\"786\">Graduaci\u00f3 alcoh\u00f2lica:<\/strong> <strong data-start=\"787\" data-end=\"801\">12,5% vol.<\/strong><\/li>\n<li data-start=\"802\" data-end=\"984\"><strong data-start=\"804\" data-end=\"819\">Elaboraci\u00f3:<\/strong> <strong data-start=\"820\" data-end=\"843\">Fermentaci\u00f3 en fred<\/strong> per preservar els aromes frescos i afruitats. El vi no passa per crian\u00e7a en barrica, el que li permet mantenir-se <strong data-start=\"958\" data-end=\"969\">lleuger<\/strong> i <strong data-start=\"972\" data-end=\"983\">vibrant<\/strong>.<\/li>\n<\/ul>\n<h3 data-start=\"986\" data-end=\"1008\"><strong data-start=\"990\" data-end=\"1008\">Notes de Cata:<\/strong><\/h3>\n<ul data-start=\"1009\" data-end=\"1711\">\n<li data-start=\"1009\" data-end=\"1077\"><strong data-start=\"1011\" data-end=\"1021\">Color:<\/strong> <strong data-start=\"1022\" data-end=\"1038\">Groc p\u00e0l\u00b7lid<\/strong> amb reflexos verdosos, net i brillant.<\/li>\n<li data-start=\"1078\" data-end=\"1356\"><strong data-start=\"1080\" data-end=\"1090\">Aroma:<\/strong> <strong data-start=\"1091\" data-end=\"1112\">Intens i arom\u00e0tic<\/strong>, amb una explosi\u00f3 de <strong data-start=\"1134\" data-end=\"1145\">florals<\/strong> i <strong data-start=\"1148\" data-end=\"1159\">c\u00edtrics<\/strong>. Es perceben notes de <strong data-start=\"1182\" data-end=\"1191\">roses<\/strong>, <strong data-start=\"1193\" data-end=\"1203\">jazm\u00edn<\/strong>, i <strong data-start=\"1207\" data-end=\"1219\">taronges<\/strong>. Tamb\u00e9 es destaquen subtils tocs de <strong data-start=\"1256\" data-end=\"1277\" data-is-only-node=\"\">fruites tropicals<\/strong> com <strong data-start=\"1282\" data-end=\"1291\">mango<\/strong> i <strong data-start=\"1294\" data-end=\"1303\">pinya<\/strong>, combinats amb un lleuger toc d&#8217;<strong data-start=\"1336\" data-end=\"1355\">herbes fresques<\/strong>.<\/li>\n<li data-start=\"1357\" data-end=\"1711\"><strong data-start=\"1359\" data-end=\"1369\">Sabor:<\/strong> A boca, el <strong data-start=\"1381\" data-end=\"1400\">Gramona Gessami<\/strong> \u00e9s <strong data-start=\"1404\" data-end=\"1413\">fresc<\/strong>, <strong data-start=\"1415\" data-end=\"1426\">lleuger<\/strong> i molt agradable, amb una excel\u00b7lent <strong data-start=\"1464\" data-end=\"1475\">acidesa<\/strong> que el fa molt <strong data-start=\"1491\" data-end=\"1505\">refrescant<\/strong>. T\u00e9 una textura suau i un <strong data-start=\"1532\" data-end=\"1556\">retrogust persistent<\/strong> de c\u00edtrics i florals, amb un toc final <strong data-start=\"1596\" data-end=\"1603\" data-is-only-node=\"\">sec<\/strong> i <strong data-start=\"1606\" data-end=\"1613\">net<\/strong>. La combinaci\u00f3 de les varietats d&#8217;uva li atorga una gran <strong data-start=\"1671\" data-end=\"1683\">harmonia<\/strong> i <strong data-start=\"1686\" data-end=\"1699\">equilibri<\/strong> al paladar.<\/li>\n<\/ul>\n","protected":false},"excerpt":{"rendered":"<p>Amb aquest cupatge aconseguim l&#8217;equilibri entre delicades fruites i flors, la untuositat i la frescor.<\/p>\n<p>Es realitzen maceracions prel.liculars pre-fermentatives en fred per a una m\u00e0xima extracci\u00f3 arom\u00e0tica, seguit d&#8217;un suau premsat per obtenir-ne nom\u00e9s el most flor.<\/p>\n","protected":false},"featured_media":78012,"comment_status":"closed","ping_status":"closed","template":"","meta":{"_acf_changed":false},"pwb-brand":[32866,32895],"product_brand":[],"product_cat":[51669,51670,51672],"product_tag":[52501,14981,15076,15042,48917],"class_list":{"0":"post-78726","1":"product","2":"type-product","3":"status-publish","4":"has-post-thumbnail","6":"pwb-brand-ca-gramona-ca","7":"pwb-brand-penedes-d-o","8":"product_cat-ecologic","9":"product_cat-vi","10":"product_cat-vi-blanc","11":"product_tag-afrutado-2","12":"product_tag-do-penedes-ca","13":"product_tag-gessami-ca","14":"product_tag-gramona-ca","15":"product_tag-vi-blanc-ca","16":"pa_anada-51681","17":"pa_bodega-gramona","18":"pa_do-penedes-d-o-ca","19":"pa_ecologico-vegano-natural-ecologic","20":"pa_floral-blanc-floral","21":"pa_formatoenml-38306","22":"pa_graduacion-11_0","23":"pa_maridaje-marisc","24":"pa_maridaje-peix","25":"pa_pais-espanya-ca","26":"pa_pueblociudad-sant-sadurni-danoia-barcelona","27":"pa_region-cataluna","28":"entry","29":"has-media","31":"first","32":"instock","33":"taxable","34":"shipping-taxable","35":"purchasable","36":"product-type-simple"},"acf":[],"yoast_head":"<!-- This site is optimized with the Yoast SEO Premium plugin v23.1 (Yoast SEO v23.5) - https:\/\/yoast.com\/wordpress\/plugins\/seo\/ -->\n<title>Gramona Gessam\u00ed vi blanc afruitat de la DO Pened\u00e8s<\/title>\n<meta name=\"description\" content=\"Comprar el vi blanc Gessam\u00ed de Gramona DO Pened\u00e8s online al millor preu. Viniteca. Destilats. Licoreria. Begudes. Productes Gourmet. Alimentaci\u00f3. Ofertes.\" \/>\n<meta name=\"robots\" content=\"noindex, follow, max-snippet:-1, max-image-preview:large, max-video-preview:-1\" \/>\n<meta property=\"og:locale\" content=\"ca_ES\" \/>\n<meta property=\"og:type\" content=\"article\" \/>\n<meta property=\"og:title\" content=\"Gramona Gessam\u00ed\" \/>\n<meta property=\"og:description\" content=\"Comprar el vi blanc Gessam\u00ed de Gramona DO Pened\u00e8s online al millor preu. Viniteca. Destilats. Licoreria. Begudes. Productes Gourmet. Alimentaci\u00f3. Ofertes.\" \/>\n<meta property=\"og:url\" content=\"https:\/\/aral2.cetrexmarketing.com\/ca\/producto\/gramona-gessami-2\/\" \/>\n<meta property=\"og:site_name\" content=\"M\u00f3n La Cata\" \/>\n<meta property=\"article:modified_time\" content=\"2025-05-24T06:59:35+00:00\" \/>\n<meta property=\"og:image\" content=\"https:\/\/aral2.cetrexmarketing.com\/wp-content\/uploads\/2025\/01\/Gramona-Gessami.jpg-1.png\" \/>\n\t<meta property=\"og:image:width\" content=\"765\" \/>\n\t<meta property=\"og:image:height\" content=\"1024\" \/>\n\t<meta property=\"og:image:type\" content=\"image\/png\" \/>\n<meta name=\"twitter:card\" content=\"summary_large_image\" \/>\n<meta name=\"twitter:label1\" content=\"Temps estimat de lectura\" \/>\n\t<meta name=\"twitter:data1\" content=\"2 minuts\" \/>\n<script type=\"application\/ld+json\" class=\"yoast-schema-graph\">{\"@context\":\"https:\/\/schema.org\",\"@graph\":[{\"@type\":\"WebPage\",\"@id\":\"https:\/\/aral2.cetrexmarketing.com\/ca\/producto\/gramona-gessami-2\/\",\"url\":\"https:\/\/aral2.cetrexmarketing.com\/ca\/producto\/gramona-gessami-2\/\",\"name\":\"Gramona Gessam\u00ed vi blanc afruitat de la DO Pened\u00e8s\",\"isPartOf\":{\"@id\":\"https:\/\/aral2.cetrexmarketing.com\/#website\"},\"primaryImageOfPage\":{\"@id\":\"https:\/\/aral2.cetrexmarketing.com\/ca\/producto\/gramona-gessami-2\/#primaryimage\"},\"image\":{\"@id\":\"https:\/\/aral2.cetrexmarketing.com\/ca\/producto\/gramona-gessami-2\/#primaryimage\"},\"thumbnailUrl\":\"https:\/\/aral2.cetrexmarketing.com\/wp-content\/uploads\/2025\/01\/Gramona-Gessami.jpg-1.png\",\"datePublished\":\"2025-05-24T06:59:34+00:00\",\"dateModified\":\"2025-05-24T06:59:35+00:00\",\"description\":\"Comprar el vi blanc Gessam\u00ed de Gramona DO Pened\u00e8s online al millor preu. Viniteca. Destilats. Licoreria. Begudes. Productes Gourmet. Alimentaci\u00f3. Ofertes.\",\"breadcrumb\":{\"@id\":\"https:\/\/aral2.cetrexmarketing.com\/ca\/producto\/gramona-gessami-2\/#breadcrumb\"},\"inLanguage\":\"ca\",\"potentialAction\":[{\"@type\":\"ReadAction\",\"target\":[\"https:\/\/aral2.cetrexmarketing.com\/ca\/producto\/gramona-gessami-2\/\"]}]},{\"@type\":\"ImageObject\",\"inLanguage\":\"ca\",\"@id\":\"https:\/\/aral2.cetrexmarketing.com\/ca\/producto\/gramona-gessami-2\/#primaryimage\",\"url\":\"https:\/\/aral2.cetrexmarketing.com\/wp-content\/uploads\/2025\/01\/Gramona-Gessami.jpg-1.png\",\"contentUrl\":\"https:\/\/aral2.cetrexmarketing.com\/wp-content\/uploads\/2025\/01\/Gramona-Gessami.jpg-1.png\",\"width\":765,\"height\":1024},{\"@type\":\"BreadcrumbList\",\"@id\":\"https:\/\/aral2.cetrexmarketing.com\/ca\/producto\/gramona-gessami-2\/#breadcrumb\",\"itemListElement\":[{\"@type\":\"ListItem\",\"position\":1,\"name\":\"Home\",\"item\":\"https:\/\/aral2.cetrexmarketing.com\/ca\/\"},{\"@type\":\"ListItem\",\"position\":2,\"name\":\"Tienda\",\"item\":\"https:\/\/aral2.cetrexmarketing.com\/ca\/tienda-2\/\"},{\"@type\":\"ListItem\",\"position\":3,\"name\":\"Vi\",\"item\":\"https:\/\/aral2.cetrexmarketing.com\/categoria-producto\/vi\/\"},{\"@type\":\"ListItem\",\"position\":4,\"name\":\"Vi Blanc\",\"item\":\"https:\/\/aral2.cetrexmarketing.com\/categoria-producto\/vi\/vi-blanc\/\"},{\"@type\":\"ListItem\",\"position\":5,\"name\":\"Gramona Gessam\u00ed\"}]},{\"@type\":\"WebSite\",\"@id\":\"https:\/\/aral2.cetrexmarketing.com\/#website\",\"url\":\"https:\/\/aral2.cetrexmarketing.com\/\",\"name\":\"M\u00f3n La Cata\",\"description\":\"Tienda de vinos, licores, cervezas y gourmet\",\"publisher\":{\"@id\":\"https:\/\/aral2.cetrexmarketing.com\/#organization\"},\"potentialAction\":[{\"@type\":\"SearchAction\",\"target\":{\"@type\":\"EntryPoint\",\"urlTemplate\":\"https:\/\/aral2.cetrexmarketing.com\/?s={search_term_string}\"},\"query-input\":{\"@type\":\"PropertyValueSpecification\",\"valueRequired\":true,\"valueName\":\"search_term_string\"}}],\"inLanguage\":\"ca\"},{\"@type\":\"Organization\",\"@id\":\"https:\/\/aral2.cetrexmarketing.com\/#organization\",\"name\":\"M\u00f3n La Cata\",\"url\":\"https:\/\/aral2.cetrexmarketing.com\/\",\"logo\":{\"@type\":\"ImageObject\",\"inLanguage\":\"ca\",\"@id\":\"https:\/\/aral2.cetrexmarketing.com\/#\/schema\/logo\/image\/\",\"url\":\"https:\/\/aral2.cetrexmarketing.com\/wp-content\/uploads\/2024\/10\/aral-logo-neg-1024x409-1.png\",\"contentUrl\":\"https:\/\/aral2.cetrexmarketing.com\/wp-content\/uploads\/2024\/10\/aral-logo-neg-1024x409-1.png\",\"width\":1024,\"height\":409,\"caption\":\"M\u00f3n La Cata\"},\"image\":{\"@id\":\"https:\/\/aral2.cetrexmarketing.com\/#\/schema\/logo\/image\/\"}}]}<\/script>\n<!-- \/ Yoast SEO Premium plugin. -->","yoast_head_json":{"title":"Gramona Gessam\u00ed vi blanc afruitat de la DO Pened\u00e8s","description":"Comprar el vi blanc Gessam\u00ed de Gramona DO Pened\u00e8s online al millor preu. Viniteca. Destilats. Licoreria. Begudes. Productes Gourmet. Alimentaci\u00f3. Ofertes.","robots":{"index":"noindex","follow":"follow","max-snippet":"max-snippet:-1","max-image-preview":"max-image-preview:large","max-video-preview":"max-video-preview:-1"},"og_locale":"ca_ES","og_type":"article","og_title":"Gramona Gessam\u00ed","og_description":"Comprar el vi blanc Gessam\u00ed de Gramona DO Pened\u00e8s online al millor preu. Viniteca. Destilats. Licoreria. Begudes. Productes Gourmet. Alimentaci\u00f3. Ofertes.","og_url":"https:\/\/aral2.cetrexmarketing.com\/ca\/producto\/gramona-gessami-2\/","og_site_name":"M\u00f3n La Cata","article_modified_time":"2025-05-24T06:59:35+00:00","og_image":[{"width":765,"height":1024,"url":"https:\/\/aral2.cetrexmarketing.com\/wp-content\/uploads\/2025\/01\/Gramona-Gessami.jpg-1.png","type":"image\/png"}],"twitter_card":"summary_large_image","twitter_misc":{"Temps estimat de lectura":"2 minuts"},"schema":{"@context":"https:\/\/schema.org","@graph":[{"@type":"WebPage","@id":"https:\/\/aral2.cetrexmarketing.com\/ca\/producto\/gramona-gessami-2\/","url":"https:\/\/aral2.cetrexmarketing.com\/ca\/producto\/gramona-gessami-2\/","name":"Gramona Gessam\u00ed vi blanc afruitat de la DO Pened\u00e8s","isPartOf":{"@id":"https:\/\/aral2.cetrexmarketing.com\/#website"},"primaryImageOfPage":{"@id":"https:\/\/aral2.cetrexmarketing.com\/ca\/producto\/gramona-gessami-2\/#primaryimage"},"image":{"@id":"https:\/\/aral2.cetrexmarketing.com\/ca\/producto\/gramona-gessami-2\/#primaryimage"},"thumbnailUrl":"https:\/\/aral2.cetrexmarketing.com\/wp-content\/uploads\/2025\/01\/Gramona-Gessami.jpg-1.png","datePublished":"2025-05-24T06:59:34+00:00","dateModified":"2025-05-24T06:59:35+00:00","description":"Comprar el vi blanc Gessam\u00ed de Gramona DO Pened\u00e8s online al millor preu. Viniteca. Destilats. Licoreria. Begudes. Productes Gourmet. Alimentaci\u00f3. Ofertes.","breadcrumb":{"@id":"https:\/\/aral2.cetrexmarketing.com\/ca\/producto\/gramona-gessami-2\/#breadcrumb"},"inLanguage":"ca","potentialAction":[{"@type":"ReadAction","target":["https:\/\/aral2.cetrexmarketing.com\/ca\/producto\/gramona-gessami-2\/"]}]},{"@type":"ImageObject","inLanguage":"ca","@id":"https:\/\/aral2.cetrexmarketing.com\/ca\/producto\/gramona-gessami-2\/#primaryimage","url":"https:\/\/aral2.cetrexmarketing.com\/wp-content\/uploads\/2025\/01\/Gramona-Gessami.jpg-1.png","contentUrl":"https:\/\/aral2.cetrexmarketing.com\/wp-content\/uploads\/2025\/01\/Gramona-Gessami.jpg-1.png","width":765,"height":1024},{"@type":"BreadcrumbList","@id":"https:\/\/aral2.cetrexmarketing.com\/ca\/producto\/gramona-gessami-2\/#breadcrumb","itemListElement":[{"@type":"ListItem","position":1,"name":"Home","item":"https:\/\/aral2.cetrexmarketing.com\/ca\/"},{"@type":"ListItem","position":2,"name":"Tienda","item":"https:\/\/aral2.cetrexmarketing.com\/ca\/tienda-2\/"},{"@type":"ListItem","position":3,"name":"Vi","item":"https:\/\/aral2.cetrexmarketing.com\/categoria-producto\/vi\/"},{"@type":"ListItem","position":4,"name":"Vi Blanc","item":"https:\/\/aral2.cetrexmarketing.com\/categoria-producto\/vi\/vi-blanc\/"},{"@type":"ListItem","position":5,"name":"Gramona Gessam\u00ed"}]},{"@type":"WebSite","@id":"https:\/\/aral2.cetrexmarketing.com\/#website","url":"https:\/\/aral2.cetrexmarketing.com\/","name":"M\u00f3n La Cata","description":"Tienda de vinos, licores, cervezas y gourmet","publisher":{"@id":"https:\/\/aral2.cetrexmarketing.com\/#organization"},"potentialAction":[{"@type":"SearchAction","target":{"@type":"EntryPoint","urlTemplate":"https:\/\/aral2.cetrexmarketing.com\/?s={search_term_string}"},"query-input":{"@type":"PropertyValueSpecification","valueRequired":true,"valueName":"search_term_string"}}],"inLanguage":"ca"},{"@type":"Organization","@id":"https:\/\/aral2.cetrexmarketing.com\/#organization","name":"M\u00f3n La Cata","url":"https:\/\/aral2.cetrexmarketing.com\/","logo":{"@type":"ImageObject","inLanguage":"ca","@id":"https:\/\/aral2.cetrexmarketing.com\/#\/schema\/logo\/image\/","url":"https:\/\/aral2.cetrexmarketing.com\/wp-content\/uploads\/2024\/10\/aral-logo-neg-1024x409-1.png","contentUrl":"https:\/\/aral2.cetrexmarketing.com\/wp-content\/uploads\/2024\/10\/aral-logo-neg-1024x409-1.png","width":1024,"height":409,"caption":"M\u00f3n La Cata"},"image":{"@id":"https:\/\/aral2.cetrexmarketing.com\/#\/schema\/logo\/image\/"}}]}},"brands":[{"id":32866,"name":"Gramona","slug":"ca-gramona-ca"},{"id":32895,"name":"Pened\u00e8s D.O.","slug":"penedes-d-o"}],"_links":{"self":[{"href":"https:\/\/aral2.cetrexmarketing.com\/ca\/wp-json\/wp\/v2\/product\/78726","targetHints":{"allow":["GET"]}}],"collection":[{"href":"https:\/\/aral2.cetrexmarketing.com\/ca\/wp-json\/wp\/v2\/product"}],"about":[{"href":"https:\/\/aral2.cetrexmarketing.com\/ca\/wp-json\/wp\/v2\/types\/product"}],"replies":[{"embeddable":true,"href":"https:\/\/aral2.cetrexmarketing.com\/ca\/wp-json\/wp\/v2\/comments?post=78726"}],"wp:featuredmedia":[{"embeddable":true,"href":"https:\/\/aral2.cetrexmarketing.com\/ca\/wp-json\/wp\/v2\/media\/78012"}],"wp:attachment":[{"href":"https:\/\/aral2.cetrexmarketing.com\/ca\/wp-json\/wp\/v2\/media?parent=78726"}],"wp:term":[{"taxonomy":"pwb-brand","embeddable":true,"href":"https:\/\/aral2.cetrexmarketing.com\/ca\/wp-json\/wp\/v2\/pwb-brand?post=78726"},{"taxonomy":"product_brand","embeddable":true,"href":"https:\/\/aral2.cetrexmarketing.com\/ca\/wp-json\/wp\/v2\/product_brand?post=78726"},{"taxonomy":"product_cat","embeddable":true,"href":"https:\/\/aral2.cetrexmarketing.com\/ca\/wp-json\/wp\/v2\/product_cat?post=78726"},{"taxonomy":"product_tag","embeddable":true,"href":"https:\/\/aral2.cetrexmarketing.com\/ca\/wp-json\/wp\/v2\/product_tag?post=78726"}],"curies":[{"name":"wp","href":"https:\/\/api.w.org\/{rel}","templated":true}]}}