{"id":78695,"date":"2025-05-24T06:58:58","date_gmt":"2025-05-24T06:58:58","guid":{"rendered":"https:\/\/aral2.cetrexmarketing.com\/producto\/perelada-blanc-de-blancs-2\/"},"modified":"2025-05-24T06:59:00","modified_gmt":"2025-05-24T06:59:00","slug":"perelada-blanc-de-blancs-2","status":"publish","type":"product","link":"https:\/\/aral2.cetrexmarketing.com\/ca\/producto\/perelada-blanc-de-blancs-2\/","title":{"rendered":"Perelada Blanc de Blancs"},"content":{"rendered":"<p>El <strong>Perelada Blanc de Blancs<\/strong> \u00e9s un vi blanc produ\u00eft per la bodega Castillo Perelada, situada a la regi\u00f3 de l&#8217;Empord\u00e0, Catalunya, Espanya. Aquest vi s&#8217;elabora a partir d&#8217;una acurada selecci\u00f3 de varietats de ra\u00efm blanques t\u00edpiques del clima mediterrani, incloent Macabeu, Chardonnay, Sauvignon Blanc i Garnatxa Blanca.<\/p>\n<p><strong>Caracter\u00edstiques del vi:<\/strong><\/p>\n<ul>\n<li><strong>Color:<\/strong> Presenta un to groc p\u00e0l\u00b7lid amb reflexos verdosos, que indica la seva joventut i frescor.<\/li>\n<li><strong>Aroma<\/strong>: En nas, ofereix intensos aromes de fruits blancs com la poma i la pera, acompanyats de subtils notes florals que aporten complexitat i eleg\u00e0ncia.<\/li>\n<li><strong>Sabor:<\/strong> En boca, \u00e9s un vi equilibrat, fresc i amable, amb una acidesa ben integrada que real\u00e7a la seva vivacitat. El seu final \u00e9s persistent, deixant una sensaci\u00f3 agradable i duradora.<\/li>\n<\/ul>\n<p><strong>Maridatge:<\/strong><\/p>\n<p>El Perelada Blanc de Blancs \u00e9s vers\u00e0til pel que fa als maridatges. Es recomana acompanyar-lo amb peixos, marisc, amanides fresques i plats de cuina mediterr\u00e0nia. Tamb\u00e9 \u00e9s una excel\u00b7lent opci\u00f3 com a aperitiu gr\u00e0cies a la seva frescor i lleugeresa.<\/p>\n<p><strong>Temperatura de servei:<\/strong><\/p>\n<p>Per apreciar plenament les seves qualitats organol\u00e8ptiques, es recomana servir aquest vi a una temperatura entre 8 i 10 graus Celsius.<\/p>\n<p><strong>Celler Castillo Perelada:<\/strong><\/p>\n<p>Castillo Perelada \u00e9s una bodega amb una llarga tradici\u00f3 vin\u00edcola a la regi\u00f3 de l&#8217;Empord\u00e0. Combina m\u00e8todes tradicionals amb tecnologies modernes per produir vins que reflecteixen l&#8217;ess\u00e8ncia del terreny catal\u00e0.<\/p>\n<p>En resum, el <strong>Perelada Blanc de Blancs<\/strong> \u00e9s un vi blanc jove i fresc que captura l&#8217;ess\u00e8ncia de les varietats mediterr\u00e0nies, oferint una experi\u00e8ncia arom\u00e0tica i gustativa equilibrada i plaent.<\/p>\n","protected":false},"excerpt":{"rendered":"<p>Aquest vi de marcades aromes a flors i fruites, t\u00e9 un car\u00e1cter suau i elegant que remet directament a les varietats de les quals prov\u00e9, totes elles t\u00edpiques del clima mediterrani.<\/p>\n","protected":false},"featured_media":77990,"comment_status":"closed","ping_status":"closed","template":"","meta":{"_acf_changed":false},"pwb-brand":[32873],"product_brand":[],"product_cat":[51670,51672],"product_tag":[48917],"class_list":{"0":"post-78695","1":"product","2":"type-product","3":"status-publish","4":"has-post-thumbnail","6":"pwb-brand-catalunya-d-o","7":"product_cat-vi","8":"product_cat-vi-blanc","9":"product_tag-vi-blanc-ca","10":"pa_anada-45483","11":"pa_bodega-cavasdelcastillodeperelada","12":"pa_do-emporda-d-o-ca","13":"pa_envejecimiento-jove","14":"pa_formatoenl-36158","15":"pa_formatoenml-38306","16":"pa_graduacion-13_0","17":"pa_pais-espanya-ca","18":"pa_pesoengramos-38342","19":"pa_pesoenkg-10-ca","20":"pa_pueblociudad-peraladagirona","21":"pa_region-cataluna","22":"pa_tipodevino-vi-tranquil","23":"pa_variedades-macabeo_garnachablanca-ca","24":"entry","25":"has-media","27":"first","28":"instock","29":"taxable","30":"shipping-taxable","31":"purchasable","32":"product-type-simple"},"acf":[],"yoast_head":"<!-- This site is optimized with the Yoast SEO Premium plugin v23.1 (Yoast SEO v23.5) - https:\/\/yoast.com\/wordpress\/plugins\/seo\/ -->\n<title>Perelada Blanc de Blancs vi blanc<\/title>\n<meta name=\"description\" content=\"Comprar vi blanc Blanc de Blancs de Perelada al millor preu. Botiga online de vins amb descomptes, ofertes y promocions. Gran selecci\u00f3 de productes gourmet.\" \/>\n<meta name=\"robots\" content=\"noindex, follow, max-snippet:-1, max-image-preview:large, max-video-preview:-1\" \/>\n<meta property=\"og:locale\" content=\"ca_ES\" \/>\n<meta property=\"og:type\" content=\"article\" \/>\n<meta property=\"og:title\" content=\"Perelada Blanc de Blancs\" \/>\n<meta property=\"og:description\" content=\"Comprar vi blanc Blanc de Blancs de Perelada al millor preu. Botiga online de vins amb descomptes, ofertes y promocions. Gran selecci\u00f3 de productes gourmet.\" \/>\n<meta property=\"og:url\" content=\"https:\/\/aral2.cetrexmarketing.com\/ca\/producto\/perelada-blanc-de-blancs-2\/\" \/>\n<meta property=\"og:site_name\" content=\"M\u00f3n La Cata\" \/>\n<meta property=\"article:modified_time\" content=\"2025-05-24T06:59:00+00:00\" \/>\n<meta property=\"og:image\" content=\"https:\/\/aral2.cetrexmarketing.com\/wp-content\/uploads\/2025\/01\/Perelada-Blanc-de-Blancs.jpg.png\" \/>\n\t<meta property=\"og:image:width\" content=\"765\" \/>\n\t<meta property=\"og:image:height\" content=\"1024\" \/>\n\t<meta property=\"og:image:type\" content=\"image\/png\" \/>\n<meta name=\"twitter:card\" content=\"summary_large_image\" \/>\n<meta name=\"twitter:label1\" content=\"Temps estimat de lectura\" \/>\n\t<meta name=\"twitter:data1\" content=\"2 minuts\" \/>\n<script type=\"application\/ld+json\" class=\"yoast-schema-graph\">{\"@context\":\"https:\/\/schema.org\",\"@graph\":[{\"@type\":\"WebPage\",\"@id\":\"https:\/\/aral2.cetrexmarketing.com\/ca\/producto\/perelada-blanc-de-blancs-2\/\",\"url\":\"https:\/\/aral2.cetrexmarketing.com\/ca\/producto\/perelada-blanc-de-blancs-2\/\",\"name\":\"Perelada Blanc de Blancs vi blanc\",\"isPartOf\":{\"@id\":\"https:\/\/aral2.cetrexmarketing.com\/#website\"},\"primaryImageOfPage\":{\"@id\":\"https:\/\/aral2.cetrexmarketing.com\/ca\/producto\/perelada-blanc-de-blancs-2\/#primaryimage\"},\"image\":{\"@id\":\"https:\/\/aral2.cetrexmarketing.com\/ca\/producto\/perelada-blanc-de-blancs-2\/#primaryimage\"},\"thumbnailUrl\":\"https:\/\/aral2.cetrexmarketing.com\/wp-content\/uploads\/2025\/01\/Perelada-Blanc-de-Blancs.jpg.png\",\"datePublished\":\"2025-05-24T06:58:58+00:00\",\"dateModified\":\"2025-05-24T06:59:00+00:00\",\"description\":\"Comprar vi blanc Blanc de Blancs de Perelada al millor preu. Botiga online de vins amb descomptes, ofertes y promocions. Gran selecci\u00f3 de productes gourmet.\",\"breadcrumb\":{\"@id\":\"https:\/\/aral2.cetrexmarketing.com\/ca\/producto\/perelada-blanc-de-blancs-2\/#breadcrumb\"},\"inLanguage\":\"ca\",\"potentialAction\":[{\"@type\":\"ReadAction\",\"target\":[\"https:\/\/aral2.cetrexmarketing.com\/ca\/producto\/perelada-blanc-de-blancs-2\/\"]}]},{\"@type\":\"ImageObject\",\"inLanguage\":\"ca\",\"@id\":\"https:\/\/aral2.cetrexmarketing.com\/ca\/producto\/perelada-blanc-de-blancs-2\/#primaryimage\",\"url\":\"https:\/\/aral2.cetrexmarketing.com\/wp-content\/uploads\/2025\/01\/Perelada-Blanc-de-Blancs.jpg.png\",\"contentUrl\":\"https:\/\/aral2.cetrexmarketing.com\/wp-content\/uploads\/2025\/01\/Perelada-Blanc-de-Blancs.jpg.png\",\"width\":765,\"height\":1024},{\"@type\":\"BreadcrumbList\",\"@id\":\"https:\/\/aral2.cetrexmarketing.com\/ca\/producto\/perelada-blanc-de-blancs-2\/#breadcrumb\",\"itemListElement\":[{\"@type\":\"ListItem\",\"position\":1,\"name\":\"Home\",\"item\":\"https:\/\/aral2.cetrexmarketing.com\/ca\/\"},{\"@type\":\"ListItem\",\"position\":2,\"name\":\"Tienda\",\"item\":\"https:\/\/aral2.cetrexmarketing.com\/ca\/tienda-2\/\"},{\"@type\":\"ListItem\",\"position\":3,\"name\":\"Vi\",\"item\":\"https:\/\/aral2.cetrexmarketing.com\/categoria-producto\/vi\/\"},{\"@type\":\"ListItem\",\"position\":4,\"name\":\"Vi Blanc\",\"item\":\"https:\/\/aral2.cetrexmarketing.com\/categoria-producto\/vi\/vi-blanc\/\"},{\"@type\":\"ListItem\",\"position\":5,\"name\":\"Perelada Blanc de Blancs\"}]},{\"@type\":\"WebSite\",\"@id\":\"https:\/\/aral2.cetrexmarketing.com\/#website\",\"url\":\"https:\/\/aral2.cetrexmarketing.com\/\",\"name\":\"M\u00f3n La Cata\",\"description\":\"Tienda de vinos, licores, cervezas y gourmet\",\"publisher\":{\"@id\":\"https:\/\/aral2.cetrexmarketing.com\/#organization\"},\"potentialAction\":[{\"@type\":\"SearchAction\",\"target\":{\"@type\":\"EntryPoint\",\"urlTemplate\":\"https:\/\/aral2.cetrexmarketing.com\/?s={search_term_string}\"},\"query-input\":{\"@type\":\"PropertyValueSpecification\",\"valueRequired\":true,\"valueName\":\"search_term_string\"}}],\"inLanguage\":\"ca\"},{\"@type\":\"Organization\",\"@id\":\"https:\/\/aral2.cetrexmarketing.com\/#organization\",\"name\":\"M\u00f3n La Cata\",\"url\":\"https:\/\/aral2.cetrexmarketing.com\/\",\"logo\":{\"@type\":\"ImageObject\",\"inLanguage\":\"ca\",\"@id\":\"https:\/\/aral2.cetrexmarketing.com\/#\/schema\/logo\/image\/\",\"url\":\"https:\/\/aral2.cetrexmarketing.com\/wp-content\/uploads\/2024\/10\/aral-logo-neg-1024x409-1.png\",\"contentUrl\":\"https:\/\/aral2.cetrexmarketing.com\/wp-content\/uploads\/2024\/10\/aral-logo-neg-1024x409-1.png\",\"width\":1024,\"height\":409,\"caption\":\"M\u00f3n La Cata\"},\"image\":{\"@id\":\"https:\/\/aral2.cetrexmarketing.com\/#\/schema\/logo\/image\/\"}}]}<\/script>\n<!-- \/ Yoast SEO Premium plugin. -->","yoast_head_json":{"title":"Perelada Blanc de Blancs vi blanc","description":"Comprar vi blanc Blanc de Blancs de Perelada al millor preu. Botiga online de vins amb descomptes, ofertes y promocions. Gran selecci\u00f3 de productes gourmet.","robots":{"index":"noindex","follow":"follow","max-snippet":"max-snippet:-1","max-image-preview":"max-image-preview:large","max-video-preview":"max-video-preview:-1"},"og_locale":"ca_ES","og_type":"article","og_title":"Perelada Blanc de Blancs","og_description":"Comprar vi blanc Blanc de Blancs de Perelada al millor preu. Botiga online de vins amb descomptes, ofertes y promocions. Gran selecci\u00f3 de productes gourmet.","og_url":"https:\/\/aral2.cetrexmarketing.com\/ca\/producto\/perelada-blanc-de-blancs-2\/","og_site_name":"M\u00f3n La Cata","article_modified_time":"2025-05-24T06:59:00+00:00","og_image":[{"width":765,"height":1024,"url":"https:\/\/aral2.cetrexmarketing.com\/wp-content\/uploads\/2025\/01\/Perelada-Blanc-de-Blancs.jpg.png","type":"image\/png"}],"twitter_card":"summary_large_image","twitter_misc":{"Temps estimat de lectura":"2 minuts"},"schema":{"@context":"https:\/\/schema.org","@graph":[{"@type":"WebPage","@id":"https:\/\/aral2.cetrexmarketing.com\/ca\/producto\/perelada-blanc-de-blancs-2\/","url":"https:\/\/aral2.cetrexmarketing.com\/ca\/producto\/perelada-blanc-de-blancs-2\/","name":"Perelada Blanc de Blancs vi blanc","isPartOf":{"@id":"https:\/\/aral2.cetrexmarketing.com\/#website"},"primaryImageOfPage":{"@id":"https:\/\/aral2.cetrexmarketing.com\/ca\/producto\/perelada-blanc-de-blancs-2\/#primaryimage"},"image":{"@id":"https:\/\/aral2.cetrexmarketing.com\/ca\/producto\/perelada-blanc-de-blancs-2\/#primaryimage"},"thumbnailUrl":"https:\/\/aral2.cetrexmarketing.com\/wp-content\/uploads\/2025\/01\/Perelada-Blanc-de-Blancs.jpg.png","datePublished":"2025-05-24T06:58:58+00:00","dateModified":"2025-05-24T06:59:00+00:00","description":"Comprar vi blanc Blanc de Blancs de Perelada al millor preu. Botiga online de vins amb descomptes, ofertes y promocions. Gran selecci\u00f3 de productes gourmet.","breadcrumb":{"@id":"https:\/\/aral2.cetrexmarketing.com\/ca\/producto\/perelada-blanc-de-blancs-2\/#breadcrumb"},"inLanguage":"ca","potentialAction":[{"@type":"ReadAction","target":["https:\/\/aral2.cetrexmarketing.com\/ca\/producto\/perelada-blanc-de-blancs-2\/"]}]},{"@type":"ImageObject","inLanguage":"ca","@id":"https:\/\/aral2.cetrexmarketing.com\/ca\/producto\/perelada-blanc-de-blancs-2\/#primaryimage","url":"https:\/\/aral2.cetrexmarketing.com\/wp-content\/uploads\/2025\/01\/Perelada-Blanc-de-Blancs.jpg.png","contentUrl":"https:\/\/aral2.cetrexmarketing.com\/wp-content\/uploads\/2025\/01\/Perelada-Blanc-de-Blancs.jpg.png","width":765,"height":1024},{"@type":"BreadcrumbList","@id":"https:\/\/aral2.cetrexmarketing.com\/ca\/producto\/perelada-blanc-de-blancs-2\/#breadcrumb","itemListElement":[{"@type":"ListItem","position":1,"name":"Home","item":"https:\/\/aral2.cetrexmarketing.com\/ca\/"},{"@type":"ListItem","position":2,"name":"Tienda","item":"https:\/\/aral2.cetrexmarketing.com\/ca\/tienda-2\/"},{"@type":"ListItem","position":3,"name":"Vi","item":"https:\/\/aral2.cetrexmarketing.com\/categoria-producto\/vi\/"},{"@type":"ListItem","position":4,"name":"Vi Blanc","item":"https:\/\/aral2.cetrexmarketing.com\/categoria-producto\/vi\/vi-blanc\/"},{"@type":"ListItem","position":5,"name":"Perelada Blanc de Blancs"}]},{"@type":"WebSite","@id":"https:\/\/aral2.cetrexmarketing.com\/#website","url":"https:\/\/aral2.cetrexmarketing.com\/","name":"M\u00f3n La Cata","description":"Tienda de vinos, licores, cervezas y gourmet","publisher":{"@id":"https:\/\/aral2.cetrexmarketing.com\/#organization"},"potentialAction":[{"@type":"SearchAction","target":{"@type":"EntryPoint","urlTemplate":"https:\/\/aral2.cetrexmarketing.com\/?s={search_term_string}"},"query-input":{"@type":"PropertyValueSpecification","valueRequired":true,"valueName":"search_term_string"}}],"inLanguage":"ca"},{"@type":"Organization","@id":"https:\/\/aral2.cetrexmarketing.com\/#organization","name":"M\u00f3n La Cata","url":"https:\/\/aral2.cetrexmarketing.com\/","logo":{"@type":"ImageObject","inLanguage":"ca","@id":"https:\/\/aral2.cetrexmarketing.com\/#\/schema\/logo\/image\/","url":"https:\/\/aral2.cetrexmarketing.com\/wp-content\/uploads\/2024\/10\/aral-logo-neg-1024x409-1.png","contentUrl":"https:\/\/aral2.cetrexmarketing.com\/wp-content\/uploads\/2024\/10\/aral-logo-neg-1024x409-1.png","width":1024,"height":409,"caption":"M\u00f3n La Cata"},"image":{"@id":"https:\/\/aral2.cetrexmarketing.com\/#\/schema\/logo\/image\/"}}]}},"brands":[{"id":32873,"name":"Catalunya D.O.","slug":"catalunya-d-o"}],"_links":{"self":[{"href":"https:\/\/aral2.cetrexmarketing.com\/ca\/wp-json\/wp\/v2\/product\/78695","targetHints":{"allow":["GET"]}}],"collection":[{"href":"https:\/\/aral2.cetrexmarketing.com\/ca\/wp-json\/wp\/v2\/product"}],"about":[{"href":"https:\/\/aral2.cetrexmarketing.com\/ca\/wp-json\/wp\/v2\/types\/product"}],"replies":[{"embeddable":true,"href":"https:\/\/aral2.cetrexmarketing.com\/ca\/wp-json\/wp\/v2\/comments?post=78695"}],"wp:featuredmedia":[{"embeddable":true,"href":"https:\/\/aral2.cetrexmarketing.com\/ca\/wp-json\/wp\/v2\/media\/77990"}],"wp:attachment":[{"href":"https:\/\/aral2.cetrexmarketing.com\/ca\/wp-json\/wp\/v2\/media?parent=78695"}],"wp:term":[{"taxonomy":"pwb-brand","embeddable":true,"href":"https:\/\/aral2.cetrexmarketing.com\/ca\/wp-json\/wp\/v2\/pwb-brand?post=78695"},{"taxonomy":"product_brand","embeddable":true,"href":"https:\/\/aral2.cetrexmarketing.com\/ca\/wp-json\/wp\/v2\/product_brand?post=78695"},{"taxonomy":"product_cat","embeddable":true,"href":"https:\/\/aral2.cetrexmarketing.com\/ca\/wp-json\/wp\/v2\/product_cat?post=78695"},{"taxonomy":"product_tag","embeddable":true,"href":"https:\/\/aral2.cetrexmarketing.com\/ca\/wp-json\/wp\/v2\/product_tag?post=78695"}],"curies":[{"name":"wp","href":"https:\/\/api.w.org\/{rel}","templated":true}]}}