{"id":78644,"date":"2025-05-24T06:58:10","date_gmt":"2025-05-24T06:58:10","guid":{"rendered":"https:\/\/aral2.cetrexmarketing.com\/producto\/alta-alella-parvus-chardonnay-2\/"},"modified":"2025-05-24T06:58:11","modified_gmt":"2025-05-24T06:58:11","slug":"alta-alella-parvus-chardonnay-2","status":"publish","type":"product","link":"https:\/\/aral2.cetrexmarketing.com\/ca\/producto\/alta-alella-parvus-chardonnay-2\/","title":{"rendered":"Alta Alella Parvus Chardonnay"},"content":{"rendered":"<p><strong>Alta Alella Parvus Chardonnay<\/strong> \u00e9s un vi blanc elegant i de gran qualitat, produ\u00eft a la regi\u00f3 d&#8217;Alella, a prop de Barcelona. Aquest vi s&#8217;elabora exclusivament amb ra\u00efm Chardonnay, una varietat coneguda per la seva versatilitat i capacitat per expressar el terrer. Al nas, presenta aromes intensos de fruites tropicals com la pinya i el mango, juntament amb notes de poma verda i un delicat toc de roure a causa de la seva fermentaci\u00f3 parcial en barrils. A la boca, \u00e9s fresc i crem\u00f3s, amb una acidesa ben equilibrada i un final llarg i harmoni\u00f3s. Alta Alella Parvus Chardonnay \u00e9s ideal per maridar amb peixos, marisc, aus i plats amb salses suaus, aix\u00ed com per gaudir en ocasions especials.<\/p>\n<p>Fresc, afruitat, gras, untu\u00f3s i d\u2019acidesa equilibrada. Despr\u00e9s d\u2019una selecci\u00f3 a la taula de tria, els ra\u00efms maceren amb les pells per obtenir una millor extracci\u00f3 arom\u00e0tica. Fermenta en barriques noves de roure franc\u00e8s d\u2019Allier durant 3 mesos.<\/p>\n","protected":false},"excerpt":{"rendered":"<p>Fresc, afruitat, gras, untu\u00f3s i d\u2019acidesa equilibrada. Despr\u00e9s d\u2019una selecci\u00f3 a la taula de tria, els ra\u00efms maceren amb les pells per obtenir una millor extracci\u00f3 arom\u00e0tica. Fermenta en barriques noves de roure franc\u00e8s d\u2019Allier durant 3 mesos.<\/p>\n","protected":false},"featured_media":77918,"comment_status":"closed","ping_status":"closed","template":"","meta":{"_acf_changed":false},"pwb-brand":[32865,32868],"product_brand":[],"product_cat":[51669,51670,51672],"product_tag":[15050,14882,15054,14883,48917],"class_list":{"0":"post-78644","1":"product","2":"type-product","3":"status-publish","4":"has-post-thumbnail","6":"pwb-brand-alella-d-o","7":"pwb-brand-ca-altaalella-mirgin-ca","8":"product_cat-ecologic","9":"product_cat-vi","10":"product_cat-vi-blanc","11":"product_tag-alella-ca","12":"product_tag-alta-alella-ca","13":"product_tag-chardonnay-ca","14":"product_tag-parvus-ca","15":"product_tag-vi-blanc-ca","16":"pa_anada-36214","17":"pa_bodega-altaalella","18":"pa_do-alellado-ca","19":"pa_ecologico-vegano-natural-ecologic","20":"pa_envejecimiento-jove","21":"pa_formatoenml-38306","22":"pa_gastronomico-blanc-gastronomic","23":"pa_graduacion-13_0","24":"pa_maridaje-carn-blanca","25":"pa_maridaje-formatge-cremos","26":"pa_maridaje-marisc","27":"pa_maridaje-midons","28":"pa_maridaje-peix","29":"pa_pais-espanya-ca","30":"pa_potente-blanc-potent","31":"pa_tipodevino-vi-tranquil","32":"pa_variedad-principal-chardonnay-ca","33":"entry","34":"has-media","36":"first","37":"instock","38":"taxable","39":"shipping-taxable","40":"purchasable","41":"product-type-simple"},"acf":[],"yoast_head":"<!-- This site is optimized with the Yoast SEO Premium plugin v23.1 (Yoast SEO v23.5) - https:\/\/yoast.com\/wordpress\/plugins\/seo\/ -->\n<title>Parvus Chardonnay Alta Alella vi blanc de la DO Alella<\/title>\n<meta name=\"description\" content=\"Comprar online al millor preu el vi blanc Parvus Chardonnay d&#039;Alta Alella a la DO Alella. Viniteca. Begudes. Licoreria. Destil\u00b7lats. Productes Gourmet. Ofertes.\" \/>\n<meta name=\"robots\" content=\"noindex, follow, max-snippet:-1, max-image-preview:large, max-video-preview:-1\" \/>\n<meta property=\"og:locale\" content=\"ca_ES\" \/>\n<meta property=\"og:type\" content=\"article\" \/>\n<meta property=\"og:title\" content=\"Alta Alella Parvus Chardonnay\" \/>\n<meta property=\"og:description\" content=\"Comprar online al millor preu el vi blanc Parvus Chardonnay d&#039;Alta Alella a la DO Alella. Viniteca. Begudes. Licoreria. Destil\u00b7lats. Productes Gourmet. Ofertes.\" \/>\n<meta property=\"og:url\" content=\"https:\/\/aral2.cetrexmarketing.com\/ca\/producto\/alta-alella-parvus-chardonnay-2\/\" \/>\n<meta property=\"og:site_name\" content=\"M\u00f3n La Cata\" \/>\n<meta property=\"article:modified_time\" content=\"2025-05-24T06:58:11+00:00\" \/>\n<meta property=\"og:image\" content=\"https:\/\/aral2.cetrexmarketing.com\/wp-content\/uploads\/2025\/01\/ALTA-ALELLA-PARVUS-CHARDONNAY.jpg.png\" \/>\n\t<meta property=\"og:image:width\" content=\"765\" \/>\n\t<meta property=\"og:image:height\" content=\"1024\" \/>\n\t<meta property=\"og:image:type\" content=\"image\/png\" \/>\n<meta name=\"twitter:card\" content=\"summary_large_image\" \/>\n<meta name=\"twitter:label1\" content=\"Temps estimat de lectura\" \/>\n\t<meta name=\"twitter:data1\" content=\"2 minuts\" \/>\n<script type=\"application\/ld+json\" class=\"yoast-schema-graph\">{\"@context\":\"https:\/\/schema.org\",\"@graph\":[{\"@type\":\"WebPage\",\"@id\":\"https:\/\/aral2.cetrexmarketing.com\/ca\/producto\/alta-alella-parvus-chardonnay-2\/\",\"url\":\"https:\/\/aral2.cetrexmarketing.com\/ca\/producto\/alta-alella-parvus-chardonnay-2\/\",\"name\":\"Parvus Chardonnay Alta Alella vi blanc de la DO Alella\",\"isPartOf\":{\"@id\":\"https:\/\/aral2.cetrexmarketing.com\/#website\"},\"primaryImageOfPage\":{\"@id\":\"https:\/\/aral2.cetrexmarketing.com\/ca\/producto\/alta-alella-parvus-chardonnay-2\/#primaryimage\"},\"image\":{\"@id\":\"https:\/\/aral2.cetrexmarketing.com\/ca\/producto\/alta-alella-parvus-chardonnay-2\/#primaryimage\"},\"thumbnailUrl\":\"https:\/\/aral2.cetrexmarketing.com\/wp-content\/uploads\/2025\/01\/ALTA-ALELLA-PARVUS-CHARDONNAY.jpg.png\",\"datePublished\":\"2025-05-24T06:58:10+00:00\",\"dateModified\":\"2025-05-24T06:58:11+00:00\",\"description\":\"Comprar online al millor preu el vi blanc Parvus Chardonnay d'Alta Alella a la DO Alella. Viniteca. Begudes. Licoreria. Destil\u00b7lats. Productes Gourmet. Ofertes.\",\"breadcrumb\":{\"@id\":\"https:\/\/aral2.cetrexmarketing.com\/ca\/producto\/alta-alella-parvus-chardonnay-2\/#breadcrumb\"},\"inLanguage\":\"ca\",\"potentialAction\":[{\"@type\":\"ReadAction\",\"target\":[\"https:\/\/aral2.cetrexmarketing.com\/ca\/producto\/alta-alella-parvus-chardonnay-2\/\"]}]},{\"@type\":\"ImageObject\",\"inLanguage\":\"ca\",\"@id\":\"https:\/\/aral2.cetrexmarketing.com\/ca\/producto\/alta-alella-parvus-chardonnay-2\/#primaryimage\",\"url\":\"https:\/\/aral2.cetrexmarketing.com\/wp-content\/uploads\/2025\/01\/ALTA-ALELLA-PARVUS-CHARDONNAY.jpg.png\",\"contentUrl\":\"https:\/\/aral2.cetrexmarketing.com\/wp-content\/uploads\/2025\/01\/ALTA-ALELLA-PARVUS-CHARDONNAY.jpg.png\",\"width\":765,\"height\":1024},{\"@type\":\"BreadcrumbList\",\"@id\":\"https:\/\/aral2.cetrexmarketing.com\/ca\/producto\/alta-alella-parvus-chardonnay-2\/#breadcrumb\",\"itemListElement\":[{\"@type\":\"ListItem\",\"position\":1,\"name\":\"Home\",\"item\":\"https:\/\/aral2.cetrexmarketing.com\/ca\/\"},{\"@type\":\"ListItem\",\"position\":2,\"name\":\"Tienda\",\"item\":\"https:\/\/aral2.cetrexmarketing.com\/ca\/tienda-2\/\"},{\"@type\":\"ListItem\",\"position\":3,\"name\":\"Vi\",\"item\":\"https:\/\/aral2.cetrexmarketing.com\/categoria-producto\/vi\/\"},{\"@type\":\"ListItem\",\"position\":4,\"name\":\"Vi Blanc\",\"item\":\"https:\/\/aral2.cetrexmarketing.com\/categoria-producto\/vi\/vi-blanc\/\"},{\"@type\":\"ListItem\",\"position\":5,\"name\":\"Alta Alella Parvus Chardonnay\"}]},{\"@type\":\"WebSite\",\"@id\":\"https:\/\/aral2.cetrexmarketing.com\/#website\",\"url\":\"https:\/\/aral2.cetrexmarketing.com\/\",\"name\":\"M\u00f3n La Cata\",\"description\":\"Tienda de vinos, licores, cervezas y gourmet\",\"publisher\":{\"@id\":\"https:\/\/aral2.cetrexmarketing.com\/#organization\"},\"potentialAction\":[{\"@type\":\"SearchAction\",\"target\":{\"@type\":\"EntryPoint\",\"urlTemplate\":\"https:\/\/aral2.cetrexmarketing.com\/?s={search_term_string}\"},\"query-input\":{\"@type\":\"PropertyValueSpecification\",\"valueRequired\":true,\"valueName\":\"search_term_string\"}}],\"inLanguage\":\"ca\"},{\"@type\":\"Organization\",\"@id\":\"https:\/\/aral2.cetrexmarketing.com\/#organization\",\"name\":\"M\u00f3n La Cata\",\"url\":\"https:\/\/aral2.cetrexmarketing.com\/\",\"logo\":{\"@type\":\"ImageObject\",\"inLanguage\":\"ca\",\"@id\":\"https:\/\/aral2.cetrexmarketing.com\/#\/schema\/logo\/image\/\",\"url\":\"https:\/\/aral2.cetrexmarketing.com\/wp-content\/uploads\/2024\/10\/aral-logo-neg-1024x409-1.png\",\"contentUrl\":\"https:\/\/aral2.cetrexmarketing.com\/wp-content\/uploads\/2024\/10\/aral-logo-neg-1024x409-1.png\",\"width\":1024,\"height\":409,\"caption\":\"M\u00f3n La Cata\"},\"image\":{\"@id\":\"https:\/\/aral2.cetrexmarketing.com\/#\/schema\/logo\/image\/\"}}]}<\/script>\n<!-- \/ Yoast SEO Premium plugin. -->","yoast_head_json":{"title":"Parvus Chardonnay Alta Alella vi blanc de la DO Alella","description":"Comprar online al millor preu el vi blanc Parvus Chardonnay d'Alta Alella a la DO Alella. Viniteca. Begudes. Licoreria. Destil\u00b7lats. Productes Gourmet. Ofertes.","robots":{"index":"noindex","follow":"follow","max-snippet":"max-snippet:-1","max-image-preview":"max-image-preview:large","max-video-preview":"max-video-preview:-1"},"og_locale":"ca_ES","og_type":"article","og_title":"Alta Alella Parvus Chardonnay","og_description":"Comprar online al millor preu el vi blanc Parvus Chardonnay d'Alta Alella a la DO Alella. Viniteca. Begudes. Licoreria. Destil\u00b7lats. Productes Gourmet. Ofertes.","og_url":"https:\/\/aral2.cetrexmarketing.com\/ca\/producto\/alta-alella-parvus-chardonnay-2\/","og_site_name":"M\u00f3n La Cata","article_modified_time":"2025-05-24T06:58:11+00:00","og_image":[{"width":765,"height":1024,"url":"https:\/\/aral2.cetrexmarketing.com\/wp-content\/uploads\/2025\/01\/ALTA-ALELLA-PARVUS-CHARDONNAY.jpg.png","type":"image\/png"}],"twitter_card":"summary_large_image","twitter_misc":{"Temps estimat de lectura":"2 minuts"},"schema":{"@context":"https:\/\/schema.org","@graph":[{"@type":"WebPage","@id":"https:\/\/aral2.cetrexmarketing.com\/ca\/producto\/alta-alella-parvus-chardonnay-2\/","url":"https:\/\/aral2.cetrexmarketing.com\/ca\/producto\/alta-alella-parvus-chardonnay-2\/","name":"Parvus Chardonnay Alta Alella vi blanc de la DO Alella","isPartOf":{"@id":"https:\/\/aral2.cetrexmarketing.com\/#website"},"primaryImageOfPage":{"@id":"https:\/\/aral2.cetrexmarketing.com\/ca\/producto\/alta-alella-parvus-chardonnay-2\/#primaryimage"},"image":{"@id":"https:\/\/aral2.cetrexmarketing.com\/ca\/producto\/alta-alella-parvus-chardonnay-2\/#primaryimage"},"thumbnailUrl":"https:\/\/aral2.cetrexmarketing.com\/wp-content\/uploads\/2025\/01\/ALTA-ALELLA-PARVUS-CHARDONNAY.jpg.png","datePublished":"2025-05-24T06:58:10+00:00","dateModified":"2025-05-24T06:58:11+00:00","description":"Comprar online al millor preu el vi blanc Parvus Chardonnay d'Alta Alella a la DO Alella. Viniteca. Begudes. Licoreria. Destil\u00b7lats. Productes Gourmet. Ofertes.","breadcrumb":{"@id":"https:\/\/aral2.cetrexmarketing.com\/ca\/producto\/alta-alella-parvus-chardonnay-2\/#breadcrumb"},"inLanguage":"ca","potentialAction":[{"@type":"ReadAction","target":["https:\/\/aral2.cetrexmarketing.com\/ca\/producto\/alta-alella-parvus-chardonnay-2\/"]}]},{"@type":"ImageObject","inLanguage":"ca","@id":"https:\/\/aral2.cetrexmarketing.com\/ca\/producto\/alta-alella-parvus-chardonnay-2\/#primaryimage","url":"https:\/\/aral2.cetrexmarketing.com\/wp-content\/uploads\/2025\/01\/ALTA-ALELLA-PARVUS-CHARDONNAY.jpg.png","contentUrl":"https:\/\/aral2.cetrexmarketing.com\/wp-content\/uploads\/2025\/01\/ALTA-ALELLA-PARVUS-CHARDONNAY.jpg.png","width":765,"height":1024},{"@type":"BreadcrumbList","@id":"https:\/\/aral2.cetrexmarketing.com\/ca\/producto\/alta-alella-parvus-chardonnay-2\/#breadcrumb","itemListElement":[{"@type":"ListItem","position":1,"name":"Home","item":"https:\/\/aral2.cetrexmarketing.com\/ca\/"},{"@type":"ListItem","position":2,"name":"Tienda","item":"https:\/\/aral2.cetrexmarketing.com\/ca\/tienda-2\/"},{"@type":"ListItem","position":3,"name":"Vi","item":"https:\/\/aral2.cetrexmarketing.com\/categoria-producto\/vi\/"},{"@type":"ListItem","position":4,"name":"Vi Blanc","item":"https:\/\/aral2.cetrexmarketing.com\/categoria-producto\/vi\/vi-blanc\/"},{"@type":"ListItem","position":5,"name":"Alta Alella Parvus Chardonnay"}]},{"@type":"WebSite","@id":"https:\/\/aral2.cetrexmarketing.com\/#website","url":"https:\/\/aral2.cetrexmarketing.com\/","name":"M\u00f3n La Cata","description":"Tienda de vinos, licores, cervezas y gourmet","publisher":{"@id":"https:\/\/aral2.cetrexmarketing.com\/#organization"},"potentialAction":[{"@type":"SearchAction","target":{"@type":"EntryPoint","urlTemplate":"https:\/\/aral2.cetrexmarketing.com\/?s={search_term_string}"},"query-input":{"@type":"PropertyValueSpecification","valueRequired":true,"valueName":"search_term_string"}}],"inLanguage":"ca"},{"@type":"Organization","@id":"https:\/\/aral2.cetrexmarketing.com\/#organization","name":"M\u00f3n La Cata","url":"https:\/\/aral2.cetrexmarketing.com\/","logo":{"@type":"ImageObject","inLanguage":"ca","@id":"https:\/\/aral2.cetrexmarketing.com\/#\/schema\/logo\/image\/","url":"https:\/\/aral2.cetrexmarketing.com\/wp-content\/uploads\/2024\/10\/aral-logo-neg-1024x409-1.png","contentUrl":"https:\/\/aral2.cetrexmarketing.com\/wp-content\/uploads\/2024\/10\/aral-logo-neg-1024x409-1.png","width":1024,"height":409,"caption":"M\u00f3n La Cata"},"image":{"@id":"https:\/\/aral2.cetrexmarketing.com\/#\/schema\/logo\/image\/"}}]}},"brands":[{"id":32865,"name":"Alella D.O.","slug":"alella-d-o"},{"id":32868,"name":"Alta Alella - Mirgin","slug":"ca-altaalella-mirgin-ca"}],"_links":{"self":[{"href":"https:\/\/aral2.cetrexmarketing.com\/ca\/wp-json\/wp\/v2\/product\/78644","targetHints":{"allow":["GET"]}}],"collection":[{"href":"https:\/\/aral2.cetrexmarketing.com\/ca\/wp-json\/wp\/v2\/product"}],"about":[{"href":"https:\/\/aral2.cetrexmarketing.com\/ca\/wp-json\/wp\/v2\/types\/product"}],"replies":[{"embeddable":true,"href":"https:\/\/aral2.cetrexmarketing.com\/ca\/wp-json\/wp\/v2\/comments?post=78644"}],"wp:featuredmedia":[{"embeddable":true,"href":"https:\/\/aral2.cetrexmarketing.com\/ca\/wp-json\/wp\/v2\/media\/77918"}],"wp:attachment":[{"href":"https:\/\/aral2.cetrexmarketing.com\/ca\/wp-json\/wp\/v2\/media?parent=78644"}],"wp:term":[{"taxonomy":"pwb-brand","embeddable":true,"href":"https:\/\/aral2.cetrexmarketing.com\/ca\/wp-json\/wp\/v2\/pwb-brand?post=78644"},{"taxonomy":"product_brand","embeddable":true,"href":"https:\/\/aral2.cetrexmarketing.com\/ca\/wp-json\/wp\/v2\/product_brand?post=78644"},{"taxonomy":"product_cat","embeddable":true,"href":"https:\/\/aral2.cetrexmarketing.com\/ca\/wp-json\/wp\/v2\/product_cat?post=78644"},{"taxonomy":"product_tag","embeddable":true,"href":"https:\/\/aral2.cetrexmarketing.com\/ca\/wp-json\/wp\/v2\/product_tag?post=78644"}],"curies":[{"name":"wp","href":"https:\/\/api.w.org\/{rel}","templated":true}]}}