{"id":78480,"date":"2025-05-24T06:55:18","date_gmt":"2025-05-24T06:55:18","guid":{"rendered":"https:\/\/aral2.cetrexmarketing.com\/producto\/perelada-finca-la-garriga-negre\/"},"modified":"2025-05-24T06:55:19","modified_gmt":"2025-05-24T06:55:19","slug":"perelada-finca-la-garriga-negre","status":"publish","type":"product","link":"https:\/\/aral2.cetrexmarketing.com\/ca\/producto\/perelada-finca-la-garriga-negre\/","title":{"rendered":"Perelada Finca La Garriga Negre"},"content":{"rendered":"<p>A la finca la Garriga trobem els ceps m\u00e9s vells de Peralada: Garnatxa i Sams\u00f3 amb m\u00e9s de 60 anys d&#8217;edat.<\/p>\n<p>Situat a la poblaci\u00f3 de Mollet de Peralada, aquesta vinya de 41 ha \u00e9s de terreny pla, llim-argil\u00f3s, amb sorres i<\/p>\n<p>grava, i d&#8217; un ph neutre.<\/p>\n<p>Tamb\u00e9 \u00e9s en aquesta finca on tenim la parcel\u00b7la d&#8217;experimentaci\u00f3, 1 ha en la qual comprovem l&#8217;adaptaci\u00f3<\/p>\n<p>a l&#8217; Empord\u00e0 de diferents varietats experimentals i portaematgers.<\/p>\n<p>Diversos dels vins de la col\u00b7lecci\u00f3 Ex Ex han nascut d&#8217;aquesta parcel\u00b7la.<\/p>\n","protected":false},"excerpt":{"rendered":"<p>A la Finca la Garriga hi ha les vinyes m\u00e9s antigues de Castell de Perelada. Aquesta monovarietat s&#8217; elabora a partir de mazuelo procedent de plantes de m\u00e9s de 50 anys.<\/p>\n<p>19 mesos de crian\u00e7a en b\u00f3ta.<\/p>\n<p>La seva aroma ens recorda a fruits vermells i negres, amb un toc bals\u00e0mic.<\/p>\n","protected":false},"featured_media":78477,"comment_status":"closed","ping_status":"closed","template":"","meta":{"_acf_changed":false},"pwb-brand":[32879],"product_brand":[],"product_cat":[51670,51671],"product_tag":[40302,14938,14937,14950],"class_list":{"0":"post-78480","1":"product","2":"type-product","3":"status-publish","4":"has-post-thumbnail","6":"pwb-brand-emporda-d-o","7":"product_cat-vi","8":"product_cat-vi-negre","9":"product_tag-carinyena","10":"product_tag-do-emporda-ca","11":"product_tag-emporda-ca","12":"product_tag-finca-la-garriga-ca","13":"pa_anada-36209","14":"pa_bodega-cavasdelcastillodeperelada","15":"pa_do-emporda-d-o-ca","16":"pa_envejecimiento-crianca","17":"pa_formatoenl-36158","18":"pa_formatoenml-38306","19":"pa_graduacion-13_5","20":"pa_pais-espanya-ca","21":"pa_pesoengramos-38337","22":"pa_pesoenkg-125-ca","23":"pa_pueblociudad-peraladagirona","24":"pa_region-cataluna","25":"pa_tipodevino-vi-tranquil","26":"pa_variedades-carinena-ca","27":"entry","28":"has-media","30":"first","31":"instock","32":"taxable","33":"shipping-taxable","34":"purchasable","35":"product-type-simple"},"acf":[],"yoast_head":"<!-- This site is optimized with the Yoast SEO Premium plugin v23.1 (Yoast SEO v23.5) - https:\/\/yoast.com\/wordpress\/plugins\/seo\/ -->\n<title>Perelada Finca La Garriga<\/title>\n<meta name=\"description\" content=\"Comprar online al millor preu el vi negre Finca La Garriga de Perelada DO Empord\u00e0. Vinoteca. Destil\u00b7lats. Licoreria. Begudes. Alimentaci\u00f3. Productes Gourmet.\" \/>\n<meta name=\"robots\" content=\"noindex, follow, max-snippet:-1, max-image-preview:large, max-video-preview:-1\" \/>\n<meta property=\"og:locale\" content=\"ca_ES\" \/>\n<meta property=\"og:type\" content=\"article\" \/>\n<meta property=\"og:title\" content=\"Perelada Finca La Garriga Negre\" \/>\n<meta property=\"og:description\" content=\"Comprar online al millor preu el vi negre Finca La Garriga de Perelada DO Empord\u00e0. Vinoteca. Destil\u00b7lats. Licoreria. Begudes. Alimentaci\u00f3. Productes Gourmet.\" \/>\n<meta property=\"og:url\" content=\"https:\/\/aral2.cetrexmarketing.com\/ca\/producto\/perelada-finca-la-garriga-negre\/\" \/>\n<meta property=\"og:site_name\" content=\"M\u00f3n La Cata\" \/>\n<meta property=\"article:modified_time\" content=\"2025-05-24T06:55:19+00:00\" \/>\n<meta property=\"og:image\" content=\"https:\/\/aral2.cetrexmarketing.com\/wp-content\/uploads\/2025\/05\/finca-la-garriga-negre-perelada.jpg.png\" \/>\n\t<meta property=\"og:image:width\" content=\"765\" \/>\n\t<meta property=\"og:image:height\" content=\"1024\" \/>\n\t<meta property=\"og:image:type\" content=\"image\/png\" \/>\n<meta name=\"twitter:card\" content=\"summary_large_image\" \/>\n<meta name=\"twitter:label1\" content=\"Temps estimat de lectura\" \/>\n\t<meta name=\"twitter:data1\" content=\"1 minut\" \/>\n<script type=\"application\/ld+json\" class=\"yoast-schema-graph\">{\"@context\":\"https:\/\/schema.org\",\"@graph\":[{\"@type\":\"WebPage\",\"@id\":\"https:\/\/aral2.cetrexmarketing.com\/ca\/producto\/perelada-finca-la-garriga-negre\/\",\"url\":\"https:\/\/aral2.cetrexmarketing.com\/ca\/producto\/perelada-finca-la-garriga-negre\/\",\"name\":\"Perelada Finca La Garriga\",\"isPartOf\":{\"@id\":\"https:\/\/aral2.cetrexmarketing.com\/#website\"},\"primaryImageOfPage\":{\"@id\":\"https:\/\/aral2.cetrexmarketing.com\/ca\/producto\/perelada-finca-la-garriga-negre\/#primaryimage\"},\"image\":{\"@id\":\"https:\/\/aral2.cetrexmarketing.com\/ca\/producto\/perelada-finca-la-garriga-negre\/#primaryimage\"},\"thumbnailUrl\":\"https:\/\/aral2.cetrexmarketing.com\/wp-content\/uploads\/2025\/05\/finca-la-garriga-negre-perelada.jpg.png\",\"datePublished\":\"2025-05-24T06:55:18+00:00\",\"dateModified\":\"2025-05-24T06:55:19+00:00\",\"description\":\"Comprar online al millor preu el vi negre Finca La Garriga de Perelada DO Empord\u00e0. Vinoteca. Destil\u00b7lats. Licoreria. Begudes. Alimentaci\u00f3. Productes Gourmet.\",\"breadcrumb\":{\"@id\":\"https:\/\/aral2.cetrexmarketing.com\/ca\/producto\/perelada-finca-la-garriga-negre\/#breadcrumb\"},\"inLanguage\":\"ca\",\"potentialAction\":[{\"@type\":\"ReadAction\",\"target\":[\"https:\/\/aral2.cetrexmarketing.com\/ca\/producto\/perelada-finca-la-garriga-negre\/\"]}]},{\"@type\":\"ImageObject\",\"inLanguage\":\"ca\",\"@id\":\"https:\/\/aral2.cetrexmarketing.com\/ca\/producto\/perelada-finca-la-garriga-negre\/#primaryimage\",\"url\":\"https:\/\/aral2.cetrexmarketing.com\/wp-content\/uploads\/2025\/05\/finca-la-garriga-negre-perelada.jpg.png\",\"contentUrl\":\"https:\/\/aral2.cetrexmarketing.com\/wp-content\/uploads\/2025\/05\/finca-la-garriga-negre-perelada.jpg.png\",\"width\":765,\"height\":1024},{\"@type\":\"BreadcrumbList\",\"@id\":\"https:\/\/aral2.cetrexmarketing.com\/ca\/producto\/perelada-finca-la-garriga-negre\/#breadcrumb\",\"itemListElement\":[{\"@type\":\"ListItem\",\"position\":1,\"name\":\"Home\",\"item\":\"https:\/\/aral2.cetrexmarketing.com\/ca\/\"},{\"@type\":\"ListItem\",\"position\":2,\"name\":\"Tienda\",\"item\":\"https:\/\/aral2.cetrexmarketing.com\/ca\/tienda-2\/\"},{\"@type\":\"ListItem\",\"position\":3,\"name\":\"Vi\",\"item\":\"https:\/\/aral2.cetrexmarketing.com\/categoria-producto\/vi\/\"},{\"@type\":\"ListItem\",\"position\":4,\"name\":\"Vi Negre\",\"item\":\"https:\/\/aral2.cetrexmarketing.com\/categoria-producto\/vi\/vi-negre\/\"},{\"@type\":\"ListItem\",\"position\":5,\"name\":\"Perelada Finca La Garriga Negre\"}]},{\"@type\":\"WebSite\",\"@id\":\"https:\/\/aral2.cetrexmarketing.com\/#website\",\"url\":\"https:\/\/aral2.cetrexmarketing.com\/\",\"name\":\"M\u00f3n La Cata\",\"description\":\"Tienda de vinos, licores, cervezas y gourmet\",\"publisher\":{\"@id\":\"https:\/\/aral2.cetrexmarketing.com\/#organization\"},\"potentialAction\":[{\"@type\":\"SearchAction\",\"target\":{\"@type\":\"EntryPoint\",\"urlTemplate\":\"https:\/\/aral2.cetrexmarketing.com\/?s={search_term_string}\"},\"query-input\":{\"@type\":\"PropertyValueSpecification\",\"valueRequired\":true,\"valueName\":\"search_term_string\"}}],\"inLanguage\":\"ca\"},{\"@type\":\"Organization\",\"@id\":\"https:\/\/aral2.cetrexmarketing.com\/#organization\",\"name\":\"M\u00f3n La Cata\",\"url\":\"https:\/\/aral2.cetrexmarketing.com\/\",\"logo\":{\"@type\":\"ImageObject\",\"inLanguage\":\"ca\",\"@id\":\"https:\/\/aral2.cetrexmarketing.com\/#\/schema\/logo\/image\/\",\"url\":\"https:\/\/aral2.cetrexmarketing.com\/wp-content\/uploads\/2024\/10\/aral-logo-neg-1024x409-1.png\",\"contentUrl\":\"https:\/\/aral2.cetrexmarketing.com\/wp-content\/uploads\/2024\/10\/aral-logo-neg-1024x409-1.png\",\"width\":1024,\"height\":409,\"caption\":\"M\u00f3n La Cata\"},\"image\":{\"@id\":\"https:\/\/aral2.cetrexmarketing.com\/#\/schema\/logo\/image\/\"}}]}<\/script>\n<!-- \/ Yoast SEO Premium plugin. -->","yoast_head_json":{"title":"Perelada Finca La Garriga","description":"Comprar online al millor preu el vi negre Finca La Garriga de Perelada DO Empord\u00e0. Vinoteca. Destil\u00b7lats. Licoreria. Begudes. Alimentaci\u00f3. Productes Gourmet.","robots":{"index":"noindex","follow":"follow","max-snippet":"max-snippet:-1","max-image-preview":"max-image-preview:large","max-video-preview":"max-video-preview:-1"},"og_locale":"ca_ES","og_type":"article","og_title":"Perelada Finca La Garriga Negre","og_description":"Comprar online al millor preu el vi negre Finca La Garriga de Perelada DO Empord\u00e0. Vinoteca. Destil\u00b7lats. Licoreria. Begudes. Alimentaci\u00f3. Productes Gourmet.","og_url":"https:\/\/aral2.cetrexmarketing.com\/ca\/producto\/perelada-finca-la-garriga-negre\/","og_site_name":"M\u00f3n La Cata","article_modified_time":"2025-05-24T06:55:19+00:00","og_image":[{"width":765,"height":1024,"url":"https:\/\/aral2.cetrexmarketing.com\/wp-content\/uploads\/2025\/05\/finca-la-garriga-negre-perelada.jpg.png","type":"image\/png"}],"twitter_card":"summary_large_image","twitter_misc":{"Temps estimat de lectura":"1 minut"},"schema":{"@context":"https:\/\/schema.org","@graph":[{"@type":"WebPage","@id":"https:\/\/aral2.cetrexmarketing.com\/ca\/producto\/perelada-finca-la-garriga-negre\/","url":"https:\/\/aral2.cetrexmarketing.com\/ca\/producto\/perelada-finca-la-garriga-negre\/","name":"Perelada Finca La Garriga","isPartOf":{"@id":"https:\/\/aral2.cetrexmarketing.com\/#website"},"primaryImageOfPage":{"@id":"https:\/\/aral2.cetrexmarketing.com\/ca\/producto\/perelada-finca-la-garriga-negre\/#primaryimage"},"image":{"@id":"https:\/\/aral2.cetrexmarketing.com\/ca\/producto\/perelada-finca-la-garriga-negre\/#primaryimage"},"thumbnailUrl":"https:\/\/aral2.cetrexmarketing.com\/wp-content\/uploads\/2025\/05\/finca-la-garriga-negre-perelada.jpg.png","datePublished":"2025-05-24T06:55:18+00:00","dateModified":"2025-05-24T06:55:19+00:00","description":"Comprar online al millor preu el vi negre Finca La Garriga de Perelada DO Empord\u00e0. Vinoteca. Destil\u00b7lats. Licoreria. Begudes. Alimentaci\u00f3. Productes Gourmet.","breadcrumb":{"@id":"https:\/\/aral2.cetrexmarketing.com\/ca\/producto\/perelada-finca-la-garriga-negre\/#breadcrumb"},"inLanguage":"ca","potentialAction":[{"@type":"ReadAction","target":["https:\/\/aral2.cetrexmarketing.com\/ca\/producto\/perelada-finca-la-garriga-negre\/"]}]},{"@type":"ImageObject","inLanguage":"ca","@id":"https:\/\/aral2.cetrexmarketing.com\/ca\/producto\/perelada-finca-la-garriga-negre\/#primaryimage","url":"https:\/\/aral2.cetrexmarketing.com\/wp-content\/uploads\/2025\/05\/finca-la-garriga-negre-perelada.jpg.png","contentUrl":"https:\/\/aral2.cetrexmarketing.com\/wp-content\/uploads\/2025\/05\/finca-la-garriga-negre-perelada.jpg.png","width":765,"height":1024},{"@type":"BreadcrumbList","@id":"https:\/\/aral2.cetrexmarketing.com\/ca\/producto\/perelada-finca-la-garriga-negre\/#breadcrumb","itemListElement":[{"@type":"ListItem","position":1,"name":"Home","item":"https:\/\/aral2.cetrexmarketing.com\/ca\/"},{"@type":"ListItem","position":2,"name":"Tienda","item":"https:\/\/aral2.cetrexmarketing.com\/ca\/tienda-2\/"},{"@type":"ListItem","position":3,"name":"Vi","item":"https:\/\/aral2.cetrexmarketing.com\/categoria-producto\/vi\/"},{"@type":"ListItem","position":4,"name":"Vi Negre","item":"https:\/\/aral2.cetrexmarketing.com\/categoria-producto\/vi\/vi-negre\/"},{"@type":"ListItem","position":5,"name":"Perelada Finca La Garriga Negre"}]},{"@type":"WebSite","@id":"https:\/\/aral2.cetrexmarketing.com\/#website","url":"https:\/\/aral2.cetrexmarketing.com\/","name":"M\u00f3n La Cata","description":"Tienda de vinos, licores, cervezas y gourmet","publisher":{"@id":"https:\/\/aral2.cetrexmarketing.com\/#organization"},"potentialAction":[{"@type":"SearchAction","target":{"@type":"EntryPoint","urlTemplate":"https:\/\/aral2.cetrexmarketing.com\/?s={search_term_string}"},"query-input":{"@type":"PropertyValueSpecification","valueRequired":true,"valueName":"search_term_string"}}],"inLanguage":"ca"},{"@type":"Organization","@id":"https:\/\/aral2.cetrexmarketing.com\/#organization","name":"M\u00f3n La Cata","url":"https:\/\/aral2.cetrexmarketing.com\/","logo":{"@type":"ImageObject","inLanguage":"ca","@id":"https:\/\/aral2.cetrexmarketing.com\/#\/schema\/logo\/image\/","url":"https:\/\/aral2.cetrexmarketing.com\/wp-content\/uploads\/2024\/10\/aral-logo-neg-1024x409-1.png","contentUrl":"https:\/\/aral2.cetrexmarketing.com\/wp-content\/uploads\/2024\/10\/aral-logo-neg-1024x409-1.png","width":1024,"height":409,"caption":"M\u00f3n La Cata"},"image":{"@id":"https:\/\/aral2.cetrexmarketing.com\/#\/schema\/logo\/image\/"}}]}},"brands":[{"id":32879,"name":"Empord\u00e0 D.O.","slug":"emporda-d-o"}],"_links":{"self":[{"href":"https:\/\/aral2.cetrexmarketing.com\/ca\/wp-json\/wp\/v2\/product\/78480","targetHints":{"allow":["GET"]}}],"collection":[{"href":"https:\/\/aral2.cetrexmarketing.com\/ca\/wp-json\/wp\/v2\/product"}],"about":[{"href":"https:\/\/aral2.cetrexmarketing.com\/ca\/wp-json\/wp\/v2\/types\/product"}],"replies":[{"embeddable":true,"href":"https:\/\/aral2.cetrexmarketing.com\/ca\/wp-json\/wp\/v2\/comments?post=78480"}],"wp:featuredmedia":[{"embeddable":true,"href":"https:\/\/aral2.cetrexmarketing.com\/ca\/wp-json\/wp\/v2\/media\/78477"}],"wp:attachment":[{"href":"https:\/\/aral2.cetrexmarketing.com\/ca\/wp-json\/wp\/v2\/media?parent=78480"}],"wp:term":[{"taxonomy":"pwb-brand","embeddable":true,"href":"https:\/\/aral2.cetrexmarketing.com\/ca\/wp-json\/wp\/v2\/pwb-brand?post=78480"},{"taxonomy":"product_brand","embeddable":true,"href":"https:\/\/aral2.cetrexmarketing.com\/ca\/wp-json\/wp\/v2\/product_brand?post=78480"},{"taxonomy":"product_cat","embeddable":true,"href":"https:\/\/aral2.cetrexmarketing.com\/ca\/wp-json\/wp\/v2\/product_cat?post=78480"},{"taxonomy":"product_tag","embeddable":true,"href":"https:\/\/aral2.cetrexmarketing.com\/ca\/wp-json\/wp\/v2\/product_tag?post=78480"}],"curies":[{"name":"wp","href":"https:\/\/api.w.org\/{rel}","templated":true}]}}