{"id":78462,"date":"2025-05-24T06:54:59","date_gmt":"2025-05-24T06:54:59","guid":{"rendered":"https:\/\/aral2.cetrexmarketing.com\/producto\/sios-cau-del-gat-2\/"},"modified":"2025-05-24T06:55:00","modified_gmt":"2025-05-24T06:55:00","slug":"sios-cau-del-gat-2","status":"publish","type":"product","link":"https:\/\/aral2.cetrexmarketing.com\/ca\/producto\/sios-cau-del-gat-2\/","title":{"rendered":"Si\u00f3s Cau del Gat"},"content":{"rendered":"<p class=\"\" data-start=\"1212\" data-end=\"1231\"><strong data-start=\"1344\" data-end=\"1364\">Si\u00f3s Cau del Gat<\/strong> \u00e9s un vi negre de la Denominaci\u00f3 d&#8217;Origen Costers del Segre, elaborat per la bodega Costers del Si\u00f3. Aquest vi destaca per la seva complexitat i equilibri, reflectint la riquesa del terreny catal\u00e0.<\/p>\n<p class=\"\" data-start=\"1564\" data-end=\"1596\"><strong data-start=\"1564\" data-end=\"1596\">Caracter\u00edstiques principals:<\/strong><\/p>\n<ul data-start=\"1598\" data-end=\"1927\">\n<li class=\"\" data-start=\"1598\" data-end=\"1669\">\n<p class=\"\" data-start=\"1600\" data-end=\"1669\"><strong data-start=\"1600\" data-end=\"1622\">Varietats de ra\u00efm:<\/strong> Garnatxa, Tempranillo (Ull de Llebre) i Syrah.<\/p>\n<\/li>\n<li class=\"\" data-start=\"1690\" data-end=\"1720\">\n<p class=\"\" data-start=\"1692\" data-end=\"1720\"><strong data-start=\"1692\" data-end=\"1711\">Grau alcoh\u00f2lic:<\/strong> 14% vol.<\/p>\n<\/li>\n<li class=\"\" data-start=\"1721\" data-end=\"1842\">\n<p class=\"\" data-start=\"1723\" data-end=\"1842\"><strong data-start=\"1723\" data-end=\"1735\">Crian\u00e7a:<\/strong> 9 mesos en b\u00f3tes de roure franc\u00e8s de 300 litres i posterior envelliment en ampolla durant almenys 6 mesos.<\/p>\n<\/li>\n<li class=\"\" data-start=\"1843\" data-end=\"1927\">\n<p class=\"\" data-start=\"1845\" data-end=\"1927\"><strong data-start=\"1845\" data-end=\"1859\">Producci\u00f3:<\/strong> Edici\u00f3 limitada, amb un enfocament en l&#8217;expressi\u00f3 pura de la Syrah.<\/p>\n<\/li>\n<\/ul>\n<p class=\"\" data-start=\"1929\" data-end=\"1947\"><strong data-start=\"1929\" data-end=\"1947\">Notes de tast:<\/strong><\/p>\n<ul data-start=\"1949\" data-end=\"2277\">\n<li class=\"\" data-start=\"1949\" data-end=\"2006\">\n<p class=\"\" data-start=\"1951\" data-end=\"2006\"><strong data-start=\"1951\" data-end=\"1961\">Color:<\/strong> Vermell cirera intens amb reflexos violacis.<\/p>\n<\/li>\n<li class=\"\" data-start=\"2007\" data-end=\"2151\">\n<p class=\"\" data-start=\"2009\" data-end=\"2151\"><strong data-start=\"2009\" data-end=\"2019\">Aroma:<\/strong> Complex i expressiu, amb notes de fruits vermells i negres madurs, esp\u00e8cies com pebre i regal\u00e8ssia, i matisos minerals i bals\u00e0mics.<\/p>\n<\/li>\n<li class=\"\" data-start=\"2152\" data-end=\"2277\">\n<p class=\"\" data-start=\"2154\" data-end=\"2277\"><strong data-start=\"2154\" data-end=\"2163\">Gust:<\/strong> En boca \u00e9s ampli i persistent, amb tanins suaus i ben integrats, oferint una harmonia entre frescor i estructura.<\/p>\n<\/li>\n<\/ul>\n<p class=\"\" data-start=\"2279\" data-end=\"2303\"><strong data-start=\"2279\" data-end=\"2303\">Maridatge recomanat:<\/strong><\/p>\n<p class=\"\" data-start=\"2305\" data-end=\"2385\">Ideal per acompanyar carns vermelles, rostits, plats de ca\u00e7a i formatges curats.<\/p>\n<p class=\"\" data-start=\"2552\" data-end=\"2654\">\n","protected":false},"excerpt":{"rendered":"<p>Vi negre d&#8217;estil modern i m\u00e0xima expressi\u00f3 de la varietat Sir\u00e0, la nostra varietat reina. Vi edici\u00f3 limitada. Ra\u00efms seleccionats entre les nostres millors vinyes. S&#8217;encuben durant quatre setmanes controlant temperatures, remuntats i delestage.Crian\u00e7a de 9 mesos en b\u00f3tes de roure franc, fonent tanins.<\/p>\n","protected":false},"featured_media":77716,"comment_status":"closed","ping_status":"closed","template":"","meta":{"_acf_changed":false},"pwb-brand":[32877],"product_brand":[],"product_cat":[51670,51671],"product_tag":[14927],"class_list":{"0":"post-78462","1":"product","2":"type-product","3":"status-publish","4":"has-post-thumbnail","6":"pwb-brand-coster-del-segre-d-o","7":"product_cat-vi","8":"product_cat-vi-negre","9":"product_tag-costers-del-segre-ca","10":"pa_anada-36214","11":"pa_bodega-costersdelsio","12":"pa_certificado-certificat-dagricultura-ecologica-2","13":"pa_do-costersdelsegredo-ca","14":"pa_envejecimiento-crianca","15":"pa_formatoenl-36158","16":"pa_formatoenml-38306","17":"pa_graduacion-14_5","18":"pa_pais-espanya-ca","19":"pa_pesoengramos-38337","20":"pa_pesoenkg-125-ca","21":"pa_pueblociudad-balaguerlleida","22":"pa_region-cataluna","23":"pa_tipodevino-vi-tranquil","24":"pa_variedades-cf-garnachatinta_syrah_tempra-ca","25":"entry","26":"has-media","28":"first","29":"instock","30":"taxable","31":"shipping-taxable","32":"purchasable","33":"product-type-simple"},"acf":[],"yoast_head":"<!-- This site is optimized with the Yoast SEO Premium plugin v23.1 (Yoast SEO v23.5) - https:\/\/yoast.com\/wordpress\/plugins\/seo\/ -->\n<title>Si\u00f3s Cau del Gatet de la DO Costers del Segre<\/title>\n<meta name=\"description\" content=\"Comprar vi negre Sios del Gat al millor preu. Botiga de vins online amb descomptes i promocions. Gran seleccion de productes. Envio rapinyaire i segur\" \/>\n<meta name=\"robots\" content=\"noindex, follow, max-snippet:-1, max-image-preview:large, max-video-preview:-1\" \/>\n<meta property=\"og:locale\" content=\"ca_ES\" \/>\n<meta property=\"og:type\" content=\"article\" \/>\n<meta property=\"og:title\" content=\"Si\u00f3s Cau del Gat\" \/>\n<meta property=\"og:description\" content=\"Comprar vi negre Sios del Gat al millor preu. Botiga de vins online amb descomptes i promocions. Gran seleccion de productes. Envio rapinyaire i segur\" \/>\n<meta property=\"og:url\" content=\"https:\/\/aral2.cetrexmarketing.com\/ca\/producto\/sios-cau-del-gat-2\/\" \/>\n<meta property=\"og:site_name\" content=\"M\u00f3n La Cata\" \/>\n<meta property=\"article:modified_time\" content=\"2025-05-24T06:55:00+00:00\" \/>\n<meta property=\"og:image\" content=\"https:\/\/aral2.cetrexmarketing.com\/wp-content\/uploads\/2025\/01\/Sios-Cau-del-Gat.jpg.png\" \/>\n\t<meta property=\"og:image:width\" content=\"765\" \/>\n\t<meta property=\"og:image:height\" content=\"1024\" \/>\n\t<meta property=\"og:image:type\" content=\"image\/png\" \/>\n<meta name=\"twitter:card\" content=\"summary_large_image\" \/>\n<meta name=\"twitter:label1\" content=\"Temps estimat de lectura\" \/>\n\t<meta name=\"twitter:data1\" content=\"2 minuts\" \/>\n<script type=\"application\/ld+json\" class=\"yoast-schema-graph\">{\"@context\":\"https:\/\/schema.org\",\"@graph\":[{\"@type\":\"WebPage\",\"@id\":\"https:\/\/aral2.cetrexmarketing.com\/ca\/producto\/sios-cau-del-gat-2\/\",\"url\":\"https:\/\/aral2.cetrexmarketing.com\/ca\/producto\/sios-cau-del-gat-2\/\",\"name\":\"Si\u00f3s Cau del Gatet de la DO Costers del Segre\",\"isPartOf\":{\"@id\":\"https:\/\/aral2.cetrexmarketing.com\/#website\"},\"primaryImageOfPage\":{\"@id\":\"https:\/\/aral2.cetrexmarketing.com\/ca\/producto\/sios-cau-del-gat-2\/#primaryimage\"},\"image\":{\"@id\":\"https:\/\/aral2.cetrexmarketing.com\/ca\/producto\/sios-cau-del-gat-2\/#primaryimage\"},\"thumbnailUrl\":\"https:\/\/aral2.cetrexmarketing.com\/wp-content\/uploads\/2025\/01\/Sios-Cau-del-Gat.jpg.png\",\"datePublished\":\"2025-05-24T06:54:59+00:00\",\"dateModified\":\"2025-05-24T06:55:00+00:00\",\"description\":\"Comprar vi negre Sios del Gat al millor preu. Botiga de vins online amb descomptes i promocions. Gran seleccion de productes. Envio rapinyaire i segur\",\"breadcrumb\":{\"@id\":\"https:\/\/aral2.cetrexmarketing.com\/ca\/producto\/sios-cau-del-gat-2\/#breadcrumb\"},\"inLanguage\":\"ca\",\"potentialAction\":[{\"@type\":\"ReadAction\",\"target\":[\"https:\/\/aral2.cetrexmarketing.com\/ca\/producto\/sios-cau-del-gat-2\/\"]}]},{\"@type\":\"ImageObject\",\"inLanguage\":\"ca\",\"@id\":\"https:\/\/aral2.cetrexmarketing.com\/ca\/producto\/sios-cau-del-gat-2\/#primaryimage\",\"url\":\"https:\/\/aral2.cetrexmarketing.com\/wp-content\/uploads\/2025\/01\/Sios-Cau-del-Gat.jpg.png\",\"contentUrl\":\"https:\/\/aral2.cetrexmarketing.com\/wp-content\/uploads\/2025\/01\/Sios-Cau-del-Gat.jpg.png\",\"width\":765,\"height\":1024},{\"@type\":\"BreadcrumbList\",\"@id\":\"https:\/\/aral2.cetrexmarketing.com\/ca\/producto\/sios-cau-del-gat-2\/#breadcrumb\",\"itemListElement\":[{\"@type\":\"ListItem\",\"position\":1,\"name\":\"Home\",\"item\":\"https:\/\/aral2.cetrexmarketing.com\/ca\/\"},{\"@type\":\"ListItem\",\"position\":2,\"name\":\"Tienda\",\"item\":\"https:\/\/aral2.cetrexmarketing.com\/ca\/tienda-2\/\"},{\"@type\":\"ListItem\",\"position\":3,\"name\":\"Vi\",\"item\":\"https:\/\/aral2.cetrexmarketing.com\/categoria-producto\/vi\/\"},{\"@type\":\"ListItem\",\"position\":4,\"name\":\"Vi Negre\",\"item\":\"https:\/\/aral2.cetrexmarketing.com\/categoria-producto\/vi\/vi-negre\/\"},{\"@type\":\"ListItem\",\"position\":5,\"name\":\"Si\u00f3s Cau del Gat\"}]},{\"@type\":\"WebSite\",\"@id\":\"https:\/\/aral2.cetrexmarketing.com\/#website\",\"url\":\"https:\/\/aral2.cetrexmarketing.com\/\",\"name\":\"M\u00f3n La Cata\",\"description\":\"Tienda de vinos, licores, cervezas y gourmet\",\"publisher\":{\"@id\":\"https:\/\/aral2.cetrexmarketing.com\/#organization\"},\"potentialAction\":[{\"@type\":\"SearchAction\",\"target\":{\"@type\":\"EntryPoint\",\"urlTemplate\":\"https:\/\/aral2.cetrexmarketing.com\/?s={search_term_string}\"},\"query-input\":{\"@type\":\"PropertyValueSpecification\",\"valueRequired\":true,\"valueName\":\"search_term_string\"}}],\"inLanguage\":\"ca\"},{\"@type\":\"Organization\",\"@id\":\"https:\/\/aral2.cetrexmarketing.com\/#organization\",\"name\":\"M\u00f3n La Cata\",\"url\":\"https:\/\/aral2.cetrexmarketing.com\/\",\"logo\":{\"@type\":\"ImageObject\",\"inLanguage\":\"ca\",\"@id\":\"https:\/\/aral2.cetrexmarketing.com\/#\/schema\/logo\/image\/\",\"url\":\"https:\/\/aral2.cetrexmarketing.com\/wp-content\/uploads\/2024\/10\/aral-logo-neg-1024x409-1.png\",\"contentUrl\":\"https:\/\/aral2.cetrexmarketing.com\/wp-content\/uploads\/2024\/10\/aral-logo-neg-1024x409-1.png\",\"width\":1024,\"height\":409,\"caption\":\"M\u00f3n La Cata\"},\"image\":{\"@id\":\"https:\/\/aral2.cetrexmarketing.com\/#\/schema\/logo\/image\/\"}}]}<\/script>\n<!-- \/ Yoast SEO Premium plugin. -->","yoast_head_json":{"title":"Si\u00f3s Cau del Gatet de la DO Costers del Segre","description":"Comprar vi negre Sios del Gat al millor preu. Botiga de vins online amb descomptes i promocions. Gran seleccion de productes. Envio rapinyaire i segur","robots":{"index":"noindex","follow":"follow","max-snippet":"max-snippet:-1","max-image-preview":"max-image-preview:large","max-video-preview":"max-video-preview:-1"},"og_locale":"ca_ES","og_type":"article","og_title":"Si\u00f3s Cau del Gat","og_description":"Comprar vi negre Sios del Gat al millor preu. Botiga de vins online amb descomptes i promocions. Gran seleccion de productes. Envio rapinyaire i segur","og_url":"https:\/\/aral2.cetrexmarketing.com\/ca\/producto\/sios-cau-del-gat-2\/","og_site_name":"M\u00f3n La Cata","article_modified_time":"2025-05-24T06:55:00+00:00","og_image":[{"width":765,"height":1024,"url":"https:\/\/aral2.cetrexmarketing.com\/wp-content\/uploads\/2025\/01\/Sios-Cau-del-Gat.jpg.png","type":"image\/png"}],"twitter_card":"summary_large_image","twitter_misc":{"Temps estimat de lectura":"2 minuts"},"schema":{"@context":"https:\/\/schema.org","@graph":[{"@type":"WebPage","@id":"https:\/\/aral2.cetrexmarketing.com\/ca\/producto\/sios-cau-del-gat-2\/","url":"https:\/\/aral2.cetrexmarketing.com\/ca\/producto\/sios-cau-del-gat-2\/","name":"Si\u00f3s Cau del Gatet de la DO Costers del Segre","isPartOf":{"@id":"https:\/\/aral2.cetrexmarketing.com\/#website"},"primaryImageOfPage":{"@id":"https:\/\/aral2.cetrexmarketing.com\/ca\/producto\/sios-cau-del-gat-2\/#primaryimage"},"image":{"@id":"https:\/\/aral2.cetrexmarketing.com\/ca\/producto\/sios-cau-del-gat-2\/#primaryimage"},"thumbnailUrl":"https:\/\/aral2.cetrexmarketing.com\/wp-content\/uploads\/2025\/01\/Sios-Cau-del-Gat.jpg.png","datePublished":"2025-05-24T06:54:59+00:00","dateModified":"2025-05-24T06:55:00+00:00","description":"Comprar vi negre Sios del Gat al millor preu. Botiga de vins online amb descomptes i promocions. Gran seleccion de productes. Envio rapinyaire i segur","breadcrumb":{"@id":"https:\/\/aral2.cetrexmarketing.com\/ca\/producto\/sios-cau-del-gat-2\/#breadcrumb"},"inLanguage":"ca","potentialAction":[{"@type":"ReadAction","target":["https:\/\/aral2.cetrexmarketing.com\/ca\/producto\/sios-cau-del-gat-2\/"]}]},{"@type":"ImageObject","inLanguage":"ca","@id":"https:\/\/aral2.cetrexmarketing.com\/ca\/producto\/sios-cau-del-gat-2\/#primaryimage","url":"https:\/\/aral2.cetrexmarketing.com\/wp-content\/uploads\/2025\/01\/Sios-Cau-del-Gat.jpg.png","contentUrl":"https:\/\/aral2.cetrexmarketing.com\/wp-content\/uploads\/2025\/01\/Sios-Cau-del-Gat.jpg.png","width":765,"height":1024},{"@type":"BreadcrumbList","@id":"https:\/\/aral2.cetrexmarketing.com\/ca\/producto\/sios-cau-del-gat-2\/#breadcrumb","itemListElement":[{"@type":"ListItem","position":1,"name":"Home","item":"https:\/\/aral2.cetrexmarketing.com\/ca\/"},{"@type":"ListItem","position":2,"name":"Tienda","item":"https:\/\/aral2.cetrexmarketing.com\/ca\/tienda-2\/"},{"@type":"ListItem","position":3,"name":"Vi","item":"https:\/\/aral2.cetrexmarketing.com\/categoria-producto\/vi\/"},{"@type":"ListItem","position":4,"name":"Vi Negre","item":"https:\/\/aral2.cetrexmarketing.com\/categoria-producto\/vi\/vi-negre\/"},{"@type":"ListItem","position":5,"name":"Si\u00f3s Cau del Gat"}]},{"@type":"WebSite","@id":"https:\/\/aral2.cetrexmarketing.com\/#website","url":"https:\/\/aral2.cetrexmarketing.com\/","name":"M\u00f3n La Cata","description":"Tienda de vinos, licores, cervezas y gourmet","publisher":{"@id":"https:\/\/aral2.cetrexmarketing.com\/#organization"},"potentialAction":[{"@type":"SearchAction","target":{"@type":"EntryPoint","urlTemplate":"https:\/\/aral2.cetrexmarketing.com\/?s={search_term_string}"},"query-input":{"@type":"PropertyValueSpecification","valueRequired":true,"valueName":"search_term_string"}}],"inLanguage":"ca"},{"@type":"Organization","@id":"https:\/\/aral2.cetrexmarketing.com\/#organization","name":"M\u00f3n La Cata","url":"https:\/\/aral2.cetrexmarketing.com\/","logo":{"@type":"ImageObject","inLanguage":"ca","@id":"https:\/\/aral2.cetrexmarketing.com\/#\/schema\/logo\/image\/","url":"https:\/\/aral2.cetrexmarketing.com\/wp-content\/uploads\/2024\/10\/aral-logo-neg-1024x409-1.png","contentUrl":"https:\/\/aral2.cetrexmarketing.com\/wp-content\/uploads\/2024\/10\/aral-logo-neg-1024x409-1.png","width":1024,"height":409,"caption":"M\u00f3n La Cata"},"image":{"@id":"https:\/\/aral2.cetrexmarketing.com\/#\/schema\/logo\/image\/"}}]}},"brands":[{"id":32877,"name":"Coster del Segre D.O.","slug":"coster-del-segre-d-o"}],"_links":{"self":[{"href":"https:\/\/aral2.cetrexmarketing.com\/ca\/wp-json\/wp\/v2\/product\/78462","targetHints":{"allow":["GET"]}}],"collection":[{"href":"https:\/\/aral2.cetrexmarketing.com\/ca\/wp-json\/wp\/v2\/product"}],"about":[{"href":"https:\/\/aral2.cetrexmarketing.com\/ca\/wp-json\/wp\/v2\/types\/product"}],"replies":[{"embeddable":true,"href":"https:\/\/aral2.cetrexmarketing.com\/ca\/wp-json\/wp\/v2\/comments?post=78462"}],"wp:featuredmedia":[{"embeddable":true,"href":"https:\/\/aral2.cetrexmarketing.com\/ca\/wp-json\/wp\/v2\/media\/77716"}],"wp:attachment":[{"href":"https:\/\/aral2.cetrexmarketing.com\/ca\/wp-json\/wp\/v2\/media?parent=78462"}],"wp:term":[{"taxonomy":"pwb-brand","embeddable":true,"href":"https:\/\/aral2.cetrexmarketing.com\/ca\/wp-json\/wp\/v2\/pwb-brand?post=78462"},{"taxonomy":"product_brand","embeddable":true,"href":"https:\/\/aral2.cetrexmarketing.com\/ca\/wp-json\/wp\/v2\/product_brand?post=78462"},{"taxonomy":"product_cat","embeddable":true,"href":"https:\/\/aral2.cetrexmarketing.com\/ca\/wp-json\/wp\/v2\/product_cat?post=78462"},{"taxonomy":"product_tag","embeddable":true,"href":"https:\/\/aral2.cetrexmarketing.com\/ca\/wp-json\/wp\/v2\/product_tag?post=78462"}],"curies":[{"name":"wp","href":"https:\/\/api.w.org\/{rel}","templated":true}]}}