{"id":78408,"date":"2025-05-24T06:53:57","date_gmt":"2025-05-24T06:53:57","guid":{"rendered":"https:\/\/aral2.cetrexmarketing.com\/producto\/azpilicueta-crianza-2\/"},"modified":"2025-05-24T06:53:57","modified_gmt":"2025-05-24T06:53:57","slug":"azpilicueta-crianza-2","status":"publish","type":"product","link":"https:\/\/aral2.cetrexmarketing.com\/ca\/producto\/azpilicueta-crianza-2\/","title":{"rendered":"Azpilicueta Crianza"},"content":{"rendered":"<p>El <strong>Azpilicueta Crianzaes<\/strong> vi negre que forma part dels Cellers Azpilicueta. Aquest vi s&#8217;elabora a la regi\u00f3 de La Rioja, una de les zones vin\u00edcoles m\u00e9s prestigioses del pa\u00eds, coneguda per produir vins d&#8217;alta qualitat.<\/p>\n<p>L&#8217;Azpilicueta Crianza s&#8217;elabora principalment de la varietat de ra\u00efm Tempranillo, una de les varietats m\u00e9s emblem\u00e0tiques de La Rioja.<\/p>\n<p>Aquest vi se sotmet a un proc\u00e9s de crian\u00e7a en b\u00f3tes de roure per un per\u00edode m\u00ednim de 12 mesos i altres 12 mesos en ampolla. Aquest proc\u00e9s li atorgar\u00e0 al vi un sabor caracter\u00edstic i les seves aromes.<\/p>\n<p>L&#8217;Azpilicueta Crianza \u00e9s de color vermell rub\u00ed brillant amb alguns reflexos viol\u00e0cis. En nas, presenta aromes a fruita vermella madura com les cireres i les prunes, notes especiades i torrades que provenen de la crian\u00e7a en b\u00f3ta. En boca, \u00e9s equilibrat i suau, amb tanins suaus i una acidesa moderada. Destaquen els sabors a fruita vermella i negra amb algun mat\u00eds a vainilla, coco i esp\u00e8cies.<\/p>\n<p>Ideal per acompanyar embotits, arrossos, verdures, bolets, carns blanques i vermelles. De color vermell cirera. Criat durant 12 mesos en b\u00f3tes de roure americ\u00e0 i franc\u00e8s. Completa el seu envelliment durant un per\u00edode m\u00ednim de 6 mesos en ampolla.<\/p>\n","protected":false},"excerpt":{"rendered":"<p>El <strong>Azpilicueta Crianzaes<\/strong> vi negre que forma part dels Cellers Azpilicueta. Aquest vi s&#8217;elabora a la regi\u00f3 de La Rioja, una de les zones vin\u00edcoles m\u00e9s prestigioses del pa\u00eds, coneguda per produir vins d&#8217;alta qualitat.<\/p>\n<p>L&#8217;Azpilicueta Crianza s&#8217;elabora principalment de la varietat de ra\u00efm Tempranillo, una de les varietats m\u00e9s emblem\u00e0tiques de La Rioja.<\/p>\n<p>Aquest vi se sotmet a un proc\u00e9s de crian\u00e7a en b\u00f3tes de roure per un per\u00edode m\u00ednim de 12 mesos i altres 12 mesos en ampolla. Aquest proc\u00e9s li atorgar\u00e0 al vi un sabor caracter\u00edstic i les seves aromes.<\/p>\n<p>L&#8217;Azpilicueta Crianza \u00e9s de color vermell rub\u00ed brillant amb alguns reflexos viol\u00e0cis. En nas, presenta aromes a fruita vermella madura com les cireres i les prunes, notes especiades i torrades que provenen de la crian\u00e7a en b\u00f3ta. En boca, \u00e9s equilibrat i suau, amb tanins suaus i una acidesa moderada. En boca, \u00e9s equilibrat i suau, amb tanins suaus i una acidesa moderada.<\/p>\n<p>Ideal per acompanyar embotits, arrossos, verdures, bolets, carns blanques i vermelles. De color vermell cirera. Criat durant 12 mesos en b\u00f3tes de roure americ\u00e0 i franc\u00e8s. Completa el seu envelliment durant un per\u00edode m\u00ednim de 6 mesos en ampolla.<\/p>\n","protected":false},"featured_media":77638,"comment_status":"closed","ping_status":"closed","template":"","meta":{"_acf_changed":false},"pwb-brand":[32907],"product_brand":[],"product_cat":[51670,51671],"product_tag":[14903,14904,14900,14902],"class_list":{"0":"post-78408","1":"product","2":"type-product","3":"status-publish","4":"has-post-thumbnail","6":"pwb-brand-rioja-d-o","7":"product_cat-vi","8":"product_cat-vi-negre","9":"product_tag-azpilicueta-ca","10":"product_tag-doca-rioja-ca","11":"product_tag-rioja-ca","12":"product_tag-tempranillo-ca","13":"pa_anada-36210","14":"pa_bodega-bodega-azpilicueta","15":"pa_do-rioja-d-o-ca-ca","16":"pa_formatoenml-38306","17":"pa_gastronomico-negre-gastronomic","18":"pa_graduacion-13_5","19":"pa_maridaje-carn-blanca","20":"pa_maridaje-carn-roja","21":"pa_maridaje-embotits","22":"pa_pais-espanya-ca","23":"pa_variedad-principal-tempranillo-ca","24":"entry","25":"has-media","27":"first","28":"instock","29":"taxable","30":"shipping-taxable","31":"purchasable","32":"product-type-simple"},"acf":[],"yoast_head":"<!-- This site is optimized with the Yoast SEO Premium plugin v23.1 (Yoast SEO v23.5) - https:\/\/yoast.com\/wordpress\/plugins\/seo\/ -->\n<title>Azpilicueta Crianza<\/title>\n<meta name=\"description\" content=\"Comprar Azpilicueta Crianza a M\u00f3n La Cata al millor preu Vi negre de Cellers Azpilicueta a La Rioja. Botiga especialitzada vins i productes gourmet.\" \/>\n<meta name=\"robots\" content=\"noindex, follow, max-snippet:-1, max-image-preview:large, max-video-preview:-1\" \/>\n<meta property=\"og:locale\" content=\"ca_ES\" \/>\n<meta property=\"og:type\" content=\"article\" \/>\n<meta property=\"og:title\" content=\"Azpilicueta Crianza\" \/>\n<meta property=\"og:description\" content=\"Comprar Azpilicueta Crianza a M\u00f3n La Cata al millor preu Vi negre de Cellers Azpilicueta a La Rioja. Botiga especialitzada vins i productes gourmet.\" \/>\n<meta property=\"og:url\" content=\"https:\/\/aral2.cetrexmarketing.com\/ca\/producto\/azpilicueta-crianza-2\/\" \/>\n<meta property=\"og:site_name\" content=\"M\u00f3n La Cata\" \/>\n<meta property=\"og:image\" content=\"https:\/\/aral2.cetrexmarketing.com\/wp-content\/uploads\/2025\/01\/Azpilicueta-Crianza.jpg.png\" \/>\n\t<meta property=\"og:image:width\" content=\"765\" \/>\n\t<meta property=\"og:image:height\" content=\"1024\" \/>\n\t<meta property=\"og:image:type\" content=\"image\/png\" \/>\n<meta name=\"twitter:card\" content=\"summary_large_image\" \/>\n<meta name=\"twitter:label1\" content=\"Temps estimat de lectura\" \/>\n\t<meta name=\"twitter:data1\" content=\"1 minut\" \/>\n<script type=\"application\/ld+json\" class=\"yoast-schema-graph\">{\"@context\":\"https:\/\/schema.org\",\"@graph\":[{\"@type\":\"WebPage\",\"@id\":\"https:\/\/aral2.cetrexmarketing.com\/ca\/producto\/azpilicueta-crianza-2\/\",\"url\":\"https:\/\/aral2.cetrexmarketing.com\/ca\/producto\/azpilicueta-crianza-2\/\",\"name\":\"Azpilicueta Crianza\",\"isPartOf\":{\"@id\":\"https:\/\/aral2.cetrexmarketing.com\/#website\"},\"primaryImageOfPage\":{\"@id\":\"https:\/\/aral2.cetrexmarketing.com\/ca\/producto\/azpilicueta-crianza-2\/#primaryimage\"},\"image\":{\"@id\":\"https:\/\/aral2.cetrexmarketing.com\/ca\/producto\/azpilicueta-crianza-2\/#primaryimage\"},\"thumbnailUrl\":\"https:\/\/aral2.cetrexmarketing.com\/wp-content\/uploads\/2025\/01\/Azpilicueta-Crianza.jpg.png\",\"datePublished\":\"2025-05-24T06:53:57+00:00\",\"dateModified\":\"2025-05-24T06:53:57+00:00\",\"description\":\"Comprar Azpilicueta Crianza a M\u00f3n La Cata al millor preu Vi negre de Cellers Azpilicueta a La Rioja. Botiga especialitzada vins i productes gourmet.\",\"breadcrumb\":{\"@id\":\"https:\/\/aral2.cetrexmarketing.com\/ca\/producto\/azpilicueta-crianza-2\/#breadcrumb\"},\"inLanguage\":\"ca\",\"potentialAction\":[{\"@type\":\"ReadAction\",\"target\":[\"https:\/\/aral2.cetrexmarketing.com\/ca\/producto\/azpilicueta-crianza-2\/\"]}]},{\"@type\":\"ImageObject\",\"inLanguage\":\"ca\",\"@id\":\"https:\/\/aral2.cetrexmarketing.com\/ca\/producto\/azpilicueta-crianza-2\/#primaryimage\",\"url\":\"https:\/\/aral2.cetrexmarketing.com\/wp-content\/uploads\/2025\/01\/Azpilicueta-Crianza.jpg.png\",\"contentUrl\":\"https:\/\/aral2.cetrexmarketing.com\/wp-content\/uploads\/2025\/01\/Azpilicueta-Crianza.jpg.png\",\"width\":765,\"height\":1024},{\"@type\":\"BreadcrumbList\",\"@id\":\"https:\/\/aral2.cetrexmarketing.com\/ca\/producto\/azpilicueta-crianza-2\/#breadcrumb\",\"itemListElement\":[{\"@type\":\"ListItem\",\"position\":1,\"name\":\"Home\",\"item\":\"https:\/\/aral2.cetrexmarketing.com\/ca\/\"},{\"@type\":\"ListItem\",\"position\":2,\"name\":\"Tienda\",\"item\":\"https:\/\/aral2.cetrexmarketing.com\/ca\/tienda-2\/\"},{\"@type\":\"ListItem\",\"position\":3,\"name\":\"Vi\",\"item\":\"https:\/\/aral2.cetrexmarketing.com\/categoria-producto\/vi\/\"},{\"@type\":\"ListItem\",\"position\":4,\"name\":\"Vi Negre\",\"item\":\"https:\/\/aral2.cetrexmarketing.com\/categoria-producto\/vi\/vi-negre\/\"},{\"@type\":\"ListItem\",\"position\":5,\"name\":\"Azpilicueta Crianza\"}]},{\"@type\":\"WebSite\",\"@id\":\"https:\/\/aral2.cetrexmarketing.com\/#website\",\"url\":\"https:\/\/aral2.cetrexmarketing.com\/\",\"name\":\"M\u00f3n La Cata\",\"description\":\"Tienda de vinos, licores, cervezas y gourmet\",\"publisher\":{\"@id\":\"https:\/\/aral2.cetrexmarketing.com\/#organization\"},\"potentialAction\":[{\"@type\":\"SearchAction\",\"target\":{\"@type\":\"EntryPoint\",\"urlTemplate\":\"https:\/\/aral2.cetrexmarketing.com\/?s={search_term_string}\"},\"query-input\":{\"@type\":\"PropertyValueSpecification\",\"valueRequired\":true,\"valueName\":\"search_term_string\"}}],\"inLanguage\":\"ca\"},{\"@type\":\"Organization\",\"@id\":\"https:\/\/aral2.cetrexmarketing.com\/#organization\",\"name\":\"M\u00f3n La Cata\",\"url\":\"https:\/\/aral2.cetrexmarketing.com\/\",\"logo\":{\"@type\":\"ImageObject\",\"inLanguage\":\"ca\",\"@id\":\"https:\/\/aral2.cetrexmarketing.com\/#\/schema\/logo\/image\/\",\"url\":\"https:\/\/aral2.cetrexmarketing.com\/wp-content\/uploads\/2024\/10\/aral-logo-neg-1024x409-1.png\",\"contentUrl\":\"https:\/\/aral2.cetrexmarketing.com\/wp-content\/uploads\/2024\/10\/aral-logo-neg-1024x409-1.png\",\"width\":1024,\"height\":409,\"caption\":\"M\u00f3n La Cata\"},\"image\":{\"@id\":\"https:\/\/aral2.cetrexmarketing.com\/#\/schema\/logo\/image\/\"}}]}<\/script>\n<!-- \/ Yoast SEO Premium plugin. -->","yoast_head_json":{"title":"Azpilicueta Crianza","description":"Comprar Azpilicueta Crianza a M\u00f3n La Cata al millor preu Vi negre de Cellers Azpilicueta a La Rioja. Botiga especialitzada vins i productes gourmet.","robots":{"index":"noindex","follow":"follow","max-snippet":"max-snippet:-1","max-image-preview":"max-image-preview:large","max-video-preview":"max-video-preview:-1"},"og_locale":"ca_ES","og_type":"article","og_title":"Azpilicueta Crianza","og_description":"Comprar Azpilicueta Crianza a M\u00f3n La Cata al millor preu Vi negre de Cellers Azpilicueta a La Rioja. Botiga especialitzada vins i productes gourmet.","og_url":"https:\/\/aral2.cetrexmarketing.com\/ca\/producto\/azpilicueta-crianza-2\/","og_site_name":"M\u00f3n La Cata","og_image":[{"width":765,"height":1024,"url":"https:\/\/aral2.cetrexmarketing.com\/wp-content\/uploads\/2025\/01\/Azpilicueta-Crianza.jpg.png","type":"image\/png"}],"twitter_card":"summary_large_image","twitter_misc":{"Temps estimat de lectura":"1 minut"},"schema":{"@context":"https:\/\/schema.org","@graph":[{"@type":"WebPage","@id":"https:\/\/aral2.cetrexmarketing.com\/ca\/producto\/azpilicueta-crianza-2\/","url":"https:\/\/aral2.cetrexmarketing.com\/ca\/producto\/azpilicueta-crianza-2\/","name":"Azpilicueta Crianza","isPartOf":{"@id":"https:\/\/aral2.cetrexmarketing.com\/#website"},"primaryImageOfPage":{"@id":"https:\/\/aral2.cetrexmarketing.com\/ca\/producto\/azpilicueta-crianza-2\/#primaryimage"},"image":{"@id":"https:\/\/aral2.cetrexmarketing.com\/ca\/producto\/azpilicueta-crianza-2\/#primaryimage"},"thumbnailUrl":"https:\/\/aral2.cetrexmarketing.com\/wp-content\/uploads\/2025\/01\/Azpilicueta-Crianza.jpg.png","datePublished":"2025-05-24T06:53:57+00:00","dateModified":"2025-05-24T06:53:57+00:00","description":"Comprar Azpilicueta Crianza a M\u00f3n La Cata al millor preu Vi negre de Cellers Azpilicueta a La Rioja. Botiga especialitzada vins i productes gourmet.","breadcrumb":{"@id":"https:\/\/aral2.cetrexmarketing.com\/ca\/producto\/azpilicueta-crianza-2\/#breadcrumb"},"inLanguage":"ca","potentialAction":[{"@type":"ReadAction","target":["https:\/\/aral2.cetrexmarketing.com\/ca\/producto\/azpilicueta-crianza-2\/"]}]},{"@type":"ImageObject","inLanguage":"ca","@id":"https:\/\/aral2.cetrexmarketing.com\/ca\/producto\/azpilicueta-crianza-2\/#primaryimage","url":"https:\/\/aral2.cetrexmarketing.com\/wp-content\/uploads\/2025\/01\/Azpilicueta-Crianza.jpg.png","contentUrl":"https:\/\/aral2.cetrexmarketing.com\/wp-content\/uploads\/2025\/01\/Azpilicueta-Crianza.jpg.png","width":765,"height":1024},{"@type":"BreadcrumbList","@id":"https:\/\/aral2.cetrexmarketing.com\/ca\/producto\/azpilicueta-crianza-2\/#breadcrumb","itemListElement":[{"@type":"ListItem","position":1,"name":"Home","item":"https:\/\/aral2.cetrexmarketing.com\/ca\/"},{"@type":"ListItem","position":2,"name":"Tienda","item":"https:\/\/aral2.cetrexmarketing.com\/ca\/tienda-2\/"},{"@type":"ListItem","position":3,"name":"Vi","item":"https:\/\/aral2.cetrexmarketing.com\/categoria-producto\/vi\/"},{"@type":"ListItem","position":4,"name":"Vi Negre","item":"https:\/\/aral2.cetrexmarketing.com\/categoria-producto\/vi\/vi-negre\/"},{"@type":"ListItem","position":5,"name":"Azpilicueta Crianza"}]},{"@type":"WebSite","@id":"https:\/\/aral2.cetrexmarketing.com\/#website","url":"https:\/\/aral2.cetrexmarketing.com\/","name":"M\u00f3n La Cata","description":"Tienda de vinos, licores, cervezas y gourmet","publisher":{"@id":"https:\/\/aral2.cetrexmarketing.com\/#organization"},"potentialAction":[{"@type":"SearchAction","target":{"@type":"EntryPoint","urlTemplate":"https:\/\/aral2.cetrexmarketing.com\/?s={search_term_string}"},"query-input":{"@type":"PropertyValueSpecification","valueRequired":true,"valueName":"search_term_string"}}],"inLanguage":"ca"},{"@type":"Organization","@id":"https:\/\/aral2.cetrexmarketing.com\/#organization","name":"M\u00f3n La Cata","url":"https:\/\/aral2.cetrexmarketing.com\/","logo":{"@type":"ImageObject","inLanguage":"ca","@id":"https:\/\/aral2.cetrexmarketing.com\/#\/schema\/logo\/image\/","url":"https:\/\/aral2.cetrexmarketing.com\/wp-content\/uploads\/2024\/10\/aral-logo-neg-1024x409-1.png","contentUrl":"https:\/\/aral2.cetrexmarketing.com\/wp-content\/uploads\/2024\/10\/aral-logo-neg-1024x409-1.png","width":1024,"height":409,"caption":"M\u00f3n La Cata"},"image":{"@id":"https:\/\/aral2.cetrexmarketing.com\/#\/schema\/logo\/image\/"}}]}},"brands":[{"id":32907,"name":"Rioja D.O.","slug":"rioja-d-o"}],"_links":{"self":[{"href":"https:\/\/aral2.cetrexmarketing.com\/ca\/wp-json\/wp\/v2\/product\/78408","targetHints":{"allow":["GET"]}}],"collection":[{"href":"https:\/\/aral2.cetrexmarketing.com\/ca\/wp-json\/wp\/v2\/product"}],"about":[{"href":"https:\/\/aral2.cetrexmarketing.com\/ca\/wp-json\/wp\/v2\/types\/product"}],"replies":[{"embeddable":true,"href":"https:\/\/aral2.cetrexmarketing.com\/ca\/wp-json\/wp\/v2\/comments?post=78408"}],"wp:featuredmedia":[{"embeddable":true,"href":"https:\/\/aral2.cetrexmarketing.com\/ca\/wp-json\/wp\/v2\/media\/77638"}],"wp:attachment":[{"href":"https:\/\/aral2.cetrexmarketing.com\/ca\/wp-json\/wp\/v2\/media?parent=78408"}],"wp:term":[{"taxonomy":"pwb-brand","embeddable":true,"href":"https:\/\/aral2.cetrexmarketing.com\/ca\/wp-json\/wp\/v2\/pwb-brand?post=78408"},{"taxonomy":"product_brand","embeddable":true,"href":"https:\/\/aral2.cetrexmarketing.com\/ca\/wp-json\/wp\/v2\/product_brand?post=78408"},{"taxonomy":"product_cat","embeddable":true,"href":"https:\/\/aral2.cetrexmarketing.com\/ca\/wp-json\/wp\/v2\/product_cat?post=78408"},{"taxonomy":"product_tag","embeddable":true,"href":"https:\/\/aral2.cetrexmarketing.com\/ca\/wp-json\/wp\/v2\/product_tag?post=78408"}],"curies":[{"name":"wp","href":"https:\/\/api.w.org\/{rel}","templated":true}]}}