{"id":121821,"date":"2025-05-27T05:13:04","date_gmt":"2025-05-27T05:13:04","guid":{"rendered":"https:\/\/aral2.cetrexmarketing.com\/producto\/marieta-sin\/"},"modified":"2025-05-27T08:19:08","modified_gmt":"2025-05-27T08:19:08","slug":"marieta-sin","status":"publish","type":"product","link":"https:\/\/aral2.cetrexmarketing.com\/ca\/producto\/marieta-sin\/","title":{"rendered":"Marieta Sin"},"content":{"rendered":"<h3 data-start=\"101\" data-end=\"161\"><strong data-start=\"105\" data-end=\"161\">Marieta Sin \u2013 Albari\u00f1o sense alcohol de Mart\u00edn C\u00f3dax<\/strong><\/h3>\n<p data-start=\"163\" data-end=\"632\">Des del cor del <strong data-start=\"179\" data-end=\"196\">Val do Saln\u00e9s<\/strong>, al bell mig de les <strong data-start=\"217\" data-end=\"232\">R\u00edas Baixas<\/strong>, el celler emblem\u00e0tic <strong data-start=\"255\" data-end=\"271\">Mart\u00edn C\u00f3dax<\/strong> presenta <strong data-start=\"281\" data-end=\"296\">Marieta Sin<\/strong>, el primer vi blanc sense alcohol elaborat a Gal\u00edcia a partir de ra\u00efm 100% <strong data-start=\"372\" data-end=\"384\">Albari\u00f1o<\/strong>. Aquesta proposta innovadora forma part de la gamma \u201cLa Casa de Marieta\u201d, concebuda per a aquells que volen gaudir del sabor del vi amb una opci\u00f3 m\u00e9s lleugera i saludable, sense renunciar al car\u00e0cter fresc i expressiu d\u2019aquesta varietat atl\u00e0ntica.<\/p>\n<p data-start=\"634\" data-end=\"1159\">El proc\u00e9s d\u2019elaboraci\u00f3 comen\u00e7a com en qualsevol vi de qualitat: verema manual, fermentaci\u00f3 controlada i una crian\u00e7a breu en dip\u00f2sits. El pas diferencial arriba al final, amb l\u2019aplicaci\u00f3 d\u2019un <strong data-start=\"825\" data-end=\"899\">proc\u00e9s de desalcoholitzaci\u00f3 per evaporaci\u00f3 al buit a baixa temperatura<\/strong>, una t\u00e8cnica molt precisa que conserva els aromes primaris i l\u2019estructura del vi, minimitzant la p\u00e8rdua d\u2019expressi\u00f3 varietal. Gr\u00e0cies a aix\u00f2, <strong data-start=\"1042\" data-end=\"1057\">Marieta Sin<\/strong> mant\u00e9 intacta l\u2019ess\u00e8ncia de l\u2019Albari\u00f1o: la seva frescor, el seu perfum floral i el seu perfil c\u00edtric.<\/p>\n<h3 data-start=\"1166\" data-end=\"1186\"><strong data-start=\"1170\" data-end=\"1186\">Nota de tast<\/strong><\/h3>\n<ul data-start=\"1187\" data-end=\"1523\">\n<li data-start=\"1187\" data-end=\"1257\">\n<p data-start=\"1189\" data-end=\"1257\"><strong data-start=\"1189\" data-end=\"1199\">Vista:<\/strong> Groc p\u00e0l\u00b7lid amb reflexos llimona, net i molt brillant.<\/p>\n<\/li>\n<li data-start=\"1258\" data-end=\"1377\">\n<p data-start=\"1260\" data-end=\"1377\"><strong data-start=\"1260\" data-end=\"1268\">Nas:<\/strong> Intensitat mitjana-alta. Aromes de mandarina, poma verda, pr\u00e9ssec blanc i un fons floral subtil i elegant.<\/p>\n<\/li>\n<li data-start=\"1378\" data-end=\"1523\">\n<p data-start=\"1380\" data-end=\"1523\"><strong data-start=\"1380\" data-end=\"1389\">Boca:<\/strong> Entrada fresca i amable, amb un equilibri perfecte entre acidesa i dol\u00e7or. Pas lleuger, sabor\u00f3s i amb un final c\u00edtric molt agradable.<\/p>\n<\/li>\n<\/ul>\n<h3 data-start=\"1530\" data-end=\"1557\"><strong data-start=\"1534\" data-end=\"1557\">Maridatge recomanat<\/strong><\/h3>\n<p data-start=\"1559\" data-end=\"1875\">Ideal per acompanyar <strong data-start=\"1580\" data-end=\"1597\">marisc gallec<\/strong>, <strong data-start=\"1599\" data-end=\"1613\">peix blanc<\/strong>, <strong data-start=\"1615\" data-end=\"1627\">ceviches<\/strong>, <strong data-start=\"1629\" data-end=\"1638\">sushi<\/strong>, plats especiats com la <strong data-start=\"1663\" data-end=\"1694\">cuina tailandesa o mexicana<\/strong>, i receptes <strong data-start=\"1707\" data-end=\"1733\">vegetarianes o veganes<\/strong>. El seu perfil amable i sense alcohol tamb\u00e9 el fa perfecte per <strong data-start=\"1797\" data-end=\"1818\">formatges frescos<\/strong> o simplement per gaudir-lo sol com a aperitiu saludable.<\/p>\n<p data-start=\"1901\" data-end=\"2387\"><strong data-start=\"1901\" data-end=\"1916\">Marieta Sin<\/strong> no \u00e9s simplement un vi sense alcohol, sin\u00f3 una veritable <strong data-start=\"1974\" data-end=\"2007\">reinterpretaci\u00f3 de l\u2019Albari\u00f1o<\/strong> per als nous estils de vida. Fresc, expressiu i sorprenentment equilibrat, \u00e9s l\u2019opci\u00f3 ideal per a qui vol cuidar-se sense renunciar al plaer del bon vi. Guardonat amb la <strong data-start=\"2178\" data-end=\"2226\">Medalla d\u2019Or al London Wine Competition 2025<\/strong>, amb <strong data-start=\"2232\" data-end=\"2244\">97 punts<\/strong>, actualment \u00e9s considerat <strong data-start=\"2271\" data-end=\"2315\">el millor vi blanc sense alcohol del m\u00f3n<\/strong>, una distinci\u00f3 que avala la seva qualitat i comprom\u00eds amb la innovaci\u00f3.<\/p>\n","protected":false},"excerpt":{"rendered":"<p><strong data-start=\"0\" data-end=\"15\" data-is-only-node=\"\">Marieta Sin<\/strong> \u00e9s el primer vi blanc sense alcohol elaborat a Gal\u00edcia amb ra\u00efm 100% Albari\u00f1o per la prestigiosa bodega Mart\u00edn C\u00f3dax. Despr\u00e9s d\u2019un proc\u00e9s d\u2019elaboraci\u00f3 tradicional i una delicada desalcoholitzaci\u00f3 per evaporaci\u00f3 al buit, aconsegueix preservar tota l\u2019ess\u00e8ncia arom\u00e0tica i la frescor del varietal. Amb notes c\u00edtriques, florals i una boca lleugera i equilibrada, \u00e9s ideal per maridar amb marisc, cuina asi\u00e0tica o plats vegetarians. Guardonat com a <strong data-start=\"460\" data-end=\"501\">Millor Vi Blanc Sense Alcohol del M\u00f3n<\/strong> al London Wine Competition 2025, \u00e9s una opci\u00f3 moderna i saludable sense renunciar al plaer del vi.<\/p>\n","protected":false},"featured_media":121818,"comment_status":"closed","ping_status":"closed","template":"","meta":{"_acf_changed":false},"pwb-brand":[],"product_brand":[],"product_cat":[51674,51676,51670,51672,51809],"product_tag":[52187],"class_list":{"0":"post-121821","1":"product","2":"type-product","3":"status-publish","4":"has-post-thumbnail","6":"product_cat-botiga","7":"product_cat-vega","8":"product_cat-vi","9":"product_cat-vi-blanc","10":"product_cat-vins-desalcoholitzats","11":"product_tag-marieta-sin","12":"pa_bodega-bodegasmartincodax","13":"pa_ecologico-vegano-natural-vega","14":"pa_formatoenml-38306","15":"pa_graduacion-sinalcohol-ca","16":"pa_pais-espanya-ca","17":"pa_variedad-principal-albarino-ca","18":"entry","19":"has-media","21":"first","22":"instock","23":"taxable","24":"shipping-taxable","25":"purchasable","26":"product-type-simple"},"acf":[],"yoast_head":"<!-- This site is optimized with the Yoast SEO Premium plugin v23.1 (Yoast SEO v23.5) - https:\/\/yoast.com\/wordpress\/plugins\/seo\/ -->\n<title>Marieta Sin<\/title>\n<meta name=\"description\" content=\"Comprar al millor preu el vi blanc desalcoholitzat Marieta Sin a M\u00f3n La Cata. Botiga especialitzada en vins, destil\u00b7lats, cerveses i alimentaci\u00f3 gurmet.\" \/>\n<meta name=\"robots\" content=\"noindex, follow, max-snippet:-1, max-image-preview:large, max-video-preview:-1\" \/>\n<meta property=\"og:locale\" content=\"ca_ES\" \/>\n<meta property=\"og:type\" content=\"article\" \/>\n<meta property=\"og:title\" content=\"Marieta Sin\" \/>\n<meta property=\"og:description\" content=\"Comprar al millor preu el vi blanc desalcoholitzat Marieta Sin a M\u00f3n La Cata. Botiga especialitzada en vins, destil\u00b7lats, cerveses i alimentaci\u00f3 gurmet.\" \/>\n<meta property=\"og:url\" content=\"https:\/\/aral2.cetrexmarketing.com\/ca\/producto\/marieta-sin\/\" \/>\n<meta property=\"og:site_name\" content=\"M\u00f3n La Cata\" \/>\n<meta property=\"article:modified_time\" content=\"2025-05-27T08:19:08+00:00\" \/>\n<meta property=\"og:image\" content=\"https:\/\/aral2.cetrexmarketing.com\/wp-content\/uploads\/2025\/05\/marieta-SIN-alcohol.png\" \/>\n\t<meta property=\"og:image:width\" content=\"765\" \/>\n\t<meta property=\"og:image:height\" content=\"1024\" \/>\n\t<meta property=\"og:image:type\" content=\"image\/png\" \/>\n<meta name=\"twitter:card\" content=\"summary_large_image\" \/>\n<meta name=\"twitter:label1\" content=\"Temps estimat de lectura\" \/>\n\t<meta name=\"twitter:data1\" content=\"3 minuts\" \/>\n<script type=\"application\/ld+json\" class=\"yoast-schema-graph\">{\"@context\":\"https:\/\/schema.org\",\"@graph\":[{\"@type\":\"WebPage\",\"@id\":\"https:\/\/aral2.cetrexmarketing.com\/ca\/producto\/marieta-sin\/\",\"url\":\"https:\/\/aral2.cetrexmarketing.com\/ca\/producto\/marieta-sin\/\",\"name\":\"Marieta Sin\",\"isPartOf\":{\"@id\":\"https:\/\/aral2.cetrexmarketing.com\/#website\"},\"primaryImageOfPage\":{\"@id\":\"https:\/\/aral2.cetrexmarketing.com\/ca\/producto\/marieta-sin\/#primaryimage\"},\"image\":{\"@id\":\"https:\/\/aral2.cetrexmarketing.com\/ca\/producto\/marieta-sin\/#primaryimage\"},\"thumbnailUrl\":\"https:\/\/aral2.cetrexmarketing.com\/wp-content\/uploads\/2025\/05\/marieta-SIN-alcohol.png\",\"datePublished\":\"2025-05-27T05:13:04+00:00\",\"dateModified\":\"2025-05-27T08:19:08+00:00\",\"description\":\"Comprar al millor preu el vi blanc desalcoholitzat Marieta Sin a M\u00f3n La Cata. Botiga especialitzada en vins, destil\u00b7lats, cerveses i alimentaci\u00f3 gurmet.\",\"breadcrumb\":{\"@id\":\"https:\/\/aral2.cetrexmarketing.com\/ca\/producto\/marieta-sin\/#breadcrumb\"},\"inLanguage\":\"ca\",\"potentialAction\":[{\"@type\":\"ReadAction\",\"target\":[\"https:\/\/aral2.cetrexmarketing.com\/ca\/producto\/marieta-sin\/\"]}]},{\"@type\":\"ImageObject\",\"inLanguage\":\"ca\",\"@id\":\"https:\/\/aral2.cetrexmarketing.com\/ca\/producto\/marieta-sin\/#primaryimage\",\"url\":\"https:\/\/aral2.cetrexmarketing.com\/wp-content\/uploads\/2025\/05\/marieta-SIN-alcohol.png\",\"contentUrl\":\"https:\/\/aral2.cetrexmarketing.com\/wp-content\/uploads\/2025\/05\/marieta-SIN-alcohol.png\",\"width\":765,\"height\":1024},{\"@type\":\"BreadcrumbList\",\"@id\":\"https:\/\/aral2.cetrexmarketing.com\/ca\/producto\/marieta-sin\/#breadcrumb\",\"itemListElement\":[{\"@type\":\"ListItem\",\"position\":1,\"name\":\"Home\",\"item\":\"https:\/\/aral2.cetrexmarketing.com\/ca\/\"},{\"@type\":\"ListItem\",\"position\":2,\"name\":\"Tienda\",\"item\":\"https:\/\/aral2.cetrexmarketing.com\/ca\/tienda-2\/\"},{\"@type\":\"ListItem\",\"position\":3,\"name\":\"Tienda\",\"item\":\"https:\/\/aral2.cetrexmarketing.com\/categoria-producto\/inicio\/\"},{\"@type\":\"ListItem\",\"position\":4,\"name\":\"Marieta Sin\"}]},{\"@type\":\"WebSite\",\"@id\":\"https:\/\/aral2.cetrexmarketing.com\/#website\",\"url\":\"https:\/\/aral2.cetrexmarketing.com\/\",\"name\":\"M\u00f3n La Cata\",\"description\":\"Tienda de vinos, licores, cervezas y gourmet\",\"publisher\":{\"@id\":\"https:\/\/aral2.cetrexmarketing.com\/#organization\"},\"potentialAction\":[{\"@type\":\"SearchAction\",\"target\":{\"@type\":\"EntryPoint\",\"urlTemplate\":\"https:\/\/aral2.cetrexmarketing.com\/?s={search_term_string}\"},\"query-input\":{\"@type\":\"PropertyValueSpecification\",\"valueRequired\":true,\"valueName\":\"search_term_string\"}}],\"inLanguage\":\"ca\"},{\"@type\":\"Organization\",\"@id\":\"https:\/\/aral2.cetrexmarketing.com\/#organization\",\"name\":\"M\u00f3n La Cata\",\"url\":\"https:\/\/aral2.cetrexmarketing.com\/\",\"logo\":{\"@type\":\"ImageObject\",\"inLanguage\":\"ca\",\"@id\":\"https:\/\/aral2.cetrexmarketing.com\/#\/schema\/logo\/image\/\",\"url\":\"https:\/\/aral2.cetrexmarketing.com\/wp-content\/uploads\/2024\/10\/aral-logo-neg-1024x409-1.png\",\"contentUrl\":\"https:\/\/aral2.cetrexmarketing.com\/wp-content\/uploads\/2024\/10\/aral-logo-neg-1024x409-1.png\",\"width\":1024,\"height\":409,\"caption\":\"M\u00f3n La Cata\"},\"image\":{\"@id\":\"https:\/\/aral2.cetrexmarketing.com\/#\/schema\/logo\/image\/\"}}]}<\/script>\n<!-- \/ Yoast SEO Premium plugin. -->","yoast_head_json":{"title":"Marieta Sin","description":"Comprar al millor preu el vi blanc desalcoholitzat Marieta Sin a M\u00f3n La Cata. Botiga especialitzada en vins, destil\u00b7lats, cerveses i alimentaci\u00f3 gurmet.","robots":{"index":"noindex","follow":"follow","max-snippet":"max-snippet:-1","max-image-preview":"max-image-preview:large","max-video-preview":"max-video-preview:-1"},"og_locale":"ca_ES","og_type":"article","og_title":"Marieta Sin","og_description":"Comprar al millor preu el vi blanc desalcoholitzat Marieta Sin a M\u00f3n La Cata. Botiga especialitzada en vins, destil\u00b7lats, cerveses i alimentaci\u00f3 gurmet.","og_url":"https:\/\/aral2.cetrexmarketing.com\/ca\/producto\/marieta-sin\/","og_site_name":"M\u00f3n La Cata","article_modified_time":"2025-05-27T08:19:08+00:00","og_image":[{"width":765,"height":1024,"url":"https:\/\/aral2.cetrexmarketing.com\/wp-content\/uploads\/2025\/05\/marieta-SIN-alcohol.png","type":"image\/png"}],"twitter_card":"summary_large_image","twitter_misc":{"Temps estimat de lectura":"3 minuts"},"schema":{"@context":"https:\/\/schema.org","@graph":[{"@type":"WebPage","@id":"https:\/\/aral2.cetrexmarketing.com\/ca\/producto\/marieta-sin\/","url":"https:\/\/aral2.cetrexmarketing.com\/ca\/producto\/marieta-sin\/","name":"Marieta Sin","isPartOf":{"@id":"https:\/\/aral2.cetrexmarketing.com\/#website"},"primaryImageOfPage":{"@id":"https:\/\/aral2.cetrexmarketing.com\/ca\/producto\/marieta-sin\/#primaryimage"},"image":{"@id":"https:\/\/aral2.cetrexmarketing.com\/ca\/producto\/marieta-sin\/#primaryimage"},"thumbnailUrl":"https:\/\/aral2.cetrexmarketing.com\/wp-content\/uploads\/2025\/05\/marieta-SIN-alcohol.png","datePublished":"2025-05-27T05:13:04+00:00","dateModified":"2025-05-27T08:19:08+00:00","description":"Comprar al millor preu el vi blanc desalcoholitzat Marieta Sin a M\u00f3n La Cata. Botiga especialitzada en vins, destil\u00b7lats, cerveses i alimentaci\u00f3 gurmet.","breadcrumb":{"@id":"https:\/\/aral2.cetrexmarketing.com\/ca\/producto\/marieta-sin\/#breadcrumb"},"inLanguage":"ca","potentialAction":[{"@type":"ReadAction","target":["https:\/\/aral2.cetrexmarketing.com\/ca\/producto\/marieta-sin\/"]}]},{"@type":"ImageObject","inLanguage":"ca","@id":"https:\/\/aral2.cetrexmarketing.com\/ca\/producto\/marieta-sin\/#primaryimage","url":"https:\/\/aral2.cetrexmarketing.com\/wp-content\/uploads\/2025\/05\/marieta-SIN-alcohol.png","contentUrl":"https:\/\/aral2.cetrexmarketing.com\/wp-content\/uploads\/2025\/05\/marieta-SIN-alcohol.png","width":765,"height":1024},{"@type":"BreadcrumbList","@id":"https:\/\/aral2.cetrexmarketing.com\/ca\/producto\/marieta-sin\/#breadcrumb","itemListElement":[{"@type":"ListItem","position":1,"name":"Home","item":"https:\/\/aral2.cetrexmarketing.com\/ca\/"},{"@type":"ListItem","position":2,"name":"Tienda","item":"https:\/\/aral2.cetrexmarketing.com\/ca\/tienda-2\/"},{"@type":"ListItem","position":3,"name":"Tienda","item":"https:\/\/aral2.cetrexmarketing.com\/categoria-producto\/inicio\/"},{"@type":"ListItem","position":4,"name":"Marieta Sin"}]},{"@type":"WebSite","@id":"https:\/\/aral2.cetrexmarketing.com\/#website","url":"https:\/\/aral2.cetrexmarketing.com\/","name":"M\u00f3n La Cata","description":"Tienda de vinos, licores, cervezas y gourmet","publisher":{"@id":"https:\/\/aral2.cetrexmarketing.com\/#organization"},"potentialAction":[{"@type":"SearchAction","target":{"@type":"EntryPoint","urlTemplate":"https:\/\/aral2.cetrexmarketing.com\/?s={search_term_string}"},"query-input":{"@type":"PropertyValueSpecification","valueRequired":true,"valueName":"search_term_string"}}],"inLanguage":"ca"},{"@type":"Organization","@id":"https:\/\/aral2.cetrexmarketing.com\/#organization","name":"M\u00f3n La Cata","url":"https:\/\/aral2.cetrexmarketing.com\/","logo":{"@type":"ImageObject","inLanguage":"ca","@id":"https:\/\/aral2.cetrexmarketing.com\/#\/schema\/logo\/image\/","url":"https:\/\/aral2.cetrexmarketing.com\/wp-content\/uploads\/2024\/10\/aral-logo-neg-1024x409-1.png","contentUrl":"https:\/\/aral2.cetrexmarketing.com\/wp-content\/uploads\/2024\/10\/aral-logo-neg-1024x409-1.png","width":1024,"height":409,"caption":"M\u00f3n La Cata"},"image":{"@id":"https:\/\/aral2.cetrexmarketing.com\/#\/schema\/logo\/image\/"}}]}},"brands":[],"_links":{"self":[{"href":"https:\/\/aral2.cetrexmarketing.com\/ca\/wp-json\/wp\/v2\/product\/121821","targetHints":{"allow":["GET"]}}],"collection":[{"href":"https:\/\/aral2.cetrexmarketing.com\/ca\/wp-json\/wp\/v2\/product"}],"about":[{"href":"https:\/\/aral2.cetrexmarketing.com\/ca\/wp-json\/wp\/v2\/types\/product"}],"replies":[{"embeddable":true,"href":"https:\/\/aral2.cetrexmarketing.com\/ca\/wp-json\/wp\/v2\/comments?post=121821"}],"wp:featuredmedia":[{"embeddable":true,"href":"https:\/\/aral2.cetrexmarketing.com\/ca\/wp-json\/wp\/v2\/media\/121818"}],"wp:attachment":[{"href":"https:\/\/aral2.cetrexmarketing.com\/ca\/wp-json\/wp\/v2\/media?parent=121821"}],"wp:term":[{"taxonomy":"pwb-brand","embeddable":true,"href":"https:\/\/aral2.cetrexmarketing.com\/ca\/wp-json\/wp\/v2\/pwb-brand?post=121821"},{"taxonomy":"product_brand","embeddable":true,"href":"https:\/\/aral2.cetrexmarketing.com\/ca\/wp-json\/wp\/v2\/product_brand?post=121821"},{"taxonomy":"product_cat","embeddable":true,"href":"https:\/\/aral2.cetrexmarketing.com\/ca\/wp-json\/wp\/v2\/product_cat?post=121821"},{"taxonomy":"product_tag","embeddable":true,"href":"https:\/\/aral2.cetrexmarketing.com\/ca\/wp-json\/wp\/v2\/product_tag?post=121821"}],"curies":[{"name":"wp","href":"https:\/\/api.w.org\/{rel}","templated":true}]}}